{"id":152711,"date":"2024-04-10T10:31:46","date_gmt":"2024-04-10T10:31:46","guid":{"rendered":"https:\/\/www.eliassen.nl\/?product=schilderij-3d-grote-roos-90x60cm"},"modified":"2026-01-07T13:35:28","modified_gmt":"2026-01-07T12:35:28","slug":"gemalde-3d-grosse-rose-90x60cm","status":"publish","type":"product","link":"https:\/\/www.eliassen.nl\/de\/gemalde-3d-grosse-rose-90x60cm\/","title":{"rendered":"Gem\u00e4lde 3d gro\u00dfe Rose 90x60cm"},"content":{"rendered":"<p>Versch\u00f6nern Sie Ihr Zuhause mit dieser farbenfrohen Wanddekoration in Form einer gro\u00dfen, roten Rose.  <br \/>Dieses 3D-Gem\u00e4lde aus Metall wird vollst\u00e4ndig von Hand gefertigt. Alles an dieser Wanddekoration ist aus Metall gefertigt, der Hintergrund und auch die Figur.<\/p>\n<p>Da es von Hand bemalt und hergestellt wird, kann die Farbe leicht vom Foto abweichen, sie sind nie genau gleich. Auf diesen etwas grob angefertigten Gem\u00e4lden kann es immer wieder zu weiteren kleinen Abweichungen kommen, die manchmal sogar absichtlich gemacht werden, um die harte Atmosph\u00e4re zu erreichen.<\/p>\n<p><strong>Auch von dieser Serie haben wir fast die gesamte Kollektion im Shop.  <\/strong><strong>Nirgendwo finden Sie eine so gro\u00dfe Sammlung. Sie sind herzlich willkommen.<\/strong><\/p>\n<ul>\n<li>  Gr\u00f6\u00dfe 60x90cm<\/li>\n<li>  Einfach mit 2 Schrauben aufzuh\u00e4ngen<\/li>\n<li> Schnelle Lieferung<\/li>\n<li>  Die gr\u00f6\u00dfte Sammlung in den Benelux-L\u00e4ndern, die Sie sich auch live ansehen k\u00f6nnen!<\/li>\n<\/ul>\n","protected":false},"excerpt":{"rendered":"<p>Bunte Metallmalerei mit 3d-Effekt. Gr\u00f6\u00dfe 60x90cm hoch.<\/p>\n","protected":false},"featured_media":152699,"template":"","meta":{"_acf_changed":false,"_genesis_title":"","_genesis_description":""},"product_brand":[7505],"product_cat":[419,440,410],"product_tag":[],"class_list":{"0":"post-152711","1":"product","2":"type-product","3":"status-publish","4":"has-post-thumbnail","6":"product_brand-sonstige","7":"product_cat-3d-gemaelde-aus-metall","8":"product_cat-andere-groessen-3d-gemaelde-aus-metall","9":"product_cat-gemaelde","11":"first","12":"instock","13":"taxable","14":"shipping-taxable","15":"purchasable","16":"product-type-simple"},"acf":[],"meta_all":{"total_sales":"1","wcml_sync_hash":{"postmeta_fields":"c0ea12bbe6fcd0fbb42d6c4dd768edbb"},"attr_label_translations":[]},"meta_all_flat":{"total_sales":"1","wcml_sync_hash.postmeta_fields":"c0ea12bbe6fcd0fbb42d6c4dd768edbb"},"yoast_head":"<!-- This site is optimized with the Yoast SEO Premium plugin v26.2 (Yoast SEO v27.2) - https:\/\/yoast.com\/product\/yoast-seo-premium-wordpress\/ -->\n<title>Gem\u00e4lde 3d gro\u00dfe Rose 90x60cm - Eliassen.nl<\/title>\n<meta name=\"description\" content=\"3d-Metallbild einer gro\u00dfen, roten Rose. Eine farbenfrohe Szene f\u00fcr die Wand. Gr\u00f6\u00dfe 60x90cm. Schnelle Lieferung.\" \/>\n<meta name=\"robots\" content=\"index, follow, max-snippet:-1, max-image-preview:large, max-video-preview:-1\" \/>\n<link rel=\"canonical\" href=\"https:\/\/www.eliassen.nl\/de\/gemalde-3d-grosse-rose-90x60cm\/\" \/>\n<meta property=\"og:locale\" content=\"de_DE\" \/>\n<meta property=\"og:type\" content=\"article\" \/>\n<meta property=\"og:title\" content=\"Sonstige Gem\u00e4lde 3d gro\u00dfe Rose 90x60cm - Eliassen.nl\" \/>\n<meta property=\"og:description\" content=\"3d-Metallbild einer gro\u00dfen, roten Rose. Eine farbenfrohe Szene f\u00fcr die Wand. Gr\u00f6\u00dfe 60x90cm. Schnelle Lieferung.\" \/>\n<meta property=\"og:url\" content=\"https:\/\/www.eliassen.nl\/de\/gemalde-3d-grosse-rose-90x60cm\/\" \/>\n<meta property=\"og:site_name\" content=\"Eliassen.nl\" \/>\n<meta property=\"article:publisher\" content=\"https:\/\/www.facebook.com\/TuincentrumEliassenAmmerzoden\" \/>\n<meta property=\"article:modified_time\" content=\"2026-01-07T12:35:28+00:00\" \/>\n<meta property=\"og:image\" content=\"https:\/\/www.eliassen.nl\/wp-content\/uploads\/2024\/10\/schilderij3dgroteroos90x60cm.jpg\" \/>\n\t<meta property=\"og:image:width\" content=\"555\" \/>\n\t<meta property=\"og:image:height\" content=\"861\" \/>\n\t<meta property=\"og:image:type\" content=\"image\/jpeg\" \/>\n<meta name=\"twitter:card\" content=\"summary_large_image\" \/>\n<script type=\"application\/ld+json\" class=\"yoast-schema-graph\">{\"@context\":\"https:\/\/schema.org\",\"@graph\":[{\"@type\":\"WebPage\",\"@id\":\"https:\/\/www.eliassen.nl\/de\/gemalde-3d-grosse-rose-90x60cm\/\",\"url\":\"https:\/\/www.eliassen.nl\/de\/gemalde-3d-grosse-rose-90x60cm\/\",\"name\":\"Gem\u00e4lde 3d gro\u00dfe Rose 90x60cm - Eliassen.nl\",\"isPartOf\":{\"@id\":\"https:\/\/www.eliassen.nl\/de\/#website\"},\"primaryImageOfPage\":{\"@id\":\"https:\/\/www.eliassen.nl\/de\/gemalde-3d-grosse-rose-90x60cm\/#primaryimage\"},\"image\":{\"@id\":\"https:\/\/www.eliassen.nl\/de\/gemalde-3d-grosse-rose-90x60cm\/#primaryimage\"},\"thumbnailUrl\":\"https:\/\/www.eliassen.nl\/wp-content\/uploads\/2024\/10\/schilderij3dgroteroos90x60cm.jpg\",\"datePublished\":\"2024-04-10T10:31:46+00:00\",\"dateModified\":\"2026-01-07T12:35:28+00:00\",\"description\":\"3d-Metallbild einer gro\u00dfen, roten Rose. Eine farbenfrohe Szene f\u00fcr die Wand. Gr\u00f6\u00dfe 60x90cm. Schnelle Lieferung.\",\"breadcrumb\":{\"@id\":\"https:\/\/www.eliassen.nl\/de\/gemalde-3d-grosse-rose-90x60cm\/#breadcrumb\"},\"inLanguage\":\"de\",\"potentialAction\":[{\"@type\":\"ReadAction\",\"target\":[\"https:\/\/www.eliassen.nl\/de\/gemalde-3d-grosse-rose-90x60cm\/\"]}]},{\"@type\":\"ImageObject\",\"inLanguage\":\"de\",\"@id\":\"https:\/\/www.eliassen.nl\/de\/gemalde-3d-grosse-rose-90x60cm\/#primaryimage\",\"url\":\"https:\/\/www.eliassen.nl\/wp-content\/uploads\/2024\/10\/schilderij3dgroteroos90x60cm.jpg\",\"contentUrl\":\"https:\/\/www.eliassen.nl\/wp-content\/uploads\/2024\/10\/schilderij3dgroteroos90x60cm.jpg\",\"width\":555,\"height\":861,\"caption\":\"painting-3d-large-rose-90x60cm\"},{\"@type\":\"BreadcrumbList\",\"@id\":\"https:\/\/www.eliassen.nl\/de\/gemalde-3d-grosse-rose-90x60cm\/#breadcrumb\",\"itemListElement\":[{\"@type\":\"ListItem\",\"position\":1,\"name\":\"Home\",\"item\":\"https:\/\/www.eliassen.nl\/de\/\"},{\"@type\":\"ListItem\",\"position\":2,\"name\":\"Shop\",\"item\":\"https:\/\/www.eliassen.nl\/de\/shop\/\"},{\"@type\":\"ListItem\",\"position\":3,\"name\":\"Gem\u00e4lde\",\"item\":\"https:\/\/www.eliassen.nl\/de\/gemaelde\/\"},{\"@type\":\"ListItem\",\"position\":4,\"name\":\"3D Gem\u00e4lde aus Metall\",\"item\":\"https:\/\/www.eliassen.nl\/de\/gemaelde\/3d-gemaelde-aus-metall\/\"},{\"@type\":\"ListItem\",\"position\":5,\"name\":\"Andere Gr\u00f6\u00dfen 3D-Gem\u00e4lde aus Metall\",\"item\":\"https:\/\/www.eliassen.nl\/de\/gemaelde\/3d-gemaelde-aus-metall\/andere-groessen-3d-gemaelde-aus-metall\/\"},{\"@type\":\"ListItem\",\"position\":6,\"name\":\"Gem\u00e4lde 3d gro\u00dfe Rose 90x60cm\"}]},{\"@type\":\"WebSite\",\"@id\":\"https:\/\/www.eliassen.nl\/de\/#website\",\"url\":\"https:\/\/www.eliassen.nl\/de\/\",\"name\":\"Eliassen Home & Garden Pleasure\",\"description\":\"\",\"publisher\":{\"@id\":\"https:\/\/www.eliassen.nl\/de\/#organization\"},\"alternateName\":\"Eliassen.nl\",\"potentialAction\":[{\"@type\":\"SearchAction\",\"target\":{\"@type\":\"EntryPoint\",\"urlTemplate\":\"https:\/\/www.eliassen.nl\/de\/?s={search_term_string}\"},\"query-input\":{\"@type\":\"PropertyValueSpecification\",\"valueRequired\":true,\"valueName\":\"search_term_string\"}}],\"inLanguage\":\"de\"},{\"@type\":[\"Organization\",\"Place\"],\"@id\":\"https:\/\/www.eliassen.nl\/de\/#organization\",\"name\":\"Eliassen Home & Garden Pleasure\",\"url\":\"https:\/\/www.eliassen.nl\/de\/\",\"logo\":{\"@id\":\"https:\/\/www.eliassen.nl\/de\/gemalde-3d-grosse-rose-90x60cm\/#local-main-organization-logo\"},\"image\":{\"@id\":\"https:\/\/www.eliassen.nl\/de\/gemalde-3d-grosse-rose-90x60cm\/#local-main-organization-logo\"},\"sameAs\":[\"https:\/\/www.facebook.com\/TuincentrumEliassenAmmerzoden\",\"https:\/\/www.instagram.com\/eliassenhomeandgarden\/\",\"https:\/\/nl.pinterest.com\/eliassenhomeandgarden\/\",\"https:\/\/www.youtube.com\/@eliassenhomegardenpleasure4558\"],\"telephone\":[],\"openingHoursSpecification\":[{\"@type\":\"OpeningHoursSpecification\",\"dayOfWeek\":[\"Monday\",\"Tuesday\",\"Wednesday\",\"Thursday\",\"Friday\",\"Saturday\",\"Sunday\"],\"opens\":\"09:00\",\"closes\":\"17:00\"}]},{\"@type\":\"ImageObject\",\"inLanguage\":\"de\",\"@id\":\"https:\/\/www.eliassen.nl\/de\/gemalde-3d-grosse-rose-90x60cm\/#local-main-organization-logo\",\"url\":\"https:\/\/www.eliassen.nl\/wp-content\/uploads\/2024\/01\/logo_4nd.jpg\",\"contentUrl\":\"https:\/\/www.eliassen.nl\/wp-content\/uploads\/2024\/01\/logo_4nd.jpg\",\"width\":500,\"height\":500,\"caption\":\"Eliassen Home & Garden Pleasure\"}]}<\/script>\n<meta property=\"product:price:amount\" content=\"169.00\" \/>\n<meta property=\"product:price:currency\" content=\"EUR\" \/>\n<meta property=\"og:availability\" content=\"instock\" \/>\n<meta property=\"product:availability\" content=\"instock\" \/>\n<meta property=\"product:retailer_item_id\" content=\"340089\" \/>\n<meta property=\"product:condition\" content=\"new\" \/>\n<!-- \/ Yoast SEO Premium plugin. -->","yoast_head_json":{"title":"Gem\u00e4lde 3d gro\u00dfe Rose 90x60cm - Eliassen.nl","description":"3d-Metallbild einer gro\u00dfen, roten Rose. Eine farbenfrohe Szene f\u00fcr die Wand. Gr\u00f6\u00dfe 60x90cm. Schnelle Lieferung.","robots":{"index":"index","follow":"follow","max-snippet":"max-snippet:-1","max-image-preview":"max-image-preview:large","max-video-preview":"max-video-preview:-1"},"canonical":"https:\/\/www.eliassen.nl\/de\/gemalde-3d-grosse-rose-90x60cm\/","og_locale":"de_DE","og_type":"article","og_title":"Sonstige Gem\u00e4lde 3d gro\u00dfe Rose 90x60cm - Eliassen.nl","og_description":"3d-Metallbild einer gro\u00dfen, roten Rose. Eine farbenfrohe Szene f\u00fcr die Wand. Gr\u00f6\u00dfe 60x90cm. Schnelle Lieferung.","og_url":"https:\/\/www.eliassen.nl\/de\/gemalde-3d-grosse-rose-90x60cm\/","og_site_name":"Eliassen.nl","article_publisher":"https:\/\/www.facebook.com\/TuincentrumEliassenAmmerzoden","article_modified_time":"2026-01-07T12:35:28+00:00","og_image":[{"width":555,"height":861,"url":"https:\/\/www.eliassen.nl\/wp-content\/uploads\/2024\/10\/schilderij3dgroteroos90x60cm.jpg","type":"image\/jpeg"}],"twitter_card":"summary_large_image","schema":{"@context":"https:\/\/schema.org","@graph":[{"@type":"WebPage","@id":"https:\/\/www.eliassen.nl\/de\/gemalde-3d-grosse-rose-90x60cm\/","url":"https:\/\/www.eliassen.nl\/de\/gemalde-3d-grosse-rose-90x60cm\/","name":"Gem\u00e4lde 3d gro\u00dfe Rose 90x60cm - Eliassen.nl","isPartOf":{"@id":"https:\/\/www.eliassen.nl\/de\/#website"},"primaryImageOfPage":{"@id":"https:\/\/www.eliassen.nl\/de\/gemalde-3d-grosse-rose-90x60cm\/#primaryimage"},"image":{"@id":"https:\/\/www.eliassen.nl\/de\/gemalde-3d-grosse-rose-90x60cm\/#primaryimage"},"thumbnailUrl":"https:\/\/www.eliassen.nl\/wp-content\/uploads\/2024\/10\/schilderij3dgroteroos90x60cm.jpg","datePublished":"2024-04-10T10:31:46+00:00","dateModified":"2026-01-07T12:35:28+00:00","description":"3d-Metallbild einer gro\u00dfen, roten Rose. Eine farbenfrohe Szene f\u00fcr die Wand. Gr\u00f6\u00dfe 60x90cm. Schnelle Lieferung.","breadcrumb":{"@id":"https:\/\/www.eliassen.nl\/de\/gemalde-3d-grosse-rose-90x60cm\/#breadcrumb"},"inLanguage":"de","potentialAction":[{"@type":"ReadAction","target":["https:\/\/www.eliassen.nl\/de\/gemalde-3d-grosse-rose-90x60cm\/"]}]},{"@type":"ImageObject","inLanguage":"de","@id":"https:\/\/www.eliassen.nl\/de\/gemalde-3d-grosse-rose-90x60cm\/#primaryimage","url":"https:\/\/www.eliassen.nl\/wp-content\/uploads\/2024\/10\/schilderij3dgroteroos90x60cm.jpg","contentUrl":"https:\/\/www.eliassen.nl\/wp-content\/uploads\/2024\/10\/schilderij3dgroteroos90x60cm.jpg","width":555,"height":861,"caption":"painting-3d-large-rose-90x60cm"},{"@type":"BreadcrumbList","@id":"https:\/\/www.eliassen.nl\/de\/gemalde-3d-grosse-rose-90x60cm\/#breadcrumb","itemListElement":[{"@type":"ListItem","position":1,"name":"Home","item":"https:\/\/www.eliassen.nl\/de\/"},{"@type":"ListItem","position":2,"name":"Shop","item":"https:\/\/www.eliassen.nl\/de\/shop\/"},{"@type":"ListItem","position":3,"name":"Gem\u00e4lde","item":"https:\/\/www.eliassen.nl\/de\/gemaelde\/"},{"@type":"ListItem","position":4,"name":"3D Gem\u00e4lde aus Metall","item":"https:\/\/www.eliassen.nl\/de\/gemaelde\/3d-gemaelde-aus-metall\/"},{"@type":"ListItem","position":5,"name":"Andere Gr\u00f6\u00dfen 3D-Gem\u00e4lde aus Metall","item":"https:\/\/www.eliassen.nl\/de\/gemaelde\/3d-gemaelde-aus-metall\/andere-groessen-3d-gemaelde-aus-metall\/"},{"@type":"ListItem","position":6,"name":"Gem\u00e4lde 3d gro\u00dfe Rose 90x60cm"}]},{"@type":"WebSite","@id":"https:\/\/www.eliassen.nl\/de\/#website","url":"https:\/\/www.eliassen.nl\/de\/","name":"Eliassen Home & Garden Pleasure","description":"","publisher":{"@id":"https:\/\/www.eliassen.nl\/de\/#organization"},"alternateName":"Eliassen.nl","potentialAction":[{"@type":"SearchAction","target":{"@type":"EntryPoint","urlTemplate":"https:\/\/www.eliassen.nl\/de\/?s={search_term_string}"},"query-input":{"@type":"PropertyValueSpecification","valueRequired":true,"valueName":"search_term_string"}}],"inLanguage":"de"},{"@type":["Organization","Place"],"@id":"https:\/\/www.eliassen.nl\/de\/#organization","name":"Eliassen Home & Garden Pleasure","url":"https:\/\/www.eliassen.nl\/de\/","logo":{"@id":"https:\/\/www.eliassen.nl\/de\/gemalde-3d-grosse-rose-90x60cm\/#local-main-organization-logo"},"image":{"@id":"https:\/\/www.eliassen.nl\/de\/gemalde-3d-grosse-rose-90x60cm\/#local-main-organization-logo"},"sameAs":["https:\/\/www.facebook.com\/TuincentrumEliassenAmmerzoden","https:\/\/www.instagram.com\/eliassenhomeandgarden\/","https:\/\/nl.pinterest.com\/eliassenhomeandgarden\/","https:\/\/www.youtube.com\/@eliassenhomegardenpleasure4558"],"telephone":[],"openingHoursSpecification":[{"@type":"OpeningHoursSpecification","dayOfWeek":["Monday","Tuesday","Wednesday","Thursday","Friday","Saturday","Sunday"],"opens":"09:00","closes":"17:00"}]},{"@type":"ImageObject","inLanguage":"de","@id":"https:\/\/www.eliassen.nl\/de\/gemalde-3d-grosse-rose-90x60cm\/#local-main-organization-logo","url":"https:\/\/www.eliassen.nl\/wp-content\/uploads\/2024\/01\/logo_4nd.jpg","contentUrl":"https:\/\/www.eliassen.nl\/wp-content\/uploads\/2024\/01\/logo_4nd.jpg","width":500,"height":500,"caption":"Eliassen Home & Garden Pleasure"}]},"product_price_amount":"169.00","product_price_currency":"EUR","og_availability":"instock","product_availability":"instock","product_retailer_item_id":"340089","product_condition":"new"},"df_price":169,"df_sale_price":"","df_regular_price":169,"df_image_link":"https:\/\/www.eliassen.nl\/wp-content\/uploads\/2024\/10\/schilderij3dgroteroos90x60cm.jpg","image":"https:\/\/www.eliassen.nl\/wp-content\/uploads\/2024\/10\/schilderij3dgroteroos90x60cm.jpg","price_search":"<span class=\"woocommerce-Price-amount amount\"><bdi><span class=\"woocommerce-Price-currencySymbol\">&euro;<\/span>&nbsp;169,00<\/bdi><\/span>","category":"3D Gem\u00e4lde aus Metall","global_unique_id":"6096525117174","_links":{"self":[{"href":"https:\/\/www.eliassen.nl\/de\/wp-json\/wp\/v2\/product\/152711","targetHints":{"allow":["GET"]}}],"collection":[{"href":"https:\/\/www.eliassen.nl\/de\/wp-json\/wp\/v2\/product"}],"about":[{"href":"https:\/\/www.eliassen.nl\/de\/wp-json\/wp\/v2\/types\/product"}],"wp:featuredmedia":[{"embeddable":true,"href":"https:\/\/www.eliassen.nl\/de\/wp-json\/wp\/v2\/media\/152699"}],"wp:attachment":[{"href":"https:\/\/www.eliassen.nl\/de\/wp-json\/wp\/v2\/media?parent=152711"}],"wp:term":[{"taxonomy":"product_brand","embeddable":true,"href":"https:\/\/www.eliassen.nl\/de\/wp-json\/wp\/v2\/product_brand?post=152711"},{"taxonomy":"product_cat","embeddable":true,"href":"https:\/\/www.eliassen.nl\/de\/wp-json\/wp\/v2\/product_cat?post=152711"},{"taxonomy":"product_tag","embeddable":true,"href":"https:\/\/www.eliassen.nl\/de\/wp-json\/wp\/v2\/product_tag?post=152711"}],"curies":[{"name":"wp","href":"https:\/\/api.w.org\/{rel}","templated":true}]}}