{"id":152627,"date":"2024-04-10T10:11:40","date_gmt":"2024-04-10T10:11:40","guid":{"rendered":"https:\/\/www.eliassen.nl\/?product=schilderij-3d-metaal-grote-rode-bloemen-120x60cm"},"modified":"2026-01-07T13:36:22","modified_gmt":"2026-01-07T12:36:22","slug":"malerei-3d-metall-grosse-rote-blumen-120x60cm","status":"publish","type":"product","link":"https:\/\/www.eliassen.nl\/de\/malerei-3d-metall-grosse-rote-blumen-120x60cm\/","title":{"rendered":"Malerei 3D Metall Gro\u00dfe rote Blumen 120x60cm"},"content":{"rendered":"<p>Metallgem\u00e4lde, das eine Reihe roter Blumen auf einem ruhigen Hintergrund darstellt. Das Bild wurde aus einzelnen Metallst\u00fccken gefertigt, die alle von Hand zusammengeschwei\u00dft wurden, um einen optimalen 3D-Effekt zu erzielen. Ein sch\u00f6nes St\u00fcck Wanddekoration f\u00fcr Ihr Zuhause, drau\u00dfen unter einem Vordach oder in Ihrem Gesch\u00e4ft. Die Farben und das allgemeine Erscheinungsbild k\u00f6nnen vom Foto abweichen, da der gesamte Artikel von Menschenhand gefertigt wurde.<\/p>\n<p><strong>Praktisch alle Metallbilder dieser Serie k\u00f6nnen Sie auch live in unserem Gesch\u00e4ft besichtigen.<\/strong><\/p>\n<ul>\n<li>Gr\u00f6\u00dfe: 120x60cm<\/li>\n<li>Material: lackiertes Metall<\/li>\n<li>Einfach mit 2 Schrauben aufzuh\u00e4ngen<\/li>\n<li>F\u00fcr drinnen oder drau\u00dfen unter Schutz<\/li>\n<li>Garantie 1 Jahr<\/li>\n<\/ul>\n","protected":false},"excerpt":{"rendered":"<p>Bunte Metall-3D-Malerei. Gr\u00f6\u00dfe 120x60cm hoch.<\/p>\n","protected":false},"featured_media":152618,"template":"","meta":{"_acf_changed":false,"_genesis_title":"","_genesis_description":""},"product_brand":[7505],"product_cat":[419,431,410],"product_tag":[],"class_list":{"0":"post-152627","1":"product","2":"type-product","3":"status-publish","4":"has-post-thumbnail","6":"product_brand-sonstige","7":"product_cat-3d-schilderijen-van-metaal","8":"product_cat-3d-metallbilder-im-format-60x120cm","9":"product_cat-gemaelde","11":"first","12":"instock","13":"taxable","14":"shipping-taxable","15":"purchasable","16":"product-type-simple"},"acf":[],"meta_all":{"wcml_sync_hash":{"postmeta_fields":"9367243d84578e74bfd1e100f0e589a6"},"attr_label_translations":[],"total_sales":"1"},"meta_all_flat":{"wcml_sync_hash.postmeta_fields":"9367243d84578e74bfd1e100f0e589a6","total_sales":"1"},"yoast_head":"<!-- This site is optimized with the Yoast SEO Premium plugin v26.2 (Yoast SEO v27.2) - https:\/\/yoast.com\/product\/yoast-seo-premium-wordpress\/ -->\n<title>Malerei 3D Metall Gro\u00dfe rote Blumen 120x60cm - Eliassen.nl<\/title>\n<meta name=\"description\" content=\"Suchen Sie nach einem l\u00e4nglichen 3d-Metallbild? diese h\u00fcbschen, roten Blumen bringen die Umgebung zum Strahlen. Schnelle Lieferung. 120x60cm hoch.\" \/>\n<meta name=\"robots\" content=\"index, follow, max-snippet:-1, max-image-preview:large, max-video-preview:-1\" \/>\n<link rel=\"canonical\" href=\"https:\/\/www.eliassen.nl\/de\/malerei-3d-metall-grosse-rote-blumen-120x60cm\/\" \/>\n<meta property=\"og:locale\" content=\"de_DE\" \/>\n<meta property=\"og:type\" content=\"article\" \/>\n<meta property=\"og:title\" content=\"Sonstige Malerei 3D Metall Gro\u00dfe rote Blumen 120x60cm - Eliassen.nl\" \/>\n<meta property=\"og:description\" content=\"Suchen Sie nach einem l\u00e4nglichen 3d-Metallbild? diese h\u00fcbschen, roten Blumen bringen die Umgebung zum Strahlen. Schnelle Lieferung. 120x60cm hoch.\" \/>\n<meta property=\"og:url\" content=\"https:\/\/www.eliassen.nl\/de\/malerei-3d-metall-grosse-rote-blumen-120x60cm\/\" \/>\n<meta property=\"og:site_name\" content=\"Eliassen.nl\" \/>\n<meta property=\"article:publisher\" content=\"https:\/\/www.facebook.com\/TuincentrumEliassenAmmerzoden\" \/>\n<meta property=\"article:modified_time\" content=\"2026-01-07T12:36:22+00:00\" \/>\n<meta property=\"og:image\" content=\"https:\/\/www.eliassen.nl\/wp-content\/uploads\/2024\/10\/schilderij3dgroterodebloemeneliassennl340061.jpg\" \/>\n\t<meta property=\"og:image:width\" content=\"1200\" \/>\n\t<meta property=\"og:image:height\" content=\"900\" \/>\n\t<meta property=\"og:image:type\" content=\"image\/jpeg\" \/>\n<meta name=\"twitter:card\" content=\"summary_large_image\" \/>\n<script type=\"application\/ld+json\" class=\"yoast-schema-graph\">{\"@context\":\"https:\/\/schema.org\",\"@graph\":[{\"@type\":\"WebPage\",\"@id\":\"https:\/\/www.eliassen.nl\/de\/malerei-3d-metall-grosse-rote-blumen-120x60cm\/\",\"url\":\"https:\/\/www.eliassen.nl\/de\/malerei-3d-metall-grosse-rote-blumen-120x60cm\/\",\"name\":\"Malerei 3D Metall Gro\u00dfe rote Blumen 120x60cm - Eliassen.nl\",\"isPartOf\":{\"@id\":\"https:\/\/www.eliassen.nl\/de\/#website\"},\"primaryImageOfPage\":{\"@id\":\"https:\/\/www.eliassen.nl\/de\/malerei-3d-metall-grosse-rote-blumen-120x60cm\/#primaryimage\"},\"image\":{\"@id\":\"https:\/\/www.eliassen.nl\/de\/malerei-3d-metall-grosse-rote-blumen-120x60cm\/#primaryimage\"},\"thumbnailUrl\":\"https:\/\/www.eliassen.nl\/wp-content\/uploads\/2024\/10\/schilderij3dgroterodebloemeneliassennl340061.jpg\",\"datePublished\":\"2024-04-10T10:11:40+00:00\",\"dateModified\":\"2026-01-07T12:36:22+00:00\",\"description\":\"Suchen Sie nach einem l\u00e4nglichen 3d-Metallbild? diese h\u00fcbschen, roten Blumen bringen die Umgebung zum Strahlen. Schnelle Lieferung. 120x60cm hoch.\",\"breadcrumb\":{\"@id\":\"https:\/\/www.eliassen.nl\/de\/malerei-3d-metall-grosse-rote-blumen-120x60cm\/#breadcrumb\"},\"inLanguage\":\"de\",\"potentialAction\":[{\"@type\":\"ReadAction\",\"target\":[\"https:\/\/www.eliassen.nl\/de\/malerei-3d-metall-grosse-rote-blumen-120x60cm\/\"]}]},{\"@type\":\"ImageObject\",\"inLanguage\":\"de\",\"@id\":\"https:\/\/www.eliassen.nl\/de\/malerei-3d-metall-grosse-rote-blumen-120x60cm\/#primaryimage\",\"url\":\"https:\/\/www.eliassen.nl\/wp-content\/uploads\/2024\/10\/schilderij3dgroterodebloemeneliassennl340061.jpg\",\"contentUrl\":\"https:\/\/www.eliassen.nl\/wp-content\/uploads\/2024\/10\/schilderij3dgroterodebloemeneliassennl340061.jpg\",\"width\":1200,\"height\":900,\"caption\":\"Gem\u00e4lde 3d Gro\u00dfe rote Blumen Eliassen.nl 340061\"},{\"@type\":\"BreadcrumbList\",\"@id\":\"https:\/\/www.eliassen.nl\/de\/malerei-3d-metall-grosse-rote-blumen-120x60cm\/#breadcrumb\",\"itemListElement\":[{\"@type\":\"ListItem\",\"position\":1,\"name\":\"Home\",\"item\":\"https:\/\/www.eliassen.nl\/de\/\"},{\"@type\":\"ListItem\",\"position\":2,\"name\":\"Shop\",\"item\":\"https:\/\/www.eliassen.nl\/de\/shop\/\"},{\"@type\":\"ListItem\",\"position\":3,\"name\":\"Gem\u00e4lde\",\"item\":\"https:\/\/www.eliassen.nl\/de\/gemaelde\/\"},{\"@type\":\"ListItem\",\"position\":4,\"name\":\"3D metalen schilderijen\",\"item\":\"https:\/\/www.eliassen.nl\/de\/gemaelde\/3d-gemaelde-aus-metall\/\"},{\"@type\":\"ListItem\",\"position\":5,\"name\":\"3D-Metallbilder im Format 60x120cm\",\"item\":\"https:\/\/www.eliassen.nl\/de\/gemaelde\/3d-gemaelde-aus-metall\/3d-metallbilder-im-format-60x120cm\/\"},{\"@type\":\"ListItem\",\"position\":6,\"name\":\"Malerei 3D Metall Gro\u00dfe rote Blumen 120x60cm\"}]},{\"@type\":\"WebSite\",\"@id\":\"https:\/\/www.eliassen.nl\/de\/#website\",\"url\":\"https:\/\/www.eliassen.nl\/de\/\",\"name\":\"Eliassen Home & Garden Pleasure\",\"description\":\"\",\"publisher\":{\"@id\":\"https:\/\/www.eliassen.nl\/de\/#organization\"},\"alternateName\":\"Eliassen.nl\",\"potentialAction\":[{\"@type\":\"SearchAction\",\"target\":{\"@type\":\"EntryPoint\",\"urlTemplate\":\"https:\/\/www.eliassen.nl\/de\/?s={search_term_string}\"},\"query-input\":{\"@type\":\"PropertyValueSpecification\",\"valueRequired\":true,\"valueName\":\"search_term_string\"}}],\"inLanguage\":\"de\"},{\"@type\":[\"Organization\",\"Place\"],\"@id\":\"https:\/\/www.eliassen.nl\/de\/#organization\",\"name\":\"Eliassen Home & Garden Pleasure\",\"url\":\"https:\/\/www.eliassen.nl\/de\/\",\"logo\":{\"@id\":\"https:\/\/www.eliassen.nl\/de\/malerei-3d-metall-grosse-rote-blumen-120x60cm\/#local-main-organization-logo\"},\"image\":{\"@id\":\"https:\/\/www.eliassen.nl\/de\/malerei-3d-metall-grosse-rote-blumen-120x60cm\/#local-main-organization-logo\"},\"sameAs\":[\"https:\/\/www.facebook.com\/TuincentrumEliassenAmmerzoden\",\"https:\/\/www.instagram.com\/eliassenhomeandgarden\/\",\"https:\/\/nl.pinterest.com\/eliassenhomeandgarden\/\",\"https:\/\/www.youtube.com\/@eliassenhomegardenpleasure4558\"],\"telephone\":[],\"openingHoursSpecification\":[{\"@type\":\"OpeningHoursSpecification\",\"dayOfWeek\":[\"Monday\",\"Tuesday\",\"Wednesday\",\"Thursday\",\"Friday\",\"Saturday\",\"Sunday\"],\"opens\":\"09:00\",\"closes\":\"17:00\"}]},{\"@type\":\"ImageObject\",\"inLanguage\":\"de\",\"@id\":\"https:\/\/www.eliassen.nl\/de\/malerei-3d-metall-grosse-rote-blumen-120x60cm\/#local-main-organization-logo\",\"url\":\"https:\/\/www.eliassen.nl\/wp-content\/uploads\/2024\/01\/logo_4nd.jpg\",\"contentUrl\":\"https:\/\/www.eliassen.nl\/wp-content\/uploads\/2024\/01\/logo_4nd.jpg\",\"width\":500,\"height\":500,\"caption\":\"Eliassen Home & Garden Pleasure\"}]}<\/script>\n<meta property=\"product:price:amount\" content=\"189.00\" \/>\n<meta property=\"product:price:currency\" content=\"EUR\" \/>\n<meta property=\"og:availability\" content=\"instock\" \/>\n<meta property=\"product:availability\" content=\"instock\" \/>\n<meta property=\"product:retailer_item_id\" content=\"340061\" \/>\n<meta property=\"product:condition\" content=\"new\" \/>\n<!-- \/ Yoast SEO Premium plugin. -->","yoast_head_json":{"title":"Malerei 3D Metall Gro\u00dfe rote Blumen 120x60cm - Eliassen.nl","description":"Suchen Sie nach einem l\u00e4nglichen 3d-Metallbild? diese h\u00fcbschen, roten Blumen bringen die Umgebung zum Strahlen. Schnelle Lieferung. 120x60cm hoch.","robots":{"index":"index","follow":"follow","max-snippet":"max-snippet:-1","max-image-preview":"max-image-preview:large","max-video-preview":"max-video-preview:-1"},"canonical":"https:\/\/www.eliassen.nl\/de\/malerei-3d-metall-grosse-rote-blumen-120x60cm\/","og_locale":"de_DE","og_type":"article","og_title":"Sonstige Malerei 3D Metall Gro\u00dfe rote Blumen 120x60cm - Eliassen.nl","og_description":"Suchen Sie nach einem l\u00e4nglichen 3d-Metallbild? diese h\u00fcbschen, roten Blumen bringen die Umgebung zum Strahlen. Schnelle Lieferung. 120x60cm hoch.","og_url":"https:\/\/www.eliassen.nl\/de\/malerei-3d-metall-grosse-rote-blumen-120x60cm\/","og_site_name":"Eliassen.nl","article_publisher":"https:\/\/www.facebook.com\/TuincentrumEliassenAmmerzoden","article_modified_time":"2026-01-07T12:36:22+00:00","og_image":[{"width":1200,"height":900,"url":"https:\/\/www.eliassen.nl\/wp-content\/uploads\/2024\/10\/schilderij3dgroterodebloemeneliassennl340061.jpg","type":"image\/jpeg"}],"twitter_card":"summary_large_image","schema":{"@context":"https:\/\/schema.org","@graph":[{"@type":"WebPage","@id":"https:\/\/www.eliassen.nl\/de\/malerei-3d-metall-grosse-rote-blumen-120x60cm\/","url":"https:\/\/www.eliassen.nl\/de\/malerei-3d-metall-grosse-rote-blumen-120x60cm\/","name":"Malerei 3D Metall Gro\u00dfe rote Blumen 120x60cm - Eliassen.nl","isPartOf":{"@id":"https:\/\/www.eliassen.nl\/de\/#website"},"primaryImageOfPage":{"@id":"https:\/\/www.eliassen.nl\/de\/malerei-3d-metall-grosse-rote-blumen-120x60cm\/#primaryimage"},"image":{"@id":"https:\/\/www.eliassen.nl\/de\/malerei-3d-metall-grosse-rote-blumen-120x60cm\/#primaryimage"},"thumbnailUrl":"https:\/\/www.eliassen.nl\/wp-content\/uploads\/2024\/10\/schilderij3dgroterodebloemeneliassennl340061.jpg","datePublished":"2024-04-10T10:11:40+00:00","dateModified":"2026-01-07T12:36:22+00:00","description":"Suchen Sie nach einem l\u00e4nglichen 3d-Metallbild? diese h\u00fcbschen, roten Blumen bringen die Umgebung zum Strahlen. Schnelle Lieferung. 120x60cm hoch.","breadcrumb":{"@id":"https:\/\/www.eliassen.nl\/de\/malerei-3d-metall-grosse-rote-blumen-120x60cm\/#breadcrumb"},"inLanguage":"de","potentialAction":[{"@type":"ReadAction","target":["https:\/\/www.eliassen.nl\/de\/malerei-3d-metall-grosse-rote-blumen-120x60cm\/"]}]},{"@type":"ImageObject","inLanguage":"de","@id":"https:\/\/www.eliassen.nl\/de\/malerei-3d-metall-grosse-rote-blumen-120x60cm\/#primaryimage","url":"https:\/\/www.eliassen.nl\/wp-content\/uploads\/2024\/10\/schilderij3dgroterodebloemeneliassennl340061.jpg","contentUrl":"https:\/\/www.eliassen.nl\/wp-content\/uploads\/2024\/10\/schilderij3dgroterodebloemeneliassennl340061.jpg","width":1200,"height":900,"caption":"Gem\u00e4lde 3d Gro\u00dfe rote Blumen Eliassen.nl 340061"},{"@type":"BreadcrumbList","@id":"https:\/\/www.eliassen.nl\/de\/malerei-3d-metall-grosse-rote-blumen-120x60cm\/#breadcrumb","itemListElement":[{"@type":"ListItem","position":1,"name":"Home","item":"https:\/\/www.eliassen.nl\/de\/"},{"@type":"ListItem","position":2,"name":"Shop","item":"https:\/\/www.eliassen.nl\/de\/shop\/"},{"@type":"ListItem","position":3,"name":"Gem\u00e4lde","item":"https:\/\/www.eliassen.nl\/de\/gemaelde\/"},{"@type":"ListItem","position":4,"name":"3D metalen schilderijen","item":"https:\/\/www.eliassen.nl\/de\/gemaelde\/3d-gemaelde-aus-metall\/"},{"@type":"ListItem","position":5,"name":"3D-Metallbilder im Format 60x120cm","item":"https:\/\/www.eliassen.nl\/de\/gemaelde\/3d-gemaelde-aus-metall\/3d-metallbilder-im-format-60x120cm\/"},{"@type":"ListItem","position":6,"name":"Malerei 3D Metall Gro\u00dfe rote Blumen 120x60cm"}]},{"@type":"WebSite","@id":"https:\/\/www.eliassen.nl\/de\/#website","url":"https:\/\/www.eliassen.nl\/de\/","name":"Eliassen Home & Garden Pleasure","description":"","publisher":{"@id":"https:\/\/www.eliassen.nl\/de\/#organization"},"alternateName":"Eliassen.nl","potentialAction":[{"@type":"SearchAction","target":{"@type":"EntryPoint","urlTemplate":"https:\/\/www.eliassen.nl\/de\/?s={search_term_string}"},"query-input":{"@type":"PropertyValueSpecification","valueRequired":true,"valueName":"search_term_string"}}],"inLanguage":"de"},{"@type":["Organization","Place"],"@id":"https:\/\/www.eliassen.nl\/de\/#organization","name":"Eliassen Home & Garden Pleasure","url":"https:\/\/www.eliassen.nl\/de\/","logo":{"@id":"https:\/\/www.eliassen.nl\/de\/malerei-3d-metall-grosse-rote-blumen-120x60cm\/#local-main-organization-logo"},"image":{"@id":"https:\/\/www.eliassen.nl\/de\/malerei-3d-metall-grosse-rote-blumen-120x60cm\/#local-main-organization-logo"},"sameAs":["https:\/\/www.facebook.com\/TuincentrumEliassenAmmerzoden","https:\/\/www.instagram.com\/eliassenhomeandgarden\/","https:\/\/nl.pinterest.com\/eliassenhomeandgarden\/","https:\/\/www.youtube.com\/@eliassenhomegardenpleasure4558"],"telephone":[],"openingHoursSpecification":[{"@type":"OpeningHoursSpecification","dayOfWeek":["Monday","Tuesday","Wednesday","Thursday","Friday","Saturday","Sunday"],"opens":"09:00","closes":"17:00"}]},{"@type":"ImageObject","inLanguage":"de","@id":"https:\/\/www.eliassen.nl\/de\/malerei-3d-metall-grosse-rote-blumen-120x60cm\/#local-main-organization-logo","url":"https:\/\/www.eliassen.nl\/wp-content\/uploads\/2024\/01\/logo_4nd.jpg","contentUrl":"https:\/\/www.eliassen.nl\/wp-content\/uploads\/2024\/01\/logo_4nd.jpg","width":500,"height":500,"caption":"Eliassen Home & Garden Pleasure"}]},"product_price_amount":"189.00","product_price_currency":"EUR","og_availability":"instock","product_availability":"instock","product_retailer_item_id":"340061","product_condition":"new"},"df_price":189,"df_sale_price":"","df_regular_price":189,"df_image_link":"https:\/\/www.eliassen.nl\/wp-content\/uploads\/2024\/10\/schilderij3dgroterodebloemeneliassennl340061.jpg","image":"https:\/\/www.eliassen.nl\/wp-content\/uploads\/2024\/10\/schilderij3dgroterodebloemeneliassennl340061.jpg","price_search":"<span class=\"woocommerce-Price-amount amount\"><bdi><span class=\"woocommerce-Price-currencySymbol\">&euro;<\/span>&nbsp;189,00<\/bdi><\/span>","category":"3D metalen schilderijen","global_unique_id":"6096525524576","_links":{"self":[{"href":"https:\/\/www.eliassen.nl\/de\/wp-json\/wp\/v2\/product\/152627","targetHints":{"allow":["GET"]}}],"collection":[{"href":"https:\/\/www.eliassen.nl\/de\/wp-json\/wp\/v2\/product"}],"about":[{"href":"https:\/\/www.eliassen.nl\/de\/wp-json\/wp\/v2\/types\/product"}],"wp:featuredmedia":[{"embeddable":true,"href":"https:\/\/www.eliassen.nl\/de\/wp-json\/wp\/v2\/media\/152618"}],"wp:attachment":[{"href":"https:\/\/www.eliassen.nl\/de\/wp-json\/wp\/v2\/media?parent=152627"}],"wp:term":[{"taxonomy":"product_brand","embeddable":true,"href":"https:\/\/www.eliassen.nl\/de\/wp-json\/wp\/v2\/product_brand?post=152627"},{"taxonomy":"product_cat","embeddable":true,"href":"https:\/\/www.eliassen.nl\/de\/wp-json\/wp\/v2\/product_cat?post=152627"},{"taxonomy":"product_tag","embeddable":true,"href":"https:\/\/www.eliassen.nl\/de\/wp-json\/wp\/v2\/product_tag?post=152627"}],"curies":[{"name":"wp","href":"https:\/\/api.w.org\/{rel}","templated":true}]}}