{"id":152489,"date":"2024-04-04T12:34:33","date_gmt":"2024-04-04T12:34:33","guid":{"rendered":"https:\/\/www.eliassen.nl\/?product=copy-of-wandpaneel-hout-rond-levensboom-150769517"},"modified":"2026-01-16T15:21:18","modified_gmt":"2026-01-16T14:21:18","slug":"wandpaneel-holz-um-lebensbaum-mit-vogeln-und-blattern-40cm-ohne-rand","status":"publish","type":"product","link":"https:\/\/www.eliassen.nl\/de\/wandpaneel-holz-um-lebensbaum-mit-vogeln-und-blattern-40cm-ohne-rand\/","title":{"rendered":"Wandpaneel Holz rund Lebensbaum mit V\u00f6geln und Bl\u00e4ttern 40cm ohne Rand"},"content":{"rendered":"<p>Wandtafel aus Holz mit einem Baum des Lebens mit V\u00f6geln und Bl\u00e4ttern. Handgefertigt aus massivem Suar-Holz. Abgebildet ist ein sch\u00f6ner Lebensbaum mit V\u00f6geln und Bl\u00e4ttern. Viele Stunden Schnitzarbeit stecken in dieser Holztafel. Alles, was Sie sehen, jede kleine Locke, jeder Vogel und jeder Zweig, alles ist von Menschenhand gemacht.<\/p>\n<p>Suar-Holz hat die Eigenschaft, dass es kontrastreiche Farben aufweist. Helles Holz kann direkt neben dunklem Holz stehen. Es ist normal, dass diese Farbunterschiede auch auf dem Panel sichtbar sind, das leider nicht beanstandet werden kann.<\/p>\n<p>Das Symbol des Lebensbaums steht f\u00fcr Wachstum und pers\u00f6nliche Entwicklung, Gesundheit und Kraft zur Heilung. Ihr Leben ist wie die Jahreszeiten, mit denen B\u00e4ume konfrontiert sind. Es gibt Momente des Lebens wie im Fr\u00fchling, des Wachstums wie im Sommer und der temperamentvollen Herbstst\u00fcrme und der H\u00e4rte im Winter. Als Symbol ist dieser Lebensbaum daher ein wunderbares Geschenk f\u00fcr einen geliebten Menschen oder Freund(e).<\/p>\n<ul>\n<li>Gr\u00f6\u00dfe: 2 cm dick mit einem Durchmesser von 40 cm<\/li>\n<li>Material: Massivholz Suar, leicht ge\u00f6lt<\/li>\n<li>Ausgenommen<\/li>\n<li>Original Schnitzereien<\/li>\n<li>Einfach an einem Nagel\/einer Schraube oder mit einem St\u00fcck Schnur aufh\u00e4ngen<\/li>\n<li>Eigene Aktie<\/li>\n<li>Das Aufh\u00e4ngen im Freien ist erlaubt, aber das Holz wird grau und es k\u00f6nnen Risse entstehen.<\/li>\n<\/ul>\n","protected":false},"excerpt":{"rendered":"<p>Handgeschnitzt mit sch\u00f6nen Details.<br \/>\nBei Verwendung im Freien kann das Holz stumpfer werden und\/oder Risse bekommen.<\/p>\n","protected":false},"featured_media":152483,"template":"","meta":{"_acf_changed":false,"_genesis_title":"","_genesis_description":""},"product_brand":[7505],"product_cat":[509,527],"product_tag":[],"class_list":{"0":"post-152489","1":"product","2":"type-product","3":"status-publish","4":"has-post-thumbnail","6":"product_brand-sonstige","7":"product_cat-wanddekoration","8":"product_cat-wandpaneele-aus-holz","10":"first","11":"outofstock","12":"taxable","13":"shipping-taxable","14":"purchasable","15":"product-type-simple"},"acf":[],"meta_all":{"total_sales":"0","wcml_sync_hash":{"postmeta_fields":"f15629861393593bfba6ac907f3de31c"},"attr_label_translations":[],"cor_restricted_countries":[]},"meta_all_flat":{"total_sales":"0","wcml_sync_hash.postmeta_fields":"f15629861393593bfba6ac907f3de31c"},"yoast_head":"<!-- This site is optimized with the Yoast SEO Premium plugin v26.2 (Yoast SEO v27.2) - https:\/\/yoast.com\/product\/yoast-seo-premium-wordpress\/ -->\n<title>Wandpaneel Holz rund Lebensbaum mit V\u00f6geln und Bl\u00e4ttern 40cm ohne Rand<\/title>\n<meta name=\"description\" content=\"Werfen Sie einen kurzen Blick auf diese Wanddekoration. Handgefertigt aus geschnitztem Suarholz. Dieses Modell hat eine runde Form und ist mit sch\u00f6nen Details versehen.\" \/>\n<meta name=\"robots\" content=\"index, follow, max-snippet:-1, max-image-preview:large, max-video-preview:-1\" \/>\n<link rel=\"canonical\" href=\"https:\/\/www.eliassen.nl\/de\/wandpaneel-holz-um-lebensbaum-mit-vogeln-und-blattern-40cm-ohne-rand\/\" \/>\n<meta property=\"og:locale\" content=\"de_DE\" \/>\n<meta property=\"og:type\" content=\"article\" \/>\n<meta property=\"og:title\" content=\"Sonstige Wandpaneel Holz rund Lebensbaum mit V\u00f6geln und Bl\u00e4ttern 40cm ohne Rand - Eliassen.nl\" \/>\n<meta property=\"og:description\" content=\"Werfen Sie einen kurzen Blick auf diese Wanddekoration. Handgefertigt aus geschnitztem Suarholz. Dieses Modell hat eine runde Form und ist mit sch\u00f6nen Details versehen.\" \/>\n<meta property=\"og:url\" content=\"https:\/\/www.eliassen.nl\/de\/wandpaneel-holz-um-lebensbaum-mit-vogeln-und-blattern-40cm-ohne-rand\/\" \/>\n<meta property=\"og:site_name\" content=\"Eliassen.nl\" \/>\n<meta property=\"article:publisher\" content=\"https:\/\/www.facebook.com\/TuincentrumEliassenAmmerzoden\" \/>\n<meta property=\"article:modified_time\" content=\"2026-01-16T14:21:18+00:00\" \/>\n<meta property=\"og:image\" content=\"https:\/\/www.eliassen.nl\/wp-content\/uploads\/2024\/10\/wandpaneelhoutrondlevensboommetvogelsenblad_3nd.jpg\" \/>\n\t<meta property=\"og:image:width\" content=\"1536\" \/>\n\t<meta property=\"og:image:height\" content=\"2048\" \/>\n\t<meta property=\"og:image:type\" content=\"image\/jpeg\" \/>\n<meta name=\"twitter:card\" content=\"summary_large_image\" \/>\n<script type=\"application\/ld+json\" class=\"yoast-schema-graph\">{\"@context\":\"https:\/\/schema.org\",\"@graph\":[{\"@type\":\"WebPage\",\"@id\":\"https:\/\/www.eliassen.nl\/de\/wandpaneel-holz-um-lebensbaum-mit-vogeln-und-blattern-40cm-ohne-rand\/\",\"url\":\"https:\/\/www.eliassen.nl\/de\/wandpaneel-holz-um-lebensbaum-mit-vogeln-und-blattern-40cm-ohne-rand\/\",\"name\":\"Wandpaneel Holz rund Lebensbaum mit V\u00f6geln und Bl\u00e4ttern 40cm ohne Rand\",\"isPartOf\":{\"@id\":\"https:\/\/www.eliassen.nl\/de\/#website\"},\"primaryImageOfPage\":{\"@id\":\"https:\/\/www.eliassen.nl\/de\/wandpaneel-holz-um-lebensbaum-mit-vogeln-und-blattern-40cm-ohne-rand\/#primaryimage\"},\"image\":{\"@id\":\"https:\/\/www.eliassen.nl\/de\/wandpaneel-holz-um-lebensbaum-mit-vogeln-und-blattern-40cm-ohne-rand\/#primaryimage\"},\"thumbnailUrl\":\"https:\/\/www.eliassen.nl\/wp-content\/uploads\/2024\/10\/wandpaneelhoutrondlevensboommetvogelsenblad_3nd.jpg\",\"datePublished\":\"2024-04-04T12:34:33+00:00\",\"dateModified\":\"2026-01-16T14:21:18+00:00\",\"description\":\"Werfen Sie einen kurzen Blick auf diese Wanddekoration. Handgefertigt aus geschnitztem Suarholz. Dieses Modell hat eine runde Form und ist mit sch\u00f6nen Details versehen.\",\"breadcrumb\":{\"@id\":\"https:\/\/www.eliassen.nl\/de\/wandpaneel-holz-um-lebensbaum-mit-vogeln-und-blattern-40cm-ohne-rand\/#breadcrumb\"},\"inLanguage\":\"de\",\"potentialAction\":[{\"@type\":\"ReadAction\",\"target\":[\"https:\/\/www.eliassen.nl\/de\/wandpaneel-holz-um-lebensbaum-mit-vogeln-und-blattern-40cm-ohne-rand\/\"]}]},{\"@type\":\"ImageObject\",\"inLanguage\":\"de\",\"@id\":\"https:\/\/www.eliassen.nl\/de\/wandpaneel-holz-um-lebensbaum-mit-vogeln-und-blattern-40cm-ohne-rand\/#primaryimage\",\"url\":\"https:\/\/www.eliassen.nl\/wp-content\/uploads\/2024\/10\/wandpaneelhoutrondlevensboommetvogelsenblad_3nd.jpg\",\"contentUrl\":\"https:\/\/www.eliassen.nl\/wp-content\/uploads\/2024\/10\/wandpaneelhoutrondlevensboommetvogelsenblad_3nd.jpg\",\"width\":1536,\"height\":2048,\"caption\":\"Wandpaneel Holz rund Lebensbaum mit V\u00f6geln und Bl\u00e4ttern 40cm ohne Rand eliassen.de 1\"},{\"@type\":\"BreadcrumbList\",\"@id\":\"https:\/\/www.eliassen.nl\/de\/wandpaneel-holz-um-lebensbaum-mit-vogeln-und-blattern-40cm-ohne-rand\/#breadcrumb\",\"itemListElement\":[{\"@type\":\"ListItem\",\"position\":1,\"name\":\"Home\",\"item\":\"https:\/\/www.eliassen.nl\/de\/\"},{\"@type\":\"ListItem\",\"position\":2,\"name\":\"Shop\",\"item\":\"https:\/\/www.eliassen.nl\/de\/shop\/\"},{\"@type\":\"ListItem\",\"position\":3,\"name\":\"Wanddekoration\",\"item\":\"https:\/\/www.eliassen.nl\/de\/wanddekoration\/\"},{\"@type\":\"ListItem\",\"position\":4,\"name\":\"Wandpaneele aus Holz\",\"item\":\"https:\/\/www.eliassen.nl\/de\/wanddekoration\/wandpaneele-aus-holz\/\"},{\"@type\":\"ListItem\",\"position\":5,\"name\":\"Wandpaneel Holz rund Lebensbaum mit V\u00f6geln und Bl\u00e4ttern 40cm ohne Rand\"}]},{\"@type\":\"WebSite\",\"@id\":\"https:\/\/www.eliassen.nl\/de\/#website\",\"url\":\"https:\/\/www.eliassen.nl\/de\/\",\"name\":\"Eliassen Home & Garden Pleasure\",\"description\":\"\",\"publisher\":{\"@id\":\"https:\/\/www.eliassen.nl\/de\/#organization\"},\"alternateName\":\"Eliassen.nl\",\"potentialAction\":[{\"@type\":\"SearchAction\",\"target\":{\"@type\":\"EntryPoint\",\"urlTemplate\":\"https:\/\/www.eliassen.nl\/de\/?s={search_term_string}\"},\"query-input\":{\"@type\":\"PropertyValueSpecification\",\"valueRequired\":true,\"valueName\":\"search_term_string\"}}],\"inLanguage\":\"de\"},{\"@type\":[\"Organization\",\"Place\"],\"@id\":\"https:\/\/www.eliassen.nl\/de\/#organization\",\"name\":\"Eliassen Home & Garden Pleasure\",\"url\":\"https:\/\/www.eliassen.nl\/de\/\",\"logo\":{\"@id\":\"https:\/\/www.eliassen.nl\/de\/wandpaneel-holz-um-lebensbaum-mit-vogeln-und-blattern-40cm-ohne-rand\/#local-main-organization-logo\"},\"image\":{\"@id\":\"https:\/\/www.eliassen.nl\/de\/wandpaneel-holz-um-lebensbaum-mit-vogeln-und-blattern-40cm-ohne-rand\/#local-main-organization-logo\"},\"sameAs\":[\"https:\/\/www.facebook.com\/TuincentrumEliassenAmmerzoden\",\"https:\/\/www.instagram.com\/eliassenhomeandgarden\/\",\"https:\/\/nl.pinterest.com\/eliassenhomeandgarden\/\",\"https:\/\/www.youtube.com\/@eliassenhomegardenpleasure4558\"],\"telephone\":[],\"openingHoursSpecification\":[{\"@type\":\"OpeningHoursSpecification\",\"dayOfWeek\":[\"Monday\",\"Tuesday\",\"Wednesday\",\"Thursday\",\"Friday\",\"Saturday\",\"Sunday\"],\"opens\":\"09:00\",\"closes\":\"17:00\"}]},{\"@type\":\"ImageObject\",\"inLanguage\":\"de\",\"@id\":\"https:\/\/www.eliassen.nl\/de\/wandpaneel-holz-um-lebensbaum-mit-vogeln-und-blattern-40cm-ohne-rand\/#local-main-organization-logo\",\"url\":\"https:\/\/www.eliassen.nl\/wp-content\/uploads\/2024\/01\/logo_4nd.jpg\",\"contentUrl\":\"https:\/\/www.eliassen.nl\/wp-content\/uploads\/2024\/01\/logo_4nd.jpg\",\"width\":500,\"height\":500,\"caption\":\"Eliassen Home & Garden Pleasure\"}]}<\/script>\n<meta property=\"product:price:amount\" content=\"69.00\" \/>\n<meta property=\"product:price:currency\" content=\"EUR\" \/>\n<meta property=\"og:availability\" content=\"out of stock\" \/>\n<meta property=\"product:availability\" content=\"out of stock\" \/>\n<meta property=\"product:retailer_item_id\" content=\"180598-11\" \/>\n<meta property=\"product:condition\" content=\"new\" \/>\n<!-- \/ Yoast SEO Premium plugin. -->","yoast_head_json":{"title":"Wandpaneel Holz rund Lebensbaum mit V\u00f6geln und Bl\u00e4ttern 40cm ohne Rand","description":"Werfen Sie einen kurzen Blick auf diese Wanddekoration. Handgefertigt aus geschnitztem Suarholz. Dieses Modell hat eine runde Form und ist mit sch\u00f6nen Details versehen.","robots":{"index":"index","follow":"follow","max-snippet":"max-snippet:-1","max-image-preview":"max-image-preview:large","max-video-preview":"max-video-preview:-1"},"canonical":"https:\/\/www.eliassen.nl\/de\/wandpaneel-holz-um-lebensbaum-mit-vogeln-und-blattern-40cm-ohne-rand\/","og_locale":"de_DE","og_type":"article","og_title":"Sonstige Wandpaneel Holz rund Lebensbaum mit V\u00f6geln und Bl\u00e4ttern 40cm ohne Rand - Eliassen.nl","og_description":"Werfen Sie einen kurzen Blick auf diese Wanddekoration. Handgefertigt aus geschnitztem Suarholz. Dieses Modell hat eine runde Form und ist mit sch\u00f6nen Details versehen.","og_url":"https:\/\/www.eliassen.nl\/de\/wandpaneel-holz-um-lebensbaum-mit-vogeln-und-blattern-40cm-ohne-rand\/","og_site_name":"Eliassen.nl","article_publisher":"https:\/\/www.facebook.com\/TuincentrumEliassenAmmerzoden","article_modified_time":"2026-01-16T14:21:18+00:00","og_image":[{"width":1536,"height":2048,"url":"https:\/\/www.eliassen.nl\/wp-content\/uploads\/2024\/10\/wandpaneelhoutrondlevensboommetvogelsenblad_3nd.jpg","type":"image\/jpeg"}],"twitter_card":"summary_large_image","schema":{"@context":"https:\/\/schema.org","@graph":[{"@type":"WebPage","@id":"https:\/\/www.eliassen.nl\/de\/wandpaneel-holz-um-lebensbaum-mit-vogeln-und-blattern-40cm-ohne-rand\/","url":"https:\/\/www.eliassen.nl\/de\/wandpaneel-holz-um-lebensbaum-mit-vogeln-und-blattern-40cm-ohne-rand\/","name":"Wandpaneel Holz rund Lebensbaum mit V\u00f6geln und Bl\u00e4ttern 40cm ohne Rand","isPartOf":{"@id":"https:\/\/www.eliassen.nl\/de\/#website"},"primaryImageOfPage":{"@id":"https:\/\/www.eliassen.nl\/de\/wandpaneel-holz-um-lebensbaum-mit-vogeln-und-blattern-40cm-ohne-rand\/#primaryimage"},"image":{"@id":"https:\/\/www.eliassen.nl\/de\/wandpaneel-holz-um-lebensbaum-mit-vogeln-und-blattern-40cm-ohne-rand\/#primaryimage"},"thumbnailUrl":"https:\/\/www.eliassen.nl\/wp-content\/uploads\/2024\/10\/wandpaneelhoutrondlevensboommetvogelsenblad_3nd.jpg","datePublished":"2024-04-04T12:34:33+00:00","dateModified":"2026-01-16T14:21:18+00:00","description":"Werfen Sie einen kurzen Blick auf diese Wanddekoration. Handgefertigt aus geschnitztem Suarholz. Dieses Modell hat eine runde Form und ist mit sch\u00f6nen Details versehen.","breadcrumb":{"@id":"https:\/\/www.eliassen.nl\/de\/wandpaneel-holz-um-lebensbaum-mit-vogeln-und-blattern-40cm-ohne-rand\/#breadcrumb"},"inLanguage":"de","potentialAction":[{"@type":"ReadAction","target":["https:\/\/www.eliassen.nl\/de\/wandpaneel-holz-um-lebensbaum-mit-vogeln-und-blattern-40cm-ohne-rand\/"]}]},{"@type":"ImageObject","inLanguage":"de","@id":"https:\/\/www.eliassen.nl\/de\/wandpaneel-holz-um-lebensbaum-mit-vogeln-und-blattern-40cm-ohne-rand\/#primaryimage","url":"https:\/\/www.eliassen.nl\/wp-content\/uploads\/2024\/10\/wandpaneelhoutrondlevensboommetvogelsenblad_3nd.jpg","contentUrl":"https:\/\/www.eliassen.nl\/wp-content\/uploads\/2024\/10\/wandpaneelhoutrondlevensboommetvogelsenblad_3nd.jpg","width":1536,"height":2048,"caption":"Wandpaneel Holz rund Lebensbaum mit V\u00f6geln und Bl\u00e4ttern 40cm ohne Rand eliassen.de 1"},{"@type":"BreadcrumbList","@id":"https:\/\/www.eliassen.nl\/de\/wandpaneel-holz-um-lebensbaum-mit-vogeln-und-blattern-40cm-ohne-rand\/#breadcrumb","itemListElement":[{"@type":"ListItem","position":1,"name":"Home","item":"https:\/\/www.eliassen.nl\/de\/"},{"@type":"ListItem","position":2,"name":"Shop","item":"https:\/\/www.eliassen.nl\/de\/shop\/"},{"@type":"ListItem","position":3,"name":"Wanddekoration","item":"https:\/\/www.eliassen.nl\/de\/wanddekoration\/"},{"@type":"ListItem","position":4,"name":"Wandpaneele aus Holz","item":"https:\/\/www.eliassen.nl\/de\/wanddekoration\/wandpaneele-aus-holz\/"},{"@type":"ListItem","position":5,"name":"Wandpaneel Holz rund Lebensbaum mit V\u00f6geln und Bl\u00e4ttern 40cm ohne Rand"}]},{"@type":"WebSite","@id":"https:\/\/www.eliassen.nl\/de\/#website","url":"https:\/\/www.eliassen.nl\/de\/","name":"Eliassen Home & Garden Pleasure","description":"","publisher":{"@id":"https:\/\/www.eliassen.nl\/de\/#organization"},"alternateName":"Eliassen.nl","potentialAction":[{"@type":"SearchAction","target":{"@type":"EntryPoint","urlTemplate":"https:\/\/www.eliassen.nl\/de\/?s={search_term_string}"},"query-input":{"@type":"PropertyValueSpecification","valueRequired":true,"valueName":"search_term_string"}}],"inLanguage":"de"},{"@type":["Organization","Place"],"@id":"https:\/\/www.eliassen.nl\/de\/#organization","name":"Eliassen Home & Garden Pleasure","url":"https:\/\/www.eliassen.nl\/de\/","logo":{"@id":"https:\/\/www.eliassen.nl\/de\/wandpaneel-holz-um-lebensbaum-mit-vogeln-und-blattern-40cm-ohne-rand\/#local-main-organization-logo"},"image":{"@id":"https:\/\/www.eliassen.nl\/de\/wandpaneel-holz-um-lebensbaum-mit-vogeln-und-blattern-40cm-ohne-rand\/#local-main-organization-logo"},"sameAs":["https:\/\/www.facebook.com\/TuincentrumEliassenAmmerzoden","https:\/\/www.instagram.com\/eliassenhomeandgarden\/","https:\/\/nl.pinterest.com\/eliassenhomeandgarden\/","https:\/\/www.youtube.com\/@eliassenhomegardenpleasure4558"],"telephone":[],"openingHoursSpecification":[{"@type":"OpeningHoursSpecification","dayOfWeek":["Monday","Tuesday","Wednesday","Thursday","Friday","Saturday","Sunday"],"opens":"09:00","closes":"17:00"}]},{"@type":"ImageObject","inLanguage":"de","@id":"https:\/\/www.eliassen.nl\/de\/wandpaneel-holz-um-lebensbaum-mit-vogeln-und-blattern-40cm-ohne-rand\/#local-main-organization-logo","url":"https:\/\/www.eliassen.nl\/wp-content\/uploads\/2024\/01\/logo_4nd.jpg","contentUrl":"https:\/\/www.eliassen.nl\/wp-content\/uploads\/2024\/01\/logo_4nd.jpg","width":500,"height":500,"caption":"Eliassen Home & Garden Pleasure"}]},"product_price_amount":"69.00","product_price_currency":"EUR","og_availability":"out of stock","product_availability":"out of stock","product_retailer_item_id":"180598-11","product_condition":"new"},"df_price":69,"df_sale_price":"","df_regular_price":69,"df_image_link":"https:\/\/www.eliassen.nl\/wp-content\/uploads\/2024\/10\/wandpaneelhoutrondlevensboommetvogelsenblad_3nd.jpg","image":"https:\/\/www.eliassen.nl\/wp-content\/uploads\/2024\/10\/wandpaneelhoutrondlevensboommetvogelsenblad_3nd.jpg","price_search":"<span class=\"woocommerce-Price-amount amount\"><bdi><span class=\"woocommerce-Price-currencySymbol\">&euro;<\/span>&nbsp;69,00<\/bdi><\/span>","category":"Wanddekoration","global_unique_id":"6096522329303","_links":{"self":[{"href":"https:\/\/www.eliassen.nl\/de\/wp-json\/wp\/v2\/product\/152489","targetHints":{"allow":["GET"]}}],"collection":[{"href":"https:\/\/www.eliassen.nl\/de\/wp-json\/wp\/v2\/product"}],"about":[{"href":"https:\/\/www.eliassen.nl\/de\/wp-json\/wp\/v2\/types\/product"}],"wp:featuredmedia":[{"embeddable":true,"href":"https:\/\/www.eliassen.nl\/de\/wp-json\/wp\/v2\/media\/152483"}],"wp:attachment":[{"href":"https:\/\/www.eliassen.nl\/de\/wp-json\/wp\/v2\/media?parent=152489"}],"wp:term":[{"taxonomy":"product_brand","embeddable":true,"href":"https:\/\/www.eliassen.nl\/de\/wp-json\/wp\/v2\/product_brand?post=152489"},{"taxonomy":"product_cat","embeddable":true,"href":"https:\/\/www.eliassen.nl\/de\/wp-json\/wp\/v2\/product_cat?post=152489"},{"taxonomy":"product_tag","embeddable":true,"href":"https:\/\/www.eliassen.nl\/de\/wp-json\/wp\/v2\/product_tag?post=152489"}],"curies":[{"name":"wp","href":"https:\/\/api.w.org\/{rel}","templated":true}]}}