{"id":152369,"date":"2024-03-29T11:00:07","date_gmt":"2024-03-29T11:00:07","guid":{"rendered":"https:\/\/www.eliassen.nl\/?product=copy-of-glasvaas-alore-groen-blauw-22cm"},"modified":"2026-02-27T14:01:52","modified_gmt":"2026-02-27T13:01:52","slug":"glasvase-alore-rosa-22cm","status":"publish","type":"product","link":"https:\/\/www.eliassen.nl\/de\/glasvase-alore-rosa-22cm\/","title":{"rendered":"Glasvase Fidrio Alore Flieder Kronleuchter 22cm"},"content":{"rendered":"<p class=\"x_MsoListParagraph\">Diese sch\u00f6ne halbhohe Blumenvase der Spitzenmarke Fidrio wird sicherlich ein wertvolles Dekorationsst\u00fcck in Ihrer Einrichtung sein. Mit Blumen ist diese Glasvase sicherlich ein sch\u00f6ner Blickfang, aber auch ohne Blumen macht diese Glasvase in jeder Einrichtung eine gute Figur.<\/p>\n<p class=\"x_MsoListParagraph\">Alle Glasvasen von Fidrio werden nach traditioneller, handwerklicher Art und Weise handgefertigt. Das bearbeitbare, superhei\u00dfe Glas wird in eine Holzform geblasen, wobei die Form als Grundform dient, aber die Farbnuancen und damit das Aussehen bei jeder Vase anders ausfallen werden. Die angegebenen Gr\u00f6\u00dfen sind immer Circa-Gr\u00f6\u00dfen.<\/p>\n<ul>\n<li class=\"x_MsoListParagraph\">Gr\u00f6\u00dfe: 18x22cm hoch.<\/li>\n<li class=\"x_MsoListParagraph\">Farbe: Gemischte rosa Farben.<\/li>\n<li class=\"x_MsoListParagraph\">Material: Hochwertiges mundgeblasenes europ\u00e4isches Glas.<\/li>\n<li class=\"x_MsoListParagraph\">Garantie: 1 Jahr.<\/li>\n<li class=\"x_MsoListParagraph\">Reinigen Sie niemals mit hei\u00dfem Wasser.<\/li>\n<li class=\"x_MsoListParagraph\">Wird auf umweltfreundliche Weise verpackt.<\/li>\n<li class=\"x_MsoListParagraph\">Das Foto dient nur als Beispiel.<\/li>\n<\/ul>\n","protected":false},"excerpt":{"rendered":"<p>Sch\u00f6ne, hochwertige Glaswaren. Gr\u00f6\u00dfe 18x22cm hoch.<\/p>\n","protected":false},"featured_media":152360,"template":"","meta":{"_acf_changed":false,"_genesis_title":"","_genesis_description":""},"product_brand":[6950],"product_cat":[812,800,7060],"product_tag":[],"class_list":{"0":"post-152369","1":"product","2":"type-product","3":"status-publish","4":"has-post-thumbnail","6":"product_brand-fidrio-de","7":"product_cat-farbige-glasvasen","8":"product_cat-glaskunst","9":"product_cat-fidrio-glaskollektion","11":"first","12":"instock","13":"taxable","14":"shipping-taxable","15":"purchasable","16":"product-type-simple"},"acf":[],"meta_all":{"total_sales":"0","wcml_sync_hash":{"postmeta_fields":"1db3c9cc01a2a1803483a60fb814f326"},"attr_label_translations":[],"cor_restricted_countries":[],"cor_product_price_text_product_level":"","cor_add_text":"","cor_hide_r_add_cart_product_level":"1","cor_product_price_cart_btn_product_level":"","cor_replace_add_to_cart_custom_btn_product_level":"","enbility_product_level_disability":" ","enbility_product_level_exclude_visibility_rules":" "},"meta_all_flat":{"total_sales":"0","wcml_sync_hash.postmeta_fields":"1db3c9cc01a2a1803483a60fb814f326","cor_product_price_text_product_level":"","cor_add_text":"","cor_hide_r_add_cart_product_level":"1","cor_product_price_cart_btn_product_level":"","cor_replace_add_to_cart_custom_btn_product_level":"","enbility_product_level_disability":" ","enbility_product_level_exclude_visibility_rules":" "},"yoast_head":"<!-- This site is optimized with the Yoast SEO Premium plugin v26.2 (Yoast SEO v27.2) - https:\/\/yoast.com\/product\/yoast-seo-premium-wordpress\/ -->\n<title>Glasvase Alore rosa 22cm - Eliassen.nl<\/title>\n<meta name=\"description\" content=\"Sie sind auf der Suche nach Fidrio Alore rosa Glaswaren ? Durchst\u00f6bern Sie unsere Glaskollektion online in unserem Webshop oder kommen Sie in unserem Gesch\u00e4ft vorbei. Schnelle Lieferzeiten und eine gro\u00dfe Auswahl an Glaswaren.\" \/>\n<meta name=\"robots\" content=\"index, follow, max-snippet:-1, max-image-preview:large, max-video-preview:-1\" \/>\n<link rel=\"canonical\" href=\"https:\/\/www.eliassen.nl\/de\/glasvase-alore-rosa-22cm\/\" \/>\n<meta property=\"og:locale\" content=\"de_DE\" \/>\n<meta property=\"og:type\" content=\"article\" \/>\n<meta property=\"og:title\" content=\"Fidrio Glasvase Fidrio Alore Flieder Kronleuchter 22cm - Eliassen.nl\" \/>\n<meta property=\"og:description\" content=\"Sie sind auf der Suche nach Fidrio Alore rosa Glaswaren ? Durchst\u00f6bern Sie unsere Glaskollektion online in unserem Webshop oder kommen Sie in unserem Gesch\u00e4ft vorbei. Schnelle Lieferzeiten und eine gro\u00dfe Auswahl an Glaswaren.\" \/>\n<meta property=\"og:url\" content=\"https:\/\/www.eliassen.nl\/de\/glasvase-alore-rosa-22cm\/\" \/>\n<meta property=\"og:site_name\" content=\"Eliassen.nl\" \/>\n<meta property=\"article:publisher\" content=\"https:\/\/www.facebook.com\/TuincentrumEliassenAmmerzoden\" \/>\n<meta property=\"article:modified_time\" content=\"2026-02-27T13:01:52+00:00\" \/>\n<meta property=\"og:image\" content=\"https:\/\/www.eliassen.nl\/wp-content\/uploads\/2024\/10\/glasvaasaloreroze22cmeliassennl1.jpg\" \/>\n\t<meta property=\"og:image:width\" content=\"1536\" \/>\n\t<meta property=\"og:image:height\" content=\"2048\" \/>\n\t<meta property=\"og:image:type\" content=\"image\/jpeg\" \/>\n<meta name=\"twitter:card\" content=\"summary_large_image\" \/>\n<script type=\"application\/ld+json\" class=\"yoast-schema-graph\">{\"@context\":\"https:\/\/schema.org\",\"@graph\":[{\"@type\":\"WebPage\",\"@id\":\"https:\/\/www.eliassen.nl\/de\/glasvase-alore-rosa-22cm\/\",\"url\":\"https:\/\/www.eliassen.nl\/de\/glasvase-alore-rosa-22cm\/\",\"name\":\"Glasvase Alore rosa 22cm - Eliassen.nl\",\"isPartOf\":{\"@id\":\"https:\/\/www.eliassen.nl\/de\/#website\"},\"primaryImageOfPage\":{\"@id\":\"https:\/\/www.eliassen.nl\/de\/glasvase-alore-rosa-22cm\/#primaryimage\"},\"image\":{\"@id\":\"https:\/\/www.eliassen.nl\/de\/glasvase-alore-rosa-22cm\/#primaryimage\"},\"thumbnailUrl\":\"https:\/\/www.eliassen.nl\/wp-content\/uploads\/2024\/10\/glasvaasaloreroze22cmeliassennl1.jpg\",\"datePublished\":\"2024-03-29T11:00:07+00:00\",\"dateModified\":\"2026-02-27T13:01:52+00:00\",\"description\":\"Sie sind auf der Suche nach Fidrio Alore rosa Glaswaren ? Durchst\u00f6bern Sie unsere Glaskollektion online in unserem Webshop oder kommen Sie in unserem Gesch\u00e4ft vorbei. Schnelle Lieferzeiten und eine gro\u00dfe Auswahl an Glaswaren.\",\"breadcrumb\":{\"@id\":\"https:\/\/www.eliassen.nl\/de\/glasvase-alore-rosa-22cm\/#breadcrumb\"},\"inLanguage\":\"de\",\"potentialAction\":[{\"@type\":\"ReadAction\",\"target\":[\"https:\/\/www.eliassen.nl\/de\/glasvase-alore-rosa-22cm\/\"]}]},{\"@type\":\"ImageObject\",\"inLanguage\":\"de\",\"@id\":\"https:\/\/www.eliassen.nl\/de\/glasvase-alore-rosa-22cm\/#primaryimage\",\"url\":\"https:\/\/www.eliassen.nl\/wp-content\/uploads\/2024\/10\/glasvaasaloreroze22cmeliassennl1.jpg\",\"contentUrl\":\"https:\/\/www.eliassen.nl\/wp-content\/uploads\/2024\/10\/glasvaasaloreroze22cmeliassennl1.jpg\",\"width\":1536,\"height\":2048,\"caption\":\"Glasvase Alore rosa 22cm eliassen.de 1\"},{\"@type\":\"BreadcrumbList\",\"@id\":\"https:\/\/www.eliassen.nl\/de\/glasvase-alore-rosa-22cm\/#breadcrumb\",\"itemListElement\":[{\"@type\":\"ListItem\",\"position\":1,\"name\":\"Home\",\"item\":\"https:\/\/www.eliassen.nl\/de\/\"},{\"@type\":\"ListItem\",\"position\":2,\"name\":\"Shop\",\"item\":\"https:\/\/www.eliassen.nl\/de\/shop\/\"},{\"@type\":\"ListItem\",\"position\":3,\"name\":\"Glaskunst\",\"item\":\"https:\/\/www.eliassen.nl\/de\/glaskunst\/\"},{\"@type\":\"ListItem\",\"position\":4,\"name\":\"Farbige Glasvasen\",\"item\":\"https:\/\/www.eliassen.nl\/de\/glaskunst\/farbige-glasvasen\/\"},{\"@type\":\"ListItem\",\"position\":5,\"name\":\"Glasvase Fidrio Alore Flieder Kronleuchter 22cm\"}]},{\"@type\":\"WebSite\",\"@id\":\"https:\/\/www.eliassen.nl\/de\/#website\",\"url\":\"https:\/\/www.eliassen.nl\/de\/\",\"name\":\"Eliassen Home & Garden Pleasure\",\"description\":\"\",\"publisher\":{\"@id\":\"https:\/\/www.eliassen.nl\/de\/#organization\"},\"alternateName\":\"Eliassen.nl\",\"potentialAction\":[{\"@type\":\"SearchAction\",\"target\":{\"@type\":\"EntryPoint\",\"urlTemplate\":\"https:\/\/www.eliassen.nl\/de\/?s={search_term_string}\"},\"query-input\":{\"@type\":\"PropertyValueSpecification\",\"valueRequired\":true,\"valueName\":\"search_term_string\"}}],\"inLanguage\":\"de\"},{\"@type\":[\"Organization\",\"Place\"],\"@id\":\"https:\/\/www.eliassen.nl\/de\/#organization\",\"name\":\"Eliassen Home & Garden Pleasure\",\"url\":\"https:\/\/www.eliassen.nl\/de\/\",\"logo\":{\"@id\":\"https:\/\/www.eliassen.nl\/de\/glasvase-alore-rosa-22cm\/#local-main-organization-logo\"},\"image\":{\"@id\":\"https:\/\/www.eliassen.nl\/de\/glasvase-alore-rosa-22cm\/#local-main-organization-logo\"},\"sameAs\":[\"https:\/\/www.facebook.com\/TuincentrumEliassenAmmerzoden\",\"https:\/\/www.instagram.com\/eliassenhomeandgarden\/\",\"https:\/\/nl.pinterest.com\/eliassenhomeandgarden\/\",\"https:\/\/www.youtube.com\/@eliassenhomegardenpleasure4558\"],\"telephone\":[],\"openingHoursSpecification\":[{\"@type\":\"OpeningHoursSpecification\",\"dayOfWeek\":[\"Monday\",\"Tuesday\",\"Wednesday\",\"Thursday\",\"Friday\",\"Saturday\",\"Sunday\"],\"opens\":\"09:00\",\"closes\":\"17:00\"}]},{\"@type\":\"ImageObject\",\"inLanguage\":\"de\",\"@id\":\"https:\/\/www.eliassen.nl\/de\/glasvase-alore-rosa-22cm\/#local-main-organization-logo\",\"url\":\"https:\/\/www.eliassen.nl\/wp-content\/uploads\/2024\/01\/logo_4nd.jpg\",\"contentUrl\":\"https:\/\/www.eliassen.nl\/wp-content\/uploads\/2024\/01\/logo_4nd.jpg\",\"width\":500,\"height\":500,\"caption\":\"Eliassen Home & Garden Pleasure\"}]}<\/script>\n<meta property=\"product:price:amount\" content=\"37.00\" \/>\n<meta property=\"product:price:currency\" content=\"EUR\" \/>\n<meta property=\"og:availability\" content=\"instock\" \/>\n<meta property=\"product:availability\" content=\"instock\" \/>\n<meta property=\"product:retailer_item_id\" content=\"430\/9450\/ll\" \/>\n<meta property=\"product:condition\" content=\"new\" \/>\n<!-- \/ Yoast SEO Premium plugin. -->","yoast_head_json":{"title":"Glasvase Alore rosa 22cm - Eliassen.nl","description":"Sie sind auf der Suche nach Fidrio Alore rosa Glaswaren ? Durchst\u00f6bern Sie unsere Glaskollektion online in unserem Webshop oder kommen Sie in unserem Gesch\u00e4ft vorbei. Schnelle Lieferzeiten und eine gro\u00dfe Auswahl an Glaswaren.","robots":{"index":"index","follow":"follow","max-snippet":"max-snippet:-1","max-image-preview":"max-image-preview:large","max-video-preview":"max-video-preview:-1"},"canonical":"https:\/\/www.eliassen.nl\/de\/glasvase-alore-rosa-22cm\/","og_locale":"de_DE","og_type":"article","og_title":"Fidrio Glasvase Fidrio Alore Flieder Kronleuchter 22cm - Eliassen.nl","og_description":"Sie sind auf der Suche nach Fidrio Alore rosa Glaswaren ? Durchst\u00f6bern Sie unsere Glaskollektion online in unserem Webshop oder kommen Sie in unserem Gesch\u00e4ft vorbei. Schnelle Lieferzeiten und eine gro\u00dfe Auswahl an Glaswaren.","og_url":"https:\/\/www.eliassen.nl\/de\/glasvase-alore-rosa-22cm\/","og_site_name":"Eliassen.nl","article_publisher":"https:\/\/www.facebook.com\/TuincentrumEliassenAmmerzoden","article_modified_time":"2026-02-27T13:01:52+00:00","og_image":[{"width":1536,"height":2048,"url":"https:\/\/www.eliassen.nl\/wp-content\/uploads\/2024\/10\/glasvaasaloreroze22cmeliassennl1.jpg","type":"image\/jpeg"}],"twitter_card":"summary_large_image","schema":{"@context":"https:\/\/schema.org","@graph":[{"@type":"WebPage","@id":"https:\/\/www.eliassen.nl\/de\/glasvase-alore-rosa-22cm\/","url":"https:\/\/www.eliassen.nl\/de\/glasvase-alore-rosa-22cm\/","name":"Glasvase Alore rosa 22cm - Eliassen.nl","isPartOf":{"@id":"https:\/\/www.eliassen.nl\/de\/#website"},"primaryImageOfPage":{"@id":"https:\/\/www.eliassen.nl\/de\/glasvase-alore-rosa-22cm\/#primaryimage"},"image":{"@id":"https:\/\/www.eliassen.nl\/de\/glasvase-alore-rosa-22cm\/#primaryimage"},"thumbnailUrl":"https:\/\/www.eliassen.nl\/wp-content\/uploads\/2024\/10\/glasvaasaloreroze22cmeliassennl1.jpg","datePublished":"2024-03-29T11:00:07+00:00","dateModified":"2026-02-27T13:01:52+00:00","description":"Sie sind auf der Suche nach Fidrio Alore rosa Glaswaren ? Durchst\u00f6bern Sie unsere Glaskollektion online in unserem Webshop oder kommen Sie in unserem Gesch\u00e4ft vorbei. Schnelle Lieferzeiten und eine gro\u00dfe Auswahl an Glaswaren.","breadcrumb":{"@id":"https:\/\/www.eliassen.nl\/de\/glasvase-alore-rosa-22cm\/#breadcrumb"},"inLanguage":"de","potentialAction":[{"@type":"ReadAction","target":["https:\/\/www.eliassen.nl\/de\/glasvase-alore-rosa-22cm\/"]}]},{"@type":"ImageObject","inLanguage":"de","@id":"https:\/\/www.eliassen.nl\/de\/glasvase-alore-rosa-22cm\/#primaryimage","url":"https:\/\/www.eliassen.nl\/wp-content\/uploads\/2024\/10\/glasvaasaloreroze22cmeliassennl1.jpg","contentUrl":"https:\/\/www.eliassen.nl\/wp-content\/uploads\/2024\/10\/glasvaasaloreroze22cmeliassennl1.jpg","width":1536,"height":2048,"caption":"Glasvase Alore rosa 22cm eliassen.de 1"},{"@type":"BreadcrumbList","@id":"https:\/\/www.eliassen.nl\/de\/glasvase-alore-rosa-22cm\/#breadcrumb","itemListElement":[{"@type":"ListItem","position":1,"name":"Home","item":"https:\/\/www.eliassen.nl\/de\/"},{"@type":"ListItem","position":2,"name":"Shop","item":"https:\/\/www.eliassen.nl\/de\/shop\/"},{"@type":"ListItem","position":3,"name":"Glaskunst","item":"https:\/\/www.eliassen.nl\/de\/glaskunst\/"},{"@type":"ListItem","position":4,"name":"Farbige Glasvasen","item":"https:\/\/www.eliassen.nl\/de\/glaskunst\/farbige-glasvasen\/"},{"@type":"ListItem","position":5,"name":"Glasvase Fidrio Alore Flieder Kronleuchter 22cm"}]},{"@type":"WebSite","@id":"https:\/\/www.eliassen.nl\/de\/#website","url":"https:\/\/www.eliassen.nl\/de\/","name":"Eliassen Home & Garden Pleasure","description":"","publisher":{"@id":"https:\/\/www.eliassen.nl\/de\/#organization"},"alternateName":"Eliassen.nl","potentialAction":[{"@type":"SearchAction","target":{"@type":"EntryPoint","urlTemplate":"https:\/\/www.eliassen.nl\/de\/?s={search_term_string}"},"query-input":{"@type":"PropertyValueSpecification","valueRequired":true,"valueName":"search_term_string"}}],"inLanguage":"de"},{"@type":["Organization","Place"],"@id":"https:\/\/www.eliassen.nl\/de\/#organization","name":"Eliassen Home & Garden Pleasure","url":"https:\/\/www.eliassen.nl\/de\/","logo":{"@id":"https:\/\/www.eliassen.nl\/de\/glasvase-alore-rosa-22cm\/#local-main-organization-logo"},"image":{"@id":"https:\/\/www.eliassen.nl\/de\/glasvase-alore-rosa-22cm\/#local-main-organization-logo"},"sameAs":["https:\/\/www.facebook.com\/TuincentrumEliassenAmmerzoden","https:\/\/www.instagram.com\/eliassenhomeandgarden\/","https:\/\/nl.pinterest.com\/eliassenhomeandgarden\/","https:\/\/www.youtube.com\/@eliassenhomegardenpleasure4558"],"telephone":[],"openingHoursSpecification":[{"@type":"OpeningHoursSpecification","dayOfWeek":["Monday","Tuesday","Wednesday","Thursday","Friday","Saturday","Sunday"],"opens":"09:00","closes":"17:00"}]},{"@type":"ImageObject","inLanguage":"de","@id":"https:\/\/www.eliassen.nl\/de\/glasvase-alore-rosa-22cm\/#local-main-organization-logo","url":"https:\/\/www.eliassen.nl\/wp-content\/uploads\/2024\/01\/logo_4nd.jpg","contentUrl":"https:\/\/www.eliassen.nl\/wp-content\/uploads\/2024\/01\/logo_4nd.jpg","width":500,"height":500,"caption":"Eliassen Home & Garden Pleasure"}]},"product_price_amount":"37.00","product_price_currency":"EUR","og_availability":"instock","product_availability":"instock","product_retailer_item_id":"430\/9450\/ll","product_condition":"new"},"df_price":37,"df_sale_price":"","df_regular_price":37,"df_image_link":"https:\/\/www.eliassen.nl\/wp-content\/uploads\/2024\/10\/glasvaasaloreroze22cmeliassennl1.jpg","image":"https:\/\/www.eliassen.nl\/wp-content\/uploads\/2024\/10\/glasvaasaloreroze22cmeliassennl1.jpg","price_search":"<span class=\"woocommerce-Price-amount amount\"><bdi><span class=\"woocommerce-Price-currencySymbol\">&euro;<\/span>&nbsp;37,00<\/bdi><\/span>","category":"Farbige Glasvasen","global_unique_id":"8720955951401","_links":{"self":[{"href":"https:\/\/www.eliassen.nl\/de\/wp-json\/wp\/v2\/product\/152369","targetHints":{"allow":["GET"]}}],"collection":[{"href":"https:\/\/www.eliassen.nl\/de\/wp-json\/wp\/v2\/product"}],"about":[{"href":"https:\/\/www.eliassen.nl\/de\/wp-json\/wp\/v2\/types\/product"}],"wp:featuredmedia":[{"embeddable":true,"href":"https:\/\/www.eliassen.nl\/de\/wp-json\/wp\/v2\/media\/152360"}],"wp:attachment":[{"href":"https:\/\/www.eliassen.nl\/de\/wp-json\/wp\/v2\/media?parent=152369"}],"wp:term":[{"taxonomy":"product_brand","embeddable":true,"href":"https:\/\/www.eliassen.nl\/de\/wp-json\/wp\/v2\/product_brand?post=152369"},{"taxonomy":"product_cat","embeddable":true,"href":"https:\/\/www.eliassen.nl\/de\/wp-json\/wp\/v2\/product_cat?post=152369"},{"taxonomy":"product_tag","embeddable":true,"href":"https:\/\/www.eliassen.nl\/de\/wp-json\/wp\/v2\/product_tag?post=152369"}],"curies":[{"name":"wp","href":"https:\/\/api.w.org\/{rel}","templated":true}]}}