{"id":15232,"date":"2019-10-28T18:15:31","date_gmt":"2019-10-28T18:15:31","guid":{"rendered":"https:\/\/www.eliassen.nl\/?product=drachen-auf-einem-bronzefigur-rock-spritze"},"modified":"2026-05-10T10:37:47","modified_gmt":"2026-05-10T08:37:47","slug":"skulptur-einer-sprayfigur-eines-bronzenen-drachen-auf-einem-felsen","status":"publish","type":"product","link":"https:\/\/www.eliassen.nl\/de\/skulptur-einer-sprayfigur-eines-bronzenen-drachen-auf-einem-felsen\/","title":{"rendered":"Spr\u00fchfigur Bronze Drache auf einem Felsen"},"content":{"rendered":"<p>Wundersch\u00f6ne Statue\/Brunnen eines Drachens auf einem Felsen aus hochwertiger Bronze mit einem Mindestkupfergehalt von 75%, was eine sehr lange Lebensdauer gew\u00e4hrleistet.<\/p>\n<ul>\n<li>Gr\u00f6\u00dfe: 22 x 15 x 18 cm.<\/li>\n<li>Wird mit Zertifikat geliefert.<\/li>\n<li>Schnelle Lieferung<strong>.<\/strong><\/li>\n<li>30 Jahre Garantie.<\/li>\n<li><strong>Sehr viele aus dieser Serie von Bronzeskulpturen sind auch live in unserem Shop zu sehen.<\/strong><\/li>\n<\/ul>\n<h2 id=\"springaa8\" class=\"article-h2\">Drache<\/h2>\n<p>Wir alle wissen von Drachen &#8211; nur nicht genau, woher sie kommen. Diese riesigen, schlangen\u00e4hnlichen, gefl\u00fcgelten Ungeheuer sind in den mythologischen \u00dcberlieferungen der Welt so allgegenw\u00e4rtig, dass einige Kulturen glauben, dass sie, wie die Dinosaurier, einst eine echte Spezies waren, die jedoch ausgestorben ist. Ein Drache kann alles M\u00f6gliche sein, von der Bewachung oder dem Schutz seines Herrn oder seiner Stadt mit der F\u00e4higkeit, Feuer zu spucken, bis hin zur Vermittlung von Weisheit und dem L\u00f6sen von R\u00e4tseln.<\/p>\n<p>Es ist interessant zu sehen, wie sich ein Fabelwesen in der europ\u00e4ischen Folklore und in der chinesischen Mythologie so \u00e4hnlich entwickelt hat.<\/p>\n","protected":false},"excerpt":{"rendered":"<p>Spr\u00fchfigur Bronze Drache auf einem Felsen<\/p>\n","protected":false},"featured_media":15220,"template":"","meta":{"_acf_changed":false,"_genesis_title":"","_genesis_description":""},"product_brand":[7505],"product_cat":[590,593,613,635,7239],"product_tag":[],"class_list":{"0":"post-15232","1":"product","2":"type-product","3":"status-publish","4":"has-post-thumbnail","6":"product_brand-sonstige","7":"product_cat-sprayfiguren-bronze","8":"product_cat-bronzebrunnen","9":"product_cat-bronzestatuen","10":"product_cat-tierstatuen-aus-bronze","11":"product_cat-bilder","13":"first","14":"instock","15":"taxable","16":"shipping-taxable","17":"purchasable","18":"product-type-simple"},"acf":[],"meta_all":{"total_sales":"2","wcml_sync_hash":{"postmeta_fields":"51ebbef38d08e9c9d047ca28bcf7a0e4"},"attr_label_translations":[],"cor_restricted_countries":[]},"meta_all_flat":{"total_sales":"2","wcml_sync_hash.postmeta_fields":"51ebbef38d08e9c9d047ca28bcf7a0e4"},"yoast_head":"<!-- This site is optimized with the Yoast SEO Premium plugin v26.2 (Yoast SEO v27.2) - https:\/\/yoast.com\/product\/yoast-seo-premium-wordpress\/ -->\n<title>Spr\u00fchfigur Bronze Drache auf einem Felsen<\/title>\n<meta name=\"description\" content=\"Spr\u00fchfigur Bronze Drache auf einem Felsen\" \/>\n<meta name=\"robots\" content=\"index, follow, max-snippet:-1, max-image-preview:large, max-video-preview:-1\" \/>\n<link rel=\"canonical\" href=\"https:\/\/www.eliassen.nl\/de\/skulptur-einer-sprayfigur-eines-bronzenen-drachen-auf-einem-felsen\/\" \/>\n<meta property=\"og:locale\" content=\"de_DE\" \/>\n<meta property=\"og:type\" content=\"article\" \/>\n<meta property=\"og:title\" content=\"Sonstige Spr\u00fchfigur Bronze Drache auf einem Felsen - Eliassen.nl\" \/>\n<meta property=\"og:description\" content=\"Spr\u00fchfigur Bronze Drache auf einem Felsen\" \/>\n<meta property=\"og:url\" content=\"https:\/\/www.eliassen.nl\/de\/skulptur-einer-sprayfigur-eines-bronzenen-drachen-auf-einem-felsen\/\" \/>\n<meta property=\"og:site_name\" content=\"Eliassen.nl\" \/>\n<meta property=\"article:publisher\" content=\"https:\/\/www.facebook.com\/TuincentrumEliassenAmmerzoden\" \/>\n<meta property=\"article:modified_time\" content=\"2026-05-10T08:37:47+00:00\" \/>\n<meta property=\"og:image\" content=\"https:\/\/www.eliassen.nl\/wp-content\/uploads\/2024\/01\/1817.jpg\" \/>\n\t<meta property=\"og:image:width\" content=\"605\" \/>\n\t<meta property=\"og:image:height\" content=\"807\" \/>\n\t<meta property=\"og:image:type\" content=\"image\/jpeg\" \/>\n<meta name=\"twitter:card\" content=\"summary_large_image\" \/>\n<script type=\"application\/ld+json\" class=\"yoast-schema-graph\">{\"@context\":\"https:\/\/schema.org\",\"@graph\":[{\"@type\":\"WebPage\",\"@id\":\"https:\/\/www.eliassen.nl\/de\/skulptur-einer-sprayfigur-eines-bronzenen-drachen-auf-einem-felsen\/\",\"url\":\"https:\/\/www.eliassen.nl\/de\/skulptur-einer-sprayfigur-eines-bronzenen-drachen-auf-einem-felsen\/\",\"name\":\"Spr\u00fchfigur Bronze Drache auf einem Felsen\",\"isPartOf\":{\"@id\":\"https:\/\/www.eliassen.nl\/de\/#website\"},\"primaryImageOfPage\":{\"@id\":\"https:\/\/www.eliassen.nl\/de\/skulptur-einer-sprayfigur-eines-bronzenen-drachen-auf-einem-felsen\/#primaryimage\"},\"image\":{\"@id\":\"https:\/\/www.eliassen.nl\/de\/skulptur-einer-sprayfigur-eines-bronzenen-drachen-auf-einem-felsen\/#primaryimage\"},\"thumbnailUrl\":\"https:\/\/www.eliassen.nl\/wp-content\/uploads\/2024\/01\/1817.jpg\",\"datePublished\":\"2019-10-28T18:15:31+00:00\",\"dateModified\":\"2026-05-10T08:37:47+00:00\",\"description\":\"Spr\u00fchfigur Bronze Drache auf einem Felsen\",\"breadcrumb\":{\"@id\":\"https:\/\/www.eliassen.nl\/de\/skulptur-einer-sprayfigur-eines-bronzenen-drachen-auf-einem-felsen\/#breadcrumb\"},\"inLanguage\":\"de\",\"potentialAction\":[{\"@type\":\"ReadAction\",\"target\":[\"https:\/\/www.eliassen.nl\/de\/skulptur-einer-sprayfigur-eines-bronzenen-drachen-auf-einem-felsen\/\"]}]},{\"@type\":\"ImageObject\",\"inLanguage\":\"de\",\"@id\":\"https:\/\/www.eliassen.nl\/de\/skulptur-einer-sprayfigur-eines-bronzenen-drachen-auf-einem-felsen\/#primaryimage\",\"url\":\"https:\/\/www.eliassen.nl\/wp-content\/uploads\/2024\/01\/1817.jpg\",\"contentUrl\":\"https:\/\/www.eliassen.nl\/wp-content\/uploads\/2024\/01\/1817.jpg\",\"width\":605,\"height\":807,\"caption\":\"1817\"},{\"@type\":\"BreadcrumbList\",\"@id\":\"https:\/\/www.eliassen.nl\/de\/skulptur-einer-sprayfigur-eines-bronzenen-drachen-auf-einem-felsen\/#breadcrumb\",\"itemListElement\":[{\"@type\":\"ListItem\",\"position\":1,\"name\":\"Home\",\"item\":\"https:\/\/www.eliassen.nl\/de\/\"},{\"@type\":\"ListItem\",\"position\":2,\"name\":\"Shop\",\"item\":\"https:\/\/www.eliassen.nl\/de\/shop\/\"},{\"@type\":\"ListItem\",\"position\":3,\"name\":\"Wasserspiele\",\"item\":\"https:\/\/www.eliassen.nl\/de\/wassereigenschaften\/\"},{\"@type\":\"ListItem\",\"position\":4,\"name\":\"Bronze-Spr\u00fchfiguren\",\"item\":\"https:\/\/www.eliassen.nl\/de\/wassereigenschaften\/sprayfiguren-bronze\/\"},{\"@type\":\"ListItem\",\"position\":5,\"name\":\"Spr\u00fchfigur Bronze Drache auf einem Felsen\"}]},{\"@type\":\"WebSite\",\"@id\":\"https:\/\/www.eliassen.nl\/de\/#website\",\"url\":\"https:\/\/www.eliassen.nl\/de\/\",\"name\":\"Eliassen Home & Garden Pleasure\",\"description\":\"\",\"publisher\":{\"@id\":\"https:\/\/www.eliassen.nl\/de\/#organization\"},\"alternateName\":\"Eliassen.nl\",\"potentialAction\":[{\"@type\":\"SearchAction\",\"target\":{\"@type\":\"EntryPoint\",\"urlTemplate\":\"https:\/\/www.eliassen.nl\/de\/?s={search_term_string}\"},\"query-input\":{\"@type\":\"PropertyValueSpecification\",\"valueRequired\":true,\"valueName\":\"search_term_string\"}}],\"inLanguage\":\"de\"},{\"@type\":[\"Organization\",\"Place\"],\"@id\":\"https:\/\/www.eliassen.nl\/de\/#organization\",\"name\":\"Eliassen Home & Garden Pleasure\",\"url\":\"https:\/\/www.eliassen.nl\/de\/\",\"logo\":{\"@id\":\"https:\/\/www.eliassen.nl\/de\/skulptur-einer-sprayfigur-eines-bronzenen-drachen-auf-einem-felsen\/#local-main-organization-logo\"},\"image\":{\"@id\":\"https:\/\/www.eliassen.nl\/de\/skulptur-einer-sprayfigur-eines-bronzenen-drachen-auf-einem-felsen\/#local-main-organization-logo\"},\"sameAs\":[\"https:\/\/www.facebook.com\/TuincentrumEliassenAmmerzoden\",\"https:\/\/www.instagram.com\/eliassenhomeandgarden\/\",\"https:\/\/nl.pinterest.com\/eliassenhomeandgarden\/\",\"https:\/\/www.youtube.com\/@eliassenhomegardenpleasure4558\"],\"telephone\":[],\"openingHoursSpecification\":[{\"@type\":\"OpeningHoursSpecification\",\"dayOfWeek\":[\"Monday\",\"Tuesday\",\"Wednesday\",\"Thursday\",\"Friday\",\"Saturday\",\"Sunday\"],\"opens\":\"09:00\",\"closes\":\"17:00\"}]},{\"@type\":\"ImageObject\",\"inLanguage\":\"de\",\"@id\":\"https:\/\/www.eliassen.nl\/de\/skulptur-einer-sprayfigur-eines-bronzenen-drachen-auf-einem-felsen\/#local-main-organization-logo\",\"url\":\"https:\/\/www.eliassen.nl\/wp-content\/uploads\/2024\/01\/logo_4nd.jpg\",\"contentUrl\":\"https:\/\/www.eliassen.nl\/wp-content\/uploads\/2024\/01\/logo_4nd.jpg\",\"width\":500,\"height\":500,\"caption\":\"Eliassen Home & Garden Pleasure\"}]}<\/script>\n<meta property=\"product:price:amount\" content=\"169.00\" \/>\n<meta property=\"product:price:currency\" content=\"EUR\" \/>\n<meta property=\"og:availability\" content=\"instock\" \/>\n<meta property=\"product:availability\" content=\"instock\" \/>\n<meta property=\"product:retailer_item_id\" content=\"An1817\" \/>\n<meta property=\"product:condition\" content=\"new\" \/>\n<!-- \/ Yoast SEO Premium plugin. -->","yoast_head_json":{"title":"Spr\u00fchfigur Bronze Drache auf einem Felsen","description":"Spr\u00fchfigur Bronze Drache auf einem Felsen","robots":{"index":"index","follow":"follow","max-snippet":"max-snippet:-1","max-image-preview":"max-image-preview:large","max-video-preview":"max-video-preview:-1"},"canonical":"https:\/\/www.eliassen.nl\/de\/skulptur-einer-sprayfigur-eines-bronzenen-drachen-auf-einem-felsen\/","og_locale":"de_DE","og_type":"article","og_title":"Sonstige Spr\u00fchfigur Bronze Drache auf einem Felsen - Eliassen.nl","og_description":"Spr\u00fchfigur Bronze Drache auf einem Felsen","og_url":"https:\/\/www.eliassen.nl\/de\/skulptur-einer-sprayfigur-eines-bronzenen-drachen-auf-einem-felsen\/","og_site_name":"Eliassen.nl","article_publisher":"https:\/\/www.facebook.com\/TuincentrumEliassenAmmerzoden","article_modified_time":"2026-05-10T08:37:47+00:00","og_image":[{"width":605,"height":807,"url":"https:\/\/www.eliassen.nl\/wp-content\/uploads\/2024\/01\/1817.jpg","type":"image\/jpeg"}],"twitter_card":"summary_large_image","schema":{"@context":"https:\/\/schema.org","@graph":[{"@type":"WebPage","@id":"https:\/\/www.eliassen.nl\/de\/skulptur-einer-sprayfigur-eines-bronzenen-drachen-auf-einem-felsen\/","url":"https:\/\/www.eliassen.nl\/de\/skulptur-einer-sprayfigur-eines-bronzenen-drachen-auf-einem-felsen\/","name":"Spr\u00fchfigur Bronze Drache auf einem Felsen","isPartOf":{"@id":"https:\/\/www.eliassen.nl\/de\/#website"},"primaryImageOfPage":{"@id":"https:\/\/www.eliassen.nl\/de\/skulptur-einer-sprayfigur-eines-bronzenen-drachen-auf-einem-felsen\/#primaryimage"},"image":{"@id":"https:\/\/www.eliassen.nl\/de\/skulptur-einer-sprayfigur-eines-bronzenen-drachen-auf-einem-felsen\/#primaryimage"},"thumbnailUrl":"https:\/\/www.eliassen.nl\/wp-content\/uploads\/2024\/01\/1817.jpg","datePublished":"2019-10-28T18:15:31+00:00","dateModified":"2026-05-10T08:37:47+00:00","description":"Spr\u00fchfigur Bronze Drache auf einem Felsen","breadcrumb":{"@id":"https:\/\/www.eliassen.nl\/de\/skulptur-einer-sprayfigur-eines-bronzenen-drachen-auf-einem-felsen\/#breadcrumb"},"inLanguage":"de","potentialAction":[{"@type":"ReadAction","target":["https:\/\/www.eliassen.nl\/de\/skulptur-einer-sprayfigur-eines-bronzenen-drachen-auf-einem-felsen\/"]}]},{"@type":"ImageObject","inLanguage":"de","@id":"https:\/\/www.eliassen.nl\/de\/skulptur-einer-sprayfigur-eines-bronzenen-drachen-auf-einem-felsen\/#primaryimage","url":"https:\/\/www.eliassen.nl\/wp-content\/uploads\/2024\/01\/1817.jpg","contentUrl":"https:\/\/www.eliassen.nl\/wp-content\/uploads\/2024\/01\/1817.jpg","width":605,"height":807,"caption":"1817"},{"@type":"BreadcrumbList","@id":"https:\/\/www.eliassen.nl\/de\/skulptur-einer-sprayfigur-eines-bronzenen-drachen-auf-einem-felsen\/#breadcrumb","itemListElement":[{"@type":"ListItem","position":1,"name":"Home","item":"https:\/\/www.eliassen.nl\/de\/"},{"@type":"ListItem","position":2,"name":"Shop","item":"https:\/\/www.eliassen.nl\/de\/shop\/"},{"@type":"ListItem","position":3,"name":"Wasserspiele","item":"https:\/\/www.eliassen.nl\/de\/wassereigenschaften\/"},{"@type":"ListItem","position":4,"name":"Bronze-Spr\u00fchfiguren","item":"https:\/\/www.eliassen.nl\/de\/wassereigenschaften\/sprayfiguren-bronze\/"},{"@type":"ListItem","position":5,"name":"Spr\u00fchfigur Bronze Drache auf einem Felsen"}]},{"@type":"WebSite","@id":"https:\/\/www.eliassen.nl\/de\/#website","url":"https:\/\/www.eliassen.nl\/de\/","name":"Eliassen Home & Garden Pleasure","description":"","publisher":{"@id":"https:\/\/www.eliassen.nl\/de\/#organization"},"alternateName":"Eliassen.nl","potentialAction":[{"@type":"SearchAction","target":{"@type":"EntryPoint","urlTemplate":"https:\/\/www.eliassen.nl\/de\/?s={search_term_string}"},"query-input":{"@type":"PropertyValueSpecification","valueRequired":true,"valueName":"search_term_string"}}],"inLanguage":"de"},{"@type":["Organization","Place"],"@id":"https:\/\/www.eliassen.nl\/de\/#organization","name":"Eliassen Home & Garden Pleasure","url":"https:\/\/www.eliassen.nl\/de\/","logo":{"@id":"https:\/\/www.eliassen.nl\/de\/skulptur-einer-sprayfigur-eines-bronzenen-drachen-auf-einem-felsen\/#local-main-organization-logo"},"image":{"@id":"https:\/\/www.eliassen.nl\/de\/skulptur-einer-sprayfigur-eines-bronzenen-drachen-auf-einem-felsen\/#local-main-organization-logo"},"sameAs":["https:\/\/www.facebook.com\/TuincentrumEliassenAmmerzoden","https:\/\/www.instagram.com\/eliassenhomeandgarden\/","https:\/\/nl.pinterest.com\/eliassenhomeandgarden\/","https:\/\/www.youtube.com\/@eliassenhomegardenpleasure4558"],"telephone":[],"openingHoursSpecification":[{"@type":"OpeningHoursSpecification","dayOfWeek":["Monday","Tuesday","Wednesday","Thursday","Friday","Saturday","Sunday"],"opens":"09:00","closes":"17:00"}]},{"@type":"ImageObject","inLanguage":"de","@id":"https:\/\/www.eliassen.nl\/de\/skulptur-einer-sprayfigur-eines-bronzenen-drachen-auf-einem-felsen\/#local-main-organization-logo","url":"https:\/\/www.eliassen.nl\/wp-content\/uploads\/2024\/01\/logo_4nd.jpg","contentUrl":"https:\/\/www.eliassen.nl\/wp-content\/uploads\/2024\/01\/logo_4nd.jpg","width":500,"height":500,"caption":"Eliassen Home & Garden Pleasure"}]},"product_price_amount":"169.00","product_price_currency":"EUR","og_availability":"instock","product_availability":"instock","product_retailer_item_id":"An1817","product_condition":"new"},"df_price":169,"df_sale_price":"","df_regular_price":169,"df_image_link":"https:\/\/www.eliassen.nl\/wp-content\/uploads\/2024\/01\/1817.jpg","image":"https:\/\/www.eliassen.nl\/wp-content\/uploads\/2024\/01\/1817.jpg","price_search":"<span class=\"woocommerce-Price-amount amount\"><bdi><span class=\"woocommerce-Price-currencySymbol\">&euro;<\/span>&nbsp;169,00<\/bdi><\/span>","category":"Bronze-Spr\u00fchfiguren","global_unique_id":"5410807018170","_links":{"self":[{"href":"https:\/\/www.eliassen.nl\/de\/wp-json\/wp\/v2\/product\/15232","targetHints":{"allow":["GET"]}}],"collection":[{"href":"https:\/\/www.eliassen.nl\/de\/wp-json\/wp\/v2\/product"}],"about":[{"href":"https:\/\/www.eliassen.nl\/de\/wp-json\/wp\/v2\/types\/product"}],"wp:featuredmedia":[{"embeddable":true,"href":"https:\/\/www.eliassen.nl\/de\/wp-json\/wp\/v2\/media\/15220"}],"wp:attachment":[{"href":"https:\/\/www.eliassen.nl\/de\/wp-json\/wp\/v2\/media?parent=15232"}],"wp:term":[{"taxonomy":"product_brand","embeddable":true,"href":"https:\/\/www.eliassen.nl\/de\/wp-json\/wp\/v2\/product_brand?post=15232"},{"taxonomy":"product_cat","embeddable":true,"href":"https:\/\/www.eliassen.nl\/de\/wp-json\/wp\/v2\/product_cat?post=15232"},{"taxonomy":"product_tag","embeddable":true,"href":"https:\/\/www.eliassen.nl\/de\/wp-json\/wp\/v2\/product_tag?post=15232"}],"curies":[{"name":"wp","href":"https:\/\/api.w.org\/{rel}","templated":true}]}}