{"id":152093,"date":"2024-03-28T16:34:10","date_gmt":"2024-03-28T16:34:10","guid":{"rendered":"https:\/\/www.eliassen.nl\/?product=copy-of-glasvaas-toronto-groen-blauw-28cm"},"modified":"2026-02-27T13:58:49","modified_gmt":"2026-02-27T12:58:49","slug":"glasvase-bambini-rosa-flamme-25cm","status":"publish","type":"product","link":"https:\/\/www.eliassen.nl\/de\/glasvase-bambini-rosa-flamme-25cm\/","title":{"rendered":"Glasvase Fidrio bambini Rosa Flamme 25cm"},"content":{"rendered":"<p class=\"x_MsoListParagraph\">Diese sch\u00f6ne halbhohe Blumenvase der Spitzenmarke Fidrio wird sicherlich ein wertvolles Dekorationsst\u00fcck in Ihrer Einrichtung sein. Mit Blumen ist diese Glasvase sicherlich ein sch\u00f6ner Blickfang, aber auch ohne Blumen macht diese Glasvase in jeder Einrichtung eine gute Figur.<\/p>\n<p class=\"x_MsoListParagraph\">Alle Glasvasen von Fidrio werden nach traditioneller, handwerklicher Art und Weise handgefertigt. Das bearbeitbare, superhei\u00dfe Glas wird in eine Holzform geblasen, wobei die Form als Grundform dient, aber die Farbnuancen und damit das Aussehen bei jeder Vase anders ausfallen werden. Die angegebenen Gr\u00f6\u00dfen sind immer Circa-Gr\u00f6\u00dfen.<\/p>\n<ul>\n<li class=\"x_MsoListParagraph\">Gr\u00f6\u00dfe: 18x25cm hoch.<\/li>\n<li class=\"x_MsoListParagraph\">Farbe: Rosa und braune Farben.<\/li>\n<li class=\"x_MsoListParagraph\">Material: Hochwertiges mundgeblasenes europ\u00e4isches Glas.<\/li>\n<li class=\"x_MsoListParagraph\">Garantie: 1 Jahr.<\/li>\n<li class=\"x_MsoListParagraph\">Reinigen Sie niemals mit hei\u00dfem Wasser.<\/li>\n<li class=\"x_MsoListParagraph\">Wird auf umweltfreundliche Weise verpackt.<\/li>\n<li class=\"x_MsoListParagraph\">Das Foto dient nur als Beispiel.<\/li>\n<\/ul>\n","protected":false},"excerpt":{"rendered":"<p>Sch\u00f6ne, hochwertige Glaswaren. Gr\u00f6\u00dfe 18x25cm hoch.<\/p>\n","protected":false},"featured_media":152081,"template":"","meta":{"_acf_changed":false,"_genesis_title":"","_genesis_description":""},"product_brand":[6950],"product_cat":[812,800,7060],"product_tag":[],"class_list":{"0":"post-152093","1":"product","2":"type-product","3":"status-publish","4":"has-post-thumbnail","6":"product_brand-fidrio-de","7":"product_cat-farbige-glasvasen","8":"product_cat-glaskunst","9":"product_cat-fidrio-glaskollektion","11":"first","12":"outofstock","13":"sale","14":"taxable","15":"shipping-taxable","16":"purchasable","17":"product-type-simple"},"acf":[],"meta_all":{"total_sales":"1","wcml_sync_hash":{"postmeta_fields":"d87729f5710321bba80e86f7d300adc5"},"attr_label_translations":[],"cor_restricted_countries":[]},"meta_all_flat":{"total_sales":"1","wcml_sync_hash.postmeta_fields":"d87729f5710321bba80e86f7d300adc5"},"yoast_head":"<!-- This site is optimized with the Yoast SEO Premium plugin v26.2 (Yoast SEO v27.2) - https:\/\/yoast.com\/product\/yoast-seo-premium-wordpress\/ -->\n<title>Glasvase bambini rosa Flamme 25cm - Eliassen.nl<\/title>\n<meta name=\"description\" content=\"Sind Sie auf der Suche nach Fidrio Bambini Glaswaren ? Durchst\u00f6bern Sie unsere Glaskollektion online in unserem Webshop oder kommen Sie in unserem Gesch\u00e4ft vorbei. Schnelle Lieferzeiten und eine gro\u00dfe Auswahl an Glaswaren.\" \/>\n<meta name=\"robots\" content=\"index, follow, max-snippet:-1, max-image-preview:large, max-video-preview:-1\" \/>\n<link rel=\"canonical\" href=\"https:\/\/www.eliassen.nl\/de\/glasvase-bambini-rosa-flamme-25cm\/\" \/>\n<meta property=\"og:locale\" content=\"de_DE\" \/>\n<meta property=\"og:type\" content=\"article\" \/>\n<meta property=\"og:title\" content=\"Fidrio Glasvase Fidrio bambini Rosa Flamme 25cm - Eliassen.nl\" \/>\n<meta property=\"og:description\" content=\"Sind Sie auf der Suche nach Fidrio Bambini Glaswaren ? Durchst\u00f6bern Sie unsere Glaskollektion online in unserem Webshop oder kommen Sie in unserem Gesch\u00e4ft vorbei. Schnelle Lieferzeiten und eine gro\u00dfe Auswahl an Glaswaren.\" \/>\n<meta property=\"og:url\" content=\"https:\/\/www.eliassen.nl\/de\/glasvase-bambini-rosa-flamme-25cm\/\" \/>\n<meta property=\"og:site_name\" content=\"Eliassen.nl\" \/>\n<meta property=\"article:publisher\" content=\"https:\/\/www.facebook.com\/TuincentrumEliassenAmmerzoden\" \/>\n<meta property=\"article:modified_time\" content=\"2026-02-27T12:58:49+00:00\" \/>\n<meta property=\"og:image\" content=\"https:\/\/www.eliassen.nl\/wp-content\/uploads\/2024\/10\/glasvaasbambinirozevlam25cmeliassennl4.jpg\" \/>\n\t<meta property=\"og:image:width\" content=\"1536\" \/>\n\t<meta property=\"og:image:height\" content=\"2048\" \/>\n\t<meta property=\"og:image:type\" content=\"image\/jpeg\" \/>\n<meta name=\"twitter:card\" content=\"summary_large_image\" \/>\n<script type=\"application\/ld+json\" class=\"yoast-schema-graph\">{\"@context\":\"https:\/\/schema.org\",\"@graph\":[{\"@type\":\"WebPage\",\"@id\":\"https:\/\/www.eliassen.nl\/de\/glasvase-bambini-rosa-flamme-25cm\/\",\"url\":\"https:\/\/www.eliassen.nl\/de\/glasvase-bambini-rosa-flamme-25cm\/\",\"name\":\"Glasvase bambini rosa Flamme 25cm - Eliassen.nl\",\"isPartOf\":{\"@id\":\"https:\/\/www.eliassen.nl\/de\/#website\"},\"primaryImageOfPage\":{\"@id\":\"https:\/\/www.eliassen.nl\/de\/glasvase-bambini-rosa-flamme-25cm\/#primaryimage\"},\"image\":{\"@id\":\"https:\/\/www.eliassen.nl\/de\/glasvase-bambini-rosa-flamme-25cm\/#primaryimage\"},\"thumbnailUrl\":\"https:\/\/www.eliassen.nl\/wp-content\/uploads\/2024\/10\/glasvaasbambinirozevlam25cmeliassennl4.jpg\",\"datePublished\":\"2024-03-28T16:34:10+00:00\",\"dateModified\":\"2026-02-27T12:58:49+00:00\",\"description\":\"Sind Sie auf der Suche nach Fidrio Bambini Glaswaren ? Durchst\u00f6bern Sie unsere Glaskollektion online in unserem Webshop oder kommen Sie in unserem Gesch\u00e4ft vorbei. Schnelle Lieferzeiten und eine gro\u00dfe Auswahl an Glaswaren.\",\"breadcrumb\":{\"@id\":\"https:\/\/www.eliassen.nl\/de\/glasvase-bambini-rosa-flamme-25cm\/#breadcrumb\"},\"inLanguage\":\"de\",\"potentialAction\":[{\"@type\":\"ReadAction\",\"target\":[\"https:\/\/www.eliassen.nl\/de\/glasvase-bambini-rosa-flamme-25cm\/\"]}]},{\"@type\":\"ImageObject\",\"inLanguage\":\"de\",\"@id\":\"https:\/\/www.eliassen.nl\/de\/glasvase-bambini-rosa-flamme-25cm\/#primaryimage\",\"url\":\"https:\/\/www.eliassen.nl\/wp-content\/uploads\/2024\/10\/glasvaasbambinirozevlam25cmeliassennl4.jpg\",\"contentUrl\":\"https:\/\/www.eliassen.nl\/wp-content\/uploads\/2024\/10\/glasvaasbambinirozevlam25cmeliassennl4.jpg\",\"width\":1536,\"height\":2048,\"caption\":\"Glasvase bambini rosa Flamme 25cm eliassen.de 4\"},{\"@type\":\"BreadcrumbList\",\"@id\":\"https:\/\/www.eliassen.nl\/de\/glasvase-bambini-rosa-flamme-25cm\/#breadcrumb\",\"itemListElement\":[{\"@type\":\"ListItem\",\"position\":1,\"name\":\"Home\",\"item\":\"https:\/\/www.eliassen.nl\/de\/\"},{\"@type\":\"ListItem\",\"position\":2,\"name\":\"Shop\",\"item\":\"https:\/\/www.eliassen.nl\/de\/shop\/\"},{\"@type\":\"ListItem\",\"position\":3,\"name\":\"Glaskunst\",\"item\":\"https:\/\/www.eliassen.nl\/de\/glaskunst\/\"},{\"@type\":\"ListItem\",\"position\":4,\"name\":\"Farbige Glasvasen\",\"item\":\"https:\/\/www.eliassen.nl\/de\/glaskunst\/farbige-glasvasen\/\"},{\"@type\":\"ListItem\",\"position\":5,\"name\":\"Glasvase Fidrio bambini Rosa Flamme 25cm\"}]},{\"@type\":\"WebSite\",\"@id\":\"https:\/\/www.eliassen.nl\/de\/#website\",\"url\":\"https:\/\/www.eliassen.nl\/de\/\",\"name\":\"Eliassen Home & Garden Pleasure\",\"description\":\"\",\"publisher\":{\"@id\":\"https:\/\/www.eliassen.nl\/de\/#organization\"},\"alternateName\":\"Eliassen.nl\",\"potentialAction\":[{\"@type\":\"SearchAction\",\"target\":{\"@type\":\"EntryPoint\",\"urlTemplate\":\"https:\/\/www.eliassen.nl\/de\/?s={search_term_string}\"},\"query-input\":{\"@type\":\"PropertyValueSpecification\",\"valueRequired\":true,\"valueName\":\"search_term_string\"}}],\"inLanguage\":\"de\"},{\"@type\":[\"Organization\",\"Place\"],\"@id\":\"https:\/\/www.eliassen.nl\/de\/#organization\",\"name\":\"Eliassen Home & Garden Pleasure\",\"url\":\"https:\/\/www.eliassen.nl\/de\/\",\"logo\":{\"@id\":\"https:\/\/www.eliassen.nl\/de\/glasvase-bambini-rosa-flamme-25cm\/#local-main-organization-logo\"},\"image\":{\"@id\":\"https:\/\/www.eliassen.nl\/de\/glasvase-bambini-rosa-flamme-25cm\/#local-main-organization-logo\"},\"sameAs\":[\"https:\/\/www.facebook.com\/TuincentrumEliassenAmmerzoden\",\"https:\/\/www.instagram.com\/eliassenhomeandgarden\/\",\"https:\/\/nl.pinterest.com\/eliassenhomeandgarden\/\",\"https:\/\/www.youtube.com\/@eliassenhomegardenpleasure4558\"],\"telephone\":[],\"openingHoursSpecification\":[{\"@type\":\"OpeningHoursSpecification\",\"dayOfWeek\":[\"Monday\",\"Tuesday\",\"Wednesday\",\"Thursday\",\"Friday\",\"Saturday\",\"Sunday\"],\"opens\":\"09:00\",\"closes\":\"17:00\"}]},{\"@type\":\"ImageObject\",\"inLanguage\":\"de\",\"@id\":\"https:\/\/www.eliassen.nl\/de\/glasvase-bambini-rosa-flamme-25cm\/#local-main-organization-logo\",\"url\":\"https:\/\/www.eliassen.nl\/wp-content\/uploads\/2024\/01\/logo_4nd.jpg\",\"contentUrl\":\"https:\/\/www.eliassen.nl\/wp-content\/uploads\/2024\/01\/logo_4nd.jpg\",\"width\":500,\"height\":500,\"caption\":\"Eliassen Home & Garden Pleasure\"}]}<\/script>\n<meta property=\"product:price:amount\" content=\"37.50\" \/>\n<meta property=\"product:price:currency\" content=\"EUR\" \/>\n<meta property=\"og:availability\" content=\"out of stock\" \/>\n<meta property=\"product:availability\" content=\"out of stock\" \/>\n<meta property=\"product:retailer_item_id\" content=\"430\/9202 pf GEU\" \/>\n<meta property=\"product:condition\" content=\"new\" \/>\n<!-- \/ Yoast SEO Premium plugin. -->","yoast_head_json":{"title":"Glasvase bambini rosa Flamme 25cm - Eliassen.nl","description":"Sind Sie auf der Suche nach Fidrio Bambini Glaswaren ? Durchst\u00f6bern Sie unsere Glaskollektion online in unserem Webshop oder kommen Sie in unserem Gesch\u00e4ft vorbei. Schnelle Lieferzeiten und eine gro\u00dfe Auswahl an Glaswaren.","robots":{"index":"index","follow":"follow","max-snippet":"max-snippet:-1","max-image-preview":"max-image-preview:large","max-video-preview":"max-video-preview:-1"},"canonical":"https:\/\/www.eliassen.nl\/de\/glasvase-bambini-rosa-flamme-25cm\/","og_locale":"de_DE","og_type":"article","og_title":"Fidrio Glasvase Fidrio bambini Rosa Flamme 25cm - Eliassen.nl","og_description":"Sind Sie auf der Suche nach Fidrio Bambini Glaswaren ? Durchst\u00f6bern Sie unsere Glaskollektion online in unserem Webshop oder kommen Sie in unserem Gesch\u00e4ft vorbei. Schnelle Lieferzeiten und eine gro\u00dfe Auswahl an Glaswaren.","og_url":"https:\/\/www.eliassen.nl\/de\/glasvase-bambini-rosa-flamme-25cm\/","og_site_name":"Eliassen.nl","article_publisher":"https:\/\/www.facebook.com\/TuincentrumEliassenAmmerzoden","article_modified_time":"2026-02-27T12:58:49+00:00","og_image":[{"width":1536,"height":2048,"url":"https:\/\/www.eliassen.nl\/wp-content\/uploads\/2024\/10\/glasvaasbambinirozevlam25cmeliassennl4.jpg","type":"image\/jpeg"}],"twitter_card":"summary_large_image","schema":{"@context":"https:\/\/schema.org","@graph":[{"@type":"WebPage","@id":"https:\/\/www.eliassen.nl\/de\/glasvase-bambini-rosa-flamme-25cm\/","url":"https:\/\/www.eliassen.nl\/de\/glasvase-bambini-rosa-flamme-25cm\/","name":"Glasvase bambini rosa Flamme 25cm - Eliassen.nl","isPartOf":{"@id":"https:\/\/www.eliassen.nl\/de\/#website"},"primaryImageOfPage":{"@id":"https:\/\/www.eliassen.nl\/de\/glasvase-bambini-rosa-flamme-25cm\/#primaryimage"},"image":{"@id":"https:\/\/www.eliassen.nl\/de\/glasvase-bambini-rosa-flamme-25cm\/#primaryimage"},"thumbnailUrl":"https:\/\/www.eliassen.nl\/wp-content\/uploads\/2024\/10\/glasvaasbambinirozevlam25cmeliassennl4.jpg","datePublished":"2024-03-28T16:34:10+00:00","dateModified":"2026-02-27T12:58:49+00:00","description":"Sind Sie auf der Suche nach Fidrio Bambini Glaswaren ? Durchst\u00f6bern Sie unsere Glaskollektion online in unserem Webshop oder kommen Sie in unserem Gesch\u00e4ft vorbei. Schnelle Lieferzeiten und eine gro\u00dfe Auswahl an Glaswaren.","breadcrumb":{"@id":"https:\/\/www.eliassen.nl\/de\/glasvase-bambini-rosa-flamme-25cm\/#breadcrumb"},"inLanguage":"de","potentialAction":[{"@type":"ReadAction","target":["https:\/\/www.eliassen.nl\/de\/glasvase-bambini-rosa-flamme-25cm\/"]}]},{"@type":"ImageObject","inLanguage":"de","@id":"https:\/\/www.eliassen.nl\/de\/glasvase-bambini-rosa-flamme-25cm\/#primaryimage","url":"https:\/\/www.eliassen.nl\/wp-content\/uploads\/2024\/10\/glasvaasbambinirozevlam25cmeliassennl4.jpg","contentUrl":"https:\/\/www.eliassen.nl\/wp-content\/uploads\/2024\/10\/glasvaasbambinirozevlam25cmeliassennl4.jpg","width":1536,"height":2048,"caption":"Glasvase bambini rosa Flamme 25cm eliassen.de 4"},{"@type":"BreadcrumbList","@id":"https:\/\/www.eliassen.nl\/de\/glasvase-bambini-rosa-flamme-25cm\/#breadcrumb","itemListElement":[{"@type":"ListItem","position":1,"name":"Home","item":"https:\/\/www.eliassen.nl\/de\/"},{"@type":"ListItem","position":2,"name":"Shop","item":"https:\/\/www.eliassen.nl\/de\/shop\/"},{"@type":"ListItem","position":3,"name":"Glaskunst","item":"https:\/\/www.eliassen.nl\/de\/glaskunst\/"},{"@type":"ListItem","position":4,"name":"Farbige Glasvasen","item":"https:\/\/www.eliassen.nl\/de\/glaskunst\/farbige-glasvasen\/"},{"@type":"ListItem","position":5,"name":"Glasvase Fidrio bambini Rosa Flamme 25cm"}]},{"@type":"WebSite","@id":"https:\/\/www.eliassen.nl\/de\/#website","url":"https:\/\/www.eliassen.nl\/de\/","name":"Eliassen Home & Garden Pleasure","description":"","publisher":{"@id":"https:\/\/www.eliassen.nl\/de\/#organization"},"alternateName":"Eliassen.nl","potentialAction":[{"@type":"SearchAction","target":{"@type":"EntryPoint","urlTemplate":"https:\/\/www.eliassen.nl\/de\/?s={search_term_string}"},"query-input":{"@type":"PropertyValueSpecification","valueRequired":true,"valueName":"search_term_string"}}],"inLanguage":"de"},{"@type":["Organization","Place"],"@id":"https:\/\/www.eliassen.nl\/de\/#organization","name":"Eliassen Home & Garden Pleasure","url":"https:\/\/www.eliassen.nl\/de\/","logo":{"@id":"https:\/\/www.eliassen.nl\/de\/glasvase-bambini-rosa-flamme-25cm\/#local-main-organization-logo"},"image":{"@id":"https:\/\/www.eliassen.nl\/de\/glasvase-bambini-rosa-flamme-25cm\/#local-main-organization-logo"},"sameAs":["https:\/\/www.facebook.com\/TuincentrumEliassenAmmerzoden","https:\/\/www.instagram.com\/eliassenhomeandgarden\/","https:\/\/nl.pinterest.com\/eliassenhomeandgarden\/","https:\/\/www.youtube.com\/@eliassenhomegardenpleasure4558"],"telephone":[],"openingHoursSpecification":[{"@type":"OpeningHoursSpecification","dayOfWeek":["Monday","Tuesday","Wednesday","Thursday","Friday","Saturday","Sunday"],"opens":"09:00","closes":"17:00"}]},{"@type":"ImageObject","inLanguage":"de","@id":"https:\/\/www.eliassen.nl\/de\/glasvase-bambini-rosa-flamme-25cm\/#local-main-organization-logo","url":"https:\/\/www.eliassen.nl\/wp-content\/uploads\/2024\/01\/logo_4nd.jpg","contentUrl":"https:\/\/www.eliassen.nl\/wp-content\/uploads\/2024\/01\/logo_4nd.jpg","width":500,"height":500,"caption":"Eliassen Home & Garden Pleasure"}]},"product_price_amount":"37.50","product_price_currency":"EUR","og_availability":"out of stock","product_availability":"out of stock","product_retailer_item_id":"430\/9202 pf GEU","product_condition":"new"},"df_price":37.5,"df_sale_price":37.5,"df_regular_price":49.5,"df_image_link":"https:\/\/www.eliassen.nl\/wp-content\/uploads\/2024\/10\/glasvaasbambinirozevlam25cmeliassennl4.jpg","image":"https:\/\/www.eliassen.nl\/wp-content\/uploads\/2024\/10\/glasvaasbambinirozevlam25cmeliassennl4.jpg","price_search":"<span class=\"woocommerce-Price-amount amount\"><bdi><span class=\"woocommerce-Price-currencySymbol\">&euro;<\/span>&nbsp;37,50<\/bdi><\/span>","category":"Farbige Glasvasen","global_unique_id":"8720297677137","_links":{"self":[{"href":"https:\/\/www.eliassen.nl\/de\/wp-json\/wp\/v2\/product\/152093","targetHints":{"allow":["GET"]}}],"collection":[{"href":"https:\/\/www.eliassen.nl\/de\/wp-json\/wp\/v2\/product"}],"about":[{"href":"https:\/\/www.eliassen.nl\/de\/wp-json\/wp\/v2\/types\/product"}],"wp:featuredmedia":[{"embeddable":true,"href":"https:\/\/www.eliassen.nl\/de\/wp-json\/wp\/v2\/media\/152081"}],"wp:attachment":[{"href":"https:\/\/www.eliassen.nl\/de\/wp-json\/wp\/v2\/media?parent=152093"}],"wp:term":[{"taxonomy":"product_brand","embeddable":true,"href":"https:\/\/www.eliassen.nl\/de\/wp-json\/wp\/v2\/product_brand?post=152093"},{"taxonomy":"product_cat","embeddable":true,"href":"https:\/\/www.eliassen.nl\/de\/wp-json\/wp\/v2\/product_cat?post=152093"},{"taxonomy":"product_tag","embeddable":true,"href":"https:\/\/www.eliassen.nl\/de\/wp-json\/wp\/v2\/product_tag?post=152093"}],"curies":[{"name":"wp","href":"https:\/\/api.w.org\/{rel}","templated":true}]}}