{"id":151835,"date":"2024-03-26T08:27:10","date_gmt":"2024-03-26T08:27:10","guid":{"rendered":"https:\/\/www.eliassen.nl\/?product=schilderij-3d-flood-150x60cm"},"modified":"2026-01-07T13:36:44","modified_gmt":"2026-01-07T12:36:44","slug":"gemalde-3d-flut-150x60cm","status":"publish","type":"product","link":"https:\/\/www.eliassen.nl\/de\/gemalde-3d-flut-150x60cm\/","title":{"rendered":"Gem\u00e4lde 3D Flut 150x60cm"},"content":{"rendered":"<p>Ein wundersch\u00f6nes 3D-Metallbild mit dem Bild einer abstrakten Blume, das auf der R\u00fcckseite gestanzt wurde, um den bestm\u00f6glichen 3D-Effekt zu erzielen. Ein sch\u00f6nes St\u00fcck Wanddekoration f\u00fcr Ihr Zuhause, drau\u00dfen unter einem Vordach oder in Ihrem Gesch\u00e4ft. Die Farben und das allgemeine Erscheinungsbild k\u00f6nnen vom Foto abweichen, da der gesamte Artikel von Menschenhand gefertigt wurde.<\/p>\n<p><strong>Praktisch alle Metallbilder aus dieser Serie k\u00f6nnen Sie in unserem Gesch\u00e4ft live betrachten.<\/strong><\/p>\n<ul>\n<li>Gr\u00f6\u00dfe: 150&#215;60 cm<\/li>\n<li>Material: lackiertes Metall<\/li>\n<li>Einfach mit 2 Schrauben aufzuh\u00e4ngen<\/li>\n<li>Nur f\u00fcr drinnen oder drau\u00dfen unter Schutz<\/li>\n<li>Garantie 1 Jahr<\/li>\n<\/ul>\n","protected":false},"excerpt":{"rendered":"<p>3D-Malerei aus Metall in einer l\u00e4nglichen Form 150x60cm.  <\/p>\n","protected":false},"featured_media":151832,"template":"","meta":{"_acf_changed":false,"_genesis_title":"","_genesis_description":""},"product_brand":[7505],"product_cat":[419,440,410],"product_tag":[],"class_list":{"0":"post-151835","1":"product","2":"type-product","3":"status-publish","4":"has-post-thumbnail","6":"product_brand-sonstige","7":"product_cat-3d-gemaelde-aus-metall","8":"product_cat-andere-groessen-3d-gemaelde-aus-metall","9":"product_cat-gemaelde","11":"first","12":"instock","13":"taxable","14":"shipping-taxable","15":"purchasable","16":"product-type-simple"},"acf":[],"meta_all":{"total_sales":"0","wcml_sync_hash":{"postmeta_fields":"d169e690ad73269f366e0a470f0f19b7"},"attr_label_translations":[]},"meta_all_flat":{"total_sales":"0","wcml_sync_hash.postmeta_fields":"d169e690ad73269f366e0a470f0f19b7"},"yoast_head":"<!-- This site is optimized with the Yoast SEO Premium plugin v26.2 (Yoast SEO v27.2) - https:\/\/yoast.com\/product\/yoast-seo-premium-wordpress\/ -->\n<title>Gem\u00e4lde 3D Flut 150x60cm - Eliassen.nl<\/title>\n<meta name=\"description\" content=\"Suchen Sie ein Metallbild? Sie werden dieses schlichte, moderne Metallgem\u00e4lde sicher zu sch\u00e4tzen wissen. Schnelle Lieferung. Gr\u00f6\u00dfe 150x60cm hoch.\" \/>\n<meta name=\"robots\" content=\"index, follow, max-snippet:-1, max-image-preview:large, max-video-preview:-1\" \/>\n<link rel=\"canonical\" href=\"https:\/\/www.eliassen.nl\/de\/gemalde-3d-flut-150x60cm\/\" \/>\n<meta property=\"og:locale\" content=\"de_DE\" \/>\n<meta property=\"og:type\" content=\"article\" \/>\n<meta property=\"og:title\" content=\"Sonstige Gem\u00e4lde 3D Flut 150x60cm - Eliassen.nl\" \/>\n<meta property=\"og:description\" content=\"Suchen Sie ein Metallbild? Sie werden dieses schlichte, moderne Metallgem\u00e4lde sicher zu sch\u00e4tzen wissen. Schnelle Lieferung. Gr\u00f6\u00dfe 150x60cm hoch.\" \/>\n<meta property=\"og:url\" content=\"https:\/\/www.eliassen.nl\/de\/gemalde-3d-flut-150x60cm\/\" \/>\n<meta property=\"og:site_name\" content=\"Eliassen.nl\" \/>\n<meta property=\"article:publisher\" content=\"https:\/\/www.facebook.com\/TuincentrumEliassenAmmerzoden\" \/>\n<meta property=\"article:modified_time\" content=\"2026-01-07T12:36:44+00:00\" \/>\n<meta property=\"og:image\" content=\"https:\/\/www.eliassen.nl\/wp-content\/uploads\/2024\/10\/3dschilderijfloodeliassennlt2341.jpg\" \/>\n\t<meta property=\"og:image:width\" content=\"2048\" \/>\n\t<meta property=\"og:image:height\" content=\"1051\" \/>\n\t<meta property=\"og:image:type\" content=\"image\/jpeg\" \/>\n<meta name=\"twitter:card\" content=\"summary_large_image\" \/>\n<script type=\"application\/ld+json\" class=\"yoast-schema-graph\">{\"@context\":\"https:\/\/schema.org\",\"@graph\":[{\"@type\":\"WebPage\",\"@id\":\"https:\/\/www.eliassen.nl\/de\/gemalde-3d-flut-150x60cm\/\",\"url\":\"https:\/\/www.eliassen.nl\/de\/gemalde-3d-flut-150x60cm\/\",\"name\":\"Gem\u00e4lde 3D Flut 150x60cm - Eliassen.nl\",\"isPartOf\":{\"@id\":\"https:\/\/www.eliassen.nl\/de\/#website\"},\"primaryImageOfPage\":{\"@id\":\"https:\/\/www.eliassen.nl\/de\/gemalde-3d-flut-150x60cm\/#primaryimage\"},\"image\":{\"@id\":\"https:\/\/www.eliassen.nl\/de\/gemalde-3d-flut-150x60cm\/#primaryimage\"},\"thumbnailUrl\":\"https:\/\/www.eliassen.nl\/wp-content\/uploads\/2024\/10\/3dschilderijfloodeliassennlt2341.jpg\",\"datePublished\":\"2024-03-26T08:27:10+00:00\",\"dateModified\":\"2026-01-07T12:36:44+00:00\",\"description\":\"Suchen Sie ein Metallbild? Sie werden dieses schlichte, moderne Metallgem\u00e4lde sicher zu sch\u00e4tzen wissen. Schnelle Lieferung. Gr\u00f6\u00dfe 150x60cm hoch.\",\"breadcrumb\":{\"@id\":\"https:\/\/www.eliassen.nl\/de\/gemalde-3d-flut-150x60cm\/#breadcrumb\"},\"inLanguage\":\"de\",\"potentialAction\":[{\"@type\":\"ReadAction\",\"target\":[\"https:\/\/www.eliassen.nl\/de\/gemalde-3d-flut-150x60cm\/\"]}]},{\"@type\":\"ImageObject\",\"inLanguage\":\"de\",\"@id\":\"https:\/\/www.eliassen.nl\/de\/gemalde-3d-flut-150x60cm\/#primaryimage\",\"url\":\"https:\/\/www.eliassen.nl\/wp-content\/uploads\/2024\/10\/3dschilderijfloodeliassennlt2341.jpg\",\"contentUrl\":\"https:\/\/www.eliassen.nl\/wp-content\/uploads\/2024\/10\/3dschilderijfloodeliassennlt2341.jpg\",\"width\":2048,\"height\":1051,\"caption\":\"3D-Gem\u00e4lde Flood Eliassen.nl T2341\"},{\"@type\":\"BreadcrumbList\",\"@id\":\"https:\/\/www.eliassen.nl\/de\/gemalde-3d-flut-150x60cm\/#breadcrumb\",\"itemListElement\":[{\"@type\":\"ListItem\",\"position\":1,\"name\":\"Home\",\"item\":\"https:\/\/www.eliassen.nl\/de\/\"},{\"@type\":\"ListItem\",\"position\":2,\"name\":\"Shop\",\"item\":\"https:\/\/www.eliassen.nl\/de\/shop\/\"},{\"@type\":\"ListItem\",\"position\":3,\"name\":\"Gem\u00e4lde\",\"item\":\"https:\/\/www.eliassen.nl\/de\/gemaelde\/\"},{\"@type\":\"ListItem\",\"position\":4,\"name\":\"3D Gem\u00e4lde aus Metall\",\"item\":\"https:\/\/www.eliassen.nl\/de\/gemaelde\/3d-gemaelde-aus-metall\/\"},{\"@type\":\"ListItem\",\"position\":5,\"name\":\"Andere Gr\u00f6\u00dfen 3D-Gem\u00e4lde aus Metall\",\"item\":\"https:\/\/www.eliassen.nl\/de\/gemaelde\/3d-gemaelde-aus-metall\/andere-groessen-3d-gemaelde-aus-metall\/\"},{\"@type\":\"ListItem\",\"position\":6,\"name\":\"Gem\u00e4lde 3D Flut 150x60cm\"}]},{\"@type\":\"WebSite\",\"@id\":\"https:\/\/www.eliassen.nl\/de\/#website\",\"url\":\"https:\/\/www.eliassen.nl\/de\/\",\"name\":\"Eliassen Home & Garden Pleasure\",\"description\":\"\",\"publisher\":{\"@id\":\"https:\/\/www.eliassen.nl\/de\/#organization\"},\"alternateName\":\"Eliassen.nl\",\"potentialAction\":[{\"@type\":\"SearchAction\",\"target\":{\"@type\":\"EntryPoint\",\"urlTemplate\":\"https:\/\/www.eliassen.nl\/de\/?s={search_term_string}\"},\"query-input\":{\"@type\":\"PropertyValueSpecification\",\"valueRequired\":true,\"valueName\":\"search_term_string\"}}],\"inLanguage\":\"de\"},{\"@type\":[\"Organization\",\"Place\"],\"@id\":\"https:\/\/www.eliassen.nl\/de\/#organization\",\"name\":\"Eliassen Home & Garden Pleasure\",\"url\":\"https:\/\/www.eliassen.nl\/de\/\",\"logo\":{\"@id\":\"https:\/\/www.eliassen.nl\/de\/gemalde-3d-flut-150x60cm\/#local-main-organization-logo\"},\"image\":{\"@id\":\"https:\/\/www.eliassen.nl\/de\/gemalde-3d-flut-150x60cm\/#local-main-organization-logo\"},\"sameAs\":[\"https:\/\/www.facebook.com\/TuincentrumEliassenAmmerzoden\",\"https:\/\/www.instagram.com\/eliassenhomeandgarden\/\",\"https:\/\/nl.pinterest.com\/eliassenhomeandgarden\/\",\"https:\/\/www.youtube.com\/@eliassenhomegardenpleasure4558\"],\"telephone\":[],\"openingHoursSpecification\":[{\"@type\":\"OpeningHoursSpecification\",\"dayOfWeek\":[\"Monday\",\"Tuesday\",\"Wednesday\",\"Thursday\",\"Friday\",\"Saturday\",\"Sunday\"],\"opens\":\"09:00\",\"closes\":\"17:00\"}]},{\"@type\":\"ImageObject\",\"inLanguage\":\"de\",\"@id\":\"https:\/\/www.eliassen.nl\/de\/gemalde-3d-flut-150x60cm\/#local-main-organization-logo\",\"url\":\"https:\/\/www.eliassen.nl\/wp-content\/uploads\/2024\/01\/logo_4nd.jpg\",\"contentUrl\":\"https:\/\/www.eliassen.nl\/wp-content\/uploads\/2024\/01\/logo_4nd.jpg\",\"width\":500,\"height\":500,\"caption\":\"Eliassen Home & Garden Pleasure\"}]}<\/script>\n<meta property=\"product:price:amount\" content=\"239.00\" \/>\n<meta property=\"product:price:currency\" content=\"EUR\" \/>\n<meta property=\"og:availability\" content=\"instock\" \/>\n<meta property=\"product:availability\" content=\"instock\" \/>\n<meta property=\"product:retailer_item_id\" content=\"T2341\" \/>\n<meta property=\"product:condition\" content=\"new\" \/>\n<!-- \/ Yoast SEO Premium plugin. -->","yoast_head_json":{"title":"Gem\u00e4lde 3D Flut 150x60cm - Eliassen.nl","description":"Suchen Sie ein Metallbild? Sie werden dieses schlichte, moderne Metallgem\u00e4lde sicher zu sch\u00e4tzen wissen. Schnelle Lieferung. Gr\u00f6\u00dfe 150x60cm hoch.","robots":{"index":"index","follow":"follow","max-snippet":"max-snippet:-1","max-image-preview":"max-image-preview:large","max-video-preview":"max-video-preview:-1"},"canonical":"https:\/\/www.eliassen.nl\/de\/gemalde-3d-flut-150x60cm\/","og_locale":"de_DE","og_type":"article","og_title":"Sonstige Gem\u00e4lde 3D Flut 150x60cm - Eliassen.nl","og_description":"Suchen Sie ein Metallbild? Sie werden dieses schlichte, moderne Metallgem\u00e4lde sicher zu sch\u00e4tzen wissen. Schnelle Lieferung. Gr\u00f6\u00dfe 150x60cm hoch.","og_url":"https:\/\/www.eliassen.nl\/de\/gemalde-3d-flut-150x60cm\/","og_site_name":"Eliassen.nl","article_publisher":"https:\/\/www.facebook.com\/TuincentrumEliassenAmmerzoden","article_modified_time":"2026-01-07T12:36:44+00:00","og_image":[{"width":2048,"height":1051,"url":"https:\/\/www.eliassen.nl\/wp-content\/uploads\/2024\/10\/3dschilderijfloodeliassennlt2341.jpg","type":"image\/jpeg"}],"twitter_card":"summary_large_image","schema":{"@context":"https:\/\/schema.org","@graph":[{"@type":"WebPage","@id":"https:\/\/www.eliassen.nl\/de\/gemalde-3d-flut-150x60cm\/","url":"https:\/\/www.eliassen.nl\/de\/gemalde-3d-flut-150x60cm\/","name":"Gem\u00e4lde 3D Flut 150x60cm - Eliassen.nl","isPartOf":{"@id":"https:\/\/www.eliassen.nl\/de\/#website"},"primaryImageOfPage":{"@id":"https:\/\/www.eliassen.nl\/de\/gemalde-3d-flut-150x60cm\/#primaryimage"},"image":{"@id":"https:\/\/www.eliassen.nl\/de\/gemalde-3d-flut-150x60cm\/#primaryimage"},"thumbnailUrl":"https:\/\/www.eliassen.nl\/wp-content\/uploads\/2024\/10\/3dschilderijfloodeliassennlt2341.jpg","datePublished":"2024-03-26T08:27:10+00:00","dateModified":"2026-01-07T12:36:44+00:00","description":"Suchen Sie ein Metallbild? Sie werden dieses schlichte, moderne Metallgem\u00e4lde sicher zu sch\u00e4tzen wissen. Schnelle Lieferung. Gr\u00f6\u00dfe 150x60cm hoch.","breadcrumb":{"@id":"https:\/\/www.eliassen.nl\/de\/gemalde-3d-flut-150x60cm\/#breadcrumb"},"inLanguage":"de","potentialAction":[{"@type":"ReadAction","target":["https:\/\/www.eliassen.nl\/de\/gemalde-3d-flut-150x60cm\/"]}]},{"@type":"ImageObject","inLanguage":"de","@id":"https:\/\/www.eliassen.nl\/de\/gemalde-3d-flut-150x60cm\/#primaryimage","url":"https:\/\/www.eliassen.nl\/wp-content\/uploads\/2024\/10\/3dschilderijfloodeliassennlt2341.jpg","contentUrl":"https:\/\/www.eliassen.nl\/wp-content\/uploads\/2024\/10\/3dschilderijfloodeliassennlt2341.jpg","width":2048,"height":1051,"caption":"3D-Gem\u00e4lde Flood Eliassen.nl T2341"},{"@type":"BreadcrumbList","@id":"https:\/\/www.eliassen.nl\/de\/gemalde-3d-flut-150x60cm\/#breadcrumb","itemListElement":[{"@type":"ListItem","position":1,"name":"Home","item":"https:\/\/www.eliassen.nl\/de\/"},{"@type":"ListItem","position":2,"name":"Shop","item":"https:\/\/www.eliassen.nl\/de\/shop\/"},{"@type":"ListItem","position":3,"name":"Gem\u00e4lde","item":"https:\/\/www.eliassen.nl\/de\/gemaelde\/"},{"@type":"ListItem","position":4,"name":"3D Gem\u00e4lde aus Metall","item":"https:\/\/www.eliassen.nl\/de\/gemaelde\/3d-gemaelde-aus-metall\/"},{"@type":"ListItem","position":5,"name":"Andere Gr\u00f6\u00dfen 3D-Gem\u00e4lde aus Metall","item":"https:\/\/www.eliassen.nl\/de\/gemaelde\/3d-gemaelde-aus-metall\/andere-groessen-3d-gemaelde-aus-metall\/"},{"@type":"ListItem","position":6,"name":"Gem\u00e4lde 3D Flut 150x60cm"}]},{"@type":"WebSite","@id":"https:\/\/www.eliassen.nl\/de\/#website","url":"https:\/\/www.eliassen.nl\/de\/","name":"Eliassen Home & Garden Pleasure","description":"","publisher":{"@id":"https:\/\/www.eliassen.nl\/de\/#organization"},"alternateName":"Eliassen.nl","potentialAction":[{"@type":"SearchAction","target":{"@type":"EntryPoint","urlTemplate":"https:\/\/www.eliassen.nl\/de\/?s={search_term_string}"},"query-input":{"@type":"PropertyValueSpecification","valueRequired":true,"valueName":"search_term_string"}}],"inLanguage":"de"},{"@type":["Organization","Place"],"@id":"https:\/\/www.eliassen.nl\/de\/#organization","name":"Eliassen Home & Garden Pleasure","url":"https:\/\/www.eliassen.nl\/de\/","logo":{"@id":"https:\/\/www.eliassen.nl\/de\/gemalde-3d-flut-150x60cm\/#local-main-organization-logo"},"image":{"@id":"https:\/\/www.eliassen.nl\/de\/gemalde-3d-flut-150x60cm\/#local-main-organization-logo"},"sameAs":["https:\/\/www.facebook.com\/TuincentrumEliassenAmmerzoden","https:\/\/www.instagram.com\/eliassenhomeandgarden\/","https:\/\/nl.pinterest.com\/eliassenhomeandgarden\/","https:\/\/www.youtube.com\/@eliassenhomegardenpleasure4558"],"telephone":[],"openingHoursSpecification":[{"@type":"OpeningHoursSpecification","dayOfWeek":["Monday","Tuesday","Wednesday","Thursday","Friday","Saturday","Sunday"],"opens":"09:00","closes":"17:00"}]},{"@type":"ImageObject","inLanguage":"de","@id":"https:\/\/www.eliassen.nl\/de\/gemalde-3d-flut-150x60cm\/#local-main-organization-logo","url":"https:\/\/www.eliassen.nl\/wp-content\/uploads\/2024\/01\/logo_4nd.jpg","contentUrl":"https:\/\/www.eliassen.nl\/wp-content\/uploads\/2024\/01\/logo_4nd.jpg","width":500,"height":500,"caption":"Eliassen Home & Garden Pleasure"}]},"product_price_amount":"239.00","product_price_currency":"EUR","og_availability":"instock","product_availability":"instock","product_retailer_item_id":"T2341","product_condition":"new"},"df_price":239,"df_sale_price":"","df_regular_price":239,"df_image_link":"https:\/\/www.eliassen.nl\/wp-content\/uploads\/2024\/10\/3dschilderijfloodeliassennlt2341.jpg","image":"https:\/\/www.eliassen.nl\/wp-content\/uploads\/2024\/10\/3dschilderijfloodeliassennlt2341.jpg","price_search":"<span class=\"woocommerce-Price-amount amount\"><bdi><span class=\"woocommerce-Price-currencySymbol\">&euro;<\/span>&nbsp;239,00<\/bdi><\/span>","category":"3D Gem\u00e4lde aus Metall","global_unique_id":"6096528415437","_links":{"self":[{"href":"https:\/\/www.eliassen.nl\/de\/wp-json\/wp\/v2\/product\/151835","targetHints":{"allow":["GET"]}}],"collection":[{"href":"https:\/\/www.eliassen.nl\/de\/wp-json\/wp\/v2\/product"}],"about":[{"href":"https:\/\/www.eliassen.nl\/de\/wp-json\/wp\/v2\/types\/product"}],"wp:featuredmedia":[{"embeddable":true,"href":"https:\/\/www.eliassen.nl\/de\/wp-json\/wp\/v2\/media\/151832"}],"wp:attachment":[{"href":"https:\/\/www.eliassen.nl\/de\/wp-json\/wp\/v2\/media?parent=151835"}],"wp:term":[{"taxonomy":"product_brand","embeddable":true,"href":"https:\/\/www.eliassen.nl\/de\/wp-json\/wp\/v2\/product_brand?post=151835"},{"taxonomy":"product_cat","embeddable":true,"href":"https:\/\/www.eliassen.nl\/de\/wp-json\/wp\/v2\/product_cat?post=151835"},{"taxonomy":"product_tag","embeddable":true,"href":"https:\/\/www.eliassen.nl\/de\/wp-json\/wp\/v2\/product_tag?post=151835"}],"curies":[{"name":"wp","href":"https:\/\/api.w.org\/{rel}","templated":true}]}}