{"id":151571,"date":"2024-03-13T19:38:50","date_gmt":"2024-03-13T19:38:50","guid":{"rendered":"https:\/\/www.eliassen.nl\/?product=tuinbank-romantic-oud-groen-hoge-rug-142cm"},"modified":"2026-01-16T15:20:10","modified_gmt":"2026-01-16T14:20:10","slug":"gartenbank-romantisch-altgrun-mit-hoher-ruckenlehne-142cm","status":"publish","type":"product","link":"https:\/\/www.eliassen.nl\/de\/gartenbank-romantisch-altgrun-mit-hoher-ruckenlehne-142cm\/","title":{"rendered":"Gartenbank Romantisch altgr\u00fcn hohe Lehne 142cm"},"content":{"rendered":"<p>Diese romantisch geformte Gartenbank aus Eisen mit hoher R\u00fcckenlehne ist ein klassisches und zeitloses Modell einer Gartenbank. Wundersch\u00f6n aus Metall gefertigt. In einem sch\u00f6nen alten Olivgr\u00fcn gestrichen, dann mit einer anderen, dunkleren Farbe verwaschen, um einen sch\u00f6nen antiken Look zu erzielen. Was f\u00fcr gem\u00fctliche Stunden Sie auf diesem Sofa verbringen werden! Der leicht konkave Sitz sorgt f\u00fcr einen guten Sitz.<\/p>\n<p>F\u00fcr den Zusammenbau dieser Bank sollten 10 Muttern verwendet werden. Sitz und R\u00fcckenlehne sind mit Scharnieren verbunden.<\/p>\n<ul>\n<li>Gr\u00f6\u00dfe: ca. 140cm breit, 60cm tief und 108cm hoch.<\/li>\n<li>Die innere Sitzbreite betr\u00e4gt 107 cm, die Sitzh\u00f6he 46 cm und die Sitztiefe 46 cm.<\/li>\n<li>1 Jahr Garantie<\/li>\n<li>Wir haben diesen Artikel in unserem Ausstellungsraum.<\/li>\n<\/ul>\n","protected":false},"excerpt":{"rendered":"<p>\u2713 142x60x105cm<\/p>\n","protected":false},"featured_media":176791,"template":"","meta":{"_acf_changed":false,"_genesis_title":"","_genesis_description":""},"product_brand":[7505],"product_cat":[806,761,752],"product_tag":[],"class_list":{"0":"post-151571","1":"product","2":"type-product","3":"status-publish","4":"has-post-thumbnail","6":"product_brand-sonstige","7":"product_cat-gartenbaenke","8":"product_cat-gartenmoebel","9":"product_cat-weitere-artikel","11":"first","12":"instock","13":"taxable","14":"shipping-taxable","15":"purchasable","16":"product-type-simple"},"acf":[],"meta_all":{"total_sales":"4","wcml_sync_hash":{"postmeta_fields":"214132cd1fc49b44bcb8aea2e9f19284"},"attr_label_translations":[],"cor_restricted_countries":[]},"meta_all_flat":{"total_sales":"4","wcml_sync_hash.postmeta_fields":"214132cd1fc49b44bcb8aea2e9f19284"},"yoast_head":"<!-- This site is optimized with the Yoast SEO Premium plugin v26.2 (Yoast SEO v27.2) - https:\/\/yoast.com\/product\/yoast-seo-premium-wordpress\/ -->\n<title>Klassische Gartenbank Romantik | Altgr\u00fcn | 142cm<\/title>\n<meta name=\"description\" content=\"Ein klassisches, hohes Gartenbankmodell im sch\u00f6nen Farbton Olivgr\u00fcn. Hergestellt aus Metall. 1 Jahr Garantie. Auch in unserem Ausstellungsraum zu sehen!\" \/>\n<meta name=\"robots\" content=\"index, follow, max-snippet:-1, max-image-preview:large, max-video-preview:-1\" \/>\n<link rel=\"canonical\" href=\"https:\/\/www.eliassen.nl\/de\/gartenbank-romantisch-altgrun-mit-hoher-ruckenlehne-142cm\/\" \/>\n<meta property=\"og:locale\" content=\"de_DE\" \/>\n<meta property=\"og:type\" content=\"article\" \/>\n<meta property=\"og:title\" content=\"Sonstige Gartenbank Romantisch altgr\u00fcn hohe Lehne 142cm - Eliassen.nl\" \/>\n<meta property=\"og:description\" content=\"Ein klassisches, hohes Gartenbankmodell im sch\u00f6nen Farbton Olivgr\u00fcn. Hergestellt aus Metall. 1 Jahr Garantie. Auch in unserem Ausstellungsraum zu sehen!\" \/>\n<meta property=\"og:url\" content=\"https:\/\/www.eliassen.nl\/de\/gartenbank-romantisch-altgrun-mit-hoher-ruckenlehne-142cm\/\" \/>\n<meta property=\"og:site_name\" content=\"Eliassen.nl\" \/>\n<meta property=\"article:publisher\" content=\"https:\/\/www.facebook.com\/TuincentrumEliassenAmmerzoden\" \/>\n<meta property=\"article:modified_time\" content=\"2026-01-16T14:20:10+00:00\" \/>\n<meta property=\"og:image\" content=\"https:\/\/www.eliassen.nl\/wp-content\/uploads\/2024\/03\/Tuinbank-Romantic-met-hoge-rug-Eliassen.nl_.jpeg\" \/>\n\t<meta property=\"og:image:width\" content=\"2160\" \/>\n\t<meta property=\"og:image:height\" content=\"2112\" \/>\n\t<meta property=\"og:image:type\" content=\"image\/jpeg\" \/>\n<meta name=\"twitter:card\" content=\"summary_large_image\" \/>\n<script type=\"application\/ld+json\" class=\"yoast-schema-graph\">{\"@context\":\"https:\/\/schema.org\",\"@graph\":[{\"@type\":\"WebPage\",\"@id\":\"https:\/\/www.eliassen.nl\/de\/gartenbank-romantisch-altgrun-mit-hoher-ruckenlehne-142cm\/\",\"url\":\"https:\/\/www.eliassen.nl\/de\/gartenbank-romantisch-altgrun-mit-hoher-ruckenlehne-142cm\/\",\"name\":\"Klassische Gartenbank Romantik | Altgr\u00fcn | 142cm\",\"isPartOf\":{\"@id\":\"https:\/\/www.eliassen.nl\/de\/#website\"},\"primaryImageOfPage\":{\"@id\":\"https:\/\/www.eliassen.nl\/de\/gartenbank-romantisch-altgrun-mit-hoher-ruckenlehne-142cm\/#primaryimage\"},\"image\":{\"@id\":\"https:\/\/www.eliassen.nl\/de\/gartenbank-romantisch-altgrun-mit-hoher-ruckenlehne-142cm\/#primaryimage\"},\"thumbnailUrl\":\"https:\/\/www.eliassen.nl\/wp-content\/uploads\/2024\/03\/Tuinbank-Romantic-met-hoge-rug-Eliassen.nl_.jpeg\",\"datePublished\":\"2024-03-13T19:38:50+00:00\",\"dateModified\":\"2026-01-16T14:20:10+00:00\",\"description\":\"Ein klassisches, hohes Gartenbankmodell im sch\u00f6nen Farbton Olivgr\u00fcn. Hergestellt aus Metall. 1 Jahr Garantie. Auch in unserem Ausstellungsraum zu sehen!\",\"breadcrumb\":{\"@id\":\"https:\/\/www.eliassen.nl\/de\/gartenbank-romantisch-altgrun-mit-hoher-ruckenlehne-142cm\/#breadcrumb\"},\"inLanguage\":\"de\",\"potentialAction\":[{\"@type\":\"ReadAction\",\"target\":[\"https:\/\/www.eliassen.nl\/de\/gartenbank-romantisch-altgrun-mit-hoher-ruckenlehne-142cm\/\"]}]},{\"@type\":\"ImageObject\",\"inLanguage\":\"de\",\"@id\":\"https:\/\/www.eliassen.nl\/de\/gartenbank-romantisch-altgrun-mit-hoher-ruckenlehne-142cm\/#primaryimage\",\"url\":\"https:\/\/www.eliassen.nl\/wp-content\/uploads\/2024\/03\/Tuinbank-Romantic-met-hoge-rug-Eliassen.nl_.jpeg\",\"contentUrl\":\"https:\/\/www.eliassen.nl\/wp-content\/uploads\/2024\/03\/Tuinbank-Romantic-met-hoge-rug-Eliassen.nl_.jpeg\",\"width\":2160,\"height\":2112},{\"@type\":\"BreadcrumbList\",\"@id\":\"https:\/\/www.eliassen.nl\/de\/gartenbank-romantisch-altgrun-mit-hoher-ruckenlehne-142cm\/#breadcrumb\",\"itemListElement\":[{\"@type\":\"ListItem\",\"position\":1,\"name\":\"Home\",\"item\":\"https:\/\/www.eliassen.nl\/de\/\"},{\"@type\":\"ListItem\",\"position\":2,\"name\":\"Shop\",\"item\":\"https:\/\/www.eliassen.nl\/de\/shop\/\"},{\"@type\":\"ListItem\",\"position\":3,\"name\":\"Weitere Artikel\",\"item\":\"https:\/\/www.eliassen.nl\/de\/weitere-artikel\/\"},{\"@type\":\"ListItem\",\"position\":4,\"name\":\"Gartenm\u00f6bel\",\"item\":\"https:\/\/www.eliassen.nl\/de\/garten-andere\/gartenmoebel\/\"},{\"@type\":\"ListItem\",\"position\":5,\"name\":\"Gartenbank Romantisch altgr\u00fcn hohe Lehne 142cm\"}]},{\"@type\":\"WebSite\",\"@id\":\"https:\/\/www.eliassen.nl\/de\/#website\",\"url\":\"https:\/\/www.eliassen.nl\/de\/\",\"name\":\"Eliassen Home & Garden Pleasure\",\"description\":\"\",\"publisher\":{\"@id\":\"https:\/\/www.eliassen.nl\/de\/#organization\"},\"alternateName\":\"Eliassen.nl\",\"potentialAction\":[{\"@type\":\"SearchAction\",\"target\":{\"@type\":\"EntryPoint\",\"urlTemplate\":\"https:\/\/www.eliassen.nl\/de\/?s={search_term_string}\"},\"query-input\":{\"@type\":\"PropertyValueSpecification\",\"valueRequired\":true,\"valueName\":\"search_term_string\"}}],\"inLanguage\":\"de\"},{\"@type\":[\"Organization\",\"Place\"],\"@id\":\"https:\/\/www.eliassen.nl\/de\/#organization\",\"name\":\"Eliassen Home & Garden Pleasure\",\"url\":\"https:\/\/www.eliassen.nl\/de\/\",\"logo\":{\"@id\":\"https:\/\/www.eliassen.nl\/de\/gartenbank-romantisch-altgrun-mit-hoher-ruckenlehne-142cm\/#local-main-organization-logo\"},\"image\":{\"@id\":\"https:\/\/www.eliassen.nl\/de\/gartenbank-romantisch-altgrun-mit-hoher-ruckenlehne-142cm\/#local-main-organization-logo\"},\"sameAs\":[\"https:\/\/www.facebook.com\/TuincentrumEliassenAmmerzoden\",\"https:\/\/www.instagram.com\/eliassenhomeandgarden\/\",\"https:\/\/nl.pinterest.com\/eliassenhomeandgarden\/\",\"https:\/\/www.youtube.com\/@eliassenhomegardenpleasure4558\"],\"telephone\":[],\"openingHoursSpecification\":[{\"@type\":\"OpeningHoursSpecification\",\"dayOfWeek\":[\"Monday\",\"Tuesday\",\"Wednesday\",\"Thursday\",\"Friday\",\"Saturday\",\"Sunday\"],\"opens\":\"09:00\",\"closes\":\"17:00\"}]},{\"@type\":\"ImageObject\",\"inLanguage\":\"de\",\"@id\":\"https:\/\/www.eliassen.nl\/de\/gartenbank-romantisch-altgrun-mit-hoher-ruckenlehne-142cm\/#local-main-organization-logo\",\"url\":\"https:\/\/www.eliassen.nl\/wp-content\/uploads\/2024\/01\/logo_4nd.jpg\",\"contentUrl\":\"https:\/\/www.eliassen.nl\/wp-content\/uploads\/2024\/01\/logo_4nd.jpg\",\"width\":500,\"height\":500,\"caption\":\"Eliassen Home & Garden Pleasure\"}]}<\/script>\n<meta property=\"product:price:amount\" content=\"249.00\" \/>\n<meta property=\"product:price:currency\" content=\"EUR\" \/>\n<meta property=\"og:availability\" content=\"instock\" \/>\n<meta property=\"product:availability\" content=\"instock\" \/>\n<meta property=\"product:retailer_item_id\" content=\"Hx26ag\" \/>\n<meta property=\"product:condition\" content=\"new\" \/>\n<!-- \/ Yoast SEO Premium plugin. -->","yoast_head_json":{"title":"Klassische Gartenbank Romantik | Altgr\u00fcn | 142cm","description":"Ein klassisches, hohes Gartenbankmodell im sch\u00f6nen Farbton Olivgr\u00fcn. Hergestellt aus Metall. 1 Jahr Garantie. Auch in unserem Ausstellungsraum zu sehen!","robots":{"index":"index","follow":"follow","max-snippet":"max-snippet:-1","max-image-preview":"max-image-preview:large","max-video-preview":"max-video-preview:-1"},"canonical":"https:\/\/www.eliassen.nl\/de\/gartenbank-romantisch-altgrun-mit-hoher-ruckenlehne-142cm\/","og_locale":"de_DE","og_type":"article","og_title":"Sonstige Gartenbank Romantisch altgr\u00fcn hohe Lehne 142cm - Eliassen.nl","og_description":"Ein klassisches, hohes Gartenbankmodell im sch\u00f6nen Farbton Olivgr\u00fcn. Hergestellt aus Metall. 1 Jahr Garantie. Auch in unserem Ausstellungsraum zu sehen!","og_url":"https:\/\/www.eliassen.nl\/de\/gartenbank-romantisch-altgrun-mit-hoher-ruckenlehne-142cm\/","og_site_name":"Eliassen.nl","article_publisher":"https:\/\/www.facebook.com\/TuincentrumEliassenAmmerzoden","article_modified_time":"2026-01-16T14:20:10+00:00","og_image":[{"width":2160,"height":2112,"url":"https:\/\/www.eliassen.nl\/wp-content\/uploads\/2024\/03\/Tuinbank-Romantic-met-hoge-rug-Eliassen.nl_.jpeg","type":"image\/jpeg"}],"twitter_card":"summary_large_image","schema":{"@context":"https:\/\/schema.org","@graph":[{"@type":"WebPage","@id":"https:\/\/www.eliassen.nl\/de\/gartenbank-romantisch-altgrun-mit-hoher-ruckenlehne-142cm\/","url":"https:\/\/www.eliassen.nl\/de\/gartenbank-romantisch-altgrun-mit-hoher-ruckenlehne-142cm\/","name":"Klassische Gartenbank Romantik | Altgr\u00fcn | 142cm","isPartOf":{"@id":"https:\/\/www.eliassen.nl\/de\/#website"},"primaryImageOfPage":{"@id":"https:\/\/www.eliassen.nl\/de\/gartenbank-romantisch-altgrun-mit-hoher-ruckenlehne-142cm\/#primaryimage"},"image":{"@id":"https:\/\/www.eliassen.nl\/de\/gartenbank-romantisch-altgrun-mit-hoher-ruckenlehne-142cm\/#primaryimage"},"thumbnailUrl":"https:\/\/www.eliassen.nl\/wp-content\/uploads\/2024\/03\/Tuinbank-Romantic-met-hoge-rug-Eliassen.nl_.jpeg","datePublished":"2024-03-13T19:38:50+00:00","dateModified":"2026-01-16T14:20:10+00:00","description":"Ein klassisches, hohes Gartenbankmodell im sch\u00f6nen Farbton Olivgr\u00fcn. Hergestellt aus Metall. 1 Jahr Garantie. Auch in unserem Ausstellungsraum zu sehen!","breadcrumb":{"@id":"https:\/\/www.eliassen.nl\/de\/gartenbank-romantisch-altgrun-mit-hoher-ruckenlehne-142cm\/#breadcrumb"},"inLanguage":"de","potentialAction":[{"@type":"ReadAction","target":["https:\/\/www.eliassen.nl\/de\/gartenbank-romantisch-altgrun-mit-hoher-ruckenlehne-142cm\/"]}]},{"@type":"ImageObject","inLanguage":"de","@id":"https:\/\/www.eliassen.nl\/de\/gartenbank-romantisch-altgrun-mit-hoher-ruckenlehne-142cm\/#primaryimage","url":"https:\/\/www.eliassen.nl\/wp-content\/uploads\/2024\/03\/Tuinbank-Romantic-met-hoge-rug-Eliassen.nl_.jpeg","contentUrl":"https:\/\/www.eliassen.nl\/wp-content\/uploads\/2024\/03\/Tuinbank-Romantic-met-hoge-rug-Eliassen.nl_.jpeg","width":2160,"height":2112},{"@type":"BreadcrumbList","@id":"https:\/\/www.eliassen.nl\/de\/gartenbank-romantisch-altgrun-mit-hoher-ruckenlehne-142cm\/#breadcrumb","itemListElement":[{"@type":"ListItem","position":1,"name":"Home","item":"https:\/\/www.eliassen.nl\/de\/"},{"@type":"ListItem","position":2,"name":"Shop","item":"https:\/\/www.eliassen.nl\/de\/shop\/"},{"@type":"ListItem","position":3,"name":"Weitere Artikel","item":"https:\/\/www.eliassen.nl\/de\/weitere-artikel\/"},{"@type":"ListItem","position":4,"name":"Gartenm\u00f6bel","item":"https:\/\/www.eliassen.nl\/de\/garten-andere\/gartenmoebel\/"},{"@type":"ListItem","position":5,"name":"Gartenbank Romantisch altgr\u00fcn hohe Lehne 142cm"}]},{"@type":"WebSite","@id":"https:\/\/www.eliassen.nl\/de\/#website","url":"https:\/\/www.eliassen.nl\/de\/","name":"Eliassen Home & Garden Pleasure","description":"","publisher":{"@id":"https:\/\/www.eliassen.nl\/de\/#organization"},"alternateName":"Eliassen.nl","potentialAction":[{"@type":"SearchAction","target":{"@type":"EntryPoint","urlTemplate":"https:\/\/www.eliassen.nl\/de\/?s={search_term_string}"},"query-input":{"@type":"PropertyValueSpecification","valueRequired":true,"valueName":"search_term_string"}}],"inLanguage":"de"},{"@type":["Organization","Place"],"@id":"https:\/\/www.eliassen.nl\/de\/#organization","name":"Eliassen Home & Garden Pleasure","url":"https:\/\/www.eliassen.nl\/de\/","logo":{"@id":"https:\/\/www.eliassen.nl\/de\/gartenbank-romantisch-altgrun-mit-hoher-ruckenlehne-142cm\/#local-main-organization-logo"},"image":{"@id":"https:\/\/www.eliassen.nl\/de\/gartenbank-romantisch-altgrun-mit-hoher-ruckenlehne-142cm\/#local-main-organization-logo"},"sameAs":["https:\/\/www.facebook.com\/TuincentrumEliassenAmmerzoden","https:\/\/www.instagram.com\/eliassenhomeandgarden\/","https:\/\/nl.pinterest.com\/eliassenhomeandgarden\/","https:\/\/www.youtube.com\/@eliassenhomegardenpleasure4558"],"telephone":[],"openingHoursSpecification":[{"@type":"OpeningHoursSpecification","dayOfWeek":["Monday","Tuesday","Wednesday","Thursday","Friday","Saturday","Sunday"],"opens":"09:00","closes":"17:00"}]},{"@type":"ImageObject","inLanguage":"de","@id":"https:\/\/www.eliassen.nl\/de\/gartenbank-romantisch-altgrun-mit-hoher-ruckenlehne-142cm\/#local-main-organization-logo","url":"https:\/\/www.eliassen.nl\/wp-content\/uploads\/2024\/01\/logo_4nd.jpg","contentUrl":"https:\/\/www.eliassen.nl\/wp-content\/uploads\/2024\/01\/logo_4nd.jpg","width":500,"height":500,"caption":"Eliassen Home & Garden Pleasure"}]},"product_price_amount":"249.00","product_price_currency":"EUR","og_availability":"instock","product_availability":"instock","product_retailer_item_id":"Hx26ag","product_condition":"new"},"df_price":249,"df_sale_price":"","df_regular_price":249,"df_image_link":"https:\/\/www.eliassen.nl\/wp-content\/uploads\/2024\/03\/Tuinbank-Romantic-met-hoge-rug-Eliassen.nl_-300x293.jpeg","image":"https:\/\/www.eliassen.nl\/wp-content\/uploads\/2024\/03\/Tuinbank-Romantic-met-hoge-rug-Eliassen.nl_-150x150.jpeg","price_search":"<span class=\"woocommerce-Price-amount amount\"><bdi><span class=\"woocommerce-Price-currencySymbol\">&euro;<\/span>&nbsp;249,00<\/bdi><\/span>","category":"Gartenb\u00e4nke","global_unique_id":"6096515182120","_links":{"self":[{"href":"https:\/\/www.eliassen.nl\/de\/wp-json\/wp\/v2\/product\/151571","targetHints":{"allow":["GET"]}}],"collection":[{"href":"https:\/\/www.eliassen.nl\/de\/wp-json\/wp\/v2\/product"}],"about":[{"href":"https:\/\/www.eliassen.nl\/de\/wp-json\/wp\/v2\/types\/product"}],"wp:featuredmedia":[{"embeddable":true,"href":"https:\/\/www.eliassen.nl\/de\/wp-json\/wp\/v2\/media\/176791"}],"wp:attachment":[{"href":"https:\/\/www.eliassen.nl\/de\/wp-json\/wp\/v2\/media?parent=151571"}],"wp:term":[{"taxonomy":"product_brand","embeddable":true,"href":"https:\/\/www.eliassen.nl\/de\/wp-json\/wp\/v2\/product_brand?post=151571"},{"taxonomy":"product_cat","embeddable":true,"href":"https:\/\/www.eliassen.nl\/de\/wp-json\/wp\/v2\/product_cat?post=151571"},{"taxonomy":"product_tag","embeddable":true,"href":"https:\/\/www.eliassen.nl\/de\/wp-json\/wp\/v2\/product_tag?post=151571"}],"curies":[{"name":"wp","href":"https:\/\/api.w.org\/{rel}","templated":true}]}}