{"id":151514,"date":"2024-03-13T11:25:03","date_gmt":"2024-03-13T11:25:03","guid":{"rendered":"https:\/\/www.eliassen.nl\/?product=tuinvaas-antraciet-zandstructuur-54cm"},"modified":"2026-02-25T11:20:03","modified_gmt":"2026-02-25T10:20:03","slug":"gartenvase-anthrazit-sandstruktur-54cm","status":"publish","type":"product","link":"https:\/\/www.eliassen.nl\/de\/gartenvase-anthrazit-sandstruktur-54cm\/","title":{"rendered":"Gartenvase Fibreclay Anthrazit Sand Struktur 54cm"},"content":{"rendered":"<p>Bringen Sie pure Sch\u00f6nheit in Ihr Haus oder Ihren Garten mit dieser klassisch geformten Gartenvase.<\/p>\n<p>Gefertigt aus felsenfestem Fibreclay, wundersch\u00f6n veredelt mit einem superstarken Lack mit Sandstruktur. Fiberclay wird aus getrocknetem Ton hergestellt, der mit Polyester-Epoxidharz gemischt und mit Glasfasermatten verst\u00e4rkt wird. Diese Vase ist f\u00fcr den Innen- und Au\u00dfenbereich geeignet.<\/p>\n<p>M\u00f6chten Sie diese Vase auf dem <strong>passenden Sockel?<\/strong> Dann geben Sie bitte die Artikelnummer <strong>132540<\/strong> in die Suchleiste ein, dann k\u00f6nnen Sie den passenden Sockel dazu bestellen. Sie k\u00f6nnen diesen Sockel auch hier am Ende dieser Seite anklicken. Die Gesamth\u00f6he, also mit Sockel, betr\u00e4gt dann 101 cm.<\/p>\n<p><strong>Sie k\u00f6nnen dieses Set auch live bei uns besichtigen, wenn es auf Lager ist.<\/strong><\/p>\n<ul>\n<li>Gr\u00f6\u00dfe: 40x54cm hoch<\/li>\n<li>Farbe: Anthrazit mit Sandeffekt<\/li>\n<li>Sehr stilvoll in eleganten, modernen und klassischen G\u00e4rten<\/li>\n<li>Frostbest\u00e4ndig: Ja<\/li>\n<li>Material: Fiberclay<\/li>\n<li>2 Jahre Garantie, externe Sch\u00e4den ausgeschlossen<\/li>\n<li>UV-best\u00e4ndig<\/li>\n<li>Schnelle Lieferung<\/li>\n<\/ul>\n","protected":false},"excerpt":{"rendered":"<p>Schlanke runde Gartenvase mit Sandoberfl\u00e4che<\/p>\n","protected":false},"featured_media":151511,"template":"","meta":{"_acf_changed":false,"_genesis_title":"","_genesis_description":""},"product_brand":[7505],"product_cat":[722,7343,1427],"product_tag":[7298],"class_list":{"0":"post-151514","1":"product","2":"type-product","3":"status-publish","4":"has-post-thumbnail","6":"product_brand-sonstige","7":"product_cat-blumentoepfe-und-pflanzgefaesse","8":"product_cat-klassische-gartenvasen-de","9":"product_cat-tuinvazen-fiberclay","10":"product_tag-groser-kunststoff","12":"first","13":"instock","14":"taxable","15":"shipping-taxable","16":"purchasable","17":"product-type-simple"},"acf":[],"meta_all":{"wcml_sync_hash":{"postmeta_fields":"6f207c2c20a7795cb8e48f7101a207ae"},"attr_label_translations":[],"total_sales":"27","cor_restricted_countries":[]},"meta_all_flat":{"wcml_sync_hash.postmeta_fields":"6f207c2c20a7795cb8e48f7101a207ae","total_sales":"27"},"yoast_head":"<!-- This site is optimized with the Yoast SEO Premium plugin v26.2 (Yoast SEO v27.2) - https:\/\/yoast.com\/product\/yoast-seo-premium-wordpress\/ -->\n<title>Gartenvase anthrazit Sandstruktur 54cm<\/title>\n<meta name=\"description\" content=\"Gartenvasen ? Schauen Sie sich das riesige Sortiment von Eliassen im Webshop an, in allen m\u00f6glichen Materialien, fast alle auch live bei uns im Laden !!!\" \/>\n<meta name=\"robots\" content=\"index, follow, max-snippet:-1, max-image-preview:large, max-video-preview:-1\" \/>\n<link rel=\"canonical\" href=\"https:\/\/www.eliassen.nl\/de\/gartenvase-anthrazit-sandstruktur-54cm\/\" \/>\n<meta property=\"og:locale\" content=\"de_DE\" \/>\n<meta property=\"og:type\" content=\"article\" \/>\n<meta property=\"og:title\" content=\"Sonstige Gartenvase Fibreclay Anthrazit Sand Struktur 54cm - Eliassen.nl\" \/>\n<meta property=\"og:description\" content=\"Gartenvasen ? Schauen Sie sich das riesige Sortiment von Eliassen im Webshop an, in allen m\u00f6glichen Materialien, fast alle auch live bei uns im Laden !!!\" \/>\n<meta property=\"og:url\" content=\"https:\/\/www.eliassen.nl\/de\/gartenvase-anthrazit-sandstruktur-54cm\/\" \/>\n<meta property=\"og:site_name\" content=\"Eliassen.nl\" \/>\n<meta property=\"article:publisher\" content=\"https:\/\/www.facebook.com\/TuincentrumEliassenAmmerzoden\" \/>\n<meta property=\"article:modified_time\" content=\"2026-02-25T10:20:03+00:00\" \/>\n<meta property=\"og:image\" content=\"https:\/\/www.eliassen.nl\/wp-content\/uploads\/2024\/10\/tuinvaasantracietzandstruktuureliassen1.jpg\" \/>\n\t<meta property=\"og:image:width\" content=\"1443\" \/>\n\t<meta property=\"og:image:height\" content=\"2048\" \/>\n\t<meta property=\"og:image:type\" content=\"image\/jpeg\" \/>\n<meta name=\"twitter:card\" content=\"summary_large_image\" \/>\n<script type=\"application\/ld+json\" class=\"yoast-schema-graph\">{\"@context\":\"https:\/\/schema.org\",\"@graph\":[{\"@type\":\"WebPage\",\"@id\":\"https:\/\/www.eliassen.nl\/de\/gartenvase-anthrazit-sandstruktur-54cm\/\",\"url\":\"https:\/\/www.eliassen.nl\/de\/gartenvase-anthrazit-sandstruktur-54cm\/\",\"name\":\"Gartenvase anthrazit Sandstruktur 54cm\",\"isPartOf\":{\"@id\":\"https:\/\/www.eliassen.nl\/de\/#website\"},\"primaryImageOfPage\":{\"@id\":\"https:\/\/www.eliassen.nl\/de\/gartenvase-anthrazit-sandstruktur-54cm\/#primaryimage\"},\"image\":{\"@id\":\"https:\/\/www.eliassen.nl\/de\/gartenvase-anthrazit-sandstruktur-54cm\/#primaryimage\"},\"thumbnailUrl\":\"https:\/\/www.eliassen.nl\/wp-content\/uploads\/2024\/10\/tuinvaasantracietzandstruktuureliassen1.jpg\",\"datePublished\":\"2024-03-13T11:25:03+00:00\",\"dateModified\":\"2026-02-25T10:20:03+00:00\",\"description\":\"Gartenvasen ? Schauen Sie sich das riesige Sortiment von Eliassen im Webshop an, in allen m\u00f6glichen Materialien, fast alle auch live bei uns im Laden !!!\",\"breadcrumb\":{\"@id\":\"https:\/\/www.eliassen.nl\/de\/gartenvase-anthrazit-sandstruktur-54cm\/#breadcrumb\"},\"inLanguage\":\"de\",\"potentialAction\":[{\"@type\":\"ReadAction\",\"target\":[\"https:\/\/www.eliassen.nl\/de\/gartenvase-anthrazit-sandstruktur-54cm\/\"]}]},{\"@type\":\"ImageObject\",\"inLanguage\":\"de\",\"@id\":\"https:\/\/www.eliassen.nl\/de\/gartenvase-anthrazit-sandstruktur-54cm\/#primaryimage\",\"url\":\"https:\/\/www.eliassen.nl\/wp-content\/uploads\/2024\/10\/tuinvaasantracietzandstruktuureliassen1.jpg\",\"contentUrl\":\"https:\/\/www.eliassen.nl\/wp-content\/uploads\/2024\/10\/tuinvaasantracietzandstruktuureliassen1.jpg\",\"width\":1443,\"height\":2048,\"caption\":\"Gartenvase Anthrazit Sandstruktur Eliassen (1)\"},{\"@type\":\"BreadcrumbList\",\"@id\":\"https:\/\/www.eliassen.nl\/de\/gartenvase-anthrazit-sandstruktur-54cm\/#breadcrumb\",\"itemListElement\":[{\"@type\":\"ListItem\",\"position\":1,\"name\":\"Home\",\"item\":\"https:\/\/www.eliassen.nl\/de\/\"},{\"@type\":\"ListItem\",\"position\":2,\"name\":\"Shop\",\"item\":\"https:\/\/www.eliassen.nl\/de\/shop\/\"},{\"@type\":\"ListItem\",\"position\":3,\"name\":\"Blument\u00f6pfe und Pflanzgef\u00e4\u00dfe\",\"item\":\"https:\/\/www.eliassen.nl\/de\/blumentoepfe-und-pflanzgefaesse\/\"},{\"@type\":\"ListItem\",\"position\":4,\"name\":\"Klassische Gartenvasen\",\"item\":\"https:\/\/www.eliassen.nl\/de\/product-categorie\/blumentoepfe-und-pflanzgefaesse\/klassische-gartenvasen-de\/\"},{\"@type\":\"ListItem\",\"position\":5,\"name\":\"Tuinvazen fiberclay\",\"item\":\"https:\/\/www.eliassen.nl\/de\/blumentoepfe-und-pflanzgefaesse\/klassische-gartenvasen\/tuinvazen-fiberclay\/\"},{\"@type\":\"ListItem\",\"position\":6,\"name\":\"Gartenvase Fibreclay Anthrazit Sand Struktur 54cm\"}]},{\"@type\":\"WebSite\",\"@id\":\"https:\/\/www.eliassen.nl\/de\/#website\",\"url\":\"https:\/\/www.eliassen.nl\/de\/\",\"name\":\"Eliassen Home & Garden Pleasure\",\"description\":\"\",\"publisher\":{\"@id\":\"https:\/\/www.eliassen.nl\/de\/#organization\"},\"alternateName\":\"Eliassen.nl\",\"potentialAction\":[{\"@type\":\"SearchAction\",\"target\":{\"@type\":\"EntryPoint\",\"urlTemplate\":\"https:\/\/www.eliassen.nl\/de\/?s={search_term_string}\"},\"query-input\":{\"@type\":\"PropertyValueSpecification\",\"valueRequired\":true,\"valueName\":\"search_term_string\"}}],\"inLanguage\":\"de\"},{\"@type\":[\"Organization\",\"Place\"],\"@id\":\"https:\/\/www.eliassen.nl\/de\/#organization\",\"name\":\"Eliassen Home & Garden Pleasure\",\"url\":\"https:\/\/www.eliassen.nl\/de\/\",\"logo\":{\"@id\":\"https:\/\/www.eliassen.nl\/de\/gartenvase-anthrazit-sandstruktur-54cm\/#local-main-organization-logo\"},\"image\":{\"@id\":\"https:\/\/www.eliassen.nl\/de\/gartenvase-anthrazit-sandstruktur-54cm\/#local-main-organization-logo\"},\"sameAs\":[\"https:\/\/www.facebook.com\/TuincentrumEliassenAmmerzoden\",\"https:\/\/www.instagram.com\/eliassenhomeandgarden\/\",\"https:\/\/nl.pinterest.com\/eliassenhomeandgarden\/\",\"https:\/\/www.youtube.com\/@eliassenhomegardenpleasure4558\"],\"telephone\":[],\"openingHoursSpecification\":[{\"@type\":\"OpeningHoursSpecification\",\"dayOfWeek\":[\"Monday\",\"Tuesday\",\"Wednesday\",\"Thursday\",\"Friday\",\"Saturday\",\"Sunday\"],\"opens\":\"09:00\",\"closes\":\"17:00\"}]},{\"@type\":\"ImageObject\",\"inLanguage\":\"de\",\"@id\":\"https:\/\/www.eliassen.nl\/de\/gartenvase-anthrazit-sandstruktur-54cm\/#local-main-organization-logo\",\"url\":\"https:\/\/www.eliassen.nl\/wp-content\/uploads\/2024\/01\/logo_4nd.jpg\",\"contentUrl\":\"https:\/\/www.eliassen.nl\/wp-content\/uploads\/2024\/01\/logo_4nd.jpg\",\"width\":500,\"height\":500,\"caption\":\"Eliassen Home & Garden Pleasure\"}]}<\/script>\n<meta property=\"product:price:amount\" content=\"59.50\" \/>\n<meta property=\"product:price:currency\" content=\"EUR\" \/>\n<meta property=\"og:availability\" content=\"instock\" \/>\n<meta property=\"product:availability\" content=\"instock\" \/>\n<meta property=\"product:retailer_item_id\" content=\"132544\" \/>\n<meta property=\"product:condition\" content=\"new\" \/>\n<!-- \/ Yoast SEO Premium plugin. -->","yoast_head_json":{"title":"Gartenvase anthrazit Sandstruktur 54cm","description":"Gartenvasen ? Schauen Sie sich das riesige Sortiment von Eliassen im Webshop an, in allen m\u00f6glichen Materialien, fast alle auch live bei uns im Laden !!!","robots":{"index":"index","follow":"follow","max-snippet":"max-snippet:-1","max-image-preview":"max-image-preview:large","max-video-preview":"max-video-preview:-1"},"canonical":"https:\/\/www.eliassen.nl\/de\/gartenvase-anthrazit-sandstruktur-54cm\/","og_locale":"de_DE","og_type":"article","og_title":"Sonstige Gartenvase Fibreclay Anthrazit Sand Struktur 54cm - Eliassen.nl","og_description":"Gartenvasen ? Schauen Sie sich das riesige Sortiment von Eliassen im Webshop an, in allen m\u00f6glichen Materialien, fast alle auch live bei uns im Laden !!!","og_url":"https:\/\/www.eliassen.nl\/de\/gartenvase-anthrazit-sandstruktur-54cm\/","og_site_name":"Eliassen.nl","article_publisher":"https:\/\/www.facebook.com\/TuincentrumEliassenAmmerzoden","article_modified_time":"2026-02-25T10:20:03+00:00","og_image":[{"width":1443,"height":2048,"url":"https:\/\/www.eliassen.nl\/wp-content\/uploads\/2024\/10\/tuinvaasantracietzandstruktuureliassen1.jpg","type":"image\/jpeg"}],"twitter_card":"summary_large_image","schema":{"@context":"https:\/\/schema.org","@graph":[{"@type":"WebPage","@id":"https:\/\/www.eliassen.nl\/de\/gartenvase-anthrazit-sandstruktur-54cm\/","url":"https:\/\/www.eliassen.nl\/de\/gartenvase-anthrazit-sandstruktur-54cm\/","name":"Gartenvase anthrazit Sandstruktur 54cm","isPartOf":{"@id":"https:\/\/www.eliassen.nl\/de\/#website"},"primaryImageOfPage":{"@id":"https:\/\/www.eliassen.nl\/de\/gartenvase-anthrazit-sandstruktur-54cm\/#primaryimage"},"image":{"@id":"https:\/\/www.eliassen.nl\/de\/gartenvase-anthrazit-sandstruktur-54cm\/#primaryimage"},"thumbnailUrl":"https:\/\/www.eliassen.nl\/wp-content\/uploads\/2024\/10\/tuinvaasantracietzandstruktuureliassen1.jpg","datePublished":"2024-03-13T11:25:03+00:00","dateModified":"2026-02-25T10:20:03+00:00","description":"Gartenvasen ? Schauen Sie sich das riesige Sortiment von Eliassen im Webshop an, in allen m\u00f6glichen Materialien, fast alle auch live bei uns im Laden !!!","breadcrumb":{"@id":"https:\/\/www.eliassen.nl\/de\/gartenvase-anthrazit-sandstruktur-54cm\/#breadcrumb"},"inLanguage":"de","potentialAction":[{"@type":"ReadAction","target":["https:\/\/www.eliassen.nl\/de\/gartenvase-anthrazit-sandstruktur-54cm\/"]}]},{"@type":"ImageObject","inLanguage":"de","@id":"https:\/\/www.eliassen.nl\/de\/gartenvase-anthrazit-sandstruktur-54cm\/#primaryimage","url":"https:\/\/www.eliassen.nl\/wp-content\/uploads\/2024\/10\/tuinvaasantracietzandstruktuureliassen1.jpg","contentUrl":"https:\/\/www.eliassen.nl\/wp-content\/uploads\/2024\/10\/tuinvaasantracietzandstruktuureliassen1.jpg","width":1443,"height":2048,"caption":"Gartenvase Anthrazit Sandstruktur Eliassen (1)"},{"@type":"BreadcrumbList","@id":"https:\/\/www.eliassen.nl\/de\/gartenvase-anthrazit-sandstruktur-54cm\/#breadcrumb","itemListElement":[{"@type":"ListItem","position":1,"name":"Home","item":"https:\/\/www.eliassen.nl\/de\/"},{"@type":"ListItem","position":2,"name":"Shop","item":"https:\/\/www.eliassen.nl\/de\/shop\/"},{"@type":"ListItem","position":3,"name":"Blument\u00f6pfe und Pflanzgef\u00e4\u00dfe","item":"https:\/\/www.eliassen.nl\/de\/blumentoepfe-und-pflanzgefaesse\/"},{"@type":"ListItem","position":4,"name":"Klassische Gartenvasen","item":"https:\/\/www.eliassen.nl\/de\/product-categorie\/blumentoepfe-und-pflanzgefaesse\/klassische-gartenvasen-de\/"},{"@type":"ListItem","position":5,"name":"Tuinvazen fiberclay","item":"https:\/\/www.eliassen.nl\/de\/blumentoepfe-und-pflanzgefaesse\/klassische-gartenvasen\/tuinvazen-fiberclay\/"},{"@type":"ListItem","position":6,"name":"Gartenvase Fibreclay Anthrazit Sand Struktur 54cm"}]},{"@type":"WebSite","@id":"https:\/\/www.eliassen.nl\/de\/#website","url":"https:\/\/www.eliassen.nl\/de\/","name":"Eliassen Home & Garden Pleasure","description":"","publisher":{"@id":"https:\/\/www.eliassen.nl\/de\/#organization"},"alternateName":"Eliassen.nl","potentialAction":[{"@type":"SearchAction","target":{"@type":"EntryPoint","urlTemplate":"https:\/\/www.eliassen.nl\/de\/?s={search_term_string}"},"query-input":{"@type":"PropertyValueSpecification","valueRequired":true,"valueName":"search_term_string"}}],"inLanguage":"de"},{"@type":["Organization","Place"],"@id":"https:\/\/www.eliassen.nl\/de\/#organization","name":"Eliassen Home & Garden Pleasure","url":"https:\/\/www.eliassen.nl\/de\/","logo":{"@id":"https:\/\/www.eliassen.nl\/de\/gartenvase-anthrazit-sandstruktur-54cm\/#local-main-organization-logo"},"image":{"@id":"https:\/\/www.eliassen.nl\/de\/gartenvase-anthrazit-sandstruktur-54cm\/#local-main-organization-logo"},"sameAs":["https:\/\/www.facebook.com\/TuincentrumEliassenAmmerzoden","https:\/\/www.instagram.com\/eliassenhomeandgarden\/","https:\/\/nl.pinterest.com\/eliassenhomeandgarden\/","https:\/\/www.youtube.com\/@eliassenhomegardenpleasure4558"],"telephone":[],"openingHoursSpecification":[{"@type":"OpeningHoursSpecification","dayOfWeek":["Monday","Tuesday","Wednesday","Thursday","Friday","Saturday","Sunday"],"opens":"09:00","closes":"17:00"}]},{"@type":"ImageObject","inLanguage":"de","@id":"https:\/\/www.eliassen.nl\/de\/gartenvase-anthrazit-sandstruktur-54cm\/#local-main-organization-logo","url":"https:\/\/www.eliassen.nl\/wp-content\/uploads\/2024\/01\/logo_4nd.jpg","contentUrl":"https:\/\/www.eliassen.nl\/wp-content\/uploads\/2024\/01\/logo_4nd.jpg","width":500,"height":500,"caption":"Eliassen Home & Garden Pleasure"}]},"product_price_amount":"59.50","product_price_currency":"EUR","og_availability":"instock","product_availability":"instock","product_retailer_item_id":"132544","product_condition":"new"},"df_price":59.5,"df_sale_price":"","df_regular_price":59.5,"df_image_link":"https:\/\/www.eliassen.nl\/wp-content\/uploads\/2024\/10\/tuinvaasantracietzandstruktuureliassen1.jpg","image":"https:\/\/www.eliassen.nl\/wp-content\/uploads\/2024\/10\/tuinvaasantracietzandstruktuureliassen1.jpg","price_search":"<span class=\"woocommerce-Price-amount amount\"><bdi><span class=\"woocommerce-Price-currencySymbol\">&euro;<\/span>&nbsp;59,50<\/bdi><\/span>","category":"Blument\u00f6pfe und Pflanzgef\u00e4\u00dfe","global_unique_id":"8714075473769","_links":{"self":[{"href":"https:\/\/www.eliassen.nl\/de\/wp-json\/wp\/v2\/product\/151514","targetHints":{"allow":["GET"]}}],"collection":[{"href":"https:\/\/www.eliassen.nl\/de\/wp-json\/wp\/v2\/product"}],"about":[{"href":"https:\/\/www.eliassen.nl\/de\/wp-json\/wp\/v2\/types\/product"}],"wp:featuredmedia":[{"embeddable":true,"href":"https:\/\/www.eliassen.nl\/de\/wp-json\/wp\/v2\/media\/151511"}],"wp:attachment":[{"href":"https:\/\/www.eliassen.nl\/de\/wp-json\/wp\/v2\/media?parent=151514"}],"wp:term":[{"taxonomy":"product_brand","embeddable":true,"href":"https:\/\/www.eliassen.nl\/de\/wp-json\/wp\/v2\/product_brand?post=151514"},{"taxonomy":"product_cat","embeddable":true,"href":"https:\/\/www.eliassen.nl\/de\/wp-json\/wp\/v2\/product_cat?post=151514"},{"taxonomy":"product_tag","embeddable":true,"href":"https:\/\/www.eliassen.nl\/de\/wp-json\/wp\/v2\/product_tag?post=151514"}],"curies":[{"name":"wp","href":"https:\/\/api.w.org\/{rel}","templated":true}]}}