{"id":151502,"date":"2024-03-13T11:22:06","date_gmt":"2024-03-13T11:22:06","guid":{"rendered":"https:\/\/www.eliassen.nl\/?product=tuinvaas-zandkleur-zandstructuur-68cm"},"modified":"2026-02-25T11:20:26","modified_gmt":"2026-02-25T10:20:26","slug":"gartenvase-sandfarben-sandstruktur-68cm","status":"publish","type":"product","link":"https:\/\/www.eliassen.nl\/de\/gartenvase-sandfarben-sandstruktur-68cm\/","title":{"rendered":"Gartenvase Fibreclay Sand 68cm"},"content":{"rendered":"<p>Bringen Sie pure Sch\u00f6nheit in Ihr Haus oder Ihren Garten mit dieser klassisch geformten Gartenvase.<\/p>\n<p>Gefertigt aus felsenfestem Fibreclay, wundersch\u00f6n veredelt mit einem superstarken Lack mit Sandstruktur. Fiberclay wird aus getrocknetem Ton hergestellt, der mit Polyester-Epoxidharz gemischt und mit Glasfasermatten verst\u00e4rkt wird. Diese Vase ist f\u00fcr den Innen- und Au\u00dfenbereich geeignet.<\/p>\n<p>M\u00f6chten Sie diese Vase auf dem <strong>passenden Sockel?<\/strong> Dann geben Sie bitte die Artikelnummer <strong>132060<\/strong> in die Suchleiste ein, dann k\u00f6nnen Sie den passenden Sockel dazu bestellen. Sie k\u00f6nnen diesen Sockel auch hier am Ende dieser Seite anklicken. Die Gesamth\u00f6he, also mit Sockel, betr\u00e4gt dann 115 cm.<\/p>\n<p><strong>Sie k\u00f6nnen dieses Set auch live bei uns besichtigen, wenn es auf Lager ist.<\/strong><\/p>\n<ul>\n<li>Gr\u00f6\u00dfe: 50x68cm hoch<\/li>\n<li>Farbe: sandfarben mit sandfarbener Oberfl\u00e4che<\/li>\n<li>Sehr stilvoll in eleganten, modernen und klassischen G\u00e4rten<\/li>\n<li>Frostbest\u00e4ndig: Ja<\/li>\n<li>Material: Fiberclay<\/li>\n<li>2 Jahre Garantie, externe Sch\u00e4den ausgeschlossen<\/li>\n<li>UV-best\u00e4ndig<\/li>\n<li>Schnelle Lieferung<\/li>\n<\/ul>\n","protected":false},"excerpt":{"rendered":"<p>Schlanke runde Gartenvase mit Sandoberfl\u00e4che<\/p>\n","protected":false},"featured_media":151496,"template":"","meta":{"_acf_changed":false,"_genesis_title":"","_genesis_description":""},"product_brand":[7505],"product_cat":[722,7343,1427],"product_tag":[7338],"class_list":{"0":"post-151502","1":"product","2":"type-product","3":"status-publish","4":"has-post-thumbnail","6":"product_brand-sonstige","7":"product_cat-blumentoepfe-und-pflanzgefaesse","8":"product_cat-klassische-gartenvasen-de","9":"product_cat-tuinvazen-fiberclay","10":"product_tag-glaskunst-zerbrechlich","12":"first","13":"instock","14":"taxable","15":"shipping-taxable","16":"purchasable","17":"product-type-simple"},"acf":[],"meta_all":{"wcml_sync_hash":{"postmeta_fields":"dcafff7c34213977d88d77fec81d6356"},"attr_label_translations":[],"total_sales":"18","cor_restricted_countries":[]},"meta_all_flat":{"wcml_sync_hash.postmeta_fields":"dcafff7c34213977d88d77fec81d6356","total_sales":"18"},"yoast_head":"<!-- This site is optimized with the Yoast SEO Premium plugin v26.2 (Yoast SEO v27.2) - https:\/\/yoast.com\/product\/yoast-seo-premium-wordpress\/ -->\n<title>Gartenvase Sand 68cm<\/title>\n<meta name=\"description\" content=\"Gartenvasen ? Schauen Sie sich das riesige Sortiment von Eliassen im Webshop an, in allen m\u00f6glichen Materialien, fast alle auch live bei uns im Laden !!!\" \/>\n<meta name=\"robots\" content=\"index, follow, max-snippet:-1, max-image-preview:large, max-video-preview:-1\" \/>\n<link rel=\"canonical\" href=\"https:\/\/www.eliassen.nl\/de\/gartenvase-sandfarben-sandstruktur-68cm\/\" \/>\n<meta property=\"og:locale\" content=\"de_DE\" \/>\n<meta property=\"og:type\" content=\"article\" \/>\n<meta property=\"og:title\" content=\"Sonstige Gartenvase Fibreclay Sand 68cm - Eliassen.nl\" \/>\n<meta property=\"og:description\" content=\"Gartenvasen ? Schauen Sie sich das riesige Sortiment von Eliassen im Webshop an, in allen m\u00f6glichen Materialien, fast alle auch live bei uns im Laden !!!\" \/>\n<meta property=\"og:url\" content=\"https:\/\/www.eliassen.nl\/de\/gartenvase-sandfarben-sandstruktur-68cm\/\" \/>\n<meta property=\"og:site_name\" content=\"Eliassen.nl\" \/>\n<meta property=\"article:publisher\" content=\"https:\/\/www.facebook.com\/TuincentrumEliassenAmmerzoden\" \/>\n<meta property=\"article:modified_time\" content=\"2026-02-25T10:20:26+00:00\" \/>\n<meta property=\"og:image\" content=\"https:\/\/www.eliassen.nl\/wp-content\/uploads\/2024\/10\/tuinvaaszandkleurzandstruktuureliassen2_2nd.jpg\" \/>\n\t<meta property=\"og:image:width\" content=\"1443\" \/>\n\t<meta property=\"og:image:height\" content=\"2048\" \/>\n\t<meta property=\"og:image:type\" content=\"image\/jpeg\" \/>\n<meta name=\"twitter:card\" content=\"summary_large_image\" \/>\n<script type=\"application\/ld+json\" class=\"yoast-schema-graph\">{\"@context\":\"https:\/\/schema.org\",\"@graph\":[{\"@type\":\"WebPage\",\"@id\":\"https:\/\/www.eliassen.nl\/de\/gartenvase-sandfarben-sandstruktur-68cm\/\",\"url\":\"https:\/\/www.eliassen.nl\/de\/gartenvase-sandfarben-sandstruktur-68cm\/\",\"name\":\"Gartenvase Sand 68cm\",\"isPartOf\":{\"@id\":\"https:\/\/www.eliassen.nl\/de\/#website\"},\"primaryImageOfPage\":{\"@id\":\"https:\/\/www.eliassen.nl\/de\/gartenvase-sandfarben-sandstruktur-68cm\/#primaryimage\"},\"image\":{\"@id\":\"https:\/\/www.eliassen.nl\/de\/gartenvase-sandfarben-sandstruktur-68cm\/#primaryimage\"},\"thumbnailUrl\":\"https:\/\/www.eliassen.nl\/wp-content\/uploads\/2024\/10\/tuinvaaszandkleurzandstruktuureliassen2_2nd.jpg\",\"datePublished\":\"2024-03-13T11:22:06+00:00\",\"dateModified\":\"2026-02-25T10:20:26+00:00\",\"description\":\"Gartenvasen ? Schauen Sie sich das riesige Sortiment von Eliassen im Webshop an, in allen m\u00f6glichen Materialien, fast alle auch live bei uns im Laden !!!\",\"breadcrumb\":{\"@id\":\"https:\/\/www.eliassen.nl\/de\/gartenvase-sandfarben-sandstruktur-68cm\/#breadcrumb\"},\"inLanguage\":\"de\",\"potentialAction\":[{\"@type\":\"ReadAction\",\"target\":[\"https:\/\/www.eliassen.nl\/de\/gartenvase-sandfarben-sandstruktur-68cm\/\"]}]},{\"@type\":\"ImageObject\",\"inLanguage\":\"de\",\"@id\":\"https:\/\/www.eliassen.nl\/de\/gartenvase-sandfarben-sandstruktur-68cm\/#primaryimage\",\"url\":\"https:\/\/www.eliassen.nl\/wp-content\/uploads\/2024\/10\/tuinvaaszandkleurzandstruktuureliassen2_2nd.jpg\",\"contentUrl\":\"https:\/\/www.eliassen.nl\/wp-content\/uploads\/2024\/10\/tuinvaaszandkleurzandstruktuureliassen2_2nd.jpg\",\"width\":1443,\"height\":2048,\"caption\":\"Gartenvase Sand Farbe Sand Textur Eliassen (2)\"},{\"@type\":\"BreadcrumbList\",\"@id\":\"https:\/\/www.eliassen.nl\/de\/gartenvase-sandfarben-sandstruktur-68cm\/#breadcrumb\",\"itemListElement\":[{\"@type\":\"ListItem\",\"position\":1,\"name\":\"Home\",\"item\":\"https:\/\/www.eliassen.nl\/de\/\"},{\"@type\":\"ListItem\",\"position\":2,\"name\":\"Shop\",\"item\":\"https:\/\/www.eliassen.nl\/de\/shop\/\"},{\"@type\":\"ListItem\",\"position\":3,\"name\":\"Blument\u00f6pfe und Pflanzgef\u00e4\u00dfe\",\"item\":\"https:\/\/www.eliassen.nl\/de\/blumentoepfe-und-pflanzgefaesse\/\"},{\"@type\":\"ListItem\",\"position\":4,\"name\":\"Klassische Gartenvasen\",\"item\":\"https:\/\/www.eliassen.nl\/de\/product-categorie\/blumentoepfe-und-pflanzgefaesse\/klassische-gartenvasen-de\/\"},{\"@type\":\"ListItem\",\"position\":5,\"name\":\"Tuinvazen fiberclay\",\"item\":\"https:\/\/www.eliassen.nl\/de\/blumentoepfe-und-pflanzgefaesse\/klassische-gartenvasen\/tuinvazen-fiberclay\/\"},{\"@type\":\"ListItem\",\"position\":6,\"name\":\"Gartenvase Fibreclay Sand 68cm\"}]},{\"@type\":\"WebSite\",\"@id\":\"https:\/\/www.eliassen.nl\/de\/#website\",\"url\":\"https:\/\/www.eliassen.nl\/de\/\",\"name\":\"Eliassen Home & Garden Pleasure\",\"description\":\"\",\"publisher\":{\"@id\":\"https:\/\/www.eliassen.nl\/de\/#organization\"},\"alternateName\":\"Eliassen.nl\",\"potentialAction\":[{\"@type\":\"SearchAction\",\"target\":{\"@type\":\"EntryPoint\",\"urlTemplate\":\"https:\/\/www.eliassen.nl\/de\/?s={search_term_string}\"},\"query-input\":{\"@type\":\"PropertyValueSpecification\",\"valueRequired\":true,\"valueName\":\"search_term_string\"}}],\"inLanguage\":\"de\"},{\"@type\":[\"Organization\",\"Place\"],\"@id\":\"https:\/\/www.eliassen.nl\/de\/#organization\",\"name\":\"Eliassen Home & Garden Pleasure\",\"url\":\"https:\/\/www.eliassen.nl\/de\/\",\"logo\":{\"@id\":\"https:\/\/www.eliassen.nl\/de\/gartenvase-sandfarben-sandstruktur-68cm\/#local-main-organization-logo\"},\"image\":{\"@id\":\"https:\/\/www.eliassen.nl\/de\/gartenvase-sandfarben-sandstruktur-68cm\/#local-main-organization-logo\"},\"sameAs\":[\"https:\/\/www.facebook.com\/TuincentrumEliassenAmmerzoden\",\"https:\/\/www.instagram.com\/eliassenhomeandgarden\/\",\"https:\/\/nl.pinterest.com\/eliassenhomeandgarden\/\",\"https:\/\/www.youtube.com\/@eliassenhomegardenpleasure4558\"],\"telephone\":[],\"openingHoursSpecification\":[{\"@type\":\"OpeningHoursSpecification\",\"dayOfWeek\":[\"Monday\",\"Tuesday\",\"Wednesday\",\"Thursday\",\"Friday\",\"Saturday\",\"Sunday\"],\"opens\":\"09:00\",\"closes\":\"17:00\"}]},{\"@type\":\"ImageObject\",\"inLanguage\":\"de\",\"@id\":\"https:\/\/www.eliassen.nl\/de\/gartenvase-sandfarben-sandstruktur-68cm\/#local-main-organization-logo\",\"url\":\"https:\/\/www.eliassen.nl\/wp-content\/uploads\/2024\/01\/logo_4nd.jpg\",\"contentUrl\":\"https:\/\/www.eliassen.nl\/wp-content\/uploads\/2024\/01\/logo_4nd.jpg\",\"width\":500,\"height\":500,\"caption\":\"Eliassen Home & Garden Pleasure\"}]}<\/script>\n<meta property=\"product:price:amount\" content=\"109.00\" \/>\n<meta property=\"product:price:currency\" content=\"EUR\" \/>\n<meta property=\"og:availability\" content=\"instock\" \/>\n<meta property=\"product:availability\" content=\"instock\" \/>\n<meta property=\"product:retailer_item_id\" content=\"132057\" \/>\n<meta property=\"product:condition\" content=\"new\" \/>\n<!-- \/ Yoast SEO Premium plugin. -->","yoast_head_json":{"title":"Gartenvase Sand 68cm","description":"Gartenvasen ? Schauen Sie sich das riesige Sortiment von Eliassen im Webshop an, in allen m\u00f6glichen Materialien, fast alle auch live bei uns im Laden !!!","robots":{"index":"index","follow":"follow","max-snippet":"max-snippet:-1","max-image-preview":"max-image-preview:large","max-video-preview":"max-video-preview:-1"},"canonical":"https:\/\/www.eliassen.nl\/de\/gartenvase-sandfarben-sandstruktur-68cm\/","og_locale":"de_DE","og_type":"article","og_title":"Sonstige Gartenvase Fibreclay Sand 68cm - Eliassen.nl","og_description":"Gartenvasen ? Schauen Sie sich das riesige Sortiment von Eliassen im Webshop an, in allen m\u00f6glichen Materialien, fast alle auch live bei uns im Laden !!!","og_url":"https:\/\/www.eliassen.nl\/de\/gartenvase-sandfarben-sandstruktur-68cm\/","og_site_name":"Eliassen.nl","article_publisher":"https:\/\/www.facebook.com\/TuincentrumEliassenAmmerzoden","article_modified_time":"2026-02-25T10:20:26+00:00","og_image":[{"width":1443,"height":2048,"url":"https:\/\/www.eliassen.nl\/wp-content\/uploads\/2024\/10\/tuinvaaszandkleurzandstruktuureliassen2_2nd.jpg","type":"image\/jpeg"}],"twitter_card":"summary_large_image","schema":{"@context":"https:\/\/schema.org","@graph":[{"@type":"WebPage","@id":"https:\/\/www.eliassen.nl\/de\/gartenvase-sandfarben-sandstruktur-68cm\/","url":"https:\/\/www.eliassen.nl\/de\/gartenvase-sandfarben-sandstruktur-68cm\/","name":"Gartenvase Sand 68cm","isPartOf":{"@id":"https:\/\/www.eliassen.nl\/de\/#website"},"primaryImageOfPage":{"@id":"https:\/\/www.eliassen.nl\/de\/gartenvase-sandfarben-sandstruktur-68cm\/#primaryimage"},"image":{"@id":"https:\/\/www.eliassen.nl\/de\/gartenvase-sandfarben-sandstruktur-68cm\/#primaryimage"},"thumbnailUrl":"https:\/\/www.eliassen.nl\/wp-content\/uploads\/2024\/10\/tuinvaaszandkleurzandstruktuureliassen2_2nd.jpg","datePublished":"2024-03-13T11:22:06+00:00","dateModified":"2026-02-25T10:20:26+00:00","description":"Gartenvasen ? Schauen Sie sich das riesige Sortiment von Eliassen im Webshop an, in allen m\u00f6glichen Materialien, fast alle auch live bei uns im Laden !!!","breadcrumb":{"@id":"https:\/\/www.eliassen.nl\/de\/gartenvase-sandfarben-sandstruktur-68cm\/#breadcrumb"},"inLanguage":"de","potentialAction":[{"@type":"ReadAction","target":["https:\/\/www.eliassen.nl\/de\/gartenvase-sandfarben-sandstruktur-68cm\/"]}]},{"@type":"ImageObject","inLanguage":"de","@id":"https:\/\/www.eliassen.nl\/de\/gartenvase-sandfarben-sandstruktur-68cm\/#primaryimage","url":"https:\/\/www.eliassen.nl\/wp-content\/uploads\/2024\/10\/tuinvaaszandkleurzandstruktuureliassen2_2nd.jpg","contentUrl":"https:\/\/www.eliassen.nl\/wp-content\/uploads\/2024\/10\/tuinvaaszandkleurzandstruktuureliassen2_2nd.jpg","width":1443,"height":2048,"caption":"Gartenvase Sand Farbe Sand Textur Eliassen (2)"},{"@type":"BreadcrumbList","@id":"https:\/\/www.eliassen.nl\/de\/gartenvase-sandfarben-sandstruktur-68cm\/#breadcrumb","itemListElement":[{"@type":"ListItem","position":1,"name":"Home","item":"https:\/\/www.eliassen.nl\/de\/"},{"@type":"ListItem","position":2,"name":"Shop","item":"https:\/\/www.eliassen.nl\/de\/shop\/"},{"@type":"ListItem","position":3,"name":"Blument\u00f6pfe und Pflanzgef\u00e4\u00dfe","item":"https:\/\/www.eliassen.nl\/de\/blumentoepfe-und-pflanzgefaesse\/"},{"@type":"ListItem","position":4,"name":"Klassische Gartenvasen","item":"https:\/\/www.eliassen.nl\/de\/product-categorie\/blumentoepfe-und-pflanzgefaesse\/klassische-gartenvasen-de\/"},{"@type":"ListItem","position":5,"name":"Tuinvazen fiberclay","item":"https:\/\/www.eliassen.nl\/de\/blumentoepfe-und-pflanzgefaesse\/klassische-gartenvasen\/tuinvazen-fiberclay\/"},{"@type":"ListItem","position":6,"name":"Gartenvase Fibreclay Sand 68cm"}]},{"@type":"WebSite","@id":"https:\/\/www.eliassen.nl\/de\/#website","url":"https:\/\/www.eliassen.nl\/de\/","name":"Eliassen Home & Garden Pleasure","description":"","publisher":{"@id":"https:\/\/www.eliassen.nl\/de\/#organization"},"alternateName":"Eliassen.nl","potentialAction":[{"@type":"SearchAction","target":{"@type":"EntryPoint","urlTemplate":"https:\/\/www.eliassen.nl\/de\/?s={search_term_string}"},"query-input":{"@type":"PropertyValueSpecification","valueRequired":true,"valueName":"search_term_string"}}],"inLanguage":"de"},{"@type":["Organization","Place"],"@id":"https:\/\/www.eliassen.nl\/de\/#organization","name":"Eliassen Home & Garden Pleasure","url":"https:\/\/www.eliassen.nl\/de\/","logo":{"@id":"https:\/\/www.eliassen.nl\/de\/gartenvase-sandfarben-sandstruktur-68cm\/#local-main-organization-logo"},"image":{"@id":"https:\/\/www.eliassen.nl\/de\/gartenvase-sandfarben-sandstruktur-68cm\/#local-main-organization-logo"},"sameAs":["https:\/\/www.facebook.com\/TuincentrumEliassenAmmerzoden","https:\/\/www.instagram.com\/eliassenhomeandgarden\/","https:\/\/nl.pinterest.com\/eliassenhomeandgarden\/","https:\/\/www.youtube.com\/@eliassenhomegardenpleasure4558"],"telephone":[],"openingHoursSpecification":[{"@type":"OpeningHoursSpecification","dayOfWeek":["Monday","Tuesday","Wednesday","Thursday","Friday","Saturday","Sunday"],"opens":"09:00","closes":"17:00"}]},{"@type":"ImageObject","inLanguage":"de","@id":"https:\/\/www.eliassen.nl\/de\/gartenvase-sandfarben-sandstruktur-68cm\/#local-main-organization-logo","url":"https:\/\/www.eliassen.nl\/wp-content\/uploads\/2024\/01\/logo_4nd.jpg","contentUrl":"https:\/\/www.eliassen.nl\/wp-content\/uploads\/2024\/01\/logo_4nd.jpg","width":500,"height":500,"caption":"Eliassen Home & Garden Pleasure"}]},"product_price_amount":"109.00","product_price_currency":"EUR","og_availability":"instock","product_availability":"instock","product_retailer_item_id":"132057","product_condition":"new"},"df_price":109,"df_sale_price":"","df_regular_price":109,"df_image_link":"https:\/\/www.eliassen.nl\/wp-content\/uploads\/2024\/10\/tuinvaaszandkleurzandstruktuureliassen2_2nd.jpg","image":"https:\/\/www.eliassen.nl\/wp-content\/uploads\/2024\/10\/tuinvaaszandkleurzandstruktuureliassen2_2nd.jpg","price_search":"<span class=\"woocommerce-Price-amount amount\"><bdi><span class=\"woocommerce-Price-currencySymbol\">&euro;<\/span>&nbsp;109,00<\/bdi><\/span>","category":"Blument\u00f6pfe und Pflanzgef\u00e4\u00dfe","global_unique_id":"8714075468024","_links":{"self":[{"href":"https:\/\/www.eliassen.nl\/de\/wp-json\/wp\/v2\/product\/151502","targetHints":{"allow":["GET"]}}],"collection":[{"href":"https:\/\/www.eliassen.nl\/de\/wp-json\/wp\/v2\/product"}],"about":[{"href":"https:\/\/www.eliassen.nl\/de\/wp-json\/wp\/v2\/types\/product"}],"wp:featuredmedia":[{"embeddable":true,"href":"https:\/\/www.eliassen.nl\/de\/wp-json\/wp\/v2\/media\/151496"}],"wp:attachment":[{"href":"https:\/\/www.eliassen.nl\/de\/wp-json\/wp\/v2\/media?parent=151502"}],"wp:term":[{"taxonomy":"product_brand","embeddable":true,"href":"https:\/\/www.eliassen.nl\/de\/wp-json\/wp\/v2\/product_brand?post=151502"},{"taxonomy":"product_cat","embeddable":true,"href":"https:\/\/www.eliassen.nl\/de\/wp-json\/wp\/v2\/product_cat?post=151502"},{"taxonomy":"product_tag","embeddable":true,"href":"https:\/\/www.eliassen.nl\/de\/wp-json\/wp\/v2\/product_tag?post=151502"}],"curies":[{"name":"wp","href":"https:\/\/api.w.org\/{rel}","templated":true}]}}