{"id":151478,"date":"2024-03-13T11:01:15","date_gmt":"2024-03-13T11:01:15","guid":{"rendered":"https:\/\/www.eliassen.nl\/?product=beeld-vietnamese-landarbeider-97cm"},"modified":"2026-01-16T15:21:31","modified_gmt":"2026-01-16T14:21:31","slug":"statue-eines-vietnamesischen-landarbeiters-97-cm","status":"publish","type":"product","link":"https:\/\/www.eliassen.nl\/de\/statue-eines-vietnamesischen-landarbeiters-97-cm\/","title":{"rendered":"Statue Vietnamesischer Landarbeiter 97cm"},"content":{"rendered":"<p>Diese Statue ist ein sch\u00f6nes Dekorationsst\u00fcck f\u00fcr Ihr Zuhause und Ihren orientalischen Garten. Perfekt gemacht ohne N\u00e4hte. Hergestellt aus felsenfestem Fiberstone, das sehr robust ist. Fibrestone wird aus zerkleinertem Marmor hergestellt, der mit Polyester-Epoxidharz gemischt wird. Dieses Modell ist ein wundersch\u00f6nes und exklusives Dekorationsst\u00fcck f\u00fcr jeden Garten, jedes Haus und jedes Gesch\u00e4ft.<\/p>\n<p><strong>Dieses Bild k\u00f6nnen Sie sich auch in unserem Shop ansehen.<\/strong><\/p>\n<ul>\n<li>Gr\u00f6\u00dfe: 23x23x97 cm hoch<\/li>\n<li>Eigene Aktie<\/li>\n<li>3 Jahre Garantie, externe Sch\u00e4den ausgeschlossen<\/li>\n<li>UV-best\u00e4ndig<\/li>\n<li>Eigene Aktie<\/li>\n<li>Schnelle Lieferung<\/li>\n<\/ul>\n<p>Kiste<\/p>\n","protected":false},"excerpt":{"rendered":"<p><strong>NUR IN UNSEREM GESCH\u00c4FT ABZUHOLEN<\/strong><\/p>\n","protected":false},"featured_media":151451,"template":"","meta":{"_acf_changed":false,"_genesis_title":"","_genesis_description":""},"product_brand":[7505],"product_cat":[704,677,1376,7239,7064],"product_tag":[],"class_list":{"0":"post-151478","1":"product","2":"type-product","3":"status-publish","4":"has-post-thumbnail","6":"product_brand-sonstige","7":"product_cat-andere-modelle-gartenstatuen","8":"product_cat-betonstatuen","9":"product_cat-polystone-bilder","10":"product_cat-bilder","11":"product_cat-werbeartikel","13":"first","14":"instock","15":"sale","16":"taxable","17":"shipping-taxable","18":"purchasable","19":"product-type-simple"},"acf":[],"meta_all":{"wcml_sync_hash":{"postmeta_fields":"d8eaf2c2139c271e3decf272390724da"},"attr_label_translations":[],"total_sales":"10","cor_restricted_countries":[]},"meta_all_flat":{"wcml_sync_hash.postmeta_fields":"d8eaf2c2139c271e3decf272390724da","total_sales":"10"},"yoast_head":"<!-- This site is optimized with the Yoast SEO Premium plugin v26.2 (Yoast SEO v27.2) - https:\/\/yoast.com\/product\/yoast-seo-premium-wordpress\/ -->\n<title>Orientalische Statue Vietnamesischer Landarbeiter 97cm<\/title>\n<meta name=\"description\" content=\"Orientalische Skulptur kaufen? Dann sehen Sie sich diese sch\u00f6ne graue orientalische Skulptur eines vietnamesischen Landarbeiters an. 3 Jahre Garantie! LIVE in unserem Shop zu sehen!\" \/>\n<meta name=\"robots\" content=\"index, follow, max-snippet:-1, max-image-preview:large, max-video-preview:-1\" \/>\n<link rel=\"canonical\" href=\"https:\/\/www.eliassen.nl\/de\/statue-eines-vietnamesischen-landarbeiters-97-cm\/\" \/>\n<meta property=\"og:locale\" content=\"de_DE\" \/>\n<meta property=\"og:type\" content=\"article\" \/>\n<meta property=\"og:title\" content=\"Sonstige Statue Vietnamesischer Landarbeiter 97cm - Eliassen.nl\" \/>\n<meta property=\"og:description\" content=\"Orientalische Skulptur kaufen? Dann sehen Sie sich diese sch\u00f6ne graue orientalische Skulptur eines vietnamesischen Landarbeiters an. 3 Jahre Garantie! LIVE in unserem Shop zu sehen!\" \/>\n<meta property=\"og:url\" content=\"https:\/\/www.eliassen.nl\/de\/statue-eines-vietnamesischen-landarbeiters-97-cm\/\" \/>\n<meta property=\"og:site_name\" content=\"Eliassen.nl\" \/>\n<meta property=\"article:publisher\" content=\"https:\/\/www.facebook.com\/TuincentrumEliassenAmmerzoden\" \/>\n<meta property=\"article:modified_time\" content=\"2026-01-16T14:21:31+00:00\" \/>\n<meta property=\"og:image\" content=\"https:\/\/www.eliassen.nl\/wp-content\/uploads\/2024\/10\/beeldvietnameselandarbeider97cmeliassennl4.jpg\" \/>\n\t<meta property=\"og:image:width\" content=\"1536\" \/>\n\t<meta property=\"og:image:height\" content=\"2048\" \/>\n\t<meta property=\"og:image:type\" content=\"image\/jpeg\" \/>\n<meta name=\"twitter:card\" content=\"summary_large_image\" \/>\n<script type=\"application\/ld+json\" class=\"yoast-schema-graph\">{\"@context\":\"https:\/\/schema.org\",\"@graph\":[{\"@type\":\"WebPage\",\"@id\":\"https:\/\/www.eliassen.nl\/de\/statue-eines-vietnamesischen-landarbeiters-97-cm\/\",\"url\":\"https:\/\/www.eliassen.nl\/de\/statue-eines-vietnamesischen-landarbeiters-97-cm\/\",\"name\":\"Orientalische Statue Vietnamesischer Landarbeiter 97cm\",\"isPartOf\":{\"@id\":\"https:\/\/www.eliassen.nl\/de\/#website\"},\"primaryImageOfPage\":{\"@id\":\"https:\/\/www.eliassen.nl\/de\/statue-eines-vietnamesischen-landarbeiters-97-cm\/#primaryimage\"},\"image\":{\"@id\":\"https:\/\/www.eliassen.nl\/de\/statue-eines-vietnamesischen-landarbeiters-97-cm\/#primaryimage\"},\"thumbnailUrl\":\"https:\/\/www.eliassen.nl\/wp-content\/uploads\/2024\/10\/beeldvietnameselandarbeider97cmeliassennl4.jpg\",\"datePublished\":\"2024-03-13T11:01:15+00:00\",\"dateModified\":\"2026-01-16T14:21:31+00:00\",\"description\":\"Orientalische Skulptur kaufen? Dann sehen Sie sich diese sch\u00f6ne graue orientalische Skulptur eines vietnamesischen Landarbeiters an. 3 Jahre Garantie! LIVE in unserem Shop zu sehen!\",\"breadcrumb\":{\"@id\":\"https:\/\/www.eliassen.nl\/de\/statue-eines-vietnamesischen-landarbeiters-97-cm\/#breadcrumb\"},\"inLanguage\":\"de\",\"potentialAction\":[{\"@type\":\"ReadAction\",\"target\":[\"https:\/\/www.eliassen.nl\/de\/statue-eines-vietnamesischen-landarbeiters-97-cm\/\"]}]},{\"@type\":\"ImageObject\",\"inLanguage\":\"de\",\"@id\":\"https:\/\/www.eliassen.nl\/de\/statue-eines-vietnamesischen-landarbeiters-97-cm\/#primaryimage\",\"url\":\"https:\/\/www.eliassen.nl\/wp-content\/uploads\/2024\/10\/beeldvietnameselandarbeider97cmeliassennl4.jpg\",\"contentUrl\":\"https:\/\/www.eliassen.nl\/wp-content\/uploads\/2024\/10\/beeldvietnameselandarbeider97cmeliassennl4.jpg\",\"width\":1536,\"height\":2048,\"caption\":\"Statue Vietnamesischer Landarbeiter 97cm eliassen.co.uk 4\"},{\"@type\":\"BreadcrumbList\",\"@id\":\"https:\/\/www.eliassen.nl\/de\/statue-eines-vietnamesischen-landarbeiters-97-cm\/#breadcrumb\",\"itemListElement\":[{\"@type\":\"ListItem\",\"position\":1,\"name\":\"Home\",\"item\":\"https:\/\/www.eliassen.nl\/de\/\"},{\"@type\":\"ListItem\",\"position\":2,\"name\":\"Shop\",\"item\":\"https:\/\/www.eliassen.nl\/de\/shop\/\"},{\"@type\":\"ListItem\",\"position\":3,\"name\":\"Bilder\",\"item\":\"https:\/\/www.eliassen.nl\/de\/bilder\/\"},{\"@type\":\"ListItem\",\"position\":4,\"name\":\"Betonstatuen\",\"item\":\"https:\/\/www.eliassen.nl\/de\/bilder\/betonstatuen\/\"},{\"@type\":\"ListItem\",\"position\":5,\"name\":\"Andere Modelle Gartenstatuen\",\"item\":\"https:\/\/www.eliassen.nl\/de\/bilder\/betonstatuen\/andere-modelle-gartenstatuen\/\"},{\"@type\":\"ListItem\",\"position\":6,\"name\":\"Statue Vietnamesischer Landarbeiter 97cm\"}]},{\"@type\":\"WebSite\",\"@id\":\"https:\/\/www.eliassen.nl\/de\/#website\",\"url\":\"https:\/\/www.eliassen.nl\/de\/\",\"name\":\"Eliassen Home & Garden Pleasure\",\"description\":\"\",\"publisher\":{\"@id\":\"https:\/\/www.eliassen.nl\/de\/#organization\"},\"alternateName\":\"Eliassen.nl\",\"potentialAction\":[{\"@type\":\"SearchAction\",\"target\":{\"@type\":\"EntryPoint\",\"urlTemplate\":\"https:\/\/www.eliassen.nl\/de\/?s={search_term_string}\"},\"query-input\":{\"@type\":\"PropertyValueSpecification\",\"valueRequired\":true,\"valueName\":\"search_term_string\"}}],\"inLanguage\":\"de\"},{\"@type\":[\"Organization\",\"Place\"],\"@id\":\"https:\/\/www.eliassen.nl\/de\/#organization\",\"name\":\"Eliassen Home & Garden Pleasure\",\"url\":\"https:\/\/www.eliassen.nl\/de\/\",\"logo\":{\"@id\":\"https:\/\/www.eliassen.nl\/de\/statue-eines-vietnamesischen-landarbeiters-97-cm\/#local-main-organization-logo\"},\"image\":{\"@id\":\"https:\/\/www.eliassen.nl\/de\/statue-eines-vietnamesischen-landarbeiters-97-cm\/#local-main-organization-logo\"},\"sameAs\":[\"https:\/\/www.facebook.com\/TuincentrumEliassenAmmerzoden\",\"https:\/\/www.instagram.com\/eliassenhomeandgarden\/\",\"https:\/\/nl.pinterest.com\/eliassenhomeandgarden\/\",\"https:\/\/www.youtube.com\/@eliassenhomegardenpleasure4558\"],\"telephone\":[],\"openingHoursSpecification\":[{\"@type\":\"OpeningHoursSpecification\",\"dayOfWeek\":[\"Monday\",\"Tuesday\",\"Wednesday\",\"Thursday\",\"Friday\",\"Saturday\",\"Sunday\"],\"opens\":\"09:00\",\"closes\":\"17:00\"}]},{\"@type\":\"ImageObject\",\"inLanguage\":\"de\",\"@id\":\"https:\/\/www.eliassen.nl\/de\/statue-eines-vietnamesischen-landarbeiters-97-cm\/#local-main-organization-logo\",\"url\":\"https:\/\/www.eliassen.nl\/wp-content\/uploads\/2024\/01\/logo_4nd.jpg\",\"contentUrl\":\"https:\/\/www.eliassen.nl\/wp-content\/uploads\/2024\/01\/logo_4nd.jpg\",\"width\":500,\"height\":500,\"caption\":\"Eliassen Home & Garden Pleasure\"}]}<\/script>\n<meta property=\"product:price:amount\" content=\"49.00\" \/>\n<meta property=\"product:price:currency\" content=\"EUR\" \/>\n<meta property=\"og:availability\" content=\"instock\" \/>\n<meta property=\"product:availability\" content=\"instock\" \/>\n<meta property=\"product:retailer_item_id\" content=\"109265\" \/>\n<meta property=\"product:condition\" content=\"new\" \/>\n<!-- \/ Yoast SEO Premium plugin. -->","yoast_head_json":{"title":"Orientalische Statue Vietnamesischer Landarbeiter 97cm","description":"Orientalische Skulptur kaufen? Dann sehen Sie sich diese sch\u00f6ne graue orientalische Skulptur eines vietnamesischen Landarbeiters an. 3 Jahre Garantie! LIVE in unserem Shop zu sehen!","robots":{"index":"index","follow":"follow","max-snippet":"max-snippet:-1","max-image-preview":"max-image-preview:large","max-video-preview":"max-video-preview:-1"},"canonical":"https:\/\/www.eliassen.nl\/de\/statue-eines-vietnamesischen-landarbeiters-97-cm\/","og_locale":"de_DE","og_type":"article","og_title":"Sonstige Statue Vietnamesischer Landarbeiter 97cm - Eliassen.nl","og_description":"Orientalische Skulptur kaufen? Dann sehen Sie sich diese sch\u00f6ne graue orientalische Skulptur eines vietnamesischen Landarbeiters an. 3 Jahre Garantie! LIVE in unserem Shop zu sehen!","og_url":"https:\/\/www.eliassen.nl\/de\/statue-eines-vietnamesischen-landarbeiters-97-cm\/","og_site_name":"Eliassen.nl","article_publisher":"https:\/\/www.facebook.com\/TuincentrumEliassenAmmerzoden","article_modified_time":"2026-01-16T14:21:31+00:00","og_image":[{"width":1536,"height":2048,"url":"https:\/\/www.eliassen.nl\/wp-content\/uploads\/2024\/10\/beeldvietnameselandarbeider97cmeliassennl4.jpg","type":"image\/jpeg"}],"twitter_card":"summary_large_image","schema":{"@context":"https:\/\/schema.org","@graph":[{"@type":"WebPage","@id":"https:\/\/www.eliassen.nl\/de\/statue-eines-vietnamesischen-landarbeiters-97-cm\/","url":"https:\/\/www.eliassen.nl\/de\/statue-eines-vietnamesischen-landarbeiters-97-cm\/","name":"Orientalische Statue Vietnamesischer Landarbeiter 97cm","isPartOf":{"@id":"https:\/\/www.eliassen.nl\/de\/#website"},"primaryImageOfPage":{"@id":"https:\/\/www.eliassen.nl\/de\/statue-eines-vietnamesischen-landarbeiters-97-cm\/#primaryimage"},"image":{"@id":"https:\/\/www.eliassen.nl\/de\/statue-eines-vietnamesischen-landarbeiters-97-cm\/#primaryimage"},"thumbnailUrl":"https:\/\/www.eliassen.nl\/wp-content\/uploads\/2024\/10\/beeldvietnameselandarbeider97cmeliassennl4.jpg","datePublished":"2024-03-13T11:01:15+00:00","dateModified":"2026-01-16T14:21:31+00:00","description":"Orientalische Skulptur kaufen? Dann sehen Sie sich diese sch\u00f6ne graue orientalische Skulptur eines vietnamesischen Landarbeiters an. 3 Jahre Garantie! LIVE in unserem Shop zu sehen!","breadcrumb":{"@id":"https:\/\/www.eliassen.nl\/de\/statue-eines-vietnamesischen-landarbeiters-97-cm\/#breadcrumb"},"inLanguage":"de","potentialAction":[{"@type":"ReadAction","target":["https:\/\/www.eliassen.nl\/de\/statue-eines-vietnamesischen-landarbeiters-97-cm\/"]}]},{"@type":"ImageObject","inLanguage":"de","@id":"https:\/\/www.eliassen.nl\/de\/statue-eines-vietnamesischen-landarbeiters-97-cm\/#primaryimage","url":"https:\/\/www.eliassen.nl\/wp-content\/uploads\/2024\/10\/beeldvietnameselandarbeider97cmeliassennl4.jpg","contentUrl":"https:\/\/www.eliassen.nl\/wp-content\/uploads\/2024\/10\/beeldvietnameselandarbeider97cmeliassennl4.jpg","width":1536,"height":2048,"caption":"Statue Vietnamesischer Landarbeiter 97cm eliassen.co.uk 4"},{"@type":"BreadcrumbList","@id":"https:\/\/www.eliassen.nl\/de\/statue-eines-vietnamesischen-landarbeiters-97-cm\/#breadcrumb","itemListElement":[{"@type":"ListItem","position":1,"name":"Home","item":"https:\/\/www.eliassen.nl\/de\/"},{"@type":"ListItem","position":2,"name":"Shop","item":"https:\/\/www.eliassen.nl\/de\/shop\/"},{"@type":"ListItem","position":3,"name":"Bilder","item":"https:\/\/www.eliassen.nl\/de\/bilder\/"},{"@type":"ListItem","position":4,"name":"Betonstatuen","item":"https:\/\/www.eliassen.nl\/de\/bilder\/betonstatuen\/"},{"@type":"ListItem","position":5,"name":"Andere Modelle Gartenstatuen","item":"https:\/\/www.eliassen.nl\/de\/bilder\/betonstatuen\/andere-modelle-gartenstatuen\/"},{"@type":"ListItem","position":6,"name":"Statue Vietnamesischer Landarbeiter 97cm"}]},{"@type":"WebSite","@id":"https:\/\/www.eliassen.nl\/de\/#website","url":"https:\/\/www.eliassen.nl\/de\/","name":"Eliassen Home & Garden Pleasure","description":"","publisher":{"@id":"https:\/\/www.eliassen.nl\/de\/#organization"},"alternateName":"Eliassen.nl","potentialAction":[{"@type":"SearchAction","target":{"@type":"EntryPoint","urlTemplate":"https:\/\/www.eliassen.nl\/de\/?s={search_term_string}"},"query-input":{"@type":"PropertyValueSpecification","valueRequired":true,"valueName":"search_term_string"}}],"inLanguage":"de"},{"@type":["Organization","Place"],"@id":"https:\/\/www.eliassen.nl\/de\/#organization","name":"Eliassen Home & Garden Pleasure","url":"https:\/\/www.eliassen.nl\/de\/","logo":{"@id":"https:\/\/www.eliassen.nl\/de\/statue-eines-vietnamesischen-landarbeiters-97-cm\/#local-main-organization-logo"},"image":{"@id":"https:\/\/www.eliassen.nl\/de\/statue-eines-vietnamesischen-landarbeiters-97-cm\/#local-main-organization-logo"},"sameAs":["https:\/\/www.facebook.com\/TuincentrumEliassenAmmerzoden","https:\/\/www.instagram.com\/eliassenhomeandgarden\/","https:\/\/nl.pinterest.com\/eliassenhomeandgarden\/","https:\/\/www.youtube.com\/@eliassenhomegardenpleasure4558"],"telephone":[],"openingHoursSpecification":[{"@type":"OpeningHoursSpecification","dayOfWeek":["Monday","Tuesday","Wednesday","Thursday","Friday","Saturday","Sunday"],"opens":"09:00","closes":"17:00"}]},{"@type":"ImageObject","inLanguage":"de","@id":"https:\/\/www.eliassen.nl\/de\/statue-eines-vietnamesischen-landarbeiters-97-cm\/#local-main-organization-logo","url":"https:\/\/www.eliassen.nl\/wp-content\/uploads\/2024\/01\/logo_4nd.jpg","contentUrl":"https:\/\/www.eliassen.nl\/wp-content\/uploads\/2024\/01\/logo_4nd.jpg","width":500,"height":500,"caption":"Eliassen Home & Garden Pleasure"}]},"product_price_amount":"49.00","product_price_currency":"EUR","og_availability":"instock","product_availability":"instock","product_retailer_item_id":"109265","product_condition":"new"},"df_price":49,"df_sale_price":49,"df_regular_price":99,"df_image_link":"https:\/\/www.eliassen.nl\/wp-content\/uploads\/2024\/10\/beeldvietnameselandarbeider97cmeliassennl4.jpg","image":"https:\/\/www.eliassen.nl\/wp-content\/uploads\/2024\/10\/beeldvietnameselandarbeider97cmeliassennl4.jpg","price_search":"<span class=\"woocommerce-Price-amount amount\"><bdi><span class=\"woocommerce-Price-currencySymbol\">&euro;<\/span>&nbsp;49,00<\/bdi><\/span>","category":"Andere Modelle Gartenstatuen","global_unique_id":"8714075360946","_links":{"self":[{"href":"https:\/\/www.eliassen.nl\/de\/wp-json\/wp\/v2\/product\/151478","targetHints":{"allow":["GET"]}}],"collection":[{"href":"https:\/\/www.eliassen.nl\/de\/wp-json\/wp\/v2\/product"}],"about":[{"href":"https:\/\/www.eliassen.nl\/de\/wp-json\/wp\/v2\/types\/product"}],"wp:featuredmedia":[{"embeddable":true,"href":"https:\/\/www.eliassen.nl\/de\/wp-json\/wp\/v2\/media\/151451"}],"wp:attachment":[{"href":"https:\/\/www.eliassen.nl\/de\/wp-json\/wp\/v2\/media?parent=151478"}],"wp:term":[{"taxonomy":"product_brand","embeddable":true,"href":"https:\/\/www.eliassen.nl\/de\/wp-json\/wp\/v2\/product_brand?post=151478"},{"taxonomy":"product_cat","embeddable":true,"href":"https:\/\/www.eliassen.nl\/de\/wp-json\/wp\/v2\/product_cat?post=151478"},{"taxonomy":"product_tag","embeddable":true,"href":"https:\/\/www.eliassen.nl\/de\/wp-json\/wp\/v2\/product_tag?post=151478"}],"curies":[{"name":"wp","href":"https:\/\/api.w.org\/{rel}","templated":true}]}}