{"id":151265,"date":"2024-03-05T19:11:27","date_gmt":"2024-03-05T19:11:27","guid":{"rendered":"https:\/\/www.eliassen.nl\/?product=waterset-compleet-marmer-cheops-75cm"},"modified":"2026-01-16T16:53:40","modified_gmt":"2026-01-16T15:53:40","slug":"wasserset-komplett-marmor-cheops-75cm","status":"publish","type":"product","link":"https:\/\/www.eliassen.nl\/de\/wasserset-komplett-marmor-cheops-75cm\/","title":{"rendered":"Wasserset komplett Marmor Cheops 75cm"},"content":{"rendered":"<p>Ein wundersch\u00f6nes komplettes Wasserornament-Set, das Sie nirgendwo anders kaufen k\u00f6nnen!<\/p>\n<p>Ein sch\u00f6ner pyramidenf\u00f6rmiger Marmorstein. Ein sch\u00f6nes Wasserspiel, wenn das Wasser dar\u00fcber l\u00e4uft. Dank des mitgelieferten Scheinwerfers ist auch im Dunkeln eine sch\u00f6ne Lichtshow m\u00f6glich. Der Stein ist 35x35x75cm hoch.<\/p>\n<p>Dieses Set ist super komplett, Sie m\u00fcssen nicht mehr kaufen:<\/p>\n<p>Dieses Set besteht aus:<\/p>\n<p>Ornament<\/p>\n<p>Wassertank 90 ltr. Durchmesser 65cm<\/p>\n<p>Gitter 60x60cm<\/p>\n<p>K\u00fchlergrillabdeckung<\/p>\n<p>Spr\u00fchfolie 100x100cm<\/p>\n<p>Gitter<\/p>\n<p>pontec 2000 Pumpe<\/p>\n<p>Schlauch 3\/4<\/p>\n<p>2x Schaumstoffringe<\/p>\n<p>Pflege des Brunnens mit klarem Wasser<\/p>\n<p>Scheinwerfer pontec pondostar<\/p>\n<p>2x Beutel mit gemischten Zierkieseln<\/p>\n<p>Beschreibung der Struktur<\/p>\n","protected":false},"excerpt":{"rendered":"<p>\u2713 35x35x75cm hoch \u2713 Massiver Marmor \u2713 Komplettes Set<\/p>\n","protected":false},"featured_media":186959,"template":"","meta":{"_acf_changed":false,"_genesis_title":"","_genesis_description":""},"product_brand":[7505],"product_cat":[554,536],"product_tag":[],"class_list":{"0":"post-151265","1":"product","2":"type-product","3":"status-publish","4":"has-post-thumbnail","6":"product_brand-sonstige","7":"product_cat-wasserspiel-mit-grabbecken","8":"product_cat-wassereigenschaften","10":"first","11":"instock","12":"sale","13":"taxable","14":"shipping-taxable","15":"purchasable","16":"product-type-simple"},"acf":[],"meta_all":{"total_sales":"1","wcml_sync_hash":{"postmeta_fields":"1ca133b62be672a8289a46ede7659625"},"attr_label_translations":[],"cor_restricted_countries":[]},"meta_all_flat":{"total_sales":"1","wcml_sync_hash.postmeta_fields":"1ca133b62be672a8289a46ede7659625"},"yoast_head":"<!-- This site is optimized with the Yoast SEO Premium plugin v26.2 (Yoast SEO v27.2) - https:\/\/yoast.com\/product\/yoast-seo-premium-wordpress\/ -->\n<title>Wasserset komplett Marmor Cheops 75cm - Eliassen<\/title>\n<meta name=\"description\" content=\"Dieses Modell Wasserornament wird komplett geliefert. Es ist ein schlankes, pyramidenf\u00f6rmiges Modell mit ausgeschnittenen Ecken.\" \/>\n<meta name=\"robots\" content=\"index, follow, max-snippet:-1, max-image-preview:large, max-video-preview:-1\" \/>\n<link rel=\"canonical\" href=\"https:\/\/www.eliassen.nl\/de\/wasserset-komplett-marmor-cheops-75cm\/\" \/>\n<meta property=\"og:locale\" content=\"de_DE\" \/>\n<meta property=\"og:type\" content=\"article\" \/>\n<meta property=\"og:title\" content=\"Sonstige Wasserset komplett Marmor Cheops 75cm - Eliassen.nl\" \/>\n<meta property=\"og:description\" content=\"Dieses Modell Wasserornament wird komplett geliefert. Es ist ein schlankes, pyramidenf\u00f6rmiges Modell mit ausgeschnittenen Ecken.\" \/>\n<meta property=\"og:url\" content=\"https:\/\/www.eliassen.nl\/de\/wasserset-komplett-marmor-cheops-75cm\/\" \/>\n<meta property=\"og:site_name\" content=\"Eliassen.nl\" \/>\n<meta property=\"article:publisher\" content=\"https:\/\/www.facebook.com\/TuincentrumEliassenAmmerzoden\" \/>\n<meta property=\"article:modified_time\" content=\"2026-01-16T15:53:40+00:00\" \/>\n<meta property=\"og:image\" content=\"https:\/\/www.eliassen.nl\/wp-content\/uploads\/2024\/03\/Project-Achtergrond-verwijderen-3-768x1024.png\" \/>\n\t<meta property=\"og:image:width\" content=\"768\" \/>\n\t<meta property=\"og:image:height\" content=\"1024\" \/>\n\t<meta property=\"og:image:type\" content=\"image\/png\" \/>\n<meta name=\"twitter:card\" content=\"summary_large_image\" \/>\n<script type=\"application\/ld+json\" class=\"yoast-schema-graph\">{\"@context\":\"https:\/\/schema.org\",\"@graph\":[{\"@type\":\"WebPage\",\"@id\":\"https:\/\/www.eliassen.nl\/de\/wasserset-komplett-marmor-cheops-75cm\/\",\"url\":\"https:\/\/www.eliassen.nl\/de\/wasserset-komplett-marmor-cheops-75cm\/\",\"name\":\"Wasserset komplett Marmor Cheops 75cm - Eliassen\",\"isPartOf\":{\"@id\":\"https:\/\/www.eliassen.nl\/de\/#website\"},\"primaryImageOfPage\":{\"@id\":\"https:\/\/www.eliassen.nl\/de\/wasserset-komplett-marmor-cheops-75cm\/#primaryimage\"},\"image\":{\"@id\":\"https:\/\/www.eliassen.nl\/de\/wasserset-komplett-marmor-cheops-75cm\/#primaryimage\"},\"thumbnailUrl\":\"https:\/\/www.eliassen.nl\/wp-content\/uploads\/2024\/03\/Project-Achtergrond-verwijderen-3-scaled.png\",\"datePublished\":\"2024-03-05T19:11:27+00:00\",\"dateModified\":\"2026-01-16T15:53:40+00:00\",\"description\":\"Dieses Modell Wasserornament wird komplett geliefert. Es ist ein schlankes, pyramidenf\u00f6rmiges Modell mit ausgeschnittenen Ecken.\",\"breadcrumb\":{\"@id\":\"https:\/\/www.eliassen.nl\/de\/wasserset-komplett-marmor-cheops-75cm\/#breadcrumb\"},\"inLanguage\":\"de\",\"potentialAction\":[{\"@type\":\"ReadAction\",\"target\":[\"https:\/\/www.eliassen.nl\/de\/wasserset-komplett-marmor-cheops-75cm\/\"]}]},{\"@type\":\"ImageObject\",\"inLanguage\":\"de\",\"@id\":\"https:\/\/www.eliassen.nl\/de\/wasserset-komplett-marmor-cheops-75cm\/#primaryimage\",\"url\":\"https:\/\/www.eliassen.nl\/wp-content\/uploads\/2024\/03\/Project-Achtergrond-verwijderen-3-scaled.png\",\"contentUrl\":\"https:\/\/www.eliassen.nl\/wp-content\/uploads\/2024\/03\/Project-Achtergrond-verwijderen-3-scaled.png\",\"width\":1920,\"height\":2560},{\"@type\":\"BreadcrumbList\",\"@id\":\"https:\/\/www.eliassen.nl\/de\/wasserset-komplett-marmor-cheops-75cm\/#breadcrumb\",\"itemListElement\":[{\"@type\":\"ListItem\",\"position\":1,\"name\":\"Home\",\"item\":\"https:\/\/www.eliassen.nl\/de\/\"},{\"@type\":\"ListItem\",\"position\":2,\"name\":\"Shop\",\"item\":\"https:\/\/www.eliassen.nl\/de\/shop\/\"},{\"@type\":\"ListItem\",\"position\":3,\"name\":\"Wasserspiele\",\"item\":\"https:\/\/www.eliassen.nl\/de\/wassereigenschaften\/\"},{\"@type\":\"ListItem\",\"position\":4,\"name\":\"Wasserspiel mit Grabbecken\",\"item\":\"https:\/\/www.eliassen.nl\/de\/wassereigenschaften\/wasserspiel-mit-grabbecken\/\"},{\"@type\":\"ListItem\",\"position\":5,\"name\":\"Wasserset komplett Marmor Cheops 75cm\"}]},{\"@type\":\"WebSite\",\"@id\":\"https:\/\/www.eliassen.nl\/de\/#website\",\"url\":\"https:\/\/www.eliassen.nl\/de\/\",\"name\":\"Eliassen Home & Garden Pleasure\",\"description\":\"\",\"publisher\":{\"@id\":\"https:\/\/www.eliassen.nl\/de\/#organization\"},\"alternateName\":\"Eliassen.nl\",\"potentialAction\":[{\"@type\":\"SearchAction\",\"target\":{\"@type\":\"EntryPoint\",\"urlTemplate\":\"https:\/\/www.eliassen.nl\/de\/?s={search_term_string}\"},\"query-input\":{\"@type\":\"PropertyValueSpecification\",\"valueRequired\":true,\"valueName\":\"search_term_string\"}}],\"inLanguage\":\"de\"},{\"@type\":[\"Organization\",\"Place\"],\"@id\":\"https:\/\/www.eliassen.nl\/de\/#organization\",\"name\":\"Eliassen Home & Garden Pleasure\",\"url\":\"https:\/\/www.eliassen.nl\/de\/\",\"logo\":{\"@id\":\"https:\/\/www.eliassen.nl\/de\/wasserset-komplett-marmor-cheops-75cm\/#local-main-organization-logo\"},\"image\":{\"@id\":\"https:\/\/www.eliassen.nl\/de\/wasserset-komplett-marmor-cheops-75cm\/#local-main-organization-logo\"},\"sameAs\":[\"https:\/\/www.facebook.com\/TuincentrumEliassenAmmerzoden\",\"https:\/\/www.instagram.com\/eliassenhomeandgarden\/\",\"https:\/\/nl.pinterest.com\/eliassenhomeandgarden\/\",\"https:\/\/www.youtube.com\/@eliassenhomegardenpleasure4558\"],\"telephone\":[],\"openingHoursSpecification\":[{\"@type\":\"OpeningHoursSpecification\",\"dayOfWeek\":[\"Monday\",\"Tuesday\",\"Wednesday\",\"Thursday\",\"Friday\",\"Saturday\",\"Sunday\"],\"opens\":\"09:00\",\"closes\":\"17:00\"}]},{\"@type\":\"ImageObject\",\"inLanguage\":\"de\",\"@id\":\"https:\/\/www.eliassen.nl\/de\/wasserset-komplett-marmor-cheops-75cm\/#local-main-organization-logo\",\"url\":\"https:\/\/www.eliassen.nl\/wp-content\/uploads\/2024\/01\/logo_4nd.jpg\",\"contentUrl\":\"https:\/\/www.eliassen.nl\/wp-content\/uploads\/2024\/01\/logo_4nd.jpg\",\"width\":500,\"height\":500,\"caption\":\"Eliassen Home & Garden Pleasure\"}]}<\/script>\n<meta property=\"product:price:amount\" content=\"325.00\" \/>\n<meta property=\"product:price:currency\" content=\"EUR\" \/>\n<meta property=\"og:availability\" content=\"instock\" \/>\n<meta property=\"product:availability\" content=\"instock\" \/>\n<meta property=\"product:retailer_item_id\" content=\"123654\" \/>\n<meta property=\"product:condition\" content=\"new\" \/>\n<!-- \/ Yoast SEO Premium plugin. -->","yoast_head_json":{"title":"Wasserset komplett Marmor Cheops 75cm - Eliassen","description":"Dieses Modell Wasserornament wird komplett geliefert. Es ist ein schlankes, pyramidenf\u00f6rmiges Modell mit ausgeschnittenen Ecken.","robots":{"index":"index","follow":"follow","max-snippet":"max-snippet:-1","max-image-preview":"max-image-preview:large","max-video-preview":"max-video-preview:-1"},"canonical":"https:\/\/www.eliassen.nl\/de\/wasserset-komplett-marmor-cheops-75cm\/","og_locale":"de_DE","og_type":"article","og_title":"Sonstige Wasserset komplett Marmor Cheops 75cm - Eliassen.nl","og_description":"Dieses Modell Wasserornament wird komplett geliefert. Es ist ein schlankes, pyramidenf\u00f6rmiges Modell mit ausgeschnittenen Ecken.","og_url":"https:\/\/www.eliassen.nl\/de\/wasserset-komplett-marmor-cheops-75cm\/","og_site_name":"Eliassen.nl","article_publisher":"https:\/\/www.facebook.com\/TuincentrumEliassenAmmerzoden","article_modified_time":"2026-01-16T15:53:40+00:00","og_image":[{"width":768,"height":1024,"url":"https:\/\/www.eliassen.nl\/wp-content\/uploads\/2024\/03\/Project-Achtergrond-verwijderen-3-768x1024.png","type":"image\/png"}],"twitter_card":"summary_large_image","schema":{"@context":"https:\/\/schema.org","@graph":[{"@type":"WebPage","@id":"https:\/\/www.eliassen.nl\/de\/wasserset-komplett-marmor-cheops-75cm\/","url":"https:\/\/www.eliassen.nl\/de\/wasserset-komplett-marmor-cheops-75cm\/","name":"Wasserset komplett Marmor Cheops 75cm - Eliassen","isPartOf":{"@id":"https:\/\/www.eliassen.nl\/de\/#website"},"primaryImageOfPage":{"@id":"https:\/\/www.eliassen.nl\/de\/wasserset-komplett-marmor-cheops-75cm\/#primaryimage"},"image":{"@id":"https:\/\/www.eliassen.nl\/de\/wasserset-komplett-marmor-cheops-75cm\/#primaryimage"},"thumbnailUrl":"https:\/\/www.eliassen.nl\/wp-content\/uploads\/2024\/03\/Project-Achtergrond-verwijderen-3-scaled.png","datePublished":"2024-03-05T19:11:27+00:00","dateModified":"2026-01-16T15:53:40+00:00","description":"Dieses Modell Wasserornament wird komplett geliefert. Es ist ein schlankes, pyramidenf\u00f6rmiges Modell mit ausgeschnittenen Ecken.","breadcrumb":{"@id":"https:\/\/www.eliassen.nl\/de\/wasserset-komplett-marmor-cheops-75cm\/#breadcrumb"},"inLanguage":"de","potentialAction":[{"@type":"ReadAction","target":["https:\/\/www.eliassen.nl\/de\/wasserset-komplett-marmor-cheops-75cm\/"]}]},{"@type":"ImageObject","inLanguage":"de","@id":"https:\/\/www.eliassen.nl\/de\/wasserset-komplett-marmor-cheops-75cm\/#primaryimage","url":"https:\/\/www.eliassen.nl\/wp-content\/uploads\/2024\/03\/Project-Achtergrond-verwijderen-3-scaled.png","contentUrl":"https:\/\/www.eliassen.nl\/wp-content\/uploads\/2024\/03\/Project-Achtergrond-verwijderen-3-scaled.png","width":1920,"height":2560},{"@type":"BreadcrumbList","@id":"https:\/\/www.eliassen.nl\/de\/wasserset-komplett-marmor-cheops-75cm\/#breadcrumb","itemListElement":[{"@type":"ListItem","position":1,"name":"Home","item":"https:\/\/www.eliassen.nl\/de\/"},{"@type":"ListItem","position":2,"name":"Shop","item":"https:\/\/www.eliassen.nl\/de\/shop\/"},{"@type":"ListItem","position":3,"name":"Wasserspiele","item":"https:\/\/www.eliassen.nl\/de\/wassereigenschaften\/"},{"@type":"ListItem","position":4,"name":"Wasserspiel mit Grabbecken","item":"https:\/\/www.eliassen.nl\/de\/wassereigenschaften\/wasserspiel-mit-grabbecken\/"},{"@type":"ListItem","position":5,"name":"Wasserset komplett Marmor Cheops 75cm"}]},{"@type":"WebSite","@id":"https:\/\/www.eliassen.nl\/de\/#website","url":"https:\/\/www.eliassen.nl\/de\/","name":"Eliassen Home & Garden Pleasure","description":"","publisher":{"@id":"https:\/\/www.eliassen.nl\/de\/#organization"},"alternateName":"Eliassen.nl","potentialAction":[{"@type":"SearchAction","target":{"@type":"EntryPoint","urlTemplate":"https:\/\/www.eliassen.nl\/de\/?s={search_term_string}"},"query-input":{"@type":"PropertyValueSpecification","valueRequired":true,"valueName":"search_term_string"}}],"inLanguage":"de"},{"@type":["Organization","Place"],"@id":"https:\/\/www.eliassen.nl\/de\/#organization","name":"Eliassen Home & Garden Pleasure","url":"https:\/\/www.eliassen.nl\/de\/","logo":{"@id":"https:\/\/www.eliassen.nl\/de\/wasserset-komplett-marmor-cheops-75cm\/#local-main-organization-logo"},"image":{"@id":"https:\/\/www.eliassen.nl\/de\/wasserset-komplett-marmor-cheops-75cm\/#local-main-organization-logo"},"sameAs":["https:\/\/www.facebook.com\/TuincentrumEliassenAmmerzoden","https:\/\/www.instagram.com\/eliassenhomeandgarden\/","https:\/\/nl.pinterest.com\/eliassenhomeandgarden\/","https:\/\/www.youtube.com\/@eliassenhomegardenpleasure4558"],"telephone":[],"openingHoursSpecification":[{"@type":"OpeningHoursSpecification","dayOfWeek":["Monday","Tuesday","Wednesday","Thursday","Friday","Saturday","Sunday"],"opens":"09:00","closes":"17:00"}]},{"@type":"ImageObject","inLanguage":"de","@id":"https:\/\/www.eliassen.nl\/de\/wasserset-komplett-marmor-cheops-75cm\/#local-main-organization-logo","url":"https:\/\/www.eliassen.nl\/wp-content\/uploads\/2024\/01\/logo_4nd.jpg","contentUrl":"https:\/\/www.eliassen.nl\/wp-content\/uploads\/2024\/01\/logo_4nd.jpg","width":500,"height":500,"caption":"Eliassen Home & Garden Pleasure"}]},"product_price_amount":"325.00","product_price_currency":"EUR","og_availability":"instock","product_availability":"instock","product_retailer_item_id":"123654","product_condition":"new"},"df_price":325,"df_sale_price":325,"df_regular_price":450,"df_image_link":"https:\/\/www.eliassen.nl\/wp-content\/uploads\/2024\/03\/Project-Achtergrond-verwijderen-3-225x300.png","image":"https:\/\/www.eliassen.nl\/wp-content\/uploads\/2024\/03\/Project-Achtergrond-verwijderen-3-150x150.png","price_search":"<span class=\"woocommerce-Price-amount amount\"><bdi><span class=\"woocommerce-Price-currencySymbol\">&euro;<\/span>&nbsp;325,00<\/bdi><\/span>","category":"Wasserspiel mit Grabbecken","global_unique_id":"6096516531583","_links":{"self":[{"href":"https:\/\/www.eliassen.nl\/de\/wp-json\/wp\/v2\/product\/151265","targetHints":{"allow":["GET"]}}],"collection":[{"href":"https:\/\/www.eliassen.nl\/de\/wp-json\/wp\/v2\/product"}],"about":[{"href":"https:\/\/www.eliassen.nl\/de\/wp-json\/wp\/v2\/types\/product"}],"wp:featuredmedia":[{"embeddable":true,"href":"https:\/\/www.eliassen.nl\/de\/wp-json\/wp\/v2\/media\/186959"}],"wp:attachment":[{"href":"https:\/\/www.eliassen.nl\/de\/wp-json\/wp\/v2\/media?parent=151265"}],"wp:term":[{"taxonomy":"product_brand","embeddable":true,"href":"https:\/\/www.eliassen.nl\/de\/wp-json\/wp\/v2\/product_brand?post=151265"},{"taxonomy":"product_cat","embeddable":true,"href":"https:\/\/www.eliassen.nl\/de\/wp-json\/wp\/v2\/product_cat?post=151265"},{"taxonomy":"product_tag","embeddable":true,"href":"https:\/\/www.eliassen.nl\/de\/wp-json\/wp\/v2\/product_tag?post=151265"}],"curies":[{"name":"wp","href":"https:\/\/api.w.org\/{rel}","templated":true}]}}