{"id":151241,"date":"2024-03-05T18:50:30","date_gmt":"2024-03-05T18:50:30","guid":{"rendered":"https:\/\/www.eliassen.nl\/?product=waterornamenten-set-curve-75cm-compleet"},"modified":"2026-02-18T11:05:22","modified_gmt":"2026-02-18T10:05:22","slug":"wasserspielset-curve-75cm-komplett","status":"publish","type":"product","link":"https:\/\/www.eliassen.nl\/de\/wasserspielset-curve-75cm-komplett\/","title":{"rendered":"Wasser-Ornament-Set Curve 75cm komplett"},"content":{"rendered":"<p>Ein wundersch\u00f6nes komplettes Wasserornament-Set, das Sie nirgendwo anders kaufen k\u00f6nnen!<\/p>\n<p>Ein wundersch\u00f6n geschwungener polierter Marmorstein, vor dem ein weiteres halbkreisf\u00f6rmiges Rohr aus rostfreiem Stahl steht. Ein sch\u00f6ner Kontrast, wenn das Wasser dar\u00fcber l\u00e4uft. Dank des mitgelieferten Scheinwerfers ist auch im Dunkeln eine sch\u00f6ne Lichtshow m\u00f6glich. Der Stein ist 51x75cm gro\u00df.<\/p>\n<p>Dieses Set ist super komplett, Sie m\u00fcssen nicht mehr kaufen:<\/p>\n<p>Dieses Set besteht aus:<\/p>\n<ul>\n<li>Ornament<\/li>\n<li>Wassertank 230 ltr Durchmesser 84cm ( gro\u00dfes Wasservolumen&gt;wenig Nachf\u00fcllen)<\/li>\n<li>Gitter 80x80cm<\/li>\n<li>K\u00fchlergrillabdeckung<\/li>\n<li>Spr\u00fchfolie 100x100cm<\/li>\n<li>Gitter<\/li>\n<li>pontec 3000 Pumpe<\/li>\n<li>Schlauch 3\/4<\/li>\n<li>2x Schaumstoffringe<\/li>\n<li>Pflege des Brunnens mit klarem Wasser<\/li>\n<li>Scheinwerfer pontec pondostar<\/li>\n<li>2x Beutel mit dekorativen Kieselsteinen gemischt grau Mosaik<\/li>\n<li>Beschreibung der Struktur<\/li>\n<li>Beachten Sie, dass das Foto in einer feuchten Umgebung aufgenommen wurde.<\/li>\n<li>Marmor kann Adern enthalten, die nicht f\u00fcr<\/li>\n<\/ul>\n","protected":false},"excerpt":{"rendered":"<p>Einzigartiges halbkreisf\u00f6rmiges Wasserornament<\/p>\n","protected":false},"featured_media":151235,"template":"","meta":{"_acf_changed":false,"_genesis_title":"","_genesis_description":""},"product_brand":[7505],"product_cat":[554,536],"product_tag":[],"class_list":{"0":"post-151241","1":"product","2":"type-product","3":"status-publish","4":"has-post-thumbnail","6":"product_brand-sonstige","7":"product_cat-wasserspiel-mit-grabbecken","8":"product_cat-wassereigenschaften","10":"first","11":"instock","12":"sale","13":"taxable","14":"shipping-taxable","15":"purchasable","16":"product-type-simple"},"acf":[],"meta_all":{"total_sales":"1","wcml_sync_hash":{"postmeta_fields":"fac07315436763e4661fc89cb300e778"},"attr_label_translations":[],"cor_restricted_countries":[]},"meta_all_flat":{"total_sales":"1","wcml_sync_hash.postmeta_fields":"fac07315436763e4661fc89cb300e778"},"yoast_head":"<!-- This site is optimized with the Yoast SEO Premium plugin v26.2 (Yoast SEO v27.2) - https:\/\/yoast.com\/product\/yoast-seo-premium-wordpress\/ -->\n<title>Wasser-Ornament-Set Curve 75cm komplett<\/title>\n<meta name=\"description\" content=\"Wasserornamente, die gr\u00f6\u00dfte Auswahl finden Sie bei Eliassen, auch live zu sehen !\" \/>\n<meta name=\"robots\" content=\"index, follow, max-snippet:-1, max-image-preview:large, max-video-preview:-1\" \/>\n<link rel=\"canonical\" href=\"https:\/\/www.eliassen.nl\/de\/wasserspielset-curve-75cm-komplett\/\" \/>\n<meta property=\"og:locale\" content=\"de_DE\" \/>\n<meta property=\"og:type\" content=\"article\" \/>\n<meta property=\"og:title\" content=\"Sonstige Wasser-Ornament-Set Curve 75cm komplett - Eliassen.nl\" \/>\n<meta property=\"og:description\" content=\"Wasserornamente, die gr\u00f6\u00dfte Auswahl finden Sie bei Eliassen, auch live zu sehen !\" \/>\n<meta property=\"og:url\" content=\"https:\/\/www.eliassen.nl\/de\/wasserspielset-curve-75cm-komplett\/\" \/>\n<meta property=\"og:site_name\" content=\"Eliassen.nl\" \/>\n<meta property=\"article:publisher\" content=\"https:\/\/www.facebook.com\/TuincentrumEliassenAmmerzoden\" \/>\n<meta property=\"article:modified_time\" content=\"2026-02-18T10:05:22+00:00\" \/>\n<meta property=\"og:image\" content=\"https:\/\/www.eliassen.nl\/wp-content\/uploads\/2024\/10\/tb06polish75cm.jpg\" \/>\n\t<meta property=\"og:image:width\" content=\"355\" \/>\n\t<meta property=\"og:image:height\" content=\"473\" \/>\n\t<meta property=\"og:image:type\" content=\"image\/jpeg\" \/>\n<meta name=\"twitter:card\" content=\"summary_large_image\" \/>\n<script type=\"application\/ld+json\" class=\"yoast-schema-graph\">{\"@context\":\"https:\/\/schema.org\",\"@graph\":[{\"@type\":\"WebPage\",\"@id\":\"https:\/\/www.eliassen.nl\/de\/wasserspielset-curve-75cm-komplett\/\",\"url\":\"https:\/\/www.eliassen.nl\/de\/wasserspielset-curve-75cm-komplett\/\",\"name\":\"Wasser-Ornament-Set Curve 75cm komplett\",\"isPartOf\":{\"@id\":\"https:\/\/www.eliassen.nl\/de\/#website\"},\"primaryImageOfPage\":{\"@id\":\"https:\/\/www.eliassen.nl\/de\/wasserspielset-curve-75cm-komplett\/#primaryimage\"},\"image\":{\"@id\":\"https:\/\/www.eliassen.nl\/de\/wasserspielset-curve-75cm-komplett\/#primaryimage\"},\"thumbnailUrl\":\"https:\/\/www.eliassen.nl\/wp-content\/uploads\/2024\/10\/tb06polish75cm.jpg\",\"datePublished\":\"2024-03-05T18:50:30+00:00\",\"dateModified\":\"2026-02-18T10:05:22+00:00\",\"description\":\"Wasserornamente, die gr\u00f6\u00dfte Auswahl finden Sie bei Eliassen, auch live zu sehen !\",\"breadcrumb\":{\"@id\":\"https:\/\/www.eliassen.nl\/de\/wasserspielset-curve-75cm-komplett\/#breadcrumb\"},\"inLanguage\":\"de\",\"potentialAction\":[{\"@type\":\"ReadAction\",\"target\":[\"https:\/\/www.eliassen.nl\/de\/wasserspielset-curve-75cm-komplett\/\"]}]},{\"@type\":\"ImageObject\",\"inLanguage\":\"de\",\"@id\":\"https:\/\/www.eliassen.nl\/de\/wasserspielset-curve-75cm-komplett\/#primaryimage\",\"url\":\"https:\/\/www.eliassen.nl\/wp-content\/uploads\/2024\/10\/tb06polish75cm.jpg\",\"contentUrl\":\"https:\/\/www.eliassen.nl\/wp-content\/uploads\/2024\/10\/tb06polish75cm.jpg\",\"width\":355,\"height\":473,\"caption\":\"TB06 POLNISCH-75cm\"},{\"@type\":\"BreadcrumbList\",\"@id\":\"https:\/\/www.eliassen.nl\/de\/wasserspielset-curve-75cm-komplett\/#breadcrumb\",\"itemListElement\":[{\"@type\":\"ListItem\",\"position\":1,\"name\":\"Home\",\"item\":\"https:\/\/www.eliassen.nl\/de\/\"},{\"@type\":\"ListItem\",\"position\":2,\"name\":\"Shop\",\"item\":\"https:\/\/www.eliassen.nl\/de\/shop\/\"},{\"@type\":\"ListItem\",\"position\":3,\"name\":\"Wasserspiele\",\"item\":\"https:\/\/www.eliassen.nl\/de\/wassereigenschaften\/\"},{\"@type\":\"ListItem\",\"position\":4,\"name\":\"Wasserspiel mit Grabbecken\",\"item\":\"https:\/\/www.eliassen.nl\/de\/wassereigenschaften\/wasserspiel-mit-grabbecken\/\"},{\"@type\":\"ListItem\",\"position\":5,\"name\":\"Wasser-Ornament-Set Curve 75cm komplett\"}]},{\"@type\":\"WebSite\",\"@id\":\"https:\/\/www.eliassen.nl\/de\/#website\",\"url\":\"https:\/\/www.eliassen.nl\/de\/\",\"name\":\"Eliassen Home & Garden Pleasure\",\"description\":\"\",\"publisher\":{\"@id\":\"https:\/\/www.eliassen.nl\/de\/#organization\"},\"alternateName\":\"Eliassen.nl\",\"potentialAction\":[{\"@type\":\"SearchAction\",\"target\":{\"@type\":\"EntryPoint\",\"urlTemplate\":\"https:\/\/www.eliassen.nl\/de\/?s={search_term_string}\"},\"query-input\":{\"@type\":\"PropertyValueSpecification\",\"valueRequired\":true,\"valueName\":\"search_term_string\"}}],\"inLanguage\":\"de\"},{\"@type\":[\"Organization\",\"Place\"],\"@id\":\"https:\/\/www.eliassen.nl\/de\/#organization\",\"name\":\"Eliassen Home & Garden Pleasure\",\"url\":\"https:\/\/www.eliassen.nl\/de\/\",\"logo\":{\"@id\":\"https:\/\/www.eliassen.nl\/de\/wasserspielset-curve-75cm-komplett\/#local-main-organization-logo\"},\"image\":{\"@id\":\"https:\/\/www.eliassen.nl\/de\/wasserspielset-curve-75cm-komplett\/#local-main-organization-logo\"},\"sameAs\":[\"https:\/\/www.facebook.com\/TuincentrumEliassenAmmerzoden\",\"https:\/\/www.instagram.com\/eliassenhomeandgarden\/\",\"https:\/\/nl.pinterest.com\/eliassenhomeandgarden\/\",\"https:\/\/www.youtube.com\/@eliassenhomegardenpleasure4558\"],\"telephone\":[],\"openingHoursSpecification\":[{\"@type\":\"OpeningHoursSpecification\",\"dayOfWeek\":[\"Monday\",\"Tuesday\",\"Wednesday\",\"Thursday\",\"Friday\",\"Saturday\",\"Sunday\"],\"opens\":\"09:00\",\"closes\":\"17:00\"}]},{\"@type\":\"ImageObject\",\"inLanguage\":\"de\",\"@id\":\"https:\/\/www.eliassen.nl\/de\/wasserspielset-curve-75cm-komplett\/#local-main-organization-logo\",\"url\":\"https:\/\/www.eliassen.nl\/wp-content\/uploads\/2024\/01\/logo_4nd.jpg\",\"contentUrl\":\"https:\/\/www.eliassen.nl\/wp-content\/uploads\/2024\/01\/logo_4nd.jpg\",\"width\":500,\"height\":500,\"caption\":\"Eliassen Home & Garden Pleasure\"}]}<\/script>\n<meta property=\"product:price:amount\" content=\"325.00\" \/>\n<meta property=\"product:price:currency\" content=\"EUR\" \/>\n<meta property=\"og:availability\" content=\"instock\" \/>\n<meta property=\"product:availability\" content=\"instock\" \/>\n<meta property=\"product:retailer_item_id\" content=\"Tb06\" \/>\n<meta property=\"product:condition\" content=\"new\" \/>\n<!-- \/ Yoast SEO Premium plugin. -->","yoast_head_json":{"title":"Wasser-Ornament-Set Curve 75cm komplett","description":"Wasserornamente, die gr\u00f6\u00dfte Auswahl finden Sie bei Eliassen, auch live zu sehen !","robots":{"index":"index","follow":"follow","max-snippet":"max-snippet:-1","max-image-preview":"max-image-preview:large","max-video-preview":"max-video-preview:-1"},"canonical":"https:\/\/www.eliassen.nl\/de\/wasserspielset-curve-75cm-komplett\/","og_locale":"de_DE","og_type":"article","og_title":"Sonstige Wasser-Ornament-Set Curve 75cm komplett - Eliassen.nl","og_description":"Wasserornamente, die gr\u00f6\u00dfte Auswahl finden Sie bei Eliassen, auch live zu sehen !","og_url":"https:\/\/www.eliassen.nl\/de\/wasserspielset-curve-75cm-komplett\/","og_site_name":"Eliassen.nl","article_publisher":"https:\/\/www.facebook.com\/TuincentrumEliassenAmmerzoden","article_modified_time":"2026-02-18T10:05:22+00:00","og_image":[{"width":355,"height":473,"url":"https:\/\/www.eliassen.nl\/wp-content\/uploads\/2024\/10\/tb06polish75cm.jpg","type":"image\/jpeg"}],"twitter_card":"summary_large_image","schema":{"@context":"https:\/\/schema.org","@graph":[{"@type":"WebPage","@id":"https:\/\/www.eliassen.nl\/de\/wasserspielset-curve-75cm-komplett\/","url":"https:\/\/www.eliassen.nl\/de\/wasserspielset-curve-75cm-komplett\/","name":"Wasser-Ornament-Set Curve 75cm komplett","isPartOf":{"@id":"https:\/\/www.eliassen.nl\/de\/#website"},"primaryImageOfPage":{"@id":"https:\/\/www.eliassen.nl\/de\/wasserspielset-curve-75cm-komplett\/#primaryimage"},"image":{"@id":"https:\/\/www.eliassen.nl\/de\/wasserspielset-curve-75cm-komplett\/#primaryimage"},"thumbnailUrl":"https:\/\/www.eliassen.nl\/wp-content\/uploads\/2024\/10\/tb06polish75cm.jpg","datePublished":"2024-03-05T18:50:30+00:00","dateModified":"2026-02-18T10:05:22+00:00","description":"Wasserornamente, die gr\u00f6\u00dfte Auswahl finden Sie bei Eliassen, auch live zu sehen !","breadcrumb":{"@id":"https:\/\/www.eliassen.nl\/de\/wasserspielset-curve-75cm-komplett\/#breadcrumb"},"inLanguage":"de","potentialAction":[{"@type":"ReadAction","target":["https:\/\/www.eliassen.nl\/de\/wasserspielset-curve-75cm-komplett\/"]}]},{"@type":"ImageObject","inLanguage":"de","@id":"https:\/\/www.eliassen.nl\/de\/wasserspielset-curve-75cm-komplett\/#primaryimage","url":"https:\/\/www.eliassen.nl\/wp-content\/uploads\/2024\/10\/tb06polish75cm.jpg","contentUrl":"https:\/\/www.eliassen.nl\/wp-content\/uploads\/2024\/10\/tb06polish75cm.jpg","width":355,"height":473,"caption":"TB06 POLNISCH-75cm"},{"@type":"BreadcrumbList","@id":"https:\/\/www.eliassen.nl\/de\/wasserspielset-curve-75cm-komplett\/#breadcrumb","itemListElement":[{"@type":"ListItem","position":1,"name":"Home","item":"https:\/\/www.eliassen.nl\/de\/"},{"@type":"ListItem","position":2,"name":"Shop","item":"https:\/\/www.eliassen.nl\/de\/shop\/"},{"@type":"ListItem","position":3,"name":"Wasserspiele","item":"https:\/\/www.eliassen.nl\/de\/wassereigenschaften\/"},{"@type":"ListItem","position":4,"name":"Wasserspiel mit Grabbecken","item":"https:\/\/www.eliassen.nl\/de\/wassereigenschaften\/wasserspiel-mit-grabbecken\/"},{"@type":"ListItem","position":5,"name":"Wasser-Ornament-Set Curve 75cm komplett"}]},{"@type":"WebSite","@id":"https:\/\/www.eliassen.nl\/de\/#website","url":"https:\/\/www.eliassen.nl\/de\/","name":"Eliassen Home & Garden Pleasure","description":"","publisher":{"@id":"https:\/\/www.eliassen.nl\/de\/#organization"},"alternateName":"Eliassen.nl","potentialAction":[{"@type":"SearchAction","target":{"@type":"EntryPoint","urlTemplate":"https:\/\/www.eliassen.nl\/de\/?s={search_term_string}"},"query-input":{"@type":"PropertyValueSpecification","valueRequired":true,"valueName":"search_term_string"}}],"inLanguage":"de"},{"@type":["Organization","Place"],"@id":"https:\/\/www.eliassen.nl\/de\/#organization","name":"Eliassen Home & Garden Pleasure","url":"https:\/\/www.eliassen.nl\/de\/","logo":{"@id":"https:\/\/www.eliassen.nl\/de\/wasserspielset-curve-75cm-komplett\/#local-main-organization-logo"},"image":{"@id":"https:\/\/www.eliassen.nl\/de\/wasserspielset-curve-75cm-komplett\/#local-main-organization-logo"},"sameAs":["https:\/\/www.facebook.com\/TuincentrumEliassenAmmerzoden","https:\/\/www.instagram.com\/eliassenhomeandgarden\/","https:\/\/nl.pinterest.com\/eliassenhomeandgarden\/","https:\/\/www.youtube.com\/@eliassenhomegardenpleasure4558"],"telephone":[],"openingHoursSpecification":[{"@type":"OpeningHoursSpecification","dayOfWeek":["Monday","Tuesday","Wednesday","Thursday","Friday","Saturday","Sunday"],"opens":"09:00","closes":"17:00"}]},{"@type":"ImageObject","inLanguage":"de","@id":"https:\/\/www.eliassen.nl\/de\/wasserspielset-curve-75cm-komplett\/#local-main-organization-logo","url":"https:\/\/www.eliassen.nl\/wp-content\/uploads\/2024\/01\/logo_4nd.jpg","contentUrl":"https:\/\/www.eliassen.nl\/wp-content\/uploads\/2024\/01\/logo_4nd.jpg","width":500,"height":500,"caption":"Eliassen Home & Garden Pleasure"}]},"product_price_amount":"325.00","product_price_currency":"EUR","og_availability":"instock","product_availability":"instock","product_retailer_item_id":"Tb06","product_condition":"new"},"df_price":325,"df_sale_price":325,"df_regular_price":495,"df_image_link":"https:\/\/www.eliassen.nl\/wp-content\/uploads\/2024\/10\/tb06polish75cm.jpg","image":"https:\/\/www.eliassen.nl\/wp-content\/uploads\/2024\/10\/tb06polish75cm.jpg","price_search":"<span class=\"woocommerce-Price-amount amount\"><bdi><span class=\"woocommerce-Price-currencySymbol\">&euro;<\/span>&nbsp;325,00<\/bdi><\/span>","category":"Wasserspiel mit Grabbecken","global_unique_id":"6096519377348","_links":{"self":[{"href":"https:\/\/www.eliassen.nl\/de\/wp-json\/wp\/v2\/product\/151241","targetHints":{"allow":["GET"]}}],"collection":[{"href":"https:\/\/www.eliassen.nl\/de\/wp-json\/wp\/v2\/product"}],"about":[{"href":"https:\/\/www.eliassen.nl\/de\/wp-json\/wp\/v2\/types\/product"}],"wp:featuredmedia":[{"embeddable":true,"href":"https:\/\/www.eliassen.nl\/de\/wp-json\/wp\/v2\/media\/151235"}],"wp:attachment":[{"href":"https:\/\/www.eliassen.nl\/de\/wp-json\/wp\/v2\/media?parent=151241"}],"wp:term":[{"taxonomy":"product_brand","embeddable":true,"href":"https:\/\/www.eliassen.nl\/de\/wp-json\/wp\/v2\/product_brand?post=151241"},{"taxonomy":"product_cat","embeddable":true,"href":"https:\/\/www.eliassen.nl\/de\/wp-json\/wp\/v2\/product_cat?post=151241"},{"taxonomy":"product_tag","embeddable":true,"href":"https:\/\/www.eliassen.nl\/de\/wp-json\/wp\/v2\/product_tag?post=151241"}],"curies":[{"name":"wp","href":"https:\/\/api.w.org\/{rel}","templated":true}]}}