{"id":151106,"date":"2024-02-24T17:08:55","date_gmt":"2024-02-24T17:08:55","guid":{"rendered":"https:\/\/www.eliassen.nl\/?product=wandecoratie-van-oliedrum-draak-58cm"},"modified":"2025-10-08T14:47:03","modified_gmt":"2025-10-08T12:47:03","slug":"wanddekoration-olfass-drache-58cm","status":"publish","type":"product","link":"https:\/\/www.eliassen.nl\/de\/wanddekoration-olfass-drache-58cm\/","title":{"rendered":"\u00d6lfass Wanddekoration Drache 58cm"},"content":{"rendered":"<p>Dieses St\u00fcck Wanddekoration ist eine Augenweide. Dieses Modell eines Drachens mit ausgebreiteten Fl\u00fcgeln wurde in Haiti von den sogenannten Forest Metal-Arbeitern hergestellt. Dieses Modell der Wanddekoration wird aus dem Deckel eines \u00d6lfasses gefertigt, und die Herstellung dauert Tage. Schneiden, Ausbeulen oder Abflachen mit dem Hammer, Arbeiten mit D\u00fcbeln und Streichen. Wenn man sich den Artikel genau ansieht, ist man erstaunt, wie viel Arbeit darin stecken muss. Wenn Sie diesen Artikel bestellen, unterst\u00fctzen Sie die Weltladen-Organisation Our Market und helfen diesen Menschen im armen Haiti.<\/p>\n<ul>\n<li>Gr\u00f6\u00dfe: 58cm<\/li>\n<li>Material: Metall aus einem \u00d6lfass<\/li>\n<li>Farbe: Eisen glatt<\/li>\n<li>Drau\u00dfen unter Schutz<\/li>\n<li>Messeprodukt<\/li>\n<li>Artikel kann vom Foto abweichen<\/li>\n<\/ul>\n","protected":false},"excerpt":{"rendered":"<p>Einzigartiges St\u00fcck handgefertigter Wanddekoration<\/p>\n","protected":false},"featured_media":151091,"template":"","meta":{"_acf_changed":false,"_genesis_title":"","_genesis_description":""},"product_brand":[6954],"product_cat":[509,7056],"product_tag":[],"class_list":{"0":"post-151106","1":"product","2":"type-product","3":"status-publish","4":"has-post-thumbnail","6":"product_brand-our-market-de","7":"product_cat-wanddekoration","8":"product_cat-wanddekorationen-aus-haiti","10":"first","11":"instock","12":"taxable","13":"shipping-taxable","14":"purchasable","15":"product-type-simple"},"acf":[],"meta_all":{"total_sales":"1","wcml_sync_hash":{"postmeta_fields":"d0b189d996f7c0a11015d9c21fdf67c6"},"attr_label_translations":[]},"meta_all_flat":{"total_sales":"1","wcml_sync_hash.postmeta_fields":"d0b189d996f7c0a11015d9c21fdf67c6"},"yoast_head":"<!-- This site is optimized with the Yoast SEO Premium plugin v26.2 (Yoast SEO v27.2) - https:\/\/yoast.com\/product\/yoast-seo-premium-wordpress\/ -->\n<title>\u00d6lfass Wanddekoration Drache 58cm<\/title>\n<meta name=\"description\" content=\"Kunst aus Haiti: Schauen Sie sich den Webshop von Eliassen an, aber fast alles kann auch live betrachtet werden !!!\" \/>\n<meta name=\"robots\" content=\"index, follow, max-snippet:-1, max-image-preview:large, max-video-preview:-1\" \/>\n<link rel=\"canonical\" href=\"https:\/\/www.eliassen.nl\/de\/wanddekoration-olfass-drache-58cm\/\" \/>\n<meta property=\"og:locale\" content=\"de_DE\" \/>\n<meta property=\"og:type\" content=\"article\" \/>\n<meta property=\"og:title\" content=\"Our market \u00d6lfass Wanddekoration Drache 58cm - Eliassen.nl\" \/>\n<meta property=\"og:description\" content=\"Kunst aus Haiti: Schauen Sie sich den Webshop von Eliassen an, aber fast alles kann auch live betrachtet werden !!!\" \/>\n<meta property=\"og:url\" content=\"https:\/\/www.eliassen.nl\/de\/wanddekoration-olfass-drache-58cm\/\" \/>\n<meta property=\"og:site_name\" content=\"Eliassen.nl\" \/>\n<meta property=\"article:publisher\" content=\"https:\/\/www.facebook.com\/TuincentrumEliassenAmmerzoden\" \/>\n<meta property=\"article:modified_time\" content=\"2025-10-08T12:47:03+00:00\" \/>\n<meta property=\"og:image\" content=\"https:\/\/www.eliassen.nl\/wp-content\/uploads\/2024\/10\/soulouquedragonoliedrumkunsteliassennl.jpg\" \/>\n\t<meta property=\"og:image:width\" content=\"2048\" \/>\n\t<meta property=\"og:image:height\" content=\"2047\" \/>\n\t<meta property=\"og:image:type\" content=\"image\/jpeg\" \/>\n<meta name=\"twitter:card\" content=\"summary_large_image\" \/>\n<script type=\"application\/ld+json\" class=\"yoast-schema-graph\">{\"@context\":\"https:\/\/schema.org\",\"@graph\":[{\"@type\":\"WebPage\",\"@id\":\"https:\/\/www.eliassen.nl\/de\/wanddekoration-olfass-drache-58cm\/\",\"url\":\"https:\/\/www.eliassen.nl\/de\/wanddekoration-olfass-drache-58cm\/\",\"name\":\"\u00d6lfass Wanddekoration Drache 58cm\",\"isPartOf\":{\"@id\":\"https:\/\/www.eliassen.nl\/de\/#website\"},\"primaryImageOfPage\":{\"@id\":\"https:\/\/www.eliassen.nl\/de\/wanddekoration-olfass-drache-58cm\/#primaryimage\"},\"image\":{\"@id\":\"https:\/\/www.eliassen.nl\/de\/wanddekoration-olfass-drache-58cm\/#primaryimage\"},\"thumbnailUrl\":\"https:\/\/www.eliassen.nl\/wp-content\/uploads\/2024\/10\/soulouquedragonoliedrumkunsteliassennl.jpg\",\"datePublished\":\"2024-02-24T17:08:55+00:00\",\"dateModified\":\"2025-10-08T12:47:03+00:00\",\"description\":\"Kunst aus Haiti: Schauen Sie sich den Webshop von Eliassen an, aber fast alles kann auch live betrachtet werden !!!\",\"breadcrumb\":{\"@id\":\"https:\/\/www.eliassen.nl\/de\/wanddekoration-olfass-drache-58cm\/#breadcrumb\"},\"inLanguage\":\"de\",\"potentialAction\":[{\"@type\":\"ReadAction\",\"target\":[\"https:\/\/www.eliassen.nl\/de\/wanddekoration-olfass-drache-58cm\/\"]}]},{\"@type\":\"ImageObject\",\"inLanguage\":\"de\",\"@id\":\"https:\/\/www.eliassen.nl\/de\/wanddekoration-olfass-drache-58cm\/#primaryimage\",\"url\":\"https:\/\/www.eliassen.nl\/wp-content\/uploads\/2024\/10\/soulouquedragonoliedrumkunsteliassennl.jpg\",\"contentUrl\":\"https:\/\/www.eliassen.nl\/wp-content\/uploads\/2024\/10\/soulouquedragonoliedrumkunsteliassennl.jpg\",\"width\":2048,\"height\":2047,\"caption\":\"soulouque Drache OLiedrum Kunst Eliassen.nl\"},{\"@type\":\"BreadcrumbList\",\"@id\":\"https:\/\/www.eliassen.nl\/de\/wanddekoration-olfass-drache-58cm\/#breadcrumb\",\"itemListElement\":[{\"@type\":\"ListItem\",\"position\":1,\"name\":\"Home\",\"item\":\"https:\/\/www.eliassen.nl\/de\/\"},{\"@type\":\"ListItem\",\"position\":2,\"name\":\"Shop\",\"item\":\"https:\/\/www.eliassen.nl\/de\/shop\/\"},{\"@type\":\"ListItem\",\"position\":3,\"name\":\"Wanddekoration\",\"item\":\"https:\/\/www.eliassen.nl\/de\/wanddekoration\/\"},{\"@type\":\"ListItem\",\"position\":4,\"name\":\"Wanddekorationen aus Haiti\",\"item\":\"https:\/\/www.eliassen.nl\/de\/wanddekoration\/wanddekorationen-aus-haiti\/\"},{\"@type\":\"ListItem\",\"position\":5,\"name\":\"\u00d6lfass Wanddekoration Drache 58cm\"}]},{\"@type\":\"WebSite\",\"@id\":\"https:\/\/www.eliassen.nl\/de\/#website\",\"url\":\"https:\/\/www.eliassen.nl\/de\/\",\"name\":\"Eliassen Home & Garden Pleasure\",\"description\":\"\",\"publisher\":{\"@id\":\"https:\/\/www.eliassen.nl\/de\/#organization\"},\"alternateName\":\"Eliassen.nl\",\"potentialAction\":[{\"@type\":\"SearchAction\",\"target\":{\"@type\":\"EntryPoint\",\"urlTemplate\":\"https:\/\/www.eliassen.nl\/de\/?s={search_term_string}\"},\"query-input\":{\"@type\":\"PropertyValueSpecification\",\"valueRequired\":true,\"valueName\":\"search_term_string\"}}],\"inLanguage\":\"de\"},{\"@type\":[\"Organization\",\"Place\"],\"@id\":\"https:\/\/www.eliassen.nl\/de\/#organization\",\"name\":\"Eliassen Home & Garden Pleasure\",\"url\":\"https:\/\/www.eliassen.nl\/de\/\",\"logo\":{\"@id\":\"https:\/\/www.eliassen.nl\/de\/wanddekoration-olfass-drache-58cm\/#local-main-organization-logo\"},\"image\":{\"@id\":\"https:\/\/www.eliassen.nl\/de\/wanddekoration-olfass-drache-58cm\/#local-main-organization-logo\"},\"sameAs\":[\"https:\/\/www.facebook.com\/TuincentrumEliassenAmmerzoden\",\"https:\/\/www.instagram.com\/eliassenhomeandgarden\/\",\"https:\/\/nl.pinterest.com\/eliassenhomeandgarden\/\",\"https:\/\/www.youtube.com\/@eliassenhomegardenpleasure4558\"],\"telephone\":[],\"openingHoursSpecification\":[{\"@type\":\"OpeningHoursSpecification\",\"dayOfWeek\":[\"Monday\",\"Tuesday\",\"Wednesday\",\"Thursday\",\"Friday\",\"Saturday\",\"Sunday\"],\"opens\":\"09:00\",\"closes\":\"17:00\"}]},{\"@type\":\"ImageObject\",\"inLanguage\":\"de\",\"@id\":\"https:\/\/www.eliassen.nl\/de\/wanddekoration-olfass-drache-58cm\/#local-main-organization-logo\",\"url\":\"https:\/\/www.eliassen.nl\/wp-content\/uploads\/2024\/01\/logo_4nd.jpg\",\"contentUrl\":\"https:\/\/www.eliassen.nl\/wp-content\/uploads\/2024\/01\/logo_4nd.jpg\",\"width\":500,\"height\":500,\"caption\":\"Eliassen Home & Garden Pleasure\"}]}<\/script>\n<meta property=\"product:price:amount\" content=\"89.00\" \/>\n<meta property=\"product:price:currency\" content=\"EUR\" \/>\n<meta property=\"og:availability\" content=\"instock\" \/>\n<meta property=\"product:availability\" content=\"instock\" \/>\n<meta property=\"product:retailer_item_id\" content=\"75264390\" \/>\n<meta property=\"product:condition\" content=\"new\" \/>\n<!-- \/ Yoast SEO Premium plugin. -->","yoast_head_json":{"title":"\u00d6lfass Wanddekoration Drache 58cm","description":"Kunst aus Haiti: Schauen Sie sich den Webshop von Eliassen an, aber fast alles kann auch live betrachtet werden !!!","robots":{"index":"index","follow":"follow","max-snippet":"max-snippet:-1","max-image-preview":"max-image-preview:large","max-video-preview":"max-video-preview:-1"},"canonical":"https:\/\/www.eliassen.nl\/de\/wanddekoration-olfass-drache-58cm\/","og_locale":"de_DE","og_type":"article","og_title":"Our market \u00d6lfass Wanddekoration Drache 58cm - Eliassen.nl","og_description":"Kunst aus Haiti: Schauen Sie sich den Webshop von Eliassen an, aber fast alles kann auch live betrachtet werden !!!","og_url":"https:\/\/www.eliassen.nl\/de\/wanddekoration-olfass-drache-58cm\/","og_site_name":"Eliassen.nl","article_publisher":"https:\/\/www.facebook.com\/TuincentrumEliassenAmmerzoden","article_modified_time":"2025-10-08T12:47:03+00:00","og_image":[{"width":2048,"height":2047,"url":"https:\/\/www.eliassen.nl\/wp-content\/uploads\/2024\/10\/soulouquedragonoliedrumkunsteliassennl.jpg","type":"image\/jpeg"}],"twitter_card":"summary_large_image","schema":{"@context":"https:\/\/schema.org","@graph":[{"@type":"WebPage","@id":"https:\/\/www.eliassen.nl\/de\/wanddekoration-olfass-drache-58cm\/","url":"https:\/\/www.eliassen.nl\/de\/wanddekoration-olfass-drache-58cm\/","name":"\u00d6lfass Wanddekoration Drache 58cm","isPartOf":{"@id":"https:\/\/www.eliassen.nl\/de\/#website"},"primaryImageOfPage":{"@id":"https:\/\/www.eliassen.nl\/de\/wanddekoration-olfass-drache-58cm\/#primaryimage"},"image":{"@id":"https:\/\/www.eliassen.nl\/de\/wanddekoration-olfass-drache-58cm\/#primaryimage"},"thumbnailUrl":"https:\/\/www.eliassen.nl\/wp-content\/uploads\/2024\/10\/soulouquedragonoliedrumkunsteliassennl.jpg","datePublished":"2024-02-24T17:08:55+00:00","dateModified":"2025-10-08T12:47:03+00:00","description":"Kunst aus Haiti: Schauen Sie sich den Webshop von Eliassen an, aber fast alles kann auch live betrachtet werden !!!","breadcrumb":{"@id":"https:\/\/www.eliassen.nl\/de\/wanddekoration-olfass-drache-58cm\/#breadcrumb"},"inLanguage":"de","potentialAction":[{"@type":"ReadAction","target":["https:\/\/www.eliassen.nl\/de\/wanddekoration-olfass-drache-58cm\/"]}]},{"@type":"ImageObject","inLanguage":"de","@id":"https:\/\/www.eliassen.nl\/de\/wanddekoration-olfass-drache-58cm\/#primaryimage","url":"https:\/\/www.eliassen.nl\/wp-content\/uploads\/2024\/10\/soulouquedragonoliedrumkunsteliassennl.jpg","contentUrl":"https:\/\/www.eliassen.nl\/wp-content\/uploads\/2024\/10\/soulouquedragonoliedrumkunsteliassennl.jpg","width":2048,"height":2047,"caption":"soulouque Drache OLiedrum Kunst Eliassen.nl"},{"@type":"BreadcrumbList","@id":"https:\/\/www.eliassen.nl\/de\/wanddekoration-olfass-drache-58cm\/#breadcrumb","itemListElement":[{"@type":"ListItem","position":1,"name":"Home","item":"https:\/\/www.eliassen.nl\/de\/"},{"@type":"ListItem","position":2,"name":"Shop","item":"https:\/\/www.eliassen.nl\/de\/shop\/"},{"@type":"ListItem","position":3,"name":"Wanddekoration","item":"https:\/\/www.eliassen.nl\/de\/wanddekoration\/"},{"@type":"ListItem","position":4,"name":"Wanddekorationen aus Haiti","item":"https:\/\/www.eliassen.nl\/de\/wanddekoration\/wanddekorationen-aus-haiti\/"},{"@type":"ListItem","position":5,"name":"\u00d6lfass Wanddekoration Drache 58cm"}]},{"@type":"WebSite","@id":"https:\/\/www.eliassen.nl\/de\/#website","url":"https:\/\/www.eliassen.nl\/de\/","name":"Eliassen Home & Garden Pleasure","description":"","publisher":{"@id":"https:\/\/www.eliassen.nl\/de\/#organization"},"alternateName":"Eliassen.nl","potentialAction":[{"@type":"SearchAction","target":{"@type":"EntryPoint","urlTemplate":"https:\/\/www.eliassen.nl\/de\/?s={search_term_string}"},"query-input":{"@type":"PropertyValueSpecification","valueRequired":true,"valueName":"search_term_string"}}],"inLanguage":"de"},{"@type":["Organization","Place"],"@id":"https:\/\/www.eliassen.nl\/de\/#organization","name":"Eliassen Home & Garden Pleasure","url":"https:\/\/www.eliassen.nl\/de\/","logo":{"@id":"https:\/\/www.eliassen.nl\/de\/wanddekoration-olfass-drache-58cm\/#local-main-organization-logo"},"image":{"@id":"https:\/\/www.eliassen.nl\/de\/wanddekoration-olfass-drache-58cm\/#local-main-organization-logo"},"sameAs":["https:\/\/www.facebook.com\/TuincentrumEliassenAmmerzoden","https:\/\/www.instagram.com\/eliassenhomeandgarden\/","https:\/\/nl.pinterest.com\/eliassenhomeandgarden\/","https:\/\/www.youtube.com\/@eliassenhomegardenpleasure4558"],"telephone":[],"openingHoursSpecification":[{"@type":"OpeningHoursSpecification","dayOfWeek":["Monday","Tuesday","Wednesday","Thursday","Friday","Saturday","Sunday"],"opens":"09:00","closes":"17:00"}]},{"@type":"ImageObject","inLanguage":"de","@id":"https:\/\/www.eliassen.nl\/de\/wanddekoration-olfass-drache-58cm\/#local-main-organization-logo","url":"https:\/\/www.eliassen.nl\/wp-content\/uploads\/2024\/01\/logo_4nd.jpg","contentUrl":"https:\/\/www.eliassen.nl\/wp-content\/uploads\/2024\/01\/logo_4nd.jpg","width":500,"height":500,"caption":"Eliassen Home & Garden Pleasure"}]},"product_price_amount":"89.00","product_price_currency":"EUR","og_availability":"instock","product_availability":"instock","product_retailer_item_id":"75264390","product_condition":"new"},"df_price":89,"df_sale_price":"","df_regular_price":89,"df_image_link":"https:\/\/www.eliassen.nl\/wp-content\/uploads\/2024\/10\/soulouquedragonoliedrumkunsteliassennl.jpg","image":"https:\/\/www.eliassen.nl\/wp-content\/uploads\/2024\/10\/soulouquedragonoliedrumkunsteliassennl.jpg","price_search":"<span class=\"woocommerce-Price-amount amount\"><bdi><span class=\"woocommerce-Price-currencySymbol\">&euro;<\/span>&nbsp;89,00<\/bdi><\/span>","category":"Wanddekoration","global_unique_id":"6096516121111","_links":{"self":[{"href":"https:\/\/www.eliassen.nl\/de\/wp-json\/wp\/v2\/product\/151106","targetHints":{"allow":["GET"]}}],"collection":[{"href":"https:\/\/www.eliassen.nl\/de\/wp-json\/wp\/v2\/product"}],"about":[{"href":"https:\/\/www.eliassen.nl\/de\/wp-json\/wp\/v2\/types\/product"}],"wp:featuredmedia":[{"embeddable":true,"href":"https:\/\/www.eliassen.nl\/de\/wp-json\/wp\/v2\/media\/151091"}],"wp:attachment":[{"href":"https:\/\/www.eliassen.nl\/de\/wp-json\/wp\/v2\/media?parent=151106"}],"wp:term":[{"taxonomy":"product_brand","embeddable":true,"href":"https:\/\/www.eliassen.nl\/de\/wp-json\/wp\/v2\/product_brand?post=151106"},{"taxonomy":"product_cat","embeddable":true,"href":"https:\/\/www.eliassen.nl\/de\/wp-json\/wp\/v2\/product_cat?post=151106"},{"taxonomy":"product_tag","embeddable":true,"href":"https:\/\/www.eliassen.nl\/de\/wp-json\/wp\/v2\/product_tag?post=151106"}],"curies":[{"name":"wp","href":"https:\/\/api.w.org\/{rel}","templated":true}]}}