{"id":151040,"date":"2024-02-24T16:58:19","date_gmt":"2024-02-24T16:58:19","guid":{"rendered":"https:\/\/www.eliassen.nl\/?product=wandecoratie-van-oliedrum-levensboom-halfrond-53cm"},"modified":"2025-10-09T14:45:37","modified_gmt":"2025-10-09T12:45:37","slug":"wanddekoration-aus-olfass-lebensbaum-halbkugel-53cm","status":"publish","type":"product","link":"https:\/\/www.eliassen.nl\/de\/wanddekoration-aus-olfass-lebensbaum-halbkugel-53cm\/","title":{"rendered":"\u00d6lfass Wanddekoration Baum des Lebens Hemisph\u00e4re 53cm"},"content":{"rendered":"<p>Dieses St\u00fcck Wanddekoration ist eine Augenweide. Dieses Wanddeko-Modell eines halbrunden Lebensbaums wurde in Haiti von den sogenannten Bosmetal-Arbeitern aus der Spitze eines \u00d6lfasses gefertigt, mit dem sie tagelang arbeiten, um dieses Produkt herzustellen. Schneiden, Ausbeulen oder Abflachen mit dem Hammer, Arbeiten mit D\u00fcbeln und Streichen. Wenn man sich den Artikel genau ansieht, ist man erstaunt, wie viel Arbeit darin stecken muss. Wenn Sie diesen Artikel bestellen, unterst\u00fctzen Sie die Weltladen-Organisation Our Market und helfen diesen Menschen im armen Haiti.<\/p>\n<ul>\n<li>Gr\u00f6\u00dfe: 53x28cm<\/li>\n<li>Material: Metall aus einem \u00d6lfass<\/li>\n<li>Farbe: Eisen glatt<\/li>\n<li>Kann auch drau\u00dfen unter einer Abdeckung aufgestellt werden<\/li>\n<li>Messeprodukt<\/li>\n<li>Artikel kann vom Foto abweichen<\/li>\n<\/ul>\n","protected":false},"excerpt":{"rendered":"<p>Einzigartiges St\u00fcck handgefertigter Wanddekoration<\/p>\n","protected":false},"featured_media":151028,"template":"","meta":{"_acf_changed":false,"_genesis_title":"","_genesis_description":""},"product_brand":[6954],"product_cat":[509,7056],"product_tag":[],"class_list":{"0":"post-151040","1":"product","2":"type-product","3":"status-publish","4":"has-post-thumbnail","6":"product_brand-our-market-de","7":"product_cat-wanddekoration","8":"product_cat-wanddekorationen-aus-haiti","10":"first","11":"instock","12":"taxable","13":"shipping-taxable","14":"purchasable","15":"product-type-simple"},"acf":[],"meta_all":{"total_sales":"0","wcml_sync_hash":{"postmeta_fields":"9aec1bd932d3ad9d935e5143fc9ae5d6"},"attr_label_translations":[]},"meta_all_flat":{"total_sales":"0","wcml_sync_hash.postmeta_fields":"9aec1bd932d3ad9d935e5143fc9ae5d6"},"yoast_head":"<!-- This site is optimized with the Yoast SEO Premium plugin v26.2 (Yoast SEO v27.2) - https:\/\/yoast.com\/product\/yoast-seo-premium-wordpress\/ -->\n<title>\u00d6lfass Wanddekoration Baum des Lebens Hemisph\u00e4re 53cm<\/title>\n<meta name=\"description\" content=\"Kunst aus Haiti: Schauen Sie sich den Webshop von Eliassen an, aber fast alles kann auch live betrachtet werden !!!\" \/>\n<meta name=\"robots\" content=\"index, follow, max-snippet:-1, max-image-preview:large, max-video-preview:-1\" \/>\n<link rel=\"canonical\" href=\"https:\/\/www.eliassen.nl\/de\/wanddekoration-aus-olfass-lebensbaum-halbkugel-53cm\/\" \/>\n<meta property=\"og:locale\" content=\"de_DE\" \/>\n<meta property=\"og:type\" content=\"article\" \/>\n<meta property=\"og:title\" content=\"Our market \u00d6lfass Wanddekoration Baum des Lebens Hemisph\u00e4re 53cm - Eliassen.nl\" \/>\n<meta property=\"og:description\" content=\"Kunst aus Haiti: Schauen Sie sich den Webshop von Eliassen an, aber fast alles kann auch live betrachtet werden !!!\" \/>\n<meta property=\"og:url\" content=\"https:\/\/www.eliassen.nl\/de\/wanddekoration-aus-olfass-lebensbaum-halbkugel-53cm\/\" \/>\n<meta property=\"og:site_name\" content=\"Eliassen.nl\" \/>\n<meta property=\"article:publisher\" content=\"https:\/\/www.facebook.com\/TuincentrumEliassenAmmerzoden\" \/>\n<meta property=\"article:modified_time\" content=\"2025-10-09T12:45:37+00:00\" \/>\n<meta property=\"og:image\" content=\"https:\/\/www.eliassen.nl\/wp-content\/uploads\/2024\/10\/herbycollectivesimplemetalart7oliedrumkunst.jpg\" \/>\n\t<meta property=\"og:image:width\" content=\"1704\" \/>\n\t<meta property=\"og:image:height\" content=\"1704\" \/>\n\t<meta property=\"og:image:type\" content=\"image\/jpeg\" \/>\n<meta name=\"twitter:card\" content=\"summary_large_image\" \/>\n<script type=\"application\/ld+json\" class=\"yoast-schema-graph\">{\"@context\":\"https:\/\/schema.org\",\"@graph\":[{\"@type\":\"WebPage\",\"@id\":\"https:\/\/www.eliassen.nl\/de\/wanddekoration-aus-olfass-lebensbaum-halbkugel-53cm\/\",\"url\":\"https:\/\/www.eliassen.nl\/de\/wanddekoration-aus-olfass-lebensbaum-halbkugel-53cm\/\",\"name\":\"\u00d6lfass Wanddekoration Baum des Lebens Hemisph\u00e4re 53cm\",\"isPartOf\":{\"@id\":\"https:\/\/www.eliassen.nl\/de\/#website\"},\"primaryImageOfPage\":{\"@id\":\"https:\/\/www.eliassen.nl\/de\/wanddekoration-aus-olfass-lebensbaum-halbkugel-53cm\/#primaryimage\"},\"image\":{\"@id\":\"https:\/\/www.eliassen.nl\/de\/wanddekoration-aus-olfass-lebensbaum-halbkugel-53cm\/#primaryimage\"},\"thumbnailUrl\":\"https:\/\/www.eliassen.nl\/wp-content\/uploads\/2024\/10\/herbycollectivesimplemetalart7oliedrumkunst.jpg\",\"datePublished\":\"2024-02-24T16:58:19+00:00\",\"dateModified\":\"2025-10-09T12:45:37+00:00\",\"description\":\"Kunst aus Haiti: Schauen Sie sich den Webshop von Eliassen an, aber fast alles kann auch live betrachtet werden !!!\",\"breadcrumb\":{\"@id\":\"https:\/\/www.eliassen.nl\/de\/wanddekoration-aus-olfass-lebensbaum-halbkugel-53cm\/#breadcrumb\"},\"inLanguage\":\"de\",\"potentialAction\":[{\"@type\":\"ReadAction\",\"target\":[\"https:\/\/www.eliassen.nl\/de\/wanddekoration-aus-olfass-lebensbaum-halbkugel-53cm\/\"]}]},{\"@type\":\"ImageObject\",\"inLanguage\":\"de\",\"@id\":\"https:\/\/www.eliassen.nl\/de\/wanddekoration-aus-olfass-lebensbaum-halbkugel-53cm\/#primaryimage\",\"url\":\"https:\/\/www.eliassen.nl\/wp-content\/uploads\/2024\/10\/herbycollectivesimplemetalart7oliedrumkunst.jpg\",\"contentUrl\":\"https:\/\/www.eliassen.nl\/wp-content\/uploads\/2024\/10\/herbycollectivesimplemetalart7oliedrumkunst.jpg\",\"width\":1704,\"height\":1704,\"caption\":\"Herby-Collective Einfache Metallkunst #7 \u00d6lfasskunst Eliassen.de\"},{\"@type\":\"BreadcrumbList\",\"@id\":\"https:\/\/www.eliassen.nl\/de\/wanddekoration-aus-olfass-lebensbaum-halbkugel-53cm\/#breadcrumb\",\"itemListElement\":[{\"@type\":\"ListItem\",\"position\":1,\"name\":\"Home\",\"item\":\"https:\/\/www.eliassen.nl\/de\/\"},{\"@type\":\"ListItem\",\"position\":2,\"name\":\"Shop\",\"item\":\"https:\/\/www.eliassen.nl\/de\/shop\/\"},{\"@type\":\"ListItem\",\"position\":3,\"name\":\"Wanddekoration\",\"item\":\"https:\/\/www.eliassen.nl\/de\/wanddekoration\/\"},{\"@type\":\"ListItem\",\"position\":4,\"name\":\"Wanddekorationen aus Haiti\",\"item\":\"https:\/\/www.eliassen.nl\/de\/wanddekoration\/wanddekorationen-aus-haiti\/\"},{\"@type\":\"ListItem\",\"position\":5,\"name\":\"\u00d6lfass Wanddekoration Baum des Lebens Hemisph\u00e4re 53cm\"}]},{\"@type\":\"WebSite\",\"@id\":\"https:\/\/www.eliassen.nl\/de\/#website\",\"url\":\"https:\/\/www.eliassen.nl\/de\/\",\"name\":\"Eliassen Home & Garden Pleasure\",\"description\":\"\",\"publisher\":{\"@id\":\"https:\/\/www.eliassen.nl\/de\/#organization\"},\"alternateName\":\"Eliassen.nl\",\"potentialAction\":[{\"@type\":\"SearchAction\",\"target\":{\"@type\":\"EntryPoint\",\"urlTemplate\":\"https:\/\/www.eliassen.nl\/de\/?s={search_term_string}\"},\"query-input\":{\"@type\":\"PropertyValueSpecification\",\"valueRequired\":true,\"valueName\":\"search_term_string\"}}],\"inLanguage\":\"de\"},{\"@type\":[\"Organization\",\"Place\"],\"@id\":\"https:\/\/www.eliassen.nl\/de\/#organization\",\"name\":\"Eliassen Home & Garden Pleasure\",\"url\":\"https:\/\/www.eliassen.nl\/de\/\",\"logo\":{\"@id\":\"https:\/\/www.eliassen.nl\/de\/wanddekoration-aus-olfass-lebensbaum-halbkugel-53cm\/#local-main-organization-logo\"},\"image\":{\"@id\":\"https:\/\/www.eliassen.nl\/de\/wanddekoration-aus-olfass-lebensbaum-halbkugel-53cm\/#local-main-organization-logo\"},\"sameAs\":[\"https:\/\/www.facebook.com\/TuincentrumEliassenAmmerzoden\",\"https:\/\/www.instagram.com\/eliassenhomeandgarden\/\",\"https:\/\/nl.pinterest.com\/eliassenhomeandgarden\/\",\"https:\/\/www.youtube.com\/@eliassenhomegardenpleasure4558\"],\"telephone\":[],\"openingHoursSpecification\":[{\"@type\":\"OpeningHoursSpecification\",\"dayOfWeek\":[\"Monday\",\"Tuesday\",\"Wednesday\",\"Thursday\",\"Friday\",\"Saturday\",\"Sunday\"],\"opens\":\"09:00\",\"closes\":\"17:00\"}]},{\"@type\":\"ImageObject\",\"inLanguage\":\"de\",\"@id\":\"https:\/\/www.eliassen.nl\/de\/wanddekoration-aus-olfass-lebensbaum-halbkugel-53cm\/#local-main-organization-logo\",\"url\":\"https:\/\/www.eliassen.nl\/wp-content\/uploads\/2024\/01\/logo_4nd.jpg\",\"contentUrl\":\"https:\/\/www.eliassen.nl\/wp-content\/uploads\/2024\/01\/logo_4nd.jpg\",\"width\":500,\"height\":500,\"caption\":\"Eliassen Home & Garden Pleasure\"}]}<\/script>\n<meta property=\"product:price:amount\" content=\"65.00\" \/>\n<meta property=\"product:price:currency\" content=\"EUR\" \/>\n<meta property=\"og:availability\" content=\"instock\" \/>\n<meta property=\"product:availability\" content=\"instock\" \/>\n<meta property=\"product:retailer_item_id\" content=\"44369542\" \/>\n<meta property=\"product:condition\" content=\"new\" \/>\n<!-- \/ Yoast SEO Premium plugin. -->","yoast_head_json":{"title":"\u00d6lfass Wanddekoration Baum des Lebens Hemisph\u00e4re 53cm","description":"Kunst aus Haiti: Schauen Sie sich den Webshop von Eliassen an, aber fast alles kann auch live betrachtet werden !!!","robots":{"index":"index","follow":"follow","max-snippet":"max-snippet:-1","max-image-preview":"max-image-preview:large","max-video-preview":"max-video-preview:-1"},"canonical":"https:\/\/www.eliassen.nl\/de\/wanddekoration-aus-olfass-lebensbaum-halbkugel-53cm\/","og_locale":"de_DE","og_type":"article","og_title":"Our market \u00d6lfass Wanddekoration Baum des Lebens Hemisph\u00e4re 53cm - Eliassen.nl","og_description":"Kunst aus Haiti: Schauen Sie sich den Webshop von Eliassen an, aber fast alles kann auch live betrachtet werden !!!","og_url":"https:\/\/www.eliassen.nl\/de\/wanddekoration-aus-olfass-lebensbaum-halbkugel-53cm\/","og_site_name":"Eliassen.nl","article_publisher":"https:\/\/www.facebook.com\/TuincentrumEliassenAmmerzoden","article_modified_time":"2025-10-09T12:45:37+00:00","og_image":[{"width":1704,"height":1704,"url":"https:\/\/www.eliassen.nl\/wp-content\/uploads\/2024\/10\/herbycollectivesimplemetalart7oliedrumkunst.jpg","type":"image\/jpeg"}],"twitter_card":"summary_large_image","schema":{"@context":"https:\/\/schema.org","@graph":[{"@type":"WebPage","@id":"https:\/\/www.eliassen.nl\/de\/wanddekoration-aus-olfass-lebensbaum-halbkugel-53cm\/","url":"https:\/\/www.eliassen.nl\/de\/wanddekoration-aus-olfass-lebensbaum-halbkugel-53cm\/","name":"\u00d6lfass Wanddekoration Baum des Lebens Hemisph\u00e4re 53cm","isPartOf":{"@id":"https:\/\/www.eliassen.nl\/de\/#website"},"primaryImageOfPage":{"@id":"https:\/\/www.eliassen.nl\/de\/wanddekoration-aus-olfass-lebensbaum-halbkugel-53cm\/#primaryimage"},"image":{"@id":"https:\/\/www.eliassen.nl\/de\/wanddekoration-aus-olfass-lebensbaum-halbkugel-53cm\/#primaryimage"},"thumbnailUrl":"https:\/\/www.eliassen.nl\/wp-content\/uploads\/2024\/10\/herbycollectivesimplemetalart7oliedrumkunst.jpg","datePublished":"2024-02-24T16:58:19+00:00","dateModified":"2025-10-09T12:45:37+00:00","description":"Kunst aus Haiti: Schauen Sie sich den Webshop von Eliassen an, aber fast alles kann auch live betrachtet werden !!!","breadcrumb":{"@id":"https:\/\/www.eliassen.nl\/de\/wanddekoration-aus-olfass-lebensbaum-halbkugel-53cm\/#breadcrumb"},"inLanguage":"de","potentialAction":[{"@type":"ReadAction","target":["https:\/\/www.eliassen.nl\/de\/wanddekoration-aus-olfass-lebensbaum-halbkugel-53cm\/"]}]},{"@type":"ImageObject","inLanguage":"de","@id":"https:\/\/www.eliassen.nl\/de\/wanddekoration-aus-olfass-lebensbaum-halbkugel-53cm\/#primaryimage","url":"https:\/\/www.eliassen.nl\/wp-content\/uploads\/2024\/10\/herbycollectivesimplemetalart7oliedrumkunst.jpg","contentUrl":"https:\/\/www.eliassen.nl\/wp-content\/uploads\/2024\/10\/herbycollectivesimplemetalart7oliedrumkunst.jpg","width":1704,"height":1704,"caption":"Herby-Collective Einfache Metallkunst #7 \u00d6lfasskunst Eliassen.de"},{"@type":"BreadcrumbList","@id":"https:\/\/www.eliassen.nl\/de\/wanddekoration-aus-olfass-lebensbaum-halbkugel-53cm\/#breadcrumb","itemListElement":[{"@type":"ListItem","position":1,"name":"Home","item":"https:\/\/www.eliassen.nl\/de\/"},{"@type":"ListItem","position":2,"name":"Shop","item":"https:\/\/www.eliassen.nl\/de\/shop\/"},{"@type":"ListItem","position":3,"name":"Wanddekoration","item":"https:\/\/www.eliassen.nl\/de\/wanddekoration\/"},{"@type":"ListItem","position":4,"name":"Wanddekorationen aus Haiti","item":"https:\/\/www.eliassen.nl\/de\/wanddekoration\/wanddekorationen-aus-haiti\/"},{"@type":"ListItem","position":5,"name":"\u00d6lfass Wanddekoration Baum des Lebens Hemisph\u00e4re 53cm"}]},{"@type":"WebSite","@id":"https:\/\/www.eliassen.nl\/de\/#website","url":"https:\/\/www.eliassen.nl\/de\/","name":"Eliassen Home & Garden Pleasure","description":"","publisher":{"@id":"https:\/\/www.eliassen.nl\/de\/#organization"},"alternateName":"Eliassen.nl","potentialAction":[{"@type":"SearchAction","target":{"@type":"EntryPoint","urlTemplate":"https:\/\/www.eliassen.nl\/de\/?s={search_term_string}"},"query-input":{"@type":"PropertyValueSpecification","valueRequired":true,"valueName":"search_term_string"}}],"inLanguage":"de"},{"@type":["Organization","Place"],"@id":"https:\/\/www.eliassen.nl\/de\/#organization","name":"Eliassen Home & Garden Pleasure","url":"https:\/\/www.eliassen.nl\/de\/","logo":{"@id":"https:\/\/www.eliassen.nl\/de\/wanddekoration-aus-olfass-lebensbaum-halbkugel-53cm\/#local-main-organization-logo"},"image":{"@id":"https:\/\/www.eliassen.nl\/de\/wanddekoration-aus-olfass-lebensbaum-halbkugel-53cm\/#local-main-organization-logo"},"sameAs":["https:\/\/www.facebook.com\/TuincentrumEliassenAmmerzoden","https:\/\/www.instagram.com\/eliassenhomeandgarden\/","https:\/\/nl.pinterest.com\/eliassenhomeandgarden\/","https:\/\/www.youtube.com\/@eliassenhomegardenpleasure4558"],"telephone":[],"openingHoursSpecification":[{"@type":"OpeningHoursSpecification","dayOfWeek":["Monday","Tuesday","Wednesday","Thursday","Friday","Saturday","Sunday"],"opens":"09:00","closes":"17:00"}]},{"@type":"ImageObject","inLanguage":"de","@id":"https:\/\/www.eliassen.nl\/de\/wanddekoration-aus-olfass-lebensbaum-halbkugel-53cm\/#local-main-organization-logo","url":"https:\/\/www.eliassen.nl\/wp-content\/uploads\/2024\/01\/logo_4nd.jpg","contentUrl":"https:\/\/www.eliassen.nl\/wp-content\/uploads\/2024\/01\/logo_4nd.jpg","width":500,"height":500,"caption":"Eliassen Home & Garden Pleasure"}]},"product_price_amount":"65.00","product_price_currency":"EUR","og_availability":"instock","product_availability":"instock","product_retailer_item_id":"44369542","product_condition":"new"},"df_price":65,"df_sale_price":"","df_regular_price":65,"df_image_link":"https:\/\/www.eliassen.nl\/wp-content\/uploads\/2024\/10\/herbycollectivesimplemetalart7oliedrumkunst.jpg","image":"https:\/\/www.eliassen.nl\/wp-content\/uploads\/2024\/10\/herbycollectivesimplemetalart7oliedrumkunst.jpg","price_search":"<span class=\"woocommerce-Price-amount amount\"><bdi><span class=\"woocommerce-Price-currencySymbol\">&euro;<\/span>&nbsp;65,00<\/bdi><\/span>","category":"Wanddekoration","global_unique_id":"6096533092081","_links":{"self":[{"href":"https:\/\/www.eliassen.nl\/de\/wp-json\/wp\/v2\/product\/151040","targetHints":{"allow":["GET"]}}],"collection":[{"href":"https:\/\/www.eliassen.nl\/de\/wp-json\/wp\/v2\/product"}],"about":[{"href":"https:\/\/www.eliassen.nl\/de\/wp-json\/wp\/v2\/types\/product"}],"wp:featuredmedia":[{"embeddable":true,"href":"https:\/\/www.eliassen.nl\/de\/wp-json\/wp\/v2\/media\/151028"}],"wp:attachment":[{"href":"https:\/\/www.eliassen.nl\/de\/wp-json\/wp\/v2\/media?parent=151040"}],"wp:term":[{"taxonomy":"product_brand","embeddable":true,"href":"https:\/\/www.eliassen.nl\/de\/wp-json\/wp\/v2\/product_brand?post=151040"},{"taxonomy":"product_cat","embeddable":true,"href":"https:\/\/www.eliassen.nl\/de\/wp-json\/wp\/v2\/product_cat?post=151040"},{"taxonomy":"product_tag","embeddable":true,"href":"https:\/\/www.eliassen.nl\/de\/wp-json\/wp\/v2\/product_tag?post=151040"}],"curies":[{"name":"wp","href":"https:\/\/api.w.org\/{rel}","templated":true}]}}