{"id":150908,"date":"2024-02-24T15:34:09","date_gmt":"2024-02-24T14:34:09","guid":{"rendered":"https:\/\/www.eliassen.nl\/?product=tuinpot-strak-genua-80cm"},"modified":"2024-12-05T17:03:19","modified_gmt":"2024-12-05T16:03:19","slug":"gartentopf-klassisch-elegant-genua-80cm","status":"publish","type":"product","link":"https:\/\/www.eliassen.nl\/de\/gartentopf-klassisch-elegant-genua-80cm\/","title":{"rendered":"Gartentopf klassisch elegant Genua 80cm"},"content":{"rendered":"<p><strong>Kombinierbar mit S\u00e4ule 3112<\/strong><\/p>\n<p><strong>Teilen Sie uns in den Kommentaren mit, welche Farbe Sie w\u00fcnschen!<\/strong><\/p>\n<p>Mit dieser klassischen Gartenvase mit elegantem Finish k\u00f6nnen Sie Ihrem gro\u00dfen Garten, Ihrer Firma, Ihrem Park oder Ihrem Haus eine sch\u00f6ne und angemessene Atmosph\u00e4re verleihen.<br \/>Diese Gartenvase ist aus massivem Qualit\u00e4tsbeton mit einem sehr hohen Zementanteil gefertigt, sodass sie allen Witterungseinfl\u00fcssen problemlos \u00fcber Jahrzehnte hinweg standh\u00e4lt.<br \/>Durch Witterungseinfl\u00fcsse wird die Optik nach Jahren durch Verwitterung und auf Wunsch durch Moosbildung noch sch\u00f6ner.<br \/>Es ist in 3 verschiedenen Farben erh\u00e4ltlich. Die Farben im echten Leben k\u00f6nnen leicht vom Foto abweichen, da die Farbgebung von Hand erfolgt.<\/p>\n<p>Besuchen Sie gerne unseren Ausstellungsraum, um sich die Farben dieser Topfserie anzusehen und zu sehen, wie \u201esch\u00f6n\u201c diese Serie klassischer Gartenvasen ist. Auf unserem Ausstellungsgel\u00e4nde ist eine angemessene Sammlung dieser Serie aufgebaut!<\/p>\n<ul>\n<li>Gr\u00f6\u00dfe: 80x50cm hoch<\/li>\n<li>Farbe: Rost, Sand oder Antik<\/li>\n<li>Hergestellt aus hochwertigem Kunststein<\/li>\n<li>Komplett handgefertigt und handbemalt<\/li>\n<li><strong>Ein Gro\u00dfteil dieser Serie kann auch in unserem Shop besichtigt werden<\/strong><\/li>\n<\/ul>\n","protected":false},"excerpt":{"rendered":"<p>\u2713 80x50cm hoch \u2713 In 3 Farben<\/p>\n","protected":false},"featured_media":150899,"template":"","meta":{"_acf_changed":false,"_genesis_title":"","_genesis_description":""},"product_brand":[7505],"product_cat":[722,1415,7343],"product_tag":[],"class_list":{"0":"post-150908","1":"product","2":"type-product","3":"status-publish","4":"has-post-thumbnail","6":"product_brand-sonstige","7":"product_cat-blumentoepfe-und-pflanzgefaesse","8":"product_cat-grosse-klassische-gartenvasen","9":"product_cat-klassische-gartenvasen-de","11":"first","12":"onbackorder","13":"taxable","14":"shipping-taxable","15":"purchasable","16":"product-type-simple"},"acf":[],"meta_all":{"total_sales":"2","wcml_sync_hash":{"postmeta_fields":"25c953858bda468ff9c9f187600e1251"},"attr_label_translations":[]},"meta_all_flat":{"total_sales":"2","wcml_sync_hash.postmeta_fields":"25c953858bda468ff9c9f187600e1251"},"yoast_head":"<!-- This site is optimized with the Yoast SEO Premium plugin v26.2 (Yoast SEO v27.2) - https:\/\/yoast.com\/product\/yoast-seo-premium-wordpress\/ -->\n<title>Gartentopf niedrig und schlicht im Aussehen Genua 80 cm in 3 Farben Eliassen<\/title>\n<meta name=\"description\" content=\"Suchen Sie eine klassische Gartenvase? Dieses Modell mit schlichtem Erscheinungsbild wird vollst\u00e4ndig von Hand gefertigt. Erh\u00e4ltlich in 3 Farben aus hochwert...\" \/>\n<meta name=\"robots\" content=\"index, follow, max-snippet:-1, max-image-preview:large, max-video-preview:-1\" \/>\n<link rel=\"canonical\" href=\"https:\/\/www.eliassen.nl\/de\/gartentopf-klassisch-elegant-genua-80cm\/\" \/>\n<meta property=\"og:locale\" content=\"de_DE\" \/>\n<meta property=\"og:type\" content=\"article\" \/>\n<meta property=\"og:title\" content=\"Sonstige Gartentopf klassisch elegant Genua 80cm - Eliassen.nl\" \/>\n<meta property=\"og:description\" content=\"Suchen Sie eine klassische Gartenvase? Dieses Modell mit schlichtem Erscheinungsbild wird vollst\u00e4ndig von Hand gefertigt. Erh\u00e4ltlich in 3 Farben aus hochwert...\" \/>\n<meta property=\"og:url\" content=\"https:\/\/www.eliassen.nl\/de\/gartentopf-klassisch-elegant-genua-80cm\/\" \/>\n<meta property=\"og:site_name\" content=\"Eliassen.nl\" \/>\n<meta property=\"article:publisher\" content=\"https:\/\/www.facebook.com\/TuincentrumEliassenAmmerzoden\" \/>\n<meta property=\"article:modified_time\" content=\"2024-12-05T16:03:19+00:00\" \/>\n<meta property=\"og:image\" content=\"https:\/\/www.eliassen.nl\/wp-content\/uploads\/2024\/10\/tuinvaasgenua80cmeliassennl.jpg\" \/>\n\t<meta property=\"og:image:width\" content=\"900\" \/>\n\t<meta property=\"og:image:height\" content=\"665\" \/>\n\t<meta property=\"og:image:type\" content=\"image\/jpeg\" \/>\n<meta name=\"twitter:card\" content=\"summary_large_image\" \/>\n<script type=\"application\/ld+json\" class=\"yoast-schema-graph\">{\"@context\":\"https:\/\/schema.org\",\"@graph\":[{\"@type\":\"WebPage\",\"@id\":\"https:\/\/www.eliassen.nl\/de\/gartentopf-klassisch-elegant-genua-80cm\/\",\"url\":\"https:\/\/www.eliassen.nl\/de\/gartentopf-klassisch-elegant-genua-80cm\/\",\"name\":\"Gartentopf niedrig und schlicht im Aussehen Genua 80 cm in 3 Farben Eliassen\",\"isPartOf\":{\"@id\":\"https:\/\/www.eliassen.nl\/de\/#website\"},\"primaryImageOfPage\":{\"@id\":\"https:\/\/www.eliassen.nl\/de\/gartentopf-klassisch-elegant-genua-80cm\/#primaryimage\"},\"image\":{\"@id\":\"https:\/\/www.eliassen.nl\/de\/gartentopf-klassisch-elegant-genua-80cm\/#primaryimage\"},\"thumbnailUrl\":\"https:\/\/www.eliassen.nl\/wp-content\/uploads\/2024\/10\/tuinvaasgenua80cmeliassennl.jpg\",\"datePublished\":\"2024-02-24T14:34:09+00:00\",\"dateModified\":\"2024-12-05T16:03:19+00:00\",\"description\":\"Suchen Sie eine klassische Gartenvase? Dieses Modell mit schlichtem Erscheinungsbild wird vollst\u00e4ndig von Hand gefertigt. Erh\u00e4ltlich in 3 Farben aus hochwert...\",\"breadcrumb\":{\"@id\":\"https:\/\/www.eliassen.nl\/de\/gartentopf-klassisch-elegant-genua-80cm\/#breadcrumb\"},\"inLanguage\":\"de\",\"potentialAction\":[{\"@type\":\"ReadAction\",\"target\":[\"https:\/\/www.eliassen.nl\/de\/gartentopf-klassisch-elegant-genua-80cm\/\"]}]},{\"@type\":\"ImageObject\",\"inLanguage\":\"de\",\"@id\":\"https:\/\/www.eliassen.nl\/de\/gartentopf-klassisch-elegant-genua-80cm\/#primaryimage\",\"url\":\"https:\/\/www.eliassen.nl\/wp-content\/uploads\/2024\/10\/tuinvaasgenua80cmeliassennl.jpg\",\"contentUrl\":\"https:\/\/www.eliassen.nl\/wp-content\/uploads\/2024\/10\/tuinvaasgenua80cmeliassennl.jpg\",\"width\":900,\"height\":665,\"caption\":\"Tuinvaas Genua 80cm Eliassen.nl\"},{\"@type\":\"BreadcrumbList\",\"@id\":\"https:\/\/www.eliassen.nl\/de\/gartentopf-klassisch-elegant-genua-80cm\/#breadcrumb\",\"itemListElement\":[{\"@type\":\"ListItem\",\"position\":1,\"name\":\"Home\",\"item\":\"https:\/\/www.eliassen.nl\/de\/\"},{\"@type\":\"ListItem\",\"position\":2,\"name\":\"Shop\",\"item\":\"https:\/\/www.eliassen.nl\/de\/shop\/\"},{\"@type\":\"ListItem\",\"position\":3,\"name\":\"Blument\u00f6pfe und Pflanzgef\u00e4\u00dfe\",\"item\":\"https:\/\/www.eliassen.nl\/de\/blumentoepfe-und-pflanzgefaesse\/\"},{\"@type\":\"ListItem\",\"position\":4,\"name\":\"Klassische Gartenvasen\",\"item\":\"https:\/\/www.eliassen.nl\/de\/product-categorie\/blumentoepfe-und-pflanzgefaesse\/klassische-gartenvasen-de\/\"},{\"@type\":\"ListItem\",\"position\":5,\"name\":\"Gro\u00dfe klassische Gartenvasen\",\"item\":\"https:\/\/www.eliassen.nl\/de\/blumentoepfe-und-pflanzgefaesse\/klassische-gartenvasen\/grosse-klassische-gartenvasen\/\"},{\"@type\":\"ListItem\",\"position\":6,\"name\":\"Gartentopf klassisch elegant Genua 80cm\"}]},{\"@type\":\"WebSite\",\"@id\":\"https:\/\/www.eliassen.nl\/de\/#website\",\"url\":\"https:\/\/www.eliassen.nl\/de\/\",\"name\":\"Eliassen Home & Garden Pleasure\",\"description\":\"\",\"publisher\":{\"@id\":\"https:\/\/www.eliassen.nl\/de\/#organization\"},\"alternateName\":\"Eliassen.nl\",\"potentialAction\":[{\"@type\":\"SearchAction\",\"target\":{\"@type\":\"EntryPoint\",\"urlTemplate\":\"https:\/\/www.eliassen.nl\/de\/?s={search_term_string}\"},\"query-input\":{\"@type\":\"PropertyValueSpecification\",\"valueRequired\":true,\"valueName\":\"search_term_string\"}}],\"inLanguage\":\"de\"},{\"@type\":[\"Organization\",\"Place\"],\"@id\":\"https:\/\/www.eliassen.nl\/de\/#organization\",\"name\":\"Eliassen Home & Garden Pleasure\",\"url\":\"https:\/\/www.eliassen.nl\/de\/\",\"logo\":{\"@id\":\"https:\/\/www.eliassen.nl\/de\/gartentopf-klassisch-elegant-genua-80cm\/#local-main-organization-logo\"},\"image\":{\"@id\":\"https:\/\/www.eliassen.nl\/de\/gartentopf-klassisch-elegant-genua-80cm\/#local-main-organization-logo\"},\"sameAs\":[\"https:\/\/www.facebook.com\/TuincentrumEliassenAmmerzoden\",\"https:\/\/www.instagram.com\/eliassenhomeandgarden\/\",\"https:\/\/nl.pinterest.com\/eliassenhomeandgarden\/\",\"https:\/\/www.youtube.com\/@eliassenhomegardenpleasure4558\"],\"telephone\":[],\"openingHoursSpecification\":[{\"@type\":\"OpeningHoursSpecification\",\"dayOfWeek\":[\"Monday\",\"Tuesday\",\"Wednesday\",\"Thursday\",\"Friday\",\"Saturday\",\"Sunday\"],\"opens\":\"09:00\",\"closes\":\"17:00\"}]},{\"@type\":\"ImageObject\",\"inLanguage\":\"de\",\"@id\":\"https:\/\/www.eliassen.nl\/de\/gartentopf-klassisch-elegant-genua-80cm\/#local-main-organization-logo\",\"url\":\"https:\/\/www.eliassen.nl\/wp-content\/uploads\/2024\/01\/logo_4nd.jpg\",\"contentUrl\":\"https:\/\/www.eliassen.nl\/wp-content\/uploads\/2024\/01\/logo_4nd.jpg\",\"width\":500,\"height\":500,\"caption\":\"Eliassen Home & Garden Pleasure\"}]}<\/script>\n<meta property=\"product:price:amount\" content=\"395.00\" \/>\n<meta property=\"product:price:currency\" content=\"EUR\" \/>\n<meta property=\"og:availability\" content=\"backorder\" \/>\n<meta property=\"product:availability\" content=\"available for order\" \/>\n<meta property=\"product:retailer_item_id\" content=\"2227\" \/>\n<meta property=\"product:condition\" content=\"new\" \/>\n<!-- \/ Yoast SEO Premium plugin. -->","yoast_head_json":{"title":"Gartentopf niedrig und schlicht im Aussehen Genua 80 cm in 3 Farben Eliassen","description":"Suchen Sie eine klassische Gartenvase? Dieses Modell mit schlichtem Erscheinungsbild wird vollst\u00e4ndig von Hand gefertigt. Erh\u00e4ltlich in 3 Farben aus hochwert...","robots":{"index":"index","follow":"follow","max-snippet":"max-snippet:-1","max-image-preview":"max-image-preview:large","max-video-preview":"max-video-preview:-1"},"canonical":"https:\/\/www.eliassen.nl\/de\/gartentopf-klassisch-elegant-genua-80cm\/","og_locale":"de_DE","og_type":"article","og_title":"Sonstige Gartentopf klassisch elegant Genua 80cm - Eliassen.nl","og_description":"Suchen Sie eine klassische Gartenvase? Dieses Modell mit schlichtem Erscheinungsbild wird vollst\u00e4ndig von Hand gefertigt. Erh\u00e4ltlich in 3 Farben aus hochwert...","og_url":"https:\/\/www.eliassen.nl\/de\/gartentopf-klassisch-elegant-genua-80cm\/","og_site_name":"Eliassen.nl","article_publisher":"https:\/\/www.facebook.com\/TuincentrumEliassenAmmerzoden","article_modified_time":"2024-12-05T16:03:19+00:00","og_image":[{"width":900,"height":665,"url":"https:\/\/www.eliassen.nl\/wp-content\/uploads\/2024\/10\/tuinvaasgenua80cmeliassennl.jpg","type":"image\/jpeg"}],"twitter_card":"summary_large_image","schema":{"@context":"https:\/\/schema.org","@graph":[{"@type":"WebPage","@id":"https:\/\/www.eliassen.nl\/de\/gartentopf-klassisch-elegant-genua-80cm\/","url":"https:\/\/www.eliassen.nl\/de\/gartentopf-klassisch-elegant-genua-80cm\/","name":"Gartentopf niedrig und schlicht im Aussehen Genua 80 cm in 3 Farben Eliassen","isPartOf":{"@id":"https:\/\/www.eliassen.nl\/de\/#website"},"primaryImageOfPage":{"@id":"https:\/\/www.eliassen.nl\/de\/gartentopf-klassisch-elegant-genua-80cm\/#primaryimage"},"image":{"@id":"https:\/\/www.eliassen.nl\/de\/gartentopf-klassisch-elegant-genua-80cm\/#primaryimage"},"thumbnailUrl":"https:\/\/www.eliassen.nl\/wp-content\/uploads\/2024\/10\/tuinvaasgenua80cmeliassennl.jpg","datePublished":"2024-02-24T14:34:09+00:00","dateModified":"2024-12-05T16:03:19+00:00","description":"Suchen Sie eine klassische Gartenvase? Dieses Modell mit schlichtem Erscheinungsbild wird vollst\u00e4ndig von Hand gefertigt. Erh\u00e4ltlich in 3 Farben aus hochwert...","breadcrumb":{"@id":"https:\/\/www.eliassen.nl\/de\/gartentopf-klassisch-elegant-genua-80cm\/#breadcrumb"},"inLanguage":"de","potentialAction":[{"@type":"ReadAction","target":["https:\/\/www.eliassen.nl\/de\/gartentopf-klassisch-elegant-genua-80cm\/"]}]},{"@type":"ImageObject","inLanguage":"de","@id":"https:\/\/www.eliassen.nl\/de\/gartentopf-klassisch-elegant-genua-80cm\/#primaryimage","url":"https:\/\/www.eliassen.nl\/wp-content\/uploads\/2024\/10\/tuinvaasgenua80cmeliassennl.jpg","contentUrl":"https:\/\/www.eliassen.nl\/wp-content\/uploads\/2024\/10\/tuinvaasgenua80cmeliassennl.jpg","width":900,"height":665,"caption":"Tuinvaas Genua 80cm Eliassen.nl"},{"@type":"BreadcrumbList","@id":"https:\/\/www.eliassen.nl\/de\/gartentopf-klassisch-elegant-genua-80cm\/#breadcrumb","itemListElement":[{"@type":"ListItem","position":1,"name":"Home","item":"https:\/\/www.eliassen.nl\/de\/"},{"@type":"ListItem","position":2,"name":"Shop","item":"https:\/\/www.eliassen.nl\/de\/shop\/"},{"@type":"ListItem","position":3,"name":"Blument\u00f6pfe und Pflanzgef\u00e4\u00dfe","item":"https:\/\/www.eliassen.nl\/de\/blumentoepfe-und-pflanzgefaesse\/"},{"@type":"ListItem","position":4,"name":"Klassische Gartenvasen","item":"https:\/\/www.eliassen.nl\/de\/product-categorie\/blumentoepfe-und-pflanzgefaesse\/klassische-gartenvasen-de\/"},{"@type":"ListItem","position":5,"name":"Gro\u00dfe klassische Gartenvasen","item":"https:\/\/www.eliassen.nl\/de\/blumentoepfe-und-pflanzgefaesse\/klassische-gartenvasen\/grosse-klassische-gartenvasen\/"},{"@type":"ListItem","position":6,"name":"Gartentopf klassisch elegant Genua 80cm"}]},{"@type":"WebSite","@id":"https:\/\/www.eliassen.nl\/de\/#website","url":"https:\/\/www.eliassen.nl\/de\/","name":"Eliassen Home & Garden Pleasure","description":"","publisher":{"@id":"https:\/\/www.eliassen.nl\/de\/#organization"},"alternateName":"Eliassen.nl","potentialAction":[{"@type":"SearchAction","target":{"@type":"EntryPoint","urlTemplate":"https:\/\/www.eliassen.nl\/de\/?s={search_term_string}"},"query-input":{"@type":"PropertyValueSpecification","valueRequired":true,"valueName":"search_term_string"}}],"inLanguage":"de"},{"@type":["Organization","Place"],"@id":"https:\/\/www.eliassen.nl\/de\/#organization","name":"Eliassen Home & Garden Pleasure","url":"https:\/\/www.eliassen.nl\/de\/","logo":{"@id":"https:\/\/www.eliassen.nl\/de\/gartentopf-klassisch-elegant-genua-80cm\/#local-main-organization-logo"},"image":{"@id":"https:\/\/www.eliassen.nl\/de\/gartentopf-klassisch-elegant-genua-80cm\/#local-main-organization-logo"},"sameAs":["https:\/\/www.facebook.com\/TuincentrumEliassenAmmerzoden","https:\/\/www.instagram.com\/eliassenhomeandgarden\/","https:\/\/nl.pinterest.com\/eliassenhomeandgarden\/","https:\/\/www.youtube.com\/@eliassenhomegardenpleasure4558"],"telephone":[],"openingHoursSpecification":[{"@type":"OpeningHoursSpecification","dayOfWeek":["Monday","Tuesday","Wednesday","Thursday","Friday","Saturday","Sunday"],"opens":"09:00","closes":"17:00"}]},{"@type":"ImageObject","inLanguage":"de","@id":"https:\/\/www.eliassen.nl\/de\/gartentopf-klassisch-elegant-genua-80cm\/#local-main-organization-logo","url":"https:\/\/www.eliassen.nl\/wp-content\/uploads\/2024\/01\/logo_4nd.jpg","contentUrl":"https:\/\/www.eliassen.nl\/wp-content\/uploads\/2024\/01\/logo_4nd.jpg","width":500,"height":500,"caption":"Eliassen Home & Garden Pleasure"}]},"product_price_amount":"395.00","product_price_currency":"EUR","og_availability":"backorder","product_availability":"available for order","product_retailer_item_id":"2227","product_condition":"new"},"df_price":395,"df_sale_price":"","df_regular_price":395,"df_image_link":"https:\/\/www.eliassen.nl\/wp-content\/uploads\/2024\/10\/tuinvaasgenua80cmeliassennl.jpg","image":"https:\/\/www.eliassen.nl\/wp-content\/uploads\/2024\/10\/tuinvaasgenua80cmeliassennl.jpg","price_search":"<span class=\"woocommerce-Price-amount amount\"><bdi><span class=\"woocommerce-Price-currencySymbol\">&euro;<\/span>&nbsp;395,00<\/bdi><\/span>","category":"Blument\u00f6pfe und Pflanzgef\u00e4\u00dfe","global_unique_id":"6096517755735","_links":{"self":[{"href":"https:\/\/www.eliassen.nl\/de\/wp-json\/wp\/v2\/product\/150908","targetHints":{"allow":["GET"]}}],"collection":[{"href":"https:\/\/www.eliassen.nl\/de\/wp-json\/wp\/v2\/product"}],"about":[{"href":"https:\/\/www.eliassen.nl\/de\/wp-json\/wp\/v2\/types\/product"}],"wp:featuredmedia":[{"embeddable":true,"href":"https:\/\/www.eliassen.nl\/de\/wp-json\/wp\/v2\/media\/150899"}],"wp:attachment":[{"href":"https:\/\/www.eliassen.nl\/de\/wp-json\/wp\/v2\/media?parent=150908"}],"wp:term":[{"taxonomy":"product_brand","embeddable":true,"href":"https:\/\/www.eliassen.nl\/de\/wp-json\/wp\/v2\/product_brand?post=150908"},{"taxonomy":"product_cat","embeddable":true,"href":"https:\/\/www.eliassen.nl\/de\/wp-json\/wp\/v2\/product_cat?post=150908"},{"taxonomy":"product_tag","embeddable":true,"href":"https:\/\/www.eliassen.nl\/de\/wp-json\/wp\/v2\/product_tag?post=150908"}],"curies":[{"name":"wp","href":"https:\/\/api.w.org\/{rel}","templated":true}]}}