{"id":150872,"date":"2024-02-22T18:37:37","date_gmt":"2024-02-22T18:37:37","guid":{"rendered":"https:\/\/www.eliassen.nl\/?product=spiegel-rechthoek-saratov-78cm"},"modified":"2025-11-27T15:45:37","modified_gmt":"2025-11-27T14:45:37","slug":"spiegelrechteck-saratov-78cm","status":"publish","type":"product","link":"https:\/\/www.eliassen.nl\/de\/spiegelrechteck-saratov-78cm\/","title":{"rendered":"Spiegel Rechteck Saratov 78cm"},"content":{"rendered":"<p>Bei Eliassen haben wir eine gro\u00dfe Auswahl an Spiegeln. Ein passendes Modell f\u00fcr jede Einrichtung.<br \/>Unser Sortiment umfasst sowohl Modelle im klassischen Barockstil als auch schlichte Modelle im sogenannten Industriestil.<br \/>Dieses Angebot an modernen Spiegeln umfasst eine gro\u00dfe Auswahl, ist preisg\u00fcnstig und schnell aus unserem eigenen Lager verf\u00fcgbar.<\/p>\n<p>Versch\u00f6nern Sie Ihr Wohnzimmer, Schlafzimmer oder Ihren Flur mit diesem modernen Barockspiegel. Mit unseren Spiegeln wird Ihr Zuhause ger\u00e4umiger und gewinnt an Dimension. Unser Angebot an Spiegeln ist von hoher Qualit\u00e4t und bietet eine sch\u00f6ne Erg\u00e4nzung f\u00fcr Ihre moderne Einrichtung oder Ihre B\u00fcro- oder Gesch\u00e4ftsr\u00e4ume.<br \/>Der Spiegel ist von hoher Qualit\u00e4t und besteht aus Glas und Metall. Die Farbe des Rahmens ist wei\u00df und gold und der Spiegel hat einen dicken matten Rahmen.<\/p>\n<p><strong>In unserem Shop haben wir auch einige Auslaufmodelle, die Sie nicht im Webshop finden.<\/strong><\/p>\n<ul>\n<li>Au\u00dfenma\u00dfe: 78x68x7cm<\/li>\n<li>Gr\u00f6\u00dfe des Spiegels: 50x60cm<\/li>\n<li>Form: Rechteckig<\/li>\n<li>Farbe: Altwei\u00df und Gold<\/li>\n<li>Material: Glas und Holz<\/li>\n<li>Bitte beachten Sie, dass wir keine Spiegel zur\u00fccknehmen, es sei denn, Sie schicken sie selbst in der Originalverpackung zur\u00fcck.<\/li>\n<\/ul>\n","protected":false},"excerpt":{"rendered":"<p>Holzrahmen, Spiegel facettiert.<\/p>\n","protected":false},"featured_media":150869,"template":"","meta":{"_acf_changed":false,"_genesis_title":"","_genesis_description":""},"product_brand":[7505],"product_cat":[1451,509,7051],"product_tag":[],"class_list":{"0":"post-150872","1":"product","2":"type-product","3":"status-publish","4":"has-post-thumbnail","6":"product_brand-sonstige","7":"product_cat-barockspiegel","8":"product_cat-wanddekoration","9":"product_cat-spiegel","11":"first","12":"instock","13":"taxable","14":"shipping-taxable","15":"purchasable","16":"product-type-simple"},"acf":[],"meta_all":{"total_sales":"0","wcml_sync_hash":{"postmeta_fields":"87fac06b07b59f578f997fd75f489e53"},"attr_label_translations":[]},"meta_all_flat":{"total_sales":"0","wcml_sync_hash.postmeta_fields":"87fac06b07b59f578f997fd75f489e53"},"yoast_head":"<!-- This site is optimized with the Yoast SEO Premium plugin v26.2 (Yoast SEO v27.2) - https:\/\/yoast.com\/product\/yoast-seo-premium-wordpress\/ -->\n<title>Spiegel Rechteck Saratov 78cm - Eliassen.nl<\/title>\n<meta name=\"description\" content=\"Ein wundersch\u00f6ner rechteckiger Spiegel mit einem barocken Holzrahmen in wei\u00dfer und goldener Farbe. Ma\u00dfe insgesamt 78x68x7cm. Schnell geliefert und in unserem Ausstellungsraum zu sehen.\" \/>\n<meta name=\"robots\" content=\"index, follow, max-snippet:-1, max-image-preview:large, max-video-preview:-1\" \/>\n<link rel=\"canonical\" href=\"https:\/\/www.eliassen.nl\/de\/spiegelrechteck-saratov-78cm\/\" \/>\n<meta property=\"og:locale\" content=\"de_DE\" \/>\n<meta property=\"og:type\" content=\"article\" \/>\n<meta property=\"og:title\" content=\"Sonstige Spiegel Rechteck Saratov 78cm - Eliassen.nl\" \/>\n<meta property=\"og:description\" content=\"Ein wundersch\u00f6ner rechteckiger Spiegel mit einem barocken Holzrahmen in wei\u00dfer und goldener Farbe. Ma\u00dfe insgesamt 78x68x7cm. Schnell geliefert und in unserem Ausstellungsraum zu sehen.\" \/>\n<meta property=\"og:url\" content=\"https:\/\/www.eliassen.nl\/de\/spiegelrechteck-saratov-78cm\/\" \/>\n<meta property=\"og:site_name\" content=\"Eliassen.nl\" \/>\n<meta property=\"article:publisher\" content=\"https:\/\/www.facebook.com\/TuincentrumEliassenAmmerzoden\" \/>\n<meta property=\"article:modified_time\" content=\"2025-11-27T14:45:37+00:00\" \/>\n<meta property=\"og:image\" content=\"https:\/\/www.eliassen.nl\/wp-content\/uploads\/2024\/10\/spiegelsaratoveliassennlsp1130.jpg\" \/>\n\t<meta property=\"og:image:width\" content=\"1200\" \/>\n\t<meta property=\"og:image:height\" content=\"1200\" \/>\n\t<meta property=\"og:image:type\" content=\"image\/jpeg\" \/>\n<meta name=\"twitter:card\" content=\"summary_large_image\" \/>\n<script type=\"application\/ld+json\" class=\"yoast-schema-graph\">{\"@context\":\"https:\/\/schema.org\",\"@graph\":[{\"@type\":\"WebPage\",\"@id\":\"https:\/\/www.eliassen.nl\/de\/spiegelrechteck-saratov-78cm\/\",\"url\":\"https:\/\/www.eliassen.nl\/de\/spiegelrechteck-saratov-78cm\/\",\"name\":\"Spiegel Rechteck Saratov 78cm - Eliassen.nl\",\"isPartOf\":{\"@id\":\"https:\/\/www.eliassen.nl\/de\/#website\"},\"primaryImageOfPage\":{\"@id\":\"https:\/\/www.eliassen.nl\/de\/spiegelrechteck-saratov-78cm\/#primaryimage\"},\"image\":{\"@id\":\"https:\/\/www.eliassen.nl\/de\/spiegelrechteck-saratov-78cm\/#primaryimage\"},\"thumbnailUrl\":\"https:\/\/www.eliassen.nl\/wp-content\/uploads\/2024\/10\/spiegelsaratoveliassennlsp1130.jpg\",\"datePublished\":\"2024-02-22T18:37:37+00:00\",\"dateModified\":\"2025-11-27T14:45:37+00:00\",\"description\":\"Ein wundersch\u00f6ner rechteckiger Spiegel mit einem barocken Holzrahmen in wei\u00dfer und goldener Farbe. Ma\u00dfe insgesamt 78x68x7cm. Schnell geliefert und in unserem Ausstellungsraum zu sehen.\",\"breadcrumb\":{\"@id\":\"https:\/\/www.eliassen.nl\/de\/spiegelrechteck-saratov-78cm\/#breadcrumb\"},\"inLanguage\":\"de\",\"potentialAction\":[{\"@type\":\"ReadAction\",\"target\":[\"https:\/\/www.eliassen.nl\/de\/spiegelrechteck-saratov-78cm\/\"]}]},{\"@type\":\"ImageObject\",\"inLanguage\":\"de\",\"@id\":\"https:\/\/www.eliassen.nl\/de\/spiegelrechteck-saratov-78cm\/#primaryimage\",\"url\":\"https:\/\/www.eliassen.nl\/wp-content\/uploads\/2024\/10\/spiegelsaratoveliassennlsp1130.jpg\",\"contentUrl\":\"https:\/\/www.eliassen.nl\/wp-content\/uploads\/2024\/10\/spiegelsaratoveliassennlsp1130.jpg\",\"width\":1200,\"height\":1200,\"caption\":\"Spiegel Saratow Eliassen.nl sp-1130\"},{\"@type\":\"BreadcrumbList\",\"@id\":\"https:\/\/www.eliassen.nl\/de\/spiegelrechteck-saratov-78cm\/#breadcrumb\",\"itemListElement\":[{\"@type\":\"ListItem\",\"position\":1,\"name\":\"Home\",\"item\":\"https:\/\/www.eliassen.nl\/de\/\"},{\"@type\":\"ListItem\",\"position\":2,\"name\":\"Shop\",\"item\":\"https:\/\/www.eliassen.nl\/de\/shop\/\"},{\"@type\":\"ListItem\",\"position\":3,\"name\":\"Wanddekoration\",\"item\":\"https:\/\/www.eliassen.nl\/de\/wanddekoration\/\"},{\"@type\":\"ListItem\",\"position\":4,\"name\":\"Barockspiegel\",\"item\":\"https:\/\/www.eliassen.nl\/de\/wanddekoration\/barockspiegel\/\"},{\"@type\":\"ListItem\",\"position\":5,\"name\":\"Spiegel Rechteck Saratov 78cm\"}]},{\"@type\":\"WebSite\",\"@id\":\"https:\/\/www.eliassen.nl\/de\/#website\",\"url\":\"https:\/\/www.eliassen.nl\/de\/\",\"name\":\"Eliassen Home & Garden Pleasure\",\"description\":\"\",\"publisher\":{\"@id\":\"https:\/\/www.eliassen.nl\/de\/#organization\"},\"alternateName\":\"Eliassen.nl\",\"potentialAction\":[{\"@type\":\"SearchAction\",\"target\":{\"@type\":\"EntryPoint\",\"urlTemplate\":\"https:\/\/www.eliassen.nl\/de\/?s={search_term_string}\"},\"query-input\":{\"@type\":\"PropertyValueSpecification\",\"valueRequired\":true,\"valueName\":\"search_term_string\"}}],\"inLanguage\":\"de\"},{\"@type\":[\"Organization\",\"Place\"],\"@id\":\"https:\/\/www.eliassen.nl\/de\/#organization\",\"name\":\"Eliassen Home & Garden Pleasure\",\"url\":\"https:\/\/www.eliassen.nl\/de\/\",\"logo\":{\"@id\":\"https:\/\/www.eliassen.nl\/de\/spiegelrechteck-saratov-78cm\/#local-main-organization-logo\"},\"image\":{\"@id\":\"https:\/\/www.eliassen.nl\/de\/spiegelrechteck-saratov-78cm\/#local-main-organization-logo\"},\"sameAs\":[\"https:\/\/www.facebook.com\/TuincentrumEliassenAmmerzoden\",\"https:\/\/www.instagram.com\/eliassenhomeandgarden\/\",\"https:\/\/nl.pinterest.com\/eliassenhomeandgarden\/\",\"https:\/\/www.youtube.com\/@eliassenhomegardenpleasure4558\"],\"telephone\":[],\"openingHoursSpecification\":[{\"@type\":\"OpeningHoursSpecification\",\"dayOfWeek\":[\"Monday\",\"Tuesday\",\"Wednesday\",\"Thursday\",\"Friday\",\"Saturday\",\"Sunday\"],\"opens\":\"09:00\",\"closes\":\"17:00\"}]},{\"@type\":\"ImageObject\",\"inLanguage\":\"de\",\"@id\":\"https:\/\/www.eliassen.nl\/de\/spiegelrechteck-saratov-78cm\/#local-main-organization-logo\",\"url\":\"https:\/\/www.eliassen.nl\/wp-content\/uploads\/2024\/01\/logo_4nd.jpg\",\"contentUrl\":\"https:\/\/www.eliassen.nl\/wp-content\/uploads\/2024\/01\/logo_4nd.jpg\",\"width\":500,\"height\":500,\"caption\":\"Eliassen Home & Garden Pleasure\"}]}<\/script>\n<meta property=\"product:price:amount\" content=\"129.00\" \/>\n<meta property=\"product:price:currency\" content=\"EUR\" \/>\n<meta property=\"og:availability\" content=\"instock\" \/>\n<meta property=\"product:availability\" content=\"instock\" \/>\n<meta property=\"product:retailer_item_id\" content=\"Sp1130\" \/>\n<meta property=\"product:condition\" content=\"new\" \/>\n<!-- \/ Yoast SEO Premium plugin. -->","yoast_head_json":{"title":"Spiegel Rechteck Saratov 78cm - Eliassen.nl","description":"Ein wundersch\u00f6ner rechteckiger Spiegel mit einem barocken Holzrahmen in wei\u00dfer und goldener Farbe. Ma\u00dfe insgesamt 78x68x7cm. Schnell geliefert und in unserem Ausstellungsraum zu sehen.","robots":{"index":"index","follow":"follow","max-snippet":"max-snippet:-1","max-image-preview":"max-image-preview:large","max-video-preview":"max-video-preview:-1"},"canonical":"https:\/\/www.eliassen.nl\/de\/spiegelrechteck-saratov-78cm\/","og_locale":"de_DE","og_type":"article","og_title":"Sonstige Spiegel Rechteck Saratov 78cm - Eliassen.nl","og_description":"Ein wundersch\u00f6ner rechteckiger Spiegel mit einem barocken Holzrahmen in wei\u00dfer und goldener Farbe. Ma\u00dfe insgesamt 78x68x7cm. Schnell geliefert und in unserem Ausstellungsraum zu sehen.","og_url":"https:\/\/www.eliassen.nl\/de\/spiegelrechteck-saratov-78cm\/","og_site_name":"Eliassen.nl","article_publisher":"https:\/\/www.facebook.com\/TuincentrumEliassenAmmerzoden","article_modified_time":"2025-11-27T14:45:37+00:00","og_image":[{"width":1200,"height":1200,"url":"https:\/\/www.eliassen.nl\/wp-content\/uploads\/2024\/10\/spiegelsaratoveliassennlsp1130.jpg","type":"image\/jpeg"}],"twitter_card":"summary_large_image","schema":{"@context":"https:\/\/schema.org","@graph":[{"@type":"WebPage","@id":"https:\/\/www.eliassen.nl\/de\/spiegelrechteck-saratov-78cm\/","url":"https:\/\/www.eliassen.nl\/de\/spiegelrechteck-saratov-78cm\/","name":"Spiegel Rechteck Saratov 78cm - Eliassen.nl","isPartOf":{"@id":"https:\/\/www.eliassen.nl\/de\/#website"},"primaryImageOfPage":{"@id":"https:\/\/www.eliassen.nl\/de\/spiegelrechteck-saratov-78cm\/#primaryimage"},"image":{"@id":"https:\/\/www.eliassen.nl\/de\/spiegelrechteck-saratov-78cm\/#primaryimage"},"thumbnailUrl":"https:\/\/www.eliassen.nl\/wp-content\/uploads\/2024\/10\/spiegelsaratoveliassennlsp1130.jpg","datePublished":"2024-02-22T18:37:37+00:00","dateModified":"2025-11-27T14:45:37+00:00","description":"Ein wundersch\u00f6ner rechteckiger Spiegel mit einem barocken Holzrahmen in wei\u00dfer und goldener Farbe. Ma\u00dfe insgesamt 78x68x7cm. Schnell geliefert und in unserem Ausstellungsraum zu sehen.","breadcrumb":{"@id":"https:\/\/www.eliassen.nl\/de\/spiegelrechteck-saratov-78cm\/#breadcrumb"},"inLanguage":"de","potentialAction":[{"@type":"ReadAction","target":["https:\/\/www.eliassen.nl\/de\/spiegelrechteck-saratov-78cm\/"]}]},{"@type":"ImageObject","inLanguage":"de","@id":"https:\/\/www.eliassen.nl\/de\/spiegelrechteck-saratov-78cm\/#primaryimage","url":"https:\/\/www.eliassen.nl\/wp-content\/uploads\/2024\/10\/spiegelsaratoveliassennlsp1130.jpg","contentUrl":"https:\/\/www.eliassen.nl\/wp-content\/uploads\/2024\/10\/spiegelsaratoveliassennlsp1130.jpg","width":1200,"height":1200,"caption":"Spiegel Saratow Eliassen.nl sp-1130"},{"@type":"BreadcrumbList","@id":"https:\/\/www.eliassen.nl\/de\/spiegelrechteck-saratov-78cm\/#breadcrumb","itemListElement":[{"@type":"ListItem","position":1,"name":"Home","item":"https:\/\/www.eliassen.nl\/de\/"},{"@type":"ListItem","position":2,"name":"Shop","item":"https:\/\/www.eliassen.nl\/de\/shop\/"},{"@type":"ListItem","position":3,"name":"Wanddekoration","item":"https:\/\/www.eliassen.nl\/de\/wanddekoration\/"},{"@type":"ListItem","position":4,"name":"Barockspiegel","item":"https:\/\/www.eliassen.nl\/de\/wanddekoration\/barockspiegel\/"},{"@type":"ListItem","position":5,"name":"Spiegel Rechteck Saratov 78cm"}]},{"@type":"WebSite","@id":"https:\/\/www.eliassen.nl\/de\/#website","url":"https:\/\/www.eliassen.nl\/de\/","name":"Eliassen Home & Garden Pleasure","description":"","publisher":{"@id":"https:\/\/www.eliassen.nl\/de\/#organization"},"alternateName":"Eliassen.nl","potentialAction":[{"@type":"SearchAction","target":{"@type":"EntryPoint","urlTemplate":"https:\/\/www.eliassen.nl\/de\/?s={search_term_string}"},"query-input":{"@type":"PropertyValueSpecification","valueRequired":true,"valueName":"search_term_string"}}],"inLanguage":"de"},{"@type":["Organization","Place"],"@id":"https:\/\/www.eliassen.nl\/de\/#organization","name":"Eliassen Home & Garden Pleasure","url":"https:\/\/www.eliassen.nl\/de\/","logo":{"@id":"https:\/\/www.eliassen.nl\/de\/spiegelrechteck-saratov-78cm\/#local-main-organization-logo"},"image":{"@id":"https:\/\/www.eliassen.nl\/de\/spiegelrechteck-saratov-78cm\/#local-main-organization-logo"},"sameAs":["https:\/\/www.facebook.com\/TuincentrumEliassenAmmerzoden","https:\/\/www.instagram.com\/eliassenhomeandgarden\/","https:\/\/nl.pinterest.com\/eliassenhomeandgarden\/","https:\/\/www.youtube.com\/@eliassenhomegardenpleasure4558"],"telephone":[],"openingHoursSpecification":[{"@type":"OpeningHoursSpecification","dayOfWeek":["Monday","Tuesday","Wednesday","Thursday","Friday","Saturday","Sunday"],"opens":"09:00","closes":"17:00"}]},{"@type":"ImageObject","inLanguage":"de","@id":"https:\/\/www.eliassen.nl\/de\/spiegelrechteck-saratov-78cm\/#local-main-organization-logo","url":"https:\/\/www.eliassen.nl\/wp-content\/uploads\/2024\/01\/logo_4nd.jpg","contentUrl":"https:\/\/www.eliassen.nl\/wp-content\/uploads\/2024\/01\/logo_4nd.jpg","width":500,"height":500,"caption":"Eliassen Home & Garden Pleasure"}]},"product_price_amount":"129.00","product_price_currency":"EUR","og_availability":"instock","product_availability":"instock","product_retailer_item_id":"Sp1130","product_condition":"new"},"df_price":129,"df_sale_price":"","df_regular_price":129,"df_image_link":"https:\/\/www.eliassen.nl\/wp-content\/uploads\/2024\/10\/spiegelsaratoveliassennlsp1130.jpg","image":"https:\/\/www.eliassen.nl\/wp-content\/uploads\/2024\/10\/spiegelsaratoveliassennlsp1130.jpg","price_search":"<span class=\"woocommerce-Price-amount amount\"><bdi><span class=\"woocommerce-Price-currencySymbol\">&euro;<\/span>&nbsp;129,00<\/bdi><\/span>","category":"Barockspiegel","global_unique_id":"6096534974959","_links":{"self":[{"href":"https:\/\/www.eliassen.nl\/de\/wp-json\/wp\/v2\/product\/150872","targetHints":{"allow":["GET"]}}],"collection":[{"href":"https:\/\/www.eliassen.nl\/de\/wp-json\/wp\/v2\/product"}],"about":[{"href":"https:\/\/www.eliassen.nl\/de\/wp-json\/wp\/v2\/types\/product"}],"wp:featuredmedia":[{"embeddable":true,"href":"https:\/\/www.eliassen.nl\/de\/wp-json\/wp\/v2\/media\/150869"}],"wp:attachment":[{"href":"https:\/\/www.eliassen.nl\/de\/wp-json\/wp\/v2\/media?parent=150872"}],"wp:term":[{"taxonomy":"product_brand","embeddable":true,"href":"https:\/\/www.eliassen.nl\/de\/wp-json\/wp\/v2\/product_brand?post=150872"},{"taxonomy":"product_cat","embeddable":true,"href":"https:\/\/www.eliassen.nl\/de\/wp-json\/wp\/v2\/product_cat?post=150872"},{"taxonomy":"product_tag","embeddable":true,"href":"https:\/\/www.eliassen.nl\/de\/wp-json\/wp\/v2\/product_tag?post=150872"}],"curies":[{"name":"wp","href":"https:\/\/api.w.org\/{rel}","templated":true}]}}