{"id":150812,"date":"2024-02-22T10:00:36","date_gmt":"2024-02-22T10:00:36","guid":{"rendered":"https:\/\/www.eliassen.nl\/?product=schilderij-3d-metaal-grachten-amsterdam-120x80cm"},"modified":"2026-01-07T13:36:54","modified_gmt":"2026-01-07T12:36:54","slug":"gemalde-3d-metallkanale-amsterdam-120x80cm","status":"publish","type":"product","link":"https:\/\/www.eliassen.nl\/de\/gemalde-3d-metallkanale-amsterdam-120x80cm\/","title":{"rendered":"Gem\u00e4lde 3d Metallkan\u00e4le Amsterdam 120x80cm"},"content":{"rendered":"<p>Mit dieser Wanddekoration wird Ihr Zuhause oder Ihr Gesch\u00e4ft wundersch\u00f6n. Dieses Modell eines Metallgem\u00e4ldes mit Br\u00fccken in Amsterdam im romantischen Stil ist vollst\u00e4ndig von Hand gefertigt. Alles an diesem Wandobjekt ist aus Metall, also sowohl der Hintergrund als auch die Figur. Da es von Hand gemalt und angefertigt wurde, kann die Farbe leicht vom Foto abweichen. 3D-Gem\u00e4lde sind nie genau gleich wie das Foto. Bei diesen etwas groben Gem\u00e4lden kann es immer wieder zu kleineren Abweichungen kommen. Manchmal wurde dies sogar absichtlich gemacht, um eine handgemalte Atmosph\u00e4re zu schaffen.<\/p>\n<p>Dieses Metall ist eine gute Erg\u00e4nzung f\u00fcr Ihre Inneneinrichtung, wenn Sie Ihr Interieur aufhellen und Gem\u00fctlichkeit hinzuf\u00fcgen m\u00f6chten. Das 3d-Wandobjekt zeichnet sich durch warme Farben und ein subtiles Bild aus. So kommt diese 3D-Wanddekoration in einem Wohnzimmer besonders gut zur Geltung. Er macht sich vor allem in gem\u00fctlichen R\u00e4umen sehr gut, weil er ein angemessen stimmungsvolles Image hat.<\/p>\n<ul>\n<li>Gr\u00f6\u00dfe 80x120cm<\/li>\n<li>Einfach mit 2 Schrauben aufzuh\u00e4ngen<\/li>\n<li>Schnelle Lieferung<\/li>\n<li>Handbemalt<\/li>\n<li>Garantie 1 Jahr<\/li>\n<li>Kann m\u00f6glicherweise drau\u00dfen unter einem Unterstand h\u00e4ngen.<\/li>\n<li><strong>Gr\u00f6\u00dfte Sammlung in den Benelux-L\u00e4ndern, auch f\u00fcr Live-Viewing verf\u00fcgbar<\/strong><\/li>\n<\/ul>\n","protected":false},"excerpt":{"rendered":"<p>Handgemalte dreidimensionale Malerei mit Grachten in Amsterdam<\/p>\n","protected":false},"featured_media":150809,"template":"","meta":{"_acf_changed":false,"_genesis_title":"","_genesis_description":""},"product_brand":[7505],"product_cat":[419,434,410],"product_tag":[],"class_list":{"0":"post-150812","1":"product","2":"type-product","3":"status-publish","4":"has-post-thumbnail","6":"product_brand-sonstige","7":"product_cat-3d-gemaelde-aus-metall","8":"product_cat-3d-gemaelde-aus-metall-im-format-80x120cm","9":"product_cat-gemaelde","11":"first","12":"instock","13":"taxable","14":"shipping-taxable","15":"purchasable","16":"product-type-simple"},"acf":[],"meta_all":{"total_sales":"1","wcml_sync_hash":{"postmeta_fields":"735dd367d043c5233d85a3beb567ef49"},"attr_label_translations":[],"cor_restricted_countries":[]},"meta_all_flat":{"total_sales":"1","wcml_sync_hash.postmeta_fields":"735dd367d043c5233d85a3beb567ef49"},"yoast_head":"<!-- This site is optimized with the Yoast SEO Premium plugin v26.2 (Yoast SEO v27.2) - https:\/\/yoast.com\/product\/yoast-seo-premium-wordpress\/ -->\n<title>Gem\u00e4lde 3d Metallkan\u00e4le Amsterdam 120x80cm<\/title>\n<meta name=\"description\" content=\"Suchen Sie ein romantisches Gem\u00e4lde? Dieses sch\u00f6ne Modell ist handgefertigt und hat einen authentischen Look. Eliassen Gr\u00f6\u00dfte Auswahl, fast alles auch live zu sehen\" \/>\n<meta name=\"robots\" content=\"index, follow, max-snippet:-1, max-image-preview:large, max-video-preview:-1\" \/>\n<link rel=\"canonical\" href=\"https:\/\/www.eliassen.nl\/de\/gemalde-3d-metallkanale-amsterdam-120x80cm\/\" \/>\n<meta property=\"og:locale\" content=\"de_DE\" \/>\n<meta property=\"og:type\" content=\"article\" \/>\n<meta property=\"og:title\" content=\"Sonstige Gem\u00e4lde 3d Metallkan\u00e4le Amsterdam 120x80cm - Eliassen.nl\" \/>\n<meta property=\"og:description\" content=\"Suchen Sie ein romantisches Gem\u00e4lde? Dieses sch\u00f6ne Modell ist handgefertigt und hat einen authentischen Look. Eliassen Gr\u00f6\u00dfte Auswahl, fast alles auch live zu sehen\" \/>\n<meta property=\"og:url\" content=\"https:\/\/www.eliassen.nl\/de\/gemalde-3d-metallkanale-amsterdam-120x80cm\/\" \/>\n<meta property=\"og:site_name\" content=\"Eliassen.nl\" \/>\n<meta property=\"article:publisher\" content=\"https:\/\/www.facebook.com\/TuincentrumEliassenAmmerzoden\" \/>\n<meta property=\"article:modified_time\" content=\"2026-01-07T12:36:54+00:00\" \/>\n<meta property=\"og:image\" content=\"https:\/\/www.eliassen.nl\/wp-content\/uploads\/2024\/10\/schilderij3dmetaalgrachtenamsterdameliassennl.jpg\" \/>\n\t<meta property=\"og:image:width\" content=\"2048\" \/>\n\t<meta property=\"og:image:height\" content=\"1342\" \/>\n\t<meta property=\"og:image:type\" content=\"image\/jpeg\" \/>\n<meta name=\"twitter:card\" content=\"summary_large_image\" \/>\n<script type=\"application\/ld+json\" class=\"yoast-schema-graph\">{\"@context\":\"https:\/\/schema.org\",\"@graph\":[{\"@type\":\"WebPage\",\"@id\":\"https:\/\/www.eliassen.nl\/de\/gemalde-3d-metallkanale-amsterdam-120x80cm\/\",\"url\":\"https:\/\/www.eliassen.nl\/de\/gemalde-3d-metallkanale-amsterdam-120x80cm\/\",\"name\":\"Gem\u00e4lde 3d Metallkan\u00e4le Amsterdam 120x80cm\",\"isPartOf\":{\"@id\":\"https:\/\/www.eliassen.nl\/de\/#website\"},\"primaryImageOfPage\":{\"@id\":\"https:\/\/www.eliassen.nl\/de\/gemalde-3d-metallkanale-amsterdam-120x80cm\/#primaryimage\"},\"image\":{\"@id\":\"https:\/\/www.eliassen.nl\/de\/gemalde-3d-metallkanale-amsterdam-120x80cm\/#primaryimage\"},\"thumbnailUrl\":\"https:\/\/www.eliassen.nl\/wp-content\/uploads\/2024\/10\/schilderij3dmetaalgrachtenamsterdameliassennl.jpg\",\"datePublished\":\"2024-02-22T10:00:36+00:00\",\"dateModified\":\"2026-01-07T12:36:54+00:00\",\"description\":\"Suchen Sie ein romantisches Gem\u00e4lde? Dieses sch\u00f6ne Modell ist handgefertigt und hat einen authentischen Look. Eliassen Gr\u00f6\u00dfte Auswahl, fast alles auch live zu sehen\",\"breadcrumb\":{\"@id\":\"https:\/\/www.eliassen.nl\/de\/gemalde-3d-metallkanale-amsterdam-120x80cm\/#breadcrumb\"},\"inLanguage\":\"de\",\"potentialAction\":[{\"@type\":\"ReadAction\",\"target\":[\"https:\/\/www.eliassen.nl\/de\/gemalde-3d-metallkanale-amsterdam-120x80cm\/\"]}]},{\"@type\":\"ImageObject\",\"inLanguage\":\"de\",\"@id\":\"https:\/\/www.eliassen.nl\/de\/gemalde-3d-metallkanale-amsterdam-120x80cm\/#primaryimage\",\"url\":\"https:\/\/www.eliassen.nl\/wp-content\/uploads\/2024\/10\/schilderij3dmetaalgrachtenamsterdameliassennl.jpg\",\"contentUrl\":\"https:\/\/www.eliassen.nl\/wp-content\/uploads\/2024\/10\/schilderij3dmetaalgrachtenamsterdameliassennl.jpg\",\"width\":2048,\"height\":1342,\"caption\":\"Malen von 3d Metallkan\u00e4len Amsterdam Eliassen.nl 2301\"},{\"@type\":\"BreadcrumbList\",\"@id\":\"https:\/\/www.eliassen.nl\/de\/gemalde-3d-metallkanale-amsterdam-120x80cm\/#breadcrumb\",\"itemListElement\":[{\"@type\":\"ListItem\",\"position\":1,\"name\":\"Home\",\"item\":\"https:\/\/www.eliassen.nl\/de\/\"},{\"@type\":\"ListItem\",\"position\":2,\"name\":\"Shop\",\"item\":\"https:\/\/www.eliassen.nl\/de\/shop\/\"},{\"@type\":\"ListItem\",\"position\":3,\"name\":\"Gem\u00e4lde\",\"item\":\"https:\/\/www.eliassen.nl\/de\/gemaelde\/\"},{\"@type\":\"ListItem\",\"position\":4,\"name\":\"3D Gem\u00e4lde aus Metall\",\"item\":\"https:\/\/www.eliassen.nl\/de\/gemaelde\/3d-gemaelde-aus-metall\/\"},{\"@type\":\"ListItem\",\"position\":5,\"name\":\"3D Gem\u00e4lde aus Metall 80x120 cm\",\"item\":\"https:\/\/www.eliassen.nl\/de\/gemaelde\/3d-gemaelde-aus-metall\/3d-gemaelde-aus-metall-im-format-80x120cm\/\"},{\"@type\":\"ListItem\",\"position\":6,\"name\":\"Gem\u00e4lde 3d Metallkan\u00e4le Amsterdam 120x80cm\"}]},{\"@type\":\"WebSite\",\"@id\":\"https:\/\/www.eliassen.nl\/de\/#website\",\"url\":\"https:\/\/www.eliassen.nl\/de\/\",\"name\":\"Eliassen Home & Garden Pleasure\",\"description\":\"\",\"publisher\":{\"@id\":\"https:\/\/www.eliassen.nl\/de\/#organization\"},\"alternateName\":\"Eliassen.nl\",\"potentialAction\":[{\"@type\":\"SearchAction\",\"target\":{\"@type\":\"EntryPoint\",\"urlTemplate\":\"https:\/\/www.eliassen.nl\/de\/?s={search_term_string}\"},\"query-input\":{\"@type\":\"PropertyValueSpecification\",\"valueRequired\":true,\"valueName\":\"search_term_string\"}}],\"inLanguage\":\"de\"},{\"@type\":[\"Organization\",\"Place\"],\"@id\":\"https:\/\/www.eliassen.nl\/de\/#organization\",\"name\":\"Eliassen Home & Garden Pleasure\",\"url\":\"https:\/\/www.eliassen.nl\/de\/\",\"logo\":{\"@id\":\"https:\/\/www.eliassen.nl\/de\/gemalde-3d-metallkanale-amsterdam-120x80cm\/#local-main-organization-logo\"},\"image\":{\"@id\":\"https:\/\/www.eliassen.nl\/de\/gemalde-3d-metallkanale-amsterdam-120x80cm\/#local-main-organization-logo\"},\"sameAs\":[\"https:\/\/www.facebook.com\/TuincentrumEliassenAmmerzoden\",\"https:\/\/www.instagram.com\/eliassenhomeandgarden\/\",\"https:\/\/nl.pinterest.com\/eliassenhomeandgarden\/\",\"https:\/\/www.youtube.com\/@eliassenhomegardenpleasure4558\"],\"telephone\":[],\"openingHoursSpecification\":[{\"@type\":\"OpeningHoursSpecification\",\"dayOfWeek\":[\"Monday\",\"Tuesday\",\"Wednesday\",\"Thursday\",\"Friday\",\"Saturday\",\"Sunday\"],\"opens\":\"09:00\",\"closes\":\"17:00\"}]},{\"@type\":\"ImageObject\",\"inLanguage\":\"de\",\"@id\":\"https:\/\/www.eliassen.nl\/de\/gemalde-3d-metallkanale-amsterdam-120x80cm\/#local-main-organization-logo\",\"url\":\"https:\/\/www.eliassen.nl\/wp-content\/uploads\/2024\/01\/logo_4nd.jpg\",\"contentUrl\":\"https:\/\/www.eliassen.nl\/wp-content\/uploads\/2024\/01\/logo_4nd.jpg\",\"width\":500,\"height\":500,\"caption\":\"Eliassen Home & Garden Pleasure\"}]}<\/script>\n<meta property=\"product:price:amount\" content=\"209.00\" \/>\n<meta property=\"product:price:currency\" content=\"EUR\" \/>\n<meta property=\"og:availability\" content=\"instock\" \/>\n<meta property=\"product:availability\" content=\"instock\" \/>\n<meta property=\"product:retailer_item_id\" content=\"442\" \/>\n<meta property=\"product:condition\" content=\"new\" \/>\n<!-- \/ Yoast SEO Premium plugin. -->","yoast_head_json":{"title":"Gem\u00e4lde 3d Metallkan\u00e4le Amsterdam 120x80cm","description":"Suchen Sie ein romantisches Gem\u00e4lde? Dieses sch\u00f6ne Modell ist handgefertigt und hat einen authentischen Look. Eliassen Gr\u00f6\u00dfte Auswahl, fast alles auch live zu sehen","robots":{"index":"index","follow":"follow","max-snippet":"max-snippet:-1","max-image-preview":"max-image-preview:large","max-video-preview":"max-video-preview:-1"},"canonical":"https:\/\/www.eliassen.nl\/de\/gemalde-3d-metallkanale-amsterdam-120x80cm\/","og_locale":"de_DE","og_type":"article","og_title":"Sonstige Gem\u00e4lde 3d Metallkan\u00e4le Amsterdam 120x80cm - Eliassen.nl","og_description":"Suchen Sie ein romantisches Gem\u00e4lde? Dieses sch\u00f6ne Modell ist handgefertigt und hat einen authentischen Look. Eliassen Gr\u00f6\u00dfte Auswahl, fast alles auch live zu sehen","og_url":"https:\/\/www.eliassen.nl\/de\/gemalde-3d-metallkanale-amsterdam-120x80cm\/","og_site_name":"Eliassen.nl","article_publisher":"https:\/\/www.facebook.com\/TuincentrumEliassenAmmerzoden","article_modified_time":"2026-01-07T12:36:54+00:00","og_image":[{"width":2048,"height":1342,"url":"https:\/\/www.eliassen.nl\/wp-content\/uploads\/2024\/10\/schilderij3dmetaalgrachtenamsterdameliassennl.jpg","type":"image\/jpeg"}],"twitter_card":"summary_large_image","schema":{"@context":"https:\/\/schema.org","@graph":[{"@type":"WebPage","@id":"https:\/\/www.eliassen.nl\/de\/gemalde-3d-metallkanale-amsterdam-120x80cm\/","url":"https:\/\/www.eliassen.nl\/de\/gemalde-3d-metallkanale-amsterdam-120x80cm\/","name":"Gem\u00e4lde 3d Metallkan\u00e4le Amsterdam 120x80cm","isPartOf":{"@id":"https:\/\/www.eliassen.nl\/de\/#website"},"primaryImageOfPage":{"@id":"https:\/\/www.eliassen.nl\/de\/gemalde-3d-metallkanale-amsterdam-120x80cm\/#primaryimage"},"image":{"@id":"https:\/\/www.eliassen.nl\/de\/gemalde-3d-metallkanale-amsterdam-120x80cm\/#primaryimage"},"thumbnailUrl":"https:\/\/www.eliassen.nl\/wp-content\/uploads\/2024\/10\/schilderij3dmetaalgrachtenamsterdameliassennl.jpg","datePublished":"2024-02-22T10:00:36+00:00","dateModified":"2026-01-07T12:36:54+00:00","description":"Suchen Sie ein romantisches Gem\u00e4lde? Dieses sch\u00f6ne Modell ist handgefertigt und hat einen authentischen Look. Eliassen Gr\u00f6\u00dfte Auswahl, fast alles auch live zu sehen","breadcrumb":{"@id":"https:\/\/www.eliassen.nl\/de\/gemalde-3d-metallkanale-amsterdam-120x80cm\/#breadcrumb"},"inLanguage":"de","potentialAction":[{"@type":"ReadAction","target":["https:\/\/www.eliassen.nl\/de\/gemalde-3d-metallkanale-amsterdam-120x80cm\/"]}]},{"@type":"ImageObject","inLanguage":"de","@id":"https:\/\/www.eliassen.nl\/de\/gemalde-3d-metallkanale-amsterdam-120x80cm\/#primaryimage","url":"https:\/\/www.eliassen.nl\/wp-content\/uploads\/2024\/10\/schilderij3dmetaalgrachtenamsterdameliassennl.jpg","contentUrl":"https:\/\/www.eliassen.nl\/wp-content\/uploads\/2024\/10\/schilderij3dmetaalgrachtenamsterdameliassennl.jpg","width":2048,"height":1342,"caption":"Malen von 3d Metallkan\u00e4len Amsterdam Eliassen.nl 2301"},{"@type":"BreadcrumbList","@id":"https:\/\/www.eliassen.nl\/de\/gemalde-3d-metallkanale-amsterdam-120x80cm\/#breadcrumb","itemListElement":[{"@type":"ListItem","position":1,"name":"Home","item":"https:\/\/www.eliassen.nl\/de\/"},{"@type":"ListItem","position":2,"name":"Shop","item":"https:\/\/www.eliassen.nl\/de\/shop\/"},{"@type":"ListItem","position":3,"name":"Gem\u00e4lde","item":"https:\/\/www.eliassen.nl\/de\/gemaelde\/"},{"@type":"ListItem","position":4,"name":"3D Gem\u00e4lde aus Metall","item":"https:\/\/www.eliassen.nl\/de\/gemaelde\/3d-gemaelde-aus-metall\/"},{"@type":"ListItem","position":5,"name":"3D Gem\u00e4lde aus Metall 80x120 cm","item":"https:\/\/www.eliassen.nl\/de\/gemaelde\/3d-gemaelde-aus-metall\/3d-gemaelde-aus-metall-im-format-80x120cm\/"},{"@type":"ListItem","position":6,"name":"Gem\u00e4lde 3d Metallkan\u00e4le Amsterdam 120x80cm"}]},{"@type":"WebSite","@id":"https:\/\/www.eliassen.nl\/de\/#website","url":"https:\/\/www.eliassen.nl\/de\/","name":"Eliassen Home & Garden Pleasure","description":"","publisher":{"@id":"https:\/\/www.eliassen.nl\/de\/#organization"},"alternateName":"Eliassen.nl","potentialAction":[{"@type":"SearchAction","target":{"@type":"EntryPoint","urlTemplate":"https:\/\/www.eliassen.nl\/de\/?s={search_term_string}"},"query-input":{"@type":"PropertyValueSpecification","valueRequired":true,"valueName":"search_term_string"}}],"inLanguage":"de"},{"@type":["Organization","Place"],"@id":"https:\/\/www.eliassen.nl\/de\/#organization","name":"Eliassen Home & Garden Pleasure","url":"https:\/\/www.eliassen.nl\/de\/","logo":{"@id":"https:\/\/www.eliassen.nl\/de\/gemalde-3d-metallkanale-amsterdam-120x80cm\/#local-main-organization-logo"},"image":{"@id":"https:\/\/www.eliassen.nl\/de\/gemalde-3d-metallkanale-amsterdam-120x80cm\/#local-main-organization-logo"},"sameAs":["https:\/\/www.facebook.com\/TuincentrumEliassenAmmerzoden","https:\/\/www.instagram.com\/eliassenhomeandgarden\/","https:\/\/nl.pinterest.com\/eliassenhomeandgarden\/","https:\/\/www.youtube.com\/@eliassenhomegardenpleasure4558"],"telephone":[],"openingHoursSpecification":[{"@type":"OpeningHoursSpecification","dayOfWeek":["Monday","Tuesday","Wednesday","Thursday","Friday","Saturday","Sunday"],"opens":"09:00","closes":"17:00"}]},{"@type":"ImageObject","inLanguage":"de","@id":"https:\/\/www.eliassen.nl\/de\/gemalde-3d-metallkanale-amsterdam-120x80cm\/#local-main-organization-logo","url":"https:\/\/www.eliassen.nl\/wp-content\/uploads\/2024\/01\/logo_4nd.jpg","contentUrl":"https:\/\/www.eliassen.nl\/wp-content\/uploads\/2024\/01\/logo_4nd.jpg","width":500,"height":500,"caption":"Eliassen Home & Garden Pleasure"}]},"product_price_amount":"209.00","product_price_currency":"EUR","og_availability":"instock","product_availability":"instock","product_retailer_item_id":"442","product_condition":"new"},"df_price":209,"df_sale_price":"","df_regular_price":209,"df_image_link":"https:\/\/www.eliassen.nl\/wp-content\/uploads\/2024\/10\/schilderij3dmetaalgrachtenamsterdameliassennl.jpg","image":"https:\/\/www.eliassen.nl\/wp-content\/uploads\/2024\/10\/schilderij3dmetaalgrachtenamsterdameliassennl.jpg","price_search":"<span class=\"woocommerce-Price-amount amount\"><bdi><span class=\"woocommerce-Price-currencySymbol\">&euro;<\/span>&nbsp;209,00<\/bdi><\/span>","category":"3D Gem\u00e4lde aus Metall","global_unique_id":"6096527766790","_links":{"self":[{"href":"https:\/\/www.eliassen.nl\/de\/wp-json\/wp\/v2\/product\/150812","targetHints":{"allow":["GET"]}}],"collection":[{"href":"https:\/\/www.eliassen.nl\/de\/wp-json\/wp\/v2\/product"}],"about":[{"href":"https:\/\/www.eliassen.nl\/de\/wp-json\/wp\/v2\/types\/product"}],"wp:featuredmedia":[{"embeddable":true,"href":"https:\/\/www.eliassen.nl\/de\/wp-json\/wp\/v2\/media\/150809"}],"wp:attachment":[{"href":"https:\/\/www.eliassen.nl\/de\/wp-json\/wp\/v2\/media?parent=150812"}],"wp:term":[{"taxonomy":"product_brand","embeddable":true,"href":"https:\/\/www.eliassen.nl\/de\/wp-json\/wp\/v2\/product_brand?post=150812"},{"taxonomy":"product_cat","embeddable":true,"href":"https:\/\/www.eliassen.nl\/de\/wp-json\/wp\/v2\/product_cat?post=150812"},{"taxonomy":"product_tag","embeddable":true,"href":"https:\/\/www.eliassen.nl\/de\/wp-json\/wp\/v2\/product_tag?post=150812"}],"curies":[{"name":"wp","href":"https:\/\/api.w.org\/{rel}","templated":true}]}}