{"id":150764,"date":"2024-02-20T09:44:52","date_gmt":"2024-02-20T09:44:52","guid":{"rendered":"https:\/\/www.eliassen.nl\/?product=glas-sculptuur-hoofd-rood-40cm"},"modified":"2026-03-07T15:41:48","modified_gmt":"2026-03-07T14:41:48","slug":"glasskulptur-kopf-rot-40cm","status":"publish","type":"product","link":"https:\/\/www.eliassen.nl\/de\/glasskulptur-kopf-rot-40cm\/","title":{"rendered":"Glasskulptur Kopf rot 40cm"},"content":{"rendered":"<p>Dieses einzigartige Deko-Objekt aus Glas in Form eines Frauengesichts ist ein wundersch\u00f6nes Dekorationsst\u00fcck f\u00fcr Ihr Zuhause oder zum Verschenken. Dieses Glasgesicht f\u00fcr Damen wird auf die gleiche Weise hergestellt wie das jahrhundertealte und ber\u00fchmte Muranoglas aus Italien. Authentisch mundgeblasen aus verschiedenen, miteinander verschmolzenen Glasfarben.<\/p>\n<p>Da diese Glasdekoration handgefertigt ist, ist jedes St\u00fcck dieser Serie einzigartig in Form und Farbe. Daher kann Ihre Glasdekoration von der Abbildung abweichen.<\/p>\n<p>Sie k\u00f6nnen diese Serie von Glaskunst auch in unserem Shop ansehen.<\/p>\n<ul>\n<li>Handgefertigt, nach der alten Murano-Methode<\/li>\n<li>Gr\u00f6\u00dfe: 40x30cm<\/li>\n<\/ul>\n<div id=\"gtx-trans\" style=\"position: absolute; left: -248px; top: 32px;\">\n<div class=\"gtx-trans-icon\"><\/div>\n<\/div>\n","protected":false},"excerpt":{"rendered":"<p>Sch\u00f6nes Glasobjekt mit einem hochwertigen roten Gesicht.<\/p>\n","protected":false},"featured_media":150755,"template":"","meta":{"_acf_changed":false,"_genesis_title":"","_genesis_description":""},"product_brand":[7505],"product_cat":[800,821,827],"product_tag":[],"class_list":{"0":"post-150764","1":"product","2":"type-product","3":"status-publish","4":"has-post-thumbnail","6":"product_brand-sonstige","7":"product_cat-glaskunst","8":"product_cat-glasskulpturen","9":"product_cat-menschen-aus-glas","11":"first","12":"instock","13":"taxable","14":"shipping-taxable","15":"purchasable","16":"product-type-simple"},"acf":[],"meta_all":{"total_sales":"0","wcml_sync_hash":{"postmeta_fields":"0290e67680b0c9833b971f6741069896"},"attr_label_translations":[],"cor_restricted_countries":[]},"meta_all_flat":{"total_sales":"0","wcml_sync_hash.postmeta_fields":"0290e67680b0c9833b971f6741069896"},"yoast_head":"<!-- This site is optimized with the Yoast SEO Premium plugin v26.2 (Yoast SEO v27.2) - https:\/\/yoast.com\/product\/yoast-seo-premium-wordpress\/ -->\n<title>Glasskulptur Kopf rot 40cm - Eliassen.nl<\/title>\n<meta name=\"description\" content=\"Sch\u00f6nes Glasobjekt eines Gesichts in Rot. Sehr dekorativ im Haus und sch\u00f6n zum Verschenken. Online und im Gesch\u00e4ft erh\u00e4ltlich. Gr\u00f6\u00dfe 30x40cm.\" \/>\n<meta name=\"robots\" content=\"index, follow, max-snippet:-1, max-image-preview:large, max-video-preview:-1\" \/>\n<link rel=\"canonical\" href=\"https:\/\/www.eliassen.nl\/de\/glasskulptur-kopf-rot-40cm\/\" \/>\n<meta property=\"og:locale\" content=\"de_DE\" \/>\n<meta property=\"og:type\" content=\"article\" \/>\n<meta property=\"og:title\" content=\"Sonstige Glasskulptur Kopf rot 40cm - Eliassen.nl\" \/>\n<meta property=\"og:description\" content=\"Sch\u00f6nes Glasobjekt eines Gesichts in Rot. Sehr dekorativ im Haus und sch\u00f6n zum Verschenken. Online und im Gesch\u00e4ft erh\u00e4ltlich. Gr\u00f6\u00dfe 30x40cm.\" \/>\n<meta property=\"og:url\" content=\"https:\/\/www.eliassen.nl\/de\/glasskulptur-kopf-rot-40cm\/\" \/>\n<meta property=\"og:site_name\" content=\"Eliassen.nl\" \/>\n<meta property=\"article:publisher\" content=\"https:\/\/www.facebook.com\/TuincentrumEliassenAmmerzoden\" \/>\n<meta property=\"article:modified_time\" content=\"2026-03-07T14:41:48+00:00\" \/>\n<meta property=\"og:image\" content=\"https:\/\/www.eliassen.nl\/wp-content\/uploads\/2024\/10\/hoofdroodvanglaseliassennlgl1423.jpg\" \/>\n\t<meta property=\"og:image:width\" content=\"1200\" \/>\n\t<meta property=\"og:image:height\" content=\"1600\" \/>\n\t<meta property=\"og:image:type\" content=\"image\/jpeg\" \/>\n<meta name=\"twitter:card\" content=\"summary_large_image\" \/>\n<script type=\"application\/ld+json\" class=\"yoast-schema-graph\">{\"@context\":\"https:\/\/schema.org\",\"@graph\":[{\"@type\":\"WebPage\",\"@id\":\"https:\/\/www.eliassen.nl\/de\/glasskulptur-kopf-rot-40cm\/\",\"url\":\"https:\/\/www.eliassen.nl\/de\/glasskulptur-kopf-rot-40cm\/\",\"name\":\"Glasskulptur Kopf rot 40cm - Eliassen.nl\",\"isPartOf\":{\"@id\":\"https:\/\/www.eliassen.nl\/de\/#website\"},\"primaryImageOfPage\":{\"@id\":\"https:\/\/www.eliassen.nl\/de\/glasskulptur-kopf-rot-40cm\/#primaryimage\"},\"image\":{\"@id\":\"https:\/\/www.eliassen.nl\/de\/glasskulptur-kopf-rot-40cm\/#primaryimage\"},\"thumbnailUrl\":\"https:\/\/www.eliassen.nl\/wp-content\/uploads\/2024\/10\/hoofdroodvanglaseliassennlgl1423.jpg\",\"datePublished\":\"2024-02-20T09:44:52+00:00\",\"dateModified\":\"2026-03-07T14:41:48+00:00\",\"description\":\"Sch\u00f6nes Glasobjekt eines Gesichts in Rot. Sehr dekorativ im Haus und sch\u00f6n zum Verschenken. Online und im Gesch\u00e4ft erh\u00e4ltlich. Gr\u00f6\u00dfe 30x40cm.\",\"breadcrumb\":{\"@id\":\"https:\/\/www.eliassen.nl\/de\/glasskulptur-kopf-rot-40cm\/#breadcrumb\"},\"inLanguage\":\"de\",\"potentialAction\":[{\"@type\":\"ReadAction\",\"target\":[\"https:\/\/www.eliassen.nl\/de\/glasskulptur-kopf-rot-40cm\/\"]}]},{\"@type\":\"ImageObject\",\"inLanguage\":\"de\",\"@id\":\"https:\/\/www.eliassen.nl\/de\/glasskulptur-kopf-rot-40cm\/#primaryimage\",\"url\":\"https:\/\/www.eliassen.nl\/wp-content\/uploads\/2024\/10\/hoofdroodvanglaseliassennlgl1423.jpg\",\"contentUrl\":\"https:\/\/www.eliassen.nl\/wp-content\/uploads\/2024\/10\/hoofdroodvanglaseliassennlgl1423.jpg\",\"width\":1200,\"height\":1600,\"caption\":\"Kopf rot von Glas Eliassen.nl GL1423\"},{\"@type\":\"BreadcrumbList\",\"@id\":\"https:\/\/www.eliassen.nl\/de\/glasskulptur-kopf-rot-40cm\/#breadcrumb\",\"itemListElement\":[{\"@type\":\"ListItem\",\"position\":1,\"name\":\"Home\",\"item\":\"https:\/\/www.eliassen.nl\/de\/\"},{\"@type\":\"ListItem\",\"position\":2,\"name\":\"Shop\",\"item\":\"https:\/\/www.eliassen.nl\/de\/shop\/\"},{\"@type\":\"ListItem\",\"position\":3,\"name\":\"Glaskunst\",\"item\":\"https:\/\/www.eliassen.nl\/de\/glaskunst\/\"},{\"@type\":\"ListItem\",\"position\":4,\"name\":\"Glasskulpturen\",\"item\":\"https:\/\/www.eliassen.nl\/de\/glaskunst\/glasskulpturen\/\"},{\"@type\":\"ListItem\",\"position\":5,\"name\":\"Glasskulptur Kopf rot 40cm\"}]},{\"@type\":\"WebSite\",\"@id\":\"https:\/\/www.eliassen.nl\/de\/#website\",\"url\":\"https:\/\/www.eliassen.nl\/de\/\",\"name\":\"Eliassen Home & Garden Pleasure\",\"description\":\"\",\"publisher\":{\"@id\":\"https:\/\/www.eliassen.nl\/de\/#organization\"},\"alternateName\":\"Eliassen.nl\",\"potentialAction\":[{\"@type\":\"SearchAction\",\"target\":{\"@type\":\"EntryPoint\",\"urlTemplate\":\"https:\/\/www.eliassen.nl\/de\/?s={search_term_string}\"},\"query-input\":{\"@type\":\"PropertyValueSpecification\",\"valueRequired\":true,\"valueName\":\"search_term_string\"}}],\"inLanguage\":\"de\"},{\"@type\":[\"Organization\",\"Place\"],\"@id\":\"https:\/\/www.eliassen.nl\/de\/#organization\",\"name\":\"Eliassen Home & Garden Pleasure\",\"url\":\"https:\/\/www.eliassen.nl\/de\/\",\"logo\":{\"@id\":\"https:\/\/www.eliassen.nl\/de\/glasskulptur-kopf-rot-40cm\/#local-main-organization-logo\"},\"image\":{\"@id\":\"https:\/\/www.eliassen.nl\/de\/glasskulptur-kopf-rot-40cm\/#local-main-organization-logo\"},\"sameAs\":[\"https:\/\/www.facebook.com\/TuincentrumEliassenAmmerzoden\",\"https:\/\/www.instagram.com\/eliassenhomeandgarden\/\",\"https:\/\/nl.pinterest.com\/eliassenhomeandgarden\/\",\"https:\/\/www.youtube.com\/@eliassenhomegardenpleasure4558\"],\"telephone\":[],\"openingHoursSpecification\":[{\"@type\":\"OpeningHoursSpecification\",\"dayOfWeek\":[\"Monday\",\"Tuesday\",\"Wednesday\",\"Thursday\",\"Friday\",\"Saturday\",\"Sunday\"],\"opens\":\"09:00\",\"closes\":\"17:00\"}]},{\"@type\":\"ImageObject\",\"inLanguage\":\"de\",\"@id\":\"https:\/\/www.eliassen.nl\/de\/glasskulptur-kopf-rot-40cm\/#local-main-organization-logo\",\"url\":\"https:\/\/www.eliassen.nl\/wp-content\/uploads\/2024\/01\/logo_4nd.jpg\",\"contentUrl\":\"https:\/\/www.eliassen.nl\/wp-content\/uploads\/2024\/01\/logo_4nd.jpg\",\"width\":500,\"height\":500,\"caption\":\"Eliassen Home & Garden Pleasure\"}]}<\/script>\n<meta property=\"product:price:amount\" content=\"199.00\" \/>\n<meta property=\"product:price:currency\" content=\"EUR\" \/>\n<meta property=\"og:availability\" content=\"instock\" \/>\n<meta property=\"product:availability\" content=\"instock\" \/>\n<meta property=\"product:retailer_item_id\" content=\"Gl1423\" \/>\n<meta property=\"product:condition\" content=\"new\" \/>\n<!-- \/ Yoast SEO Premium plugin. -->","yoast_head_json":{"title":"Glasskulptur Kopf rot 40cm - Eliassen.nl","description":"Sch\u00f6nes Glasobjekt eines Gesichts in Rot. Sehr dekorativ im Haus und sch\u00f6n zum Verschenken. Online und im Gesch\u00e4ft erh\u00e4ltlich. Gr\u00f6\u00dfe 30x40cm.","robots":{"index":"index","follow":"follow","max-snippet":"max-snippet:-1","max-image-preview":"max-image-preview:large","max-video-preview":"max-video-preview:-1"},"canonical":"https:\/\/www.eliassen.nl\/de\/glasskulptur-kopf-rot-40cm\/","og_locale":"de_DE","og_type":"article","og_title":"Sonstige Glasskulptur Kopf rot 40cm - Eliassen.nl","og_description":"Sch\u00f6nes Glasobjekt eines Gesichts in Rot. Sehr dekorativ im Haus und sch\u00f6n zum Verschenken. Online und im Gesch\u00e4ft erh\u00e4ltlich. Gr\u00f6\u00dfe 30x40cm.","og_url":"https:\/\/www.eliassen.nl\/de\/glasskulptur-kopf-rot-40cm\/","og_site_name":"Eliassen.nl","article_publisher":"https:\/\/www.facebook.com\/TuincentrumEliassenAmmerzoden","article_modified_time":"2026-03-07T14:41:48+00:00","og_image":[{"width":1200,"height":1600,"url":"https:\/\/www.eliassen.nl\/wp-content\/uploads\/2024\/10\/hoofdroodvanglaseliassennlgl1423.jpg","type":"image\/jpeg"}],"twitter_card":"summary_large_image","schema":{"@context":"https:\/\/schema.org","@graph":[{"@type":"WebPage","@id":"https:\/\/www.eliassen.nl\/de\/glasskulptur-kopf-rot-40cm\/","url":"https:\/\/www.eliassen.nl\/de\/glasskulptur-kopf-rot-40cm\/","name":"Glasskulptur Kopf rot 40cm - Eliassen.nl","isPartOf":{"@id":"https:\/\/www.eliassen.nl\/de\/#website"},"primaryImageOfPage":{"@id":"https:\/\/www.eliassen.nl\/de\/glasskulptur-kopf-rot-40cm\/#primaryimage"},"image":{"@id":"https:\/\/www.eliassen.nl\/de\/glasskulptur-kopf-rot-40cm\/#primaryimage"},"thumbnailUrl":"https:\/\/www.eliassen.nl\/wp-content\/uploads\/2024\/10\/hoofdroodvanglaseliassennlgl1423.jpg","datePublished":"2024-02-20T09:44:52+00:00","dateModified":"2026-03-07T14:41:48+00:00","description":"Sch\u00f6nes Glasobjekt eines Gesichts in Rot. Sehr dekorativ im Haus und sch\u00f6n zum Verschenken. Online und im Gesch\u00e4ft erh\u00e4ltlich. Gr\u00f6\u00dfe 30x40cm.","breadcrumb":{"@id":"https:\/\/www.eliassen.nl\/de\/glasskulptur-kopf-rot-40cm\/#breadcrumb"},"inLanguage":"de","potentialAction":[{"@type":"ReadAction","target":["https:\/\/www.eliassen.nl\/de\/glasskulptur-kopf-rot-40cm\/"]}]},{"@type":"ImageObject","inLanguage":"de","@id":"https:\/\/www.eliassen.nl\/de\/glasskulptur-kopf-rot-40cm\/#primaryimage","url":"https:\/\/www.eliassen.nl\/wp-content\/uploads\/2024\/10\/hoofdroodvanglaseliassennlgl1423.jpg","contentUrl":"https:\/\/www.eliassen.nl\/wp-content\/uploads\/2024\/10\/hoofdroodvanglaseliassennlgl1423.jpg","width":1200,"height":1600,"caption":"Kopf rot von Glas Eliassen.nl GL1423"},{"@type":"BreadcrumbList","@id":"https:\/\/www.eliassen.nl\/de\/glasskulptur-kopf-rot-40cm\/#breadcrumb","itemListElement":[{"@type":"ListItem","position":1,"name":"Home","item":"https:\/\/www.eliassen.nl\/de\/"},{"@type":"ListItem","position":2,"name":"Shop","item":"https:\/\/www.eliassen.nl\/de\/shop\/"},{"@type":"ListItem","position":3,"name":"Glaskunst","item":"https:\/\/www.eliassen.nl\/de\/glaskunst\/"},{"@type":"ListItem","position":4,"name":"Glasskulpturen","item":"https:\/\/www.eliassen.nl\/de\/glaskunst\/glasskulpturen\/"},{"@type":"ListItem","position":5,"name":"Glasskulptur Kopf rot 40cm"}]},{"@type":"WebSite","@id":"https:\/\/www.eliassen.nl\/de\/#website","url":"https:\/\/www.eliassen.nl\/de\/","name":"Eliassen Home & Garden Pleasure","description":"","publisher":{"@id":"https:\/\/www.eliassen.nl\/de\/#organization"},"alternateName":"Eliassen.nl","potentialAction":[{"@type":"SearchAction","target":{"@type":"EntryPoint","urlTemplate":"https:\/\/www.eliassen.nl\/de\/?s={search_term_string}"},"query-input":{"@type":"PropertyValueSpecification","valueRequired":true,"valueName":"search_term_string"}}],"inLanguage":"de"},{"@type":["Organization","Place"],"@id":"https:\/\/www.eliassen.nl\/de\/#organization","name":"Eliassen Home & Garden Pleasure","url":"https:\/\/www.eliassen.nl\/de\/","logo":{"@id":"https:\/\/www.eliassen.nl\/de\/glasskulptur-kopf-rot-40cm\/#local-main-organization-logo"},"image":{"@id":"https:\/\/www.eliassen.nl\/de\/glasskulptur-kopf-rot-40cm\/#local-main-organization-logo"},"sameAs":["https:\/\/www.facebook.com\/TuincentrumEliassenAmmerzoden","https:\/\/www.instagram.com\/eliassenhomeandgarden\/","https:\/\/nl.pinterest.com\/eliassenhomeandgarden\/","https:\/\/www.youtube.com\/@eliassenhomegardenpleasure4558"],"telephone":[],"openingHoursSpecification":[{"@type":"OpeningHoursSpecification","dayOfWeek":["Monday","Tuesday","Wednesday","Thursday","Friday","Saturday","Sunday"],"opens":"09:00","closes":"17:00"}]},{"@type":"ImageObject","inLanguage":"de","@id":"https:\/\/www.eliassen.nl\/de\/glasskulptur-kopf-rot-40cm\/#local-main-organization-logo","url":"https:\/\/www.eliassen.nl\/wp-content\/uploads\/2024\/01\/logo_4nd.jpg","contentUrl":"https:\/\/www.eliassen.nl\/wp-content\/uploads\/2024\/01\/logo_4nd.jpg","width":500,"height":500,"caption":"Eliassen Home & Garden Pleasure"}]},"product_price_amount":"199.00","product_price_currency":"EUR","og_availability":"instock","product_availability":"instock","product_retailer_item_id":"Gl1423","product_condition":"new"},"df_price":199,"df_sale_price":"","df_regular_price":199,"df_image_link":"https:\/\/www.eliassen.nl\/wp-content\/uploads\/2024\/10\/hoofdroodvanglaseliassennlgl1423.jpg","image":"https:\/\/www.eliassen.nl\/wp-content\/uploads\/2024\/10\/hoofdroodvanglaseliassennlgl1423.jpg","price_search":"<span class=\"woocommerce-Price-amount amount\"><bdi><span class=\"woocommerce-Price-currencySymbol\">&euro;<\/span>&nbsp;199,00<\/bdi><\/span>","category":"Glaskunst","global_unique_id":"6096526780742","_links":{"self":[{"href":"https:\/\/www.eliassen.nl\/de\/wp-json\/wp\/v2\/product\/150764","targetHints":{"allow":["GET"]}}],"collection":[{"href":"https:\/\/www.eliassen.nl\/de\/wp-json\/wp\/v2\/product"}],"about":[{"href":"https:\/\/www.eliassen.nl\/de\/wp-json\/wp\/v2\/types\/product"}],"wp:featuredmedia":[{"embeddable":true,"href":"https:\/\/www.eliassen.nl\/de\/wp-json\/wp\/v2\/media\/150755"}],"wp:attachment":[{"href":"https:\/\/www.eliassen.nl\/de\/wp-json\/wp\/v2\/media?parent=150764"}],"wp:term":[{"taxonomy":"product_brand","embeddable":true,"href":"https:\/\/www.eliassen.nl\/de\/wp-json\/wp\/v2\/product_brand?post=150764"},{"taxonomy":"product_cat","embeddable":true,"href":"https:\/\/www.eliassen.nl\/de\/wp-json\/wp\/v2\/product_cat?post=150764"},{"taxonomy":"product_tag","embeddable":true,"href":"https:\/\/www.eliassen.nl\/de\/wp-json\/wp\/v2\/product_tag?post=150764"}],"curies":[{"name":"wp","href":"https:\/\/api.w.org\/{rel}","templated":true}]}}