{"id":150704,"date":"2024-02-16T15:03:27","date_gmt":"2024-02-16T15:03:27","guid":{"rendered":"https:\/\/www.eliassen.nl\/?product=beeld-brons-vrouwe-justitia-120cm-bruin"},"modified":"2026-03-19T09:33:19","modified_gmt":"2026-03-19T08:33:19","slug":"bronzestatue-der-justitia-120-cm","status":"publish","type":"product","link":"https:\/\/www.eliassen.nl\/de\/bronzestatue-der-justitia-120-cm\/","title":{"rendered":"Statue Bronze Lady Justice 120cm"},"content":{"rendered":"<p>Diese zeitlose Bronzestatue einer gro\u00dfen Dame der Gerechtigkeit ist ca. 52x16x120cm hoch und wurde im sogenannten Wachsausschmelzverfahren handgefertigt.<\/p>\n<p>Dies geschieht folgenderma\u00dfen: Ein Wachsmodell wird in eine feuerfeste Masse wie Ton eingebettet. Danach wird das Wachs ausgeschmolzen und die Form getrocknet. In den entstandenen Hohlraum wird dann Bronze gegossen. Nach dem Abk\u00fchlen wird die Form demontiert und die \u00d6ffnung, durch die die Bronze in die Form gegossen wurde, abges\u00e4gt, so dass die Skulptur \u00fcbrig bleibt. Zum Schluss wird die Skulptur fertiggestellt, indem L\u00f6cher gestopft, Unreinheiten weggeschliffen und mit einer S\u00e4ure gef\u00e4rbt werden. Gr\u00f6\u00dfere Bronzeskulpturen werden in Teilen gegossen, dann zusammengeschwei\u00dft und anschlie\u00dfend glatt geschliffen.<\/p>\n<p>Bronze ist eine Legierung aus Kupfer und Zinn. Je h\u00f6her der Kupfergehalt ist, desto hochwertiger ist die Bronze. Diese Skulptur hat einen Mindestkupfergehalt von 75%, was eine lange Lebensdauer garantiert.<\/p>\n<p>Diese Bronzeskulptur f\u00fcr den Au\u00dfenbereich kann auf jeder ebenen Fl\u00e4che aufgestellt werden. Viele Modelle werden mit einem M8-Gewindeanschluss geliefert, mit dem die Skulptur befestigt werden kann. Falls nicht vorhanden, kann jedes Bild mit einem guten Montagesatz befestigt werden. Im Freien wird die Farbe von Bronzestatuen etwas stumpfer; Sie k\u00f6nnen sie wieder zum Gl\u00e4nzen bringen, indem Sie sie mit Bienenwachs pflegen.<\/p>\n<p>Oft werden Bronzeskulpturen auf einen passenden Sockel gestellt. Wir haben auch eine gro\u00dfe Auswahl an Sockeln und Sockelleisten, so dass Sie eine sch\u00f6ne Kombination schaffen k\u00f6nnen.<\/p>\n<ul>\n<li>Gr\u00f6\u00dfe: ca. 52x16x120cm hoch<\/li>\n<li>Fu\u00dfgr\u00f6\u00dfe: ca. 37cm Durchmesser<\/li>\n<li>Material: Bronze<\/li>\n<li>Schnelle Lieferung<\/li>\n<li><strong>Sehr viele aus dieser Serie von Bronzeskulpturen sind auch live in unserem Shop zu sehen<\/strong><\/li>\n<\/ul>\n","protected":false},"excerpt":{"rendered":"<p>\u2713 52x16x120cm \u2713 Bronze \u2713 Handgefertigt<\/p>\n","protected":false},"featured_media":150701,"template":"","meta":{"_acf_changed":false,"_genesis_title":"","_genesis_description":""},"product_brand":[7505],"product_cat":[644,613,623,7239],"product_tag":[],"class_list":{"0":"post-150704","1":"product","2":"type-product","3":"status-publish","4":"has-post-thumbnail","6":"product_brand-sonstige","7":"product_cat-andere-bronzestatuen","8":"product_cat-bronzestatuen","9":"product_cat-klassische-bronzestatuen","10":"product_cat-bilder","12":"first","13":"onbackorder","14":"taxable","15":"shipping-taxable","16":"purchasable","17":"product-type-simple"},"acf":[],"meta_all":{"total_sales":"1","wcml_sync_hash":{"postmeta_fields":"932168a1ebbb2e5239408da72a02b930"},"attr_label_translations":[],"cor_restricted_countries":[]},"meta_all_flat":{"total_sales":"1","wcml_sync_hash.postmeta_fields":"932168a1ebbb2e5239408da72a02b930"},"yoast_head":"<!-- This site is optimized with the Yoast SEO Premium plugin v26.2 (Yoast SEO v27.2) - https:\/\/yoast.com\/product\/yoast-seo-premium-wordpress\/ -->\n<title>Statue Bronze Lady Justice 120cm braun - Eliassen.nl<\/title>\n<meta name=\"description\" content=\"Diese Statue einer Dame der Gerechtigkeit hat eine braune Farbe und besteht vollst\u00e4ndig aus Bronze. Hochwertige Verarbeitung mit vielen Details.\" \/>\n<meta name=\"robots\" content=\"index, follow, max-snippet:-1, max-image-preview:large, max-video-preview:-1\" \/>\n<link rel=\"canonical\" href=\"https:\/\/www.eliassen.nl\/de\/bronzestatue-der-justitia-120-cm\/\" \/>\n<meta property=\"og:locale\" content=\"de_DE\" \/>\n<meta property=\"og:type\" content=\"article\" \/>\n<meta property=\"og:title\" content=\"Sonstige Statue Bronze Lady Justice 120cm - Eliassen.nl\" \/>\n<meta property=\"og:description\" content=\"Diese Statue einer Dame der Gerechtigkeit hat eine braune Farbe und besteht vollst\u00e4ndig aus Bronze. Hochwertige Verarbeitung mit vielen Details.\" \/>\n<meta property=\"og:url\" content=\"https:\/\/www.eliassen.nl\/de\/bronzestatue-der-justitia-120-cm\/\" \/>\n<meta property=\"og:site_name\" content=\"Eliassen.nl\" \/>\n<meta property=\"article:publisher\" content=\"https:\/\/www.facebook.com\/TuincentrumEliassenAmmerzoden\" \/>\n<meta property=\"article:modified_time\" content=\"2026-03-19T08:33:19+00:00\" \/>\n<meta property=\"og:image\" content=\"https:\/\/www.eliassen.nl\/wp-content\/uploads\/2024\/10\/vrouwejustitiabrons120cmeliassennllv198.jpg\" \/>\n\t<meta property=\"og:image:width\" content=\"1181\" \/>\n\t<meta property=\"og:image:height\" content=\"1772\" \/>\n\t<meta property=\"og:image:type\" content=\"image\/jpeg\" \/>\n<meta name=\"twitter:card\" content=\"summary_large_image\" \/>\n<script type=\"application\/ld+json\" class=\"yoast-schema-graph\">{\"@context\":\"https:\/\/schema.org\",\"@graph\":[{\"@type\":\"WebPage\",\"@id\":\"https:\/\/www.eliassen.nl\/de\/bronzestatue-der-justitia-120-cm\/\",\"url\":\"https:\/\/www.eliassen.nl\/de\/bronzestatue-der-justitia-120-cm\/\",\"name\":\"Statue Bronze Lady Justice 120cm braun - Eliassen.nl\",\"isPartOf\":{\"@id\":\"https:\/\/www.eliassen.nl\/de\/#website\"},\"primaryImageOfPage\":{\"@id\":\"https:\/\/www.eliassen.nl\/de\/bronzestatue-der-justitia-120-cm\/#primaryimage\"},\"image\":{\"@id\":\"https:\/\/www.eliassen.nl\/de\/bronzestatue-der-justitia-120-cm\/#primaryimage\"},\"thumbnailUrl\":\"https:\/\/www.eliassen.nl\/wp-content\/uploads\/2024\/10\/vrouwejustitiabrons120cmeliassennllv198.jpg\",\"datePublished\":\"2024-02-16T15:03:27+00:00\",\"dateModified\":\"2026-03-19T08:33:19+00:00\",\"description\":\"Diese Statue einer Dame der Gerechtigkeit hat eine braune Farbe und besteht vollst\u00e4ndig aus Bronze. Hochwertige Verarbeitung mit vielen Details.\",\"breadcrumb\":{\"@id\":\"https:\/\/www.eliassen.nl\/de\/bronzestatue-der-justitia-120-cm\/#breadcrumb\"},\"inLanguage\":\"de\",\"potentialAction\":[{\"@type\":\"ReadAction\",\"target\":[\"https:\/\/www.eliassen.nl\/de\/bronzestatue-der-justitia-120-cm\/\"]}]},{\"@type\":\"ImageObject\",\"inLanguage\":\"de\",\"@id\":\"https:\/\/www.eliassen.nl\/de\/bronzestatue-der-justitia-120-cm\/#primaryimage\",\"url\":\"https:\/\/www.eliassen.nl\/wp-content\/uploads\/2024\/10\/vrouwejustitiabrons120cmeliassennllv198.jpg\",\"contentUrl\":\"https:\/\/www.eliassen.nl\/wp-content\/uploads\/2024\/10\/vrouwejustitiabrons120cmeliassennllv198.jpg\",\"width\":1181,\"height\":1772,\"caption\":\"Lady Justice Bronze 120cm Eliassen.nl LV198\"},{\"@type\":\"BreadcrumbList\",\"@id\":\"https:\/\/www.eliassen.nl\/de\/bronzestatue-der-justitia-120-cm\/#breadcrumb\",\"itemListElement\":[{\"@type\":\"ListItem\",\"position\":1,\"name\":\"Home\",\"item\":\"https:\/\/www.eliassen.nl\/de\/\"},{\"@type\":\"ListItem\",\"position\":2,\"name\":\"Shop\",\"item\":\"https:\/\/www.eliassen.nl\/de\/shop\/\"},{\"@type\":\"ListItem\",\"position\":3,\"name\":\"Bronzestatuen\",\"item\":\"https:\/\/www.eliassen.nl\/de\/bronzestatuen\/\"},{\"@type\":\"ListItem\",\"position\":4,\"name\":\"Andere Bronzestatuen\",\"item\":\"https:\/\/www.eliassen.nl\/de\/bilder\/bronzestatuen\/andere-bronzestatuen\/\"},{\"@type\":\"ListItem\",\"position\":5,\"name\":\"Statue Bronze Lady Justice 120cm\"}]},{\"@type\":\"WebSite\",\"@id\":\"https:\/\/www.eliassen.nl\/de\/#website\",\"url\":\"https:\/\/www.eliassen.nl\/de\/\",\"name\":\"Eliassen Home & Garden Pleasure\",\"description\":\"\",\"publisher\":{\"@id\":\"https:\/\/www.eliassen.nl\/de\/#organization\"},\"alternateName\":\"Eliassen.nl\",\"potentialAction\":[{\"@type\":\"SearchAction\",\"target\":{\"@type\":\"EntryPoint\",\"urlTemplate\":\"https:\/\/www.eliassen.nl\/de\/?s={search_term_string}\"},\"query-input\":{\"@type\":\"PropertyValueSpecification\",\"valueRequired\":true,\"valueName\":\"search_term_string\"}}],\"inLanguage\":\"de\"},{\"@type\":[\"Organization\",\"Place\"],\"@id\":\"https:\/\/www.eliassen.nl\/de\/#organization\",\"name\":\"Eliassen Home & Garden Pleasure\",\"url\":\"https:\/\/www.eliassen.nl\/de\/\",\"logo\":{\"@id\":\"https:\/\/www.eliassen.nl\/de\/bronzestatue-der-justitia-120-cm\/#local-main-organization-logo\"},\"image\":{\"@id\":\"https:\/\/www.eliassen.nl\/de\/bronzestatue-der-justitia-120-cm\/#local-main-organization-logo\"},\"sameAs\":[\"https:\/\/www.facebook.com\/TuincentrumEliassenAmmerzoden\",\"https:\/\/www.instagram.com\/eliassenhomeandgarden\/\",\"https:\/\/nl.pinterest.com\/eliassenhomeandgarden\/\",\"https:\/\/www.youtube.com\/@eliassenhomegardenpleasure4558\"],\"telephone\":[],\"openingHoursSpecification\":[{\"@type\":\"OpeningHoursSpecification\",\"dayOfWeek\":[\"Monday\",\"Tuesday\",\"Wednesday\",\"Thursday\",\"Friday\",\"Saturday\",\"Sunday\"],\"opens\":\"09:00\",\"closes\":\"17:00\"}]},{\"@type\":\"ImageObject\",\"inLanguage\":\"de\",\"@id\":\"https:\/\/www.eliassen.nl\/de\/bronzestatue-der-justitia-120-cm\/#local-main-organization-logo\",\"url\":\"https:\/\/www.eliassen.nl\/wp-content\/uploads\/2024\/01\/logo_4nd.jpg\",\"contentUrl\":\"https:\/\/www.eliassen.nl\/wp-content\/uploads\/2024\/01\/logo_4nd.jpg\",\"width\":500,\"height\":500,\"caption\":\"Eliassen Home & Garden Pleasure\"}]}<\/script>\n<meta property=\"product:price:amount\" content=\"1500.00\" \/>\n<meta property=\"product:price:currency\" content=\"EUR\" \/>\n<meta property=\"og:availability\" content=\"backorder\" \/>\n<meta property=\"product:availability\" content=\"available for order\" \/>\n<meta property=\"product:retailer_item_id\" content=\"Lv198\" \/>\n<meta property=\"product:condition\" content=\"new\" \/>\n<!-- \/ Yoast SEO Premium plugin. -->","yoast_head_json":{"title":"Statue Bronze Lady Justice 120cm braun - Eliassen.nl","description":"Diese Statue einer Dame der Gerechtigkeit hat eine braune Farbe und besteht vollst\u00e4ndig aus Bronze. Hochwertige Verarbeitung mit vielen Details.","robots":{"index":"index","follow":"follow","max-snippet":"max-snippet:-1","max-image-preview":"max-image-preview:large","max-video-preview":"max-video-preview:-1"},"canonical":"https:\/\/www.eliassen.nl\/de\/bronzestatue-der-justitia-120-cm\/","og_locale":"de_DE","og_type":"article","og_title":"Sonstige Statue Bronze Lady Justice 120cm - Eliassen.nl","og_description":"Diese Statue einer Dame der Gerechtigkeit hat eine braune Farbe und besteht vollst\u00e4ndig aus Bronze. Hochwertige Verarbeitung mit vielen Details.","og_url":"https:\/\/www.eliassen.nl\/de\/bronzestatue-der-justitia-120-cm\/","og_site_name":"Eliassen.nl","article_publisher":"https:\/\/www.facebook.com\/TuincentrumEliassenAmmerzoden","article_modified_time":"2026-03-19T08:33:19+00:00","og_image":[{"width":1181,"height":1772,"url":"https:\/\/www.eliassen.nl\/wp-content\/uploads\/2024\/10\/vrouwejustitiabrons120cmeliassennllv198.jpg","type":"image\/jpeg"}],"twitter_card":"summary_large_image","schema":{"@context":"https:\/\/schema.org","@graph":[{"@type":"WebPage","@id":"https:\/\/www.eliassen.nl\/de\/bronzestatue-der-justitia-120-cm\/","url":"https:\/\/www.eliassen.nl\/de\/bronzestatue-der-justitia-120-cm\/","name":"Statue Bronze Lady Justice 120cm braun - Eliassen.nl","isPartOf":{"@id":"https:\/\/www.eliassen.nl\/de\/#website"},"primaryImageOfPage":{"@id":"https:\/\/www.eliassen.nl\/de\/bronzestatue-der-justitia-120-cm\/#primaryimage"},"image":{"@id":"https:\/\/www.eliassen.nl\/de\/bronzestatue-der-justitia-120-cm\/#primaryimage"},"thumbnailUrl":"https:\/\/www.eliassen.nl\/wp-content\/uploads\/2024\/10\/vrouwejustitiabrons120cmeliassennllv198.jpg","datePublished":"2024-02-16T15:03:27+00:00","dateModified":"2026-03-19T08:33:19+00:00","description":"Diese Statue einer Dame der Gerechtigkeit hat eine braune Farbe und besteht vollst\u00e4ndig aus Bronze. Hochwertige Verarbeitung mit vielen Details.","breadcrumb":{"@id":"https:\/\/www.eliassen.nl\/de\/bronzestatue-der-justitia-120-cm\/#breadcrumb"},"inLanguage":"de","potentialAction":[{"@type":"ReadAction","target":["https:\/\/www.eliassen.nl\/de\/bronzestatue-der-justitia-120-cm\/"]}]},{"@type":"ImageObject","inLanguage":"de","@id":"https:\/\/www.eliassen.nl\/de\/bronzestatue-der-justitia-120-cm\/#primaryimage","url":"https:\/\/www.eliassen.nl\/wp-content\/uploads\/2024\/10\/vrouwejustitiabrons120cmeliassennllv198.jpg","contentUrl":"https:\/\/www.eliassen.nl\/wp-content\/uploads\/2024\/10\/vrouwejustitiabrons120cmeliassennllv198.jpg","width":1181,"height":1772,"caption":"Lady Justice Bronze 120cm Eliassen.nl LV198"},{"@type":"BreadcrumbList","@id":"https:\/\/www.eliassen.nl\/de\/bronzestatue-der-justitia-120-cm\/#breadcrumb","itemListElement":[{"@type":"ListItem","position":1,"name":"Home","item":"https:\/\/www.eliassen.nl\/de\/"},{"@type":"ListItem","position":2,"name":"Shop","item":"https:\/\/www.eliassen.nl\/de\/shop\/"},{"@type":"ListItem","position":3,"name":"Bronzestatuen","item":"https:\/\/www.eliassen.nl\/de\/bronzestatuen\/"},{"@type":"ListItem","position":4,"name":"Andere Bronzestatuen","item":"https:\/\/www.eliassen.nl\/de\/bilder\/bronzestatuen\/andere-bronzestatuen\/"},{"@type":"ListItem","position":5,"name":"Statue Bronze Lady Justice 120cm"}]},{"@type":"WebSite","@id":"https:\/\/www.eliassen.nl\/de\/#website","url":"https:\/\/www.eliassen.nl\/de\/","name":"Eliassen Home & Garden Pleasure","description":"","publisher":{"@id":"https:\/\/www.eliassen.nl\/de\/#organization"},"alternateName":"Eliassen.nl","potentialAction":[{"@type":"SearchAction","target":{"@type":"EntryPoint","urlTemplate":"https:\/\/www.eliassen.nl\/de\/?s={search_term_string}"},"query-input":{"@type":"PropertyValueSpecification","valueRequired":true,"valueName":"search_term_string"}}],"inLanguage":"de"},{"@type":["Organization","Place"],"@id":"https:\/\/www.eliassen.nl\/de\/#organization","name":"Eliassen Home & Garden Pleasure","url":"https:\/\/www.eliassen.nl\/de\/","logo":{"@id":"https:\/\/www.eliassen.nl\/de\/bronzestatue-der-justitia-120-cm\/#local-main-organization-logo"},"image":{"@id":"https:\/\/www.eliassen.nl\/de\/bronzestatue-der-justitia-120-cm\/#local-main-organization-logo"},"sameAs":["https:\/\/www.facebook.com\/TuincentrumEliassenAmmerzoden","https:\/\/www.instagram.com\/eliassenhomeandgarden\/","https:\/\/nl.pinterest.com\/eliassenhomeandgarden\/","https:\/\/www.youtube.com\/@eliassenhomegardenpleasure4558"],"telephone":[],"openingHoursSpecification":[{"@type":"OpeningHoursSpecification","dayOfWeek":["Monday","Tuesday","Wednesday","Thursday","Friday","Saturday","Sunday"],"opens":"09:00","closes":"17:00"}]},{"@type":"ImageObject","inLanguage":"de","@id":"https:\/\/www.eliassen.nl\/de\/bronzestatue-der-justitia-120-cm\/#local-main-organization-logo","url":"https:\/\/www.eliassen.nl\/wp-content\/uploads\/2024\/01\/logo_4nd.jpg","contentUrl":"https:\/\/www.eliassen.nl\/wp-content\/uploads\/2024\/01\/logo_4nd.jpg","width":500,"height":500,"caption":"Eliassen Home & Garden Pleasure"}]},"product_price_amount":"1500.00","product_price_currency":"EUR","og_availability":"backorder","product_availability":"available for order","product_retailer_item_id":"Lv198","product_condition":"new"},"df_price":1500,"df_sale_price":"","df_regular_price":1500,"df_image_link":"https:\/\/www.eliassen.nl\/wp-content\/uploads\/2024\/10\/vrouwejustitiabrons120cmeliassennllv198.jpg","image":"https:\/\/www.eliassen.nl\/wp-content\/uploads\/2024\/10\/vrouwejustitiabrons120cmeliassennllv198.jpg","price_search":"<span class=\"woocommerce-Price-amount amount\"><bdi><span class=\"woocommerce-Price-currencySymbol\">&euro;<\/span>&nbsp;1.500,00<\/bdi><\/span>","category":"Andere Bronzestatuen","global_unique_id":"6096520074069","_links":{"self":[{"href":"https:\/\/www.eliassen.nl\/de\/wp-json\/wp\/v2\/product\/150704","targetHints":{"allow":["GET"]}}],"collection":[{"href":"https:\/\/www.eliassen.nl\/de\/wp-json\/wp\/v2\/product"}],"about":[{"href":"https:\/\/www.eliassen.nl\/de\/wp-json\/wp\/v2\/types\/product"}],"wp:featuredmedia":[{"embeddable":true,"href":"https:\/\/www.eliassen.nl\/de\/wp-json\/wp\/v2\/media\/150701"}],"wp:attachment":[{"href":"https:\/\/www.eliassen.nl\/de\/wp-json\/wp\/v2\/media?parent=150704"}],"wp:term":[{"taxonomy":"product_brand","embeddable":true,"href":"https:\/\/www.eliassen.nl\/de\/wp-json\/wp\/v2\/product_brand?post=150704"},{"taxonomy":"product_cat","embeddable":true,"href":"https:\/\/www.eliassen.nl\/de\/wp-json\/wp\/v2\/product_cat?post=150704"},{"taxonomy":"product_tag","embeddable":true,"href":"https:\/\/www.eliassen.nl\/de\/wp-json\/wp\/v2\/product_tag?post=150704"}],"curies":[{"name":"wp","href":"https:\/\/api.w.org\/{rel}","templated":true}]}}