{"id":150680,"date":"2024-02-16T14:45:12","date_gmt":"2024-02-16T14:45:12","guid":{"rendered":"https:\/\/www.eliassen.nl\/?product=beeld-brons-liggende-hazewind-hond-105cm"},"modified":"2026-01-16T15:22:16","modified_gmt":"2026-01-16T14:22:16","slug":"skulptur-aus-bronze-liegender-windhund-105cm","status":"publish","type":"product","link":"https:\/\/www.eliassen.nl\/de\/skulptur-aus-bronze-liegender-windhund-105cm\/","title":{"rendered":"Statue Bronze liegender Windhund Hund 105cm"},"content":{"rendered":"<p>Diese klassische Bronzestatue eines liegenden Hasenwolfs ist ca. 90x11x95cm hoch und wurde im sogenannten Wachsausschmelzverfahren handgefertigt.<\/p>\n<p>Dies geschieht folgenderma\u00dfen: Ein Wachsmodell wird in eine feuerfeste Masse wie Ton eingebettet. Danach wird das Wachs ausgeschmolzen und die Form getrocknet. In den entstandenen Hohlraum wird dann Bronze gegossen. Nach dem Abk\u00fchlen wird die Form demontiert und die \u00d6ffnung, durch die die Bronze in die Form gegossen wurde, abges\u00e4gt, so dass die Skulptur \u00fcbrig bleibt. Zum Schluss wird die Skulptur fertiggestellt, indem L\u00f6cher gestopft, Unreinheiten weggeschliffen und mit einer S\u00e4ure gef\u00e4rbt werden. Gr\u00f6\u00dfere Bronzeskulpturen werden in Teilen gegossen, dann zusammengeschwei\u00dft und anschlie\u00dfend glatt geschliffen.<\/p>\n<p>Bronze ist eine Legierung aus Kupfer und Zinn. Je h\u00f6her der Kupfergehalt ist, desto hochwertiger ist die Bronze. Diese Skulptur hat einen Mindestkupfergehalt von 75%, was eine lange Lebensdauer garantiert.<\/p>\n<p>Diese Bronzeskulptur f\u00fcr den Au\u00dfenbereich kann auf jeder ebenen Fl\u00e4che aufgestellt werden. Viele Modelle werden mit einem M8-Gewindeanschluss geliefert, mit dem die Skulptur befestigt werden kann. Falls nicht vorhanden, kann jedes Bild mit einem guten Montagesatz befestigt werden. Im Freien wird die Farbe von Bronzestatuen etwas stumpfer; Sie k\u00f6nnen sie wieder zum Gl\u00e4nzen bringen, indem Sie sie mit Bienenwachs pflegen.<\/p>\n<p>Oft werden Bronzeskulpturen auf einen passenden Sockel gestellt. Wir haben auch eine gro\u00dfe Auswahl an Sockeln und Sockelleisten, so dass Sie eine sch\u00f6ne Kombination schaffen k\u00f6nnen.<\/p>\n<ul>\n<li>\n<p>Gr\u00f6\u00dfe: 21x105x41cm hoch<\/p>\n<\/li>\n<li>\n<p>Material: Bronze<\/p>\n<\/li>\n<li>\n<p>Schnelle Lieferung<\/p>\n<\/li>\n<li><strong>Sehr viele aus dieser Serie von Bronzeskulpturen sind auch live in unserem Shop zu sehen<\/strong><\/li>\n<\/ul>\n","protected":false},"excerpt":{"rendered":"<p>\u2713 21x105x41cm \u2713 Bronze \u2713 Handgefertigt<\/p>\n","protected":false},"featured_media":150677,"template":"","meta":{"_acf_changed":false,"_genesis_title":"","_genesis_description":""},"product_brand":[7505],"product_cat":[613,635,7239],"product_tag":[],"class_list":{"0":"post-150680","1":"product","2":"type-product","3":"status-publish","4":"has-post-thumbnail","6":"product_brand-sonstige","7":"product_cat-bronzestatuen","8":"product_cat-tierstatuen-aus-bronze","9":"product_cat-bilder","11":"first","12":"onbackorder","13":"taxable","14":"shipping-taxable","15":"purchasable","16":"product-type-simple"},"acf":[],"meta_all":{"total_sales":"1","wcml_sync_hash":{"postmeta_fields":"de05578772d4fc359852dcab8734eb53"},"attr_label_translations":[]},"meta_all_flat":{"total_sales":"1","wcml_sync_hash.postmeta_fields":"de05578772d4fc359852dcab8734eb53"},"yoast_head":"<!-- This site is optimized with the Yoast SEO Premium plugin v26.2 (Yoast SEO v27.2) - https:\/\/yoast.com\/product\/yoast-seo-premium-wordpress\/ -->\n<title>Statue Bronze liegender Windhund Hund 105cm - Eliassen.nl<\/title>\n<meta name=\"description\" content=\"Dieser liegende Hasenwolf-Hund ist handgefertigt und hat eine braune Farbe. Die Skulptur ist aus Bronze gefertigt und sehr detailliert. Schnelle Lieferung.\" \/>\n<meta name=\"robots\" content=\"index, follow, max-snippet:-1, max-image-preview:large, max-video-preview:-1\" \/>\n<link rel=\"canonical\" href=\"https:\/\/www.eliassen.nl\/de\/skulptur-aus-bronze-liegender-windhund-105cm\/\" \/>\n<meta property=\"og:locale\" content=\"de_DE\" \/>\n<meta property=\"og:type\" content=\"article\" \/>\n<meta property=\"og:title\" content=\"Sonstige Statue Bronze liegender Windhund Hund 105cm - Eliassen.nl\" \/>\n<meta property=\"og:description\" content=\"Dieser liegende Hasenwolf-Hund ist handgefertigt und hat eine braune Farbe. Die Skulptur ist aus Bronze gefertigt und sehr detailliert. Schnelle Lieferung.\" \/>\n<meta property=\"og:url\" content=\"https:\/\/www.eliassen.nl\/de\/skulptur-aus-bronze-liegender-windhund-105cm\/\" \/>\n<meta property=\"og:site_name\" content=\"Eliassen.nl\" \/>\n<meta property=\"article:publisher\" content=\"https:\/\/www.facebook.com\/TuincentrumEliassenAmmerzoden\" \/>\n<meta property=\"article:modified_time\" content=\"2026-01-16T14:22:16+00:00\" \/>\n<meta property=\"og:image\" content=\"https:\/\/www.eliassen.nl\/wp-content\/uploads\/2024\/10\/beeldbronshondhazewindeliassennllv131.jpg\" \/>\n\t<meta property=\"og:image:width\" content=\"1181\" \/>\n\t<meta property=\"og:image:height\" content=\"787\" \/>\n\t<meta property=\"og:image:type\" content=\"image\/jpeg\" \/>\n<meta name=\"twitter:card\" content=\"summary_large_image\" \/>\n<script type=\"application\/ld+json\" class=\"yoast-schema-graph\">{\"@context\":\"https:\/\/schema.org\",\"@graph\":[{\"@type\":\"WebPage\",\"@id\":\"https:\/\/www.eliassen.nl\/de\/skulptur-aus-bronze-liegender-windhund-105cm\/\",\"url\":\"https:\/\/www.eliassen.nl\/de\/skulptur-aus-bronze-liegender-windhund-105cm\/\",\"name\":\"Statue Bronze liegender Windhund Hund 105cm - Eliassen.nl\",\"isPartOf\":{\"@id\":\"https:\/\/www.eliassen.nl\/de\/#website\"},\"primaryImageOfPage\":{\"@id\":\"https:\/\/www.eliassen.nl\/de\/skulptur-aus-bronze-liegender-windhund-105cm\/#primaryimage\"},\"image\":{\"@id\":\"https:\/\/www.eliassen.nl\/de\/skulptur-aus-bronze-liegender-windhund-105cm\/#primaryimage\"},\"thumbnailUrl\":\"https:\/\/www.eliassen.nl\/wp-content\/uploads\/2024\/10\/beeldbronshondhazewindeliassennllv131.jpg\",\"datePublished\":\"2024-02-16T14:45:12+00:00\",\"dateModified\":\"2026-01-16T14:22:16+00:00\",\"description\":\"Dieser liegende Hasenwolf-Hund ist handgefertigt und hat eine braune Farbe. Die Skulptur ist aus Bronze gefertigt und sehr detailliert. Schnelle Lieferung.\",\"breadcrumb\":{\"@id\":\"https:\/\/www.eliassen.nl\/de\/skulptur-aus-bronze-liegender-windhund-105cm\/#breadcrumb\"},\"inLanguage\":\"de\",\"potentialAction\":[{\"@type\":\"ReadAction\",\"target\":[\"https:\/\/www.eliassen.nl\/de\/skulptur-aus-bronze-liegender-windhund-105cm\/\"]}]},{\"@type\":\"ImageObject\",\"inLanguage\":\"de\",\"@id\":\"https:\/\/www.eliassen.nl\/de\/skulptur-aus-bronze-liegender-windhund-105cm\/#primaryimage\",\"url\":\"https:\/\/www.eliassen.nl\/wp-content\/uploads\/2024\/10\/beeldbronshondhazewindeliassennllv131.jpg\",\"contentUrl\":\"https:\/\/www.eliassen.nl\/wp-content\/uploads\/2024\/10\/beeldbronshondhazewindeliassennllv131.jpg\",\"width\":1181,\"height\":787,\"caption\":\"Skulptur Bronze Hund Windhund Eliassen.nl LV131\"},{\"@type\":\"BreadcrumbList\",\"@id\":\"https:\/\/www.eliassen.nl\/de\/skulptur-aus-bronze-liegender-windhund-105cm\/#breadcrumb\",\"itemListElement\":[{\"@type\":\"ListItem\",\"position\":1,\"name\":\"Home\",\"item\":\"https:\/\/www.eliassen.nl\/de\/\"},{\"@type\":\"ListItem\",\"position\":2,\"name\":\"Shop\",\"item\":\"https:\/\/www.eliassen.nl\/de\/shop\/\"},{\"@type\":\"ListItem\",\"position\":3,\"name\":\"Bronzestatuen\",\"item\":\"https:\/\/www.eliassen.nl\/de\/bronzestatuen\/\"},{\"@type\":\"ListItem\",\"position\":4,\"name\":\"Tierstatuen aus Bronze\",\"item\":\"https:\/\/www.eliassen.nl\/de\/bilder\/bronzestatuen\/tierstatuen-aus-bronze\/\"},{\"@type\":\"ListItem\",\"position\":5,\"name\":\"Statue Bronze liegender Windhund Hund 105cm\"}]},{\"@type\":\"WebSite\",\"@id\":\"https:\/\/www.eliassen.nl\/de\/#website\",\"url\":\"https:\/\/www.eliassen.nl\/de\/\",\"name\":\"Eliassen Home & Garden Pleasure\",\"description\":\"\",\"publisher\":{\"@id\":\"https:\/\/www.eliassen.nl\/de\/#organization\"},\"alternateName\":\"Eliassen.nl\",\"potentialAction\":[{\"@type\":\"SearchAction\",\"target\":{\"@type\":\"EntryPoint\",\"urlTemplate\":\"https:\/\/www.eliassen.nl\/de\/?s={search_term_string}\"},\"query-input\":{\"@type\":\"PropertyValueSpecification\",\"valueRequired\":true,\"valueName\":\"search_term_string\"}}],\"inLanguage\":\"de\"},{\"@type\":[\"Organization\",\"Place\"],\"@id\":\"https:\/\/www.eliassen.nl\/de\/#organization\",\"name\":\"Eliassen Home & Garden Pleasure\",\"url\":\"https:\/\/www.eliassen.nl\/de\/\",\"logo\":{\"@id\":\"https:\/\/www.eliassen.nl\/de\/skulptur-aus-bronze-liegender-windhund-105cm\/#local-main-organization-logo\"},\"image\":{\"@id\":\"https:\/\/www.eliassen.nl\/de\/skulptur-aus-bronze-liegender-windhund-105cm\/#local-main-organization-logo\"},\"sameAs\":[\"https:\/\/www.facebook.com\/TuincentrumEliassenAmmerzoden\",\"https:\/\/www.instagram.com\/eliassenhomeandgarden\/\",\"https:\/\/nl.pinterest.com\/eliassenhomeandgarden\/\",\"https:\/\/www.youtube.com\/@eliassenhomegardenpleasure4558\"],\"telephone\":[],\"openingHoursSpecification\":[{\"@type\":\"OpeningHoursSpecification\",\"dayOfWeek\":[\"Monday\",\"Tuesday\",\"Wednesday\",\"Thursday\",\"Friday\",\"Saturday\",\"Sunday\"],\"opens\":\"09:00\",\"closes\":\"17:00\"}]},{\"@type\":\"ImageObject\",\"inLanguage\":\"de\",\"@id\":\"https:\/\/www.eliassen.nl\/de\/skulptur-aus-bronze-liegender-windhund-105cm\/#local-main-organization-logo\",\"url\":\"https:\/\/www.eliassen.nl\/wp-content\/uploads\/2024\/01\/logo_4nd.jpg\",\"contentUrl\":\"https:\/\/www.eliassen.nl\/wp-content\/uploads\/2024\/01\/logo_4nd.jpg\",\"width\":500,\"height\":500,\"caption\":\"Eliassen Home & Garden Pleasure\"}]}<\/script>\n<meta property=\"product:price:amount\" content=\"999.00\" \/>\n<meta property=\"product:price:currency\" content=\"EUR\" \/>\n<meta property=\"og:availability\" content=\"backorder\" \/>\n<meta property=\"product:availability\" content=\"available for order\" \/>\n<meta property=\"product:retailer_item_id\" content=\"Lv131\" \/>\n<meta property=\"product:condition\" content=\"new\" \/>\n<!-- \/ Yoast SEO Premium plugin. -->","yoast_head_json":{"title":"Statue Bronze liegender Windhund Hund 105cm - Eliassen.nl","description":"Dieser liegende Hasenwolf-Hund ist handgefertigt und hat eine braune Farbe. Die Skulptur ist aus Bronze gefertigt und sehr detailliert. Schnelle Lieferung.","robots":{"index":"index","follow":"follow","max-snippet":"max-snippet:-1","max-image-preview":"max-image-preview:large","max-video-preview":"max-video-preview:-1"},"canonical":"https:\/\/www.eliassen.nl\/de\/skulptur-aus-bronze-liegender-windhund-105cm\/","og_locale":"de_DE","og_type":"article","og_title":"Sonstige Statue Bronze liegender Windhund Hund 105cm - Eliassen.nl","og_description":"Dieser liegende Hasenwolf-Hund ist handgefertigt und hat eine braune Farbe. Die Skulptur ist aus Bronze gefertigt und sehr detailliert. Schnelle Lieferung.","og_url":"https:\/\/www.eliassen.nl\/de\/skulptur-aus-bronze-liegender-windhund-105cm\/","og_site_name":"Eliassen.nl","article_publisher":"https:\/\/www.facebook.com\/TuincentrumEliassenAmmerzoden","article_modified_time":"2026-01-16T14:22:16+00:00","og_image":[{"width":1181,"height":787,"url":"https:\/\/www.eliassen.nl\/wp-content\/uploads\/2024\/10\/beeldbronshondhazewindeliassennllv131.jpg","type":"image\/jpeg"}],"twitter_card":"summary_large_image","schema":{"@context":"https:\/\/schema.org","@graph":[{"@type":"WebPage","@id":"https:\/\/www.eliassen.nl\/de\/skulptur-aus-bronze-liegender-windhund-105cm\/","url":"https:\/\/www.eliassen.nl\/de\/skulptur-aus-bronze-liegender-windhund-105cm\/","name":"Statue Bronze liegender Windhund Hund 105cm - Eliassen.nl","isPartOf":{"@id":"https:\/\/www.eliassen.nl\/de\/#website"},"primaryImageOfPage":{"@id":"https:\/\/www.eliassen.nl\/de\/skulptur-aus-bronze-liegender-windhund-105cm\/#primaryimage"},"image":{"@id":"https:\/\/www.eliassen.nl\/de\/skulptur-aus-bronze-liegender-windhund-105cm\/#primaryimage"},"thumbnailUrl":"https:\/\/www.eliassen.nl\/wp-content\/uploads\/2024\/10\/beeldbronshondhazewindeliassennllv131.jpg","datePublished":"2024-02-16T14:45:12+00:00","dateModified":"2026-01-16T14:22:16+00:00","description":"Dieser liegende Hasenwolf-Hund ist handgefertigt und hat eine braune Farbe. Die Skulptur ist aus Bronze gefertigt und sehr detailliert. Schnelle Lieferung.","breadcrumb":{"@id":"https:\/\/www.eliassen.nl\/de\/skulptur-aus-bronze-liegender-windhund-105cm\/#breadcrumb"},"inLanguage":"de","potentialAction":[{"@type":"ReadAction","target":["https:\/\/www.eliassen.nl\/de\/skulptur-aus-bronze-liegender-windhund-105cm\/"]}]},{"@type":"ImageObject","inLanguage":"de","@id":"https:\/\/www.eliassen.nl\/de\/skulptur-aus-bronze-liegender-windhund-105cm\/#primaryimage","url":"https:\/\/www.eliassen.nl\/wp-content\/uploads\/2024\/10\/beeldbronshondhazewindeliassennllv131.jpg","contentUrl":"https:\/\/www.eliassen.nl\/wp-content\/uploads\/2024\/10\/beeldbronshondhazewindeliassennllv131.jpg","width":1181,"height":787,"caption":"Skulptur Bronze Hund Windhund Eliassen.nl LV131"},{"@type":"BreadcrumbList","@id":"https:\/\/www.eliassen.nl\/de\/skulptur-aus-bronze-liegender-windhund-105cm\/#breadcrumb","itemListElement":[{"@type":"ListItem","position":1,"name":"Home","item":"https:\/\/www.eliassen.nl\/de\/"},{"@type":"ListItem","position":2,"name":"Shop","item":"https:\/\/www.eliassen.nl\/de\/shop\/"},{"@type":"ListItem","position":3,"name":"Bronzestatuen","item":"https:\/\/www.eliassen.nl\/de\/bronzestatuen\/"},{"@type":"ListItem","position":4,"name":"Tierstatuen aus Bronze","item":"https:\/\/www.eliassen.nl\/de\/bilder\/bronzestatuen\/tierstatuen-aus-bronze\/"},{"@type":"ListItem","position":5,"name":"Statue Bronze liegender Windhund Hund 105cm"}]},{"@type":"WebSite","@id":"https:\/\/www.eliassen.nl\/de\/#website","url":"https:\/\/www.eliassen.nl\/de\/","name":"Eliassen Home & Garden Pleasure","description":"","publisher":{"@id":"https:\/\/www.eliassen.nl\/de\/#organization"},"alternateName":"Eliassen.nl","potentialAction":[{"@type":"SearchAction","target":{"@type":"EntryPoint","urlTemplate":"https:\/\/www.eliassen.nl\/de\/?s={search_term_string}"},"query-input":{"@type":"PropertyValueSpecification","valueRequired":true,"valueName":"search_term_string"}}],"inLanguage":"de"},{"@type":["Organization","Place"],"@id":"https:\/\/www.eliassen.nl\/de\/#organization","name":"Eliassen Home & Garden Pleasure","url":"https:\/\/www.eliassen.nl\/de\/","logo":{"@id":"https:\/\/www.eliassen.nl\/de\/skulptur-aus-bronze-liegender-windhund-105cm\/#local-main-organization-logo"},"image":{"@id":"https:\/\/www.eliassen.nl\/de\/skulptur-aus-bronze-liegender-windhund-105cm\/#local-main-organization-logo"},"sameAs":["https:\/\/www.facebook.com\/TuincentrumEliassenAmmerzoden","https:\/\/www.instagram.com\/eliassenhomeandgarden\/","https:\/\/nl.pinterest.com\/eliassenhomeandgarden\/","https:\/\/www.youtube.com\/@eliassenhomegardenpleasure4558"],"telephone":[],"openingHoursSpecification":[{"@type":"OpeningHoursSpecification","dayOfWeek":["Monday","Tuesday","Wednesday","Thursday","Friday","Saturday","Sunday"],"opens":"09:00","closes":"17:00"}]},{"@type":"ImageObject","inLanguage":"de","@id":"https:\/\/www.eliassen.nl\/de\/skulptur-aus-bronze-liegender-windhund-105cm\/#local-main-organization-logo","url":"https:\/\/www.eliassen.nl\/wp-content\/uploads\/2024\/01\/logo_4nd.jpg","contentUrl":"https:\/\/www.eliassen.nl\/wp-content\/uploads\/2024\/01\/logo_4nd.jpg","width":500,"height":500,"caption":"Eliassen Home & Garden Pleasure"}]},"product_price_amount":"999.00","product_price_currency":"EUR","og_availability":"backorder","product_availability":"available for order","product_retailer_item_id":"Lv131","product_condition":"new"},"df_price":999,"df_sale_price":"","df_regular_price":999,"df_image_link":"https:\/\/www.eliassen.nl\/wp-content\/uploads\/2024\/10\/beeldbronshondhazewindeliassennllv131.jpg","image":"https:\/\/www.eliassen.nl\/wp-content\/uploads\/2024\/10\/beeldbronshondhazewindeliassennllv131.jpg","price_search":"<span class=\"woocommerce-Price-amount amount\"><bdi><span class=\"woocommerce-Price-currencySymbol\">&euro;<\/span>&nbsp;999,00<\/bdi><\/span>","category":"Bronzestatuen","global_unique_id":"6096533679626","_links":{"self":[{"href":"https:\/\/www.eliassen.nl\/de\/wp-json\/wp\/v2\/product\/150680","targetHints":{"allow":["GET"]}}],"collection":[{"href":"https:\/\/www.eliassen.nl\/de\/wp-json\/wp\/v2\/product"}],"about":[{"href":"https:\/\/www.eliassen.nl\/de\/wp-json\/wp\/v2\/types\/product"}],"wp:featuredmedia":[{"embeddable":true,"href":"https:\/\/www.eliassen.nl\/de\/wp-json\/wp\/v2\/media\/150677"}],"wp:attachment":[{"href":"https:\/\/www.eliassen.nl\/de\/wp-json\/wp\/v2\/media?parent=150680"}],"wp:term":[{"taxonomy":"product_brand","embeddable":true,"href":"https:\/\/www.eliassen.nl\/de\/wp-json\/wp\/v2\/product_brand?post=150680"},{"taxonomy":"product_cat","embeddable":true,"href":"https:\/\/www.eliassen.nl\/de\/wp-json\/wp\/v2\/product_cat?post=150680"},{"taxonomy":"product_tag","embeddable":true,"href":"https:\/\/www.eliassen.nl\/de\/wp-json\/wp\/v2\/product_tag?post=150680"}],"curies":[{"name":"wp","href":"https:\/\/api.w.org\/{rel}","templated":true}]}}