{"id":150578,"date":"2024-02-16T11:12:48","date_gmt":"2024-02-16T11:12:48","guid":{"rendered":"https:\/\/www.eliassen.nl\/?product=waterval-bonorva-127cm"},"modified":"2026-02-03T13:48:28","modified_gmt":"2026-02-03T12:48:28","slug":"wasserfall-bonorva-127cm","status":"publish","type":"product","link":"https:\/\/www.eliassen.nl\/de\/wasserfall-bonorva-127cm\/","title":{"rendered":"Wasserfall Bonorva 127cm"},"content":{"rendered":"<p>Ein echter Blickfang f\u00fcr Ihren Garten, Ihr Haus oder Ihr Gesch\u00e4ft ist dieser beeindruckend nachgebildete felsige Wasserlauf mit nat\u00fcrlichem Aussehen. Besonders unter Pflanzen ist dieser Wasserlauf eine sch\u00f6ne Gartenverzierung, die mit ihrer Umgebung eins wird. Dieser 127 cm hohe Wasserfall ist an 4 Stellen mit LEDs beleuchtet und bietet so ein wundersch\u00f6nes Schauspiel in der Dunkelheit.<br \/>\nDieser Wasserfall von Ubbink Outside living speichert sein Wasser selbst, so dass kein Graben erforderlich ist.  <strong>M\u00f6chten Sie dieses Modell live sehen? Vereinbaren Sie einen Termin mit uns, um das zu arrangieren!<\/strong><\/p>\n<p><strong>Haben Sie anderswo einen niedrigeren Preis gesehen? Wir erstatten Ihnen die Differenz nach dem Kauf! (ausgenommen Werbeaktionen)<\/strong><\/p>\n<ul>\n<li>Material: Polyresin<\/li>\n<li>Gewicht: 38 kg<\/li>\n<li>Gr\u00f6\u00dfe Ornament: 51x69x127cm hoch<\/li>\n<li>Kann ohne Graben installiert werden<\/li>\n<li>Mit Licht :ja an 7 Stellen LEDs und Pumpe 3900 Liter<\/li>\n<li>Mit verschiedenen Farbfenstern f\u00fcr die LEDs<\/li>\n<li>Kabell\u00e4nge Pumpe; 10 mtr<\/li>\n<li>Garantie: 1 Jahr<\/li>\n<li>Bei Frost entfernen Sie das Wasser\/<\/li>\n<li>Schnelle Lieferung<\/li>\n<\/ul>\n","protected":false},"excerpt":{"rendered":"<p>Gro\u00dfer Wasserfall mit 7 LEDs<\/p>\n<p>&nbsp;<\/p>\n","protected":false},"featured_media":150563,"template":"","meta":{"_acf_changed":false,"_genesis_title":"","_genesis_description":""},"product_brand":[6952],"product_cat":[575,578,536,581],"product_tag":[],"class_list":{"0":"post-150578","1":"product","2":"type-product","3":"status-publish","4":"has-post-thumbnail","6":"product_brand-acqua-arte-de","7":"product_cat-ubbink-wasserspiele","8":"product_cat-wasserfaelle-und-wasserschalen","9":"product_cat-wassereigenschaften","10":"product_cat-wasserspiele-aus-kunststoff","12":"first","13":"instock","14":"taxable","15":"shipping-taxable","16":"purchasable","17":"product-type-simple"},"acf":[],"meta_all":{"wcml_sync_hash":{"postmeta_fields":"75f63e56888268b484baa66f3282b579"},"attr_label_translations":[],"total_sales":"13","cor_restricted_countries":[]},"meta_all_flat":{"wcml_sync_hash.postmeta_fields":"75f63e56888268b484baa66f3282b579","total_sales":"13"},"yoast_head":"<!-- This site is optimized with the Yoast SEO Premium plugin v26.2 (Yoast SEO v27.2) - https:\/\/yoast.com\/product\/yoast-seo-premium-wordpress\/ -->\n<title>Wasserfall Bonorva 127cm<\/title>\n<meta name=\"description\" content=\"Ubbink Wasserf\u00e4lle, bei Eliassen haben sie viele Outside Living Modelle auf Lager, besuchen Sie unseren Webshop, auch Live-Besichtigung nach Vereinbarung !!!\" \/>\n<meta name=\"robots\" content=\"index, follow, max-snippet:-1, max-image-preview:large, max-video-preview:-1\" \/>\n<link rel=\"canonical\" href=\"https:\/\/www.eliassen.nl\/de\/wasserfall-bonorva-127cm\/\" \/>\n<meta property=\"og:locale\" content=\"de_DE\" \/>\n<meta property=\"og:type\" content=\"article\" \/>\n<meta property=\"og:title\" content=\"Acqua Arte Wasserfall Bonorva 127cm - Eliassen.nl\" \/>\n<meta property=\"og:description\" content=\"Ubbink Wasserf\u00e4lle, bei Eliassen haben sie viele Outside Living Modelle auf Lager, besuchen Sie unseren Webshop, auch Live-Besichtigung nach Vereinbarung !!!\" \/>\n<meta property=\"og:url\" content=\"https:\/\/www.eliassen.nl\/de\/wasserfall-bonorva-127cm\/\" \/>\n<meta property=\"og:site_name\" content=\"Eliassen.nl\" \/>\n<meta property=\"article:publisher\" content=\"https:\/\/www.facebook.com\/TuincentrumEliassenAmmerzoden\" \/>\n<meta property=\"article:modified_time\" content=\"2026-02-03T12:48:28+00:00\" \/>\n<meta property=\"og:image\" content=\"https:\/\/www.eliassen.nl\/wp-content\/uploads\/2024\/10\/acquaartewaterornamentbonorvaeliassennl.jpg\" \/>\n\t<meta property=\"og:image:width\" content=\"1366\" \/>\n\t<meta property=\"og:image:height\" content=\"2048\" \/>\n\t<meta property=\"og:image:type\" content=\"image\/jpeg\" \/>\n<meta name=\"twitter:card\" content=\"summary_large_image\" \/>\n<script type=\"application\/ld+json\" class=\"yoast-schema-graph\">{\"@context\":\"https:\/\/schema.org\",\"@graph\":[{\"@type\":\"WebPage\",\"@id\":\"https:\/\/www.eliassen.nl\/de\/wasserfall-bonorva-127cm\/\",\"url\":\"https:\/\/www.eliassen.nl\/de\/wasserfall-bonorva-127cm\/\",\"name\":\"Wasserfall Bonorva 127cm\",\"isPartOf\":{\"@id\":\"https:\/\/www.eliassen.nl\/de\/#website\"},\"primaryImageOfPage\":{\"@id\":\"https:\/\/www.eliassen.nl\/de\/wasserfall-bonorva-127cm\/#primaryimage\"},\"image\":{\"@id\":\"https:\/\/www.eliassen.nl\/de\/wasserfall-bonorva-127cm\/#primaryimage\"},\"thumbnailUrl\":\"https:\/\/www.eliassen.nl\/wp-content\/uploads\/2024\/10\/acquaartewaterornamentbonorvaeliassennl.jpg\",\"datePublished\":\"2024-02-16T11:12:48+00:00\",\"dateModified\":\"2026-02-03T12:48:28+00:00\",\"description\":\"Ubbink Wasserf\u00e4lle, bei Eliassen haben sie viele Outside Living Modelle auf Lager, besuchen Sie unseren Webshop, auch Live-Besichtigung nach Vereinbarung !!!\",\"breadcrumb\":{\"@id\":\"https:\/\/www.eliassen.nl\/de\/wasserfall-bonorva-127cm\/#breadcrumb\"},\"inLanguage\":\"de\",\"potentialAction\":[{\"@type\":\"ReadAction\",\"target\":[\"https:\/\/www.eliassen.nl\/de\/wasserfall-bonorva-127cm\/\"]}]},{\"@type\":\"ImageObject\",\"inLanguage\":\"de\",\"@id\":\"https:\/\/www.eliassen.nl\/de\/wasserfall-bonorva-127cm\/#primaryimage\",\"url\":\"https:\/\/www.eliassen.nl\/wp-content\/uploads\/2024\/10\/acquaartewaterornamentbonorvaeliassennl.jpg\",\"contentUrl\":\"https:\/\/www.eliassen.nl\/wp-content\/uploads\/2024\/10\/acquaartewaterornamentbonorvaeliassennl.jpg\",\"width\":1366,\"height\":2048,\"caption\":\"Acqua arte Wasser-Ornament Bonorva Eliassen.nl\"},{\"@type\":\"BreadcrumbList\",\"@id\":\"https:\/\/www.eliassen.nl\/de\/wasserfall-bonorva-127cm\/#breadcrumb\",\"itemListElement\":[{\"@type\":\"ListItem\",\"position\":1,\"name\":\"Home\",\"item\":\"https:\/\/www.eliassen.nl\/de\/\"},{\"@type\":\"ListItem\",\"position\":2,\"name\":\"Shop\",\"item\":\"https:\/\/www.eliassen.nl\/de\/shop\/\"},{\"@type\":\"ListItem\",\"position\":3,\"name\":\"Wasserspiele\",\"item\":\"https:\/\/www.eliassen.nl\/de\/wassereigenschaften\/\"},{\"@type\":\"ListItem\",\"position\":4,\"name\":\"Ubbink-Wasserspiele\",\"item\":\"https:\/\/www.eliassen.nl\/de\/wassereigenschaften\/ubbink-wasserspiele\/\"},{\"@type\":\"ListItem\",\"position\":5,\"name\":\"Wasserfall Bonorva 127cm\"}]},{\"@type\":\"WebSite\",\"@id\":\"https:\/\/www.eliassen.nl\/de\/#website\",\"url\":\"https:\/\/www.eliassen.nl\/de\/\",\"name\":\"Eliassen Home & Garden Pleasure\",\"description\":\"\",\"publisher\":{\"@id\":\"https:\/\/www.eliassen.nl\/de\/#organization\"},\"alternateName\":\"Eliassen.nl\",\"potentialAction\":[{\"@type\":\"SearchAction\",\"target\":{\"@type\":\"EntryPoint\",\"urlTemplate\":\"https:\/\/www.eliassen.nl\/de\/?s={search_term_string}\"},\"query-input\":{\"@type\":\"PropertyValueSpecification\",\"valueRequired\":true,\"valueName\":\"search_term_string\"}}],\"inLanguage\":\"de\"},{\"@type\":[\"Organization\",\"Place\"],\"@id\":\"https:\/\/www.eliassen.nl\/de\/#organization\",\"name\":\"Eliassen Home & Garden Pleasure\",\"url\":\"https:\/\/www.eliassen.nl\/de\/\",\"logo\":{\"@id\":\"https:\/\/www.eliassen.nl\/de\/wasserfall-bonorva-127cm\/#local-main-organization-logo\"},\"image\":{\"@id\":\"https:\/\/www.eliassen.nl\/de\/wasserfall-bonorva-127cm\/#local-main-organization-logo\"},\"sameAs\":[\"https:\/\/www.facebook.com\/TuincentrumEliassenAmmerzoden\",\"https:\/\/www.instagram.com\/eliassenhomeandgarden\/\",\"https:\/\/nl.pinterest.com\/eliassenhomeandgarden\/\",\"https:\/\/www.youtube.com\/@eliassenhomegardenpleasure4558\"],\"telephone\":[],\"openingHoursSpecification\":[{\"@type\":\"OpeningHoursSpecification\",\"dayOfWeek\":[\"Monday\",\"Tuesday\",\"Wednesday\",\"Thursday\",\"Friday\",\"Saturday\",\"Sunday\"],\"opens\":\"09:00\",\"closes\":\"17:00\"}]},{\"@type\":\"ImageObject\",\"inLanguage\":\"de\",\"@id\":\"https:\/\/www.eliassen.nl\/de\/wasserfall-bonorva-127cm\/#local-main-organization-logo\",\"url\":\"https:\/\/www.eliassen.nl\/wp-content\/uploads\/2024\/01\/logo_4nd.jpg\",\"contentUrl\":\"https:\/\/www.eliassen.nl\/wp-content\/uploads\/2024\/01\/logo_4nd.jpg\",\"width\":500,\"height\":500,\"caption\":\"Eliassen Home & Garden Pleasure\"}]}<\/script>\n<meta property=\"product:price:amount\" content=\"699.00\" \/>\n<meta property=\"product:price:currency\" content=\"EUR\" \/>\n<meta property=\"og:availability\" content=\"instock\" \/>\n<meta property=\"product:availability\" content=\"instock\" \/>\n<meta property=\"product:retailer_item_id\" content=\"1387173\" \/>\n<meta property=\"product:condition\" content=\"new\" \/>\n<!-- \/ Yoast SEO Premium plugin. -->","yoast_head_json":{"title":"Wasserfall Bonorva 127cm","description":"Ubbink Wasserf\u00e4lle, bei Eliassen haben sie viele Outside Living Modelle auf Lager, besuchen Sie unseren Webshop, auch Live-Besichtigung nach Vereinbarung !!!","robots":{"index":"index","follow":"follow","max-snippet":"max-snippet:-1","max-image-preview":"max-image-preview:large","max-video-preview":"max-video-preview:-1"},"canonical":"https:\/\/www.eliassen.nl\/de\/wasserfall-bonorva-127cm\/","og_locale":"de_DE","og_type":"article","og_title":"Acqua Arte Wasserfall Bonorva 127cm - Eliassen.nl","og_description":"Ubbink Wasserf\u00e4lle, bei Eliassen haben sie viele Outside Living Modelle auf Lager, besuchen Sie unseren Webshop, auch Live-Besichtigung nach Vereinbarung !!!","og_url":"https:\/\/www.eliassen.nl\/de\/wasserfall-bonorva-127cm\/","og_site_name":"Eliassen.nl","article_publisher":"https:\/\/www.facebook.com\/TuincentrumEliassenAmmerzoden","article_modified_time":"2026-02-03T12:48:28+00:00","og_image":[{"width":1366,"height":2048,"url":"https:\/\/www.eliassen.nl\/wp-content\/uploads\/2024\/10\/acquaartewaterornamentbonorvaeliassennl.jpg","type":"image\/jpeg"}],"twitter_card":"summary_large_image","schema":{"@context":"https:\/\/schema.org","@graph":[{"@type":"WebPage","@id":"https:\/\/www.eliassen.nl\/de\/wasserfall-bonorva-127cm\/","url":"https:\/\/www.eliassen.nl\/de\/wasserfall-bonorva-127cm\/","name":"Wasserfall Bonorva 127cm","isPartOf":{"@id":"https:\/\/www.eliassen.nl\/de\/#website"},"primaryImageOfPage":{"@id":"https:\/\/www.eliassen.nl\/de\/wasserfall-bonorva-127cm\/#primaryimage"},"image":{"@id":"https:\/\/www.eliassen.nl\/de\/wasserfall-bonorva-127cm\/#primaryimage"},"thumbnailUrl":"https:\/\/www.eliassen.nl\/wp-content\/uploads\/2024\/10\/acquaartewaterornamentbonorvaeliassennl.jpg","datePublished":"2024-02-16T11:12:48+00:00","dateModified":"2026-02-03T12:48:28+00:00","description":"Ubbink Wasserf\u00e4lle, bei Eliassen haben sie viele Outside Living Modelle auf Lager, besuchen Sie unseren Webshop, auch Live-Besichtigung nach Vereinbarung !!!","breadcrumb":{"@id":"https:\/\/www.eliassen.nl\/de\/wasserfall-bonorva-127cm\/#breadcrumb"},"inLanguage":"de","potentialAction":[{"@type":"ReadAction","target":["https:\/\/www.eliassen.nl\/de\/wasserfall-bonorva-127cm\/"]}]},{"@type":"ImageObject","inLanguage":"de","@id":"https:\/\/www.eliassen.nl\/de\/wasserfall-bonorva-127cm\/#primaryimage","url":"https:\/\/www.eliassen.nl\/wp-content\/uploads\/2024\/10\/acquaartewaterornamentbonorvaeliassennl.jpg","contentUrl":"https:\/\/www.eliassen.nl\/wp-content\/uploads\/2024\/10\/acquaartewaterornamentbonorvaeliassennl.jpg","width":1366,"height":2048,"caption":"Acqua arte Wasser-Ornament Bonorva Eliassen.nl"},{"@type":"BreadcrumbList","@id":"https:\/\/www.eliassen.nl\/de\/wasserfall-bonorva-127cm\/#breadcrumb","itemListElement":[{"@type":"ListItem","position":1,"name":"Home","item":"https:\/\/www.eliassen.nl\/de\/"},{"@type":"ListItem","position":2,"name":"Shop","item":"https:\/\/www.eliassen.nl\/de\/shop\/"},{"@type":"ListItem","position":3,"name":"Wasserspiele","item":"https:\/\/www.eliassen.nl\/de\/wassereigenschaften\/"},{"@type":"ListItem","position":4,"name":"Ubbink-Wasserspiele","item":"https:\/\/www.eliassen.nl\/de\/wassereigenschaften\/ubbink-wasserspiele\/"},{"@type":"ListItem","position":5,"name":"Wasserfall Bonorva 127cm"}]},{"@type":"WebSite","@id":"https:\/\/www.eliassen.nl\/de\/#website","url":"https:\/\/www.eliassen.nl\/de\/","name":"Eliassen Home & Garden Pleasure","description":"","publisher":{"@id":"https:\/\/www.eliassen.nl\/de\/#organization"},"alternateName":"Eliassen.nl","potentialAction":[{"@type":"SearchAction","target":{"@type":"EntryPoint","urlTemplate":"https:\/\/www.eliassen.nl\/de\/?s={search_term_string}"},"query-input":{"@type":"PropertyValueSpecification","valueRequired":true,"valueName":"search_term_string"}}],"inLanguage":"de"},{"@type":["Organization","Place"],"@id":"https:\/\/www.eliassen.nl\/de\/#organization","name":"Eliassen Home & Garden Pleasure","url":"https:\/\/www.eliassen.nl\/de\/","logo":{"@id":"https:\/\/www.eliassen.nl\/de\/wasserfall-bonorva-127cm\/#local-main-organization-logo"},"image":{"@id":"https:\/\/www.eliassen.nl\/de\/wasserfall-bonorva-127cm\/#local-main-organization-logo"},"sameAs":["https:\/\/www.facebook.com\/TuincentrumEliassenAmmerzoden","https:\/\/www.instagram.com\/eliassenhomeandgarden\/","https:\/\/nl.pinterest.com\/eliassenhomeandgarden\/","https:\/\/www.youtube.com\/@eliassenhomegardenpleasure4558"],"telephone":[],"openingHoursSpecification":[{"@type":"OpeningHoursSpecification","dayOfWeek":["Monday","Tuesday","Wednesday","Thursday","Friday","Saturday","Sunday"],"opens":"09:00","closes":"17:00"}]},{"@type":"ImageObject","inLanguage":"de","@id":"https:\/\/www.eliassen.nl\/de\/wasserfall-bonorva-127cm\/#local-main-organization-logo","url":"https:\/\/www.eliassen.nl\/wp-content\/uploads\/2024\/01\/logo_4nd.jpg","contentUrl":"https:\/\/www.eliassen.nl\/wp-content\/uploads\/2024\/01\/logo_4nd.jpg","width":500,"height":500,"caption":"Eliassen Home & Garden Pleasure"}]},"product_price_amount":"699.00","product_price_currency":"EUR","og_availability":"instock","product_availability":"instock","product_retailer_item_id":"1387173","product_condition":"new"},"df_price":699,"df_sale_price":"","df_regular_price":699,"df_image_link":"https:\/\/www.eliassen.nl\/wp-content\/uploads\/2024\/10\/acquaartewaterornamentbonorvaeliassennl.jpg","image":"https:\/\/www.eliassen.nl\/wp-content\/uploads\/2024\/10\/acquaartewaterornamentbonorvaeliassennl.jpg","price_search":"<span class=\"woocommerce-Price-amount amount\"><bdi><span class=\"woocommerce-Price-currencySymbol\">&euro;<\/span>&nbsp;699,00<\/bdi><\/span>","category":"Ubbink-Wasserspiele","global_unique_id":"8711465871730","_links":{"self":[{"href":"https:\/\/www.eliassen.nl\/de\/wp-json\/wp\/v2\/product\/150578","targetHints":{"allow":["GET"]}}],"collection":[{"href":"https:\/\/www.eliassen.nl\/de\/wp-json\/wp\/v2\/product"}],"about":[{"href":"https:\/\/www.eliassen.nl\/de\/wp-json\/wp\/v2\/types\/product"}],"wp:featuredmedia":[{"embeddable":true,"href":"https:\/\/www.eliassen.nl\/de\/wp-json\/wp\/v2\/media\/150563"}],"wp:attachment":[{"href":"https:\/\/www.eliassen.nl\/de\/wp-json\/wp\/v2\/media?parent=150578"}],"wp:term":[{"taxonomy":"product_brand","embeddable":true,"href":"https:\/\/www.eliassen.nl\/de\/wp-json\/wp\/v2\/product_brand?post=150578"},{"taxonomy":"product_cat","embeddable":true,"href":"https:\/\/www.eliassen.nl\/de\/wp-json\/wp\/v2\/product_cat?post=150578"},{"taxonomy":"product_tag","embeddable":true,"href":"https:\/\/www.eliassen.nl\/de\/wp-json\/wp\/v2\/product_tag?post=150578"}],"curies":[{"name":"wp","href":"https:\/\/api.w.org\/{rel}","templated":true}]}}