{"id":15037,"date":"2019-10-28T18:12:33","date_gmt":"2019-10-28T18:12:33","guid":{"rendered":"https:\/\/www.eliassen.nl\/?product=3d-malerei-metall-89x120cm-gala"},"modified":"2026-03-29T19:33:57","modified_gmt":"2026-03-29T17:33:57","slug":"3d-metallgemalde-dicke-damen-im-franzosischen-cafe-80x120cm","status":"publish","type":"product","link":"https:\/\/www.eliassen.nl\/de\/3d-metallgemalde-dicke-damen-im-franzosischen-cafe-80x120cm\/","title":{"rendered":"3D Metallbild fette Damen in franz\u00f6sischem Caf\u00e9 80x120cm"},"content":{"rendered":"<p>Ihr Haus, Ihr Gesch\u00e4ft oder Ihre Veranda (unter einem Vordach) wird mit dieser Wanddekoration wundersch\u00f6n aussehen. Dieses Modellgem\u00e4lde, das einen Mann und eine Frau in einem gem\u00fctlichen franz\u00f6sischen Caf\u00e9 zeigt, wurde vollst\u00e4ndig von Hand gefertigt.<\/p>\n<p>Dieses 3D-Metallbild mit dicken Damen und Herren in einem franz\u00f6sischen Caf\u00e9 ist eine gro\u00dfartige Erg\u00e4nzung f\u00fcr Ihr Interieur, wenn Sie Ihre Einrichtung aufhellen und ihr Gem\u00fctlichkeit verleihen m\u00f6chten. Warme Farben sind auf dem 3d-Wandobjekt zu sehen. So kommt diese 3D-Wanddekoration in einer gem\u00fctlichen Atmosph\u00e4re zur Geltung oder w\u00e4hlen Sie diese Wanddekoration f\u00fcr Ihren Gastronomiebetrieb.<\/p>\n<p>Alles an dieser Wanddekoration ist aus Metall, der Hintergrund und auch die Figur. Da es handbemalt und hergestellt ist, kann die Farbe leicht vom Foto abweichen, sie sind nie genau gleich. Bei diesen leicht rauen Gem\u00e4lden kann es immer zu weiteren geringf\u00fcgigen Abweichungen kommen, manchmal wird dies sogar absichtlich gemacht, um die raue Atmosph\u00e4re zu erreichen. Au\u00dferdem haben wir fast die gesamte Kollektion dieser Serie in unserem Gesch\u00e4ft, was in den Niederlanden einzigartig ist. Nirgendwo finden Sie eine so gro\u00dfe Sammlung. Sie sind herzlich willkommen.<\/p>\n<ul>\n<li>  Gr\u00f6\u00dfe 80x120cm<\/li>\n<li>  Einfach mit 2 Schrauben aufzuh\u00e4ngen<\/li>\n<li> Schnelle Lieferung<\/li>\n<li>  Gr\u00f6\u00dfte Sammlung in den Benelux-L\u00e4ndern, auch f\u00fcr Live-Viewing verf\u00fcgbar<\/li>\n<\/ul>\n","protected":false},"excerpt":{"rendered":"<p>Dicke Damen mit Herren im Caf\u00e9. Handbemalt.<\/p>\n","protected":false},"featured_media":15034,"template":"","meta":{"_acf_changed":false,"_genesis_title":"","_genesis_description":""},"product_brand":[7505],"product_cat":[419,434,410],"product_tag":[],"class_list":{"0":"post-15037","1":"product","2":"type-product","3":"status-publish","4":"has-post-thumbnail","6":"product_brand-sonstige","7":"product_cat-3d-gemaelde-aus-metall","8":"product_cat-3d-gemaelde-aus-metall-im-format-80x120cm","9":"product_cat-gemaelde","11":"first","12":"instock","13":"taxable","14":"shipping-taxable","15":"purchasable","16":"product-type-simple"},"acf":[],"meta_all":{"total_sales":"12","wcml_sync_hash":{"postmeta_fields":"97bf4b3a4695a49e2b4d8a35228b2122"},"attr_label_translations":[],"cor_restricted_countries":[]},"meta_all_flat":{"total_sales":"12","wcml_sync_hash.postmeta_fields":"97bf4b3a4695a49e2b4d8a35228b2122"},"yoast_head":"<!-- This site is optimized with the Yoast SEO Premium plugin v26.2 (Yoast SEO v27.2) - https:\/\/yoast.com\/product\/yoast-seo-premium-wordpress\/ -->\n<title>3D Metallbild Franz\u00f6sisches Caf\u00e9 | 80x120cm | Eliassen.nl<\/title>\n<meta name=\"description\" content=\"3D-Metallbild Franz\u00f6sisches Caf\u00e9 mit dicken Damen und Herren als gem\u00fctliches und stimmungsvolles Bild f\u00fcr zu Hause, aber auch f\u00fcr Gastronomiebetriebe.\" \/>\n<meta name=\"robots\" content=\"index, follow, max-snippet:-1, max-image-preview:large, max-video-preview:-1\" \/>\n<link rel=\"canonical\" href=\"https:\/\/www.eliassen.nl\/de\/3d-metallgemalde-dicke-damen-im-franzosischen-cafe-80x120cm\/\" \/>\n<meta property=\"og:locale\" content=\"de_DE\" \/>\n<meta property=\"og:type\" content=\"article\" \/>\n<meta property=\"og:title\" content=\"Sonstige 3D Metallbild fette Damen in franz\u00f6sischem Caf\u00e9 80x120cm - Eliassen.nl\" \/>\n<meta property=\"og:description\" content=\"3D-Metallbild Franz\u00f6sisches Caf\u00e9 mit dicken Damen und Herren als gem\u00fctliches und stimmungsvolles Bild f\u00fcr zu Hause, aber auch f\u00fcr Gastronomiebetriebe.\" \/>\n<meta property=\"og:url\" content=\"https:\/\/www.eliassen.nl\/de\/3d-metallgemalde-dicke-damen-im-franzosischen-cafe-80x120cm\/\" \/>\n<meta property=\"og:site_name\" content=\"Eliassen.nl\" \/>\n<meta property=\"article:publisher\" content=\"https:\/\/www.facebook.com\/TuincentrumEliassenAmmerzoden\" \/>\n<meta property=\"article:modified_time\" content=\"2026-03-29T17:33:57+00:00\" \/>\n<meta property=\"og:image\" content=\"https:\/\/www.eliassen.nl\/wp-content\/uploads\/2024\/01\/3dmetaalschilderijfranscaf80x120cmeliassen.jpg\" \/>\n\t<meta property=\"og:image:width\" content=\"1024\" \/>\n\t<meta property=\"og:image:height\" content=\"673\" \/>\n\t<meta property=\"og:image:type\" content=\"image\/jpeg\" \/>\n<meta name=\"twitter:card\" content=\"summary_large_image\" \/>\n<script type=\"application\/ld+json\" class=\"yoast-schema-graph\">{\"@context\":\"https:\/\/schema.org\",\"@graph\":[{\"@type\":\"WebPage\",\"@id\":\"https:\/\/www.eliassen.nl\/de\/3d-metallgemalde-dicke-damen-im-franzosischen-cafe-80x120cm\/\",\"url\":\"https:\/\/www.eliassen.nl\/de\/3d-metallgemalde-dicke-damen-im-franzosischen-cafe-80x120cm\/\",\"name\":\"3D Metallbild Franz\u00f6sisches Caf\u00e9 | 80x120cm | Eliassen.nl\",\"isPartOf\":{\"@id\":\"https:\/\/www.eliassen.nl\/de\/#website\"},\"primaryImageOfPage\":{\"@id\":\"https:\/\/www.eliassen.nl\/de\/3d-metallgemalde-dicke-damen-im-franzosischen-cafe-80x120cm\/#primaryimage\"},\"image\":{\"@id\":\"https:\/\/www.eliassen.nl\/de\/3d-metallgemalde-dicke-damen-im-franzosischen-cafe-80x120cm\/#primaryimage\"},\"thumbnailUrl\":\"https:\/\/www.eliassen.nl\/wp-content\/uploads\/2024\/01\/3dmetaalschilderijfranscaf80x120cmeliassen.jpg\",\"datePublished\":\"2019-10-28T18:12:33+00:00\",\"dateModified\":\"2026-03-29T17:33:57+00:00\",\"description\":\"3D-Metallbild Franz\u00f6sisches Caf\u00e9 mit dicken Damen und Herren als gem\u00fctliches und stimmungsvolles Bild f\u00fcr zu Hause, aber auch f\u00fcr Gastronomiebetriebe.\",\"breadcrumb\":{\"@id\":\"https:\/\/www.eliassen.nl\/de\/3d-metallgemalde-dicke-damen-im-franzosischen-cafe-80x120cm\/#breadcrumb\"},\"inLanguage\":\"de\",\"potentialAction\":[{\"@type\":\"ReadAction\",\"target\":[\"https:\/\/www.eliassen.nl\/de\/3d-metallgemalde-dicke-damen-im-franzosischen-cafe-80x120cm\/\"]}]},{\"@type\":\"ImageObject\",\"inLanguage\":\"de\",\"@id\":\"https:\/\/www.eliassen.nl\/de\/3d-metallgemalde-dicke-damen-im-franzosischen-cafe-80x120cm\/#primaryimage\",\"url\":\"https:\/\/www.eliassen.nl\/wp-content\/uploads\/2024\/01\/3dmetaalschilderijfranscaf80x120cmeliassen.jpg\",\"contentUrl\":\"https:\/\/www.eliassen.nl\/wp-content\/uploads\/2024\/01\/3dmetaalschilderijfranscaf80x120cmeliassen.jpg\",\"width\":1024,\"height\":673,\"caption\":\"3D Metallbild Franz\u00f6sisches Caf\u00e9 80x120cm - Eliassen.nl\"},{\"@type\":\"BreadcrumbList\",\"@id\":\"https:\/\/www.eliassen.nl\/de\/3d-metallgemalde-dicke-damen-im-franzosischen-cafe-80x120cm\/#breadcrumb\",\"itemListElement\":[{\"@type\":\"ListItem\",\"position\":1,\"name\":\"Home\",\"item\":\"https:\/\/www.eliassen.nl\/de\/\"},{\"@type\":\"ListItem\",\"position\":2,\"name\":\"Shop\",\"item\":\"https:\/\/www.eliassen.nl\/de\/shop\/\"},{\"@type\":\"ListItem\",\"position\":3,\"name\":\"Gem\u00e4lde\",\"item\":\"https:\/\/www.eliassen.nl\/de\/gemaelde\/\"},{\"@type\":\"ListItem\",\"position\":4,\"name\":\"3D Gem\u00e4lde aus Metall\",\"item\":\"https:\/\/www.eliassen.nl\/de\/gemaelde\/3d-gemaelde-aus-metall\/\"},{\"@type\":\"ListItem\",\"position\":5,\"name\":\"3D Gem\u00e4lde aus Metall 80x120 cm\",\"item\":\"https:\/\/www.eliassen.nl\/de\/gemaelde\/3d-gemaelde-aus-metall\/3d-gemaelde-aus-metall-im-format-80x120cm\/\"},{\"@type\":\"ListItem\",\"position\":6,\"name\":\"3D Metallbild fette Damen in franz\u00f6sischem Caf\u00e9 80x120cm\"}]},{\"@type\":\"WebSite\",\"@id\":\"https:\/\/www.eliassen.nl\/de\/#website\",\"url\":\"https:\/\/www.eliassen.nl\/de\/\",\"name\":\"Eliassen Home & Garden Pleasure\",\"description\":\"\",\"publisher\":{\"@id\":\"https:\/\/www.eliassen.nl\/de\/#organization\"},\"alternateName\":\"Eliassen.nl\",\"potentialAction\":[{\"@type\":\"SearchAction\",\"target\":{\"@type\":\"EntryPoint\",\"urlTemplate\":\"https:\/\/www.eliassen.nl\/de\/?s={search_term_string}\"},\"query-input\":{\"@type\":\"PropertyValueSpecification\",\"valueRequired\":true,\"valueName\":\"search_term_string\"}}],\"inLanguage\":\"de\"},{\"@type\":[\"Organization\",\"Place\"],\"@id\":\"https:\/\/www.eliassen.nl\/de\/#organization\",\"name\":\"Eliassen Home & Garden Pleasure\",\"url\":\"https:\/\/www.eliassen.nl\/de\/\",\"logo\":{\"@id\":\"https:\/\/www.eliassen.nl\/de\/3d-metallgemalde-dicke-damen-im-franzosischen-cafe-80x120cm\/#local-main-organization-logo\"},\"image\":{\"@id\":\"https:\/\/www.eliassen.nl\/de\/3d-metallgemalde-dicke-damen-im-franzosischen-cafe-80x120cm\/#local-main-organization-logo\"},\"sameAs\":[\"https:\/\/www.facebook.com\/TuincentrumEliassenAmmerzoden\",\"https:\/\/www.instagram.com\/eliassenhomeandgarden\/\",\"https:\/\/nl.pinterest.com\/eliassenhomeandgarden\/\",\"https:\/\/www.youtube.com\/@eliassenhomegardenpleasure4558\"],\"telephone\":[],\"openingHoursSpecification\":[{\"@type\":\"OpeningHoursSpecification\",\"dayOfWeek\":[\"Monday\",\"Tuesday\",\"Wednesday\",\"Thursday\",\"Friday\",\"Saturday\",\"Sunday\"],\"opens\":\"09:00\",\"closes\":\"17:00\"}]},{\"@type\":\"ImageObject\",\"inLanguage\":\"de\",\"@id\":\"https:\/\/www.eliassen.nl\/de\/3d-metallgemalde-dicke-damen-im-franzosischen-cafe-80x120cm\/#local-main-organization-logo\",\"url\":\"https:\/\/www.eliassen.nl\/wp-content\/uploads\/2024\/01\/logo_4nd.jpg\",\"contentUrl\":\"https:\/\/www.eliassen.nl\/wp-content\/uploads\/2024\/01\/logo_4nd.jpg\",\"width\":500,\"height\":500,\"caption\":\"Eliassen Home & Garden Pleasure\"}]}<\/script>\n<meta property=\"product:price:amount\" content=\"209.00\" \/>\n<meta property=\"product:price:currency\" content=\"EUR\" \/>\n<meta property=\"og:availability\" content=\"instock\" \/>\n<meta property=\"product:availability\" content=\"instock\" \/>\n<meta property=\"product:retailer_item_id\" content=\"431\" \/>\n<meta property=\"product:condition\" content=\"new\" \/>\n<!-- \/ Yoast SEO Premium plugin. -->","yoast_head_json":{"title":"3D Metallbild Franz\u00f6sisches Caf\u00e9 | 80x120cm | Eliassen.nl","description":"3D-Metallbild Franz\u00f6sisches Caf\u00e9 mit dicken Damen und Herren als gem\u00fctliches und stimmungsvolles Bild f\u00fcr zu Hause, aber auch f\u00fcr Gastronomiebetriebe.","robots":{"index":"index","follow":"follow","max-snippet":"max-snippet:-1","max-image-preview":"max-image-preview:large","max-video-preview":"max-video-preview:-1"},"canonical":"https:\/\/www.eliassen.nl\/de\/3d-metallgemalde-dicke-damen-im-franzosischen-cafe-80x120cm\/","og_locale":"de_DE","og_type":"article","og_title":"Sonstige 3D Metallbild fette Damen in franz\u00f6sischem Caf\u00e9 80x120cm - Eliassen.nl","og_description":"3D-Metallbild Franz\u00f6sisches Caf\u00e9 mit dicken Damen und Herren als gem\u00fctliches und stimmungsvolles Bild f\u00fcr zu Hause, aber auch f\u00fcr Gastronomiebetriebe.","og_url":"https:\/\/www.eliassen.nl\/de\/3d-metallgemalde-dicke-damen-im-franzosischen-cafe-80x120cm\/","og_site_name":"Eliassen.nl","article_publisher":"https:\/\/www.facebook.com\/TuincentrumEliassenAmmerzoden","article_modified_time":"2026-03-29T17:33:57+00:00","og_image":[{"width":1024,"height":673,"url":"https:\/\/www.eliassen.nl\/wp-content\/uploads\/2024\/01\/3dmetaalschilderijfranscaf80x120cmeliassen.jpg","type":"image\/jpeg"}],"twitter_card":"summary_large_image","schema":{"@context":"https:\/\/schema.org","@graph":[{"@type":"WebPage","@id":"https:\/\/www.eliassen.nl\/de\/3d-metallgemalde-dicke-damen-im-franzosischen-cafe-80x120cm\/","url":"https:\/\/www.eliassen.nl\/de\/3d-metallgemalde-dicke-damen-im-franzosischen-cafe-80x120cm\/","name":"3D Metallbild Franz\u00f6sisches Caf\u00e9 | 80x120cm | Eliassen.nl","isPartOf":{"@id":"https:\/\/www.eliassen.nl\/de\/#website"},"primaryImageOfPage":{"@id":"https:\/\/www.eliassen.nl\/de\/3d-metallgemalde-dicke-damen-im-franzosischen-cafe-80x120cm\/#primaryimage"},"image":{"@id":"https:\/\/www.eliassen.nl\/de\/3d-metallgemalde-dicke-damen-im-franzosischen-cafe-80x120cm\/#primaryimage"},"thumbnailUrl":"https:\/\/www.eliassen.nl\/wp-content\/uploads\/2024\/01\/3dmetaalschilderijfranscaf80x120cmeliassen.jpg","datePublished":"2019-10-28T18:12:33+00:00","dateModified":"2026-03-29T17:33:57+00:00","description":"3D-Metallbild Franz\u00f6sisches Caf\u00e9 mit dicken Damen und Herren als gem\u00fctliches und stimmungsvolles Bild f\u00fcr zu Hause, aber auch f\u00fcr Gastronomiebetriebe.","breadcrumb":{"@id":"https:\/\/www.eliassen.nl\/de\/3d-metallgemalde-dicke-damen-im-franzosischen-cafe-80x120cm\/#breadcrumb"},"inLanguage":"de","potentialAction":[{"@type":"ReadAction","target":["https:\/\/www.eliassen.nl\/de\/3d-metallgemalde-dicke-damen-im-franzosischen-cafe-80x120cm\/"]}]},{"@type":"ImageObject","inLanguage":"de","@id":"https:\/\/www.eliassen.nl\/de\/3d-metallgemalde-dicke-damen-im-franzosischen-cafe-80x120cm\/#primaryimage","url":"https:\/\/www.eliassen.nl\/wp-content\/uploads\/2024\/01\/3dmetaalschilderijfranscaf80x120cmeliassen.jpg","contentUrl":"https:\/\/www.eliassen.nl\/wp-content\/uploads\/2024\/01\/3dmetaalschilderijfranscaf80x120cmeliassen.jpg","width":1024,"height":673,"caption":"3D Metallbild Franz\u00f6sisches Caf\u00e9 80x120cm - Eliassen.nl"},{"@type":"BreadcrumbList","@id":"https:\/\/www.eliassen.nl\/de\/3d-metallgemalde-dicke-damen-im-franzosischen-cafe-80x120cm\/#breadcrumb","itemListElement":[{"@type":"ListItem","position":1,"name":"Home","item":"https:\/\/www.eliassen.nl\/de\/"},{"@type":"ListItem","position":2,"name":"Shop","item":"https:\/\/www.eliassen.nl\/de\/shop\/"},{"@type":"ListItem","position":3,"name":"Gem\u00e4lde","item":"https:\/\/www.eliassen.nl\/de\/gemaelde\/"},{"@type":"ListItem","position":4,"name":"3D Gem\u00e4lde aus Metall","item":"https:\/\/www.eliassen.nl\/de\/gemaelde\/3d-gemaelde-aus-metall\/"},{"@type":"ListItem","position":5,"name":"3D Gem\u00e4lde aus Metall 80x120 cm","item":"https:\/\/www.eliassen.nl\/de\/gemaelde\/3d-gemaelde-aus-metall\/3d-gemaelde-aus-metall-im-format-80x120cm\/"},{"@type":"ListItem","position":6,"name":"3D Metallbild fette Damen in franz\u00f6sischem Caf\u00e9 80x120cm"}]},{"@type":"WebSite","@id":"https:\/\/www.eliassen.nl\/de\/#website","url":"https:\/\/www.eliassen.nl\/de\/","name":"Eliassen Home & Garden Pleasure","description":"","publisher":{"@id":"https:\/\/www.eliassen.nl\/de\/#organization"},"alternateName":"Eliassen.nl","potentialAction":[{"@type":"SearchAction","target":{"@type":"EntryPoint","urlTemplate":"https:\/\/www.eliassen.nl\/de\/?s={search_term_string}"},"query-input":{"@type":"PropertyValueSpecification","valueRequired":true,"valueName":"search_term_string"}}],"inLanguage":"de"},{"@type":["Organization","Place"],"@id":"https:\/\/www.eliassen.nl\/de\/#organization","name":"Eliassen Home & Garden Pleasure","url":"https:\/\/www.eliassen.nl\/de\/","logo":{"@id":"https:\/\/www.eliassen.nl\/de\/3d-metallgemalde-dicke-damen-im-franzosischen-cafe-80x120cm\/#local-main-organization-logo"},"image":{"@id":"https:\/\/www.eliassen.nl\/de\/3d-metallgemalde-dicke-damen-im-franzosischen-cafe-80x120cm\/#local-main-organization-logo"},"sameAs":["https:\/\/www.facebook.com\/TuincentrumEliassenAmmerzoden","https:\/\/www.instagram.com\/eliassenhomeandgarden\/","https:\/\/nl.pinterest.com\/eliassenhomeandgarden\/","https:\/\/www.youtube.com\/@eliassenhomegardenpleasure4558"],"telephone":[],"openingHoursSpecification":[{"@type":"OpeningHoursSpecification","dayOfWeek":["Monday","Tuesday","Wednesday","Thursday","Friday","Saturday","Sunday"],"opens":"09:00","closes":"17:00"}]},{"@type":"ImageObject","inLanguage":"de","@id":"https:\/\/www.eliassen.nl\/de\/3d-metallgemalde-dicke-damen-im-franzosischen-cafe-80x120cm\/#local-main-organization-logo","url":"https:\/\/www.eliassen.nl\/wp-content\/uploads\/2024\/01\/logo_4nd.jpg","contentUrl":"https:\/\/www.eliassen.nl\/wp-content\/uploads\/2024\/01\/logo_4nd.jpg","width":500,"height":500,"caption":"Eliassen Home & Garden Pleasure"}]},"product_price_amount":"209.00","product_price_currency":"EUR","og_availability":"instock","product_availability":"instock","product_retailer_item_id":"431","product_condition":"new"},"df_price":209,"df_sale_price":"","df_regular_price":209,"df_image_link":"https:\/\/www.eliassen.nl\/wp-content\/uploads\/2024\/01\/3dmetaalschilderijfranscaf80x120cmeliassen.jpg","image":"https:\/\/www.eliassen.nl\/wp-content\/uploads\/2024\/01\/3dmetaalschilderijfranscaf80x120cmeliassen.jpg","price_search":"<span class=\"woocommerce-Price-amount amount\"><bdi><span class=\"woocommerce-Price-currencySymbol\">&euro;<\/span>&nbsp;209,00<\/bdi><\/span>","category":"3D Gem\u00e4lde aus Metall","global_unique_id":"8714688576864","_links":{"self":[{"href":"https:\/\/www.eliassen.nl\/de\/wp-json\/wp\/v2\/product\/15037","targetHints":{"allow":["GET"]}}],"collection":[{"href":"https:\/\/www.eliassen.nl\/de\/wp-json\/wp\/v2\/product"}],"about":[{"href":"https:\/\/www.eliassen.nl\/de\/wp-json\/wp\/v2\/types\/product"}],"wp:featuredmedia":[{"embeddable":true,"href":"https:\/\/www.eliassen.nl\/de\/wp-json\/wp\/v2\/media\/15034"}],"wp:attachment":[{"href":"https:\/\/www.eliassen.nl\/de\/wp-json\/wp\/v2\/media?parent=15037"}],"wp:term":[{"taxonomy":"product_brand","embeddable":true,"href":"https:\/\/www.eliassen.nl\/de\/wp-json\/wp\/v2\/product_brand?post=15037"},{"taxonomy":"product_cat","embeddable":true,"href":"https:\/\/www.eliassen.nl\/de\/wp-json\/wp\/v2\/product_cat?post=15037"},{"taxonomy":"product_tag","embeddable":true,"href":"https:\/\/www.eliassen.nl\/de\/wp-json\/wp\/v2\/product_tag?post=15037"}],"curies":[{"name":"wp","href":"https:\/\/api.w.org\/{rel}","templated":true}]}}