{"id":150260,"date":"2024-02-14T17:32:53","date_gmt":"2024-02-14T17:32:53","guid":{"rendered":"https:\/\/www.eliassen.nl\/?product=vaas-glas-gezicht-met-scheve-neus-35cm"},"modified":"2026-03-02T14:46:05","modified_gmt":"2026-03-02T13:46:05","slug":"glasvase-gesicht-mit-schiefer-nase-35cm","status":"publish","type":"product","link":"https:\/\/www.eliassen.nl\/de\/glasvase-gesicht-mit-schiefer-nase-35cm\/","title":{"rendered":"Vase Glas Gesicht mit krummer Nase 35cm"},"content":{"rendered":"<p>Diese halbhohe dekorative Glasvase ist ein sch\u00f6nes Dekorationsst\u00fcck f\u00fcr Ihr Zuhause oder zum Verschenken.<br \/>\nDiese farbige, dekorative Vase mit einem abstrakten Gesicht wird mit der altmodischen, handwerklichen Technik des Glasblasens hergestellt. Das Besondere ist, dass dieses sch\u00f6ne Modell einer Glasvase auf traditionelle Weise aus verschiedenen Glasfarben hergestellt wurde.<\/p>\n<p>Da dieses Glasdekorationsst\u00fcck handgefertigt ist, ist jedes St\u00fcck dieser Serie einzigartig in Aussehen und Farbe. Daher kann diese Glasvase vom Foto abweichen. Bei handgefertigten Glasprodukten k\u00f6nnen Unregelm\u00e4\u00dfigkeiten wie Luftblasen, Schlieren usw. auftreten. Dies ist normal; es k\u00f6nnen keine Anspr\u00fcche geltend gemacht werden.<\/p>\n<ul>\n<li>Material: Glas<\/li>\n<li>Farbe: gr\u00fcn\/lachsfarben und verschiedene Farben<\/li>\n<li>Gr\u00f6\u00dfe: 35cm hoch<\/li>\n<li>Diese Serie von Glasvasen k\u00f6nnen Sie sich auch live bei uns ansehen<\/li>\n<\/ul>\n","protected":false},"excerpt":{"rendered":"<p>Glasvase aus hochwertigem Glas. 35cm hoch.<\/p>\n","protected":false},"featured_media":150257,"template":"","meta":{"_acf_changed":false,"_genesis_title":"","_genesis_description":""},"product_brand":[7505],"product_cat":[812,800],"product_tag":[],"class_list":{"0":"post-150260","1":"product","2":"type-product","3":"status-publish","4":"has-post-thumbnail","6":"product_brand-sonstige","7":"product_cat-farbige-glasvasen","8":"product_cat-glaskunst","10":"first","11":"instock","12":"taxable","13":"shipping-taxable","14":"purchasable","15":"product-type-simple"},"acf":[],"meta_all":{"total_sales":"1","wcml_sync_hash":{"postmeta_fields":"9ac27a52aac964de55a804d4efb20723"},"attr_label_translations":[],"cor_restricted_countries":[]},"meta_all_flat":{"total_sales":"1","wcml_sync_hash.postmeta_fields":"9ac27a52aac964de55a804d4efb20723"},"yoast_head":"<!-- This site is optimized with the Yoast SEO Premium plugin v26.2 (Yoast SEO v27.2) - https:\/\/yoast.com\/product\/yoast-seo-premium-wordpress\/ -->\n<title>Vase Glas Gesicht mit krummer Nase 35cm - Eliassen.nl<\/title>\n<meta name=\"description\" content=\"Glasvase mit einem Gesicht. Sehr dekorativ im Zimmer. Hochwertige Glaswaren. Sehr gut als Geschenk geeignet. Gr\u00f6\u00dfe 35cm hoch. Schnelle Lieferung.\" \/>\n<meta name=\"robots\" content=\"index, follow, max-snippet:-1, max-image-preview:large, max-video-preview:-1\" \/>\n<link rel=\"canonical\" href=\"https:\/\/www.eliassen.nl\/de\/glasvase-gesicht-mit-schiefer-nase-35cm\/\" \/>\n<meta property=\"og:locale\" content=\"de_DE\" \/>\n<meta property=\"og:type\" content=\"article\" \/>\n<meta property=\"og:title\" content=\"Sonstige Vase Glas Gesicht mit krummer Nase 35cm - Eliassen.nl\" \/>\n<meta property=\"og:description\" content=\"Glasvase mit einem Gesicht. Sehr dekorativ im Zimmer. Hochwertige Glaswaren. Sehr gut als Geschenk geeignet. Gr\u00f6\u00dfe 35cm hoch. Schnelle Lieferung.\" \/>\n<meta property=\"og:url\" content=\"https:\/\/www.eliassen.nl\/de\/glasvase-gesicht-mit-schiefer-nase-35cm\/\" \/>\n<meta property=\"og:site_name\" content=\"Eliassen.nl\" \/>\n<meta property=\"article:publisher\" content=\"https:\/\/www.facebook.com\/TuincentrumEliassenAmmerzoden\" \/>\n<meta property=\"article:modified_time\" content=\"2026-03-02T13:46:05+00:00\" \/>\n<meta property=\"og:image\" content=\"https:\/\/www.eliassen.nl\/wp-content\/uploads\/2024\/10\/20221028133742.jpg\" \/>\n\t<meta property=\"og:image:width\" content=\"1536\" \/>\n\t<meta property=\"og:image:height\" content=\"2048\" \/>\n\t<meta property=\"og:image:type\" content=\"image\/jpeg\" \/>\n<meta name=\"twitter:card\" content=\"summary_large_image\" \/>\n<script type=\"application\/ld+json\" class=\"yoast-schema-graph\">{\"@context\":\"https:\/\/schema.org\",\"@graph\":[{\"@type\":\"WebPage\",\"@id\":\"https:\/\/www.eliassen.nl\/de\/glasvase-gesicht-mit-schiefer-nase-35cm\/\",\"url\":\"https:\/\/www.eliassen.nl\/de\/glasvase-gesicht-mit-schiefer-nase-35cm\/\",\"name\":\"Vase Glas Gesicht mit krummer Nase 35cm - Eliassen.nl\",\"isPartOf\":{\"@id\":\"https:\/\/www.eliassen.nl\/de\/#website\"},\"primaryImageOfPage\":{\"@id\":\"https:\/\/www.eliassen.nl\/de\/glasvase-gesicht-mit-schiefer-nase-35cm\/#primaryimage\"},\"image\":{\"@id\":\"https:\/\/www.eliassen.nl\/de\/glasvase-gesicht-mit-schiefer-nase-35cm\/#primaryimage\"},\"thumbnailUrl\":\"https:\/\/www.eliassen.nl\/wp-content\/uploads\/2024\/10\/20221028133742.jpg\",\"datePublished\":\"2024-02-14T17:32:53+00:00\",\"dateModified\":\"2026-03-02T13:46:05+00:00\",\"description\":\"Glasvase mit einem Gesicht. Sehr dekorativ im Zimmer. Hochwertige Glaswaren. Sehr gut als Geschenk geeignet. Gr\u00f6\u00dfe 35cm hoch. Schnelle Lieferung.\",\"breadcrumb\":{\"@id\":\"https:\/\/www.eliassen.nl\/de\/glasvase-gesicht-mit-schiefer-nase-35cm\/#breadcrumb\"},\"inLanguage\":\"de\",\"potentialAction\":[{\"@type\":\"ReadAction\",\"target\":[\"https:\/\/www.eliassen.nl\/de\/glasvase-gesicht-mit-schiefer-nase-35cm\/\"]}]},{\"@type\":\"ImageObject\",\"inLanguage\":\"de\",\"@id\":\"https:\/\/www.eliassen.nl\/de\/glasvase-gesicht-mit-schiefer-nase-35cm\/#primaryimage\",\"url\":\"https:\/\/www.eliassen.nl\/wp-content\/uploads\/2024\/10\/20221028133742.jpg\",\"contentUrl\":\"https:\/\/www.eliassen.nl\/wp-content\/uploads\/2024\/10\/20221028133742.jpg\",\"width\":1536,\"height\":2048,\"caption\":\"20221028_133742\"},{\"@type\":\"BreadcrumbList\",\"@id\":\"https:\/\/www.eliassen.nl\/de\/glasvase-gesicht-mit-schiefer-nase-35cm\/#breadcrumb\",\"itemListElement\":[{\"@type\":\"ListItem\",\"position\":1,\"name\":\"Home\",\"item\":\"https:\/\/www.eliassen.nl\/de\/\"},{\"@type\":\"ListItem\",\"position\":2,\"name\":\"Shop\",\"item\":\"https:\/\/www.eliassen.nl\/de\/shop\/\"},{\"@type\":\"ListItem\",\"position\":3,\"name\":\"Glaskunst\",\"item\":\"https:\/\/www.eliassen.nl\/de\/glaskunst\/\"},{\"@type\":\"ListItem\",\"position\":4,\"name\":\"Farbige Glasvasen\",\"item\":\"https:\/\/www.eliassen.nl\/de\/glaskunst\/farbige-glasvasen\/\"},{\"@type\":\"ListItem\",\"position\":5,\"name\":\"Vase Glas Gesicht mit krummer Nase 35cm\"}]},{\"@type\":\"WebSite\",\"@id\":\"https:\/\/www.eliassen.nl\/de\/#website\",\"url\":\"https:\/\/www.eliassen.nl\/de\/\",\"name\":\"Eliassen Home & Garden Pleasure\",\"description\":\"\",\"publisher\":{\"@id\":\"https:\/\/www.eliassen.nl\/de\/#organization\"},\"alternateName\":\"Eliassen.nl\",\"potentialAction\":[{\"@type\":\"SearchAction\",\"target\":{\"@type\":\"EntryPoint\",\"urlTemplate\":\"https:\/\/www.eliassen.nl\/de\/?s={search_term_string}\"},\"query-input\":{\"@type\":\"PropertyValueSpecification\",\"valueRequired\":true,\"valueName\":\"search_term_string\"}}],\"inLanguage\":\"de\"},{\"@type\":[\"Organization\",\"Place\"],\"@id\":\"https:\/\/www.eliassen.nl\/de\/#organization\",\"name\":\"Eliassen Home & Garden Pleasure\",\"url\":\"https:\/\/www.eliassen.nl\/de\/\",\"logo\":{\"@id\":\"https:\/\/www.eliassen.nl\/de\/glasvase-gesicht-mit-schiefer-nase-35cm\/#local-main-organization-logo\"},\"image\":{\"@id\":\"https:\/\/www.eliassen.nl\/de\/glasvase-gesicht-mit-schiefer-nase-35cm\/#local-main-organization-logo\"},\"sameAs\":[\"https:\/\/www.facebook.com\/TuincentrumEliassenAmmerzoden\",\"https:\/\/www.instagram.com\/eliassenhomeandgarden\/\",\"https:\/\/nl.pinterest.com\/eliassenhomeandgarden\/\",\"https:\/\/www.youtube.com\/@eliassenhomegardenpleasure4558\"],\"telephone\":[],\"openingHoursSpecification\":[{\"@type\":\"OpeningHoursSpecification\",\"dayOfWeek\":[\"Monday\",\"Tuesday\",\"Wednesday\",\"Thursday\",\"Friday\",\"Saturday\",\"Sunday\"],\"opens\":\"09:00\",\"closes\":\"17:00\"}]},{\"@type\":\"ImageObject\",\"inLanguage\":\"de\",\"@id\":\"https:\/\/www.eliassen.nl\/de\/glasvase-gesicht-mit-schiefer-nase-35cm\/#local-main-organization-logo\",\"url\":\"https:\/\/www.eliassen.nl\/wp-content\/uploads\/2024\/01\/logo_4nd.jpg\",\"contentUrl\":\"https:\/\/www.eliassen.nl\/wp-content\/uploads\/2024\/01\/logo_4nd.jpg\",\"width\":500,\"height\":500,\"caption\":\"Eliassen Home & Garden Pleasure\"}]}<\/script>\n<meta property=\"product:price:amount\" content=\"129.00\" \/>\n<meta property=\"product:price:currency\" content=\"EUR\" \/>\n<meta property=\"og:availability\" content=\"instock\" \/>\n<meta property=\"product:availability\" content=\"instock\" \/>\n<meta property=\"product:retailer_item_id\" content=\"Gl1314\" \/>\n<meta property=\"product:condition\" content=\"new\" \/>\n<!-- \/ Yoast SEO Premium plugin. -->","yoast_head_json":{"title":"Vase Glas Gesicht mit krummer Nase 35cm - Eliassen.nl","description":"Glasvase mit einem Gesicht. Sehr dekorativ im Zimmer. Hochwertige Glaswaren. Sehr gut als Geschenk geeignet. Gr\u00f6\u00dfe 35cm hoch. Schnelle Lieferung.","robots":{"index":"index","follow":"follow","max-snippet":"max-snippet:-1","max-image-preview":"max-image-preview:large","max-video-preview":"max-video-preview:-1"},"canonical":"https:\/\/www.eliassen.nl\/de\/glasvase-gesicht-mit-schiefer-nase-35cm\/","og_locale":"de_DE","og_type":"article","og_title":"Sonstige Vase Glas Gesicht mit krummer Nase 35cm - Eliassen.nl","og_description":"Glasvase mit einem Gesicht. Sehr dekorativ im Zimmer. Hochwertige Glaswaren. Sehr gut als Geschenk geeignet. Gr\u00f6\u00dfe 35cm hoch. Schnelle Lieferung.","og_url":"https:\/\/www.eliassen.nl\/de\/glasvase-gesicht-mit-schiefer-nase-35cm\/","og_site_name":"Eliassen.nl","article_publisher":"https:\/\/www.facebook.com\/TuincentrumEliassenAmmerzoden","article_modified_time":"2026-03-02T13:46:05+00:00","og_image":[{"width":1536,"height":2048,"url":"https:\/\/www.eliassen.nl\/wp-content\/uploads\/2024\/10\/20221028133742.jpg","type":"image\/jpeg"}],"twitter_card":"summary_large_image","schema":{"@context":"https:\/\/schema.org","@graph":[{"@type":"WebPage","@id":"https:\/\/www.eliassen.nl\/de\/glasvase-gesicht-mit-schiefer-nase-35cm\/","url":"https:\/\/www.eliassen.nl\/de\/glasvase-gesicht-mit-schiefer-nase-35cm\/","name":"Vase Glas Gesicht mit krummer Nase 35cm - Eliassen.nl","isPartOf":{"@id":"https:\/\/www.eliassen.nl\/de\/#website"},"primaryImageOfPage":{"@id":"https:\/\/www.eliassen.nl\/de\/glasvase-gesicht-mit-schiefer-nase-35cm\/#primaryimage"},"image":{"@id":"https:\/\/www.eliassen.nl\/de\/glasvase-gesicht-mit-schiefer-nase-35cm\/#primaryimage"},"thumbnailUrl":"https:\/\/www.eliassen.nl\/wp-content\/uploads\/2024\/10\/20221028133742.jpg","datePublished":"2024-02-14T17:32:53+00:00","dateModified":"2026-03-02T13:46:05+00:00","description":"Glasvase mit einem Gesicht. Sehr dekorativ im Zimmer. Hochwertige Glaswaren. Sehr gut als Geschenk geeignet. Gr\u00f6\u00dfe 35cm hoch. Schnelle Lieferung.","breadcrumb":{"@id":"https:\/\/www.eliassen.nl\/de\/glasvase-gesicht-mit-schiefer-nase-35cm\/#breadcrumb"},"inLanguage":"de","potentialAction":[{"@type":"ReadAction","target":["https:\/\/www.eliassen.nl\/de\/glasvase-gesicht-mit-schiefer-nase-35cm\/"]}]},{"@type":"ImageObject","inLanguage":"de","@id":"https:\/\/www.eliassen.nl\/de\/glasvase-gesicht-mit-schiefer-nase-35cm\/#primaryimage","url":"https:\/\/www.eliassen.nl\/wp-content\/uploads\/2024\/10\/20221028133742.jpg","contentUrl":"https:\/\/www.eliassen.nl\/wp-content\/uploads\/2024\/10\/20221028133742.jpg","width":1536,"height":2048,"caption":"20221028_133742"},{"@type":"BreadcrumbList","@id":"https:\/\/www.eliassen.nl\/de\/glasvase-gesicht-mit-schiefer-nase-35cm\/#breadcrumb","itemListElement":[{"@type":"ListItem","position":1,"name":"Home","item":"https:\/\/www.eliassen.nl\/de\/"},{"@type":"ListItem","position":2,"name":"Shop","item":"https:\/\/www.eliassen.nl\/de\/shop\/"},{"@type":"ListItem","position":3,"name":"Glaskunst","item":"https:\/\/www.eliassen.nl\/de\/glaskunst\/"},{"@type":"ListItem","position":4,"name":"Farbige Glasvasen","item":"https:\/\/www.eliassen.nl\/de\/glaskunst\/farbige-glasvasen\/"},{"@type":"ListItem","position":5,"name":"Vase Glas Gesicht mit krummer Nase 35cm"}]},{"@type":"WebSite","@id":"https:\/\/www.eliassen.nl\/de\/#website","url":"https:\/\/www.eliassen.nl\/de\/","name":"Eliassen Home & Garden Pleasure","description":"","publisher":{"@id":"https:\/\/www.eliassen.nl\/de\/#organization"},"alternateName":"Eliassen.nl","potentialAction":[{"@type":"SearchAction","target":{"@type":"EntryPoint","urlTemplate":"https:\/\/www.eliassen.nl\/de\/?s={search_term_string}"},"query-input":{"@type":"PropertyValueSpecification","valueRequired":true,"valueName":"search_term_string"}}],"inLanguage":"de"},{"@type":["Organization","Place"],"@id":"https:\/\/www.eliassen.nl\/de\/#organization","name":"Eliassen Home & Garden Pleasure","url":"https:\/\/www.eliassen.nl\/de\/","logo":{"@id":"https:\/\/www.eliassen.nl\/de\/glasvase-gesicht-mit-schiefer-nase-35cm\/#local-main-organization-logo"},"image":{"@id":"https:\/\/www.eliassen.nl\/de\/glasvase-gesicht-mit-schiefer-nase-35cm\/#local-main-organization-logo"},"sameAs":["https:\/\/www.facebook.com\/TuincentrumEliassenAmmerzoden","https:\/\/www.instagram.com\/eliassenhomeandgarden\/","https:\/\/nl.pinterest.com\/eliassenhomeandgarden\/","https:\/\/www.youtube.com\/@eliassenhomegardenpleasure4558"],"telephone":[],"openingHoursSpecification":[{"@type":"OpeningHoursSpecification","dayOfWeek":["Monday","Tuesday","Wednesday","Thursday","Friday","Saturday","Sunday"],"opens":"09:00","closes":"17:00"}]},{"@type":"ImageObject","inLanguage":"de","@id":"https:\/\/www.eliassen.nl\/de\/glasvase-gesicht-mit-schiefer-nase-35cm\/#local-main-organization-logo","url":"https:\/\/www.eliassen.nl\/wp-content\/uploads\/2024\/01\/logo_4nd.jpg","contentUrl":"https:\/\/www.eliassen.nl\/wp-content\/uploads\/2024\/01\/logo_4nd.jpg","width":500,"height":500,"caption":"Eliassen Home & Garden Pleasure"}]},"product_price_amount":"129.00","product_price_currency":"EUR","og_availability":"instock","product_availability":"instock","product_retailer_item_id":"Gl1314","product_condition":"new"},"df_price":129,"df_sale_price":"","df_regular_price":129,"df_image_link":"https:\/\/www.eliassen.nl\/wp-content\/uploads\/2024\/10\/20221028133742.jpg","image":"https:\/\/www.eliassen.nl\/wp-content\/uploads\/2024\/10\/20221028133742.jpg","price_search":"<span class=\"woocommerce-Price-amount amount\"><bdi><span class=\"woocommerce-Price-currencySymbol\">&euro;<\/span>&nbsp;129,00<\/bdi><\/span>","category":"Farbige Glasvasen","global_unique_id":"6096525454415","_links":{"self":[{"href":"https:\/\/www.eliassen.nl\/de\/wp-json\/wp\/v2\/product\/150260","targetHints":{"allow":["GET"]}}],"collection":[{"href":"https:\/\/www.eliassen.nl\/de\/wp-json\/wp\/v2\/product"}],"about":[{"href":"https:\/\/www.eliassen.nl\/de\/wp-json\/wp\/v2\/types\/product"}],"wp:featuredmedia":[{"embeddable":true,"href":"https:\/\/www.eliassen.nl\/de\/wp-json\/wp\/v2\/media\/150257"}],"wp:attachment":[{"href":"https:\/\/www.eliassen.nl\/de\/wp-json\/wp\/v2\/media?parent=150260"}],"wp:term":[{"taxonomy":"product_brand","embeddable":true,"href":"https:\/\/www.eliassen.nl\/de\/wp-json\/wp\/v2\/product_brand?post=150260"},{"taxonomy":"product_cat","embeddable":true,"href":"https:\/\/www.eliassen.nl\/de\/wp-json\/wp\/v2\/product_cat?post=150260"},{"taxonomy":"product_tag","embeddable":true,"href":"https:\/\/www.eliassen.nl\/de\/wp-json\/wp\/v2\/product_tag?post=150260"}],"curies":[{"name":"wp","href":"https:\/\/api.w.org\/{rel}","templated":true}]}}