{"id":149387,"date":"2024-02-12T10:57:15","date_gmt":"2024-02-12T10:57:15","guid":{"rendered":"https:\/\/www.eliassen.nl\/?product=vaas-schaal-glas-zwaar-ovaal-amber-37cm"},"modified":"2026-02-27T13:31:39","modified_gmt":"2026-02-27T12:31:39","slug":"vaseschale-glas-schwer-oval-bernsteinfarben-37cm","status":"publish","type":"product","link":"https:\/\/www.eliassen.nl\/de\/vaseschale-glas-schwer-oval-bernsteinfarben-37cm\/","title":{"rendered":"Vase\/Schale Glas schwer oval bernsteinfarben 37cm"},"content":{"rendered":"<p class=\"x_MsoListParagraph\">Diese sch\u00f6ne ovale, superhelle und schwere Schale der Spitzenmarke Fidrio wird mit Sicherheit ein wertvolles Dekorationsst\u00fcck f\u00fcr Ihr Interieur sein. Das superklare und dicke Glas in Kombination mit den sch\u00f6nen Farben macht dieses Glasobjekt zu einem wahren Augenschmaus. Auf einem Sideboard, auf einer Fensterbank, neben dem Fernseher und an 1.000 anderen Orten wird dieses Kunstwerk ein Blickfang sein, aber an einem lichtdurchfluteten Ort k\u00f6nnen Sie die sch\u00f6ne Klarheit des Glases besser genie\u00dfen.<\/p>\n<p class=\"x_MsoListParagraph\">Alle Glasvasen von Fidrio werden nach traditioneller, handwerklicher Art und Weise handgefertigt. Das dicke, bearbeitbare, superhei\u00dfe Glas wird von Glasbl\u00e4sern durch komplizierte Bewegungen in die richtige Form gebracht. Da es handgefertigt ist, sind die Farbnuancen und damit das Aussehen bei jedem Exemplar anders. Die angegebenen Gr\u00f6\u00dfen sind immer Circa-Gr\u00f6\u00dfen.<\/p>\n<ul>\n<li class=\"x_MsoListParagraph\">Gr\u00f6\u00dfe: 12x37cm.<\/li>\n<li class=\"x_MsoListParagraph\">Farbe: Bernstein.<\/li>\n<li class=\"x_MsoListParagraph\">Material: mundgeblasenes super klares dickes europ\u00e4isches Glas.<\/li>\n<li class=\"x_MsoListParagraph\">Garantie: 1 Jahr.<\/li>\n<li class=\"x_MsoListParagraph\">Reinigen Sie niemals mit hei\u00dfem Wasser.<\/li>\n<li class=\"x_MsoListParagraph\">Wird auf umweltfreundliche Weise verpackt.<\/li>\n<li class=\"x_MsoListParagraph\">Das Foto dient nur als Beispiel.<\/li>\n<\/ul>\n","protected":false},"excerpt":{"rendered":"<p>Extra schweres und gro\u00dfformatiges Modell. Gr\u00f6\u00dfe 12x37cm.<\/p>\n","protected":false},"featured_media":149375,"template":"","meta":{"_acf_changed":false,"_genesis_title":"","_genesis_description":""},"product_brand":[6950],"product_cat":[812,800,7060],"product_tag":[],"class_list":{"0":"post-149387","1":"product","2":"type-product","3":"status-publish","4":"has-post-thumbnail","6":"product_brand-fidrio-de","7":"product_cat-farbige-glasvasen","8":"product_cat-glaskunst","9":"product_cat-fidrio-glaskollektion","11":"first","12":"outofstock","13":"taxable","14":"shipping-taxable","15":"purchasable","16":"product-type-simple"},"acf":[],"meta_all":{"total_sales":"6","wcml_sync_hash":{"postmeta_fields":"c867c605d3dd0a796f2c1089cf9917a6"},"attr_label_translations":[],"cor_restricted_countries":[]},"meta_all_flat":{"total_sales":"6","wcml_sync_hash.postmeta_fields":"c867c605d3dd0a796f2c1089cf9917a6"},"yoast_head":"<!-- This site is optimized with the Yoast SEO Premium plugin v26.2 (Yoast SEO v27.2) - https:\/\/yoast.com\/product\/yoast-seo-premium-wordpress\/ -->\n<title>Vase\/Schale Glas schwer oval bernsteinfarben 37cm - Eliassen.nl<\/title>\n<meta name=\"description\" content=\"Suchen Sie eine ovale Schale aus Glas? Sehen Sie sich unsere Glaskollektion online in unserem Webshop an oder besuchen Sie uns! Glasschale aus Glas in sch\u00f6nen, satten Farben. 37cm\" \/>\n<meta name=\"robots\" content=\"index, follow, max-snippet:-1, max-image-preview:large, max-video-preview:-1\" \/>\n<link rel=\"canonical\" href=\"https:\/\/www.eliassen.nl\/de\/vaseschale-glas-schwer-oval-bernsteinfarben-37cm\/\" \/>\n<meta property=\"og:locale\" content=\"de_DE\" \/>\n<meta property=\"og:type\" content=\"article\" \/>\n<meta property=\"og:title\" content=\"Fidrio Vase\/Schale Glas schwer oval bernsteinfarben 37cm - Eliassen.nl\" \/>\n<meta property=\"og:description\" content=\"Suchen Sie eine ovale Schale aus Glas? Sehen Sie sich unsere Glaskollektion online in unserem Webshop an oder besuchen Sie uns! Glasschale aus Glas in sch\u00f6nen, satten Farben. 37cm\" \/>\n<meta property=\"og:url\" content=\"https:\/\/www.eliassen.nl\/de\/vaseschale-glas-schwer-oval-bernsteinfarben-37cm\/\" \/>\n<meta property=\"og:site_name\" content=\"Eliassen.nl\" \/>\n<meta property=\"article:publisher\" content=\"https:\/\/www.facebook.com\/TuincentrumEliassenAmmerzoden\" \/>\n<meta property=\"article:modified_time\" content=\"2026-02-27T12:31:39+00:00\" \/>\n<meta property=\"og:image\" content=\"https:\/\/www.eliassen.nl\/wp-content\/uploads\/2024\/10\/vaasschaalglaszwaarovaalamber37cmeliassennl.jpg\" \/>\n\t<meta property=\"og:image:width\" content=\"2048\" \/>\n\t<meta property=\"og:image:height\" content=\"1108\" \/>\n\t<meta property=\"og:image:type\" content=\"image\/jpeg\" \/>\n<meta name=\"twitter:card\" content=\"summary_large_image\" \/>\n<script type=\"application\/ld+json\" class=\"yoast-schema-graph\">{\"@context\":\"https:\/\/schema.org\",\"@graph\":[{\"@type\":\"WebPage\",\"@id\":\"https:\/\/www.eliassen.nl\/de\/vaseschale-glas-schwer-oval-bernsteinfarben-37cm\/\",\"url\":\"https:\/\/www.eliassen.nl\/de\/vaseschale-glas-schwer-oval-bernsteinfarben-37cm\/\",\"name\":\"Vase\/Schale Glas schwer oval bernsteinfarben 37cm - Eliassen.nl\",\"isPartOf\":{\"@id\":\"https:\/\/www.eliassen.nl\/de\/#website\"},\"primaryImageOfPage\":{\"@id\":\"https:\/\/www.eliassen.nl\/de\/vaseschale-glas-schwer-oval-bernsteinfarben-37cm\/#primaryimage\"},\"image\":{\"@id\":\"https:\/\/www.eliassen.nl\/de\/vaseschale-glas-schwer-oval-bernsteinfarben-37cm\/#primaryimage\"},\"thumbnailUrl\":\"https:\/\/www.eliassen.nl\/wp-content\/uploads\/2024\/10\/vaasschaalglaszwaarovaalamber37cmeliassennl.jpg\",\"datePublished\":\"2024-02-12T10:57:15+00:00\",\"dateModified\":\"2026-02-27T12:31:39+00:00\",\"description\":\"Suchen Sie eine ovale Schale aus Glas? Sehen Sie sich unsere Glaskollektion online in unserem Webshop an oder besuchen Sie uns! Glasschale aus Glas in sch\u00f6nen, satten Farben. 37cm\",\"breadcrumb\":{\"@id\":\"https:\/\/www.eliassen.nl\/de\/vaseschale-glas-schwer-oval-bernsteinfarben-37cm\/#breadcrumb\"},\"inLanguage\":\"de\",\"potentialAction\":[{\"@type\":\"ReadAction\",\"target\":[\"https:\/\/www.eliassen.nl\/de\/vaseschale-glas-schwer-oval-bernsteinfarben-37cm\/\"]}]},{\"@type\":\"ImageObject\",\"inLanguage\":\"de\",\"@id\":\"https:\/\/www.eliassen.nl\/de\/vaseschale-glas-schwer-oval-bernsteinfarben-37cm\/#primaryimage\",\"url\":\"https:\/\/www.eliassen.nl\/wp-content\/uploads\/2024\/10\/vaasschaalglaszwaarovaalamber37cmeliassennl.jpg\",\"contentUrl\":\"https:\/\/www.eliassen.nl\/wp-content\/uploads\/2024\/10\/vaasschaalglaszwaarovaalamber37cmeliassennl.jpg\",\"width\":2048,\"height\":1108,\"caption\":\"Vase Schale Glas schwer oval bernsteinfarben 37cm eliassen.co.uk 1\"},{\"@type\":\"BreadcrumbList\",\"@id\":\"https:\/\/www.eliassen.nl\/de\/vaseschale-glas-schwer-oval-bernsteinfarben-37cm\/#breadcrumb\",\"itemListElement\":[{\"@type\":\"ListItem\",\"position\":1,\"name\":\"Home\",\"item\":\"https:\/\/www.eliassen.nl\/de\/\"},{\"@type\":\"ListItem\",\"position\":2,\"name\":\"Shop\",\"item\":\"https:\/\/www.eliassen.nl\/de\/shop\/\"},{\"@type\":\"ListItem\",\"position\":3,\"name\":\"Glaskunst\",\"item\":\"https:\/\/www.eliassen.nl\/de\/glaskunst\/\"},{\"@type\":\"ListItem\",\"position\":4,\"name\":\"Farbige Glasvasen\",\"item\":\"https:\/\/www.eliassen.nl\/de\/glaskunst\/farbige-glasvasen\/\"},{\"@type\":\"ListItem\",\"position\":5,\"name\":\"Vase\/Schale Glas schwer oval bernsteinfarben 37cm\"}]},{\"@type\":\"WebSite\",\"@id\":\"https:\/\/www.eliassen.nl\/de\/#website\",\"url\":\"https:\/\/www.eliassen.nl\/de\/\",\"name\":\"Eliassen Home & Garden Pleasure\",\"description\":\"\",\"publisher\":{\"@id\":\"https:\/\/www.eliassen.nl\/de\/#organization\"},\"alternateName\":\"Eliassen.nl\",\"potentialAction\":[{\"@type\":\"SearchAction\",\"target\":{\"@type\":\"EntryPoint\",\"urlTemplate\":\"https:\/\/www.eliassen.nl\/de\/?s={search_term_string}\"},\"query-input\":{\"@type\":\"PropertyValueSpecification\",\"valueRequired\":true,\"valueName\":\"search_term_string\"}}],\"inLanguage\":\"de\"},{\"@type\":[\"Organization\",\"Place\"],\"@id\":\"https:\/\/www.eliassen.nl\/de\/#organization\",\"name\":\"Eliassen Home & Garden Pleasure\",\"url\":\"https:\/\/www.eliassen.nl\/de\/\",\"logo\":{\"@id\":\"https:\/\/www.eliassen.nl\/de\/vaseschale-glas-schwer-oval-bernsteinfarben-37cm\/#local-main-organization-logo\"},\"image\":{\"@id\":\"https:\/\/www.eliassen.nl\/de\/vaseschale-glas-schwer-oval-bernsteinfarben-37cm\/#local-main-organization-logo\"},\"sameAs\":[\"https:\/\/www.facebook.com\/TuincentrumEliassenAmmerzoden\",\"https:\/\/www.instagram.com\/eliassenhomeandgarden\/\",\"https:\/\/nl.pinterest.com\/eliassenhomeandgarden\/\",\"https:\/\/www.youtube.com\/@eliassenhomegardenpleasure4558\"],\"telephone\":[],\"openingHoursSpecification\":[{\"@type\":\"OpeningHoursSpecification\",\"dayOfWeek\":[\"Monday\",\"Tuesday\",\"Wednesday\",\"Thursday\",\"Friday\",\"Saturday\",\"Sunday\"],\"opens\":\"09:00\",\"closes\":\"17:00\"}]},{\"@type\":\"ImageObject\",\"inLanguage\":\"de\",\"@id\":\"https:\/\/www.eliassen.nl\/de\/vaseschale-glas-schwer-oval-bernsteinfarben-37cm\/#local-main-organization-logo\",\"url\":\"https:\/\/www.eliassen.nl\/wp-content\/uploads\/2024\/01\/logo_4nd.jpg\",\"contentUrl\":\"https:\/\/www.eliassen.nl\/wp-content\/uploads\/2024\/01\/logo_4nd.jpg\",\"width\":500,\"height\":500,\"caption\":\"Eliassen Home & Garden Pleasure\"}]}<\/script>\n<meta property=\"product:price:amount\" content=\"132.50\" \/>\n<meta property=\"product:price:currency\" content=\"EUR\" \/>\n<meta property=\"og:availability\" content=\"out of stock\" \/>\n<meta property=\"product:availability\" content=\"out of stock\" \/>\n<meta property=\"product:retailer_item_id\" content=\"Sa12094-8-amb\" \/>\n<meta property=\"product:condition\" content=\"new\" \/>\n<!-- \/ Yoast SEO Premium plugin. -->","yoast_head_json":{"title":"Vase\/Schale Glas schwer oval bernsteinfarben 37cm - Eliassen.nl","description":"Suchen Sie eine ovale Schale aus Glas? Sehen Sie sich unsere Glaskollektion online in unserem Webshop an oder besuchen Sie uns! Glasschale aus Glas in sch\u00f6nen, satten Farben. 37cm","robots":{"index":"index","follow":"follow","max-snippet":"max-snippet:-1","max-image-preview":"max-image-preview:large","max-video-preview":"max-video-preview:-1"},"canonical":"https:\/\/www.eliassen.nl\/de\/vaseschale-glas-schwer-oval-bernsteinfarben-37cm\/","og_locale":"de_DE","og_type":"article","og_title":"Fidrio Vase\/Schale Glas schwer oval bernsteinfarben 37cm - Eliassen.nl","og_description":"Suchen Sie eine ovale Schale aus Glas? Sehen Sie sich unsere Glaskollektion online in unserem Webshop an oder besuchen Sie uns! Glasschale aus Glas in sch\u00f6nen, satten Farben. 37cm","og_url":"https:\/\/www.eliassen.nl\/de\/vaseschale-glas-schwer-oval-bernsteinfarben-37cm\/","og_site_name":"Eliassen.nl","article_publisher":"https:\/\/www.facebook.com\/TuincentrumEliassenAmmerzoden","article_modified_time":"2026-02-27T12:31:39+00:00","og_image":[{"width":2048,"height":1108,"url":"https:\/\/www.eliassen.nl\/wp-content\/uploads\/2024\/10\/vaasschaalglaszwaarovaalamber37cmeliassennl.jpg","type":"image\/jpeg"}],"twitter_card":"summary_large_image","schema":{"@context":"https:\/\/schema.org","@graph":[{"@type":"WebPage","@id":"https:\/\/www.eliassen.nl\/de\/vaseschale-glas-schwer-oval-bernsteinfarben-37cm\/","url":"https:\/\/www.eliassen.nl\/de\/vaseschale-glas-schwer-oval-bernsteinfarben-37cm\/","name":"Vase\/Schale Glas schwer oval bernsteinfarben 37cm - Eliassen.nl","isPartOf":{"@id":"https:\/\/www.eliassen.nl\/de\/#website"},"primaryImageOfPage":{"@id":"https:\/\/www.eliassen.nl\/de\/vaseschale-glas-schwer-oval-bernsteinfarben-37cm\/#primaryimage"},"image":{"@id":"https:\/\/www.eliassen.nl\/de\/vaseschale-glas-schwer-oval-bernsteinfarben-37cm\/#primaryimage"},"thumbnailUrl":"https:\/\/www.eliassen.nl\/wp-content\/uploads\/2024\/10\/vaasschaalglaszwaarovaalamber37cmeliassennl.jpg","datePublished":"2024-02-12T10:57:15+00:00","dateModified":"2026-02-27T12:31:39+00:00","description":"Suchen Sie eine ovale Schale aus Glas? Sehen Sie sich unsere Glaskollektion online in unserem Webshop an oder besuchen Sie uns! Glasschale aus Glas in sch\u00f6nen, satten Farben. 37cm","breadcrumb":{"@id":"https:\/\/www.eliassen.nl\/de\/vaseschale-glas-schwer-oval-bernsteinfarben-37cm\/#breadcrumb"},"inLanguage":"de","potentialAction":[{"@type":"ReadAction","target":["https:\/\/www.eliassen.nl\/de\/vaseschale-glas-schwer-oval-bernsteinfarben-37cm\/"]}]},{"@type":"ImageObject","inLanguage":"de","@id":"https:\/\/www.eliassen.nl\/de\/vaseschale-glas-schwer-oval-bernsteinfarben-37cm\/#primaryimage","url":"https:\/\/www.eliassen.nl\/wp-content\/uploads\/2024\/10\/vaasschaalglaszwaarovaalamber37cmeliassennl.jpg","contentUrl":"https:\/\/www.eliassen.nl\/wp-content\/uploads\/2024\/10\/vaasschaalglaszwaarovaalamber37cmeliassennl.jpg","width":2048,"height":1108,"caption":"Vase Schale Glas schwer oval bernsteinfarben 37cm eliassen.co.uk 1"},{"@type":"BreadcrumbList","@id":"https:\/\/www.eliassen.nl\/de\/vaseschale-glas-schwer-oval-bernsteinfarben-37cm\/#breadcrumb","itemListElement":[{"@type":"ListItem","position":1,"name":"Home","item":"https:\/\/www.eliassen.nl\/de\/"},{"@type":"ListItem","position":2,"name":"Shop","item":"https:\/\/www.eliassen.nl\/de\/shop\/"},{"@type":"ListItem","position":3,"name":"Glaskunst","item":"https:\/\/www.eliassen.nl\/de\/glaskunst\/"},{"@type":"ListItem","position":4,"name":"Farbige Glasvasen","item":"https:\/\/www.eliassen.nl\/de\/glaskunst\/farbige-glasvasen\/"},{"@type":"ListItem","position":5,"name":"Vase\/Schale Glas schwer oval bernsteinfarben 37cm"}]},{"@type":"WebSite","@id":"https:\/\/www.eliassen.nl\/de\/#website","url":"https:\/\/www.eliassen.nl\/de\/","name":"Eliassen Home & Garden Pleasure","description":"","publisher":{"@id":"https:\/\/www.eliassen.nl\/de\/#organization"},"alternateName":"Eliassen.nl","potentialAction":[{"@type":"SearchAction","target":{"@type":"EntryPoint","urlTemplate":"https:\/\/www.eliassen.nl\/de\/?s={search_term_string}"},"query-input":{"@type":"PropertyValueSpecification","valueRequired":true,"valueName":"search_term_string"}}],"inLanguage":"de"},{"@type":["Organization","Place"],"@id":"https:\/\/www.eliassen.nl\/de\/#organization","name":"Eliassen Home & Garden Pleasure","url":"https:\/\/www.eliassen.nl\/de\/","logo":{"@id":"https:\/\/www.eliassen.nl\/de\/vaseschale-glas-schwer-oval-bernsteinfarben-37cm\/#local-main-organization-logo"},"image":{"@id":"https:\/\/www.eliassen.nl\/de\/vaseschale-glas-schwer-oval-bernsteinfarben-37cm\/#local-main-organization-logo"},"sameAs":["https:\/\/www.facebook.com\/TuincentrumEliassenAmmerzoden","https:\/\/www.instagram.com\/eliassenhomeandgarden\/","https:\/\/nl.pinterest.com\/eliassenhomeandgarden\/","https:\/\/www.youtube.com\/@eliassenhomegardenpleasure4558"],"telephone":[],"openingHoursSpecification":[{"@type":"OpeningHoursSpecification","dayOfWeek":["Monday","Tuesday","Wednesday","Thursday","Friday","Saturday","Sunday"],"opens":"09:00","closes":"17:00"}]},{"@type":"ImageObject","inLanguage":"de","@id":"https:\/\/www.eliassen.nl\/de\/vaseschale-glas-schwer-oval-bernsteinfarben-37cm\/#local-main-organization-logo","url":"https:\/\/www.eliassen.nl\/wp-content\/uploads\/2024\/01\/logo_4nd.jpg","contentUrl":"https:\/\/www.eliassen.nl\/wp-content\/uploads\/2024\/01\/logo_4nd.jpg","width":500,"height":500,"caption":"Eliassen Home & Garden Pleasure"}]},"product_price_amount":"132.50","product_price_currency":"EUR","og_availability":"out of stock","product_availability":"out of stock","product_retailer_item_id":"Sa12094-8-amb","product_condition":"new"},"df_price":132.5,"df_sale_price":"","df_regular_price":132.5,"df_image_link":"https:\/\/www.eliassen.nl\/wp-content\/uploads\/2024\/10\/vaasschaalglaszwaarovaalamber37cmeliassennl.jpg","image":"https:\/\/www.eliassen.nl\/wp-content\/uploads\/2024\/10\/vaasschaalglaszwaarovaalamber37cmeliassennl.jpg","price_search":"<span class=\"woocommerce-Price-amount amount\"><bdi><span class=\"woocommerce-Price-currencySymbol\">&euro;<\/span>&nbsp;132,50<\/bdi><\/span>","category":"Farbige Glasvasen","global_unique_id":"8720297678493","_links":{"self":[{"href":"https:\/\/www.eliassen.nl\/de\/wp-json\/wp\/v2\/product\/149387","targetHints":{"allow":["GET"]}}],"collection":[{"href":"https:\/\/www.eliassen.nl\/de\/wp-json\/wp\/v2\/product"}],"about":[{"href":"https:\/\/www.eliassen.nl\/de\/wp-json\/wp\/v2\/types\/product"}],"wp:featuredmedia":[{"embeddable":true,"href":"https:\/\/www.eliassen.nl\/de\/wp-json\/wp\/v2\/media\/149375"}],"wp:attachment":[{"href":"https:\/\/www.eliassen.nl\/de\/wp-json\/wp\/v2\/media?parent=149387"}],"wp:term":[{"taxonomy":"product_brand","embeddable":true,"href":"https:\/\/www.eliassen.nl\/de\/wp-json\/wp\/v2\/product_brand?post=149387"},{"taxonomy":"product_cat","embeddable":true,"href":"https:\/\/www.eliassen.nl\/de\/wp-json\/wp\/v2\/product_cat?post=149387"},{"taxonomy":"product_tag","embeddable":true,"href":"https:\/\/www.eliassen.nl\/de\/wp-json\/wp\/v2\/product_tag?post=149387"}],"curies":[{"name":"wp","href":"https:\/\/api.w.org\/{rel}","templated":true}]}}