{"id":149246,"date":"2024-02-10T10:07:14","date_gmt":"2024-02-10T10:07:14","guid":{"rendered":"https:\/\/www.eliassen.nl\/?product=vogel-meeuw-zittend-glas-xxl-30cm-fiji"},"modified":"2026-03-06T12:29:13","modified_gmt":"2026-03-06T11:29:13","slug":"vogel-mowe-sitzend-glas-xxl-30cm-fidschi","status":"publish","type":"product","link":"https:\/\/www.eliassen.nl\/de\/vogel-mowe-sitzend-glas-xxl-30cm-fidschi\/","title":{"rendered":"Vogel M\u00f6we sitzend Glas XXL 30cm Fidschi"},"content":{"rendered":"<p class=\"x_MsoListParagraph\">Diese sch\u00f6ne Vogelskulptur aus Glas von der Top-Marke Fidrio wird sicherlich ein wertvolles Dekorationsst\u00fcck f\u00fcr Ihr Interieur sein. Das superklare Glas in Kombination mit den sch\u00f6nen Farben macht dieses Glasobjekt zu einem wahren Augenschmaus. Auf einem Sideboard, auf einer Fensterbank, neben dem Fernseher und an 1.000 anderen Orten wird dieses Kunstwerk eine sch\u00f6ne Erg\u00e4nzung sein.<\/p>\n<p class=\"x_MsoListParagraph\">Alle Glasobjekte von Fidrio werden nach traditioneller, handwerklicher Art und Weise handgefertigt. Das bearbeitbare, superhei\u00dfe Glas wird von Glasbl\u00e4sern durch komplizierte Bewegungen in die richtige Form gebracht, dann wird der zweifarbige Kopf angebracht. Da es handgefertigt ist, sind die Farbnuancen und damit das Aussehen bei jedem Exemplar anders. Die angegebenen Gr\u00f6\u00dfen sind immer &#8222;ungef\u00e4hre&#8220; Gr\u00f6\u00dfen.<\/p>\n<ul>\n<li class=\"x_MsoListParagraph\">Gr\u00f6\u00dfe: 16x15x30cm.<\/li>\n<li class=\"x_MsoListParagraph\">Farbe: Gr\u00fcn, Braun und Gold.<\/li>\n<li class=\"x_MsoListParagraph\">Material: Mundgeblasenes europ\u00e4isches Glas.<\/li>\n<li class=\"x_MsoListParagraph\">Garantie: 1 Jahr.<\/li>\n<li class=\"x_MsoListParagraph\">Reinigen Sie niemals mit hei\u00dfem Wasser.<\/li>\n<li class=\"x_MsoListParagraph\">Wird auf umweltfreundliche Weise verpackt.<\/li>\n<li class=\"x_MsoListParagraph\">Das Foto dient nur als Beispiel.<\/li>\n<li class=\"x_MsoListParagraph\">Dieser Artikel wird KOSTENLOS IN DIE NIEDERLANDE versandt, die R\u00fccksendung erfolgt auf Ihre Kosten und Ihr Risiko.<\/li>\n<\/ul>\n","protected":false},"excerpt":{"rendered":"<p>Extra gro\u00dfes und schweres Modell eines dekorativen Glasvogels.<\/p>\n","protected":false},"featured_media":149237,"template":"","meta":{"_acf_changed":false,"_genesis_title":"","_genesis_description":""},"product_brand":[6950],"product_cat":[800,824,7060],"product_tag":[],"class_list":{"0":"post-149246","1":"product","2":"type-product","3":"status-publish","4":"has-post-thumbnail","6":"product_brand-fidrio-de","7":"product_cat-glaskunst","8":"product_cat-tierfiguren-aus-glas","9":"product_cat-fidrio-glaskollektion","11":"first","12":"outofstock","13":"taxable","14":"shipping-taxable","15":"purchasable","16":"product-type-simple"},"acf":[],"meta_all":{"total_sales":"3","wcml_sync_hash":{"postmeta_fields":"81613f487a557884ae538d8a9a1b6022"},"attr_label_translations":[],"cor_restricted_countries":[]},"meta_all_flat":{"total_sales":"3","wcml_sync_hash.postmeta_fields":"81613f487a557884ae538d8a9a1b6022"},"yoast_head":"<!-- This site is optimized with the Yoast SEO Premium plugin v26.2 (Yoast SEO v27.2) - https:\/\/yoast.com\/product\/yoast-seo-premium-wordpress\/ -->\n<title>Vogel M\u00f6we sitzend Glas XXL 30cm Fidschi - Eliassen.nl<\/title>\n<meta name=\"description\" content=\"Sind Sie auf der Suche nach einem dekorativen Vogel aus Glas? Dieses h\u00fcbsche Glasobjekt mit sch\u00f6nen Farben wird Ihnen sicher gefallen. Gr\u00f6\u00dfe nicht kleiner als 30 cm.\" \/>\n<meta name=\"robots\" content=\"index, follow, max-snippet:-1, max-image-preview:large, max-video-preview:-1\" \/>\n<link rel=\"canonical\" href=\"https:\/\/www.eliassen.nl\/de\/vogel-mowe-sitzend-glas-xxl-30cm-fidschi\/\" \/>\n<meta property=\"og:locale\" content=\"de_DE\" \/>\n<meta property=\"og:type\" content=\"article\" \/>\n<meta property=\"og:title\" content=\"Fidrio Vogel M\u00f6we sitzend Glas XXL 30cm Fidschi - Eliassen.nl\" \/>\n<meta property=\"og:description\" content=\"Sind Sie auf der Suche nach einem dekorativen Vogel aus Glas? Dieses h\u00fcbsche Glasobjekt mit sch\u00f6nen Farben wird Ihnen sicher gefallen. Gr\u00f6\u00dfe nicht kleiner als 30 cm.\" \/>\n<meta property=\"og:url\" content=\"https:\/\/www.eliassen.nl\/de\/vogel-mowe-sitzend-glas-xxl-30cm-fidschi\/\" \/>\n<meta property=\"og:site_name\" content=\"Eliassen.nl\" \/>\n<meta property=\"article:publisher\" content=\"https:\/\/www.facebook.com\/TuincentrumEliassenAmmerzoden\" \/>\n<meta property=\"article:modified_time\" content=\"2026-03-06T11:29:13+00:00\" \/>\n<meta property=\"og:image\" content=\"https:\/\/www.eliassen.nl\/wp-content\/uploads\/2024\/10\/meeuwglasxxleliassennlfl470fij.jpg\" \/>\n\t<meta property=\"og:image:width\" content=\"2000\" \/>\n\t<meta property=\"og:image:height\" content=\"2000\" \/>\n\t<meta property=\"og:image:type\" content=\"image\/jpeg\" \/>\n<meta name=\"twitter:card\" content=\"summary_large_image\" \/>\n<script type=\"application\/ld+json\" class=\"yoast-schema-graph\">{\"@context\":\"https:\/\/schema.org\",\"@graph\":[{\"@type\":\"WebPage\",\"@id\":\"https:\/\/www.eliassen.nl\/de\/vogel-mowe-sitzend-glas-xxl-30cm-fidschi\/\",\"url\":\"https:\/\/www.eliassen.nl\/de\/vogel-mowe-sitzend-glas-xxl-30cm-fidschi\/\",\"name\":\"Vogel M\u00f6we sitzend Glas XXL 30cm Fidschi - Eliassen.nl\",\"isPartOf\":{\"@id\":\"https:\/\/www.eliassen.nl\/de\/#website\"},\"primaryImageOfPage\":{\"@id\":\"https:\/\/www.eliassen.nl\/de\/vogel-mowe-sitzend-glas-xxl-30cm-fidschi\/#primaryimage\"},\"image\":{\"@id\":\"https:\/\/www.eliassen.nl\/de\/vogel-mowe-sitzend-glas-xxl-30cm-fidschi\/#primaryimage\"},\"thumbnailUrl\":\"https:\/\/www.eliassen.nl\/wp-content\/uploads\/2024\/10\/meeuwglasxxleliassennlfl470fij.jpg\",\"datePublished\":\"2024-02-10T10:07:14+00:00\",\"dateModified\":\"2026-03-06T11:29:13+00:00\",\"description\":\"Sind Sie auf der Suche nach einem dekorativen Vogel aus Glas? Dieses h\u00fcbsche Glasobjekt mit sch\u00f6nen Farben wird Ihnen sicher gefallen. Gr\u00f6\u00dfe nicht kleiner als 30 cm.\",\"breadcrumb\":{\"@id\":\"https:\/\/www.eliassen.nl\/de\/vogel-mowe-sitzend-glas-xxl-30cm-fidschi\/#breadcrumb\"},\"inLanguage\":\"de\",\"potentialAction\":[{\"@type\":\"ReadAction\",\"target\":[\"https:\/\/www.eliassen.nl\/de\/vogel-mowe-sitzend-glas-xxl-30cm-fidschi\/\"]}]},{\"@type\":\"ImageObject\",\"inLanguage\":\"de\",\"@id\":\"https:\/\/www.eliassen.nl\/de\/vogel-mowe-sitzend-glas-xxl-30cm-fidschi\/#primaryimage\",\"url\":\"https:\/\/www.eliassen.nl\/wp-content\/uploads\/2024\/10\/meeuwglasxxleliassennlfl470fij.jpg\",\"contentUrl\":\"https:\/\/www.eliassen.nl\/wp-content\/uploads\/2024\/10\/meeuwglasxxleliassennlfl470fij.jpg\",\"width\":2000,\"height\":2000,\"caption\":\"M\u00f6wenglas xxl Eliassen.nl fl470-fij\"},{\"@type\":\"BreadcrumbList\",\"@id\":\"https:\/\/www.eliassen.nl\/de\/vogel-mowe-sitzend-glas-xxl-30cm-fidschi\/#breadcrumb\",\"itemListElement\":[{\"@type\":\"ListItem\",\"position\":1,\"name\":\"Home\",\"item\":\"https:\/\/www.eliassen.nl\/de\/\"},{\"@type\":\"ListItem\",\"position\":2,\"name\":\"Shop\",\"item\":\"https:\/\/www.eliassen.nl\/de\/shop\/\"},{\"@type\":\"ListItem\",\"position\":3,\"name\":\"Fidrio Glaskollektion\",\"item\":\"https:\/\/www.eliassen.nl\/de\/glaskunst\/fidrio-glaskollektion\/\"},{\"@type\":\"ListItem\",\"position\":4,\"name\":\"Vogel M\u00f6we sitzend Glas XXL 30cm Fidschi\"}]},{\"@type\":\"WebSite\",\"@id\":\"https:\/\/www.eliassen.nl\/de\/#website\",\"url\":\"https:\/\/www.eliassen.nl\/de\/\",\"name\":\"Eliassen Home & Garden Pleasure\",\"description\":\"\",\"publisher\":{\"@id\":\"https:\/\/www.eliassen.nl\/de\/#organization\"},\"alternateName\":\"Eliassen.nl\",\"potentialAction\":[{\"@type\":\"SearchAction\",\"target\":{\"@type\":\"EntryPoint\",\"urlTemplate\":\"https:\/\/www.eliassen.nl\/de\/?s={search_term_string}\"},\"query-input\":{\"@type\":\"PropertyValueSpecification\",\"valueRequired\":true,\"valueName\":\"search_term_string\"}}],\"inLanguage\":\"de\"},{\"@type\":[\"Organization\",\"Place\"],\"@id\":\"https:\/\/www.eliassen.nl\/de\/#organization\",\"name\":\"Eliassen Home & Garden Pleasure\",\"url\":\"https:\/\/www.eliassen.nl\/de\/\",\"logo\":{\"@id\":\"https:\/\/www.eliassen.nl\/de\/vogel-mowe-sitzend-glas-xxl-30cm-fidschi\/#local-main-organization-logo\"},\"image\":{\"@id\":\"https:\/\/www.eliassen.nl\/de\/vogel-mowe-sitzend-glas-xxl-30cm-fidschi\/#local-main-organization-logo\"},\"sameAs\":[\"https:\/\/www.facebook.com\/TuincentrumEliassenAmmerzoden\",\"https:\/\/www.instagram.com\/eliassenhomeandgarden\/\",\"https:\/\/nl.pinterest.com\/eliassenhomeandgarden\/\",\"https:\/\/www.youtube.com\/@eliassenhomegardenpleasure4558\"],\"telephone\":[],\"openingHoursSpecification\":[{\"@type\":\"OpeningHoursSpecification\",\"dayOfWeek\":[\"Monday\",\"Tuesday\",\"Wednesday\",\"Thursday\",\"Friday\",\"Saturday\",\"Sunday\"],\"opens\":\"09:00\",\"closes\":\"17:00\"}]},{\"@type\":\"ImageObject\",\"inLanguage\":\"de\",\"@id\":\"https:\/\/www.eliassen.nl\/de\/vogel-mowe-sitzend-glas-xxl-30cm-fidschi\/#local-main-organization-logo\",\"url\":\"https:\/\/www.eliassen.nl\/wp-content\/uploads\/2024\/01\/logo_4nd.jpg\",\"contentUrl\":\"https:\/\/www.eliassen.nl\/wp-content\/uploads\/2024\/01\/logo_4nd.jpg\",\"width\":500,\"height\":500,\"caption\":\"Eliassen Home & Garden Pleasure\"}]}<\/script>\n<meta property=\"product:price:amount\" content=\"76.50\" \/>\n<meta property=\"product:price:currency\" content=\"EUR\" \/>\n<meta property=\"og:availability\" content=\"out of stock\" \/>\n<meta property=\"product:availability\" content=\"out of stock\" \/>\n<meta property=\"product:retailer_item_id\" content=\"Fl470-fij\" \/>\n<meta property=\"product:condition\" content=\"new\" \/>\n<!-- \/ Yoast SEO Premium plugin. -->","yoast_head_json":{"title":"Vogel M\u00f6we sitzend Glas XXL 30cm Fidschi - Eliassen.nl","description":"Sind Sie auf der Suche nach einem dekorativen Vogel aus Glas? Dieses h\u00fcbsche Glasobjekt mit sch\u00f6nen Farben wird Ihnen sicher gefallen. Gr\u00f6\u00dfe nicht kleiner als 30 cm.","robots":{"index":"index","follow":"follow","max-snippet":"max-snippet:-1","max-image-preview":"max-image-preview:large","max-video-preview":"max-video-preview:-1"},"canonical":"https:\/\/www.eliassen.nl\/de\/vogel-mowe-sitzend-glas-xxl-30cm-fidschi\/","og_locale":"de_DE","og_type":"article","og_title":"Fidrio Vogel M\u00f6we sitzend Glas XXL 30cm Fidschi - Eliassen.nl","og_description":"Sind Sie auf der Suche nach einem dekorativen Vogel aus Glas? Dieses h\u00fcbsche Glasobjekt mit sch\u00f6nen Farben wird Ihnen sicher gefallen. Gr\u00f6\u00dfe nicht kleiner als 30 cm.","og_url":"https:\/\/www.eliassen.nl\/de\/vogel-mowe-sitzend-glas-xxl-30cm-fidschi\/","og_site_name":"Eliassen.nl","article_publisher":"https:\/\/www.facebook.com\/TuincentrumEliassenAmmerzoden","article_modified_time":"2026-03-06T11:29:13+00:00","og_image":[{"width":2000,"height":2000,"url":"https:\/\/www.eliassen.nl\/wp-content\/uploads\/2024\/10\/meeuwglasxxleliassennlfl470fij.jpg","type":"image\/jpeg"}],"twitter_card":"summary_large_image","schema":{"@context":"https:\/\/schema.org","@graph":[{"@type":"WebPage","@id":"https:\/\/www.eliassen.nl\/de\/vogel-mowe-sitzend-glas-xxl-30cm-fidschi\/","url":"https:\/\/www.eliassen.nl\/de\/vogel-mowe-sitzend-glas-xxl-30cm-fidschi\/","name":"Vogel M\u00f6we sitzend Glas XXL 30cm Fidschi - Eliassen.nl","isPartOf":{"@id":"https:\/\/www.eliassen.nl\/de\/#website"},"primaryImageOfPage":{"@id":"https:\/\/www.eliassen.nl\/de\/vogel-mowe-sitzend-glas-xxl-30cm-fidschi\/#primaryimage"},"image":{"@id":"https:\/\/www.eliassen.nl\/de\/vogel-mowe-sitzend-glas-xxl-30cm-fidschi\/#primaryimage"},"thumbnailUrl":"https:\/\/www.eliassen.nl\/wp-content\/uploads\/2024\/10\/meeuwglasxxleliassennlfl470fij.jpg","datePublished":"2024-02-10T10:07:14+00:00","dateModified":"2026-03-06T11:29:13+00:00","description":"Sind Sie auf der Suche nach einem dekorativen Vogel aus Glas? Dieses h\u00fcbsche Glasobjekt mit sch\u00f6nen Farben wird Ihnen sicher gefallen. Gr\u00f6\u00dfe nicht kleiner als 30 cm.","breadcrumb":{"@id":"https:\/\/www.eliassen.nl\/de\/vogel-mowe-sitzend-glas-xxl-30cm-fidschi\/#breadcrumb"},"inLanguage":"de","potentialAction":[{"@type":"ReadAction","target":["https:\/\/www.eliassen.nl\/de\/vogel-mowe-sitzend-glas-xxl-30cm-fidschi\/"]}]},{"@type":"ImageObject","inLanguage":"de","@id":"https:\/\/www.eliassen.nl\/de\/vogel-mowe-sitzend-glas-xxl-30cm-fidschi\/#primaryimage","url":"https:\/\/www.eliassen.nl\/wp-content\/uploads\/2024\/10\/meeuwglasxxleliassennlfl470fij.jpg","contentUrl":"https:\/\/www.eliassen.nl\/wp-content\/uploads\/2024\/10\/meeuwglasxxleliassennlfl470fij.jpg","width":2000,"height":2000,"caption":"M\u00f6wenglas xxl Eliassen.nl fl470-fij"},{"@type":"BreadcrumbList","@id":"https:\/\/www.eliassen.nl\/de\/vogel-mowe-sitzend-glas-xxl-30cm-fidschi\/#breadcrumb","itemListElement":[{"@type":"ListItem","position":1,"name":"Home","item":"https:\/\/www.eliassen.nl\/de\/"},{"@type":"ListItem","position":2,"name":"Shop","item":"https:\/\/www.eliassen.nl\/de\/shop\/"},{"@type":"ListItem","position":3,"name":"Fidrio Glaskollektion","item":"https:\/\/www.eliassen.nl\/de\/glaskunst\/fidrio-glaskollektion\/"},{"@type":"ListItem","position":4,"name":"Vogel M\u00f6we sitzend Glas XXL 30cm Fidschi"}]},{"@type":"WebSite","@id":"https:\/\/www.eliassen.nl\/de\/#website","url":"https:\/\/www.eliassen.nl\/de\/","name":"Eliassen Home & Garden Pleasure","description":"","publisher":{"@id":"https:\/\/www.eliassen.nl\/de\/#organization"},"alternateName":"Eliassen.nl","potentialAction":[{"@type":"SearchAction","target":{"@type":"EntryPoint","urlTemplate":"https:\/\/www.eliassen.nl\/de\/?s={search_term_string}"},"query-input":{"@type":"PropertyValueSpecification","valueRequired":true,"valueName":"search_term_string"}}],"inLanguage":"de"},{"@type":["Organization","Place"],"@id":"https:\/\/www.eliassen.nl\/de\/#organization","name":"Eliassen Home & Garden Pleasure","url":"https:\/\/www.eliassen.nl\/de\/","logo":{"@id":"https:\/\/www.eliassen.nl\/de\/vogel-mowe-sitzend-glas-xxl-30cm-fidschi\/#local-main-organization-logo"},"image":{"@id":"https:\/\/www.eliassen.nl\/de\/vogel-mowe-sitzend-glas-xxl-30cm-fidschi\/#local-main-organization-logo"},"sameAs":["https:\/\/www.facebook.com\/TuincentrumEliassenAmmerzoden","https:\/\/www.instagram.com\/eliassenhomeandgarden\/","https:\/\/nl.pinterest.com\/eliassenhomeandgarden\/","https:\/\/www.youtube.com\/@eliassenhomegardenpleasure4558"],"telephone":[],"openingHoursSpecification":[{"@type":"OpeningHoursSpecification","dayOfWeek":["Monday","Tuesday","Wednesday","Thursday","Friday","Saturday","Sunday"],"opens":"09:00","closes":"17:00"}]},{"@type":"ImageObject","inLanguage":"de","@id":"https:\/\/www.eliassen.nl\/de\/vogel-mowe-sitzend-glas-xxl-30cm-fidschi\/#local-main-organization-logo","url":"https:\/\/www.eliassen.nl\/wp-content\/uploads\/2024\/01\/logo_4nd.jpg","contentUrl":"https:\/\/www.eliassen.nl\/wp-content\/uploads\/2024\/01\/logo_4nd.jpg","width":500,"height":500,"caption":"Eliassen Home & Garden Pleasure"}]},"product_price_amount":"76.50","product_price_currency":"EUR","og_availability":"out of stock","product_availability":"out of stock","product_retailer_item_id":"Fl470-fij","product_condition":"new"},"df_price":76.5,"df_sale_price":"","df_regular_price":76.5,"df_image_link":"https:\/\/www.eliassen.nl\/wp-content\/uploads\/2024\/10\/meeuwglasxxleliassennlfl470fij.jpg","image":"https:\/\/www.eliassen.nl\/wp-content\/uploads\/2024\/10\/meeuwglasxxleliassennlfl470fij.jpg","price_search":"<span class=\"woocommerce-Price-amount amount\"><bdi><span class=\"woocommerce-Price-currencySymbol\">&euro;<\/span>&nbsp;76,50<\/bdi><\/span>","category":"Glaskunst","global_unique_id":"8720297671876","_links":{"self":[{"href":"https:\/\/www.eliassen.nl\/de\/wp-json\/wp\/v2\/product\/149246","targetHints":{"allow":["GET"]}}],"collection":[{"href":"https:\/\/www.eliassen.nl\/de\/wp-json\/wp\/v2\/product"}],"about":[{"href":"https:\/\/www.eliassen.nl\/de\/wp-json\/wp\/v2\/types\/product"}],"wp:featuredmedia":[{"embeddable":true,"href":"https:\/\/www.eliassen.nl\/de\/wp-json\/wp\/v2\/media\/149237"}],"wp:attachment":[{"href":"https:\/\/www.eliassen.nl\/de\/wp-json\/wp\/v2\/media?parent=149246"}],"wp:term":[{"taxonomy":"product_brand","embeddable":true,"href":"https:\/\/www.eliassen.nl\/de\/wp-json\/wp\/v2\/product_brand?post=149246"},{"taxonomy":"product_cat","embeddable":true,"href":"https:\/\/www.eliassen.nl\/de\/wp-json\/wp\/v2\/product_cat?post=149246"},{"taxonomy":"product_tag","embeddable":true,"href":"https:\/\/www.eliassen.nl\/de\/wp-json\/wp\/v2\/product_tag?post=149246"}],"curies":[{"name":"wp","href":"https:\/\/api.w.org\/{rel}","templated":true}]}}