{"id":14911,"date":"2019-10-28T18:10:10","date_gmt":"2019-10-28T18:10:10","guid":{"rendered":"https:\/\/www.eliassen.nl\/?product=bronze-steinbock"},"modified":"2026-01-16T13:29:00","modified_gmt":"2026-01-16T12:29:00","slug":"bronzener-steinbock","status":"publish","type":"product","link":"https:\/\/www.eliassen.nl\/de\/bronzener-steinbock\/","title":{"rendered":"Bronze Steinbock 163cm"},"content":{"rendered":"<p>Wundersch\u00f6ne Bronzestatue eines Steinbocks aus 100% hochwertiger Bronze mit einem Mindestkupfergehalt von 75%, der eine sehr lange Lebensdauer und keine unsch\u00f6nen Flecken garantiert. Ein sch\u00f6nes und langlebiges Dekorationsobjekt f\u00fcr Haus, Gesch\u00e4ft oder Garten sowie ein wunderbares Geschenk. Suchen Sie eine Bronzestatue f\u00fcr ein Jubil\u00e4um? Wir k\u00f6nnen auch Textschilder f\u00fcr den Sockel liefern.<\/p>\n<ul>\n<li>Gr\u00f6\u00dfe: 163 x 45 x 75 cm.<\/li>\n<li>Wird mit Zertifikat geliefert.<\/li>\n<li>Schnelle Lieferung.<\/li>\n<li>30 Jahre Garantie.<\/li>\n<li><strong>Bei uns finden Sie die gr\u00f6\u00dfte Sammlung von Bronzeskulpturen, die Sie live betrachten k\u00f6nnen.<\/strong><\/li>\n<\/ul>\n","protected":false},"excerpt":{"rendered":"<p>Wundersch\u00f6ne Bronzestatue eines Steinbocks aus 100% hochwertiger Bronze mit einem Mindestkupfergehalt von 75%, der eine sehr lange Lebensdauer und keine unsch\u00f6nen Flecken garantiert. Ein sch\u00f6nes und langlebiges Dekorationsobjekt f\u00fcr Haus, Gesch\u00e4ft oder Garten sowie ein wunderbares Geschenk. Suchen Sie eine Bronzestatue f\u00fcr ein Jubil\u00e4um? Wir k\u00f6nnen auch Textschilder f\u00fcr den Sockel liefern. Gr\u00f6\u00dfe: 163 x &hellip;<\/p>\n","protected":false},"featured_media":14908,"template":"","meta":{"_acf_changed":false,"_genesis_title":"","_genesis_description":""},"product_brand":[7505],"product_cat":[613,635,7239],"product_tag":[],"class_list":{"0":"post-14911","1":"product","2":"type-product","3":"status-publish","4":"has-post-thumbnail","6":"product_brand-sonstige","7":"product_cat-bronzestatuen","8":"product_cat-tierstatuen-aus-bronze","9":"product_cat-bilder","11":"first","12":"instock","13":"taxable","14":"shipping-taxable","15":"purchasable","16":"product-type-simple"},"acf":[],"meta_all":{"total_sales":"0","wcml_sync_hash":{"postmeta_fields":"e28444e697ed641566cc6b57aaffb957"},"attr_label_translations":[],"cor_restricted_countries":[]},"meta_all_flat":{"total_sales":"0","wcml_sync_hash.postmeta_fields":"e28444e697ed641566cc6b57aaffb957"},"yoast_head":"<!-- This site is optimized with the Yoast SEO Premium plugin v26.2 (Yoast SEO v27.2) - https:\/\/yoast.com\/product\/yoast-seo-premium-wordpress\/ -->\n<title>Bronze Steinbock | Eliassen<\/title>\n<meta name=\"description\" content=\"Bei Eliassen k\u00f6nnen Sie Bronze-Steinb\u00f6cke online kaufen oder im Ausstellungsraum besichtigen. Wir haben die sch\u00f6nsten Bronzestatuen, Tierstatuen aus Bronze\" \/>\n<meta name=\"robots\" content=\"index, follow, max-snippet:-1, max-image-preview:large, max-video-preview:-1\" \/>\n<link rel=\"canonical\" href=\"https:\/\/www.eliassen.nl\/de\/bronzener-steinbock\/\" \/>\n<meta property=\"og:locale\" content=\"de_DE\" \/>\n<meta property=\"og:type\" content=\"article\" \/>\n<meta property=\"og:title\" content=\"Sonstige Bronze Steinbock 163cm - Eliassen.nl\" \/>\n<meta property=\"og:description\" content=\"Bei Eliassen k\u00f6nnen Sie Bronze-Steinb\u00f6cke online kaufen oder im Ausstellungsraum besichtigen. Wir haben die sch\u00f6nsten Bronzestatuen, Tierstatuen aus Bronze\" \/>\n<meta property=\"og:url\" content=\"https:\/\/www.eliassen.nl\/de\/bronzener-steinbock\/\" \/>\n<meta property=\"og:site_name\" content=\"Eliassen.nl\" \/>\n<meta property=\"article:publisher\" content=\"https:\/\/www.facebook.com\/TuincentrumEliassenAmmerzoden\" \/>\n<meta property=\"article:modified_time\" content=\"2026-01-16T12:29:00+00:00\" \/>\n<meta property=\"og:image\" content=\"https:\/\/www.eliassen.nl\/wp-content\/uploads\/2024\/01\/1275.jpg\" \/>\n\t<meta property=\"og:image:width\" content=\"1000\" \/>\n\t<meta property=\"og:image:height\" content=\"750\" \/>\n\t<meta property=\"og:image:type\" content=\"image\/jpeg\" \/>\n<meta name=\"twitter:card\" content=\"summary_large_image\" \/>\n<script type=\"application\/ld+json\" class=\"yoast-schema-graph\">{\"@context\":\"https:\/\/schema.org\",\"@graph\":[{\"@type\":\"WebPage\",\"@id\":\"https:\/\/www.eliassen.nl\/de\/bronzener-steinbock\/\",\"url\":\"https:\/\/www.eliassen.nl\/de\/bronzener-steinbock\/\",\"name\":\"Bronze Steinbock | Eliassen\",\"isPartOf\":{\"@id\":\"https:\/\/www.eliassen.nl\/de\/#website\"},\"primaryImageOfPage\":{\"@id\":\"https:\/\/www.eliassen.nl\/de\/bronzener-steinbock\/#primaryimage\"},\"image\":{\"@id\":\"https:\/\/www.eliassen.nl\/de\/bronzener-steinbock\/#primaryimage\"},\"thumbnailUrl\":\"https:\/\/www.eliassen.nl\/wp-content\/uploads\/2024\/01\/1275.jpg\",\"datePublished\":\"2019-10-28T18:10:10+00:00\",\"dateModified\":\"2026-01-16T12:29:00+00:00\",\"description\":\"Bei Eliassen k\u00f6nnen Sie Bronze-Steinb\u00f6cke online kaufen oder im Ausstellungsraum besichtigen. Wir haben die sch\u00f6nsten Bronzestatuen, Tierstatuen aus Bronze\",\"breadcrumb\":{\"@id\":\"https:\/\/www.eliassen.nl\/de\/bronzener-steinbock\/#breadcrumb\"},\"inLanguage\":\"de\",\"potentialAction\":[{\"@type\":\"ReadAction\",\"target\":[\"https:\/\/www.eliassen.nl\/de\/bronzener-steinbock\/\"]}]},{\"@type\":\"ImageObject\",\"inLanguage\":\"de\",\"@id\":\"https:\/\/www.eliassen.nl\/de\/bronzener-steinbock\/#primaryimage\",\"url\":\"https:\/\/www.eliassen.nl\/wp-content\/uploads\/2024\/01\/1275.jpg\",\"contentUrl\":\"https:\/\/www.eliassen.nl\/wp-content\/uploads\/2024\/01\/1275.jpg\",\"width\":1000,\"height\":750,\"caption\":\"1275\"},{\"@type\":\"BreadcrumbList\",\"@id\":\"https:\/\/www.eliassen.nl\/de\/bronzener-steinbock\/#breadcrumb\",\"itemListElement\":[{\"@type\":\"ListItem\",\"position\":1,\"name\":\"Home\",\"item\":\"https:\/\/www.eliassen.nl\/de\/\"},{\"@type\":\"ListItem\",\"position\":2,\"name\":\"Shop\",\"item\":\"https:\/\/www.eliassen.nl\/de\/shop\/\"},{\"@type\":\"ListItem\",\"position\":3,\"name\":\"Bronzestatuen\",\"item\":\"https:\/\/www.eliassen.nl\/de\/bronzestatuen\/\"},{\"@type\":\"ListItem\",\"position\":4,\"name\":\"Tierstatuen aus Bronze\",\"item\":\"https:\/\/www.eliassen.nl\/de\/bilder\/bronzestatuen\/tierstatuen-aus-bronze\/\"},{\"@type\":\"ListItem\",\"position\":5,\"name\":\"Bronze Steinbock 163cm\"}]},{\"@type\":\"WebSite\",\"@id\":\"https:\/\/www.eliassen.nl\/de\/#website\",\"url\":\"https:\/\/www.eliassen.nl\/de\/\",\"name\":\"Eliassen Home & Garden Pleasure\",\"description\":\"\",\"publisher\":{\"@id\":\"https:\/\/www.eliassen.nl\/de\/#organization\"},\"alternateName\":\"Eliassen.nl\",\"potentialAction\":[{\"@type\":\"SearchAction\",\"target\":{\"@type\":\"EntryPoint\",\"urlTemplate\":\"https:\/\/www.eliassen.nl\/de\/?s={search_term_string}\"},\"query-input\":{\"@type\":\"PropertyValueSpecification\",\"valueRequired\":true,\"valueName\":\"search_term_string\"}}],\"inLanguage\":\"de\"},{\"@type\":[\"Organization\",\"Place\"],\"@id\":\"https:\/\/www.eliassen.nl\/de\/#organization\",\"name\":\"Eliassen Home & Garden Pleasure\",\"url\":\"https:\/\/www.eliassen.nl\/de\/\",\"logo\":{\"@id\":\"https:\/\/www.eliassen.nl\/de\/bronzener-steinbock\/#local-main-organization-logo\"},\"image\":{\"@id\":\"https:\/\/www.eliassen.nl\/de\/bronzener-steinbock\/#local-main-organization-logo\"},\"sameAs\":[\"https:\/\/www.facebook.com\/TuincentrumEliassenAmmerzoden\",\"https:\/\/www.instagram.com\/eliassenhomeandgarden\/\",\"https:\/\/nl.pinterest.com\/eliassenhomeandgarden\/\",\"https:\/\/www.youtube.com\/@eliassenhomegardenpleasure4558\"],\"telephone\":[],\"openingHoursSpecification\":[{\"@type\":\"OpeningHoursSpecification\",\"dayOfWeek\":[\"Monday\",\"Tuesday\",\"Wednesday\",\"Thursday\",\"Friday\",\"Saturday\",\"Sunday\"],\"opens\":\"09:00\",\"closes\":\"17:00\"}]},{\"@type\":\"ImageObject\",\"inLanguage\":\"de\",\"@id\":\"https:\/\/www.eliassen.nl\/de\/bronzener-steinbock\/#local-main-organization-logo\",\"url\":\"https:\/\/www.eliassen.nl\/wp-content\/uploads\/2024\/01\/logo_4nd.jpg\",\"contentUrl\":\"https:\/\/www.eliassen.nl\/wp-content\/uploads\/2024\/01\/logo_4nd.jpg\",\"width\":500,\"height\":500,\"caption\":\"Eliassen Home & Garden Pleasure\"}]}<\/script>\n<meta property=\"product:price:amount\" content=\"3052.00\" \/>\n<meta property=\"product:price:currency\" content=\"EUR\" \/>\n<meta property=\"og:availability\" content=\"instock\" \/>\n<meta property=\"product:availability\" content=\"instock\" \/>\n<meta property=\"product:retailer_item_id\" content=\"B1275\" \/>\n<meta property=\"product:condition\" content=\"new\" \/>\n<!-- \/ Yoast SEO Premium plugin. -->","yoast_head_json":{"title":"Bronze Steinbock | Eliassen","description":"Bei Eliassen k\u00f6nnen Sie Bronze-Steinb\u00f6cke online kaufen oder im Ausstellungsraum besichtigen. Wir haben die sch\u00f6nsten Bronzestatuen, Tierstatuen aus Bronze","robots":{"index":"index","follow":"follow","max-snippet":"max-snippet:-1","max-image-preview":"max-image-preview:large","max-video-preview":"max-video-preview:-1"},"canonical":"https:\/\/www.eliassen.nl\/de\/bronzener-steinbock\/","og_locale":"de_DE","og_type":"article","og_title":"Sonstige Bronze Steinbock 163cm - Eliassen.nl","og_description":"Bei Eliassen k\u00f6nnen Sie Bronze-Steinb\u00f6cke online kaufen oder im Ausstellungsraum besichtigen. Wir haben die sch\u00f6nsten Bronzestatuen, Tierstatuen aus Bronze","og_url":"https:\/\/www.eliassen.nl\/de\/bronzener-steinbock\/","og_site_name":"Eliassen.nl","article_publisher":"https:\/\/www.facebook.com\/TuincentrumEliassenAmmerzoden","article_modified_time":"2026-01-16T12:29:00+00:00","og_image":[{"width":1000,"height":750,"url":"https:\/\/www.eliassen.nl\/wp-content\/uploads\/2024\/01\/1275.jpg","type":"image\/jpeg"}],"twitter_card":"summary_large_image","schema":{"@context":"https:\/\/schema.org","@graph":[{"@type":"WebPage","@id":"https:\/\/www.eliassen.nl\/de\/bronzener-steinbock\/","url":"https:\/\/www.eliassen.nl\/de\/bronzener-steinbock\/","name":"Bronze Steinbock | Eliassen","isPartOf":{"@id":"https:\/\/www.eliassen.nl\/de\/#website"},"primaryImageOfPage":{"@id":"https:\/\/www.eliassen.nl\/de\/bronzener-steinbock\/#primaryimage"},"image":{"@id":"https:\/\/www.eliassen.nl\/de\/bronzener-steinbock\/#primaryimage"},"thumbnailUrl":"https:\/\/www.eliassen.nl\/wp-content\/uploads\/2024\/01\/1275.jpg","datePublished":"2019-10-28T18:10:10+00:00","dateModified":"2026-01-16T12:29:00+00:00","description":"Bei Eliassen k\u00f6nnen Sie Bronze-Steinb\u00f6cke online kaufen oder im Ausstellungsraum besichtigen. Wir haben die sch\u00f6nsten Bronzestatuen, Tierstatuen aus Bronze","breadcrumb":{"@id":"https:\/\/www.eliassen.nl\/de\/bronzener-steinbock\/#breadcrumb"},"inLanguage":"de","potentialAction":[{"@type":"ReadAction","target":["https:\/\/www.eliassen.nl\/de\/bronzener-steinbock\/"]}]},{"@type":"ImageObject","inLanguage":"de","@id":"https:\/\/www.eliassen.nl\/de\/bronzener-steinbock\/#primaryimage","url":"https:\/\/www.eliassen.nl\/wp-content\/uploads\/2024\/01\/1275.jpg","contentUrl":"https:\/\/www.eliassen.nl\/wp-content\/uploads\/2024\/01\/1275.jpg","width":1000,"height":750,"caption":"1275"},{"@type":"BreadcrumbList","@id":"https:\/\/www.eliassen.nl\/de\/bronzener-steinbock\/#breadcrumb","itemListElement":[{"@type":"ListItem","position":1,"name":"Home","item":"https:\/\/www.eliassen.nl\/de\/"},{"@type":"ListItem","position":2,"name":"Shop","item":"https:\/\/www.eliassen.nl\/de\/shop\/"},{"@type":"ListItem","position":3,"name":"Bronzestatuen","item":"https:\/\/www.eliassen.nl\/de\/bronzestatuen\/"},{"@type":"ListItem","position":4,"name":"Tierstatuen aus Bronze","item":"https:\/\/www.eliassen.nl\/de\/bilder\/bronzestatuen\/tierstatuen-aus-bronze\/"},{"@type":"ListItem","position":5,"name":"Bronze Steinbock 163cm"}]},{"@type":"WebSite","@id":"https:\/\/www.eliassen.nl\/de\/#website","url":"https:\/\/www.eliassen.nl\/de\/","name":"Eliassen Home & Garden Pleasure","description":"","publisher":{"@id":"https:\/\/www.eliassen.nl\/de\/#organization"},"alternateName":"Eliassen.nl","potentialAction":[{"@type":"SearchAction","target":{"@type":"EntryPoint","urlTemplate":"https:\/\/www.eliassen.nl\/de\/?s={search_term_string}"},"query-input":{"@type":"PropertyValueSpecification","valueRequired":true,"valueName":"search_term_string"}}],"inLanguage":"de"},{"@type":["Organization","Place"],"@id":"https:\/\/www.eliassen.nl\/de\/#organization","name":"Eliassen Home & Garden Pleasure","url":"https:\/\/www.eliassen.nl\/de\/","logo":{"@id":"https:\/\/www.eliassen.nl\/de\/bronzener-steinbock\/#local-main-organization-logo"},"image":{"@id":"https:\/\/www.eliassen.nl\/de\/bronzener-steinbock\/#local-main-organization-logo"},"sameAs":["https:\/\/www.facebook.com\/TuincentrumEliassenAmmerzoden","https:\/\/www.instagram.com\/eliassenhomeandgarden\/","https:\/\/nl.pinterest.com\/eliassenhomeandgarden\/","https:\/\/www.youtube.com\/@eliassenhomegardenpleasure4558"],"telephone":[],"openingHoursSpecification":[{"@type":"OpeningHoursSpecification","dayOfWeek":["Monday","Tuesday","Wednesday","Thursday","Friday","Saturday","Sunday"],"opens":"09:00","closes":"17:00"}]},{"@type":"ImageObject","inLanguage":"de","@id":"https:\/\/www.eliassen.nl\/de\/bronzener-steinbock\/#local-main-organization-logo","url":"https:\/\/www.eliassen.nl\/wp-content\/uploads\/2024\/01\/logo_4nd.jpg","contentUrl":"https:\/\/www.eliassen.nl\/wp-content\/uploads\/2024\/01\/logo_4nd.jpg","width":500,"height":500,"caption":"Eliassen Home & Garden Pleasure"}]},"product_price_amount":"3052.00","product_price_currency":"EUR","og_availability":"instock","product_availability":"instock","product_retailer_item_id":"B1275","product_condition":"new"},"df_price":3052,"df_sale_price":"","df_regular_price":3052,"df_image_link":"https:\/\/www.eliassen.nl\/wp-content\/uploads\/2024\/01\/1275.jpg","image":"https:\/\/www.eliassen.nl\/wp-content\/uploads\/2024\/01\/1275.jpg","price_search":"<span class=\"woocommerce-Price-amount amount\"><bdi><span class=\"woocommerce-Price-currencySymbol\">&euro;<\/span>&nbsp;3.052,00<\/bdi><\/span>","category":"Bronzestatuen","global_unique_id":"7438235621647","_links":{"self":[{"href":"https:\/\/www.eliassen.nl\/de\/wp-json\/wp\/v2\/product\/14911","targetHints":{"allow":["GET"]}}],"collection":[{"href":"https:\/\/www.eliassen.nl\/de\/wp-json\/wp\/v2\/product"}],"about":[{"href":"https:\/\/www.eliassen.nl\/de\/wp-json\/wp\/v2\/types\/product"}],"wp:featuredmedia":[{"embeddable":true,"href":"https:\/\/www.eliassen.nl\/de\/wp-json\/wp\/v2\/media\/14908"}],"wp:attachment":[{"href":"https:\/\/www.eliassen.nl\/de\/wp-json\/wp\/v2\/media?parent=14911"}],"wp:term":[{"taxonomy":"product_brand","embeddable":true,"href":"https:\/\/www.eliassen.nl\/de\/wp-json\/wp\/v2\/product_brand?post=14911"},{"taxonomy":"product_cat","embeddable":true,"href":"https:\/\/www.eliassen.nl\/de\/wp-json\/wp\/v2\/product_cat?post=14911"},{"taxonomy":"product_tag","embeddable":true,"href":"https:\/\/www.eliassen.nl\/de\/wp-json\/wp\/v2\/product_tag?post=14911"}],"curies":[{"name":"wp","href":"https:\/\/api.w.org\/{rel}","templated":true}]}}