{"id":148790,"date":"2024-02-07T14:23:09","date_gmt":"2024-02-07T14:23:09","guid":{"rendered":"https:\/\/www.eliassen.nl\/?product=schilderij-metaal-3d-big-eye-140x70cm"},"modified":"2026-01-07T13:26:42","modified_gmt":"2026-01-07T12:26:42","slug":"malerei-metall-3d-grosses-auge-140x70cm","status":"publish","type":"product","link":"https:\/\/www.eliassen.nl\/de\/malerei-metall-3d-grosses-auge-140x70cm\/","title":{"rendered":"Malerei Metall 3d Gro\u00dfes Auge 140x70cm"},"content":{"rendered":"<p>Versch\u00f6nern Sie Ihr Zuhause mit dieser farbenfrohen Wanddekoration mit abstrakt gezeichneten Gesichtern. Dieses 3D-Gem\u00e4lde aus Metall wird vollst\u00e4ndig von Hand gefertigt. Alles an dieser Wanddekoration ist aus Metall gefertigt, der Hintergrund und auch die Figur.<\/p>\n<p>Da es von Hand bemalt und hergestellt wird, kann die Farbe leicht vom Foto abweichen, sie sind nie genau gleich. Auf diesen etwas grob angefertigten Gem\u00e4lden kann es immer wieder zu weiteren kleinen Abweichungen kommen, die manchmal sogar absichtlich gemacht werden, um die harte Atmosph\u00e4re zu erreichen.<\/p>\n<p><strong>Wir haben auch fast die gesamte Kollektion dieser Serie in unserem Gesch\u00e4ft, was in den Niederlanden einzigartig ist.  <\/strong><strong>Nirgendwo finden Sie eine so gro\u00dfe Sammlung. Sie sind herzlich willkommen.<\/strong><\/p>\n<ul>\n<li>  Gr\u00f6\u00dfe 140x70cm<\/li>\n<li>  Einfach mit 2 Schrauben aufzuh\u00e4ngen<\/li>\n<li> Schnelle Lieferung<\/li>\n<li>  Die gr\u00f6\u00dfte Sammlung in den Benelux-L\u00e4ndern, die Sie sich auch live ansehen k\u00f6nnen!<\/li>\n<\/ul>\n","protected":false},"excerpt":{"rendered":"<p>Buntes, l\u00e4ngliches Metallbild mit 3d-Effekten. Gr\u00f6\u00dfe 140x70cm.<\/p>\n","protected":false},"featured_media":148784,"template":"","meta":{"_acf_changed":false,"_genesis_title":"","_genesis_description":""},"product_brand":[6916],"product_cat":[419,437,410],"product_tag":[],"class_list":{"0":"post-148790","1":"product","2":"type-product","3":"status-publish","4":"has-post-thumbnail","6":"product_brand-eliassen-de","7":"product_cat-3d-gemaelde-aus-metall","8":"product_cat-3d-gemaelde-aus-metall-im-format-70x140cm","9":"product_cat-gemaelde","11":"first","12":"instock","13":"taxable","14":"shipping-taxable","15":"purchasable","16":"product-type-simple"},"acf":[],"meta_all":{"total_sales":"3","wcml_sync_hash":{"postmeta_fields":"f39d5bb5b334825803c1016fc58943f3"},"attr_label_translations":[],"cor_restricted_countries":[]},"meta_all_flat":{"total_sales":"3","wcml_sync_hash.postmeta_fields":"f39d5bb5b334825803c1016fc58943f3"},"yoast_head":"<!-- This site is optimized with the Yoast SEO Premium plugin v26.2 (Yoast SEO v27.2) - https:\/\/yoast.com\/product\/yoast-seo-premium-wordpress\/ -->\n<title>Malerei Metall 3d Gro\u00dfes Auge 140x70cm - Eliassen.nl<\/title>\n<meta name=\"description\" content=\"Suchen Sie nach einem farbenfrohen, l\u00e4nglichen 3D-Gem\u00e4lde aus Metall f\u00fcr Ihr Wohnzimmer oder B\u00fcro? Dieses sch\u00f6ne Gem\u00e4lde wird Ihnen sicher gefallen! Gr\u00f6\u00dfe 140x70cm.\" \/>\n<meta name=\"robots\" content=\"index, follow, max-snippet:-1, max-image-preview:large, max-video-preview:-1\" \/>\n<link rel=\"canonical\" href=\"https:\/\/www.eliassen.nl\/de\/malerei-metall-3d-grosses-auge-140x70cm\/\" \/>\n<meta property=\"og:locale\" content=\"de_DE\" \/>\n<meta property=\"og:type\" content=\"article\" \/>\n<meta property=\"og:title\" content=\"Eliassen Malerei Metall 3d Gro\u00dfes Auge 140x70cm - Eliassen.nl\" \/>\n<meta property=\"og:description\" content=\"Suchen Sie nach einem farbenfrohen, l\u00e4nglichen 3D-Gem\u00e4lde aus Metall f\u00fcr Ihr Wohnzimmer oder B\u00fcro? Dieses sch\u00f6ne Gem\u00e4lde wird Ihnen sicher gefallen! Gr\u00f6\u00dfe 140x70cm.\" \/>\n<meta property=\"og:url\" content=\"https:\/\/www.eliassen.nl\/de\/malerei-metall-3d-grosses-auge-140x70cm\/\" \/>\n<meta property=\"og:site_name\" content=\"Eliassen.nl\" \/>\n<meta property=\"article:publisher\" content=\"https:\/\/www.facebook.com\/TuincentrumEliassenAmmerzoden\" \/>\n<meta property=\"article:modified_time\" content=\"2026-01-07T12:26:42+00:00\" \/>\n<meta property=\"og:image\" content=\"https:\/\/www.eliassen.nl\/wp-content\/uploads\/2024\/10\/schilderijmetaalbigeyeeliassennl.jpg\" \/>\n\t<meta property=\"og:image:width\" content=\"2048\" \/>\n\t<meta property=\"og:image:height\" content=\"1024\" \/>\n\t<meta property=\"og:image:type\" content=\"image\/jpeg\" \/>\n<meta name=\"twitter:card\" content=\"summary_large_image\" \/>\n<script type=\"application\/ld+json\" class=\"yoast-schema-graph\">{\"@context\":\"https:\/\/schema.org\",\"@graph\":[{\"@type\":\"WebPage\",\"@id\":\"https:\/\/www.eliassen.nl\/de\/malerei-metall-3d-grosses-auge-140x70cm\/\",\"url\":\"https:\/\/www.eliassen.nl\/de\/malerei-metall-3d-grosses-auge-140x70cm\/\",\"name\":\"Malerei Metall 3d Gro\u00dfes Auge 140x70cm - Eliassen.nl\",\"isPartOf\":{\"@id\":\"https:\/\/www.eliassen.nl\/de\/#website\"},\"primaryImageOfPage\":{\"@id\":\"https:\/\/www.eliassen.nl\/de\/malerei-metall-3d-grosses-auge-140x70cm\/#primaryimage\"},\"image\":{\"@id\":\"https:\/\/www.eliassen.nl\/de\/malerei-metall-3d-grosses-auge-140x70cm\/#primaryimage\"},\"thumbnailUrl\":\"https:\/\/www.eliassen.nl\/wp-content\/uploads\/2024\/10\/schilderijmetaalbigeyeeliassennl.jpg\",\"datePublished\":\"2024-02-07T14:23:09+00:00\",\"dateModified\":\"2026-01-07T12:26:42+00:00\",\"description\":\"Suchen Sie nach einem farbenfrohen, l\u00e4nglichen 3D-Gem\u00e4lde aus Metall f\u00fcr Ihr Wohnzimmer oder B\u00fcro? Dieses sch\u00f6ne Gem\u00e4lde wird Ihnen sicher gefallen! Gr\u00f6\u00dfe 140x70cm.\",\"breadcrumb\":{\"@id\":\"https:\/\/www.eliassen.nl\/de\/malerei-metall-3d-grosses-auge-140x70cm\/#breadcrumb\"},\"inLanguage\":\"de\",\"potentialAction\":[{\"@type\":\"ReadAction\",\"target\":[\"https:\/\/www.eliassen.nl\/de\/malerei-metall-3d-grosses-auge-140x70cm\/\"]}]},{\"@type\":\"ImageObject\",\"inLanguage\":\"de\",\"@id\":\"https:\/\/www.eliassen.nl\/de\/malerei-metall-3d-grosses-auge-140x70cm\/#primaryimage\",\"url\":\"https:\/\/www.eliassen.nl\/wp-content\/uploads\/2024\/10\/schilderijmetaalbigeyeeliassennl.jpg\",\"contentUrl\":\"https:\/\/www.eliassen.nl\/wp-content\/uploads\/2024\/10\/schilderijmetaalbigeyeeliassennl.jpg\",\"width\":2048,\"height\":1024,\"caption\":\"Metall malen gro\u00dfes Auge - Eliassen.nl\"},{\"@type\":\"BreadcrumbList\",\"@id\":\"https:\/\/www.eliassen.nl\/de\/malerei-metall-3d-grosses-auge-140x70cm\/#breadcrumb\",\"itemListElement\":[{\"@type\":\"ListItem\",\"position\":1,\"name\":\"Home\",\"item\":\"https:\/\/www.eliassen.nl\/de\/\"},{\"@type\":\"ListItem\",\"position\":2,\"name\":\"Shop\",\"item\":\"https:\/\/www.eliassen.nl\/de\/shop\/\"},{\"@type\":\"ListItem\",\"position\":3,\"name\":\"Gem\u00e4lde\",\"item\":\"https:\/\/www.eliassen.nl\/de\/gemaelde\/\"},{\"@type\":\"ListItem\",\"position\":4,\"name\":\"3D Gem\u00e4lde aus Metall\",\"item\":\"https:\/\/www.eliassen.nl\/de\/gemaelde\/3d-gemaelde-aus-metall\/\"},{\"@type\":\"ListItem\",\"position\":5,\"name\":\"3D Gem\u00e4lde aus Metall 70x140 cm\",\"item\":\"https:\/\/www.eliassen.nl\/de\/gemaelde\/3d-gemaelde-aus-metall\/3d-gemaelde-aus-metall-im-format-70x140cm\/\"},{\"@type\":\"ListItem\",\"position\":6,\"name\":\"Malerei Metall 3d Gro\u00dfes Auge 140x70cm\"}]},{\"@type\":\"WebSite\",\"@id\":\"https:\/\/www.eliassen.nl\/de\/#website\",\"url\":\"https:\/\/www.eliassen.nl\/de\/\",\"name\":\"Eliassen Home & Garden Pleasure\",\"description\":\"\",\"publisher\":{\"@id\":\"https:\/\/www.eliassen.nl\/de\/#organization\"},\"alternateName\":\"Eliassen.nl\",\"potentialAction\":[{\"@type\":\"SearchAction\",\"target\":{\"@type\":\"EntryPoint\",\"urlTemplate\":\"https:\/\/www.eliassen.nl\/de\/?s={search_term_string}\"},\"query-input\":{\"@type\":\"PropertyValueSpecification\",\"valueRequired\":true,\"valueName\":\"search_term_string\"}}],\"inLanguage\":\"de\"},{\"@type\":[\"Organization\",\"Place\"],\"@id\":\"https:\/\/www.eliassen.nl\/de\/#organization\",\"name\":\"Eliassen Home & Garden Pleasure\",\"url\":\"https:\/\/www.eliassen.nl\/de\/\",\"logo\":{\"@id\":\"https:\/\/www.eliassen.nl\/de\/malerei-metall-3d-grosses-auge-140x70cm\/#local-main-organization-logo\"},\"image\":{\"@id\":\"https:\/\/www.eliassen.nl\/de\/malerei-metall-3d-grosses-auge-140x70cm\/#local-main-organization-logo\"},\"sameAs\":[\"https:\/\/www.facebook.com\/TuincentrumEliassenAmmerzoden\",\"https:\/\/www.instagram.com\/eliassenhomeandgarden\/\",\"https:\/\/nl.pinterest.com\/eliassenhomeandgarden\/\",\"https:\/\/www.youtube.com\/@eliassenhomegardenpleasure4558\"],\"telephone\":[],\"openingHoursSpecification\":[{\"@type\":\"OpeningHoursSpecification\",\"dayOfWeek\":[\"Monday\",\"Tuesday\",\"Wednesday\",\"Thursday\",\"Friday\",\"Saturday\",\"Sunday\"],\"opens\":\"09:00\",\"closes\":\"17:00\"}]},{\"@type\":\"ImageObject\",\"inLanguage\":\"de\",\"@id\":\"https:\/\/www.eliassen.nl\/de\/malerei-metall-3d-grosses-auge-140x70cm\/#local-main-organization-logo\",\"url\":\"https:\/\/www.eliassen.nl\/wp-content\/uploads\/2024\/01\/logo_4nd.jpg\",\"contentUrl\":\"https:\/\/www.eliassen.nl\/wp-content\/uploads\/2024\/01\/logo_4nd.jpg\",\"width\":500,\"height\":500,\"caption\":\"Eliassen Home & Garden Pleasure\"}]}<\/script>\n<meta property=\"product:price:amount\" content=\"209.00\" \/>\n<meta property=\"product:price:currency\" content=\"EUR\" \/>\n<meta property=\"og:availability\" content=\"instock\" \/>\n<meta property=\"product:availability\" content=\"instock\" \/>\n<meta property=\"product:retailer_item_id\" content=\"En231214\" \/>\n<meta property=\"product:condition\" content=\"new\" \/>\n<!-- \/ Yoast SEO Premium plugin. -->","yoast_head_json":{"title":"Malerei Metall 3d Gro\u00dfes Auge 140x70cm - Eliassen.nl","description":"Suchen Sie nach einem farbenfrohen, l\u00e4nglichen 3D-Gem\u00e4lde aus Metall f\u00fcr Ihr Wohnzimmer oder B\u00fcro? Dieses sch\u00f6ne Gem\u00e4lde wird Ihnen sicher gefallen! Gr\u00f6\u00dfe 140x70cm.","robots":{"index":"index","follow":"follow","max-snippet":"max-snippet:-1","max-image-preview":"max-image-preview:large","max-video-preview":"max-video-preview:-1"},"canonical":"https:\/\/www.eliassen.nl\/de\/malerei-metall-3d-grosses-auge-140x70cm\/","og_locale":"de_DE","og_type":"article","og_title":"Eliassen Malerei Metall 3d Gro\u00dfes Auge 140x70cm - Eliassen.nl","og_description":"Suchen Sie nach einem farbenfrohen, l\u00e4nglichen 3D-Gem\u00e4lde aus Metall f\u00fcr Ihr Wohnzimmer oder B\u00fcro? Dieses sch\u00f6ne Gem\u00e4lde wird Ihnen sicher gefallen! Gr\u00f6\u00dfe 140x70cm.","og_url":"https:\/\/www.eliassen.nl\/de\/malerei-metall-3d-grosses-auge-140x70cm\/","og_site_name":"Eliassen.nl","article_publisher":"https:\/\/www.facebook.com\/TuincentrumEliassenAmmerzoden","article_modified_time":"2026-01-07T12:26:42+00:00","og_image":[{"width":2048,"height":1024,"url":"https:\/\/www.eliassen.nl\/wp-content\/uploads\/2024\/10\/schilderijmetaalbigeyeeliassennl.jpg","type":"image\/jpeg"}],"twitter_card":"summary_large_image","schema":{"@context":"https:\/\/schema.org","@graph":[{"@type":"WebPage","@id":"https:\/\/www.eliassen.nl\/de\/malerei-metall-3d-grosses-auge-140x70cm\/","url":"https:\/\/www.eliassen.nl\/de\/malerei-metall-3d-grosses-auge-140x70cm\/","name":"Malerei Metall 3d Gro\u00dfes Auge 140x70cm - Eliassen.nl","isPartOf":{"@id":"https:\/\/www.eliassen.nl\/de\/#website"},"primaryImageOfPage":{"@id":"https:\/\/www.eliassen.nl\/de\/malerei-metall-3d-grosses-auge-140x70cm\/#primaryimage"},"image":{"@id":"https:\/\/www.eliassen.nl\/de\/malerei-metall-3d-grosses-auge-140x70cm\/#primaryimage"},"thumbnailUrl":"https:\/\/www.eliassen.nl\/wp-content\/uploads\/2024\/10\/schilderijmetaalbigeyeeliassennl.jpg","datePublished":"2024-02-07T14:23:09+00:00","dateModified":"2026-01-07T12:26:42+00:00","description":"Suchen Sie nach einem farbenfrohen, l\u00e4nglichen 3D-Gem\u00e4lde aus Metall f\u00fcr Ihr Wohnzimmer oder B\u00fcro? Dieses sch\u00f6ne Gem\u00e4lde wird Ihnen sicher gefallen! Gr\u00f6\u00dfe 140x70cm.","breadcrumb":{"@id":"https:\/\/www.eliassen.nl\/de\/malerei-metall-3d-grosses-auge-140x70cm\/#breadcrumb"},"inLanguage":"de","potentialAction":[{"@type":"ReadAction","target":["https:\/\/www.eliassen.nl\/de\/malerei-metall-3d-grosses-auge-140x70cm\/"]}]},{"@type":"ImageObject","inLanguage":"de","@id":"https:\/\/www.eliassen.nl\/de\/malerei-metall-3d-grosses-auge-140x70cm\/#primaryimage","url":"https:\/\/www.eliassen.nl\/wp-content\/uploads\/2024\/10\/schilderijmetaalbigeyeeliassennl.jpg","contentUrl":"https:\/\/www.eliassen.nl\/wp-content\/uploads\/2024\/10\/schilderijmetaalbigeyeeliassennl.jpg","width":2048,"height":1024,"caption":"Metall malen gro\u00dfes Auge - Eliassen.nl"},{"@type":"BreadcrumbList","@id":"https:\/\/www.eliassen.nl\/de\/malerei-metall-3d-grosses-auge-140x70cm\/#breadcrumb","itemListElement":[{"@type":"ListItem","position":1,"name":"Home","item":"https:\/\/www.eliassen.nl\/de\/"},{"@type":"ListItem","position":2,"name":"Shop","item":"https:\/\/www.eliassen.nl\/de\/shop\/"},{"@type":"ListItem","position":3,"name":"Gem\u00e4lde","item":"https:\/\/www.eliassen.nl\/de\/gemaelde\/"},{"@type":"ListItem","position":4,"name":"3D Gem\u00e4lde aus Metall","item":"https:\/\/www.eliassen.nl\/de\/gemaelde\/3d-gemaelde-aus-metall\/"},{"@type":"ListItem","position":5,"name":"3D Gem\u00e4lde aus Metall 70x140 cm","item":"https:\/\/www.eliassen.nl\/de\/gemaelde\/3d-gemaelde-aus-metall\/3d-gemaelde-aus-metall-im-format-70x140cm\/"},{"@type":"ListItem","position":6,"name":"Malerei Metall 3d Gro\u00dfes Auge 140x70cm"}]},{"@type":"WebSite","@id":"https:\/\/www.eliassen.nl\/de\/#website","url":"https:\/\/www.eliassen.nl\/de\/","name":"Eliassen Home & Garden Pleasure","description":"","publisher":{"@id":"https:\/\/www.eliassen.nl\/de\/#organization"},"alternateName":"Eliassen.nl","potentialAction":[{"@type":"SearchAction","target":{"@type":"EntryPoint","urlTemplate":"https:\/\/www.eliassen.nl\/de\/?s={search_term_string}"},"query-input":{"@type":"PropertyValueSpecification","valueRequired":true,"valueName":"search_term_string"}}],"inLanguage":"de"},{"@type":["Organization","Place"],"@id":"https:\/\/www.eliassen.nl\/de\/#organization","name":"Eliassen Home & Garden Pleasure","url":"https:\/\/www.eliassen.nl\/de\/","logo":{"@id":"https:\/\/www.eliassen.nl\/de\/malerei-metall-3d-grosses-auge-140x70cm\/#local-main-organization-logo"},"image":{"@id":"https:\/\/www.eliassen.nl\/de\/malerei-metall-3d-grosses-auge-140x70cm\/#local-main-organization-logo"},"sameAs":["https:\/\/www.facebook.com\/TuincentrumEliassenAmmerzoden","https:\/\/www.instagram.com\/eliassenhomeandgarden\/","https:\/\/nl.pinterest.com\/eliassenhomeandgarden\/","https:\/\/www.youtube.com\/@eliassenhomegardenpleasure4558"],"telephone":[],"openingHoursSpecification":[{"@type":"OpeningHoursSpecification","dayOfWeek":["Monday","Tuesday","Wednesday","Thursday","Friday","Saturday","Sunday"],"opens":"09:00","closes":"17:00"}]},{"@type":"ImageObject","inLanguage":"de","@id":"https:\/\/www.eliassen.nl\/de\/malerei-metall-3d-grosses-auge-140x70cm\/#local-main-organization-logo","url":"https:\/\/www.eliassen.nl\/wp-content\/uploads\/2024\/01\/logo_4nd.jpg","contentUrl":"https:\/\/www.eliassen.nl\/wp-content\/uploads\/2024\/01\/logo_4nd.jpg","width":500,"height":500,"caption":"Eliassen Home & Garden Pleasure"}]},"product_price_amount":"209.00","product_price_currency":"EUR","og_availability":"instock","product_availability":"instock","product_retailer_item_id":"En231214","product_condition":"new"},"df_price":209,"df_sale_price":"","df_regular_price":209,"df_image_link":"https:\/\/www.eliassen.nl\/wp-content\/uploads\/2024\/10\/schilderijmetaalbigeyeeliassennl.jpg","image":"https:\/\/www.eliassen.nl\/wp-content\/uploads\/2024\/10\/schilderijmetaalbigeyeeliassennl.jpg","price_search":"<span class=\"woocommerce-Price-amount amount\"><bdi><span class=\"woocommerce-Price-currencySymbol\">&euro;<\/span>&nbsp;209,00<\/bdi><\/span>","category":"3D Gem\u00e4lde aus Metall","global_unique_id":"6096520934998","_links":{"self":[{"href":"https:\/\/www.eliassen.nl\/de\/wp-json\/wp\/v2\/product\/148790","targetHints":{"allow":["GET"]}}],"collection":[{"href":"https:\/\/www.eliassen.nl\/de\/wp-json\/wp\/v2\/product"}],"about":[{"href":"https:\/\/www.eliassen.nl\/de\/wp-json\/wp\/v2\/types\/product"}],"wp:featuredmedia":[{"embeddable":true,"href":"https:\/\/www.eliassen.nl\/de\/wp-json\/wp\/v2\/media\/148784"}],"wp:attachment":[{"href":"https:\/\/www.eliassen.nl\/de\/wp-json\/wp\/v2\/media?parent=148790"}],"wp:term":[{"taxonomy":"product_brand","embeddable":true,"href":"https:\/\/www.eliassen.nl\/de\/wp-json\/wp\/v2\/product_brand?post=148790"},{"taxonomy":"product_cat","embeddable":true,"href":"https:\/\/www.eliassen.nl\/de\/wp-json\/wp\/v2\/product_cat?post=148790"},{"taxonomy":"product_tag","embeddable":true,"href":"https:\/\/www.eliassen.nl\/de\/wp-json\/wp\/v2\/product_tag?post=148790"}],"curies":[{"name":"wp","href":"https:\/\/api.w.org\/{rel}","templated":true}]}}