{"id":148565,"date":"2024-02-07T13:25:21","date_gmt":"2024-02-07T13:25:21","guid":{"rendered":"https:\/\/www.eliassen.nl\/?product=schilderij-metaal-3d-op-hout-huis-in-duinen-120x80"},"modified":"2026-01-07T13:28:24","modified_gmt":"2026-01-07T12:28:24","slug":"metallgemalde-3d-haus-in-dunen-120x80cm","status":"publish","type":"product","link":"https:\/\/www.eliassen.nl\/de\/metallgemalde-3d-haus-in-dunen-120x80cm\/","title":{"rendered":"Gem\u00e4lde Metall 3d Haus in D\u00fcnen 120x80cm"},"content":{"rendered":"<p>Ein wundersch\u00f6nes 3D-Metallbild, das ein Haus in den D\u00fcnen in einer ruhigen Atmosph\u00e4re darstellt. Es wurde aus einzelnen Metallst\u00fccken gefertigt, die alle von Hand zusammengeschwei\u00dft wurden, um einen optimalen 3D-Effekt zu erzielen. Ein sch\u00f6nes St\u00fcck Wanddekoration f\u00fcr Ihr Zuhause, drau\u00dfen unter einem Vordach oder in Ihrem Gesch\u00e4ft. Die Farben und das allgemeine Erscheinungsbild k\u00f6nnen vom Foto abweichen, da der gesamte Artikel von Menschenhand gefertigt wurde.<\/p>\n<p><strong>Praktisch alle Metallbilder dieser Serie k\u00f6nnen Sie auch live in unserem Gesch\u00e4ft besichtigen.<\/strong><\/p>\n<ul>\n<li>Gr\u00f6\u00dfe: 120&#215;80 cm<\/li>\n<li>Material: lackiertes Metall in mehreren Schichten<\/li>\n<li>Einfach mit 2 Schrauben aufzuh\u00e4ngen<\/li>\n<li>Nur f\u00fcr drinnen oder drau\u00dfen unter Schutz<\/li>\n<li>Garantie 1 Jahr<\/li>\n<\/ul>\n","protected":false},"excerpt":{"rendered":"<p>Handbemaltes 3D-Metallbild eines Hauses in den D\u00fcnen. Gr\u00f6\u00dfe 120x80cm hoch.<\/p>\n","protected":false},"featured_media":148562,"template":"","meta":{"_acf_changed":false,"_genesis_title":"","_genesis_description":""},"product_brand":[6916],"product_cat":[419,434,410],"product_tag":[],"class_list":{"0":"post-148565","1":"product","2":"type-product","3":"status-publish","4":"has-post-thumbnail","6":"product_brand-eliassen-de","7":"product_cat-3d-gemaelde-aus-metall","8":"product_cat-3d-gemaelde-aus-metall-im-format-80x120cm","9":"product_cat-gemaelde","11":"first","12":"instock","13":"taxable","14":"shipping-taxable","15":"purchasable","16":"product-type-simple"},"acf":[],"meta_all":{"total_sales":"1","wcml_sync_hash":{"postmeta_fields":"cbbf843f42e944ee6b52463ce3e3fe50"},"attr_label_translations":[],"cor_restricted_countries":[]},"meta_all_flat":{"total_sales":"1","wcml_sync_hash.postmeta_fields":"cbbf843f42e944ee6b52463ce3e3fe50"},"yoast_head":"<!-- This site is optimized with the Yoast SEO Premium plugin v26.2 (Yoast SEO v27.2) - https:\/\/yoast.com\/product\/yoast-seo-premium-wordpress\/ -->\n<title>Malerei Metall 3d Haus in D\u00fcnen 120x80cm - Eliassen.nl<\/title>\n<meta name=\"description\" content=\"Suchen Sie nach einer friedlichen Szene f\u00fcr Ihre Wand? Dieses 3D-Metallgem\u00e4lde eines D\u00fcnenhauses wird Ihnen sicher gefallen. Einzigartig. Verf\u00fcgbar. 80x120cm.\" \/>\n<meta name=\"robots\" content=\"index, follow, max-snippet:-1, max-image-preview:large, max-video-preview:-1\" \/>\n<link rel=\"canonical\" href=\"https:\/\/www.eliassen.nl\/de\/metallgemalde-3d-haus-in-dunen-120x80cm\/\" \/>\n<meta property=\"og:locale\" content=\"de_DE\" \/>\n<meta property=\"og:type\" content=\"article\" \/>\n<meta property=\"og:title\" content=\"Eliassen Gem\u00e4lde Metall 3d Haus in D\u00fcnen 120x80cm - Eliassen.nl\" \/>\n<meta property=\"og:description\" content=\"Suchen Sie nach einer friedlichen Szene f\u00fcr Ihre Wand? Dieses 3D-Metallgem\u00e4lde eines D\u00fcnenhauses wird Ihnen sicher gefallen. Einzigartig. Verf\u00fcgbar. 80x120cm.\" \/>\n<meta property=\"og:url\" content=\"https:\/\/www.eliassen.nl\/de\/metallgemalde-3d-haus-in-dunen-120x80cm\/\" \/>\n<meta property=\"og:site_name\" content=\"Eliassen.nl\" \/>\n<meta property=\"article:publisher\" content=\"https:\/\/www.facebook.com\/TuincentrumEliassenAmmerzoden\" \/>\n<meta property=\"article:modified_time\" content=\"2026-01-07T12:28:24+00:00\" \/>\n<meta property=\"og:image\" content=\"https:\/\/www.eliassen.nl\/wp-content\/uploads\/2024\/10\/schilderijophouhuisinduineneliassennl.jpg\" \/>\n\t<meta property=\"og:image:width\" content=\"588\" \/>\n\t<meta property=\"og:image:height\" content=\"392\" \/>\n\t<meta property=\"og:image:type\" content=\"image\/jpeg\" \/>\n<meta name=\"twitter:card\" content=\"summary_large_image\" \/>\n<script type=\"application\/ld+json\" class=\"yoast-schema-graph\">{\"@context\":\"https:\/\/schema.org\",\"@graph\":[{\"@type\":\"WebPage\",\"@id\":\"https:\/\/www.eliassen.nl\/de\/metallgemalde-3d-haus-in-dunen-120x80cm\/\",\"url\":\"https:\/\/www.eliassen.nl\/de\/metallgemalde-3d-haus-in-dunen-120x80cm\/\",\"name\":\"Malerei Metall 3d Haus in D\u00fcnen 120x80cm - Eliassen.nl\",\"isPartOf\":{\"@id\":\"https:\/\/www.eliassen.nl\/de\/#website\"},\"primaryImageOfPage\":{\"@id\":\"https:\/\/www.eliassen.nl\/de\/metallgemalde-3d-haus-in-dunen-120x80cm\/#primaryimage\"},\"image\":{\"@id\":\"https:\/\/www.eliassen.nl\/de\/metallgemalde-3d-haus-in-dunen-120x80cm\/#primaryimage\"},\"thumbnailUrl\":\"https:\/\/www.eliassen.nl\/wp-content\/uploads\/2024\/10\/schilderijophouhuisinduineneliassennl.jpg\",\"datePublished\":\"2024-02-07T13:25:21+00:00\",\"dateModified\":\"2026-01-07T12:28:24+00:00\",\"description\":\"Suchen Sie nach einer friedlichen Szene f\u00fcr Ihre Wand? Dieses 3D-Metallgem\u00e4lde eines D\u00fcnenhauses wird Ihnen sicher gefallen. Einzigartig. Verf\u00fcgbar. 80x120cm.\",\"breadcrumb\":{\"@id\":\"https:\/\/www.eliassen.nl\/de\/metallgemalde-3d-haus-in-dunen-120x80cm\/#breadcrumb\"},\"inLanguage\":\"de\",\"potentialAction\":[{\"@type\":\"ReadAction\",\"target\":[\"https:\/\/www.eliassen.nl\/de\/metallgemalde-3d-haus-in-dunen-120x80cm\/\"]}]},{\"@type\":\"ImageObject\",\"inLanguage\":\"de\",\"@id\":\"https:\/\/www.eliassen.nl\/de\/metallgemalde-3d-haus-in-dunen-120x80cm\/#primaryimage\",\"url\":\"https:\/\/www.eliassen.nl\/wp-content\/uploads\/2024\/10\/schilderijophouhuisinduineneliassennl.jpg\",\"contentUrl\":\"https:\/\/www.eliassen.nl\/wp-content\/uploads\/2024\/10\/schilderijophouhuisinduineneliassennl.jpg\",\"width\":588,\"height\":392,\"caption\":\"Gem\u00e4lde auf Haus in D\u00fcnen - Eliassen.nl\"},{\"@type\":\"BreadcrumbList\",\"@id\":\"https:\/\/www.eliassen.nl\/de\/metallgemalde-3d-haus-in-dunen-120x80cm\/#breadcrumb\",\"itemListElement\":[{\"@type\":\"ListItem\",\"position\":1,\"name\":\"Home\",\"item\":\"https:\/\/www.eliassen.nl\/de\/\"},{\"@type\":\"ListItem\",\"position\":2,\"name\":\"Shop\",\"item\":\"https:\/\/www.eliassen.nl\/de\/shop\/\"},{\"@type\":\"ListItem\",\"position\":3,\"name\":\"Gem\u00e4lde\",\"item\":\"https:\/\/www.eliassen.nl\/de\/gemaelde\/\"},{\"@type\":\"ListItem\",\"position\":4,\"name\":\"3D Gem\u00e4lde aus Metall\",\"item\":\"https:\/\/www.eliassen.nl\/de\/gemaelde\/3d-gemaelde-aus-metall\/\"},{\"@type\":\"ListItem\",\"position\":5,\"name\":\"3D Gem\u00e4lde aus Metall 80x120 cm\",\"item\":\"https:\/\/www.eliassen.nl\/de\/gemaelde\/3d-gemaelde-aus-metall\/3d-gemaelde-aus-metall-im-format-80x120cm\/\"},{\"@type\":\"ListItem\",\"position\":6,\"name\":\"Gem\u00e4lde Metall 3d Haus in D\u00fcnen 120x80cm\"}]},{\"@type\":\"WebSite\",\"@id\":\"https:\/\/www.eliassen.nl\/de\/#website\",\"url\":\"https:\/\/www.eliassen.nl\/de\/\",\"name\":\"Eliassen Home & Garden Pleasure\",\"description\":\"\",\"publisher\":{\"@id\":\"https:\/\/www.eliassen.nl\/de\/#organization\"},\"alternateName\":\"Eliassen.nl\",\"potentialAction\":[{\"@type\":\"SearchAction\",\"target\":{\"@type\":\"EntryPoint\",\"urlTemplate\":\"https:\/\/www.eliassen.nl\/de\/?s={search_term_string}\"},\"query-input\":{\"@type\":\"PropertyValueSpecification\",\"valueRequired\":true,\"valueName\":\"search_term_string\"}}],\"inLanguage\":\"de\"},{\"@type\":[\"Organization\",\"Place\"],\"@id\":\"https:\/\/www.eliassen.nl\/de\/#organization\",\"name\":\"Eliassen Home & Garden Pleasure\",\"url\":\"https:\/\/www.eliassen.nl\/de\/\",\"logo\":{\"@id\":\"https:\/\/www.eliassen.nl\/de\/metallgemalde-3d-haus-in-dunen-120x80cm\/#local-main-organization-logo\"},\"image\":{\"@id\":\"https:\/\/www.eliassen.nl\/de\/metallgemalde-3d-haus-in-dunen-120x80cm\/#local-main-organization-logo\"},\"sameAs\":[\"https:\/\/www.facebook.com\/TuincentrumEliassenAmmerzoden\",\"https:\/\/www.instagram.com\/eliassenhomeandgarden\/\",\"https:\/\/nl.pinterest.com\/eliassenhomeandgarden\/\",\"https:\/\/www.youtube.com\/@eliassenhomegardenpleasure4558\"],\"telephone\":[],\"openingHoursSpecification\":[{\"@type\":\"OpeningHoursSpecification\",\"dayOfWeek\":[\"Monday\",\"Tuesday\",\"Wednesday\",\"Thursday\",\"Friday\",\"Saturday\",\"Sunday\"],\"opens\":\"09:00\",\"closes\":\"17:00\"}]},{\"@type\":\"ImageObject\",\"inLanguage\":\"de\",\"@id\":\"https:\/\/www.eliassen.nl\/de\/metallgemalde-3d-haus-in-dunen-120x80cm\/#local-main-organization-logo\",\"url\":\"https:\/\/www.eliassen.nl\/wp-content\/uploads\/2024\/01\/logo_4nd.jpg\",\"contentUrl\":\"https:\/\/www.eliassen.nl\/wp-content\/uploads\/2024\/01\/logo_4nd.jpg\",\"width\":500,\"height\":500,\"caption\":\"Eliassen Home & Garden Pleasure\"}]}<\/script>\n<meta property=\"product:price:amount\" content=\"199.00\" \/>\n<meta property=\"product:price:currency\" content=\"EUR\" \/>\n<meta property=\"og:availability\" content=\"instock\" \/>\n<meta property=\"product:availability\" content=\"instock\" \/>\n<meta property=\"product:retailer_item_id\" content=\"Dcw21707\" \/>\n<meta property=\"product:condition\" content=\"new\" \/>\n<!-- \/ Yoast SEO Premium plugin. -->","yoast_head_json":{"title":"Malerei Metall 3d Haus in D\u00fcnen 120x80cm - Eliassen.nl","description":"Suchen Sie nach einer friedlichen Szene f\u00fcr Ihre Wand? Dieses 3D-Metallgem\u00e4lde eines D\u00fcnenhauses wird Ihnen sicher gefallen. Einzigartig. Verf\u00fcgbar. 80x120cm.","robots":{"index":"index","follow":"follow","max-snippet":"max-snippet:-1","max-image-preview":"max-image-preview:large","max-video-preview":"max-video-preview:-1"},"canonical":"https:\/\/www.eliassen.nl\/de\/metallgemalde-3d-haus-in-dunen-120x80cm\/","og_locale":"de_DE","og_type":"article","og_title":"Eliassen Gem\u00e4lde Metall 3d Haus in D\u00fcnen 120x80cm - Eliassen.nl","og_description":"Suchen Sie nach einer friedlichen Szene f\u00fcr Ihre Wand? Dieses 3D-Metallgem\u00e4lde eines D\u00fcnenhauses wird Ihnen sicher gefallen. Einzigartig. Verf\u00fcgbar. 80x120cm.","og_url":"https:\/\/www.eliassen.nl\/de\/metallgemalde-3d-haus-in-dunen-120x80cm\/","og_site_name":"Eliassen.nl","article_publisher":"https:\/\/www.facebook.com\/TuincentrumEliassenAmmerzoden","article_modified_time":"2026-01-07T12:28:24+00:00","og_image":[{"width":588,"height":392,"url":"https:\/\/www.eliassen.nl\/wp-content\/uploads\/2024\/10\/schilderijophouhuisinduineneliassennl.jpg","type":"image\/jpeg"}],"twitter_card":"summary_large_image","schema":{"@context":"https:\/\/schema.org","@graph":[{"@type":"WebPage","@id":"https:\/\/www.eliassen.nl\/de\/metallgemalde-3d-haus-in-dunen-120x80cm\/","url":"https:\/\/www.eliassen.nl\/de\/metallgemalde-3d-haus-in-dunen-120x80cm\/","name":"Malerei Metall 3d Haus in D\u00fcnen 120x80cm - Eliassen.nl","isPartOf":{"@id":"https:\/\/www.eliassen.nl\/de\/#website"},"primaryImageOfPage":{"@id":"https:\/\/www.eliassen.nl\/de\/metallgemalde-3d-haus-in-dunen-120x80cm\/#primaryimage"},"image":{"@id":"https:\/\/www.eliassen.nl\/de\/metallgemalde-3d-haus-in-dunen-120x80cm\/#primaryimage"},"thumbnailUrl":"https:\/\/www.eliassen.nl\/wp-content\/uploads\/2024\/10\/schilderijophouhuisinduineneliassennl.jpg","datePublished":"2024-02-07T13:25:21+00:00","dateModified":"2026-01-07T12:28:24+00:00","description":"Suchen Sie nach einer friedlichen Szene f\u00fcr Ihre Wand? Dieses 3D-Metallgem\u00e4lde eines D\u00fcnenhauses wird Ihnen sicher gefallen. Einzigartig. Verf\u00fcgbar. 80x120cm.","breadcrumb":{"@id":"https:\/\/www.eliassen.nl\/de\/metallgemalde-3d-haus-in-dunen-120x80cm\/#breadcrumb"},"inLanguage":"de","potentialAction":[{"@type":"ReadAction","target":["https:\/\/www.eliassen.nl\/de\/metallgemalde-3d-haus-in-dunen-120x80cm\/"]}]},{"@type":"ImageObject","inLanguage":"de","@id":"https:\/\/www.eliassen.nl\/de\/metallgemalde-3d-haus-in-dunen-120x80cm\/#primaryimage","url":"https:\/\/www.eliassen.nl\/wp-content\/uploads\/2024\/10\/schilderijophouhuisinduineneliassennl.jpg","contentUrl":"https:\/\/www.eliassen.nl\/wp-content\/uploads\/2024\/10\/schilderijophouhuisinduineneliassennl.jpg","width":588,"height":392,"caption":"Gem\u00e4lde auf Haus in D\u00fcnen - Eliassen.nl"},{"@type":"BreadcrumbList","@id":"https:\/\/www.eliassen.nl\/de\/metallgemalde-3d-haus-in-dunen-120x80cm\/#breadcrumb","itemListElement":[{"@type":"ListItem","position":1,"name":"Home","item":"https:\/\/www.eliassen.nl\/de\/"},{"@type":"ListItem","position":2,"name":"Shop","item":"https:\/\/www.eliassen.nl\/de\/shop\/"},{"@type":"ListItem","position":3,"name":"Gem\u00e4lde","item":"https:\/\/www.eliassen.nl\/de\/gemaelde\/"},{"@type":"ListItem","position":4,"name":"3D Gem\u00e4lde aus Metall","item":"https:\/\/www.eliassen.nl\/de\/gemaelde\/3d-gemaelde-aus-metall\/"},{"@type":"ListItem","position":5,"name":"3D Gem\u00e4lde aus Metall 80x120 cm","item":"https:\/\/www.eliassen.nl\/de\/gemaelde\/3d-gemaelde-aus-metall\/3d-gemaelde-aus-metall-im-format-80x120cm\/"},{"@type":"ListItem","position":6,"name":"Gem\u00e4lde Metall 3d Haus in D\u00fcnen 120x80cm"}]},{"@type":"WebSite","@id":"https:\/\/www.eliassen.nl\/de\/#website","url":"https:\/\/www.eliassen.nl\/de\/","name":"Eliassen Home & Garden Pleasure","description":"","publisher":{"@id":"https:\/\/www.eliassen.nl\/de\/#organization"},"alternateName":"Eliassen.nl","potentialAction":[{"@type":"SearchAction","target":{"@type":"EntryPoint","urlTemplate":"https:\/\/www.eliassen.nl\/de\/?s={search_term_string}"},"query-input":{"@type":"PropertyValueSpecification","valueRequired":true,"valueName":"search_term_string"}}],"inLanguage":"de"},{"@type":["Organization","Place"],"@id":"https:\/\/www.eliassen.nl\/de\/#organization","name":"Eliassen Home & Garden Pleasure","url":"https:\/\/www.eliassen.nl\/de\/","logo":{"@id":"https:\/\/www.eliassen.nl\/de\/metallgemalde-3d-haus-in-dunen-120x80cm\/#local-main-organization-logo"},"image":{"@id":"https:\/\/www.eliassen.nl\/de\/metallgemalde-3d-haus-in-dunen-120x80cm\/#local-main-organization-logo"},"sameAs":["https:\/\/www.facebook.com\/TuincentrumEliassenAmmerzoden","https:\/\/www.instagram.com\/eliassenhomeandgarden\/","https:\/\/nl.pinterest.com\/eliassenhomeandgarden\/","https:\/\/www.youtube.com\/@eliassenhomegardenpleasure4558"],"telephone":[],"openingHoursSpecification":[{"@type":"OpeningHoursSpecification","dayOfWeek":["Monday","Tuesday","Wednesday","Thursday","Friday","Saturday","Sunday"],"opens":"09:00","closes":"17:00"}]},{"@type":"ImageObject","inLanguage":"de","@id":"https:\/\/www.eliassen.nl\/de\/metallgemalde-3d-haus-in-dunen-120x80cm\/#local-main-organization-logo","url":"https:\/\/www.eliassen.nl\/wp-content\/uploads\/2024\/01\/logo_4nd.jpg","contentUrl":"https:\/\/www.eliassen.nl\/wp-content\/uploads\/2024\/01\/logo_4nd.jpg","width":500,"height":500,"caption":"Eliassen Home & Garden Pleasure"}]},"product_price_amount":"199.00","product_price_currency":"EUR","og_availability":"instock","product_availability":"instock","product_retailer_item_id":"Dcw21707","product_condition":"new"},"df_price":199,"df_sale_price":"","df_regular_price":199,"df_image_link":"https:\/\/www.eliassen.nl\/wp-content\/uploads\/2024\/10\/schilderijophouhuisinduineneliassennl.jpg","image":"https:\/\/www.eliassen.nl\/wp-content\/uploads\/2024\/10\/schilderijophouhuisinduineneliassennl.jpg","price_search":"<span class=\"woocommerce-Price-amount amount\"><bdi><span class=\"woocommerce-Price-currencySymbol\">&euro;<\/span>&nbsp;199,00<\/bdi><\/span>","category":"3D Gem\u00e4lde aus Metall","global_unique_id":"6096524567529","_links":{"self":[{"href":"https:\/\/www.eliassen.nl\/de\/wp-json\/wp\/v2\/product\/148565","targetHints":{"allow":["GET"]}}],"collection":[{"href":"https:\/\/www.eliassen.nl\/de\/wp-json\/wp\/v2\/product"}],"about":[{"href":"https:\/\/www.eliassen.nl\/de\/wp-json\/wp\/v2\/types\/product"}],"wp:featuredmedia":[{"embeddable":true,"href":"https:\/\/www.eliassen.nl\/de\/wp-json\/wp\/v2\/media\/148562"}],"wp:attachment":[{"href":"https:\/\/www.eliassen.nl\/de\/wp-json\/wp\/v2\/media?parent=148565"}],"wp:term":[{"taxonomy":"product_brand","embeddable":true,"href":"https:\/\/www.eliassen.nl\/de\/wp-json\/wp\/v2\/product_brand?post=148565"},{"taxonomy":"product_cat","embeddable":true,"href":"https:\/\/www.eliassen.nl\/de\/wp-json\/wp\/v2\/product_cat?post=148565"},{"taxonomy":"product_tag","embeddable":true,"href":"https:\/\/www.eliassen.nl\/de\/wp-json\/wp\/v2\/product_tag?post=148565"}],"curies":[{"name":"wp","href":"https:\/\/api.w.org\/{rel}","templated":true}]}}