{"id":148310,"date":"2024-02-02T10:32:15","date_gmt":"2024-02-02T10:32:15","guid":{"rendered":"https:\/\/www.eliassen.nl\/?product=canvas-schilderij-vrouw-met-bloemen-op-hoofd-90x15"},"modified":"2026-01-07T13:29:08","modified_gmt":"2026-01-07T12:29:08","slug":"leinwandgemalde-frau-mit-blumen-auf-dem-kopf-90x150cm","status":"publish","type":"product","link":"https:\/\/www.eliassen.nl\/de\/leinwandgemalde-frau-mit-blumen-auf-dem-kopf-90x150cm\/","title":{"rendered":"Leinwandgem\u00e4lde Frau mit Blumen auf dem Kopf 90x150cm"},"content":{"rendered":"<p>Sind Sie auf der Suche nach einem sch\u00f6nen Leinwandbild, das mit Acrylfarbe bearbeitet wurde? Dann ist diese Serie von Wanddekorationen genau das Richtige f\u00fcr Sie. Dieses gro\u00dfe Gem\u00e4lde, das eine Frau in einer farbenfrohen Umgebung mit einem Graffiti-Touch zeigt, wurde sorgf\u00e4ltig mit den feinsten Farbkompositionen und mit viel Liebe zum Detail angefertigt!<\/p>\n<p>Das Gem\u00e4lde besteht teilweise aus einem Druck auf Leinwand und teilweise aus darauf aufgetragener Acrylfarbe.<br \/>Da es von Menschenhand gemacht ist, kann das Foto leicht von der Realit\u00e4t abweichen.<\/p>\n<p>Die Leinwand ist mit einem 5 cm dicken Rahmen versehen.<\/p>\n<p>Wir haben auch fast die gesamte Kollektion dieser Serie in unserem Gesch\u00e4ft, was in den Niederlanden einzigartig ist.<br \/>Nirgendwo finden Sie eine so gro\u00dfe Sammlung. Sie sind herzlich willkommen.<\/p>\n<ul>\n<li>  Gr\u00f6\u00dfe 90x150cm  <\/li>\n<li>  Dickes und robustes Segeltuch<\/li>\n<li>  Einfach mit 1 oder 2 Schrauben aufzuh\u00e4ngen<\/li>\n<li> Schnelle Lieferung<\/li>\n<li><strong>  Die gr\u00f6\u00dfte Sammlung in den Benelux-L\u00e4ndern, die Sie auch live sehen k\u00f6nnen.<\/strong><\/li>\n<li>1 Jahr Garantie<\/li>\n<\/ul>\n","protected":false},"excerpt":{"rendered":"<p>Wundersch\u00f6nes, farbenfrohes Leinwandgem\u00e4lde, das mit Acrylfarbe gemalt wurde. Gr\u00f6\u00dfe 90x150cm.<\/p>\n","protected":false},"featured_media":148307,"template":"","meta":{"_acf_changed":false,"_genesis_title":"","_genesis_description":""},"product_brand":[6948],"product_cat":[410,476],"product_tag":[],"class_list":{"0":"post-148310","1":"product","2":"type-product","3":"status-publish","4":"has-post-thumbnail","6":"product_brand-homebound-de","7":"product_cat-gemaelde","8":"product_cat-gemaelde-auf-leinwand","10":"first","11":"instock","12":"taxable","13":"shipping-taxable","14":"purchasable","15":"product-type-simple"},"acf":[],"meta_all":{"total_sales":"2","wcml_sync_hash":{"postmeta_fields":"7ad88384f5a589f31554024a15babe25"},"attr_label_translations":[]},"meta_all_flat":{"total_sales":"2","wcml_sync_hash.postmeta_fields":"7ad88384f5a589f31554024a15babe25"},"yoast_head":"<!-- This site is optimized with the Yoast SEO Premium plugin v26.2 (Yoast SEO v27.2) - https:\/\/yoast.com\/product\/yoast-seo-premium-wordpress\/ -->\n<title>Leinwandbild Frau mit Blumen auf dem Kopf 90x150cm - Eliassen.nl<\/title>\n<meta name=\"description\" content=\"Ein wundersch\u00f6nes, farbenfrohes Leinwandgem\u00e4lde, das mit Acrylfarbe bearbeitet wurde und einen atemberaubenden Effekt erzielt. Eine sch\u00f6ne Dekoration f\u00fcr die Wand. Gr\u00f6\u00dfe 90x150cm.\" \/>\n<meta name=\"robots\" content=\"index, follow, max-snippet:-1, max-image-preview:large, max-video-preview:-1\" \/>\n<link rel=\"canonical\" href=\"https:\/\/www.eliassen.nl\/de\/leinwandgemalde-frau-mit-blumen-auf-dem-kopf-90x150cm\/\" \/>\n<meta property=\"og:locale\" content=\"de_DE\" \/>\n<meta property=\"og:type\" content=\"article\" \/>\n<meta property=\"og:title\" content=\"Homebound Leinwandgem\u00e4lde Frau mit Blumen auf dem Kopf 90x150cm - Eliassen.nl\" \/>\n<meta property=\"og:description\" content=\"Ein wundersch\u00f6nes, farbenfrohes Leinwandgem\u00e4lde, das mit Acrylfarbe bearbeitet wurde und einen atemberaubenden Effekt erzielt. Eine sch\u00f6ne Dekoration f\u00fcr die Wand. Gr\u00f6\u00dfe 90x150cm.\" \/>\n<meta property=\"og:url\" content=\"https:\/\/www.eliassen.nl\/de\/leinwandgemalde-frau-mit-blumen-auf-dem-kopf-90x150cm\/\" \/>\n<meta property=\"og:site_name\" content=\"Eliassen.nl\" \/>\n<meta property=\"article:publisher\" content=\"https:\/\/www.facebook.com\/TuincentrumEliassenAmmerzoden\" \/>\n<meta property=\"article:modified_time\" content=\"2026-01-07T12:29:08+00:00\" \/>\n<meta property=\"og:image\" content=\"https:\/\/www.eliassen.nl\/wp-content\/uploads\/2024\/10\/canvasschilderijvrouwmetbloemenkrans190x150c.jpg\" \/>\n\t<meta property=\"og:image:width\" content=\"1200\" \/>\n\t<meta property=\"og:image:height\" content=\"2000\" \/>\n\t<meta property=\"og:image:type\" content=\"image\/jpeg\" \/>\n<meta name=\"twitter:card\" content=\"summary_large_image\" \/>\n<script type=\"application\/ld+json\" class=\"yoast-schema-graph\">{\"@context\":\"https:\/\/schema.org\",\"@graph\":[{\"@type\":\"WebPage\",\"@id\":\"https:\/\/www.eliassen.nl\/de\/leinwandgemalde-frau-mit-blumen-auf-dem-kopf-90x150cm\/\",\"url\":\"https:\/\/www.eliassen.nl\/de\/leinwandgemalde-frau-mit-blumen-auf-dem-kopf-90x150cm\/\",\"name\":\"Leinwandbild Frau mit Blumen auf dem Kopf 90x150cm - Eliassen.nl\",\"isPartOf\":{\"@id\":\"https:\/\/www.eliassen.nl\/de\/#website\"},\"primaryImageOfPage\":{\"@id\":\"https:\/\/www.eliassen.nl\/de\/leinwandgemalde-frau-mit-blumen-auf-dem-kopf-90x150cm\/#primaryimage\"},\"image\":{\"@id\":\"https:\/\/www.eliassen.nl\/de\/leinwandgemalde-frau-mit-blumen-auf-dem-kopf-90x150cm\/#primaryimage\"},\"thumbnailUrl\":\"https:\/\/www.eliassen.nl\/wp-content\/uploads\/2024\/10\/canvasschilderijvrouwmetbloemenkrans190x150c.jpg\",\"datePublished\":\"2024-02-02T10:32:15+00:00\",\"dateModified\":\"2026-01-07T12:29:08+00:00\",\"description\":\"Ein wundersch\u00f6nes, farbenfrohes Leinwandgem\u00e4lde, das mit Acrylfarbe bearbeitet wurde und einen atemberaubenden Effekt erzielt. Eine sch\u00f6ne Dekoration f\u00fcr die Wand. Gr\u00f6\u00dfe 90x150cm.\",\"breadcrumb\":{\"@id\":\"https:\/\/www.eliassen.nl\/de\/leinwandgemalde-frau-mit-blumen-auf-dem-kopf-90x150cm\/#breadcrumb\"},\"inLanguage\":\"de\",\"potentialAction\":[{\"@type\":\"ReadAction\",\"target\":[\"https:\/\/www.eliassen.nl\/de\/leinwandgemalde-frau-mit-blumen-auf-dem-kopf-90x150cm\/\"]}]},{\"@type\":\"ImageObject\",\"inLanguage\":\"de\",\"@id\":\"https:\/\/www.eliassen.nl\/de\/leinwandgemalde-frau-mit-blumen-auf-dem-kopf-90x150cm\/#primaryimage\",\"url\":\"https:\/\/www.eliassen.nl\/wp-content\/uploads\/2024\/10\/canvasschilderijvrouwmetbloemenkrans190x150c.jpg\",\"contentUrl\":\"https:\/\/www.eliassen.nl\/wp-content\/uploads\/2024\/10\/canvasschilderijvrouwmetbloemenkrans190x150c.jpg\",\"width\":1200,\"height\":2000,\"caption\":\"Leinwand-Gem\u00e4lde-Frau-mit-Blumen-Kranz-1-90x150c\"},{\"@type\":\"BreadcrumbList\",\"@id\":\"https:\/\/www.eliassen.nl\/de\/leinwandgemalde-frau-mit-blumen-auf-dem-kopf-90x150cm\/#breadcrumb\",\"itemListElement\":[{\"@type\":\"ListItem\",\"position\":1,\"name\":\"Home\",\"item\":\"https:\/\/www.eliassen.nl\/de\/\"},{\"@type\":\"ListItem\",\"position\":2,\"name\":\"Shop\",\"item\":\"https:\/\/www.eliassen.nl\/de\/shop\/\"},{\"@type\":\"ListItem\",\"position\":3,\"name\":\"Gem\u00e4lde\",\"item\":\"https:\/\/www.eliassen.nl\/de\/gemaelde\/\"},{\"@type\":\"ListItem\",\"position\":4,\"name\":\"Gem\u00e4lde auf Leinwand\",\"item\":\"https:\/\/www.eliassen.nl\/de\/gemaelde\/gemaelde-auf-leinwand\/\"},{\"@type\":\"ListItem\",\"position\":5,\"name\":\"Leinwandgem\u00e4lde Frau mit Blumen auf dem Kopf 90x150cm\"}]},{\"@type\":\"WebSite\",\"@id\":\"https:\/\/www.eliassen.nl\/de\/#website\",\"url\":\"https:\/\/www.eliassen.nl\/de\/\",\"name\":\"Eliassen Home & Garden Pleasure\",\"description\":\"\",\"publisher\":{\"@id\":\"https:\/\/www.eliassen.nl\/de\/#organization\"},\"alternateName\":\"Eliassen.nl\",\"potentialAction\":[{\"@type\":\"SearchAction\",\"target\":{\"@type\":\"EntryPoint\",\"urlTemplate\":\"https:\/\/www.eliassen.nl\/de\/?s={search_term_string}\"},\"query-input\":{\"@type\":\"PropertyValueSpecification\",\"valueRequired\":true,\"valueName\":\"search_term_string\"}}],\"inLanguage\":\"de\"},{\"@type\":[\"Organization\",\"Place\"],\"@id\":\"https:\/\/www.eliassen.nl\/de\/#organization\",\"name\":\"Eliassen Home & Garden Pleasure\",\"url\":\"https:\/\/www.eliassen.nl\/de\/\",\"logo\":{\"@id\":\"https:\/\/www.eliassen.nl\/de\/leinwandgemalde-frau-mit-blumen-auf-dem-kopf-90x150cm\/#local-main-organization-logo\"},\"image\":{\"@id\":\"https:\/\/www.eliassen.nl\/de\/leinwandgemalde-frau-mit-blumen-auf-dem-kopf-90x150cm\/#local-main-organization-logo\"},\"sameAs\":[\"https:\/\/www.facebook.com\/TuincentrumEliassenAmmerzoden\",\"https:\/\/www.instagram.com\/eliassenhomeandgarden\/\",\"https:\/\/nl.pinterest.com\/eliassenhomeandgarden\/\",\"https:\/\/www.youtube.com\/@eliassenhomegardenpleasure4558\"],\"telephone\":[],\"openingHoursSpecification\":[{\"@type\":\"OpeningHoursSpecification\",\"dayOfWeek\":[\"Monday\",\"Tuesday\",\"Wednesday\",\"Thursday\",\"Friday\",\"Saturday\",\"Sunday\"],\"opens\":\"09:00\",\"closes\":\"17:00\"}]},{\"@type\":\"ImageObject\",\"inLanguage\":\"de\",\"@id\":\"https:\/\/www.eliassen.nl\/de\/leinwandgemalde-frau-mit-blumen-auf-dem-kopf-90x150cm\/#local-main-organization-logo\",\"url\":\"https:\/\/www.eliassen.nl\/wp-content\/uploads\/2024\/01\/logo_4nd.jpg\",\"contentUrl\":\"https:\/\/www.eliassen.nl\/wp-content\/uploads\/2024\/01\/logo_4nd.jpg\",\"width\":500,\"height\":500,\"caption\":\"Eliassen Home & Garden Pleasure\"}]}<\/script>\n<meta property=\"product:price:amount\" content=\"239.00\" \/>\n<meta property=\"product:price:currency\" content=\"EUR\" \/>\n<meta property=\"og:availability\" content=\"instock\" \/>\n<meta property=\"product:availability\" content=\"instock\" \/>\n<meta property=\"product:retailer_item_id\" content=\"Fk9005\" \/>\n<meta property=\"product:condition\" content=\"new\" \/>\n<!-- \/ Yoast SEO Premium plugin. -->","yoast_head_json":{"title":"Leinwandbild Frau mit Blumen auf dem Kopf 90x150cm - Eliassen.nl","description":"Ein wundersch\u00f6nes, farbenfrohes Leinwandgem\u00e4lde, das mit Acrylfarbe bearbeitet wurde und einen atemberaubenden Effekt erzielt. Eine sch\u00f6ne Dekoration f\u00fcr die Wand. Gr\u00f6\u00dfe 90x150cm.","robots":{"index":"index","follow":"follow","max-snippet":"max-snippet:-1","max-image-preview":"max-image-preview:large","max-video-preview":"max-video-preview:-1"},"canonical":"https:\/\/www.eliassen.nl\/de\/leinwandgemalde-frau-mit-blumen-auf-dem-kopf-90x150cm\/","og_locale":"de_DE","og_type":"article","og_title":"Homebound Leinwandgem\u00e4lde Frau mit Blumen auf dem Kopf 90x150cm - Eliassen.nl","og_description":"Ein wundersch\u00f6nes, farbenfrohes Leinwandgem\u00e4lde, das mit Acrylfarbe bearbeitet wurde und einen atemberaubenden Effekt erzielt. Eine sch\u00f6ne Dekoration f\u00fcr die Wand. Gr\u00f6\u00dfe 90x150cm.","og_url":"https:\/\/www.eliassen.nl\/de\/leinwandgemalde-frau-mit-blumen-auf-dem-kopf-90x150cm\/","og_site_name":"Eliassen.nl","article_publisher":"https:\/\/www.facebook.com\/TuincentrumEliassenAmmerzoden","article_modified_time":"2026-01-07T12:29:08+00:00","og_image":[{"width":1200,"height":2000,"url":"https:\/\/www.eliassen.nl\/wp-content\/uploads\/2024\/10\/canvasschilderijvrouwmetbloemenkrans190x150c.jpg","type":"image\/jpeg"}],"twitter_card":"summary_large_image","schema":{"@context":"https:\/\/schema.org","@graph":[{"@type":"WebPage","@id":"https:\/\/www.eliassen.nl\/de\/leinwandgemalde-frau-mit-blumen-auf-dem-kopf-90x150cm\/","url":"https:\/\/www.eliassen.nl\/de\/leinwandgemalde-frau-mit-blumen-auf-dem-kopf-90x150cm\/","name":"Leinwandbild Frau mit Blumen auf dem Kopf 90x150cm - Eliassen.nl","isPartOf":{"@id":"https:\/\/www.eliassen.nl\/de\/#website"},"primaryImageOfPage":{"@id":"https:\/\/www.eliassen.nl\/de\/leinwandgemalde-frau-mit-blumen-auf-dem-kopf-90x150cm\/#primaryimage"},"image":{"@id":"https:\/\/www.eliassen.nl\/de\/leinwandgemalde-frau-mit-blumen-auf-dem-kopf-90x150cm\/#primaryimage"},"thumbnailUrl":"https:\/\/www.eliassen.nl\/wp-content\/uploads\/2024\/10\/canvasschilderijvrouwmetbloemenkrans190x150c.jpg","datePublished":"2024-02-02T10:32:15+00:00","dateModified":"2026-01-07T12:29:08+00:00","description":"Ein wundersch\u00f6nes, farbenfrohes Leinwandgem\u00e4lde, das mit Acrylfarbe bearbeitet wurde und einen atemberaubenden Effekt erzielt. Eine sch\u00f6ne Dekoration f\u00fcr die Wand. Gr\u00f6\u00dfe 90x150cm.","breadcrumb":{"@id":"https:\/\/www.eliassen.nl\/de\/leinwandgemalde-frau-mit-blumen-auf-dem-kopf-90x150cm\/#breadcrumb"},"inLanguage":"de","potentialAction":[{"@type":"ReadAction","target":["https:\/\/www.eliassen.nl\/de\/leinwandgemalde-frau-mit-blumen-auf-dem-kopf-90x150cm\/"]}]},{"@type":"ImageObject","inLanguage":"de","@id":"https:\/\/www.eliassen.nl\/de\/leinwandgemalde-frau-mit-blumen-auf-dem-kopf-90x150cm\/#primaryimage","url":"https:\/\/www.eliassen.nl\/wp-content\/uploads\/2024\/10\/canvasschilderijvrouwmetbloemenkrans190x150c.jpg","contentUrl":"https:\/\/www.eliassen.nl\/wp-content\/uploads\/2024\/10\/canvasschilderijvrouwmetbloemenkrans190x150c.jpg","width":1200,"height":2000,"caption":"Leinwand-Gem\u00e4lde-Frau-mit-Blumen-Kranz-1-90x150c"},{"@type":"BreadcrumbList","@id":"https:\/\/www.eliassen.nl\/de\/leinwandgemalde-frau-mit-blumen-auf-dem-kopf-90x150cm\/#breadcrumb","itemListElement":[{"@type":"ListItem","position":1,"name":"Home","item":"https:\/\/www.eliassen.nl\/de\/"},{"@type":"ListItem","position":2,"name":"Shop","item":"https:\/\/www.eliassen.nl\/de\/shop\/"},{"@type":"ListItem","position":3,"name":"Gem\u00e4lde","item":"https:\/\/www.eliassen.nl\/de\/gemaelde\/"},{"@type":"ListItem","position":4,"name":"Gem\u00e4lde auf Leinwand","item":"https:\/\/www.eliassen.nl\/de\/gemaelde\/gemaelde-auf-leinwand\/"},{"@type":"ListItem","position":5,"name":"Leinwandgem\u00e4lde Frau mit Blumen auf dem Kopf 90x150cm"}]},{"@type":"WebSite","@id":"https:\/\/www.eliassen.nl\/de\/#website","url":"https:\/\/www.eliassen.nl\/de\/","name":"Eliassen Home & Garden Pleasure","description":"","publisher":{"@id":"https:\/\/www.eliassen.nl\/de\/#organization"},"alternateName":"Eliassen.nl","potentialAction":[{"@type":"SearchAction","target":{"@type":"EntryPoint","urlTemplate":"https:\/\/www.eliassen.nl\/de\/?s={search_term_string}"},"query-input":{"@type":"PropertyValueSpecification","valueRequired":true,"valueName":"search_term_string"}}],"inLanguage":"de"},{"@type":["Organization","Place"],"@id":"https:\/\/www.eliassen.nl\/de\/#organization","name":"Eliassen Home & Garden Pleasure","url":"https:\/\/www.eliassen.nl\/de\/","logo":{"@id":"https:\/\/www.eliassen.nl\/de\/leinwandgemalde-frau-mit-blumen-auf-dem-kopf-90x150cm\/#local-main-organization-logo"},"image":{"@id":"https:\/\/www.eliassen.nl\/de\/leinwandgemalde-frau-mit-blumen-auf-dem-kopf-90x150cm\/#local-main-organization-logo"},"sameAs":["https:\/\/www.facebook.com\/TuincentrumEliassenAmmerzoden","https:\/\/www.instagram.com\/eliassenhomeandgarden\/","https:\/\/nl.pinterest.com\/eliassenhomeandgarden\/","https:\/\/www.youtube.com\/@eliassenhomegardenpleasure4558"],"telephone":[],"openingHoursSpecification":[{"@type":"OpeningHoursSpecification","dayOfWeek":["Monday","Tuesday","Wednesday","Thursday","Friday","Saturday","Sunday"],"opens":"09:00","closes":"17:00"}]},{"@type":"ImageObject","inLanguage":"de","@id":"https:\/\/www.eliassen.nl\/de\/leinwandgemalde-frau-mit-blumen-auf-dem-kopf-90x150cm\/#local-main-organization-logo","url":"https:\/\/www.eliassen.nl\/wp-content\/uploads\/2024\/01\/logo_4nd.jpg","contentUrl":"https:\/\/www.eliassen.nl\/wp-content\/uploads\/2024\/01\/logo_4nd.jpg","width":500,"height":500,"caption":"Eliassen Home & Garden Pleasure"}]},"product_price_amount":"239.00","product_price_currency":"EUR","og_availability":"instock","product_availability":"instock","product_retailer_item_id":"Fk9005","product_condition":"new"},"df_price":239,"df_sale_price":"","df_regular_price":239,"df_image_link":"https:\/\/www.eliassen.nl\/wp-content\/uploads\/2024\/10\/canvasschilderijvrouwmetbloemenkrans190x150c.jpg","image":"https:\/\/www.eliassen.nl\/wp-content\/uploads\/2024\/10\/canvasschilderijvrouwmetbloemenkrans190x150c.jpg","price_search":"<span class=\"woocommerce-Price-amount amount\"><bdi><span class=\"woocommerce-Price-currencySymbol\">&euro;<\/span>&nbsp;239,00<\/bdi><\/span>","category":"Gem\u00e4lde","global_unique_id":"8719097085068","_links":{"self":[{"href":"https:\/\/www.eliassen.nl\/de\/wp-json\/wp\/v2\/product\/148310","targetHints":{"allow":["GET"]}}],"collection":[{"href":"https:\/\/www.eliassen.nl\/de\/wp-json\/wp\/v2\/product"}],"about":[{"href":"https:\/\/www.eliassen.nl\/de\/wp-json\/wp\/v2\/types\/product"}],"wp:featuredmedia":[{"embeddable":true,"href":"https:\/\/www.eliassen.nl\/de\/wp-json\/wp\/v2\/media\/148307"}],"wp:attachment":[{"href":"https:\/\/www.eliassen.nl\/de\/wp-json\/wp\/v2\/media?parent=148310"}],"wp:term":[{"taxonomy":"product_brand","embeddable":true,"href":"https:\/\/www.eliassen.nl\/de\/wp-json\/wp\/v2\/product_brand?post=148310"},{"taxonomy":"product_cat","embeddable":true,"href":"https:\/\/www.eliassen.nl\/de\/wp-json\/wp\/v2\/product_cat?post=148310"},{"taxonomy":"product_tag","embeddable":true,"href":"https:\/\/www.eliassen.nl\/de\/wp-json\/wp\/v2\/product_tag?post=148310"}],"curies":[{"name":"wp","href":"https:\/\/api.w.org\/{rel}","templated":true}]}}