{"id":147869,"date":"2024-01-25T15:47:08","date_gmt":"2024-01-25T15:47:08","guid":{"rendered":"https:\/\/www.eliassen.nl\/?product=copy-of-tuinsteker-windmolen-metaal-vogeltjes-welk"},"modified":"2025-11-27T16:05:02","modified_gmt":"2025-11-27T15:05:02","slug":"sonnenuhr-gusseisen-offen-23x31cm","status":"publish","type":"product","link":"https:\/\/www.eliassen.nl\/de\/sonnenuhr-gusseisen-offen-23x31cm\/","title":{"rendered":"Sonnenuhr aus Gusseisen offen 23x31cm"},"content":{"rendered":"<p>Versch\u00f6nern Sie Ihren Garten oder Ihren Innenraum mit einer Sonnenuhr aus Metall. Das authentische Aussehen dieser Sonnenuhr ist ein wahrer Augenschmaus, wenn Sie die altmodische Atmosph\u00e4re von Sonnenuhren aus Bronze lieben. Diese Sonnenuhr aus massivem Eisen hat eine sch\u00f6ne dunkelbraune Farbe und einen klassischen Look.<\/p>\n<p><em>Wie funktionieren die Sonnenuhren?<\/em><\/p>\n<p>Eine Sonnenuhr ist ein Hilfsmittel zur Anzeige der Uhrzeit anhand der Sonne. Dies kann z.B. in Form eines Flugzeugs oder einer Scheibe sein.<\/p>\n<p>Dieses moderne Sonnenuhrmodell ist aus Gusseisen gefertigt.<\/p>\n<p>Wir haben eine gro\u00dfe Auswahl an verschiedenen Sonnenuhren. Sie k\u00f6nnen sich beide auf der Website ansehen, aber Sie k\u00f6nnen auch in unserem Ausstellungsraum vorbeikommen. Dann k\u00f6nnen Sie auch nach einer passenden S\u00e4ule Ausschau halten, davon haben wir auch jede Menge!<\/p>\n<ul>\n<li>Ma\u00dfe: ca. 23x31cm insgesamt<\/li>\n<li>Material: Gusseisen<\/li>\n<li>Garantie 1 Jahr<\/li>\n<li>Solide konstruiert<\/li>\n<\/ul>\n","protected":false},"excerpt":{"rendered":"<p>Offenes Modell aus Gusseisen in dunkelbrauner Farbe.<\/p>\n","protected":false},"featured_media":147854,"template":"","meta":{"_acf_changed":false,"_genesis_title":"","_genesis_description":""},"product_brand":[7505],"product_cat":[755,752],"product_tag":[],"class_list":{"0":"post-147869","1":"product","2":"type-product","3":"status-publish","4":"has-post-thumbnail","6":"product_brand-sonstige","7":"product_cat-sonnenuhren","8":"product_cat-weitere-artikel","10":"first","11":"instock","12":"taxable","13":"shipping-taxable","14":"purchasable","15":"product-type-simple"},"acf":[],"meta_all":{"total_sales":"0","wcml_sync_hash":{"postmeta_fields":"e01cbd149eb432f24dcf7fe6335d945e"},"attr_label_translations":[]},"meta_all_flat":{"total_sales":"0","wcml_sync_hash.postmeta_fields":"e01cbd149eb432f24dcf7fe6335d945e"},"yoast_head":"<!-- This site is optimized with the Yoast SEO Premium plugin v26.2 (Yoast SEO v27.2) - https:\/\/yoast.com\/product\/yoast-seo-premium-wordpress\/ -->\n<title>Sonnenuhr Gusseisen offenes Modell braun 23x31cm Eliassen.nl<\/title>\n<meta name=\"description\" content=\"Sind Sie auf der Suche nach einem g\u00fcnstigen Sockel aus Gusseisen? Dieses Modell ist wundersch\u00f6n in brauner Farbe gestaltet und ist ein offenes Modell.\" \/>\n<meta name=\"robots\" content=\"index, follow, max-snippet:-1, max-image-preview:large, max-video-preview:-1\" \/>\n<link rel=\"canonical\" href=\"https:\/\/www.eliassen.nl\/de\/sonnenuhr-gusseisen-offen-23x31cm\/\" \/>\n<meta property=\"og:locale\" content=\"de_DE\" \/>\n<meta property=\"og:type\" content=\"article\" \/>\n<meta property=\"og:title\" content=\"Sonstige Sonnenuhr aus Gusseisen offen 23x31cm - Eliassen.nl\" \/>\n<meta property=\"og:description\" content=\"Sind Sie auf der Suche nach einem g\u00fcnstigen Sockel aus Gusseisen? Dieses Modell ist wundersch\u00f6n in brauner Farbe gestaltet und ist ein offenes Modell.\" \/>\n<meta property=\"og:url\" content=\"https:\/\/www.eliassen.nl\/de\/sonnenuhr-gusseisen-offen-23x31cm\/\" \/>\n<meta property=\"og:site_name\" content=\"Eliassen.nl\" \/>\n<meta property=\"article:publisher\" content=\"https:\/\/www.facebook.com\/TuincentrumEliassenAmmerzoden\" \/>\n<meta property=\"article:modified_time\" content=\"2025-11-27T15:05:02+00:00\" \/>\n<meta property=\"og:image\" content=\"https:\/\/www.eliassen.nl\/wp-content\/uploads\/2024\/10\/zonnewijzergietijzer23x31cmeliassen1.jpg\" \/>\n\t<meta property=\"og:image:width\" content=\"1500\" \/>\n\t<meta property=\"og:image:height\" content=\"2000\" \/>\n\t<meta property=\"og:image:type\" content=\"image\/jpeg\" \/>\n<meta name=\"twitter:card\" content=\"summary_large_image\" \/>\n<script type=\"application\/ld+json\" class=\"yoast-schema-graph\">{\"@context\":\"https:\/\/schema.org\",\"@graph\":[{\"@type\":\"WebPage\",\"@id\":\"https:\/\/www.eliassen.nl\/de\/sonnenuhr-gusseisen-offen-23x31cm\/\",\"url\":\"https:\/\/www.eliassen.nl\/de\/sonnenuhr-gusseisen-offen-23x31cm\/\",\"name\":\"Sonnenuhr Gusseisen offenes Modell braun 23x31cm Eliassen.nl\",\"isPartOf\":{\"@id\":\"https:\/\/www.eliassen.nl\/de\/#website\"},\"primaryImageOfPage\":{\"@id\":\"https:\/\/www.eliassen.nl\/de\/sonnenuhr-gusseisen-offen-23x31cm\/#primaryimage\"},\"image\":{\"@id\":\"https:\/\/www.eliassen.nl\/de\/sonnenuhr-gusseisen-offen-23x31cm\/#primaryimage\"},\"thumbnailUrl\":\"https:\/\/www.eliassen.nl\/wp-content\/uploads\/2024\/10\/zonnewijzergietijzer23x31cmeliassen1.jpg\",\"datePublished\":\"2024-01-25T15:47:08+00:00\",\"dateModified\":\"2025-11-27T15:05:02+00:00\",\"description\":\"Sind Sie auf der Suche nach einem g\u00fcnstigen Sockel aus Gusseisen? Dieses Modell ist wundersch\u00f6n in brauner Farbe gestaltet und ist ein offenes Modell.\",\"breadcrumb\":{\"@id\":\"https:\/\/www.eliassen.nl\/de\/sonnenuhr-gusseisen-offen-23x31cm\/#breadcrumb\"},\"inLanguage\":\"de\",\"potentialAction\":[{\"@type\":\"ReadAction\",\"target\":[\"https:\/\/www.eliassen.nl\/de\/sonnenuhr-gusseisen-offen-23x31cm\/\"]}]},{\"@type\":\"ImageObject\",\"inLanguage\":\"de\",\"@id\":\"https:\/\/www.eliassen.nl\/de\/sonnenuhr-gusseisen-offen-23x31cm\/#primaryimage\",\"url\":\"https:\/\/www.eliassen.nl\/wp-content\/uploads\/2024\/10\/zonnewijzergietijzer23x31cmeliassen1.jpg\",\"contentUrl\":\"https:\/\/www.eliassen.nl\/wp-content\/uploads\/2024\/10\/zonnewijzergietijzer23x31cmeliassen1.jpg\",\"width\":1500,\"height\":2000,\"caption\":\"Sonnenuhr Gusseisen 23x31cm eliases 1\"},{\"@type\":\"BreadcrumbList\",\"@id\":\"https:\/\/www.eliassen.nl\/de\/sonnenuhr-gusseisen-offen-23x31cm\/#breadcrumb\",\"itemListElement\":[{\"@type\":\"ListItem\",\"position\":1,\"name\":\"Home\",\"item\":\"https:\/\/www.eliassen.nl\/de\/\"},{\"@type\":\"ListItem\",\"position\":2,\"name\":\"Shop\",\"item\":\"https:\/\/www.eliassen.nl\/de\/shop\/\"},{\"@type\":\"ListItem\",\"position\":3,\"name\":\"Weitere Artikel\",\"item\":\"https:\/\/www.eliassen.nl\/de\/weitere-artikel\/\"},{\"@type\":\"ListItem\",\"position\":4,\"name\":\"Sonnenuhren\",\"item\":\"https:\/\/www.eliassen.nl\/de\/garten-andere\/sonnenuhren\/\"},{\"@type\":\"ListItem\",\"position\":5,\"name\":\"Sonnenuhr aus Gusseisen offen 23x31cm\"}]},{\"@type\":\"WebSite\",\"@id\":\"https:\/\/www.eliassen.nl\/de\/#website\",\"url\":\"https:\/\/www.eliassen.nl\/de\/\",\"name\":\"Eliassen Home & Garden Pleasure\",\"description\":\"\",\"publisher\":{\"@id\":\"https:\/\/www.eliassen.nl\/de\/#organization\"},\"alternateName\":\"Eliassen.nl\",\"potentialAction\":[{\"@type\":\"SearchAction\",\"target\":{\"@type\":\"EntryPoint\",\"urlTemplate\":\"https:\/\/www.eliassen.nl\/de\/?s={search_term_string}\"},\"query-input\":{\"@type\":\"PropertyValueSpecification\",\"valueRequired\":true,\"valueName\":\"search_term_string\"}}],\"inLanguage\":\"de\"},{\"@type\":[\"Organization\",\"Place\"],\"@id\":\"https:\/\/www.eliassen.nl\/de\/#organization\",\"name\":\"Eliassen Home & Garden Pleasure\",\"url\":\"https:\/\/www.eliassen.nl\/de\/\",\"logo\":{\"@id\":\"https:\/\/www.eliassen.nl\/de\/sonnenuhr-gusseisen-offen-23x31cm\/#local-main-organization-logo\"},\"image\":{\"@id\":\"https:\/\/www.eliassen.nl\/de\/sonnenuhr-gusseisen-offen-23x31cm\/#local-main-organization-logo\"},\"sameAs\":[\"https:\/\/www.facebook.com\/TuincentrumEliassenAmmerzoden\",\"https:\/\/www.instagram.com\/eliassenhomeandgarden\/\",\"https:\/\/nl.pinterest.com\/eliassenhomeandgarden\/\",\"https:\/\/www.youtube.com\/@eliassenhomegardenpleasure4558\"],\"telephone\":[],\"openingHoursSpecification\":[{\"@type\":\"OpeningHoursSpecification\",\"dayOfWeek\":[\"Monday\",\"Tuesday\",\"Wednesday\",\"Thursday\",\"Friday\",\"Saturday\",\"Sunday\"],\"opens\":\"09:00\",\"closes\":\"17:00\"}]},{\"@type\":\"ImageObject\",\"inLanguage\":\"de\",\"@id\":\"https:\/\/www.eliassen.nl\/de\/sonnenuhr-gusseisen-offen-23x31cm\/#local-main-organization-logo\",\"url\":\"https:\/\/www.eliassen.nl\/wp-content\/uploads\/2024\/01\/logo_4nd.jpg\",\"contentUrl\":\"https:\/\/www.eliassen.nl\/wp-content\/uploads\/2024\/01\/logo_4nd.jpg\",\"width\":500,\"height\":500,\"caption\":\"Eliassen Home & Garden Pleasure\"}]}<\/script>\n<meta property=\"product:price:amount\" content=\"52.50\" \/>\n<meta property=\"product:price:currency\" content=\"EUR\" \/>\n<meta property=\"og:availability\" content=\"instock\" \/>\n<meta property=\"product:availability\" content=\"instock\" \/>\n<meta property=\"product:retailer_item_id\" content=\"Cl85\" \/>\n<meta property=\"product:condition\" content=\"new\" \/>\n<!-- \/ Yoast SEO Premium plugin. -->","yoast_head_json":{"title":"Sonnenuhr Gusseisen offenes Modell braun 23x31cm Eliassen.nl","description":"Sind Sie auf der Suche nach einem g\u00fcnstigen Sockel aus Gusseisen? Dieses Modell ist wundersch\u00f6n in brauner Farbe gestaltet und ist ein offenes Modell.","robots":{"index":"index","follow":"follow","max-snippet":"max-snippet:-1","max-image-preview":"max-image-preview:large","max-video-preview":"max-video-preview:-1"},"canonical":"https:\/\/www.eliassen.nl\/de\/sonnenuhr-gusseisen-offen-23x31cm\/","og_locale":"de_DE","og_type":"article","og_title":"Sonstige Sonnenuhr aus Gusseisen offen 23x31cm - Eliassen.nl","og_description":"Sind Sie auf der Suche nach einem g\u00fcnstigen Sockel aus Gusseisen? Dieses Modell ist wundersch\u00f6n in brauner Farbe gestaltet und ist ein offenes Modell.","og_url":"https:\/\/www.eliassen.nl\/de\/sonnenuhr-gusseisen-offen-23x31cm\/","og_site_name":"Eliassen.nl","article_publisher":"https:\/\/www.facebook.com\/TuincentrumEliassenAmmerzoden","article_modified_time":"2025-11-27T15:05:02+00:00","og_image":[{"width":1500,"height":2000,"url":"https:\/\/www.eliassen.nl\/wp-content\/uploads\/2024\/10\/zonnewijzergietijzer23x31cmeliassen1.jpg","type":"image\/jpeg"}],"twitter_card":"summary_large_image","schema":{"@context":"https:\/\/schema.org","@graph":[{"@type":"WebPage","@id":"https:\/\/www.eliassen.nl\/de\/sonnenuhr-gusseisen-offen-23x31cm\/","url":"https:\/\/www.eliassen.nl\/de\/sonnenuhr-gusseisen-offen-23x31cm\/","name":"Sonnenuhr Gusseisen offenes Modell braun 23x31cm Eliassen.nl","isPartOf":{"@id":"https:\/\/www.eliassen.nl\/de\/#website"},"primaryImageOfPage":{"@id":"https:\/\/www.eliassen.nl\/de\/sonnenuhr-gusseisen-offen-23x31cm\/#primaryimage"},"image":{"@id":"https:\/\/www.eliassen.nl\/de\/sonnenuhr-gusseisen-offen-23x31cm\/#primaryimage"},"thumbnailUrl":"https:\/\/www.eliassen.nl\/wp-content\/uploads\/2024\/10\/zonnewijzergietijzer23x31cmeliassen1.jpg","datePublished":"2024-01-25T15:47:08+00:00","dateModified":"2025-11-27T15:05:02+00:00","description":"Sind Sie auf der Suche nach einem g\u00fcnstigen Sockel aus Gusseisen? Dieses Modell ist wundersch\u00f6n in brauner Farbe gestaltet und ist ein offenes Modell.","breadcrumb":{"@id":"https:\/\/www.eliassen.nl\/de\/sonnenuhr-gusseisen-offen-23x31cm\/#breadcrumb"},"inLanguage":"de","potentialAction":[{"@type":"ReadAction","target":["https:\/\/www.eliassen.nl\/de\/sonnenuhr-gusseisen-offen-23x31cm\/"]}]},{"@type":"ImageObject","inLanguage":"de","@id":"https:\/\/www.eliassen.nl\/de\/sonnenuhr-gusseisen-offen-23x31cm\/#primaryimage","url":"https:\/\/www.eliassen.nl\/wp-content\/uploads\/2024\/10\/zonnewijzergietijzer23x31cmeliassen1.jpg","contentUrl":"https:\/\/www.eliassen.nl\/wp-content\/uploads\/2024\/10\/zonnewijzergietijzer23x31cmeliassen1.jpg","width":1500,"height":2000,"caption":"Sonnenuhr Gusseisen 23x31cm eliases 1"},{"@type":"BreadcrumbList","@id":"https:\/\/www.eliassen.nl\/de\/sonnenuhr-gusseisen-offen-23x31cm\/#breadcrumb","itemListElement":[{"@type":"ListItem","position":1,"name":"Home","item":"https:\/\/www.eliassen.nl\/de\/"},{"@type":"ListItem","position":2,"name":"Shop","item":"https:\/\/www.eliassen.nl\/de\/shop\/"},{"@type":"ListItem","position":3,"name":"Weitere Artikel","item":"https:\/\/www.eliassen.nl\/de\/weitere-artikel\/"},{"@type":"ListItem","position":4,"name":"Sonnenuhren","item":"https:\/\/www.eliassen.nl\/de\/garten-andere\/sonnenuhren\/"},{"@type":"ListItem","position":5,"name":"Sonnenuhr aus Gusseisen offen 23x31cm"}]},{"@type":"WebSite","@id":"https:\/\/www.eliassen.nl\/de\/#website","url":"https:\/\/www.eliassen.nl\/de\/","name":"Eliassen Home & Garden Pleasure","description":"","publisher":{"@id":"https:\/\/www.eliassen.nl\/de\/#organization"},"alternateName":"Eliassen.nl","potentialAction":[{"@type":"SearchAction","target":{"@type":"EntryPoint","urlTemplate":"https:\/\/www.eliassen.nl\/de\/?s={search_term_string}"},"query-input":{"@type":"PropertyValueSpecification","valueRequired":true,"valueName":"search_term_string"}}],"inLanguage":"de"},{"@type":["Organization","Place"],"@id":"https:\/\/www.eliassen.nl\/de\/#organization","name":"Eliassen Home & Garden Pleasure","url":"https:\/\/www.eliassen.nl\/de\/","logo":{"@id":"https:\/\/www.eliassen.nl\/de\/sonnenuhr-gusseisen-offen-23x31cm\/#local-main-organization-logo"},"image":{"@id":"https:\/\/www.eliassen.nl\/de\/sonnenuhr-gusseisen-offen-23x31cm\/#local-main-organization-logo"},"sameAs":["https:\/\/www.facebook.com\/TuincentrumEliassenAmmerzoden","https:\/\/www.instagram.com\/eliassenhomeandgarden\/","https:\/\/nl.pinterest.com\/eliassenhomeandgarden\/","https:\/\/www.youtube.com\/@eliassenhomegardenpleasure4558"],"telephone":[],"openingHoursSpecification":[{"@type":"OpeningHoursSpecification","dayOfWeek":["Monday","Tuesday","Wednesday","Thursday","Friday","Saturday","Sunday"],"opens":"09:00","closes":"17:00"}]},{"@type":"ImageObject","inLanguage":"de","@id":"https:\/\/www.eliassen.nl\/de\/sonnenuhr-gusseisen-offen-23x31cm\/#local-main-organization-logo","url":"https:\/\/www.eliassen.nl\/wp-content\/uploads\/2024\/01\/logo_4nd.jpg","contentUrl":"https:\/\/www.eliassen.nl\/wp-content\/uploads\/2024\/01\/logo_4nd.jpg","width":500,"height":500,"caption":"Eliassen Home & Garden Pleasure"}]},"product_price_amount":"52.50","product_price_currency":"EUR","og_availability":"instock","product_availability":"instock","product_retailer_item_id":"Cl85","product_condition":"new"},"df_price":52.5,"df_sale_price":"","df_regular_price":52.5,"df_image_link":"https:\/\/www.eliassen.nl\/wp-content\/uploads\/2024\/10\/zonnewijzergietijzer23x31cmeliassen1.jpg","image":"https:\/\/www.eliassen.nl\/wp-content\/uploads\/2024\/10\/zonnewijzergietijzer23x31cmeliassen1.jpg","price_search":"<span class=\"woocommerce-Price-amount amount\"><bdi><span class=\"woocommerce-Price-currencySymbol\">&euro;<\/span>&nbsp;52,50<\/bdi><\/span>","category":"Sonnenuhren","global_unique_id":"6096517243225","_links":{"self":[{"href":"https:\/\/www.eliassen.nl\/de\/wp-json\/wp\/v2\/product\/147869","targetHints":{"allow":["GET"]}}],"collection":[{"href":"https:\/\/www.eliassen.nl\/de\/wp-json\/wp\/v2\/product"}],"about":[{"href":"https:\/\/www.eliassen.nl\/de\/wp-json\/wp\/v2\/types\/product"}],"wp:featuredmedia":[{"embeddable":true,"href":"https:\/\/www.eliassen.nl\/de\/wp-json\/wp\/v2\/media\/147854"}],"wp:attachment":[{"href":"https:\/\/www.eliassen.nl\/de\/wp-json\/wp\/v2\/media?parent=147869"}],"wp:term":[{"taxonomy":"product_brand","embeddable":true,"href":"https:\/\/www.eliassen.nl\/de\/wp-json\/wp\/v2\/product_brand?post=147869"},{"taxonomy":"product_cat","embeddable":true,"href":"https:\/\/www.eliassen.nl\/de\/wp-json\/wp\/v2\/product_cat?post=147869"},{"taxonomy":"product_tag","embeddable":true,"href":"https:\/\/www.eliassen.nl\/de\/wp-json\/wp\/v2\/product_tag?post=147869"}],"curies":[{"name":"wp","href":"https:\/\/api.w.org\/{rel}","templated":true}]}}