{"id":147743,"date":"2024-01-25T11:33:30","date_gmt":"2024-01-25T11:33:30","guid":{"rendered":"https:\/\/www.eliassen.nl\/?product=copy-of-wanddecoratie-metaal-vintage-mancave-koe-b"},"modified":"2026-01-16T15:15:17","modified_gmt":"2026-01-16T14:15:17","slug":"gartenstecker-windmuhle-metall-vogel-49x125cm","status":"publish","type":"product","link":"https:\/\/www.eliassen.nl\/de\/gartenstecker-windmuhle-metall-vogel-49x125cm\/","title":{"rendered":"Gartenstab Windm\u00fchle Metall V\u00f6gel 49x125cm"},"content":{"rendered":"<p>Wundersch\u00f6n verarbeitete Metallwindm\u00fchle mit Willkommenstext f\u00fcr Ihren Garten, in modernen frischen Farben. Diese Windm\u00fchle aus Metall hat zwei kleine V\u00f6gel, die auf dem Brett sitzen und Ausschau halten. Es ist ein sch\u00f6n anzusehendes Spiel und eine Zierde in Ihrem Garten. Auch sehr sch\u00f6n zum Verschenken. Vollst\u00e4ndig handgefertigt und bemalt.  <br \/>Da es sich um ein handgefertigtes Produkt handelt, kann das Bild leicht von Ihrer Bestellung abweichen.<\/p>\n<p><strong>Diese Windturbine ist f\u00fcr einen leisen Betrieb ausgelegt. Bei starkem Wind oder Sturm sollte es also im Windschatten liegen.<\/strong><\/p>\n<ul>\n<li>Gr\u00f6\u00dfe: ca. 49x125cm hoch<\/li>\n<li>100% Metall<\/li>\n<li>Schnelle Lieferung.<\/li>\n<li>100% handgefertigt<\/li>\n<li>1 Jahr Garantie.<\/li>\n<li>Hinweis ; ist kein Spielzeug.<\/li>\n<\/ul>\n","protected":false},"excerpt":{"rendered":"<p>Mit horizontaler Windturbine<\/p>\n","protected":false},"featured_media":147734,"template":"","meta":{"_acf_changed":false,"_genesis_title":"","_genesis_description":""},"product_brand":[7505],"product_cat":[533,509],"product_tag":[],"class_list":{"0":"post-147743","1":"product","2":"type-product","3":"status-publish","4":"has-post-thumbnail","6":"product_brand-sonstige","7":"product_cat-andere-wanddekorationen","8":"product_cat-wanddekoration","10":"first","11":"instock","12":"taxable","13":"shipping-taxable","14":"purchasable","15":"product-type-simple"},"acf":[],"meta_all":{"total_sales":"1","wcml_sync_hash":{"postmeta_fields":"8a845e9f2f0ff1c46a2ea474195f0a21"},"attr_label_translations":[]},"meta_all_flat":{"total_sales":"1","wcml_sync_hash.postmeta_fields":"8a845e9f2f0ff1c46a2ea474195f0a21"},"yoast_head":"<!-- This site is optimized with the Yoast SEO Premium plugin v26.2 (Yoast SEO v27.2) - https:\/\/yoast.com\/product\/yoast-seo-premium-wordpress\/ -->\n<title>Gartenaufkleber Windm\u00fchle Metall V\u00f6gel willkommen 49x125cm - Eliassen.nl<\/title>\n<meta name=\"description\" content=\"Sind Sie auf der Suche nach einem Windrad in Form einer Gartenkirsche f\u00fcr Ihren Vorgarten? Begr\u00fc\u00dfen Sie G\u00e4ste in Ihrem Haus mit diesem Stock mit V\u00f6geln.\" \/>\n<meta name=\"robots\" content=\"index, follow, max-snippet:-1, max-image-preview:large, max-video-preview:-1\" \/>\n<link rel=\"canonical\" href=\"https:\/\/www.eliassen.nl\/de\/gartenstecker-windmuhle-metall-vogel-49x125cm\/\" \/>\n<meta property=\"og:locale\" content=\"de_DE\" \/>\n<meta property=\"og:type\" content=\"article\" \/>\n<meta property=\"og:title\" content=\"Sonstige Gartenstab Windm\u00fchle Metall V\u00f6gel 49x125cm - Eliassen.nl\" \/>\n<meta property=\"og:description\" content=\"Sind Sie auf der Suche nach einem Windrad in Form einer Gartenkirsche f\u00fcr Ihren Vorgarten? Begr\u00fc\u00dfen Sie G\u00e4ste in Ihrem Haus mit diesem Stock mit V\u00f6geln.\" \/>\n<meta property=\"og:url\" content=\"https:\/\/www.eliassen.nl\/de\/gartenstecker-windmuhle-metall-vogel-49x125cm\/\" \/>\n<meta property=\"og:site_name\" content=\"Eliassen.nl\" \/>\n<meta property=\"article:publisher\" content=\"https:\/\/www.facebook.com\/TuincentrumEliassenAmmerzoden\" \/>\n<meta property=\"article:modified_time\" content=\"2026-01-16T14:15:17+00:00\" \/>\n<meta property=\"og:image\" content=\"https:\/\/www.eliassen.nl\/wp-content\/uploads\/2024\/10\/tuinstekerwindmolenmetaalvogeltjes49x125cmeli.jpg\" \/>\n\t<meta property=\"og:image:width\" content=\"1500\" \/>\n\t<meta property=\"og:image:height\" content=\"2000\" \/>\n\t<meta property=\"og:image:type\" content=\"image\/jpeg\" \/>\n<meta name=\"twitter:card\" content=\"summary_large_image\" \/>\n<script type=\"application\/ld+json\" class=\"yoast-schema-graph\">{\"@context\":\"https:\/\/schema.org\",\"@graph\":[{\"@type\":\"WebPage\",\"@id\":\"https:\/\/www.eliassen.nl\/de\/gartenstecker-windmuhle-metall-vogel-49x125cm\/\",\"url\":\"https:\/\/www.eliassen.nl\/de\/gartenstecker-windmuhle-metall-vogel-49x125cm\/\",\"name\":\"Gartenaufkleber Windm\u00fchle Metall V\u00f6gel willkommen 49x125cm - Eliassen.nl\",\"isPartOf\":{\"@id\":\"https:\/\/www.eliassen.nl\/de\/#website\"},\"primaryImageOfPage\":{\"@id\":\"https:\/\/www.eliassen.nl\/de\/gartenstecker-windmuhle-metall-vogel-49x125cm\/#primaryimage\"},\"image\":{\"@id\":\"https:\/\/www.eliassen.nl\/de\/gartenstecker-windmuhle-metall-vogel-49x125cm\/#primaryimage\"},\"thumbnailUrl\":\"https:\/\/www.eliassen.nl\/wp-content\/uploads\/2024\/10\/tuinstekerwindmolenmetaalvogeltjes49x125cmeli.jpg\",\"datePublished\":\"2024-01-25T11:33:30+00:00\",\"dateModified\":\"2026-01-16T14:15:17+00:00\",\"description\":\"Sind Sie auf der Suche nach einem Windrad in Form einer Gartenkirsche f\u00fcr Ihren Vorgarten? Begr\u00fc\u00dfen Sie G\u00e4ste in Ihrem Haus mit diesem Stock mit V\u00f6geln.\",\"breadcrumb\":{\"@id\":\"https:\/\/www.eliassen.nl\/de\/gartenstecker-windmuhle-metall-vogel-49x125cm\/#breadcrumb\"},\"inLanguage\":\"de\",\"potentialAction\":[{\"@type\":\"ReadAction\",\"target\":[\"https:\/\/www.eliassen.nl\/de\/gartenstecker-windmuhle-metall-vogel-49x125cm\/\"]}]},{\"@type\":\"ImageObject\",\"inLanguage\":\"de\",\"@id\":\"https:\/\/www.eliassen.nl\/de\/gartenstecker-windmuhle-metall-vogel-49x125cm\/#primaryimage\",\"url\":\"https:\/\/www.eliassen.nl\/wp-content\/uploads\/2024\/10\/tuinstekerwindmolenmetaalvogeltjes49x125cmeli.jpg\",\"contentUrl\":\"https:\/\/www.eliassen.nl\/wp-content\/uploads\/2024\/10\/tuinstekerwindmolenmetaalvogeltjes49x125cmeli.jpg\",\"width\":1500,\"height\":2000,\"caption\":\"Gartenstab Windm\u00fchle Metall V\u00f6gel 49x125cm eliassen.nl 2\"},{\"@type\":\"BreadcrumbList\",\"@id\":\"https:\/\/www.eliassen.nl\/de\/gartenstecker-windmuhle-metall-vogel-49x125cm\/#breadcrumb\",\"itemListElement\":[{\"@type\":\"ListItem\",\"position\":1,\"name\":\"Home\",\"item\":\"https:\/\/www.eliassen.nl\/de\/\"},{\"@type\":\"ListItem\",\"position\":2,\"name\":\"Shop\",\"item\":\"https:\/\/www.eliassen.nl\/de\/shop\/\"},{\"@type\":\"ListItem\",\"position\":3,\"name\":\"Wanddekoration\",\"item\":\"https:\/\/www.eliassen.nl\/de\/wanddekoration\/\"},{\"@type\":\"ListItem\",\"position\":4,\"name\":\"Andere Wanddekorationen\",\"item\":\"https:\/\/www.eliassen.nl\/de\/wanddekoration\/andere-wanddekorationen\/\"},{\"@type\":\"ListItem\",\"position\":5,\"name\":\"Gartenstab Windm\u00fchle Metall V\u00f6gel 49x125cm\"}]},{\"@type\":\"WebSite\",\"@id\":\"https:\/\/www.eliassen.nl\/de\/#website\",\"url\":\"https:\/\/www.eliassen.nl\/de\/\",\"name\":\"Eliassen Home & Garden Pleasure\",\"description\":\"\",\"publisher\":{\"@id\":\"https:\/\/www.eliassen.nl\/de\/#organization\"},\"alternateName\":\"Eliassen.nl\",\"potentialAction\":[{\"@type\":\"SearchAction\",\"target\":{\"@type\":\"EntryPoint\",\"urlTemplate\":\"https:\/\/www.eliassen.nl\/de\/?s={search_term_string}\"},\"query-input\":{\"@type\":\"PropertyValueSpecification\",\"valueRequired\":true,\"valueName\":\"search_term_string\"}}],\"inLanguage\":\"de\"},{\"@type\":[\"Organization\",\"Place\"],\"@id\":\"https:\/\/www.eliassen.nl\/de\/#organization\",\"name\":\"Eliassen Home & Garden Pleasure\",\"url\":\"https:\/\/www.eliassen.nl\/de\/\",\"logo\":{\"@id\":\"https:\/\/www.eliassen.nl\/de\/gartenstecker-windmuhle-metall-vogel-49x125cm\/#local-main-organization-logo\"},\"image\":{\"@id\":\"https:\/\/www.eliassen.nl\/de\/gartenstecker-windmuhle-metall-vogel-49x125cm\/#local-main-organization-logo\"},\"sameAs\":[\"https:\/\/www.facebook.com\/TuincentrumEliassenAmmerzoden\",\"https:\/\/www.instagram.com\/eliassenhomeandgarden\/\",\"https:\/\/nl.pinterest.com\/eliassenhomeandgarden\/\",\"https:\/\/www.youtube.com\/@eliassenhomegardenpleasure4558\"],\"telephone\":[],\"openingHoursSpecification\":[{\"@type\":\"OpeningHoursSpecification\",\"dayOfWeek\":[\"Monday\",\"Tuesday\",\"Wednesday\",\"Thursday\",\"Friday\",\"Saturday\",\"Sunday\"],\"opens\":\"09:00\",\"closes\":\"17:00\"}]},{\"@type\":\"ImageObject\",\"inLanguage\":\"de\",\"@id\":\"https:\/\/www.eliassen.nl\/de\/gartenstecker-windmuhle-metall-vogel-49x125cm\/#local-main-organization-logo\",\"url\":\"https:\/\/www.eliassen.nl\/wp-content\/uploads\/2024\/01\/logo_4nd.jpg\",\"contentUrl\":\"https:\/\/www.eliassen.nl\/wp-content\/uploads\/2024\/01\/logo_4nd.jpg\",\"width\":500,\"height\":500,\"caption\":\"Eliassen Home & Garden Pleasure\"}]}<\/script>\n<meta property=\"product:price:amount\" content=\"29.50\" \/>\n<meta property=\"product:price:currency\" content=\"EUR\" \/>\n<meta property=\"og:availability\" content=\"instock\" \/>\n<meta property=\"product:availability\" content=\"instock\" \/>\n<meta property=\"product:retailer_item_id\" content=\"Yaa182\" \/>\n<meta property=\"product:condition\" content=\"new\" \/>\n<!-- \/ Yoast SEO Premium plugin. -->","yoast_head_json":{"title":"Gartenaufkleber Windm\u00fchle Metall V\u00f6gel willkommen 49x125cm - Eliassen.nl","description":"Sind Sie auf der Suche nach einem Windrad in Form einer Gartenkirsche f\u00fcr Ihren Vorgarten? Begr\u00fc\u00dfen Sie G\u00e4ste in Ihrem Haus mit diesem Stock mit V\u00f6geln.","robots":{"index":"index","follow":"follow","max-snippet":"max-snippet:-1","max-image-preview":"max-image-preview:large","max-video-preview":"max-video-preview:-1"},"canonical":"https:\/\/www.eliassen.nl\/de\/gartenstecker-windmuhle-metall-vogel-49x125cm\/","og_locale":"de_DE","og_type":"article","og_title":"Sonstige Gartenstab Windm\u00fchle Metall V\u00f6gel 49x125cm - Eliassen.nl","og_description":"Sind Sie auf der Suche nach einem Windrad in Form einer Gartenkirsche f\u00fcr Ihren Vorgarten? Begr\u00fc\u00dfen Sie G\u00e4ste in Ihrem Haus mit diesem Stock mit V\u00f6geln.","og_url":"https:\/\/www.eliassen.nl\/de\/gartenstecker-windmuhle-metall-vogel-49x125cm\/","og_site_name":"Eliassen.nl","article_publisher":"https:\/\/www.facebook.com\/TuincentrumEliassenAmmerzoden","article_modified_time":"2026-01-16T14:15:17+00:00","og_image":[{"width":1500,"height":2000,"url":"https:\/\/www.eliassen.nl\/wp-content\/uploads\/2024\/10\/tuinstekerwindmolenmetaalvogeltjes49x125cmeli.jpg","type":"image\/jpeg"}],"twitter_card":"summary_large_image","schema":{"@context":"https:\/\/schema.org","@graph":[{"@type":"WebPage","@id":"https:\/\/www.eliassen.nl\/de\/gartenstecker-windmuhle-metall-vogel-49x125cm\/","url":"https:\/\/www.eliassen.nl\/de\/gartenstecker-windmuhle-metall-vogel-49x125cm\/","name":"Gartenaufkleber Windm\u00fchle Metall V\u00f6gel willkommen 49x125cm - Eliassen.nl","isPartOf":{"@id":"https:\/\/www.eliassen.nl\/de\/#website"},"primaryImageOfPage":{"@id":"https:\/\/www.eliassen.nl\/de\/gartenstecker-windmuhle-metall-vogel-49x125cm\/#primaryimage"},"image":{"@id":"https:\/\/www.eliassen.nl\/de\/gartenstecker-windmuhle-metall-vogel-49x125cm\/#primaryimage"},"thumbnailUrl":"https:\/\/www.eliassen.nl\/wp-content\/uploads\/2024\/10\/tuinstekerwindmolenmetaalvogeltjes49x125cmeli.jpg","datePublished":"2024-01-25T11:33:30+00:00","dateModified":"2026-01-16T14:15:17+00:00","description":"Sind Sie auf der Suche nach einem Windrad in Form einer Gartenkirsche f\u00fcr Ihren Vorgarten? Begr\u00fc\u00dfen Sie G\u00e4ste in Ihrem Haus mit diesem Stock mit V\u00f6geln.","breadcrumb":{"@id":"https:\/\/www.eliassen.nl\/de\/gartenstecker-windmuhle-metall-vogel-49x125cm\/#breadcrumb"},"inLanguage":"de","potentialAction":[{"@type":"ReadAction","target":["https:\/\/www.eliassen.nl\/de\/gartenstecker-windmuhle-metall-vogel-49x125cm\/"]}]},{"@type":"ImageObject","inLanguage":"de","@id":"https:\/\/www.eliassen.nl\/de\/gartenstecker-windmuhle-metall-vogel-49x125cm\/#primaryimage","url":"https:\/\/www.eliassen.nl\/wp-content\/uploads\/2024\/10\/tuinstekerwindmolenmetaalvogeltjes49x125cmeli.jpg","contentUrl":"https:\/\/www.eliassen.nl\/wp-content\/uploads\/2024\/10\/tuinstekerwindmolenmetaalvogeltjes49x125cmeli.jpg","width":1500,"height":2000,"caption":"Gartenstab Windm\u00fchle Metall V\u00f6gel 49x125cm eliassen.nl 2"},{"@type":"BreadcrumbList","@id":"https:\/\/www.eliassen.nl\/de\/gartenstecker-windmuhle-metall-vogel-49x125cm\/#breadcrumb","itemListElement":[{"@type":"ListItem","position":1,"name":"Home","item":"https:\/\/www.eliassen.nl\/de\/"},{"@type":"ListItem","position":2,"name":"Shop","item":"https:\/\/www.eliassen.nl\/de\/shop\/"},{"@type":"ListItem","position":3,"name":"Wanddekoration","item":"https:\/\/www.eliassen.nl\/de\/wanddekoration\/"},{"@type":"ListItem","position":4,"name":"Andere Wanddekorationen","item":"https:\/\/www.eliassen.nl\/de\/wanddekoration\/andere-wanddekorationen\/"},{"@type":"ListItem","position":5,"name":"Gartenstab Windm\u00fchle Metall V\u00f6gel 49x125cm"}]},{"@type":"WebSite","@id":"https:\/\/www.eliassen.nl\/de\/#website","url":"https:\/\/www.eliassen.nl\/de\/","name":"Eliassen Home & Garden Pleasure","description":"","publisher":{"@id":"https:\/\/www.eliassen.nl\/de\/#organization"},"alternateName":"Eliassen.nl","potentialAction":[{"@type":"SearchAction","target":{"@type":"EntryPoint","urlTemplate":"https:\/\/www.eliassen.nl\/de\/?s={search_term_string}"},"query-input":{"@type":"PropertyValueSpecification","valueRequired":true,"valueName":"search_term_string"}}],"inLanguage":"de"},{"@type":["Organization","Place"],"@id":"https:\/\/www.eliassen.nl\/de\/#organization","name":"Eliassen Home & Garden Pleasure","url":"https:\/\/www.eliassen.nl\/de\/","logo":{"@id":"https:\/\/www.eliassen.nl\/de\/gartenstecker-windmuhle-metall-vogel-49x125cm\/#local-main-organization-logo"},"image":{"@id":"https:\/\/www.eliassen.nl\/de\/gartenstecker-windmuhle-metall-vogel-49x125cm\/#local-main-organization-logo"},"sameAs":["https:\/\/www.facebook.com\/TuincentrumEliassenAmmerzoden","https:\/\/www.instagram.com\/eliassenhomeandgarden\/","https:\/\/nl.pinterest.com\/eliassenhomeandgarden\/","https:\/\/www.youtube.com\/@eliassenhomegardenpleasure4558"],"telephone":[],"openingHoursSpecification":[{"@type":"OpeningHoursSpecification","dayOfWeek":["Monday","Tuesday","Wednesday","Thursday","Friday","Saturday","Sunday"],"opens":"09:00","closes":"17:00"}]},{"@type":"ImageObject","inLanguage":"de","@id":"https:\/\/www.eliassen.nl\/de\/gartenstecker-windmuhle-metall-vogel-49x125cm\/#local-main-organization-logo","url":"https:\/\/www.eliassen.nl\/wp-content\/uploads\/2024\/01\/logo_4nd.jpg","contentUrl":"https:\/\/www.eliassen.nl\/wp-content\/uploads\/2024\/01\/logo_4nd.jpg","width":500,"height":500,"caption":"Eliassen Home & Garden Pleasure"}]},"product_price_amount":"29.50","product_price_currency":"EUR","og_availability":"instock","product_availability":"instock","product_retailer_item_id":"Yaa182","product_condition":"new"},"df_price":29.5,"df_sale_price":"","df_regular_price":29.5,"df_image_link":"https:\/\/www.eliassen.nl\/wp-content\/uploads\/2024\/10\/tuinstekerwindmolenmetaalvogeltjes49x125cmeli.jpg","image":"https:\/\/www.eliassen.nl\/wp-content\/uploads\/2024\/10\/tuinstekerwindmolenmetaalvogeltjes49x125cmeli.jpg","price_search":"<span class=\"woocommerce-Price-amount amount\"><bdi><span class=\"woocommerce-Price-currencySymbol\">&euro;<\/span>&nbsp;29,50<\/bdi><\/span>","category":"Andere Wanddekorationen","global_unique_id":"6096524445414","_links":{"self":[{"href":"https:\/\/www.eliassen.nl\/de\/wp-json\/wp\/v2\/product\/147743","targetHints":{"allow":["GET"]}}],"collection":[{"href":"https:\/\/www.eliassen.nl\/de\/wp-json\/wp\/v2\/product"}],"about":[{"href":"https:\/\/www.eliassen.nl\/de\/wp-json\/wp\/v2\/types\/product"}],"wp:featuredmedia":[{"embeddable":true,"href":"https:\/\/www.eliassen.nl\/de\/wp-json\/wp\/v2\/media\/147734"}],"wp:attachment":[{"href":"https:\/\/www.eliassen.nl\/de\/wp-json\/wp\/v2\/media?parent=147743"}],"wp:term":[{"taxonomy":"product_brand","embeddable":true,"href":"https:\/\/www.eliassen.nl\/de\/wp-json\/wp\/v2\/product_brand?post=147743"},{"taxonomy":"product_cat","embeddable":true,"href":"https:\/\/www.eliassen.nl\/de\/wp-json\/wp\/v2\/product_cat?post=147743"},{"taxonomy":"product_tag","embeddable":true,"href":"https:\/\/www.eliassen.nl\/de\/wp-json\/wp\/v2\/product_tag?post=147743"}],"curies":[{"name":"wp","href":"https:\/\/api.w.org\/{rel}","templated":true}]}}