{"id":14665,"date":"2019-10-28T18:07:40","date_gmt":"2019-10-28T18:07:40","guid":{"rendered":"https:\/\/www.eliassen.nl\/?product=rvs-fig-owl-archimedes"},"modified":"2025-11-27T16:11:56","modified_gmt":"2025-11-27T15:11:56","slug":"edelstahlfigur-eule-archimedes","status":"publish","type":"product","link":"https:\/\/www.eliassen.nl\/de\/edelstahlfigur-eule-archimedes\/","title":{"rendered":"Edelstahl Figur Eule Archimedes"},"content":{"rendered":"<p>Diese exklusive Eulenfigur mit einem nat\u00fcrlichen Felsbrocken als K\u00f6rper macht nicht nur im Garten, sondern auch im Haus Spa\u00df. Augen sind Glassteine. Stabiler Stand, mit einer Lebensdauer unter normalen Bedingungen. Ganz aus rostfreiem Stahl handgefertigt. Da es sich um ein handgefertigtes Exemplar handelt, wird es bei jedem Exemplar leichte Unterschiede im Vergleich zum Foto geben. Auch der Boulder kann sich in Farbe und Form unterscheiden, was nicht reklamiert werden kann.<\/p>\n<ul>\n<li>  Gr\u00f6\u00dfe 30cm.<\/li>\n<li>  Rostfreier Stahl Klasse 304.<\/li>\n<li>  Praktisch wartungsfrei.<\/li>\n<li>  Exklusive Ausf\u00fchrung.<\/li>\n<li>  Schnelle Lieferung.<\/li>\n<li><strong>  Fast alle dieser Serien sind in unserem Shop ausgestellt<\/strong><\/li>\n<\/ul>\n","protected":false},"excerpt":{"rendered":"<p>Diese exklusive Eulenfigur mit einem nat\u00fcrlichen Felsbrocken als K\u00f6rper macht nicht nur im Garten, sondern auch im Haus Spa\u00df. Augen sind Glassteine. Stabiler Stand, mit einer Lebensdauer unter normalen Bedingungen. Ganz aus rostfreiem Stahl handgefertigt. Da es sich um ein handgefertigtes Exemplar handelt, wird es bei jedem Exemplar leichte Unterschiede im Vergleich zum Foto geben. &hellip;<\/p>\n","protected":false},"featured_media":14653,"template":"","meta":{"_acf_changed":false,"_genesis_title":"","_genesis_description":""},"product_brand":[7505],"product_cat":[659,671],"product_tag":[],"class_list":{"0":"post-14665","1":"product","2":"type-product","3":"status-publish","4":"has-post-thumbnail","6":"product_brand-sonstige","7":"product_cat-dekoration-aus-metall","8":"product_cat-voegel-aus-edelstahl","10":"first","11":"instock","12":"taxable","13":"shipping-taxable","14":"purchasable","15":"product-type-simple"},"acf":[],"meta_all":{"total_sales":"0","wcml_sync_hash":{"postmeta_fields":"fd311aa4778a5eaf8ef7cb7c033c4594"},"attr_label_translations":[]},"meta_all_flat":{"total_sales":"0","wcml_sync_hash.postmeta_fields":"fd311aa4778a5eaf8ef7cb7c033c4594"},"yoast_head":"<!-- This site is optimized with the Yoast SEO Premium plugin v26.2 (Yoast SEO v27.2) - https:\/\/yoast.com\/product\/yoast-seo-premium-wordpress\/ -->\n<title>Edelstahl Figur Eule Archimedes | Eliassen<\/title>\n<meta name=\"description\" content=\"Bei Eliassen k\u00f6nnen Sie die Figur Eule Archimedes aus Edelstahl online kaufen oder live im Ausstellungsraum betrachten. Wir haben die feinste Metalldekoration, Figuren aus rostfreiem Stahl\" \/>\n<meta name=\"robots\" content=\"index, follow, max-snippet:-1, max-image-preview:large, max-video-preview:-1\" \/>\n<link rel=\"canonical\" href=\"https:\/\/www.eliassen.nl\/de\/edelstahlfigur-eule-archimedes\/\" \/>\n<meta property=\"og:locale\" content=\"de_DE\" \/>\n<meta property=\"og:type\" content=\"article\" \/>\n<meta property=\"og:title\" content=\"Sonstige Edelstahl Figur Eule Archimedes - Eliassen.nl\" \/>\n<meta property=\"og:description\" content=\"Bei Eliassen k\u00f6nnen Sie die Figur Eule Archimedes aus Edelstahl online kaufen oder live im Ausstellungsraum betrachten. Wir haben die feinste Metalldekoration, Figuren aus rostfreiem Stahl\" \/>\n<meta property=\"og:url\" content=\"https:\/\/www.eliassen.nl\/de\/edelstahlfigur-eule-archimedes\/\" \/>\n<meta property=\"og:site_name\" content=\"Eliassen.nl\" \/>\n<meta property=\"article:publisher\" content=\"https:\/\/www.facebook.com\/TuincentrumEliassenAmmerzoden\" \/>\n<meta property=\"article:modified_time\" content=\"2025-11-27T15:11:56+00:00\" \/>\n<meta property=\"og:image\" content=\"https:\/\/www.eliassen.nl\/wp-content\/uploads\/2024\/01\/archimedespng.jpg\" \/>\n\t<meta property=\"og:image:width\" content=\"724\" \/>\n\t<meta property=\"og:image:height\" content=\"1024\" \/>\n\t<meta property=\"og:image:type\" content=\"image\/jpeg\" \/>\n<meta name=\"twitter:card\" content=\"summary_large_image\" \/>\n<script type=\"application\/ld+json\" class=\"yoast-schema-graph\">{\"@context\":\"https:\/\/schema.org\",\"@graph\":[{\"@type\":\"WebPage\",\"@id\":\"https:\/\/www.eliassen.nl\/de\/edelstahlfigur-eule-archimedes\/\",\"url\":\"https:\/\/www.eliassen.nl\/de\/edelstahlfigur-eule-archimedes\/\",\"name\":\"Edelstahl Figur Eule Archimedes | Eliassen\",\"isPartOf\":{\"@id\":\"https:\/\/www.eliassen.nl\/de\/#website\"},\"primaryImageOfPage\":{\"@id\":\"https:\/\/www.eliassen.nl\/de\/edelstahlfigur-eule-archimedes\/#primaryimage\"},\"image\":{\"@id\":\"https:\/\/www.eliassen.nl\/de\/edelstahlfigur-eule-archimedes\/#primaryimage\"},\"thumbnailUrl\":\"https:\/\/www.eliassen.nl\/wp-content\/uploads\/2024\/01\/archimedespng.jpg\",\"datePublished\":\"2019-10-28T18:07:40+00:00\",\"dateModified\":\"2025-11-27T15:11:56+00:00\",\"description\":\"Bei Eliassen k\u00f6nnen Sie die Figur Eule Archimedes aus Edelstahl online kaufen oder live im Ausstellungsraum betrachten. Wir haben die feinste Metalldekoration, Figuren aus rostfreiem Stahl\",\"breadcrumb\":{\"@id\":\"https:\/\/www.eliassen.nl\/de\/edelstahlfigur-eule-archimedes\/#breadcrumb\"},\"inLanguage\":\"de\",\"potentialAction\":[{\"@type\":\"ReadAction\",\"target\":[\"https:\/\/www.eliassen.nl\/de\/edelstahlfigur-eule-archimedes\/\"]}]},{\"@type\":\"ImageObject\",\"inLanguage\":\"de\",\"@id\":\"https:\/\/www.eliassen.nl\/de\/edelstahlfigur-eule-archimedes\/#primaryimage\",\"url\":\"https:\/\/www.eliassen.nl\/wp-content\/uploads\/2024\/01\/archimedespng.jpg\",\"contentUrl\":\"https:\/\/www.eliassen.nl\/wp-content\/uploads\/2024\/01\/archimedespng.jpg\",\"width\":724,\"height\":1024,\"caption\":\"archimedes-png\"},{\"@type\":\"BreadcrumbList\",\"@id\":\"https:\/\/www.eliassen.nl\/de\/edelstahlfigur-eule-archimedes\/#breadcrumb\",\"itemListElement\":[{\"@type\":\"ListItem\",\"position\":1,\"name\":\"Home\",\"item\":\"https:\/\/www.eliassen.nl\/de\/\"},{\"@type\":\"ListItem\",\"position\":2,\"name\":\"Shop\",\"item\":\"https:\/\/www.eliassen.nl\/de\/shop\/\"},{\"@type\":\"ListItem\",\"position\":3,\"name\":\"Dekoration aus Metall\",\"item\":\"https:\/\/www.eliassen.nl\/de\/dekoration-aus-metall\/\"},{\"@type\":\"ListItem\",\"position\":4,\"name\":\"V\u00f6gel aus Edelstahl\",\"item\":\"https:\/\/www.eliassen.nl\/de\/dekoration-aus-metall\/voegel-aus-edelstahl\/\"},{\"@type\":\"ListItem\",\"position\":5,\"name\":\"Edelstahl Figur Eule Archimedes\"}]},{\"@type\":\"WebSite\",\"@id\":\"https:\/\/www.eliassen.nl\/de\/#website\",\"url\":\"https:\/\/www.eliassen.nl\/de\/\",\"name\":\"Eliassen Home & Garden Pleasure\",\"description\":\"\",\"publisher\":{\"@id\":\"https:\/\/www.eliassen.nl\/de\/#organization\"},\"alternateName\":\"Eliassen.nl\",\"potentialAction\":[{\"@type\":\"SearchAction\",\"target\":{\"@type\":\"EntryPoint\",\"urlTemplate\":\"https:\/\/www.eliassen.nl\/de\/?s={search_term_string}\"},\"query-input\":{\"@type\":\"PropertyValueSpecification\",\"valueRequired\":true,\"valueName\":\"search_term_string\"}}],\"inLanguage\":\"de\"},{\"@type\":[\"Organization\",\"Place\"],\"@id\":\"https:\/\/www.eliassen.nl\/de\/#organization\",\"name\":\"Eliassen Home & Garden Pleasure\",\"url\":\"https:\/\/www.eliassen.nl\/de\/\",\"logo\":{\"@id\":\"https:\/\/www.eliassen.nl\/de\/edelstahlfigur-eule-archimedes\/#local-main-organization-logo\"},\"image\":{\"@id\":\"https:\/\/www.eliassen.nl\/de\/edelstahlfigur-eule-archimedes\/#local-main-organization-logo\"},\"sameAs\":[\"https:\/\/www.facebook.com\/TuincentrumEliassenAmmerzoden\",\"https:\/\/www.instagram.com\/eliassenhomeandgarden\/\",\"https:\/\/nl.pinterest.com\/eliassenhomeandgarden\/\",\"https:\/\/www.youtube.com\/@eliassenhomegardenpleasure4558\"],\"telephone\":[],\"openingHoursSpecification\":[{\"@type\":\"OpeningHoursSpecification\",\"dayOfWeek\":[\"Monday\",\"Tuesday\",\"Wednesday\",\"Thursday\",\"Friday\",\"Saturday\",\"Sunday\"],\"opens\":\"09:00\",\"closes\":\"17:00\"}]},{\"@type\":\"ImageObject\",\"inLanguage\":\"de\",\"@id\":\"https:\/\/www.eliassen.nl\/de\/edelstahlfigur-eule-archimedes\/#local-main-organization-logo\",\"url\":\"https:\/\/www.eliassen.nl\/wp-content\/uploads\/2024\/01\/logo_4nd.jpg\",\"contentUrl\":\"https:\/\/www.eliassen.nl\/wp-content\/uploads\/2024\/01\/logo_4nd.jpg\",\"width\":500,\"height\":500,\"caption\":\"Eliassen Home & Garden Pleasure\"}]}<\/script>\n<meta property=\"product:price:amount\" content=\"69.50\" \/>\n<meta property=\"product:price:currency\" content=\"EUR\" \/>\n<meta property=\"og:availability\" content=\"instock\" \/>\n<meta property=\"product:availability\" content=\"instock\" \/>\n<meta property=\"product:retailer_item_id\" content=\"10406\" \/>\n<meta property=\"product:condition\" content=\"new\" \/>\n<!-- \/ Yoast SEO Premium plugin. -->","yoast_head_json":{"title":"Edelstahl Figur Eule Archimedes | Eliassen","description":"Bei Eliassen k\u00f6nnen Sie die Figur Eule Archimedes aus Edelstahl online kaufen oder live im Ausstellungsraum betrachten. Wir haben die feinste Metalldekoration, Figuren aus rostfreiem Stahl","robots":{"index":"index","follow":"follow","max-snippet":"max-snippet:-1","max-image-preview":"max-image-preview:large","max-video-preview":"max-video-preview:-1"},"canonical":"https:\/\/www.eliassen.nl\/de\/edelstahlfigur-eule-archimedes\/","og_locale":"de_DE","og_type":"article","og_title":"Sonstige Edelstahl Figur Eule Archimedes - Eliassen.nl","og_description":"Bei Eliassen k\u00f6nnen Sie die Figur Eule Archimedes aus Edelstahl online kaufen oder live im Ausstellungsraum betrachten. Wir haben die feinste Metalldekoration, Figuren aus rostfreiem Stahl","og_url":"https:\/\/www.eliassen.nl\/de\/edelstahlfigur-eule-archimedes\/","og_site_name":"Eliassen.nl","article_publisher":"https:\/\/www.facebook.com\/TuincentrumEliassenAmmerzoden","article_modified_time":"2025-11-27T15:11:56+00:00","og_image":[{"width":724,"height":1024,"url":"https:\/\/www.eliassen.nl\/wp-content\/uploads\/2024\/01\/archimedespng.jpg","type":"image\/jpeg"}],"twitter_card":"summary_large_image","schema":{"@context":"https:\/\/schema.org","@graph":[{"@type":"WebPage","@id":"https:\/\/www.eliassen.nl\/de\/edelstahlfigur-eule-archimedes\/","url":"https:\/\/www.eliassen.nl\/de\/edelstahlfigur-eule-archimedes\/","name":"Edelstahl Figur Eule Archimedes | Eliassen","isPartOf":{"@id":"https:\/\/www.eliassen.nl\/de\/#website"},"primaryImageOfPage":{"@id":"https:\/\/www.eliassen.nl\/de\/edelstahlfigur-eule-archimedes\/#primaryimage"},"image":{"@id":"https:\/\/www.eliassen.nl\/de\/edelstahlfigur-eule-archimedes\/#primaryimage"},"thumbnailUrl":"https:\/\/www.eliassen.nl\/wp-content\/uploads\/2024\/01\/archimedespng.jpg","datePublished":"2019-10-28T18:07:40+00:00","dateModified":"2025-11-27T15:11:56+00:00","description":"Bei Eliassen k\u00f6nnen Sie die Figur Eule Archimedes aus Edelstahl online kaufen oder live im Ausstellungsraum betrachten. Wir haben die feinste Metalldekoration, Figuren aus rostfreiem Stahl","breadcrumb":{"@id":"https:\/\/www.eliassen.nl\/de\/edelstahlfigur-eule-archimedes\/#breadcrumb"},"inLanguage":"de","potentialAction":[{"@type":"ReadAction","target":["https:\/\/www.eliassen.nl\/de\/edelstahlfigur-eule-archimedes\/"]}]},{"@type":"ImageObject","inLanguage":"de","@id":"https:\/\/www.eliassen.nl\/de\/edelstahlfigur-eule-archimedes\/#primaryimage","url":"https:\/\/www.eliassen.nl\/wp-content\/uploads\/2024\/01\/archimedespng.jpg","contentUrl":"https:\/\/www.eliassen.nl\/wp-content\/uploads\/2024\/01\/archimedespng.jpg","width":724,"height":1024,"caption":"archimedes-png"},{"@type":"BreadcrumbList","@id":"https:\/\/www.eliassen.nl\/de\/edelstahlfigur-eule-archimedes\/#breadcrumb","itemListElement":[{"@type":"ListItem","position":1,"name":"Home","item":"https:\/\/www.eliassen.nl\/de\/"},{"@type":"ListItem","position":2,"name":"Shop","item":"https:\/\/www.eliassen.nl\/de\/shop\/"},{"@type":"ListItem","position":3,"name":"Dekoration aus Metall","item":"https:\/\/www.eliassen.nl\/de\/dekoration-aus-metall\/"},{"@type":"ListItem","position":4,"name":"V\u00f6gel aus Edelstahl","item":"https:\/\/www.eliassen.nl\/de\/dekoration-aus-metall\/voegel-aus-edelstahl\/"},{"@type":"ListItem","position":5,"name":"Edelstahl Figur Eule Archimedes"}]},{"@type":"WebSite","@id":"https:\/\/www.eliassen.nl\/de\/#website","url":"https:\/\/www.eliassen.nl\/de\/","name":"Eliassen Home & Garden Pleasure","description":"","publisher":{"@id":"https:\/\/www.eliassen.nl\/de\/#organization"},"alternateName":"Eliassen.nl","potentialAction":[{"@type":"SearchAction","target":{"@type":"EntryPoint","urlTemplate":"https:\/\/www.eliassen.nl\/de\/?s={search_term_string}"},"query-input":{"@type":"PropertyValueSpecification","valueRequired":true,"valueName":"search_term_string"}}],"inLanguage":"de"},{"@type":["Organization","Place"],"@id":"https:\/\/www.eliassen.nl\/de\/#organization","name":"Eliassen Home & Garden Pleasure","url":"https:\/\/www.eliassen.nl\/de\/","logo":{"@id":"https:\/\/www.eliassen.nl\/de\/edelstahlfigur-eule-archimedes\/#local-main-organization-logo"},"image":{"@id":"https:\/\/www.eliassen.nl\/de\/edelstahlfigur-eule-archimedes\/#local-main-organization-logo"},"sameAs":["https:\/\/www.facebook.com\/TuincentrumEliassenAmmerzoden","https:\/\/www.instagram.com\/eliassenhomeandgarden\/","https:\/\/nl.pinterest.com\/eliassenhomeandgarden\/","https:\/\/www.youtube.com\/@eliassenhomegardenpleasure4558"],"telephone":[],"openingHoursSpecification":[{"@type":"OpeningHoursSpecification","dayOfWeek":["Monday","Tuesday","Wednesday","Thursday","Friday","Saturday","Sunday"],"opens":"09:00","closes":"17:00"}]},{"@type":"ImageObject","inLanguage":"de","@id":"https:\/\/www.eliassen.nl\/de\/edelstahlfigur-eule-archimedes\/#local-main-organization-logo","url":"https:\/\/www.eliassen.nl\/wp-content\/uploads\/2024\/01\/logo_4nd.jpg","contentUrl":"https:\/\/www.eliassen.nl\/wp-content\/uploads\/2024\/01\/logo_4nd.jpg","width":500,"height":500,"caption":"Eliassen Home & Garden Pleasure"}]},"product_price_amount":"69.50","product_price_currency":"EUR","og_availability":"instock","product_availability":"instock","product_retailer_item_id":"10406","product_condition":"new"},"df_price":69.5,"df_sale_price":"","df_regular_price":69.5,"df_image_link":"https:\/\/www.eliassen.nl\/wp-content\/uploads\/2024\/01\/archimedespng.jpg","image":"https:\/\/www.eliassen.nl\/wp-content\/uploads\/2024\/01\/archimedespng.jpg","price_search":"<span class=\"woocommerce-Price-amount amount\"><bdi><span class=\"woocommerce-Price-currencySymbol\">&euro;<\/span>&nbsp;69,50<\/bdi><\/span>","category":"Dekoration aus Metall","global_unique_id":"784089064855","_links":{"self":[{"href":"https:\/\/www.eliassen.nl\/de\/wp-json\/wp\/v2\/product\/14665","targetHints":{"allow":["GET"]}}],"collection":[{"href":"https:\/\/www.eliassen.nl\/de\/wp-json\/wp\/v2\/product"}],"about":[{"href":"https:\/\/www.eliassen.nl\/de\/wp-json\/wp\/v2\/types\/product"}],"wp:featuredmedia":[{"embeddable":true,"href":"https:\/\/www.eliassen.nl\/de\/wp-json\/wp\/v2\/media\/14653"}],"wp:attachment":[{"href":"https:\/\/www.eliassen.nl\/de\/wp-json\/wp\/v2\/media?parent=14665"}],"wp:term":[{"taxonomy":"product_brand","embeddable":true,"href":"https:\/\/www.eliassen.nl\/de\/wp-json\/wp\/v2\/product_brand?post=14665"},{"taxonomy":"product_cat","embeddable":true,"href":"https:\/\/www.eliassen.nl\/de\/wp-json\/wp\/v2\/product_cat?post=14665"},{"taxonomy":"product_tag","embeddable":true,"href":"https:\/\/www.eliassen.nl\/de\/wp-json\/wp\/v2\/product_tag?post=14665"}],"curies":[{"name":"wp","href":"https:\/\/api.w.org\/{rel}","templated":true}]}}