{"id":14395,"date":"2019-10-28T18:02:29","date_gmt":"2019-10-28T18:02:29","guid":{"rendered":"https:\/\/www.eliassen.nl\/?product=3d-painting-jaeger"},"modified":"2026-01-07T13:23:37","modified_gmt":"2026-01-07T12:23:37","slug":"lackierflugzeug-3d-metall-hunter-180x60cm","status":"publish","type":"product","link":"https:\/\/www.eliassen.nl\/de\/lackierflugzeug-3d-metall-hunter-180x60cm\/","title":{"rendered":"Malerei Flugzeug 3D Metall Hunter 180x60cm"},"content":{"rendered":"<p>3-D-Gem\u00e4lde eines alten Kampfflugzeugs, vollst\u00e4ndig von Hand aus Eisen gefertigt, einschlie\u00dflich des Hintergrunds. Besondere Tiefenwirkung, da die Figur weiter nach vorne ragt als der Hintergrund.<\/p>\n<p>Eine sch\u00f6ne Wanddekoration f\u00fcr Ihr Zuhause oder drau\u00dfen unter einer Veranda. Da es handgefertigt ist, kann das tats\u00e4chliche Design leicht vom Foto abweichen. Besuchen Sie unseren Shop und sehen Sie sich diese Serie an. Wir haben fast die gesamte Kollektion dieser Serie auf Lager, die die gr\u00f6\u00dfte in den Niederlanden ist !!!<\/p>\n<ul>\n<li>  Gr\u00f6\u00dfe 180 x 60cm<\/li>\n<li>  Einfach mit 2 Schrauben aufzuh\u00e4ngen<\/li>\n<li> Schnelle Lieferung<\/li>\n<li>  Gr\u00f6\u00dfte Sammlung in den Benelux-L\u00e4ndern, auch f\u00fcr Live-Viewing verf\u00fcgbar<\/li>\n<\/ul>\n","protected":false},"excerpt":{"rendered":"<p>3-D-Gem\u00e4lde eines alten Kampfflugzeugs, vollst\u00e4ndig von Hand aus Eisen gefertigt, einschlie\u00dflich des Hintergrunds. Besondere Tiefenwirkung, da die Figur weiter nach vorne ragt als der Hintergrund. Eine sch\u00f6ne Wanddekoration f\u00fcr Ihr Zuhause oder drau\u00dfen unter einer Veranda. Da es handgefertigt ist, kann das tats\u00e4chliche Design leicht vom Foto abweichen. Besuchen Sie unseren Shop und sehen Sie &hellip;<\/p>\n","protected":false},"featured_media":14392,"template":"","meta":{"_acf_changed":false,"_genesis_title":"","_genesis_description":""},"product_brand":[7505],"product_cat":[419,440,410],"product_tag":[],"class_list":{"0":"post-14395","1":"product","2":"type-product","3":"status-publish","4":"has-post-thumbnail","6":"product_brand-sonstige","7":"product_cat-3d-gemaelde-aus-metall","8":"product_cat-andere-groessen-3d-gemaelde-aus-metall","9":"product_cat-gemaelde","11":"first","12":"instock","13":"taxable","14":"shipping-taxable","15":"purchasable","16":"product-type-simple"},"acf":[],"meta_all":{"total_sales":"2","wcml_sync_hash":{"postmeta_fields":"e3499070210a69abb6f39e7ecea81ceb"},"attr_label_translations":[],"cor_restricted_countries":[]},"meta_all_flat":{"total_sales":"2","wcml_sync_hash.postmeta_fields":"e3499070210a69abb6f39e7ecea81ceb"},"yoast_head":"<!-- This site is optimized with the Yoast SEO Premium plugin v26.2 (Yoast SEO v27.2) - https:\/\/yoast.com\/product\/yoast-seo-premium-wordpress\/ -->\n<title>Malerei Flugzeug 3D Metall Hunter | 180x60cm | Eliassen.nl<\/title>\n<meta name=\"description\" content=\"Malen Sie das 3D-Metallflugzeug Hunter als sch\u00f6ne Wanddekoration. Dieser Fighter Hunter wird vollst\u00e4ndig von Hand gefertigt. LIVE in unserem Shop\" \/>\n<meta name=\"robots\" content=\"index, follow, max-snippet:-1, max-image-preview:large, max-video-preview:-1\" \/>\n<link rel=\"canonical\" href=\"https:\/\/www.eliassen.nl\/de\/lackierflugzeug-3d-metall-hunter-180x60cm\/\" \/>\n<meta property=\"og:locale\" content=\"de_DE\" \/>\n<meta property=\"og:type\" content=\"article\" \/>\n<meta property=\"og:title\" content=\"Sonstige Malerei Flugzeug 3D Metall Hunter 180x60cm - Eliassen.nl\" \/>\n<meta property=\"og:description\" content=\"Malen Sie das 3D-Metallflugzeug Hunter als sch\u00f6ne Wanddekoration. Dieser Fighter Hunter wird vollst\u00e4ndig von Hand gefertigt. LIVE in unserem Shop\" \/>\n<meta property=\"og:url\" content=\"https:\/\/www.eliassen.nl\/de\/lackierflugzeug-3d-metall-hunter-180x60cm\/\" \/>\n<meta property=\"og:site_name\" content=\"Eliassen.nl\" \/>\n<meta property=\"article:publisher\" content=\"https:\/\/www.facebook.com\/TuincentrumEliassenAmmerzoden\" \/>\n<meta property=\"article:modified_time\" content=\"2026-01-07T12:23:37+00:00\" \/>\n<meta property=\"og:image\" content=\"https:\/\/www.eliassen.nl\/wp-content\/uploads\/2024\/01\/schilderijvliegtuig3dmetaalhunter180x60cmeli.jpg\" \/>\n\t<meta property=\"og:image:width\" content=\"800\" \/>\n\t<meta property=\"og:image:height\" content=\"253\" \/>\n\t<meta property=\"og:image:type\" content=\"image\/jpeg\" \/>\n<meta name=\"twitter:card\" content=\"summary_large_image\" \/>\n<script type=\"application\/ld+json\" class=\"yoast-schema-graph\">{\"@context\":\"https:\/\/schema.org\",\"@graph\":[{\"@type\":\"WebPage\",\"@id\":\"https:\/\/www.eliassen.nl\/de\/lackierflugzeug-3d-metall-hunter-180x60cm\/\",\"url\":\"https:\/\/www.eliassen.nl\/de\/lackierflugzeug-3d-metall-hunter-180x60cm\/\",\"name\":\"Malerei Flugzeug 3D Metall Hunter | 180x60cm | Eliassen.nl\",\"isPartOf\":{\"@id\":\"https:\/\/www.eliassen.nl\/de\/#website\"},\"primaryImageOfPage\":{\"@id\":\"https:\/\/www.eliassen.nl\/de\/lackierflugzeug-3d-metall-hunter-180x60cm\/#primaryimage\"},\"image\":{\"@id\":\"https:\/\/www.eliassen.nl\/de\/lackierflugzeug-3d-metall-hunter-180x60cm\/#primaryimage\"},\"thumbnailUrl\":\"https:\/\/www.eliassen.nl\/wp-content\/uploads\/2024\/01\/schilderijvliegtuig3dmetaalhunter180x60cmeli.jpg\",\"datePublished\":\"2019-10-28T18:02:29+00:00\",\"dateModified\":\"2026-01-07T12:23:37+00:00\",\"description\":\"Malen Sie das 3D-Metallflugzeug Hunter als sch\u00f6ne Wanddekoration. Dieser Fighter Hunter wird vollst\u00e4ndig von Hand gefertigt. LIVE in unserem Shop\",\"breadcrumb\":{\"@id\":\"https:\/\/www.eliassen.nl\/de\/lackierflugzeug-3d-metall-hunter-180x60cm\/#breadcrumb\"},\"inLanguage\":\"de\",\"potentialAction\":[{\"@type\":\"ReadAction\",\"target\":[\"https:\/\/www.eliassen.nl\/de\/lackierflugzeug-3d-metall-hunter-180x60cm\/\"]}]},{\"@type\":\"ImageObject\",\"inLanguage\":\"de\",\"@id\":\"https:\/\/www.eliassen.nl\/de\/lackierflugzeug-3d-metall-hunter-180x60cm\/#primaryimage\",\"url\":\"https:\/\/www.eliassen.nl\/wp-content\/uploads\/2024\/01\/schilderijvliegtuig3dmetaalhunter180x60cmeli.jpg\",\"contentUrl\":\"https:\/\/www.eliassen.nl\/wp-content\/uploads\/2024\/01\/schilderijvliegtuig3dmetaalhunter180x60cmeli.jpg\",\"width\":800,\"height\":253,\"caption\":\"Malerei Flugzeug 3D Metall Hunter 180x60cm | Eliassen.nl\"},{\"@type\":\"BreadcrumbList\",\"@id\":\"https:\/\/www.eliassen.nl\/de\/lackierflugzeug-3d-metall-hunter-180x60cm\/#breadcrumb\",\"itemListElement\":[{\"@type\":\"ListItem\",\"position\":1,\"name\":\"Home\",\"item\":\"https:\/\/www.eliassen.nl\/de\/\"},{\"@type\":\"ListItem\",\"position\":2,\"name\":\"Shop\",\"item\":\"https:\/\/www.eliassen.nl\/de\/shop\/\"},{\"@type\":\"ListItem\",\"position\":3,\"name\":\"Gem\u00e4lde\",\"item\":\"https:\/\/www.eliassen.nl\/de\/gemaelde\/\"},{\"@type\":\"ListItem\",\"position\":4,\"name\":\"3D Gem\u00e4lde aus Metall\",\"item\":\"https:\/\/www.eliassen.nl\/de\/gemaelde\/3d-gemaelde-aus-metall\/\"},{\"@type\":\"ListItem\",\"position\":5,\"name\":\"Andere Gr\u00f6\u00dfen 3D-Gem\u00e4lde aus Metall\",\"item\":\"https:\/\/www.eliassen.nl\/de\/gemaelde\/3d-gemaelde-aus-metall\/andere-groessen-3d-gemaelde-aus-metall\/\"},{\"@type\":\"ListItem\",\"position\":6,\"name\":\"Malerei Flugzeug 3D Metall Hunter 180x60cm\"}]},{\"@type\":\"WebSite\",\"@id\":\"https:\/\/www.eliassen.nl\/de\/#website\",\"url\":\"https:\/\/www.eliassen.nl\/de\/\",\"name\":\"Eliassen Home & Garden Pleasure\",\"description\":\"\",\"publisher\":{\"@id\":\"https:\/\/www.eliassen.nl\/de\/#organization\"},\"alternateName\":\"Eliassen.nl\",\"potentialAction\":[{\"@type\":\"SearchAction\",\"target\":{\"@type\":\"EntryPoint\",\"urlTemplate\":\"https:\/\/www.eliassen.nl\/de\/?s={search_term_string}\"},\"query-input\":{\"@type\":\"PropertyValueSpecification\",\"valueRequired\":true,\"valueName\":\"search_term_string\"}}],\"inLanguage\":\"de\"},{\"@type\":[\"Organization\",\"Place\"],\"@id\":\"https:\/\/www.eliassen.nl\/de\/#organization\",\"name\":\"Eliassen Home & Garden Pleasure\",\"url\":\"https:\/\/www.eliassen.nl\/de\/\",\"logo\":{\"@id\":\"https:\/\/www.eliassen.nl\/de\/lackierflugzeug-3d-metall-hunter-180x60cm\/#local-main-organization-logo\"},\"image\":{\"@id\":\"https:\/\/www.eliassen.nl\/de\/lackierflugzeug-3d-metall-hunter-180x60cm\/#local-main-organization-logo\"},\"sameAs\":[\"https:\/\/www.facebook.com\/TuincentrumEliassenAmmerzoden\",\"https:\/\/www.instagram.com\/eliassenhomeandgarden\/\",\"https:\/\/nl.pinterest.com\/eliassenhomeandgarden\/\",\"https:\/\/www.youtube.com\/@eliassenhomegardenpleasure4558\"],\"telephone\":[],\"openingHoursSpecification\":[{\"@type\":\"OpeningHoursSpecification\",\"dayOfWeek\":[\"Monday\",\"Tuesday\",\"Wednesday\",\"Thursday\",\"Friday\",\"Saturday\",\"Sunday\"],\"opens\":\"09:00\",\"closes\":\"17:00\"}]},{\"@type\":\"ImageObject\",\"inLanguage\":\"de\",\"@id\":\"https:\/\/www.eliassen.nl\/de\/lackierflugzeug-3d-metall-hunter-180x60cm\/#local-main-organization-logo\",\"url\":\"https:\/\/www.eliassen.nl\/wp-content\/uploads\/2024\/01\/logo_4nd.jpg\",\"contentUrl\":\"https:\/\/www.eliassen.nl\/wp-content\/uploads\/2024\/01\/logo_4nd.jpg\",\"width\":500,\"height\":500,\"caption\":\"Eliassen Home & Garden Pleasure\"}]}<\/script>\n<meta property=\"product:price:amount\" content=\"209.00\" \/>\n<meta property=\"product:price:currency\" content=\"EUR\" \/>\n<meta property=\"og:availability\" content=\"instock\" \/>\n<meta property=\"product:availability\" content=\"instock\" \/>\n<meta property=\"product:retailer_item_id\" content=\"913\" \/>\n<meta property=\"product:condition\" content=\"new\" \/>\n<!-- \/ Yoast SEO Premium plugin. -->","yoast_head_json":{"title":"Malerei Flugzeug 3D Metall Hunter | 180x60cm | Eliassen.nl","description":"Malen Sie das 3D-Metallflugzeug Hunter als sch\u00f6ne Wanddekoration. Dieser Fighter Hunter wird vollst\u00e4ndig von Hand gefertigt. LIVE in unserem Shop","robots":{"index":"index","follow":"follow","max-snippet":"max-snippet:-1","max-image-preview":"max-image-preview:large","max-video-preview":"max-video-preview:-1"},"canonical":"https:\/\/www.eliassen.nl\/de\/lackierflugzeug-3d-metall-hunter-180x60cm\/","og_locale":"de_DE","og_type":"article","og_title":"Sonstige Malerei Flugzeug 3D Metall Hunter 180x60cm - Eliassen.nl","og_description":"Malen Sie das 3D-Metallflugzeug Hunter als sch\u00f6ne Wanddekoration. Dieser Fighter Hunter wird vollst\u00e4ndig von Hand gefertigt. LIVE in unserem Shop","og_url":"https:\/\/www.eliassen.nl\/de\/lackierflugzeug-3d-metall-hunter-180x60cm\/","og_site_name":"Eliassen.nl","article_publisher":"https:\/\/www.facebook.com\/TuincentrumEliassenAmmerzoden","article_modified_time":"2026-01-07T12:23:37+00:00","og_image":[{"width":800,"height":253,"url":"https:\/\/www.eliassen.nl\/wp-content\/uploads\/2024\/01\/schilderijvliegtuig3dmetaalhunter180x60cmeli.jpg","type":"image\/jpeg"}],"twitter_card":"summary_large_image","schema":{"@context":"https:\/\/schema.org","@graph":[{"@type":"WebPage","@id":"https:\/\/www.eliassen.nl\/de\/lackierflugzeug-3d-metall-hunter-180x60cm\/","url":"https:\/\/www.eliassen.nl\/de\/lackierflugzeug-3d-metall-hunter-180x60cm\/","name":"Malerei Flugzeug 3D Metall Hunter | 180x60cm | Eliassen.nl","isPartOf":{"@id":"https:\/\/www.eliassen.nl\/de\/#website"},"primaryImageOfPage":{"@id":"https:\/\/www.eliassen.nl\/de\/lackierflugzeug-3d-metall-hunter-180x60cm\/#primaryimage"},"image":{"@id":"https:\/\/www.eliassen.nl\/de\/lackierflugzeug-3d-metall-hunter-180x60cm\/#primaryimage"},"thumbnailUrl":"https:\/\/www.eliassen.nl\/wp-content\/uploads\/2024\/01\/schilderijvliegtuig3dmetaalhunter180x60cmeli.jpg","datePublished":"2019-10-28T18:02:29+00:00","dateModified":"2026-01-07T12:23:37+00:00","description":"Malen Sie das 3D-Metallflugzeug Hunter als sch\u00f6ne Wanddekoration. Dieser Fighter Hunter wird vollst\u00e4ndig von Hand gefertigt. LIVE in unserem Shop","breadcrumb":{"@id":"https:\/\/www.eliassen.nl\/de\/lackierflugzeug-3d-metall-hunter-180x60cm\/#breadcrumb"},"inLanguage":"de","potentialAction":[{"@type":"ReadAction","target":["https:\/\/www.eliassen.nl\/de\/lackierflugzeug-3d-metall-hunter-180x60cm\/"]}]},{"@type":"ImageObject","inLanguage":"de","@id":"https:\/\/www.eliassen.nl\/de\/lackierflugzeug-3d-metall-hunter-180x60cm\/#primaryimage","url":"https:\/\/www.eliassen.nl\/wp-content\/uploads\/2024\/01\/schilderijvliegtuig3dmetaalhunter180x60cmeli.jpg","contentUrl":"https:\/\/www.eliassen.nl\/wp-content\/uploads\/2024\/01\/schilderijvliegtuig3dmetaalhunter180x60cmeli.jpg","width":800,"height":253,"caption":"Malerei Flugzeug 3D Metall Hunter 180x60cm | Eliassen.nl"},{"@type":"BreadcrumbList","@id":"https:\/\/www.eliassen.nl\/de\/lackierflugzeug-3d-metall-hunter-180x60cm\/#breadcrumb","itemListElement":[{"@type":"ListItem","position":1,"name":"Home","item":"https:\/\/www.eliassen.nl\/de\/"},{"@type":"ListItem","position":2,"name":"Shop","item":"https:\/\/www.eliassen.nl\/de\/shop\/"},{"@type":"ListItem","position":3,"name":"Gem\u00e4lde","item":"https:\/\/www.eliassen.nl\/de\/gemaelde\/"},{"@type":"ListItem","position":4,"name":"3D Gem\u00e4lde aus Metall","item":"https:\/\/www.eliassen.nl\/de\/gemaelde\/3d-gemaelde-aus-metall\/"},{"@type":"ListItem","position":5,"name":"Andere Gr\u00f6\u00dfen 3D-Gem\u00e4lde aus Metall","item":"https:\/\/www.eliassen.nl\/de\/gemaelde\/3d-gemaelde-aus-metall\/andere-groessen-3d-gemaelde-aus-metall\/"},{"@type":"ListItem","position":6,"name":"Malerei Flugzeug 3D Metall Hunter 180x60cm"}]},{"@type":"WebSite","@id":"https:\/\/www.eliassen.nl\/de\/#website","url":"https:\/\/www.eliassen.nl\/de\/","name":"Eliassen Home & Garden Pleasure","description":"","publisher":{"@id":"https:\/\/www.eliassen.nl\/de\/#organization"},"alternateName":"Eliassen.nl","potentialAction":[{"@type":"SearchAction","target":{"@type":"EntryPoint","urlTemplate":"https:\/\/www.eliassen.nl\/de\/?s={search_term_string}"},"query-input":{"@type":"PropertyValueSpecification","valueRequired":true,"valueName":"search_term_string"}}],"inLanguage":"de"},{"@type":["Organization","Place"],"@id":"https:\/\/www.eliassen.nl\/de\/#organization","name":"Eliassen Home & Garden Pleasure","url":"https:\/\/www.eliassen.nl\/de\/","logo":{"@id":"https:\/\/www.eliassen.nl\/de\/lackierflugzeug-3d-metall-hunter-180x60cm\/#local-main-organization-logo"},"image":{"@id":"https:\/\/www.eliassen.nl\/de\/lackierflugzeug-3d-metall-hunter-180x60cm\/#local-main-organization-logo"},"sameAs":["https:\/\/www.facebook.com\/TuincentrumEliassenAmmerzoden","https:\/\/www.instagram.com\/eliassenhomeandgarden\/","https:\/\/nl.pinterest.com\/eliassenhomeandgarden\/","https:\/\/www.youtube.com\/@eliassenhomegardenpleasure4558"],"telephone":[],"openingHoursSpecification":[{"@type":"OpeningHoursSpecification","dayOfWeek":["Monday","Tuesday","Wednesday","Thursday","Friday","Saturday","Sunday"],"opens":"09:00","closes":"17:00"}]},{"@type":"ImageObject","inLanguage":"de","@id":"https:\/\/www.eliassen.nl\/de\/lackierflugzeug-3d-metall-hunter-180x60cm\/#local-main-organization-logo","url":"https:\/\/www.eliassen.nl\/wp-content\/uploads\/2024\/01\/logo_4nd.jpg","contentUrl":"https:\/\/www.eliassen.nl\/wp-content\/uploads\/2024\/01\/logo_4nd.jpg","width":500,"height":500,"caption":"Eliassen Home & Garden Pleasure"}]},"product_price_amount":"209.00","product_price_currency":"EUR","og_availability":"instock","product_availability":"instock","product_retailer_item_id":"913","product_condition":"new"},"df_price":209,"df_sale_price":"","df_regular_price":209,"df_image_link":"https:\/\/www.eliassen.nl\/wp-content\/uploads\/2024\/01\/schilderijvliegtuig3dmetaalhunter180x60cmeli.jpg","image":"https:\/\/www.eliassen.nl\/wp-content\/uploads\/2024\/01\/schilderijvliegtuig3dmetaalhunter180x60cmeli.jpg","price_search":"<span class=\"woocommerce-Price-amount amount\"><bdi><span class=\"woocommerce-Price-currencySymbol\">&euro;<\/span>&nbsp;209,00<\/bdi><\/span>","category":"3D Gem\u00e4lde aus Metall","global_unique_id":"7438245685691","_links":{"self":[{"href":"https:\/\/www.eliassen.nl\/de\/wp-json\/wp\/v2\/product\/14395","targetHints":{"allow":["GET"]}}],"collection":[{"href":"https:\/\/www.eliassen.nl\/de\/wp-json\/wp\/v2\/product"}],"about":[{"href":"https:\/\/www.eliassen.nl\/de\/wp-json\/wp\/v2\/types\/product"}],"wp:featuredmedia":[{"embeddable":true,"href":"https:\/\/www.eliassen.nl\/de\/wp-json\/wp\/v2\/media\/14392"}],"wp:attachment":[{"href":"https:\/\/www.eliassen.nl\/de\/wp-json\/wp\/v2\/media?parent=14395"}],"wp:term":[{"taxonomy":"product_brand","embeddable":true,"href":"https:\/\/www.eliassen.nl\/de\/wp-json\/wp\/v2\/product_brand?post=14395"},{"taxonomy":"product_cat","embeddable":true,"href":"https:\/\/www.eliassen.nl\/de\/wp-json\/wp\/v2\/product_cat?post=14395"},{"taxonomy":"product_tag","embeddable":true,"href":"https:\/\/www.eliassen.nl\/de\/wp-json\/wp\/v2\/product_tag?post=14395"}],"curies":[{"name":"wp","href":"https:\/\/api.w.org\/{rel}","templated":true}]}}