{"id":14323,"date":"2019-10-28T18:01:45","date_gmt":"2019-10-28T18:01:45","guid":{"rendered":"https:\/\/www.eliassen.nl\/?product=toucan-aufzublicken"},"modified":"2026-01-16T13:27:35","modified_gmt":"2026-01-16T12:27:35","slug":"toucan-vogelstatue-die-oben-schaut","status":"publish","type":"product","link":"https:\/\/www.eliassen.nl\/de\/toucan-vogelstatue-die-oben-schaut\/","title":{"rendered":"Tukan Vogel Statue nach oben schauend 62cm"},"content":{"rendered":"<p>Eine einzigartige Skulptur, diese Tukan-Vogelstatue, die vollst\u00e4ndig aus hartem Marmor handgefertigt ist. Bleibt auch drau\u00dfen sch\u00f6n. Sehr sch\u00f6n detailliertes Modell. Die Beine sind vollst\u00e4ndig geschnitzt.<\/p>\n<p>Kein Massenprodukt, das einzige seiner Art und nirgendwo sonst erh\u00e4ltlich.<\/p>\n<ul>\n<li>Die Gr\u00f6\u00dfe betr\u00e4gt 62 x 45 x 20 cm.<\/li>\n<\/ul>\n","protected":false},"excerpt":{"rendered":"<p>Eine einzigartige Skulptur, diese Tukan-Vogelstatue, die vollst\u00e4ndig aus hartem Marmor handgefertigt ist. Bleibt auch drau\u00dfen sch\u00f6n. Sehr sch\u00f6n detailliertes Modell. Die Beine sind vollst\u00e4ndig geschnitzt. Kein Massenprodukt, das einzige seiner Art und nirgendwo sonst erh\u00e4ltlich. Die Gr\u00f6\u00dfe betr\u00e4gt 62 x 45 x 20 cm.<\/p>\n","protected":false},"featured_media":14314,"template":"","meta":{"_acf_changed":false,"_genesis_title":"","_genesis_description":""},"product_brand":[7505],"product_cat":[677,719,7239],"product_tag":[],"class_list":{"0":"post-14323","1":"product","2":"type-product","3":"status-publish","4":"has-post-thumbnail","6":"product_brand-sonstige","7":"product_cat-betonstatuen","8":"product_cat-statuen-aus-naturstein","9":"product_cat-bilder","11":"first","12":"instock","13":"sale","14":"taxable","15":"shipping-taxable","16":"purchasable","17":"product-type-simple"},"acf":[],"meta_all":{"total_sales":"0","wcml_sync_hash":{"postmeta_fields":"b9985d59014fa484b677cb9373c9a32b"},"attr_label_translations":[],"cor_restricted_countries":[]},"meta_all_flat":{"total_sales":"0","wcml_sync_hash.postmeta_fields":"b9985d59014fa484b677cb9373c9a32b"},"yoast_head":"<!-- This site is optimized with the Yoast SEO Premium plugin v26.2 (Yoast SEO v27.2) - https:\/\/yoast.com\/product\/yoast-seo-premium-wordpress\/ -->\n<title>Vogelstatue Tukan mit Blick nach oben | Handgemacht | Eliassen.nl<\/title>\n<meta name=\"description\" content=\"Sie wollen eine Vogelskulptur kaufen? Schauen Sie sich diese sch\u00f6ne UNIQUE Toucan Vogelstatue an. F\u00fcr den Innenbereich, aber auch f\u00fcr den Au\u00dfenbereich geeignet. Nirgendwo sonst zu verkaufen! Einzigartiges Modell!\" \/>\n<meta name=\"robots\" content=\"index, follow, max-snippet:-1, max-image-preview:large, max-video-preview:-1\" \/>\n<link rel=\"canonical\" href=\"https:\/\/www.eliassen.nl\/de\/toucan-vogelstatue-die-oben-schaut\/\" \/>\n<meta property=\"og:locale\" content=\"de_DE\" \/>\n<meta property=\"og:type\" content=\"article\" \/>\n<meta property=\"og:title\" content=\"Sonstige Tukan Vogel Statue nach oben schauend 62cm - Eliassen.nl\" \/>\n<meta property=\"og:description\" content=\"Sie wollen eine Vogelskulptur kaufen? Schauen Sie sich diese sch\u00f6ne UNIQUE Toucan Vogelstatue an. F\u00fcr den Innenbereich, aber auch f\u00fcr den Au\u00dfenbereich geeignet. Nirgendwo sonst zu verkaufen! Einzigartiges Modell!\" \/>\n<meta property=\"og:url\" content=\"https:\/\/www.eliassen.nl\/de\/toucan-vogelstatue-die-oben-schaut\/\" \/>\n<meta property=\"og:site_name\" content=\"Eliassen.nl\" \/>\n<meta property=\"article:publisher\" content=\"https:\/\/www.facebook.com\/TuincentrumEliassenAmmerzoden\" \/>\n<meta property=\"article:modified_time\" content=\"2026-01-16T12:27:35+00:00\" \/>\n<meta property=\"og:image\" content=\"https:\/\/www.eliassen.nl\/wp-content\/uploads\/2024\/01\/toekanvogelbeeldomhoogkijkendeliassennl.png\" \/>\n\t<meta property=\"og:image:width\" content=\"563\" \/>\n\t<meta property=\"og:image:height\" content=\"1000\" \/>\n\t<meta property=\"og:image:type\" content=\"image\/png\" \/>\n<meta name=\"twitter:card\" content=\"summary_large_image\" \/>\n<script type=\"application\/ld+json\" class=\"yoast-schema-graph\">{\"@context\":\"https:\/\/schema.org\",\"@graph\":[{\"@type\":\"WebPage\",\"@id\":\"https:\/\/www.eliassen.nl\/de\/toucan-vogelstatue-die-oben-schaut\/\",\"url\":\"https:\/\/www.eliassen.nl\/de\/toucan-vogelstatue-die-oben-schaut\/\",\"name\":\"Vogelstatue Tukan mit Blick nach oben | Handgemacht | Eliassen.nl\",\"isPartOf\":{\"@id\":\"https:\/\/www.eliassen.nl\/de\/#website\"},\"primaryImageOfPage\":{\"@id\":\"https:\/\/www.eliassen.nl\/de\/toucan-vogelstatue-die-oben-schaut\/#primaryimage\"},\"image\":{\"@id\":\"https:\/\/www.eliassen.nl\/de\/toucan-vogelstatue-die-oben-schaut\/#primaryimage\"},\"thumbnailUrl\":\"https:\/\/www.eliassen.nl\/wp-content\/uploads\/2024\/01\/toekanvogelbeeldomhoogkijkendeliassennl.png\",\"datePublished\":\"2019-10-28T18:01:45+00:00\",\"dateModified\":\"2026-01-16T12:27:35+00:00\",\"description\":\"Sie wollen eine Vogelskulptur kaufen? Schauen Sie sich diese sch\u00f6ne UNIQUE Toucan Vogelstatue an. F\u00fcr den Innenbereich, aber auch f\u00fcr den Au\u00dfenbereich geeignet. Nirgendwo sonst zu verkaufen! Einzigartiges Modell!\",\"breadcrumb\":{\"@id\":\"https:\/\/www.eliassen.nl\/de\/toucan-vogelstatue-die-oben-schaut\/#breadcrumb\"},\"inLanguage\":\"de\",\"potentialAction\":[{\"@type\":\"ReadAction\",\"target\":[\"https:\/\/www.eliassen.nl\/de\/toucan-vogelstatue-die-oben-schaut\/\"]}]},{\"@type\":\"ImageObject\",\"inLanguage\":\"de\",\"@id\":\"https:\/\/www.eliassen.nl\/de\/toucan-vogelstatue-die-oben-schaut\/#primaryimage\",\"url\":\"https:\/\/www.eliassen.nl\/wp-content\/uploads\/2024\/01\/toekanvogelbeeldomhoogkijkendeliassennl.png\",\"contentUrl\":\"https:\/\/www.eliassen.nl\/wp-content\/uploads\/2024\/01\/toekanvogelbeeldomhoogkijkendeliassennl.png\",\"width\":563,\"height\":1000,\"caption\":\"Tukan-Vogelstatue mit Blick nach oben eliassen.co.uk\"},{\"@type\":\"BreadcrumbList\",\"@id\":\"https:\/\/www.eliassen.nl\/de\/toucan-vogelstatue-die-oben-schaut\/#breadcrumb\",\"itemListElement\":[{\"@type\":\"ListItem\",\"position\":1,\"name\":\"Home\",\"item\":\"https:\/\/www.eliassen.nl\/de\/\"},{\"@type\":\"ListItem\",\"position\":2,\"name\":\"Shop\",\"item\":\"https:\/\/www.eliassen.nl\/de\/shop\/\"},{\"@type\":\"ListItem\",\"position\":3,\"name\":\"Bilder\",\"item\":\"https:\/\/www.eliassen.nl\/de\/bilder\/\"},{\"@type\":\"ListItem\",\"position\":4,\"name\":\"Betonstatuen\",\"item\":\"https:\/\/www.eliassen.nl\/de\/bilder\/betonstatuen\/\"},{\"@type\":\"ListItem\",\"position\":5,\"name\":\"Tukan Vogel Statue nach oben schauend 62cm\"}]},{\"@type\":\"WebSite\",\"@id\":\"https:\/\/www.eliassen.nl\/de\/#website\",\"url\":\"https:\/\/www.eliassen.nl\/de\/\",\"name\":\"Eliassen Home & Garden Pleasure\",\"description\":\"\",\"publisher\":{\"@id\":\"https:\/\/www.eliassen.nl\/de\/#organization\"},\"alternateName\":\"Eliassen.nl\",\"potentialAction\":[{\"@type\":\"SearchAction\",\"target\":{\"@type\":\"EntryPoint\",\"urlTemplate\":\"https:\/\/www.eliassen.nl\/de\/?s={search_term_string}\"},\"query-input\":{\"@type\":\"PropertyValueSpecification\",\"valueRequired\":true,\"valueName\":\"search_term_string\"}}],\"inLanguage\":\"de\"},{\"@type\":[\"Organization\",\"Place\"],\"@id\":\"https:\/\/www.eliassen.nl\/de\/#organization\",\"name\":\"Eliassen Home & Garden Pleasure\",\"url\":\"https:\/\/www.eliassen.nl\/de\/\",\"logo\":{\"@id\":\"https:\/\/www.eliassen.nl\/de\/toucan-vogelstatue-die-oben-schaut\/#local-main-organization-logo\"},\"image\":{\"@id\":\"https:\/\/www.eliassen.nl\/de\/toucan-vogelstatue-die-oben-schaut\/#local-main-organization-logo\"},\"sameAs\":[\"https:\/\/www.facebook.com\/TuincentrumEliassenAmmerzoden\",\"https:\/\/www.instagram.com\/eliassenhomeandgarden\/\",\"https:\/\/nl.pinterest.com\/eliassenhomeandgarden\/\",\"https:\/\/www.youtube.com\/@eliassenhomegardenpleasure4558\"],\"telephone\":[],\"openingHoursSpecification\":[{\"@type\":\"OpeningHoursSpecification\",\"dayOfWeek\":[\"Monday\",\"Tuesday\",\"Wednesday\",\"Thursday\",\"Friday\",\"Saturday\",\"Sunday\"],\"opens\":\"09:00\",\"closes\":\"17:00\"}]},{\"@type\":\"ImageObject\",\"inLanguage\":\"de\",\"@id\":\"https:\/\/www.eliassen.nl\/de\/toucan-vogelstatue-die-oben-schaut\/#local-main-organization-logo\",\"url\":\"https:\/\/www.eliassen.nl\/wp-content\/uploads\/2024\/01\/logo_4nd.jpg\",\"contentUrl\":\"https:\/\/www.eliassen.nl\/wp-content\/uploads\/2024\/01\/logo_4nd.jpg\",\"width\":500,\"height\":500,\"caption\":\"Eliassen Home & Garden Pleasure\"}]}<\/script>\n<meta property=\"product:price:amount\" content=\"295.00\" \/>\n<meta property=\"product:price:currency\" content=\"EUR\" \/>\n<meta property=\"og:availability\" content=\"instock\" \/>\n<meta property=\"product:availability\" content=\"instock\" \/>\n<meta property=\"product:retailer_item_id\" content=\"Tk60oh\" \/>\n<meta property=\"product:condition\" content=\"new\" \/>\n<!-- \/ Yoast SEO Premium plugin. -->","yoast_head_json":{"title":"Vogelstatue Tukan mit Blick nach oben | Handgemacht | Eliassen.nl","description":"Sie wollen eine Vogelskulptur kaufen? Schauen Sie sich diese sch\u00f6ne UNIQUE Toucan Vogelstatue an. F\u00fcr den Innenbereich, aber auch f\u00fcr den Au\u00dfenbereich geeignet. Nirgendwo sonst zu verkaufen! Einzigartiges Modell!","robots":{"index":"index","follow":"follow","max-snippet":"max-snippet:-1","max-image-preview":"max-image-preview:large","max-video-preview":"max-video-preview:-1"},"canonical":"https:\/\/www.eliassen.nl\/de\/toucan-vogelstatue-die-oben-schaut\/","og_locale":"de_DE","og_type":"article","og_title":"Sonstige Tukan Vogel Statue nach oben schauend 62cm - Eliassen.nl","og_description":"Sie wollen eine Vogelskulptur kaufen? Schauen Sie sich diese sch\u00f6ne UNIQUE Toucan Vogelstatue an. F\u00fcr den Innenbereich, aber auch f\u00fcr den Au\u00dfenbereich geeignet. Nirgendwo sonst zu verkaufen! Einzigartiges Modell!","og_url":"https:\/\/www.eliassen.nl\/de\/toucan-vogelstatue-die-oben-schaut\/","og_site_name":"Eliassen.nl","article_publisher":"https:\/\/www.facebook.com\/TuincentrumEliassenAmmerzoden","article_modified_time":"2026-01-16T12:27:35+00:00","og_image":[{"width":563,"height":1000,"url":"https:\/\/www.eliassen.nl\/wp-content\/uploads\/2024\/01\/toekanvogelbeeldomhoogkijkendeliassennl.png","type":"image\/png"}],"twitter_card":"summary_large_image","schema":{"@context":"https:\/\/schema.org","@graph":[{"@type":"WebPage","@id":"https:\/\/www.eliassen.nl\/de\/toucan-vogelstatue-die-oben-schaut\/","url":"https:\/\/www.eliassen.nl\/de\/toucan-vogelstatue-die-oben-schaut\/","name":"Vogelstatue Tukan mit Blick nach oben | Handgemacht | Eliassen.nl","isPartOf":{"@id":"https:\/\/www.eliassen.nl\/de\/#website"},"primaryImageOfPage":{"@id":"https:\/\/www.eliassen.nl\/de\/toucan-vogelstatue-die-oben-schaut\/#primaryimage"},"image":{"@id":"https:\/\/www.eliassen.nl\/de\/toucan-vogelstatue-die-oben-schaut\/#primaryimage"},"thumbnailUrl":"https:\/\/www.eliassen.nl\/wp-content\/uploads\/2024\/01\/toekanvogelbeeldomhoogkijkendeliassennl.png","datePublished":"2019-10-28T18:01:45+00:00","dateModified":"2026-01-16T12:27:35+00:00","description":"Sie wollen eine Vogelskulptur kaufen? Schauen Sie sich diese sch\u00f6ne UNIQUE Toucan Vogelstatue an. F\u00fcr den Innenbereich, aber auch f\u00fcr den Au\u00dfenbereich geeignet. Nirgendwo sonst zu verkaufen! Einzigartiges Modell!","breadcrumb":{"@id":"https:\/\/www.eliassen.nl\/de\/toucan-vogelstatue-die-oben-schaut\/#breadcrumb"},"inLanguage":"de","potentialAction":[{"@type":"ReadAction","target":["https:\/\/www.eliassen.nl\/de\/toucan-vogelstatue-die-oben-schaut\/"]}]},{"@type":"ImageObject","inLanguage":"de","@id":"https:\/\/www.eliassen.nl\/de\/toucan-vogelstatue-die-oben-schaut\/#primaryimage","url":"https:\/\/www.eliassen.nl\/wp-content\/uploads\/2024\/01\/toekanvogelbeeldomhoogkijkendeliassennl.png","contentUrl":"https:\/\/www.eliassen.nl\/wp-content\/uploads\/2024\/01\/toekanvogelbeeldomhoogkijkendeliassennl.png","width":563,"height":1000,"caption":"Tukan-Vogelstatue mit Blick nach oben eliassen.co.uk"},{"@type":"BreadcrumbList","@id":"https:\/\/www.eliassen.nl\/de\/toucan-vogelstatue-die-oben-schaut\/#breadcrumb","itemListElement":[{"@type":"ListItem","position":1,"name":"Home","item":"https:\/\/www.eliassen.nl\/de\/"},{"@type":"ListItem","position":2,"name":"Shop","item":"https:\/\/www.eliassen.nl\/de\/shop\/"},{"@type":"ListItem","position":3,"name":"Bilder","item":"https:\/\/www.eliassen.nl\/de\/bilder\/"},{"@type":"ListItem","position":4,"name":"Betonstatuen","item":"https:\/\/www.eliassen.nl\/de\/bilder\/betonstatuen\/"},{"@type":"ListItem","position":5,"name":"Tukan Vogel Statue nach oben schauend 62cm"}]},{"@type":"WebSite","@id":"https:\/\/www.eliassen.nl\/de\/#website","url":"https:\/\/www.eliassen.nl\/de\/","name":"Eliassen Home & Garden Pleasure","description":"","publisher":{"@id":"https:\/\/www.eliassen.nl\/de\/#organization"},"alternateName":"Eliassen.nl","potentialAction":[{"@type":"SearchAction","target":{"@type":"EntryPoint","urlTemplate":"https:\/\/www.eliassen.nl\/de\/?s={search_term_string}"},"query-input":{"@type":"PropertyValueSpecification","valueRequired":true,"valueName":"search_term_string"}}],"inLanguage":"de"},{"@type":["Organization","Place"],"@id":"https:\/\/www.eliassen.nl\/de\/#organization","name":"Eliassen Home & Garden Pleasure","url":"https:\/\/www.eliassen.nl\/de\/","logo":{"@id":"https:\/\/www.eliassen.nl\/de\/toucan-vogelstatue-die-oben-schaut\/#local-main-organization-logo"},"image":{"@id":"https:\/\/www.eliassen.nl\/de\/toucan-vogelstatue-die-oben-schaut\/#local-main-organization-logo"},"sameAs":["https:\/\/www.facebook.com\/TuincentrumEliassenAmmerzoden","https:\/\/www.instagram.com\/eliassenhomeandgarden\/","https:\/\/nl.pinterest.com\/eliassenhomeandgarden\/","https:\/\/www.youtube.com\/@eliassenhomegardenpleasure4558"],"telephone":[],"openingHoursSpecification":[{"@type":"OpeningHoursSpecification","dayOfWeek":["Monday","Tuesday","Wednesday","Thursday","Friday","Saturday","Sunday"],"opens":"09:00","closes":"17:00"}]},{"@type":"ImageObject","inLanguage":"de","@id":"https:\/\/www.eliassen.nl\/de\/toucan-vogelstatue-die-oben-schaut\/#local-main-organization-logo","url":"https:\/\/www.eliassen.nl\/wp-content\/uploads\/2024\/01\/logo_4nd.jpg","contentUrl":"https:\/\/www.eliassen.nl\/wp-content\/uploads\/2024\/01\/logo_4nd.jpg","width":500,"height":500,"caption":"Eliassen Home & Garden Pleasure"}]},"product_price_amount":"295.00","product_price_currency":"EUR","og_availability":"instock","product_availability":"instock","product_retailer_item_id":"Tk60oh","product_condition":"new"},"df_price":295,"df_sale_price":295,"df_regular_price":495,"df_image_link":"https:\/\/www.eliassen.nl\/wp-content\/uploads\/2024\/01\/toekanvogelbeeldomhoogkijkendeliassennl.png","image":"https:\/\/www.eliassen.nl\/wp-content\/uploads\/2024\/01\/toekanvogelbeeldomhoogkijkendeliassennl.png","price_search":"<span class=\"woocommerce-Price-amount amount\"><bdi><span class=\"woocommerce-Price-currencySymbol\">&euro;<\/span>&nbsp;295,00<\/bdi><\/span>","category":"Betonstatuen","global_unique_id":"7438245783731","_links":{"self":[{"href":"https:\/\/www.eliassen.nl\/de\/wp-json\/wp\/v2\/product\/14323","targetHints":{"allow":["GET"]}}],"collection":[{"href":"https:\/\/www.eliassen.nl\/de\/wp-json\/wp\/v2\/product"}],"about":[{"href":"https:\/\/www.eliassen.nl\/de\/wp-json\/wp\/v2\/types\/product"}],"wp:featuredmedia":[{"embeddable":true,"href":"https:\/\/www.eliassen.nl\/de\/wp-json\/wp\/v2\/media\/14314"}],"wp:attachment":[{"href":"https:\/\/www.eliassen.nl\/de\/wp-json\/wp\/v2\/media?parent=14323"}],"wp:term":[{"taxonomy":"product_brand","embeddable":true,"href":"https:\/\/www.eliassen.nl\/de\/wp-json\/wp\/v2\/product_brand?post=14323"},{"taxonomy":"product_cat","embeddable":true,"href":"https:\/\/www.eliassen.nl\/de\/wp-json\/wp\/v2\/product_cat?post=14323"},{"taxonomy":"product_tag","embeddable":true,"href":"https:\/\/www.eliassen.nl\/de\/wp-json\/wp\/v2\/product_tag?post=14323"}],"curies":[{"name":"wp","href":"https:\/\/api.w.org\/{rel}","templated":true}]}}