{"id":14191,"date":"2019-10-28T17:56:31","date_gmt":"2019-10-28T17:56:31","guid":{"rendered":"https:\/\/www.eliassen.nl\/?product=3d-malerei-70x140cm-up-elefant"},"modified":"2026-01-07T12:05:02","modified_gmt":"2026-01-07T11:05:02","slug":"3d-malerei-70x140cm-elefant-auf","status":"publish","type":"product","link":"https:\/\/www.eliassen.nl\/de\/3d-malerei-70x140cm-elefant-auf\/","title":{"rendered":"3d Gem\u00e4lde 70x140cm Elefant oben"},"content":{"rendered":"<p>Ihr Haus, Ihr Gesch\u00e4ft oder Ihre Veranda (drau\u00dfen unter einem Vordach) wird mit einem 3D-Gem\u00e4lde wundersch\u00f6n aussehen. Dieses Modell, das einen Elefanten mit erhobenem R\u00fcssel zeigt, ist komplett handgefertigt. Alles ist aus Metall, also Hintergrund und Figur. Da es handbemalt ist, kann die Farbe leicht vom Foto abweichen, sie sind nie genau gleich.<br \/>\nWir haben fast die gesamte Kollektion dieser Serie in unserem Gesch\u00e4ft, was in den Niederlanden einzigartig ist.<br \/>\nNirgendwo finden Sie eine so gro\u00dfe Sammlung. Sie sind herzlich willkommen.<\/p>\n<ul>\n<li>  Gr\u00f6\u00dfe 70 x 140cm.<\/li>\n<li>  Einfach mit 2 Schrauben aufzuh\u00e4ngen.<\/li>\n<li>  Schnelle Lieferung.<\/li>\n<li>  Die gr\u00f6\u00dfte Sammlung in den Benelux-L\u00e4ndern, die Sie auch live sehen k\u00f6nnen.<\/li>\n<\/ul>\n","protected":false},"excerpt":{"rendered":"<p>Ihr Haus, Ihr Gesch\u00e4ft oder Ihre Veranda (drau\u00dfen unter einem Vordach) wird mit einem 3D-Gem\u00e4lde wundersch\u00f6n aussehen. Dieses Modell, das einen Elefanten mit erhobenem R\u00fcssel zeigt, ist komplett handgefertigt. Alles ist aus Metall, also Hintergrund und Figur. Da es handbemalt ist, kann die Farbe leicht vom Foto abweichen, sie sind nie genau gleich. Wir haben &hellip;<\/p>\n","protected":false},"featured_media":14188,"template":"","meta":{"_acf_changed":false,"_genesis_title":"","_genesis_description":""},"product_brand":[7505],"product_cat":[419,437,410,413],"product_tag":[],"class_list":{"0":"post-14191","1":"product","2":"type-product","3":"status-publish","4":"has-post-thumbnail","6":"product_brand-sonstige","7":"product_cat-3d-gemaelde-aus-metall","8":"product_cat-3d-gemaelde-aus-metall-im-format-70x140cm","9":"product_cat-gemaelde","10":"product_cat-gemaelde-outlet","12":"first","13":"instock","14":"sale","15":"taxable","16":"shipping-taxable","17":"purchasable","18":"product-type-simple"},"acf":[],"meta_all":{"total_sales":"0","wcml_sync_hash":{"postmeta_fields":"6d55821fb9bb7ccf8437cf8254d5fc50"},"attr_label_translations":[],"cor_restricted_countries":[]},"meta_all_flat":{"total_sales":"0","wcml_sync_hash.postmeta_fields":"6d55821fb9bb7ccf8437cf8254d5fc50"},"yoast_head":"<!-- This site is optimized with the Yoast SEO Premium plugin v26.2 (Yoast SEO v27.2) - https:\/\/yoast.com\/product\/yoast-seo-premium-wordpress\/ -->\n<title>3d Gem\u00e4lde 70x140cm Elefant oben | Eliassen<\/title>\n<meta name=\"description\" content=\"Bei Eliassen k\u00f6nnen Sie 3d-Gem\u00e4lde 70x140cm Elephant online kaufen oder live im Ausstellungsraum betrachten. Bestellen Sie direkt online.\" \/>\n<meta name=\"robots\" content=\"index, follow, max-snippet:-1, max-image-preview:large, max-video-preview:-1\" \/>\n<link rel=\"canonical\" href=\"https:\/\/www.eliassen.nl\/de\/3d-malerei-70x140cm-elefant-auf\/\" \/>\n<meta property=\"og:locale\" content=\"de_DE\" \/>\n<meta property=\"og:type\" content=\"article\" \/>\n<meta property=\"og:title\" content=\"Sonstige 3d Gem\u00e4lde 70x140cm Elefant oben - Eliassen.nl\" \/>\n<meta property=\"og:description\" content=\"Bei Eliassen k\u00f6nnen Sie 3d-Gem\u00e4lde 70x140cm Elephant online kaufen oder live im Ausstellungsraum betrachten. Bestellen Sie direkt online.\" \/>\n<meta property=\"og:url\" content=\"https:\/\/www.eliassen.nl\/de\/3d-malerei-70x140cm-elefant-auf\/\" \/>\n<meta property=\"og:site_name\" content=\"Eliassen.nl\" \/>\n<meta property=\"article:publisher\" content=\"https:\/\/www.facebook.com\/TuincentrumEliassenAmmerzoden\" \/>\n<meta property=\"article:modified_time\" content=\"2026-01-07T11:05:02+00:00\" \/>\n<meta property=\"og:image\" content=\"https:\/\/www.eliassen.nl\/wp-content\/uploads\/2024\/01\/p144jpg.jpg\" \/>\n\t<meta property=\"og:image:width\" content=\"537\" \/>\n\t<meta property=\"og:image:height\" content=\"1024\" \/>\n\t<meta property=\"og:image:type\" content=\"image\/jpeg\" \/>\n<meta name=\"twitter:card\" content=\"summary_large_image\" \/>\n<script type=\"application\/ld+json\" class=\"yoast-schema-graph\">{\"@context\":\"https:\/\/schema.org\",\"@graph\":[{\"@type\":\"WebPage\",\"@id\":\"https:\/\/www.eliassen.nl\/de\/3d-malerei-70x140cm-elefant-auf\/\",\"url\":\"https:\/\/www.eliassen.nl\/de\/3d-malerei-70x140cm-elefant-auf\/\",\"name\":\"3d Gem\u00e4lde 70x140cm Elefant oben | Eliassen\",\"isPartOf\":{\"@id\":\"https:\/\/www.eliassen.nl\/de\/#website\"},\"primaryImageOfPage\":{\"@id\":\"https:\/\/www.eliassen.nl\/de\/3d-malerei-70x140cm-elefant-auf\/#primaryimage\"},\"image\":{\"@id\":\"https:\/\/www.eliassen.nl\/de\/3d-malerei-70x140cm-elefant-auf\/#primaryimage\"},\"thumbnailUrl\":\"https:\/\/www.eliassen.nl\/wp-content\/uploads\/2024\/01\/p144jpg.jpg\",\"datePublished\":\"2019-10-28T17:56:31+00:00\",\"dateModified\":\"2026-01-07T11:05:02+00:00\",\"description\":\"Bei Eliassen k\u00f6nnen Sie 3d-Gem\u00e4lde 70x140cm Elephant online kaufen oder live im Ausstellungsraum betrachten. Bestellen Sie direkt online.\",\"breadcrumb\":{\"@id\":\"https:\/\/www.eliassen.nl\/de\/3d-malerei-70x140cm-elefant-auf\/#breadcrumb\"},\"inLanguage\":\"de\",\"potentialAction\":[{\"@type\":\"ReadAction\",\"target\":[\"https:\/\/www.eliassen.nl\/de\/3d-malerei-70x140cm-elefant-auf\/\"]}]},{\"@type\":\"ImageObject\",\"inLanguage\":\"de\",\"@id\":\"https:\/\/www.eliassen.nl\/de\/3d-malerei-70x140cm-elefant-auf\/#primaryimage\",\"url\":\"https:\/\/www.eliassen.nl\/wp-content\/uploads\/2024\/01\/p144jpg.jpg\",\"contentUrl\":\"https:\/\/www.eliassen.nl\/wp-content\/uploads\/2024\/01\/p144jpg.jpg\",\"width\":537,\"height\":1024,\"caption\":\"p144jpg\"},{\"@type\":\"BreadcrumbList\",\"@id\":\"https:\/\/www.eliassen.nl\/de\/3d-malerei-70x140cm-elefant-auf\/#breadcrumb\",\"itemListElement\":[{\"@type\":\"ListItem\",\"position\":1,\"name\":\"Home\",\"item\":\"https:\/\/www.eliassen.nl\/de\/\"},{\"@type\":\"ListItem\",\"position\":2,\"name\":\"Shop\",\"item\":\"https:\/\/www.eliassen.nl\/de\/shop\/\"},{\"@type\":\"ListItem\",\"position\":3,\"name\":\"Gem\u00e4lde\",\"item\":\"https:\/\/www.eliassen.nl\/de\/gemaelde\/\"},{\"@type\":\"ListItem\",\"position\":4,\"name\":\"3D Gem\u00e4lde aus Metall\",\"item\":\"https:\/\/www.eliassen.nl\/de\/gemaelde\/3d-gemaelde-aus-metall\/\"},{\"@type\":\"ListItem\",\"position\":5,\"name\":\"3D Gem\u00e4lde aus Metall 70x140 cm\",\"item\":\"https:\/\/www.eliassen.nl\/de\/gemaelde\/3d-gemaelde-aus-metall\/3d-gemaelde-aus-metall-im-format-70x140cm\/\"},{\"@type\":\"ListItem\",\"position\":6,\"name\":\"3d Gem\u00e4lde 70x140cm Elefant oben\"}]},{\"@type\":\"WebSite\",\"@id\":\"https:\/\/www.eliassen.nl\/de\/#website\",\"url\":\"https:\/\/www.eliassen.nl\/de\/\",\"name\":\"Eliassen Home & Garden Pleasure\",\"description\":\"\",\"publisher\":{\"@id\":\"https:\/\/www.eliassen.nl\/de\/#organization\"},\"alternateName\":\"Eliassen.nl\",\"potentialAction\":[{\"@type\":\"SearchAction\",\"target\":{\"@type\":\"EntryPoint\",\"urlTemplate\":\"https:\/\/www.eliassen.nl\/de\/?s={search_term_string}\"},\"query-input\":{\"@type\":\"PropertyValueSpecification\",\"valueRequired\":true,\"valueName\":\"search_term_string\"}}],\"inLanguage\":\"de\"},{\"@type\":[\"Organization\",\"Place\"],\"@id\":\"https:\/\/www.eliassen.nl\/de\/#organization\",\"name\":\"Eliassen Home & Garden Pleasure\",\"url\":\"https:\/\/www.eliassen.nl\/de\/\",\"logo\":{\"@id\":\"https:\/\/www.eliassen.nl\/de\/3d-malerei-70x140cm-elefant-auf\/#local-main-organization-logo\"},\"image\":{\"@id\":\"https:\/\/www.eliassen.nl\/de\/3d-malerei-70x140cm-elefant-auf\/#local-main-organization-logo\"},\"sameAs\":[\"https:\/\/www.facebook.com\/TuincentrumEliassenAmmerzoden\",\"https:\/\/www.instagram.com\/eliassenhomeandgarden\/\",\"https:\/\/nl.pinterest.com\/eliassenhomeandgarden\/\",\"https:\/\/www.youtube.com\/@eliassenhomegardenpleasure4558\"],\"telephone\":[],\"openingHoursSpecification\":[{\"@type\":\"OpeningHoursSpecification\",\"dayOfWeek\":[\"Monday\",\"Tuesday\",\"Wednesday\",\"Thursday\",\"Friday\",\"Saturday\",\"Sunday\"],\"opens\":\"09:00\",\"closes\":\"17:00\"}]},{\"@type\":\"ImageObject\",\"inLanguage\":\"de\",\"@id\":\"https:\/\/www.eliassen.nl\/de\/3d-malerei-70x140cm-elefant-auf\/#local-main-organization-logo\",\"url\":\"https:\/\/www.eliassen.nl\/wp-content\/uploads\/2024\/01\/logo_4nd.jpg\",\"contentUrl\":\"https:\/\/www.eliassen.nl\/wp-content\/uploads\/2024\/01\/logo_4nd.jpg\",\"width\":500,\"height\":500,\"caption\":\"Eliassen Home & Garden Pleasure\"}]}<\/script>\n<meta property=\"product:price:amount\" content=\"149.00\" \/>\n<meta property=\"product:price:currency\" content=\"EUR\" \/>\n<meta property=\"og:availability\" content=\"instock\" \/>\n<meta property=\"product:availability\" content=\"instock\" \/>\n<meta property=\"product:retailer_item_id\" content=\"Raf144 aktie\" \/>\n<meta property=\"product:condition\" content=\"new\" \/>\n<!-- \/ Yoast SEO Premium plugin. -->","yoast_head_json":{"title":"3d Gem\u00e4lde 70x140cm Elefant oben | Eliassen","description":"Bei Eliassen k\u00f6nnen Sie 3d-Gem\u00e4lde 70x140cm Elephant online kaufen oder live im Ausstellungsraum betrachten. Bestellen Sie direkt online.","robots":{"index":"index","follow":"follow","max-snippet":"max-snippet:-1","max-image-preview":"max-image-preview:large","max-video-preview":"max-video-preview:-1"},"canonical":"https:\/\/www.eliassen.nl\/de\/3d-malerei-70x140cm-elefant-auf\/","og_locale":"de_DE","og_type":"article","og_title":"Sonstige 3d Gem\u00e4lde 70x140cm Elefant oben - Eliassen.nl","og_description":"Bei Eliassen k\u00f6nnen Sie 3d-Gem\u00e4lde 70x140cm Elephant online kaufen oder live im Ausstellungsraum betrachten. Bestellen Sie direkt online.","og_url":"https:\/\/www.eliassen.nl\/de\/3d-malerei-70x140cm-elefant-auf\/","og_site_name":"Eliassen.nl","article_publisher":"https:\/\/www.facebook.com\/TuincentrumEliassenAmmerzoden","article_modified_time":"2026-01-07T11:05:02+00:00","og_image":[{"width":537,"height":1024,"url":"https:\/\/www.eliassen.nl\/wp-content\/uploads\/2024\/01\/p144jpg.jpg","type":"image\/jpeg"}],"twitter_card":"summary_large_image","schema":{"@context":"https:\/\/schema.org","@graph":[{"@type":"WebPage","@id":"https:\/\/www.eliassen.nl\/de\/3d-malerei-70x140cm-elefant-auf\/","url":"https:\/\/www.eliassen.nl\/de\/3d-malerei-70x140cm-elefant-auf\/","name":"3d Gem\u00e4lde 70x140cm Elefant oben | Eliassen","isPartOf":{"@id":"https:\/\/www.eliassen.nl\/de\/#website"},"primaryImageOfPage":{"@id":"https:\/\/www.eliassen.nl\/de\/3d-malerei-70x140cm-elefant-auf\/#primaryimage"},"image":{"@id":"https:\/\/www.eliassen.nl\/de\/3d-malerei-70x140cm-elefant-auf\/#primaryimage"},"thumbnailUrl":"https:\/\/www.eliassen.nl\/wp-content\/uploads\/2024\/01\/p144jpg.jpg","datePublished":"2019-10-28T17:56:31+00:00","dateModified":"2026-01-07T11:05:02+00:00","description":"Bei Eliassen k\u00f6nnen Sie 3d-Gem\u00e4lde 70x140cm Elephant online kaufen oder live im Ausstellungsraum betrachten. Bestellen Sie direkt online.","breadcrumb":{"@id":"https:\/\/www.eliassen.nl\/de\/3d-malerei-70x140cm-elefant-auf\/#breadcrumb"},"inLanguage":"de","potentialAction":[{"@type":"ReadAction","target":["https:\/\/www.eliassen.nl\/de\/3d-malerei-70x140cm-elefant-auf\/"]}]},{"@type":"ImageObject","inLanguage":"de","@id":"https:\/\/www.eliassen.nl\/de\/3d-malerei-70x140cm-elefant-auf\/#primaryimage","url":"https:\/\/www.eliassen.nl\/wp-content\/uploads\/2024\/01\/p144jpg.jpg","contentUrl":"https:\/\/www.eliassen.nl\/wp-content\/uploads\/2024\/01\/p144jpg.jpg","width":537,"height":1024,"caption":"p144jpg"},{"@type":"BreadcrumbList","@id":"https:\/\/www.eliassen.nl\/de\/3d-malerei-70x140cm-elefant-auf\/#breadcrumb","itemListElement":[{"@type":"ListItem","position":1,"name":"Home","item":"https:\/\/www.eliassen.nl\/de\/"},{"@type":"ListItem","position":2,"name":"Shop","item":"https:\/\/www.eliassen.nl\/de\/shop\/"},{"@type":"ListItem","position":3,"name":"Gem\u00e4lde","item":"https:\/\/www.eliassen.nl\/de\/gemaelde\/"},{"@type":"ListItem","position":4,"name":"3D Gem\u00e4lde aus Metall","item":"https:\/\/www.eliassen.nl\/de\/gemaelde\/3d-gemaelde-aus-metall\/"},{"@type":"ListItem","position":5,"name":"3D Gem\u00e4lde aus Metall 70x140 cm","item":"https:\/\/www.eliassen.nl\/de\/gemaelde\/3d-gemaelde-aus-metall\/3d-gemaelde-aus-metall-im-format-70x140cm\/"},{"@type":"ListItem","position":6,"name":"3d Gem\u00e4lde 70x140cm Elefant oben"}]},{"@type":"WebSite","@id":"https:\/\/www.eliassen.nl\/de\/#website","url":"https:\/\/www.eliassen.nl\/de\/","name":"Eliassen Home & Garden Pleasure","description":"","publisher":{"@id":"https:\/\/www.eliassen.nl\/de\/#organization"},"alternateName":"Eliassen.nl","potentialAction":[{"@type":"SearchAction","target":{"@type":"EntryPoint","urlTemplate":"https:\/\/www.eliassen.nl\/de\/?s={search_term_string}"},"query-input":{"@type":"PropertyValueSpecification","valueRequired":true,"valueName":"search_term_string"}}],"inLanguage":"de"},{"@type":["Organization","Place"],"@id":"https:\/\/www.eliassen.nl\/de\/#organization","name":"Eliassen Home & Garden Pleasure","url":"https:\/\/www.eliassen.nl\/de\/","logo":{"@id":"https:\/\/www.eliassen.nl\/de\/3d-malerei-70x140cm-elefant-auf\/#local-main-organization-logo"},"image":{"@id":"https:\/\/www.eliassen.nl\/de\/3d-malerei-70x140cm-elefant-auf\/#local-main-organization-logo"},"sameAs":["https:\/\/www.facebook.com\/TuincentrumEliassenAmmerzoden","https:\/\/www.instagram.com\/eliassenhomeandgarden\/","https:\/\/nl.pinterest.com\/eliassenhomeandgarden\/","https:\/\/www.youtube.com\/@eliassenhomegardenpleasure4558"],"telephone":[],"openingHoursSpecification":[{"@type":"OpeningHoursSpecification","dayOfWeek":["Monday","Tuesday","Wednesday","Thursday","Friday","Saturday","Sunday"],"opens":"09:00","closes":"17:00"}]},{"@type":"ImageObject","inLanguage":"de","@id":"https:\/\/www.eliassen.nl\/de\/3d-malerei-70x140cm-elefant-auf\/#local-main-organization-logo","url":"https:\/\/www.eliassen.nl\/wp-content\/uploads\/2024\/01\/logo_4nd.jpg","contentUrl":"https:\/\/www.eliassen.nl\/wp-content\/uploads\/2024\/01\/logo_4nd.jpg","width":500,"height":500,"caption":"Eliassen Home & Garden Pleasure"}]},"product_price_amount":"149.00","product_price_currency":"EUR","og_availability":"instock","product_availability":"instock","product_retailer_item_id":"Raf144 aktie","product_condition":"new"},"df_price":149,"df_sale_price":149,"df_regular_price":209,"df_image_link":"https:\/\/www.eliassen.nl\/wp-content\/uploads\/2024\/01\/p144jpg.jpg","image":"https:\/\/www.eliassen.nl\/wp-content\/uploads\/2024\/01\/p144jpg.jpg","price_search":"<span class=\"woocommerce-Price-amount amount\"><bdi><span class=\"woocommerce-Price-currencySymbol\">&euro;<\/span>&nbsp;149,00<\/bdi><\/span>","category":"3D Gem\u00e4lde aus Metall","global_unique_id":"7438245779734","_links":{"self":[{"href":"https:\/\/www.eliassen.nl\/de\/wp-json\/wp\/v2\/product\/14191","targetHints":{"allow":["GET"]}}],"collection":[{"href":"https:\/\/www.eliassen.nl\/de\/wp-json\/wp\/v2\/product"}],"about":[{"href":"https:\/\/www.eliassen.nl\/de\/wp-json\/wp\/v2\/types\/product"}],"wp:featuredmedia":[{"embeddable":true,"href":"https:\/\/www.eliassen.nl\/de\/wp-json\/wp\/v2\/media\/14188"}],"wp:attachment":[{"href":"https:\/\/www.eliassen.nl\/de\/wp-json\/wp\/v2\/media?parent=14191"}],"wp:term":[{"taxonomy":"product_brand","embeddable":true,"href":"https:\/\/www.eliassen.nl\/de\/wp-json\/wp\/v2\/product_brand?post=14191"},{"taxonomy":"product_cat","embeddable":true,"href":"https:\/\/www.eliassen.nl\/de\/wp-json\/wp\/v2\/product_cat?post=14191"},{"taxonomy":"product_tag","embeddable":true,"href":"https:\/\/www.eliassen.nl\/de\/wp-json\/wp\/v2\/product_tag?post=14191"}],"curies":[{"name":"wp","href":"https:\/\/api.w.org\/{rel}","templated":true}]}}