{"id":141166,"date":"2023-07-25T16:49:15","date_gmt":"2023-07-25T16:49:15","guid":{"rendered":"https:\/\/www.eliassen.nl\/?product=beeld-klassiek-levensgrote-leeuw-los-of-als-paar-1"},"modified":"2026-02-23T09:21:39","modified_gmt":"2026-02-23T08:21:39","slug":"beeld-klassiek-levensgrote-leeuw-los-of-als-paar-136cm","status":"publish","type":"product","link":"https:\/\/www.eliassen.nl\/de\/beeld-klassiek-levensgrote-leeuw-los-of-als-paar-136cm\/","title":{"rendered":"Statue klassischer lebensgro\u00dfer L\u00f6we lose oder als Paar 136cm"},"content":{"rendered":"<p>Ihr gro\u00dfer Garten, Ihr Gesch\u00e4ft, Ihr Park oder Ihr Haus kann mit unseren gro\u00dfen klassischen Statuen eine sch\u00f6ne warme Atmosph\u00e4re erhalten.<br \/>\nDie Statuen dieser Serie sind alle aus massivem, hochwertigem Beton mit einem sehr hohen Zementanteil gefertigt, so dass alle diese Statuen problemlos jahrzehntelang allen Wetterbedingungen standhalten k\u00f6nnen. Sie haben die M\u00f6glichkeit, diese Skulptur in 3 Farben zu bestellen, in sandfarben, antikfarben und rostfarben. Die Farben k\u00f6nnen in der Realit\u00e4t von dem Foto abweichen, da das Kolorieren Menschenwerk ist. Diese barocke Betonskulptur, die gro\u00dfe L\u00f6wen darstellt, wird jahrzehntelang der richtige Stimmungsmacher sein! Witterungseinfl\u00fcsse werden das Aussehen dieser Skulptur nach Jahren nur noch verbessern.<\/p>\n<p>Schauen Sie doch einmal vorbei, um die Farben dieser Skulpturen zu bewundern und um zu sehen, wie &#8222;bildsch\u00f6n&#8220; diese Serie ist. Wir haben eine ansehnliche Sammlung davon auf unserem Ausstellungsgel\u00e4nde.<\/p>\n<ul>\n<li>Gr\u00f6\u00dfe: 55x105x136cm hoch<\/li>\n<li><strong>Gewicht unbekannt<\/strong><\/li>\n<li>Farbe: sand, antik oder rost<\/li>\n<li>Hochwertiger Kunststein<\/li>\n<li>Handgemacht<\/li>\n<li>Durchschnittliche Lieferzeit: 5 Wochen<\/li>\n<li><strong>Vieles aus dieser Serie ist auch in unserem Gesch\u00e4ft zu sehen<\/strong><\/li>\n<\/ul>\n","protected":false},"excerpt":{"rendered":"<p>\u2713 55x105x136cm hoch \u2713 In 3 Farben<\/p>\n","protected":false},"featured_media":91936,"template":"","meta":{"_acf_changed":false,"_genesis_title":"","_genesis_description":""},"product_brand":[7505],"product_cat":[677,1412,7239],"product_tag":[],"class_list":{"0":"post-141166","1":"product","2":"type-product","3":"status-publish","4":"has-post-thumbnail","6":"product_brand-sonstige","7":"product_cat-betonstatuen","8":"product_cat-grosse-klassische-statuen","9":"product_cat-bilder","11":"first","12":"onbackorder","13":"taxable","14":"shipping-taxable","15":"purchasable","16":"product-type-variable"},"acf":[],"meta_all":{"wcml_sync_hash":{"postmeta_fields":"cb86a6cb40530d6c21b4fef2ddc1f92b"},"attr_label_translations":[],"total_sales":"1","cor_restricted_countries":[]},"meta_all_flat":{"wcml_sync_hash.postmeta_fields":"cb86a6cb40530d6c21b4fef2ddc1f92b","total_sales":"1"},"yoast_head":"<!-- This site is optimized with the Yoast SEO Premium plugin v26.2 (Yoast SEO v27.2) - https:\/\/yoast.com\/product\/yoast-seo-premium-wordpress\/ -->\n<title>Statue klassischer lebensgro\u00dfer L\u00f6we lose oder als Paar 136cm<\/title>\n<meta name=\"description\" content=\"Sind Sie auf der Suche nach einem lebensgro\u00dfen L\u00f6wen? Dieses klassische Modell ist eine wahre Augenweide. \u2713 Erh\u00e4ltlich in 3 verschiedenen Farben \u2713 linke und rechte Variante\" \/>\n<meta name=\"robots\" content=\"index, follow, max-snippet:-1, max-image-preview:large, max-video-preview:-1\" \/>\n<link rel=\"canonical\" href=\"https:\/\/www.eliassen.nl\/de\/beeld-klassiek-levensgrote-leeuw-los-of-als-paar-136cm\/\" \/>\n<meta property=\"og:locale\" content=\"de_DE\" \/>\n<meta property=\"og:type\" content=\"article\" \/>\n<meta property=\"og:title\" content=\"Sonstige Statue klassischer lebensgro\u00dfer L\u00f6we lose oder als Paar 136cm - Eliassen.nl\" \/>\n<meta property=\"og:description\" content=\"Sind Sie auf der Suche nach einem lebensgro\u00dfen L\u00f6wen? Dieses klassische Modell ist eine wahre Augenweide. \u2713 Erh\u00e4ltlich in 3 verschiedenen Farben \u2713 linke und rechte Variante\" \/>\n<meta property=\"og:url\" content=\"https:\/\/www.eliassen.nl\/de\/beeld-klassiek-levensgrote-leeuw-los-of-als-paar-136cm\/\" \/>\n<meta property=\"og:site_name\" content=\"Eliassen.nl\" \/>\n<meta property=\"article:publisher\" content=\"https:\/\/www.facebook.com\/TuincentrumEliassenAmmerzoden\" \/>\n<meta property=\"article:modified_time\" content=\"2026-02-23T08:21:39+00:00\" \/>\n<meta property=\"og:image\" content=\"https:\/\/www.eliassen.nl\/wp-content\/uploads\/2024\/01\/5129biseliassennlbeeldklassieklevensgroteleeu.jpg\" \/>\n\t<meta property=\"og:image:width\" content=\"580\" \/>\n\t<meta property=\"og:image:height\" content=\"800\" \/>\n\t<meta property=\"og:image:type\" content=\"image\/jpeg\" \/>\n<meta name=\"twitter:card\" content=\"summary_large_image\" \/>\n<script type=\"application\/ld+json\" class=\"yoast-schema-graph\">{\"@context\":\"https:\/\/schema.org\",\"@graph\":[{\"@type\":\"WebPage\",\"@id\":\"https:\/\/www.eliassen.nl\/de\/beeld-klassiek-levensgrote-leeuw-los-of-als-paar-136cm\/\",\"url\":\"https:\/\/www.eliassen.nl\/de\/beeld-klassiek-levensgrote-leeuw-los-of-als-paar-136cm\/\",\"name\":\"Statue klassischer lebensgro\u00dfer L\u00f6we lose oder als Paar 136cm\",\"isPartOf\":{\"@id\":\"https:\/\/www.eliassen.nl\/de\/#website\"},\"primaryImageOfPage\":{\"@id\":\"https:\/\/www.eliassen.nl\/de\/beeld-klassiek-levensgrote-leeuw-los-of-als-paar-136cm\/#primaryimage\"},\"image\":{\"@id\":\"https:\/\/www.eliassen.nl\/de\/beeld-klassiek-levensgrote-leeuw-los-of-als-paar-136cm\/#primaryimage\"},\"thumbnailUrl\":\"https:\/\/www.eliassen.nl\/wp-content\/uploads\/2024\/01\/5129biseliassennlbeeldklassieklevensgroteleeu.jpg\",\"datePublished\":\"2023-07-25T16:49:15+00:00\",\"dateModified\":\"2026-02-23T08:21:39+00:00\",\"description\":\"Sind Sie auf der Suche nach einem lebensgro\u00dfen L\u00f6wen? Dieses klassische Modell ist eine wahre Augenweide. \u2713 Erh\u00e4ltlich in 3 verschiedenen Farben \u2713 linke und rechte Variante\",\"breadcrumb\":{\"@id\":\"https:\/\/www.eliassen.nl\/de\/beeld-klassiek-levensgrote-leeuw-los-of-als-paar-136cm\/#breadcrumb\"},\"inLanguage\":\"de\",\"potentialAction\":[{\"@type\":\"ReadAction\",\"target\":[\"https:\/\/www.eliassen.nl\/de\/beeld-klassiek-levensgrote-leeuw-los-of-als-paar-136cm\/\"]}]},{\"@type\":\"ImageObject\",\"inLanguage\":\"de\",\"@id\":\"https:\/\/www.eliassen.nl\/de\/beeld-klassiek-levensgrote-leeuw-los-of-als-paar-136cm\/#primaryimage\",\"url\":\"https:\/\/www.eliassen.nl\/wp-content\/uploads\/2024\/01\/5129biseliassennlbeeldklassieklevensgroteleeu.jpg\",\"contentUrl\":\"https:\/\/www.eliassen.nl\/wp-content\/uploads\/2024\/01\/5129biseliassennlbeeldklassieklevensgroteleeu.jpg\",\"width\":580,\"height\":800,\"caption\":\"5129BIS eliassen.nl Statue klassischer lebensgro\u00dfer L\u00f6we lose oder als Paar\"},{\"@type\":\"BreadcrumbList\",\"@id\":\"https:\/\/www.eliassen.nl\/de\/beeld-klassiek-levensgrote-leeuw-los-of-als-paar-136cm\/#breadcrumb\",\"itemListElement\":[{\"@type\":\"ListItem\",\"position\":1,\"name\":\"Home\",\"item\":\"https:\/\/www.eliassen.nl\/de\/\"},{\"@type\":\"ListItem\",\"position\":2,\"name\":\"Shop\",\"item\":\"https:\/\/www.eliassen.nl\/de\/shop\/\"},{\"@type\":\"ListItem\",\"position\":3,\"name\":\"Bilder\",\"item\":\"https:\/\/www.eliassen.nl\/de\/bilder\/\"},{\"@type\":\"ListItem\",\"position\":4,\"name\":\"Betonstatuen\",\"item\":\"https:\/\/www.eliassen.nl\/de\/bilder\/betonstatuen\/\"},{\"@type\":\"ListItem\",\"position\":5,\"name\":\"Gro\u00dfe klassische Statuen\",\"item\":\"https:\/\/www.eliassen.nl\/de\/bilder\/betonstatuen\/grosse-klassische-statuen\/\"},{\"@type\":\"ListItem\",\"position\":6,\"name\":\"Statue klassischer lebensgro\u00dfer L\u00f6we lose oder als Paar 136cm\"}]},{\"@type\":\"WebSite\",\"@id\":\"https:\/\/www.eliassen.nl\/de\/#website\",\"url\":\"https:\/\/www.eliassen.nl\/de\/\",\"name\":\"Eliassen Home & Garden Pleasure\",\"description\":\"\",\"publisher\":{\"@id\":\"https:\/\/www.eliassen.nl\/de\/#organization\"},\"alternateName\":\"Eliassen.nl\",\"potentialAction\":[{\"@type\":\"SearchAction\",\"target\":{\"@type\":\"EntryPoint\",\"urlTemplate\":\"https:\/\/www.eliassen.nl\/de\/?s={search_term_string}\"},\"query-input\":{\"@type\":\"PropertyValueSpecification\",\"valueRequired\":true,\"valueName\":\"search_term_string\"}}],\"inLanguage\":\"de\"},{\"@type\":[\"Organization\",\"Place\"],\"@id\":\"https:\/\/www.eliassen.nl\/de\/#organization\",\"name\":\"Eliassen Home & Garden Pleasure\",\"url\":\"https:\/\/www.eliassen.nl\/de\/\",\"logo\":{\"@id\":\"https:\/\/www.eliassen.nl\/de\/beeld-klassiek-levensgrote-leeuw-los-of-als-paar-136cm\/#local-main-organization-logo\"},\"image\":{\"@id\":\"https:\/\/www.eliassen.nl\/de\/beeld-klassiek-levensgrote-leeuw-los-of-als-paar-136cm\/#local-main-organization-logo\"},\"sameAs\":[\"https:\/\/www.facebook.com\/TuincentrumEliassenAmmerzoden\",\"https:\/\/www.instagram.com\/eliassenhomeandgarden\/\",\"https:\/\/nl.pinterest.com\/eliassenhomeandgarden\/\",\"https:\/\/www.youtube.com\/@eliassenhomegardenpleasure4558\"],\"telephone\":[],\"openingHoursSpecification\":[{\"@type\":\"OpeningHoursSpecification\",\"dayOfWeek\":[\"Monday\",\"Tuesday\",\"Wednesday\",\"Thursday\",\"Friday\",\"Saturday\",\"Sunday\"],\"opens\":\"09:00\",\"closes\":\"17:00\"}]},{\"@type\":\"ImageObject\",\"inLanguage\":\"de\",\"@id\":\"https:\/\/www.eliassen.nl\/de\/beeld-klassiek-levensgrote-leeuw-los-of-als-paar-136cm\/#local-main-organization-logo\",\"url\":\"https:\/\/www.eliassen.nl\/wp-content\/uploads\/2024\/01\/logo_4nd.jpg\",\"contentUrl\":\"https:\/\/www.eliassen.nl\/wp-content\/uploads\/2024\/01\/logo_4nd.jpg\",\"width\":500,\"height\":500,\"caption\":\"Eliassen Home & Garden Pleasure\"}]}<\/script>\n<meta property=\"og:availability\" content=\"backorder\" \/>\n<meta property=\"product:availability\" content=\"available for order\" \/>\n<meta property=\"product:retailer_item_id\" content=\"5129\" \/>\n<meta property=\"product:condition\" content=\"new\" \/>\n<!-- \/ Yoast SEO Premium plugin. -->","yoast_head_json":{"title":"Statue klassischer lebensgro\u00dfer L\u00f6we lose oder als Paar 136cm","description":"Sind Sie auf der Suche nach einem lebensgro\u00dfen L\u00f6wen? Dieses klassische Modell ist eine wahre Augenweide. \u2713 Erh\u00e4ltlich in 3 verschiedenen Farben \u2713 linke und rechte Variante","robots":{"index":"index","follow":"follow","max-snippet":"max-snippet:-1","max-image-preview":"max-image-preview:large","max-video-preview":"max-video-preview:-1"},"canonical":"https:\/\/www.eliassen.nl\/de\/beeld-klassiek-levensgrote-leeuw-los-of-als-paar-136cm\/","og_locale":"de_DE","og_type":"article","og_title":"Sonstige Statue klassischer lebensgro\u00dfer L\u00f6we lose oder als Paar 136cm - Eliassen.nl","og_description":"Sind Sie auf der Suche nach einem lebensgro\u00dfen L\u00f6wen? Dieses klassische Modell ist eine wahre Augenweide. \u2713 Erh\u00e4ltlich in 3 verschiedenen Farben \u2713 linke und rechte Variante","og_url":"https:\/\/www.eliassen.nl\/de\/beeld-klassiek-levensgrote-leeuw-los-of-als-paar-136cm\/","og_site_name":"Eliassen.nl","article_publisher":"https:\/\/www.facebook.com\/TuincentrumEliassenAmmerzoden","article_modified_time":"2026-02-23T08:21:39+00:00","og_image":[{"width":580,"height":800,"url":"https:\/\/www.eliassen.nl\/wp-content\/uploads\/2024\/01\/5129biseliassennlbeeldklassieklevensgroteleeu.jpg","type":"image\/jpeg"}],"twitter_card":"summary_large_image","schema":{"@context":"https:\/\/schema.org","@graph":[{"@type":"WebPage","@id":"https:\/\/www.eliassen.nl\/de\/beeld-klassiek-levensgrote-leeuw-los-of-als-paar-136cm\/","url":"https:\/\/www.eliassen.nl\/de\/beeld-klassiek-levensgrote-leeuw-los-of-als-paar-136cm\/","name":"Statue klassischer lebensgro\u00dfer L\u00f6we lose oder als Paar 136cm","isPartOf":{"@id":"https:\/\/www.eliassen.nl\/de\/#website"},"primaryImageOfPage":{"@id":"https:\/\/www.eliassen.nl\/de\/beeld-klassiek-levensgrote-leeuw-los-of-als-paar-136cm\/#primaryimage"},"image":{"@id":"https:\/\/www.eliassen.nl\/de\/beeld-klassiek-levensgrote-leeuw-los-of-als-paar-136cm\/#primaryimage"},"thumbnailUrl":"https:\/\/www.eliassen.nl\/wp-content\/uploads\/2024\/01\/5129biseliassennlbeeldklassieklevensgroteleeu.jpg","datePublished":"2023-07-25T16:49:15+00:00","dateModified":"2026-02-23T08:21:39+00:00","description":"Sind Sie auf der Suche nach einem lebensgro\u00dfen L\u00f6wen? Dieses klassische Modell ist eine wahre Augenweide. \u2713 Erh\u00e4ltlich in 3 verschiedenen Farben \u2713 linke und rechte Variante","breadcrumb":{"@id":"https:\/\/www.eliassen.nl\/de\/beeld-klassiek-levensgrote-leeuw-los-of-als-paar-136cm\/#breadcrumb"},"inLanguage":"de","potentialAction":[{"@type":"ReadAction","target":["https:\/\/www.eliassen.nl\/de\/beeld-klassiek-levensgrote-leeuw-los-of-als-paar-136cm\/"]}]},{"@type":"ImageObject","inLanguage":"de","@id":"https:\/\/www.eliassen.nl\/de\/beeld-klassiek-levensgrote-leeuw-los-of-als-paar-136cm\/#primaryimage","url":"https:\/\/www.eliassen.nl\/wp-content\/uploads\/2024\/01\/5129biseliassennlbeeldklassieklevensgroteleeu.jpg","contentUrl":"https:\/\/www.eliassen.nl\/wp-content\/uploads\/2024\/01\/5129biseliassennlbeeldklassieklevensgroteleeu.jpg","width":580,"height":800,"caption":"5129BIS eliassen.nl Statue klassischer lebensgro\u00dfer L\u00f6we lose oder als Paar"},{"@type":"BreadcrumbList","@id":"https:\/\/www.eliassen.nl\/de\/beeld-klassiek-levensgrote-leeuw-los-of-als-paar-136cm\/#breadcrumb","itemListElement":[{"@type":"ListItem","position":1,"name":"Home","item":"https:\/\/www.eliassen.nl\/de\/"},{"@type":"ListItem","position":2,"name":"Shop","item":"https:\/\/www.eliassen.nl\/de\/shop\/"},{"@type":"ListItem","position":3,"name":"Bilder","item":"https:\/\/www.eliassen.nl\/de\/bilder\/"},{"@type":"ListItem","position":4,"name":"Betonstatuen","item":"https:\/\/www.eliassen.nl\/de\/bilder\/betonstatuen\/"},{"@type":"ListItem","position":5,"name":"Gro\u00dfe klassische Statuen","item":"https:\/\/www.eliassen.nl\/de\/bilder\/betonstatuen\/grosse-klassische-statuen\/"},{"@type":"ListItem","position":6,"name":"Statue klassischer lebensgro\u00dfer L\u00f6we lose oder als Paar 136cm"}]},{"@type":"WebSite","@id":"https:\/\/www.eliassen.nl\/de\/#website","url":"https:\/\/www.eliassen.nl\/de\/","name":"Eliassen Home & Garden Pleasure","description":"","publisher":{"@id":"https:\/\/www.eliassen.nl\/de\/#organization"},"alternateName":"Eliassen.nl","potentialAction":[{"@type":"SearchAction","target":{"@type":"EntryPoint","urlTemplate":"https:\/\/www.eliassen.nl\/de\/?s={search_term_string}"},"query-input":{"@type":"PropertyValueSpecification","valueRequired":true,"valueName":"search_term_string"}}],"inLanguage":"de"},{"@type":["Organization","Place"],"@id":"https:\/\/www.eliassen.nl\/de\/#organization","name":"Eliassen Home & Garden Pleasure","url":"https:\/\/www.eliassen.nl\/de\/","logo":{"@id":"https:\/\/www.eliassen.nl\/de\/beeld-klassiek-levensgrote-leeuw-los-of-als-paar-136cm\/#local-main-organization-logo"},"image":{"@id":"https:\/\/www.eliassen.nl\/de\/beeld-klassiek-levensgrote-leeuw-los-of-als-paar-136cm\/#local-main-organization-logo"},"sameAs":["https:\/\/www.facebook.com\/TuincentrumEliassenAmmerzoden","https:\/\/www.instagram.com\/eliassenhomeandgarden\/","https:\/\/nl.pinterest.com\/eliassenhomeandgarden\/","https:\/\/www.youtube.com\/@eliassenhomegardenpleasure4558"],"telephone":[],"openingHoursSpecification":[{"@type":"OpeningHoursSpecification","dayOfWeek":["Monday","Tuesday","Wednesday","Thursday","Friday","Saturday","Sunday"],"opens":"09:00","closes":"17:00"}]},{"@type":"ImageObject","inLanguage":"de","@id":"https:\/\/www.eliassen.nl\/de\/beeld-klassiek-levensgrote-leeuw-los-of-als-paar-136cm\/#local-main-organization-logo","url":"https:\/\/www.eliassen.nl\/wp-content\/uploads\/2024\/01\/logo_4nd.jpg","contentUrl":"https:\/\/www.eliassen.nl\/wp-content\/uploads\/2024\/01\/logo_4nd.jpg","width":500,"height":500,"caption":"Eliassen Home & Garden Pleasure"}]},"og_availability":"backorder","product_availability":"available for order","product_retailer_item_id":"5129","product_condition":"new"},"df_price":895,"df_sale_price":"","df_regular_price":895,"df_image_link":"https:\/\/www.eliassen.nl\/wp-content\/uploads\/2024\/01\/5129biseliassennlbeeldklassieklevensgroteleeu.jpg","image":"https:\/\/www.eliassen.nl\/wp-content\/uploads\/2024\/01\/5129biseliassennlbeeldklassieklevensgroteleeu.jpg","price_search":"<span class=\"woocommerce-Price-amount amount\"><bdi><span class=\"woocommerce-Price-currencySymbol\">&euro;<\/span>&nbsp;895,00<\/bdi><\/span>","category":"Betonstatuen","global_unique_id":"6096514388349","_links":{"self":[{"href":"https:\/\/www.eliassen.nl\/de\/wp-json\/wp\/v2\/product\/141166","targetHints":{"allow":["GET"]}}],"collection":[{"href":"https:\/\/www.eliassen.nl\/de\/wp-json\/wp\/v2\/product"}],"about":[{"href":"https:\/\/www.eliassen.nl\/de\/wp-json\/wp\/v2\/types\/product"}],"wp:featuredmedia":[{"embeddable":true,"href":"https:\/\/www.eliassen.nl\/de\/wp-json\/wp\/v2\/media\/91936"}],"wp:attachment":[{"href":"https:\/\/www.eliassen.nl\/de\/wp-json\/wp\/v2\/media?parent=141166"}],"wp:term":[{"taxonomy":"product_brand","embeddable":true,"href":"https:\/\/www.eliassen.nl\/de\/wp-json\/wp\/v2\/product_brand?post=141166"},{"taxonomy":"product_cat","embeddable":true,"href":"https:\/\/www.eliassen.nl\/de\/wp-json\/wp\/v2\/product_cat?post=141166"},{"taxonomy":"product_tag","embeddable":true,"href":"https:\/\/www.eliassen.nl\/de\/wp-json\/wp\/v2\/product_tag?post=141166"}],"curies":[{"name":"wp","href":"https:\/\/api.w.org\/{rel}","templated":true}]}}