{"id":141010,"date":"2023-07-03T11:25:11","date_gmt":"2023-07-03T11:25:11","guid":{"rendered":"https:\/\/www.eliassen.nl\/?product=copy-of-fotolijst-barok-rozen-goud-in-3-maten"},"modified":"2026-02-23T09:21:51","modified_gmt":"2026-02-23T08:21:51","slug":"fotorahmen-barock-klassische-rosen-silber-in-10x15cm-13x18cm-oder-30x40cm","status":"publish","type":"product","link":"https:\/\/www.eliassen.nl\/de\/fotorahmen-barock-klassische-rosen-silber-in-10x15cm-13x18cm-oder-30x40cm\/","title":{"rendered":"Fotorahmen Barock Klassische Rosen Silber in 10x15cm oder 13x18cm"},"content":{"rendered":"<p>Ein Bild Ihrer Liebsten oder Ihrer Liebsten auf einem Schrank. Jeder kennt es, aber mit einem sch\u00f6nen Rahmen drum herum.<\/p>\n<p>Wir haben eine sch\u00f6ne Kollektion klassischer, barock gestalteter Bilderrahmen in verschiedenen Bildgr\u00f6\u00dfen. Jedes Exemplar ist sorgf\u00e4ltig verarbeitet, mit Glas ausgestattet und hat eine sauber verarbeitete R\u00fcckseite. Dieser Bilderrahmen hat auch einen Haken, um ihn an die Wand zu h\u00e4ngen.<\/p>\n<p>Geben Sie Ihrem sch\u00f6nen Foto den Rahmen, den es verdient. Dieser altsilberfarbene Bilderrahmen mit klassischem Look und dekorativen R\u00e4ndern verdient einen sch\u00f6nen Platz in Ihrem Wohnzimmer, Wohnbereich, K\u00fcche oder Schlafzimmer.<\/p>\n<p><strong>W\u00e4hlen Sie oben Ihre Gr\u00f6\u00dfe!<\/strong><\/p>\n<ul>\n<li>Fotoformat: 10x15cm &#8211; 13x18cm &#8211; 30x40cm<\/li>\n<li>Listengr\u00f6\u00dfe: 16.5x21cm &#8211; 20&#215;23.5cm &#8211; 37&#215;45.5cm<\/li>\n<li>Material: Polyresin, Glas, Veloursunterlage<\/li>\n<li>Farbe: Altsilber<\/li>\n<li>Auch zum Aufh\u00e4ngen<\/li>\n<li>Klassisches Modell<\/li>\n<li>Eigene Aktie<\/li>\n<\/ul>\n","protected":false},"excerpt":{"rendered":"<p>Hergestellt aus Polyresin, Glas und Velours<\/p>\n","protected":false},"featured_media":90739,"template":"","meta":{"_acf_changed":false,"_genesis_title":"","_genesis_description":""},"product_brand":[7505],"product_cat":[1433,509],"product_tag":[],"class_list":{"0":"post-141010","1":"product","2":"type-product","3":"status-publish","4":"has-post-thumbnail","6":"product_brand-sonstige","7":"product_cat-barocke-fotorahmen","8":"product_cat-wanddekoration","10":"first","11":"instock","12":"taxable","13":"shipping-taxable","14":"purchasable","15":"product-type-variable"},"acf":[],"meta_all":{"total_sales":"19","wcml_sync_hash":{"postmeta_fields":"30318b98bf95db4b3010dc6ccdddebba"},"attr_label_translations":[],"cor_restricted_countries":[]},"meta_all_flat":{"total_sales":"19","wcml_sync_hash.postmeta_fields":"30318b98bf95db4b3010dc6ccdddebba"},"yoast_head":"<!-- This site is optimized with the Yoast SEO Premium plugin v26.2 (Yoast SEO v27.2) - https:\/\/yoast.com\/product\/yoast-seo-premium-wordpress\/ -->\n<title>Fotorahmen Barock Klassische Rosen Silber in 10x15cm, 13x18cm oder 30x40cm<\/title>\n<meta name=\"description\" content=\"Klassischer Fotorahmen mit h\u00fcbschem Rosenrand in Gold oder Silber in den Fotoformaten 10x15cm, 13x18cm oder 30x40cm. Wundersch\u00f6n verarbeitet im barocken Stil.\" \/>\n<meta name=\"robots\" content=\"index, follow, max-snippet:-1, max-image-preview:large, max-video-preview:-1\" \/>\n<link rel=\"canonical\" href=\"https:\/\/www.eliassen.nl\/de\/fotorahmen-barock-klassische-rosen-silber-in-10x15cm-13x18cm-oder-30x40cm\/\" \/>\n<meta property=\"og:locale\" content=\"de_DE\" \/>\n<meta property=\"og:type\" content=\"article\" \/>\n<meta property=\"og:title\" content=\"Sonstige Fotorahmen Barock Klassische Rosen Silber in 10x15cm oder 13x18cm - Eliassen.nl\" \/>\n<meta property=\"og:description\" content=\"Klassischer Fotorahmen mit h\u00fcbschem Rosenrand in Gold oder Silber in den Fotoformaten 10x15cm, 13x18cm oder 30x40cm. Wundersch\u00f6n verarbeitet im barocken Stil.\" \/>\n<meta property=\"og:url\" content=\"https:\/\/www.eliassen.nl\/de\/fotorahmen-barock-klassische-rosen-silber-in-10x15cm-13x18cm-oder-30x40cm\/\" \/>\n<meta property=\"og:site_name\" content=\"Eliassen.nl\" \/>\n<meta property=\"article:publisher\" content=\"https:\/\/www.facebook.com\/TuincentrumEliassenAmmerzoden\" \/>\n<meta property=\"article:modified_time\" content=\"2026-02-23T08:21:51+00:00\" \/>\n<meta property=\"og:image\" content=\"https:\/\/www.eliassen.nl\/wp-content\/uploads\/2024\/01\/fotolijstbarokrozenzilverin3mateneliassennl.jpg\" \/>\n\t<meta property=\"og:image:width\" content=\"1536\" \/>\n\t<meta property=\"og:image:height\" content=\"2048\" \/>\n\t<meta property=\"og:image:type\" content=\"image\/jpeg\" \/>\n<meta name=\"twitter:card\" content=\"summary_large_image\" \/>\n<script type=\"application\/ld+json\" class=\"yoast-schema-graph\">{\"@context\":\"https:\/\/schema.org\",\"@graph\":[{\"@type\":\"WebPage\",\"@id\":\"https:\/\/www.eliassen.nl\/de\/fotorahmen-barock-klassische-rosen-silber-in-10x15cm-13x18cm-oder-30x40cm\/\",\"url\":\"https:\/\/www.eliassen.nl\/de\/fotorahmen-barock-klassische-rosen-silber-in-10x15cm-13x18cm-oder-30x40cm\/\",\"name\":\"Fotorahmen Barock Klassische Rosen Silber in 10x15cm, 13x18cm oder 30x40cm\",\"isPartOf\":{\"@id\":\"https:\/\/www.eliassen.nl\/de\/#website\"},\"primaryImageOfPage\":{\"@id\":\"https:\/\/www.eliassen.nl\/de\/fotorahmen-barock-klassische-rosen-silber-in-10x15cm-13x18cm-oder-30x40cm\/#primaryimage\"},\"image\":{\"@id\":\"https:\/\/www.eliassen.nl\/de\/fotorahmen-barock-klassische-rosen-silber-in-10x15cm-13x18cm-oder-30x40cm\/#primaryimage\"},\"thumbnailUrl\":\"https:\/\/www.eliassen.nl\/wp-content\/uploads\/2024\/01\/fotolijstbarokrozenzilverin3mateneliassennl.jpg\",\"datePublished\":\"2023-07-03T11:25:11+00:00\",\"dateModified\":\"2026-02-23T08:21:51+00:00\",\"description\":\"Klassischer Fotorahmen mit h\u00fcbschem Rosenrand in Gold oder Silber in den Fotoformaten 10x15cm, 13x18cm oder 30x40cm. Wundersch\u00f6n verarbeitet im barocken Stil.\",\"breadcrumb\":{\"@id\":\"https:\/\/www.eliassen.nl\/de\/fotorahmen-barock-klassische-rosen-silber-in-10x15cm-13x18cm-oder-30x40cm\/#breadcrumb\"},\"inLanguage\":\"de\",\"potentialAction\":[{\"@type\":\"ReadAction\",\"target\":[\"https:\/\/www.eliassen.nl\/de\/fotorahmen-barock-klassische-rosen-silber-in-10x15cm-13x18cm-oder-30x40cm\/\"]}]},{\"@type\":\"ImageObject\",\"inLanguage\":\"de\",\"@id\":\"https:\/\/www.eliassen.nl\/de\/fotorahmen-barock-klassische-rosen-silber-in-10x15cm-13x18cm-oder-30x40cm\/#primaryimage\",\"url\":\"https:\/\/www.eliassen.nl\/wp-content\/uploads\/2024\/01\/fotolijstbarokrozenzilverin3mateneliassennl.jpg\",\"contentUrl\":\"https:\/\/www.eliassen.nl\/wp-content\/uploads\/2024\/01\/fotolijstbarokrozenzilverin3mateneliassennl.jpg\",\"width\":1536,\"height\":2048,\"caption\":\"Fotorahmen Barocke Rosen Silber in 3 Gr\u00f6\u00dfen eliassen.nl\"},{\"@type\":\"BreadcrumbList\",\"@id\":\"https:\/\/www.eliassen.nl\/de\/fotorahmen-barock-klassische-rosen-silber-in-10x15cm-13x18cm-oder-30x40cm\/#breadcrumb\",\"itemListElement\":[{\"@type\":\"ListItem\",\"position\":1,\"name\":\"Home\",\"item\":\"https:\/\/www.eliassen.nl\/de\/\"},{\"@type\":\"ListItem\",\"position\":2,\"name\":\"Shop\",\"item\":\"https:\/\/www.eliassen.nl\/de\/shop\/\"},{\"@type\":\"ListItem\",\"position\":3,\"name\":\"Wanddekoration\",\"item\":\"https:\/\/www.eliassen.nl\/de\/wanddekoration\/\"},{\"@type\":\"ListItem\",\"position\":4,\"name\":\"Barocke Fotorahmen\",\"item\":\"https:\/\/www.eliassen.nl\/de\/wanddekoration\/barocke-fotorahmen\/\"},{\"@type\":\"ListItem\",\"position\":5,\"name\":\"Fotorahmen Barock Klassische Rosen Silber in 10x15cm oder 13x18cm\"}]},{\"@type\":\"WebSite\",\"@id\":\"https:\/\/www.eliassen.nl\/de\/#website\",\"url\":\"https:\/\/www.eliassen.nl\/de\/\",\"name\":\"Eliassen Home & Garden Pleasure\",\"description\":\"\",\"publisher\":{\"@id\":\"https:\/\/www.eliassen.nl\/de\/#organization\"},\"alternateName\":\"Eliassen.nl\",\"potentialAction\":[{\"@type\":\"SearchAction\",\"target\":{\"@type\":\"EntryPoint\",\"urlTemplate\":\"https:\/\/www.eliassen.nl\/de\/?s={search_term_string}\"},\"query-input\":{\"@type\":\"PropertyValueSpecification\",\"valueRequired\":true,\"valueName\":\"search_term_string\"}}],\"inLanguage\":\"de\"},{\"@type\":[\"Organization\",\"Place\"],\"@id\":\"https:\/\/www.eliassen.nl\/de\/#organization\",\"name\":\"Eliassen Home & Garden Pleasure\",\"url\":\"https:\/\/www.eliassen.nl\/de\/\",\"logo\":{\"@id\":\"https:\/\/www.eliassen.nl\/de\/fotorahmen-barock-klassische-rosen-silber-in-10x15cm-13x18cm-oder-30x40cm\/#local-main-organization-logo\"},\"image\":{\"@id\":\"https:\/\/www.eliassen.nl\/de\/fotorahmen-barock-klassische-rosen-silber-in-10x15cm-13x18cm-oder-30x40cm\/#local-main-organization-logo\"},\"sameAs\":[\"https:\/\/www.facebook.com\/TuincentrumEliassenAmmerzoden\",\"https:\/\/www.instagram.com\/eliassenhomeandgarden\/\",\"https:\/\/nl.pinterest.com\/eliassenhomeandgarden\/\",\"https:\/\/www.youtube.com\/@eliassenhomegardenpleasure4558\"],\"telephone\":[],\"openingHoursSpecification\":[{\"@type\":\"OpeningHoursSpecification\",\"dayOfWeek\":[\"Monday\",\"Tuesday\",\"Wednesday\",\"Thursday\",\"Friday\",\"Saturday\",\"Sunday\"],\"opens\":\"09:00\",\"closes\":\"17:00\"}]},{\"@type\":\"ImageObject\",\"inLanguage\":\"de\",\"@id\":\"https:\/\/www.eliassen.nl\/de\/fotorahmen-barock-klassische-rosen-silber-in-10x15cm-13x18cm-oder-30x40cm\/#local-main-organization-logo\",\"url\":\"https:\/\/www.eliassen.nl\/wp-content\/uploads\/2024\/01\/logo_4nd.jpg\",\"contentUrl\":\"https:\/\/www.eliassen.nl\/wp-content\/uploads\/2024\/01\/logo_4nd.jpg\",\"width\":500,\"height\":500,\"caption\":\"Eliassen Home & Garden Pleasure\"}]}<\/script>\n<meta property=\"og:availability\" content=\"instock\" \/>\n<meta property=\"product:availability\" content=\"instock\" \/>\n<meta property=\"product:retailer_item_id\" content=\"9465-1s\" \/>\n<meta property=\"product:condition\" content=\"new\" \/>\n<!-- \/ Yoast SEO Premium plugin. -->","yoast_head_json":{"title":"Fotorahmen Barock Klassische Rosen Silber in 10x15cm, 13x18cm oder 30x40cm","description":"Klassischer Fotorahmen mit h\u00fcbschem Rosenrand in Gold oder Silber in den Fotoformaten 10x15cm, 13x18cm oder 30x40cm. Wundersch\u00f6n verarbeitet im barocken Stil.","robots":{"index":"index","follow":"follow","max-snippet":"max-snippet:-1","max-image-preview":"max-image-preview:large","max-video-preview":"max-video-preview:-1"},"canonical":"https:\/\/www.eliassen.nl\/de\/fotorahmen-barock-klassische-rosen-silber-in-10x15cm-13x18cm-oder-30x40cm\/","og_locale":"de_DE","og_type":"article","og_title":"Sonstige Fotorahmen Barock Klassische Rosen Silber in 10x15cm oder 13x18cm - Eliassen.nl","og_description":"Klassischer Fotorahmen mit h\u00fcbschem Rosenrand in Gold oder Silber in den Fotoformaten 10x15cm, 13x18cm oder 30x40cm. Wundersch\u00f6n verarbeitet im barocken Stil.","og_url":"https:\/\/www.eliassen.nl\/de\/fotorahmen-barock-klassische-rosen-silber-in-10x15cm-13x18cm-oder-30x40cm\/","og_site_name":"Eliassen.nl","article_publisher":"https:\/\/www.facebook.com\/TuincentrumEliassenAmmerzoden","article_modified_time":"2026-02-23T08:21:51+00:00","og_image":[{"width":1536,"height":2048,"url":"https:\/\/www.eliassen.nl\/wp-content\/uploads\/2024\/01\/fotolijstbarokrozenzilverin3mateneliassennl.jpg","type":"image\/jpeg"}],"twitter_card":"summary_large_image","schema":{"@context":"https:\/\/schema.org","@graph":[{"@type":"WebPage","@id":"https:\/\/www.eliassen.nl\/de\/fotorahmen-barock-klassische-rosen-silber-in-10x15cm-13x18cm-oder-30x40cm\/","url":"https:\/\/www.eliassen.nl\/de\/fotorahmen-barock-klassische-rosen-silber-in-10x15cm-13x18cm-oder-30x40cm\/","name":"Fotorahmen Barock Klassische Rosen Silber in 10x15cm, 13x18cm oder 30x40cm","isPartOf":{"@id":"https:\/\/www.eliassen.nl\/de\/#website"},"primaryImageOfPage":{"@id":"https:\/\/www.eliassen.nl\/de\/fotorahmen-barock-klassische-rosen-silber-in-10x15cm-13x18cm-oder-30x40cm\/#primaryimage"},"image":{"@id":"https:\/\/www.eliassen.nl\/de\/fotorahmen-barock-klassische-rosen-silber-in-10x15cm-13x18cm-oder-30x40cm\/#primaryimage"},"thumbnailUrl":"https:\/\/www.eliassen.nl\/wp-content\/uploads\/2024\/01\/fotolijstbarokrozenzilverin3mateneliassennl.jpg","datePublished":"2023-07-03T11:25:11+00:00","dateModified":"2026-02-23T08:21:51+00:00","description":"Klassischer Fotorahmen mit h\u00fcbschem Rosenrand in Gold oder Silber in den Fotoformaten 10x15cm, 13x18cm oder 30x40cm. Wundersch\u00f6n verarbeitet im barocken Stil.","breadcrumb":{"@id":"https:\/\/www.eliassen.nl\/de\/fotorahmen-barock-klassische-rosen-silber-in-10x15cm-13x18cm-oder-30x40cm\/#breadcrumb"},"inLanguage":"de","potentialAction":[{"@type":"ReadAction","target":["https:\/\/www.eliassen.nl\/de\/fotorahmen-barock-klassische-rosen-silber-in-10x15cm-13x18cm-oder-30x40cm\/"]}]},{"@type":"ImageObject","inLanguage":"de","@id":"https:\/\/www.eliassen.nl\/de\/fotorahmen-barock-klassische-rosen-silber-in-10x15cm-13x18cm-oder-30x40cm\/#primaryimage","url":"https:\/\/www.eliassen.nl\/wp-content\/uploads\/2024\/01\/fotolijstbarokrozenzilverin3mateneliassennl.jpg","contentUrl":"https:\/\/www.eliassen.nl\/wp-content\/uploads\/2024\/01\/fotolijstbarokrozenzilverin3mateneliassennl.jpg","width":1536,"height":2048,"caption":"Fotorahmen Barocke Rosen Silber in 3 Gr\u00f6\u00dfen eliassen.nl"},{"@type":"BreadcrumbList","@id":"https:\/\/www.eliassen.nl\/de\/fotorahmen-barock-klassische-rosen-silber-in-10x15cm-13x18cm-oder-30x40cm\/#breadcrumb","itemListElement":[{"@type":"ListItem","position":1,"name":"Home","item":"https:\/\/www.eliassen.nl\/de\/"},{"@type":"ListItem","position":2,"name":"Shop","item":"https:\/\/www.eliassen.nl\/de\/shop\/"},{"@type":"ListItem","position":3,"name":"Wanddekoration","item":"https:\/\/www.eliassen.nl\/de\/wanddekoration\/"},{"@type":"ListItem","position":4,"name":"Barocke Fotorahmen","item":"https:\/\/www.eliassen.nl\/de\/wanddekoration\/barocke-fotorahmen\/"},{"@type":"ListItem","position":5,"name":"Fotorahmen Barock Klassische Rosen Silber in 10x15cm oder 13x18cm"}]},{"@type":"WebSite","@id":"https:\/\/www.eliassen.nl\/de\/#website","url":"https:\/\/www.eliassen.nl\/de\/","name":"Eliassen Home & Garden Pleasure","description":"","publisher":{"@id":"https:\/\/www.eliassen.nl\/de\/#organization"},"alternateName":"Eliassen.nl","potentialAction":[{"@type":"SearchAction","target":{"@type":"EntryPoint","urlTemplate":"https:\/\/www.eliassen.nl\/de\/?s={search_term_string}"},"query-input":{"@type":"PropertyValueSpecification","valueRequired":true,"valueName":"search_term_string"}}],"inLanguage":"de"},{"@type":["Organization","Place"],"@id":"https:\/\/www.eliassen.nl\/de\/#organization","name":"Eliassen Home & Garden Pleasure","url":"https:\/\/www.eliassen.nl\/de\/","logo":{"@id":"https:\/\/www.eliassen.nl\/de\/fotorahmen-barock-klassische-rosen-silber-in-10x15cm-13x18cm-oder-30x40cm\/#local-main-organization-logo"},"image":{"@id":"https:\/\/www.eliassen.nl\/de\/fotorahmen-barock-klassische-rosen-silber-in-10x15cm-13x18cm-oder-30x40cm\/#local-main-organization-logo"},"sameAs":["https:\/\/www.facebook.com\/TuincentrumEliassenAmmerzoden","https:\/\/www.instagram.com\/eliassenhomeandgarden\/","https:\/\/nl.pinterest.com\/eliassenhomeandgarden\/","https:\/\/www.youtube.com\/@eliassenhomegardenpleasure4558"],"telephone":[],"openingHoursSpecification":[{"@type":"OpeningHoursSpecification","dayOfWeek":["Monday","Tuesday","Wednesday","Thursday","Friday","Saturday","Sunday"],"opens":"09:00","closes":"17:00"}]},{"@type":"ImageObject","inLanguage":"de","@id":"https:\/\/www.eliassen.nl\/de\/fotorahmen-barock-klassische-rosen-silber-in-10x15cm-13x18cm-oder-30x40cm\/#local-main-organization-logo","url":"https:\/\/www.eliassen.nl\/wp-content\/uploads\/2024\/01\/logo_4nd.jpg","contentUrl":"https:\/\/www.eliassen.nl\/wp-content\/uploads\/2024\/01\/logo_4nd.jpg","width":500,"height":500,"caption":"Eliassen Home & Garden Pleasure"}]},"og_availability":"instock","product_availability":"instock","product_retailer_item_id":"9465-1s","product_condition":"new"},"df_price":7.5,"df_sale_price":"","df_regular_price":7.5,"df_image_link":"https:\/\/www.eliassen.nl\/wp-content\/uploads\/2024\/01\/fotolijstbarokrozenzilverin3mateneliassennl.jpg","image":"https:\/\/www.eliassen.nl\/wp-content\/uploads\/2024\/01\/fotolijstbarokrozenzilverin3mateneliassennl.jpg","price_search":"<span class=\"woocommerce-Price-amount amount\"><bdi><span class=\"woocommerce-Price-currencySymbol\">&euro;<\/span>&nbsp;7,50<\/bdi><\/span>","category":"Barocke Fotorahmen","global_unique_id":"6096516294242","_links":{"self":[{"href":"https:\/\/www.eliassen.nl\/de\/wp-json\/wp\/v2\/product\/141010","targetHints":{"allow":["GET"]}}],"collection":[{"href":"https:\/\/www.eliassen.nl\/de\/wp-json\/wp\/v2\/product"}],"about":[{"href":"https:\/\/www.eliassen.nl\/de\/wp-json\/wp\/v2\/types\/product"}],"wp:featuredmedia":[{"embeddable":true,"href":"https:\/\/www.eliassen.nl\/de\/wp-json\/wp\/v2\/media\/90739"}],"wp:attachment":[{"href":"https:\/\/www.eliassen.nl\/de\/wp-json\/wp\/v2\/media?parent=141010"}],"wp:term":[{"taxonomy":"product_brand","embeddable":true,"href":"https:\/\/www.eliassen.nl\/de\/wp-json\/wp\/v2\/product_brand?post=141010"},{"taxonomy":"product_cat","embeddable":true,"href":"https:\/\/www.eliassen.nl\/de\/wp-json\/wp\/v2\/product_cat?post=141010"},{"taxonomy":"product_tag","embeddable":true,"href":"https:\/\/www.eliassen.nl\/de\/wp-json\/wp\/v2\/product_tag?post=141010"}],"curies":[{"name":"wp","href":"https:\/\/api.w.org\/{rel}","templated":true}]}}