{"id":140956,"date":"2023-07-03T11:04:35","date_gmt":"2023-07-03T11:04:35","guid":{"rendered":"https:\/\/www.eliassen.nl\/?product=fotolijst-barok-krullen-zilver"},"modified":"2026-02-23T09:21:52","modified_gmt":"2026-02-23T08:21:52","slug":"fotorahmen-barock-locken-silber-in-verschiedenen-grossen","status":"publish","type":"product","link":"https:\/\/www.eliassen.nl\/de\/fotorahmen-barock-locken-silber-in-verschiedenen-grossen\/","title":{"rendered":"Fotorahmen Barocke Locken Silber in verschiedenen Gr\u00f6\u00dfen"},"content":{"rendered":"<p>16x20cm &#8211; 18.5x22cm<\/p>\n<p>Ein Bild Ihrer Liebsten oder Ihrer Liebsten auf einem Schrank. Jeder kennt es, aber mit einem sch\u00f6nen Rahmen drum herum.<\/p>\n<p>Wir haben eine sch\u00f6ne Kollektion klassischer, barock gestalteter Bilderrahmen in verschiedenen Bildgr\u00f6\u00dfen. Jedes Exemplar ist sorgf\u00e4ltig verarbeitet, mit Glas ausgestattet und hat eine sauber verarbeitete R\u00fcckseite. Dieser Bilderrahmen hat auch einen Haken, um ihn an die Wand zu h\u00e4ngen.<\/p>\n<p>Geben Sie Ihrem sch\u00f6nen Foto den Rahmen, den es verdient. Dieser altsilberfarbene Bilderrahmen mit klassischem Look und dekorativen R\u00e4ndern verdient einen sch\u00f6nen Platz in Ihrem Wohnzimmer, Wohnbereich, K\u00fcche oder Schlafzimmer.<\/p>\n<p><strong>W\u00e4hlen Sie oben Ihre Gr\u00f6\u00dfe!<\/strong><\/p>\n<ul>\n<li>Fotoformat: 10x15cm &#8211; 13x18cm &#8211; 30x40cm<\/li>\n<li>Listengr\u00f6\u00dfe: 16x20cm &#8211; 18.5x22cm &#8211; 35.5x45cm<\/li>\n<li>Material: Polyresin, Glas, Veloursunterlage<\/li>\n<li>Farbe: Altsilber<\/li>\n<li>Auch zum Aufh\u00e4ngen<\/li>\n<li>Klassisches Modell<\/li>\n<li>Eigene Aktie<\/li>\n<\/ul>\n","protected":false},"excerpt":{"rendered":"<p>Hergestellt aus Polyresin, Glas und Velours<\/p>\n","protected":false},"featured_media":90586,"template":"","meta":{"_acf_changed":false,"_genesis_title":"","_genesis_description":""},"product_brand":[7505],"product_cat":[1433,509],"product_tag":[],"class_list":{"0":"post-140956","1":"product","2":"type-product","3":"status-publish","4":"has-post-thumbnail","6":"product_brand-sonstige","7":"product_cat-barocke-fotorahmen","8":"product_cat-wanddekoration","10":"first","11":"instock","12":"taxable","13":"shipping-taxable","14":"purchasable","15":"product-type-variable"},"acf":[],"meta_all":{"total_sales":"13","wcml_sync_hash":{"postmeta_fields":"9b97b1486f4092da4d59f674d7bdf325"},"attr_label_translations":[],"cor_restricted_countries":[]},"meta_all_flat":{"total_sales":"13","wcml_sync_hash.postmeta_fields":"9b97b1486f4092da4d59f674d7bdf325"},"yoast_head":"<!-- This site is optimized with the Yoast SEO Premium plugin v26.2 (Yoast SEO v27.2) - https:\/\/yoast.com\/product\/yoast-seo-premium-wordpress\/ -->\n<title>Fotorahmen Barocke Locken Silber in verschiedenen Gr\u00f6\u00dfen<\/title>\n<meta name=\"description\" content=\"Barocke Fotorahmen in altsilberner Farbe. Erh\u00e4ltlich in den Fotoformaten 10x15cm, 13x18cm oder 30x40cm. Klassische Bilderrahmen im Barockstil mit Schn\u00f6rkeln bei Eliassen.\" \/>\n<meta name=\"robots\" content=\"index, follow, max-snippet:-1, max-image-preview:large, max-video-preview:-1\" \/>\n<link rel=\"canonical\" href=\"https:\/\/www.eliassen.nl\/de\/fotorahmen-barock-locken-silber-in-verschiedenen-grossen\/\" \/>\n<meta property=\"og:locale\" content=\"de_DE\" \/>\n<meta property=\"og:type\" content=\"article\" \/>\n<meta property=\"og:title\" content=\"Sonstige Fotorahmen Barocke Locken Silber in verschiedenen Gr\u00f6\u00dfen - Eliassen.nl\" \/>\n<meta property=\"og:description\" content=\"Barocke Fotorahmen in altsilberner Farbe. Erh\u00e4ltlich in den Fotoformaten 10x15cm, 13x18cm oder 30x40cm. Klassische Bilderrahmen im Barockstil mit Schn\u00f6rkeln bei Eliassen.\" \/>\n<meta property=\"og:url\" content=\"https:\/\/www.eliassen.nl\/de\/fotorahmen-barock-locken-silber-in-verschiedenen-grossen\/\" \/>\n<meta property=\"og:site_name\" content=\"Eliassen.nl\" \/>\n<meta property=\"article:publisher\" content=\"https:\/\/www.facebook.com\/TuincentrumEliassenAmmerzoden\" \/>\n<meta property=\"article:modified_time\" content=\"2026-02-23T08:21:52+00:00\" \/>\n<meta property=\"og:image\" content=\"https:\/\/www.eliassen.nl\/wp-content\/uploads\/2024\/01\/94631sfotolijstbarokkrullenzilvereliassennl.jpg\" \/>\n\t<meta property=\"og:image:width\" content=\"1536\" \/>\n\t<meta property=\"og:image:height\" content=\"2048\" \/>\n\t<meta property=\"og:image:type\" content=\"image\/jpeg\" \/>\n<meta name=\"twitter:card\" content=\"summary_large_image\" \/>\n<script type=\"application\/ld+json\" class=\"yoast-schema-graph\">{\"@context\":\"https:\/\/schema.org\",\"@graph\":[{\"@type\":\"WebPage\",\"@id\":\"https:\/\/www.eliassen.nl\/de\/fotorahmen-barock-locken-silber-in-verschiedenen-grossen\/\",\"url\":\"https:\/\/www.eliassen.nl\/de\/fotorahmen-barock-locken-silber-in-verschiedenen-grossen\/\",\"name\":\"Fotorahmen Barocke Locken Silber in verschiedenen Gr\u00f6\u00dfen\",\"isPartOf\":{\"@id\":\"https:\/\/www.eliassen.nl\/de\/#website\"},\"primaryImageOfPage\":{\"@id\":\"https:\/\/www.eliassen.nl\/de\/fotorahmen-barock-locken-silber-in-verschiedenen-grossen\/#primaryimage\"},\"image\":{\"@id\":\"https:\/\/www.eliassen.nl\/de\/fotorahmen-barock-locken-silber-in-verschiedenen-grossen\/#primaryimage\"},\"thumbnailUrl\":\"https:\/\/www.eliassen.nl\/wp-content\/uploads\/2024\/01\/94631sfotolijstbarokkrullenzilvereliassennl.jpg\",\"datePublished\":\"2023-07-03T11:04:35+00:00\",\"dateModified\":\"2026-02-23T08:21:52+00:00\",\"description\":\"Barocke Fotorahmen in altsilberner Farbe. Erh\u00e4ltlich in den Fotoformaten 10x15cm, 13x18cm oder 30x40cm. Klassische Bilderrahmen im Barockstil mit Schn\u00f6rkeln bei Eliassen.\",\"breadcrumb\":{\"@id\":\"https:\/\/www.eliassen.nl\/de\/fotorahmen-barock-locken-silber-in-verschiedenen-grossen\/#breadcrumb\"},\"inLanguage\":\"de\",\"potentialAction\":[{\"@type\":\"ReadAction\",\"target\":[\"https:\/\/www.eliassen.nl\/de\/fotorahmen-barock-locken-silber-in-verschiedenen-grossen\/\"]}]},{\"@type\":\"ImageObject\",\"inLanguage\":\"de\",\"@id\":\"https:\/\/www.eliassen.nl\/de\/fotorahmen-barock-locken-silber-in-verschiedenen-grossen\/#primaryimage\",\"url\":\"https:\/\/www.eliassen.nl\/wp-content\/uploads\/2024\/01\/94631sfotolijstbarokkrullenzilvereliassennl.jpg\",\"contentUrl\":\"https:\/\/www.eliassen.nl\/wp-content\/uploads\/2024\/01\/94631sfotolijstbarokkrullenzilvereliassennl.jpg\",\"width\":1536,\"height\":2048,\"caption\":\"9463-1S Fotorahmen Barocke Locken Silber eliassen.nl\"},{\"@type\":\"BreadcrumbList\",\"@id\":\"https:\/\/www.eliassen.nl\/de\/fotorahmen-barock-locken-silber-in-verschiedenen-grossen\/#breadcrumb\",\"itemListElement\":[{\"@type\":\"ListItem\",\"position\":1,\"name\":\"Home\",\"item\":\"https:\/\/www.eliassen.nl\/de\/\"},{\"@type\":\"ListItem\",\"position\":2,\"name\":\"Shop\",\"item\":\"https:\/\/www.eliassen.nl\/de\/shop\/\"},{\"@type\":\"ListItem\",\"position\":3,\"name\":\"Wanddekoration\",\"item\":\"https:\/\/www.eliassen.nl\/de\/wanddekoration\/\"},{\"@type\":\"ListItem\",\"position\":4,\"name\":\"Barocke Fotorahmen\",\"item\":\"https:\/\/www.eliassen.nl\/de\/wanddekoration\/barocke-fotorahmen\/\"},{\"@type\":\"ListItem\",\"position\":5,\"name\":\"Fotorahmen Barocke Locken Silber in verschiedenen Gr\u00f6\u00dfen\"}]},{\"@type\":\"WebSite\",\"@id\":\"https:\/\/www.eliassen.nl\/de\/#website\",\"url\":\"https:\/\/www.eliassen.nl\/de\/\",\"name\":\"Eliassen Home & Garden Pleasure\",\"description\":\"\",\"publisher\":{\"@id\":\"https:\/\/www.eliassen.nl\/de\/#organization\"},\"alternateName\":\"Eliassen.nl\",\"potentialAction\":[{\"@type\":\"SearchAction\",\"target\":{\"@type\":\"EntryPoint\",\"urlTemplate\":\"https:\/\/www.eliassen.nl\/de\/?s={search_term_string}\"},\"query-input\":{\"@type\":\"PropertyValueSpecification\",\"valueRequired\":true,\"valueName\":\"search_term_string\"}}],\"inLanguage\":\"de\"},{\"@type\":[\"Organization\",\"Place\"],\"@id\":\"https:\/\/www.eliassen.nl\/de\/#organization\",\"name\":\"Eliassen Home & Garden Pleasure\",\"url\":\"https:\/\/www.eliassen.nl\/de\/\",\"logo\":{\"@id\":\"https:\/\/www.eliassen.nl\/de\/fotorahmen-barock-locken-silber-in-verschiedenen-grossen\/#local-main-organization-logo\"},\"image\":{\"@id\":\"https:\/\/www.eliassen.nl\/de\/fotorahmen-barock-locken-silber-in-verschiedenen-grossen\/#local-main-organization-logo\"},\"sameAs\":[\"https:\/\/www.facebook.com\/TuincentrumEliassenAmmerzoden\",\"https:\/\/www.instagram.com\/eliassenhomeandgarden\/\",\"https:\/\/nl.pinterest.com\/eliassenhomeandgarden\/\",\"https:\/\/www.youtube.com\/@eliassenhomegardenpleasure4558\"],\"telephone\":[],\"openingHoursSpecification\":[{\"@type\":\"OpeningHoursSpecification\",\"dayOfWeek\":[\"Monday\",\"Tuesday\",\"Wednesday\",\"Thursday\",\"Friday\",\"Saturday\",\"Sunday\"],\"opens\":\"09:00\",\"closes\":\"17:00\"}]},{\"@type\":\"ImageObject\",\"inLanguage\":\"de\",\"@id\":\"https:\/\/www.eliassen.nl\/de\/fotorahmen-barock-locken-silber-in-verschiedenen-grossen\/#local-main-organization-logo\",\"url\":\"https:\/\/www.eliassen.nl\/wp-content\/uploads\/2024\/01\/logo_4nd.jpg\",\"contentUrl\":\"https:\/\/www.eliassen.nl\/wp-content\/uploads\/2024\/01\/logo_4nd.jpg\",\"width\":500,\"height\":500,\"caption\":\"Eliassen Home & Garden Pleasure\"}]}<\/script>\n<meta property=\"og:availability\" content=\"instock\" \/>\n<meta property=\"product:availability\" content=\"instock\" \/>\n<meta property=\"product:retailer_item_id\" content=\"9463-1s\" \/>\n<meta property=\"product:condition\" content=\"new\" \/>\n<!-- \/ Yoast SEO Premium plugin. -->","yoast_head_json":{"title":"Fotorahmen Barocke Locken Silber in verschiedenen Gr\u00f6\u00dfen","description":"Barocke Fotorahmen in altsilberner Farbe. Erh\u00e4ltlich in den Fotoformaten 10x15cm, 13x18cm oder 30x40cm. Klassische Bilderrahmen im Barockstil mit Schn\u00f6rkeln bei Eliassen.","robots":{"index":"index","follow":"follow","max-snippet":"max-snippet:-1","max-image-preview":"max-image-preview:large","max-video-preview":"max-video-preview:-1"},"canonical":"https:\/\/www.eliassen.nl\/de\/fotorahmen-barock-locken-silber-in-verschiedenen-grossen\/","og_locale":"de_DE","og_type":"article","og_title":"Sonstige Fotorahmen Barocke Locken Silber in verschiedenen Gr\u00f6\u00dfen - Eliassen.nl","og_description":"Barocke Fotorahmen in altsilberner Farbe. Erh\u00e4ltlich in den Fotoformaten 10x15cm, 13x18cm oder 30x40cm. Klassische Bilderrahmen im Barockstil mit Schn\u00f6rkeln bei Eliassen.","og_url":"https:\/\/www.eliassen.nl\/de\/fotorahmen-barock-locken-silber-in-verschiedenen-grossen\/","og_site_name":"Eliassen.nl","article_publisher":"https:\/\/www.facebook.com\/TuincentrumEliassenAmmerzoden","article_modified_time":"2026-02-23T08:21:52+00:00","og_image":[{"width":1536,"height":2048,"url":"https:\/\/www.eliassen.nl\/wp-content\/uploads\/2024\/01\/94631sfotolijstbarokkrullenzilvereliassennl.jpg","type":"image\/jpeg"}],"twitter_card":"summary_large_image","schema":{"@context":"https:\/\/schema.org","@graph":[{"@type":"WebPage","@id":"https:\/\/www.eliassen.nl\/de\/fotorahmen-barock-locken-silber-in-verschiedenen-grossen\/","url":"https:\/\/www.eliassen.nl\/de\/fotorahmen-barock-locken-silber-in-verschiedenen-grossen\/","name":"Fotorahmen Barocke Locken Silber in verschiedenen Gr\u00f6\u00dfen","isPartOf":{"@id":"https:\/\/www.eliassen.nl\/de\/#website"},"primaryImageOfPage":{"@id":"https:\/\/www.eliassen.nl\/de\/fotorahmen-barock-locken-silber-in-verschiedenen-grossen\/#primaryimage"},"image":{"@id":"https:\/\/www.eliassen.nl\/de\/fotorahmen-barock-locken-silber-in-verschiedenen-grossen\/#primaryimage"},"thumbnailUrl":"https:\/\/www.eliassen.nl\/wp-content\/uploads\/2024\/01\/94631sfotolijstbarokkrullenzilvereliassennl.jpg","datePublished":"2023-07-03T11:04:35+00:00","dateModified":"2026-02-23T08:21:52+00:00","description":"Barocke Fotorahmen in altsilberner Farbe. Erh\u00e4ltlich in den Fotoformaten 10x15cm, 13x18cm oder 30x40cm. Klassische Bilderrahmen im Barockstil mit Schn\u00f6rkeln bei Eliassen.","breadcrumb":{"@id":"https:\/\/www.eliassen.nl\/de\/fotorahmen-barock-locken-silber-in-verschiedenen-grossen\/#breadcrumb"},"inLanguage":"de","potentialAction":[{"@type":"ReadAction","target":["https:\/\/www.eliassen.nl\/de\/fotorahmen-barock-locken-silber-in-verschiedenen-grossen\/"]}]},{"@type":"ImageObject","inLanguage":"de","@id":"https:\/\/www.eliassen.nl\/de\/fotorahmen-barock-locken-silber-in-verschiedenen-grossen\/#primaryimage","url":"https:\/\/www.eliassen.nl\/wp-content\/uploads\/2024\/01\/94631sfotolijstbarokkrullenzilvereliassennl.jpg","contentUrl":"https:\/\/www.eliassen.nl\/wp-content\/uploads\/2024\/01\/94631sfotolijstbarokkrullenzilvereliassennl.jpg","width":1536,"height":2048,"caption":"9463-1S Fotorahmen Barocke Locken Silber eliassen.nl"},{"@type":"BreadcrumbList","@id":"https:\/\/www.eliassen.nl\/de\/fotorahmen-barock-locken-silber-in-verschiedenen-grossen\/#breadcrumb","itemListElement":[{"@type":"ListItem","position":1,"name":"Home","item":"https:\/\/www.eliassen.nl\/de\/"},{"@type":"ListItem","position":2,"name":"Shop","item":"https:\/\/www.eliassen.nl\/de\/shop\/"},{"@type":"ListItem","position":3,"name":"Wanddekoration","item":"https:\/\/www.eliassen.nl\/de\/wanddekoration\/"},{"@type":"ListItem","position":4,"name":"Barocke Fotorahmen","item":"https:\/\/www.eliassen.nl\/de\/wanddekoration\/barocke-fotorahmen\/"},{"@type":"ListItem","position":5,"name":"Fotorahmen Barocke Locken Silber in verschiedenen Gr\u00f6\u00dfen"}]},{"@type":"WebSite","@id":"https:\/\/www.eliassen.nl\/de\/#website","url":"https:\/\/www.eliassen.nl\/de\/","name":"Eliassen Home & Garden Pleasure","description":"","publisher":{"@id":"https:\/\/www.eliassen.nl\/de\/#organization"},"alternateName":"Eliassen.nl","potentialAction":[{"@type":"SearchAction","target":{"@type":"EntryPoint","urlTemplate":"https:\/\/www.eliassen.nl\/de\/?s={search_term_string}"},"query-input":{"@type":"PropertyValueSpecification","valueRequired":true,"valueName":"search_term_string"}}],"inLanguage":"de"},{"@type":["Organization","Place"],"@id":"https:\/\/www.eliassen.nl\/de\/#organization","name":"Eliassen Home & Garden Pleasure","url":"https:\/\/www.eliassen.nl\/de\/","logo":{"@id":"https:\/\/www.eliassen.nl\/de\/fotorahmen-barock-locken-silber-in-verschiedenen-grossen\/#local-main-organization-logo"},"image":{"@id":"https:\/\/www.eliassen.nl\/de\/fotorahmen-barock-locken-silber-in-verschiedenen-grossen\/#local-main-organization-logo"},"sameAs":["https:\/\/www.facebook.com\/TuincentrumEliassenAmmerzoden","https:\/\/www.instagram.com\/eliassenhomeandgarden\/","https:\/\/nl.pinterest.com\/eliassenhomeandgarden\/","https:\/\/www.youtube.com\/@eliassenhomegardenpleasure4558"],"telephone":[],"openingHoursSpecification":[{"@type":"OpeningHoursSpecification","dayOfWeek":["Monday","Tuesday","Wednesday","Thursday","Friday","Saturday","Sunday"],"opens":"09:00","closes":"17:00"}]},{"@type":"ImageObject","inLanguage":"de","@id":"https:\/\/www.eliassen.nl\/de\/fotorahmen-barock-locken-silber-in-verschiedenen-grossen\/#local-main-organization-logo","url":"https:\/\/www.eliassen.nl\/wp-content\/uploads\/2024\/01\/logo_4nd.jpg","contentUrl":"https:\/\/www.eliassen.nl\/wp-content\/uploads\/2024\/01\/logo_4nd.jpg","width":500,"height":500,"caption":"Eliassen Home & Garden Pleasure"}]},"og_availability":"instock","product_availability":"instock","product_retailer_item_id":"9463-1s","product_condition":"new"},"df_price":7.5,"df_sale_price":"","df_regular_price":7.5,"df_image_link":"https:\/\/www.eliassen.nl\/wp-content\/uploads\/2024\/01\/94631sfotolijstbarokkrullenzilvereliassennl.jpg","image":"https:\/\/www.eliassen.nl\/wp-content\/uploads\/2024\/01\/94631sfotolijstbarokkrullenzilvereliassennl.jpg","price_search":"<span class=\"woocommerce-Price-amount amount\"><bdi><span class=\"woocommerce-Price-currencySymbol\">&euro;<\/span>&nbsp;7,50<\/bdi><\/span>","category":"Barocke Fotorahmen","global_unique_id":"6096523719752","_links":{"self":[{"href":"https:\/\/www.eliassen.nl\/de\/wp-json\/wp\/v2\/product\/140956","targetHints":{"allow":["GET"]}}],"collection":[{"href":"https:\/\/www.eliassen.nl\/de\/wp-json\/wp\/v2\/product"}],"about":[{"href":"https:\/\/www.eliassen.nl\/de\/wp-json\/wp\/v2\/types\/product"}],"wp:featuredmedia":[{"embeddable":true,"href":"https:\/\/www.eliassen.nl\/de\/wp-json\/wp\/v2\/media\/90586"}],"wp:attachment":[{"href":"https:\/\/www.eliassen.nl\/de\/wp-json\/wp\/v2\/media?parent=140956"}],"wp:term":[{"taxonomy":"product_brand","embeddable":true,"href":"https:\/\/www.eliassen.nl\/de\/wp-json\/wp\/v2\/product_brand?post=140956"},{"taxonomy":"product_cat","embeddable":true,"href":"https:\/\/www.eliassen.nl\/de\/wp-json\/wp\/v2\/product_cat?post=140956"},{"taxonomy":"product_tag","embeddable":true,"href":"https:\/\/www.eliassen.nl\/de\/wp-json\/wp\/v2\/product_tag?post=140956"}],"curies":[{"name":"wp","href":"https:\/\/api.w.org\/{rel}","templated":true}]}}