{"id":140896,"date":"2023-03-09T10:13:30","date_gmt":"2023-03-09T10:13:30","guid":{"rendered":"https:\/\/www.eliassen.nl\/?product=fontein-klassiek-muurfontein-bologna-210cm"},"modified":"2026-02-23T09:22:00","modified_gmt":"2026-02-23T08:22:00","slug":"brunnen-classic-wandbrunnen-bologna-210cm","status":"publish","type":"product","link":"https:\/\/www.eliassen.nl\/de\/brunnen-classic-wandbrunnen-bologna-210cm\/","title":{"rendered":"Springbrunnen classic Wandbrunnen Bologna 210cm"},"content":{"rendered":"<p>Mit diesem Springbrunnen k\u00f6nnen Sie eine wunderbare warme Atmosph\u00e4re f\u00fcr Ihren Garten oder Ihr Gesch\u00e4ft schaffen, besonders wenn es dunkel ist. Ein Unterwasserscheinwerfer sorgt daf\u00fcr, dass der Wasserstrahl und die Wasserzufuhr sch\u00f6n beleuchtet werden. Dieses Brunnenmodell ist dem Originalmodell des alten Bauernhof- und Dorfbrunnens nachempfunden.<\/p>\n<p>Dieser Wandbrunnen besteht aus massivem, hochwertigem Beton mit einem sehr hohen Zementanteil, der allen Witterungsbedingungen jahrzehntelang problemlos standh\u00e4lt. Sie haben die M\u00f6glichkeit, diese Skulptur in 3 Farben zu bestellen, in sandfarben, antikfarben und rostfarben. Die Farben k\u00f6nnen in der Realit\u00e4t von dem Foto abweichen, da das Kolorieren Menschenwerk ist. Dieses Modell eines rechteckigen Springbrunnens wird jahrzehntelang der richtige Stimmungsmacher in Ihrem Garten sein! Durch die Verwitterung wird sein Aussehen nach Jahren nur noch sch\u00f6ner, wie bei einem echten Sandstein- oder Blausteinbrunnen. Die angegebenen Preise verstehen sich exklusive Pumpe, Spot, Folie und Transport.<\/p>\n<p>Schauen Sie doch einmal vorbei, um die Farben dieser Skulpturen zu bewundern und um zu sehen, wie &#8222;bildsch\u00f6n&#8220; diese Serie ist. Wir haben eine ansehnliche Sammlung davon auf unserem Ausstellungsgel\u00e4nde.<\/p>\n<p><strong>W\u00e4hlen Sie oben die gew\u00fcnschte Farbe<\/strong><\/p>\n<ul>\n<li>Gr\u00f6\u00dfe: 210x140x155 cm hoch<\/li>\n<li>Farbe: sand, antik oder rost<\/li>\n<li>Gesch\u00e4tztes Gewicht: &gt; 650 kg<\/li>\n<li>Hochwertiger Kunststein<\/li>\n<li>Durchschnittliche Lieferzeit: 6 Wochen<\/li>\n<li>Vorsorge gegen Frostsch\u00e4den treffen<\/li>\n<li>Ohne Pumpe und Scheinwerfer<\/li>\n<\/ul>\n","protected":false},"excerpt":{"rendered":"<p>Es handelt sich um einen losen Brunnen. Erkundigen Sie sich nach den anderen ben\u00f6tigten Teilen.<\/p>\n","protected":false},"featured_media":87904,"template":"","meta":{"_acf_changed":false,"_genesis_title":"","_genesis_description":""},"product_brand":[7505],"product_cat":[584,572,536],"product_tag":[],"class_list":{"0":"post-140896","1":"product","2":"type-product","3":"status-publish","4":"has-post-thumbnail","6":"product_brand-sonstige","7":"product_cat-brunnen-aus-beton","8":"product_cat-wandbrunnen","9":"product_cat-wassereigenschaften","11":"first","12":"onbackorder","13":"taxable","14":"shipping-taxable","15":"purchasable","16":"product-type-variable"},"acf":[],"meta_all":{"total_sales":"0","wcml_sync_hash":{"postmeta_fields":"b09d2b27d703ca8c155d815830df1565"},"attr_label_translations":[]},"meta_all_flat":{"total_sales":"0","wcml_sync_hash.postmeta_fields":"b09d2b27d703ca8c155d815830df1565"},"yoast_head":"<!-- This site is optimized with the Yoast SEO Premium plugin v26.2 (Yoast SEO v27.2) - https:\/\/yoast.com\/product\/yoast-seo-premium-wordpress\/ -->\n<title>Springbrunnen classic Wandbrunnen Bologna 210cm<\/title>\n<meta name=\"description\" content=\"Klassische Wandbrunnen ? Schauen Sie sich alle in unserem Shop an oder kommen Sie einfach vorbei und sehen Sie sie live!!!\" \/>\n<meta name=\"robots\" content=\"index, follow, max-snippet:-1, max-image-preview:large, max-video-preview:-1\" \/>\n<link rel=\"canonical\" href=\"https:\/\/www.eliassen.nl\/de\/brunnen-classic-wandbrunnen-bologna-210cm\/\" \/>\n<meta property=\"og:locale\" content=\"de_DE\" \/>\n<meta property=\"og:type\" content=\"article\" \/>\n<meta property=\"og:title\" content=\"Sonstige Springbrunnen classic Wandbrunnen Bologna 210cm - Eliassen.nl\" \/>\n<meta property=\"og:description\" content=\"Klassische Wandbrunnen ? Schauen Sie sich alle in unserem Shop an oder kommen Sie einfach vorbei und sehen Sie sie live!!!\" \/>\n<meta property=\"og:url\" content=\"https:\/\/www.eliassen.nl\/de\/brunnen-classic-wandbrunnen-bologna-210cm\/\" \/>\n<meta property=\"og:site_name\" content=\"Eliassen.nl\" \/>\n<meta property=\"article:publisher\" content=\"https:\/\/www.facebook.com\/TuincentrumEliassenAmmerzoden\" \/>\n<meta property=\"article:modified_time\" content=\"2026-02-23T08:22:00+00:00\" \/>\n<meta property=\"og:image\" content=\"https:\/\/www.eliassen.nl\/wp-content\/uploads\/2024\/01\/fonteinklassiekmuurfonteinbologna210cmelias.jpg\" \/>\n\t<meta property=\"og:image:width\" content=\"800\" \/>\n\t<meta property=\"og:image:height\" content=\"621\" \/>\n\t<meta property=\"og:image:type\" content=\"image\/jpeg\" \/>\n<meta name=\"twitter:card\" content=\"summary_large_image\" \/>\n<script type=\"application\/ld+json\" class=\"yoast-schema-graph\">{\"@context\":\"https:\/\/schema.org\",\"@graph\":[{\"@type\":\"WebPage\",\"@id\":\"https:\/\/www.eliassen.nl\/de\/brunnen-classic-wandbrunnen-bologna-210cm\/\",\"url\":\"https:\/\/www.eliassen.nl\/de\/brunnen-classic-wandbrunnen-bologna-210cm\/\",\"name\":\"Springbrunnen classic Wandbrunnen Bologna 210cm\",\"isPartOf\":{\"@id\":\"https:\/\/www.eliassen.nl\/de\/#website\"},\"primaryImageOfPage\":{\"@id\":\"https:\/\/www.eliassen.nl\/de\/brunnen-classic-wandbrunnen-bologna-210cm\/#primaryimage\"},\"image\":{\"@id\":\"https:\/\/www.eliassen.nl\/de\/brunnen-classic-wandbrunnen-bologna-210cm\/#primaryimage\"},\"thumbnailUrl\":\"https:\/\/www.eliassen.nl\/wp-content\/uploads\/2024\/01\/fonteinklassiekmuurfonteinbologna210cmelias.jpg\",\"datePublished\":\"2023-03-09T10:13:30+00:00\",\"dateModified\":\"2026-02-23T08:22:00+00:00\",\"description\":\"Klassische Wandbrunnen ? Schauen Sie sich alle in unserem Shop an oder kommen Sie einfach vorbei und sehen Sie sie live!!!\",\"breadcrumb\":{\"@id\":\"https:\/\/www.eliassen.nl\/de\/brunnen-classic-wandbrunnen-bologna-210cm\/#breadcrumb\"},\"inLanguage\":\"de\",\"potentialAction\":[{\"@type\":\"ReadAction\",\"target\":[\"https:\/\/www.eliassen.nl\/de\/brunnen-classic-wandbrunnen-bologna-210cm\/\"]}]},{\"@type\":\"ImageObject\",\"inLanguage\":\"de\",\"@id\":\"https:\/\/www.eliassen.nl\/de\/brunnen-classic-wandbrunnen-bologna-210cm\/#primaryimage\",\"url\":\"https:\/\/www.eliassen.nl\/wp-content\/uploads\/2024\/01\/fonteinklassiekmuurfonteinbologna210cmelias.jpg\",\"contentUrl\":\"https:\/\/www.eliassen.nl\/wp-content\/uploads\/2024\/01\/fonteinklassiekmuurfonteinbologna210cmelias.jpg\",\"width\":800,\"height\":621,\"caption\":\"Springbrunnen classic Wandbrunnen Bologna 210cm - eliassen.nl\"},{\"@type\":\"BreadcrumbList\",\"@id\":\"https:\/\/www.eliassen.nl\/de\/brunnen-classic-wandbrunnen-bologna-210cm\/#breadcrumb\",\"itemListElement\":[{\"@type\":\"ListItem\",\"position\":1,\"name\":\"Home\",\"item\":\"https:\/\/www.eliassen.nl\/de\/\"},{\"@type\":\"ListItem\",\"position\":2,\"name\":\"Shop\",\"item\":\"https:\/\/www.eliassen.nl\/de\/shop\/\"},{\"@type\":\"ListItem\",\"position\":3,\"name\":\"Wasserspiele\",\"item\":\"https:\/\/www.eliassen.nl\/de\/wassereigenschaften\/\"},{\"@type\":\"ListItem\",\"position\":4,\"name\":\"Brunnen aus Beton\",\"item\":\"https:\/\/www.eliassen.nl\/de\/wassereigenschaften\/brunnen-aus-beton\/\"},{\"@type\":\"ListItem\",\"position\":5,\"name\":\"Springbrunnen classic Wandbrunnen Bologna 210cm\"}]},{\"@type\":\"WebSite\",\"@id\":\"https:\/\/www.eliassen.nl\/de\/#website\",\"url\":\"https:\/\/www.eliassen.nl\/de\/\",\"name\":\"Eliassen Home & Garden Pleasure\",\"description\":\"\",\"publisher\":{\"@id\":\"https:\/\/www.eliassen.nl\/de\/#organization\"},\"alternateName\":\"Eliassen.nl\",\"potentialAction\":[{\"@type\":\"SearchAction\",\"target\":{\"@type\":\"EntryPoint\",\"urlTemplate\":\"https:\/\/www.eliassen.nl\/de\/?s={search_term_string}\"},\"query-input\":{\"@type\":\"PropertyValueSpecification\",\"valueRequired\":true,\"valueName\":\"search_term_string\"}}],\"inLanguage\":\"de\"},{\"@type\":[\"Organization\",\"Place\"],\"@id\":\"https:\/\/www.eliassen.nl\/de\/#organization\",\"name\":\"Eliassen Home & Garden Pleasure\",\"url\":\"https:\/\/www.eliassen.nl\/de\/\",\"logo\":{\"@id\":\"https:\/\/www.eliassen.nl\/de\/brunnen-classic-wandbrunnen-bologna-210cm\/#local-main-organization-logo\"},\"image\":{\"@id\":\"https:\/\/www.eliassen.nl\/de\/brunnen-classic-wandbrunnen-bologna-210cm\/#local-main-organization-logo\"},\"sameAs\":[\"https:\/\/www.facebook.com\/TuincentrumEliassenAmmerzoden\",\"https:\/\/www.instagram.com\/eliassenhomeandgarden\/\",\"https:\/\/nl.pinterest.com\/eliassenhomeandgarden\/\",\"https:\/\/www.youtube.com\/@eliassenhomegardenpleasure4558\"],\"telephone\":[],\"openingHoursSpecification\":[{\"@type\":\"OpeningHoursSpecification\",\"dayOfWeek\":[\"Monday\",\"Tuesday\",\"Wednesday\",\"Thursday\",\"Friday\",\"Saturday\",\"Sunday\"],\"opens\":\"09:00\",\"closes\":\"17:00\"}]},{\"@type\":\"ImageObject\",\"inLanguage\":\"de\",\"@id\":\"https:\/\/www.eliassen.nl\/de\/brunnen-classic-wandbrunnen-bologna-210cm\/#local-main-organization-logo\",\"url\":\"https:\/\/www.eliassen.nl\/wp-content\/uploads\/2024\/01\/logo_4nd.jpg\",\"contentUrl\":\"https:\/\/www.eliassen.nl\/wp-content\/uploads\/2024\/01\/logo_4nd.jpg\",\"width\":500,\"height\":500,\"caption\":\"Eliassen Home & Garden Pleasure\"}]}<\/script>\n<meta property=\"og:availability\" content=\"backorder\" \/>\n<meta property=\"product:availability\" content=\"available for order\" \/>\n<meta property=\"product:retailer_item_id\" content=\"1833 roest\" \/>\n<meta property=\"product:condition\" content=\"new\" \/>\n<!-- \/ Yoast SEO Premium plugin. -->","yoast_head_json":{"title":"Springbrunnen classic Wandbrunnen Bologna 210cm","description":"Klassische Wandbrunnen ? Schauen Sie sich alle in unserem Shop an oder kommen Sie einfach vorbei und sehen Sie sie live!!!","robots":{"index":"index","follow":"follow","max-snippet":"max-snippet:-1","max-image-preview":"max-image-preview:large","max-video-preview":"max-video-preview:-1"},"canonical":"https:\/\/www.eliassen.nl\/de\/brunnen-classic-wandbrunnen-bologna-210cm\/","og_locale":"de_DE","og_type":"article","og_title":"Sonstige Springbrunnen classic Wandbrunnen Bologna 210cm - Eliassen.nl","og_description":"Klassische Wandbrunnen ? Schauen Sie sich alle in unserem Shop an oder kommen Sie einfach vorbei und sehen Sie sie live!!!","og_url":"https:\/\/www.eliassen.nl\/de\/brunnen-classic-wandbrunnen-bologna-210cm\/","og_site_name":"Eliassen.nl","article_publisher":"https:\/\/www.facebook.com\/TuincentrumEliassenAmmerzoden","article_modified_time":"2026-02-23T08:22:00+00:00","og_image":[{"width":800,"height":621,"url":"https:\/\/www.eliassen.nl\/wp-content\/uploads\/2024\/01\/fonteinklassiekmuurfonteinbologna210cmelias.jpg","type":"image\/jpeg"}],"twitter_card":"summary_large_image","schema":{"@context":"https:\/\/schema.org","@graph":[{"@type":"WebPage","@id":"https:\/\/www.eliassen.nl\/de\/brunnen-classic-wandbrunnen-bologna-210cm\/","url":"https:\/\/www.eliassen.nl\/de\/brunnen-classic-wandbrunnen-bologna-210cm\/","name":"Springbrunnen classic Wandbrunnen Bologna 210cm","isPartOf":{"@id":"https:\/\/www.eliassen.nl\/de\/#website"},"primaryImageOfPage":{"@id":"https:\/\/www.eliassen.nl\/de\/brunnen-classic-wandbrunnen-bologna-210cm\/#primaryimage"},"image":{"@id":"https:\/\/www.eliassen.nl\/de\/brunnen-classic-wandbrunnen-bologna-210cm\/#primaryimage"},"thumbnailUrl":"https:\/\/www.eliassen.nl\/wp-content\/uploads\/2024\/01\/fonteinklassiekmuurfonteinbologna210cmelias.jpg","datePublished":"2023-03-09T10:13:30+00:00","dateModified":"2026-02-23T08:22:00+00:00","description":"Klassische Wandbrunnen ? Schauen Sie sich alle in unserem Shop an oder kommen Sie einfach vorbei und sehen Sie sie live!!!","breadcrumb":{"@id":"https:\/\/www.eliassen.nl\/de\/brunnen-classic-wandbrunnen-bologna-210cm\/#breadcrumb"},"inLanguage":"de","potentialAction":[{"@type":"ReadAction","target":["https:\/\/www.eliassen.nl\/de\/brunnen-classic-wandbrunnen-bologna-210cm\/"]}]},{"@type":"ImageObject","inLanguage":"de","@id":"https:\/\/www.eliassen.nl\/de\/brunnen-classic-wandbrunnen-bologna-210cm\/#primaryimage","url":"https:\/\/www.eliassen.nl\/wp-content\/uploads\/2024\/01\/fonteinklassiekmuurfonteinbologna210cmelias.jpg","contentUrl":"https:\/\/www.eliassen.nl\/wp-content\/uploads\/2024\/01\/fonteinklassiekmuurfonteinbologna210cmelias.jpg","width":800,"height":621,"caption":"Springbrunnen classic Wandbrunnen Bologna 210cm - eliassen.nl"},{"@type":"BreadcrumbList","@id":"https:\/\/www.eliassen.nl\/de\/brunnen-classic-wandbrunnen-bologna-210cm\/#breadcrumb","itemListElement":[{"@type":"ListItem","position":1,"name":"Home","item":"https:\/\/www.eliassen.nl\/de\/"},{"@type":"ListItem","position":2,"name":"Shop","item":"https:\/\/www.eliassen.nl\/de\/shop\/"},{"@type":"ListItem","position":3,"name":"Wasserspiele","item":"https:\/\/www.eliassen.nl\/de\/wassereigenschaften\/"},{"@type":"ListItem","position":4,"name":"Brunnen aus Beton","item":"https:\/\/www.eliassen.nl\/de\/wassereigenschaften\/brunnen-aus-beton\/"},{"@type":"ListItem","position":5,"name":"Springbrunnen classic Wandbrunnen Bologna 210cm"}]},{"@type":"WebSite","@id":"https:\/\/www.eliassen.nl\/de\/#website","url":"https:\/\/www.eliassen.nl\/de\/","name":"Eliassen Home & Garden Pleasure","description":"","publisher":{"@id":"https:\/\/www.eliassen.nl\/de\/#organization"},"alternateName":"Eliassen.nl","potentialAction":[{"@type":"SearchAction","target":{"@type":"EntryPoint","urlTemplate":"https:\/\/www.eliassen.nl\/de\/?s={search_term_string}"},"query-input":{"@type":"PropertyValueSpecification","valueRequired":true,"valueName":"search_term_string"}}],"inLanguage":"de"},{"@type":["Organization","Place"],"@id":"https:\/\/www.eliassen.nl\/de\/#organization","name":"Eliassen Home & Garden Pleasure","url":"https:\/\/www.eliassen.nl\/de\/","logo":{"@id":"https:\/\/www.eliassen.nl\/de\/brunnen-classic-wandbrunnen-bologna-210cm\/#local-main-organization-logo"},"image":{"@id":"https:\/\/www.eliassen.nl\/de\/brunnen-classic-wandbrunnen-bologna-210cm\/#local-main-organization-logo"},"sameAs":["https:\/\/www.facebook.com\/TuincentrumEliassenAmmerzoden","https:\/\/www.instagram.com\/eliassenhomeandgarden\/","https:\/\/nl.pinterest.com\/eliassenhomeandgarden\/","https:\/\/www.youtube.com\/@eliassenhomegardenpleasure4558"],"telephone":[],"openingHoursSpecification":[{"@type":"OpeningHoursSpecification","dayOfWeek":["Monday","Tuesday","Wednesday","Thursday","Friday","Saturday","Sunday"],"opens":"09:00","closes":"17:00"}]},{"@type":"ImageObject","inLanguage":"de","@id":"https:\/\/www.eliassen.nl\/de\/brunnen-classic-wandbrunnen-bologna-210cm\/#local-main-organization-logo","url":"https:\/\/www.eliassen.nl\/wp-content\/uploads\/2024\/01\/logo_4nd.jpg","contentUrl":"https:\/\/www.eliassen.nl\/wp-content\/uploads\/2024\/01\/logo_4nd.jpg","width":500,"height":500,"caption":"Eliassen Home & Garden Pleasure"}]},"og_availability":"backorder","product_availability":"available for order","product_retailer_item_id":"1833 roest","product_condition":"new"},"df_price":2100,"df_sale_price":"","df_regular_price":2100,"df_image_link":"https:\/\/www.eliassen.nl\/wp-content\/uploads\/2024\/01\/fonteinklassiekmuurfonteinbologna210cmelias.jpg","image":"https:\/\/www.eliassen.nl\/wp-content\/uploads\/2024\/01\/fonteinklassiekmuurfonteinbologna210cmelias.jpg","price_search":"<span class=\"woocommerce-Price-amount amount\"><bdi><span class=\"woocommerce-Price-currencySymbol\">&euro;<\/span>&nbsp;2.100,00<\/bdi><\/span>","category":"Brunnen aus Beton","global_unique_id":"6096533826853","_links":{"self":[{"href":"https:\/\/www.eliassen.nl\/de\/wp-json\/wp\/v2\/product\/140896","targetHints":{"allow":["GET"]}}],"collection":[{"href":"https:\/\/www.eliassen.nl\/de\/wp-json\/wp\/v2\/product"}],"about":[{"href":"https:\/\/www.eliassen.nl\/de\/wp-json\/wp\/v2\/types\/product"}],"wp:featuredmedia":[{"embeddable":true,"href":"https:\/\/www.eliassen.nl\/de\/wp-json\/wp\/v2\/media\/87904"}],"wp:attachment":[{"href":"https:\/\/www.eliassen.nl\/de\/wp-json\/wp\/v2\/media?parent=140896"}],"wp:term":[{"taxonomy":"product_brand","embeddable":true,"href":"https:\/\/www.eliassen.nl\/de\/wp-json\/wp\/v2\/product_brand?post=140896"},{"taxonomy":"product_cat","embeddable":true,"href":"https:\/\/www.eliassen.nl\/de\/wp-json\/wp\/v2\/product_cat?post=140896"},{"taxonomy":"product_tag","embeddable":true,"href":"https:\/\/www.eliassen.nl\/de\/wp-json\/wp\/v2\/product_tag?post=140896"}],"curies":[{"name":"wp","href":"https:\/\/api.w.org\/{rel}","templated":true}]}}