{"id":140848,"date":"2023-03-09T10:00:23","date_gmt":"2023-03-09T10:00:23","guid":{"rendered":"https:\/\/www.eliassen.nl\/?product=fontein-klassiek-milaan-met-8-kanten-195cm"},"modified":"2026-02-23T09:22:18","modified_gmt":"2026-02-23T08:22:18","slug":"brunnen-classic-milan-mit-8-seiten-195cm","status":"publish","type":"product","link":"https:\/\/www.eliassen.nl\/de\/brunnen-classic-milan-mit-8-seiten-195cm\/","title":{"rendered":"Springbrunnen klassisch Mailand mit 8 Seiten 195cm"},"content":{"rendered":"<p>Mit diesem achteckigen Dorfbrunnen k\u00f6nnen Sie in Ihrem Garten oder in Ihrem Gesch\u00e4ft an zentraler Stelle eine wunderbare warme Atmosph\u00e4re schaffen, vor allem wenn es dunkel ist. Ein Unterwasserscheinwerfer sorgt daf\u00fcr, dass die Wasserstrahlen des L\u00f6wenkopfes und die Wasserzufuhr sch\u00f6n beleuchtet werden. Dieser Modellbrunnen wurde nach dem Originalmodell eines alten Bauernhof- und Dorfbrunnens hergestellt.<\/p>\n<p>Aus massivem, hochwertigem Beton mit einem sehr hohen Zementanteil gefertigt, kann dieser Brunnen problemlos jahrzehntelang allen Wetterbedingungen standhalten. Sie haben die M\u00f6glichkeit, diese Skulptur in 3 Farben zu bestellen, in sandfarben, antikfarben und rostfarben. Die Farben k\u00f6nnen in der Realit\u00e4t von dem Foto abweichen, da das Kolorieren Menschenwerk ist. Dieses Modell eines rechteckigen Springbrunnens wird jahrzehntelang der richtige Stimmungsmacher in Ihrem Garten sein! Durch die Verwitterung wird sein Aussehen nach Jahren nur noch sch\u00f6ner, wie bei einem echten Sandstein- oder Blausteinbrunnen. Die angegebenen Preise verstehen sich ohne Pumpe, Film, Spot und Transport.<\/p>\n<p>Schauen Sie doch einmal vorbei, um die Farben dieser Skulpturen zu bewundern und um zu sehen, wie &#8222;bildsch\u00f6n&#8220; diese Serie ist. Wir haben eine ansehnliche Sammlung davon auf unserem Ausstellungsgel\u00e4nde.<\/p>\n<p><strong>W\u00e4hlen Sie oben die gew\u00fcnschte Farbe<\/strong><\/p>\n<ul>\n<li>Gr\u00f6\u00dfe: 195cm Durchmesser 180cm hoch<\/li>\n<li>Farbe: sand, antik oder rost<\/li>\n<li>Gesch\u00e4tztes Gewicht: &gt; 1300 kg<\/li>\n<li>Hochwertiger Kunststein<\/li>\n<li>Durchschnittliche Lieferzeit: 6 Wochen<\/li>\n<li>Vorsorge gegen Frostsch\u00e4den treffen<\/li>\n<li>Ohne Pumpe, Folie und Scheinwerfer<\/li>\n<\/ul>\n","protected":false},"excerpt":{"rendered":"<p>Es handelt sich um einen losen Brunnen. Erkundigen Sie sich nach den anderen ben\u00f6tigten Teilen.<\/p>\n","protected":false},"featured_media":87814,"template":"","meta":{"_acf_changed":false,"_genesis_title":"","_genesis_description":""},"product_brand":[7505],"product_cat":[584,536],"product_tag":[],"class_list":{"0":"post-140848","1":"product","2":"type-product","3":"status-publish","4":"has-post-thumbnail","6":"product_brand-sonstige","7":"product_cat-brunnen-aus-beton","8":"product_cat-wassereigenschaften","10":"first","11":"onbackorder","12":"taxable","13":"shipping-taxable","14":"purchasable","15":"product-type-variable"},"acf":[],"meta_all":{"total_sales":"0","wcml_sync_hash":{"postmeta_fields":"1572a5faf0b331cbe3c33e07aa93102b"},"attr_label_translations":[]},"meta_all_flat":{"total_sales":"0","wcml_sync_hash.postmeta_fields":"1572a5faf0b331cbe3c33e07aa93102b"},"yoast_head":"<!-- This site is optimized with the Yoast SEO Premium plugin v26.2 (Yoast SEO v27.2) - https:\/\/yoast.com\/product\/yoast-seo-premium-wordpress\/ -->\n<title>Springbrunnen klassisch Mailand mit 8 Seiten 195cm<\/title>\n<meta name=\"description\" content=\"Klassische Dorfbrunnen ? Schauen Sie sich alle in unserem Shop an oder kommen Sie einfach vorbei und sehen Sie sie live!!!\" \/>\n<meta name=\"robots\" content=\"index, follow, max-snippet:-1, max-image-preview:large, max-video-preview:-1\" \/>\n<link rel=\"canonical\" href=\"https:\/\/www.eliassen.nl\/de\/brunnen-classic-milan-mit-8-seiten-195cm\/\" \/>\n<meta property=\"og:locale\" content=\"de_DE\" \/>\n<meta property=\"og:type\" content=\"article\" \/>\n<meta property=\"og:title\" content=\"Sonstige Springbrunnen klassisch Mailand mit 8 Seiten 195cm - Eliassen.nl\" \/>\n<meta property=\"og:description\" content=\"Klassische Dorfbrunnen ? Schauen Sie sich alle in unserem Shop an oder kommen Sie einfach vorbei und sehen Sie sie live!!!\" \/>\n<meta property=\"og:url\" content=\"https:\/\/www.eliassen.nl\/de\/brunnen-classic-milan-mit-8-seiten-195cm\/\" \/>\n<meta property=\"og:site_name\" content=\"Eliassen.nl\" \/>\n<meta property=\"article:publisher\" content=\"https:\/\/www.facebook.com\/TuincentrumEliassenAmmerzoden\" \/>\n<meta property=\"article:modified_time\" content=\"2026-02-23T08:22:18+00:00\" \/>\n<meta property=\"og:image\" content=\"https:\/\/www.eliassen.nl\/wp-content\/uploads\/2024\/01\/fonteinklassiekmilaanmet8kanten195cmelias.jpg\" \/>\n\t<meta property=\"og:image:width\" content=\"659\" \/>\n\t<meta property=\"og:image:height\" content=\"800\" \/>\n\t<meta property=\"og:image:type\" content=\"image\/jpeg\" \/>\n<meta name=\"twitter:card\" content=\"summary_large_image\" \/>\n<script type=\"application\/ld+json\" class=\"yoast-schema-graph\">{\"@context\":\"https:\/\/schema.org\",\"@graph\":[{\"@type\":\"WebPage\",\"@id\":\"https:\/\/www.eliassen.nl\/de\/brunnen-classic-milan-mit-8-seiten-195cm\/\",\"url\":\"https:\/\/www.eliassen.nl\/de\/brunnen-classic-milan-mit-8-seiten-195cm\/\",\"name\":\"Springbrunnen klassisch Mailand mit 8 Seiten 195cm\",\"isPartOf\":{\"@id\":\"https:\/\/www.eliassen.nl\/de\/#website\"},\"primaryImageOfPage\":{\"@id\":\"https:\/\/www.eliassen.nl\/de\/brunnen-classic-milan-mit-8-seiten-195cm\/#primaryimage\"},\"image\":{\"@id\":\"https:\/\/www.eliassen.nl\/de\/brunnen-classic-milan-mit-8-seiten-195cm\/#primaryimage\"},\"thumbnailUrl\":\"https:\/\/www.eliassen.nl\/wp-content\/uploads\/2024\/01\/fonteinklassiekmilaanmet8kanten195cmelias.jpg\",\"datePublished\":\"2023-03-09T10:00:23+00:00\",\"dateModified\":\"2026-02-23T08:22:18+00:00\",\"description\":\"Klassische Dorfbrunnen ? Schauen Sie sich alle in unserem Shop an oder kommen Sie einfach vorbei und sehen Sie sie live!!!\",\"breadcrumb\":{\"@id\":\"https:\/\/www.eliassen.nl\/de\/brunnen-classic-milan-mit-8-seiten-195cm\/#breadcrumb\"},\"inLanguage\":\"de\",\"potentialAction\":[{\"@type\":\"ReadAction\",\"target\":[\"https:\/\/www.eliassen.nl\/de\/brunnen-classic-milan-mit-8-seiten-195cm\/\"]}]},{\"@type\":\"ImageObject\",\"inLanguage\":\"de\",\"@id\":\"https:\/\/www.eliassen.nl\/de\/brunnen-classic-milan-mit-8-seiten-195cm\/#primaryimage\",\"url\":\"https:\/\/www.eliassen.nl\/wp-content\/uploads\/2024\/01\/fonteinklassiekmilaanmet8kanten195cmelias.jpg\",\"contentUrl\":\"https:\/\/www.eliassen.nl\/wp-content\/uploads\/2024\/01\/fonteinklassiekmilaanmet8kanten195cmelias.jpg\",\"width\":659,\"height\":800,\"caption\":\"Springbrunnen classic Milan mit 8 Seiten 195cm - eliassen.nl\"},{\"@type\":\"BreadcrumbList\",\"@id\":\"https:\/\/www.eliassen.nl\/de\/brunnen-classic-milan-mit-8-seiten-195cm\/#breadcrumb\",\"itemListElement\":[{\"@type\":\"ListItem\",\"position\":1,\"name\":\"Home\",\"item\":\"https:\/\/www.eliassen.nl\/de\/\"},{\"@type\":\"ListItem\",\"position\":2,\"name\":\"Shop\",\"item\":\"https:\/\/www.eliassen.nl\/de\/shop\/\"},{\"@type\":\"ListItem\",\"position\":3,\"name\":\"Wasserspiele\",\"item\":\"https:\/\/www.eliassen.nl\/de\/wassereigenschaften\/\"},{\"@type\":\"ListItem\",\"position\":4,\"name\":\"Brunnen aus Beton\",\"item\":\"https:\/\/www.eliassen.nl\/de\/wassereigenschaften\/brunnen-aus-beton\/\"},{\"@type\":\"ListItem\",\"position\":5,\"name\":\"Springbrunnen klassisch Mailand mit 8 Seiten 195cm\"}]},{\"@type\":\"WebSite\",\"@id\":\"https:\/\/www.eliassen.nl\/de\/#website\",\"url\":\"https:\/\/www.eliassen.nl\/de\/\",\"name\":\"Eliassen Home & Garden Pleasure\",\"description\":\"\",\"publisher\":{\"@id\":\"https:\/\/www.eliassen.nl\/de\/#organization\"},\"alternateName\":\"Eliassen.nl\",\"potentialAction\":[{\"@type\":\"SearchAction\",\"target\":{\"@type\":\"EntryPoint\",\"urlTemplate\":\"https:\/\/www.eliassen.nl\/de\/?s={search_term_string}\"},\"query-input\":{\"@type\":\"PropertyValueSpecification\",\"valueRequired\":true,\"valueName\":\"search_term_string\"}}],\"inLanguage\":\"de\"},{\"@type\":[\"Organization\",\"Place\"],\"@id\":\"https:\/\/www.eliassen.nl\/de\/#organization\",\"name\":\"Eliassen Home & Garden Pleasure\",\"url\":\"https:\/\/www.eliassen.nl\/de\/\",\"logo\":{\"@id\":\"https:\/\/www.eliassen.nl\/de\/brunnen-classic-milan-mit-8-seiten-195cm\/#local-main-organization-logo\"},\"image\":{\"@id\":\"https:\/\/www.eliassen.nl\/de\/brunnen-classic-milan-mit-8-seiten-195cm\/#local-main-organization-logo\"},\"sameAs\":[\"https:\/\/www.facebook.com\/TuincentrumEliassenAmmerzoden\",\"https:\/\/www.instagram.com\/eliassenhomeandgarden\/\",\"https:\/\/nl.pinterest.com\/eliassenhomeandgarden\/\",\"https:\/\/www.youtube.com\/@eliassenhomegardenpleasure4558\"],\"telephone\":[],\"openingHoursSpecification\":[{\"@type\":\"OpeningHoursSpecification\",\"dayOfWeek\":[\"Monday\",\"Tuesday\",\"Wednesday\",\"Thursday\",\"Friday\",\"Saturday\",\"Sunday\"],\"opens\":\"09:00\",\"closes\":\"17:00\"}]},{\"@type\":\"ImageObject\",\"inLanguage\":\"de\",\"@id\":\"https:\/\/www.eliassen.nl\/de\/brunnen-classic-milan-mit-8-seiten-195cm\/#local-main-organization-logo\",\"url\":\"https:\/\/www.eliassen.nl\/wp-content\/uploads\/2024\/01\/logo_4nd.jpg\",\"contentUrl\":\"https:\/\/www.eliassen.nl\/wp-content\/uploads\/2024\/01\/logo_4nd.jpg\",\"width\":500,\"height\":500,\"caption\":\"Eliassen Home & Garden Pleasure\"}]}<\/script>\n<meta property=\"og:availability\" content=\"backorder\" \/>\n<meta property=\"product:availability\" content=\"available for order\" \/>\n<meta property=\"product:retailer_item_id\" content=\"1409 roest\" \/>\n<meta property=\"product:condition\" content=\"new\" \/>\n<!-- \/ Yoast SEO Premium plugin. -->","yoast_head_json":{"title":"Springbrunnen klassisch Mailand mit 8 Seiten 195cm","description":"Klassische Dorfbrunnen ? Schauen Sie sich alle in unserem Shop an oder kommen Sie einfach vorbei und sehen Sie sie live!!!","robots":{"index":"index","follow":"follow","max-snippet":"max-snippet:-1","max-image-preview":"max-image-preview:large","max-video-preview":"max-video-preview:-1"},"canonical":"https:\/\/www.eliassen.nl\/de\/brunnen-classic-milan-mit-8-seiten-195cm\/","og_locale":"de_DE","og_type":"article","og_title":"Sonstige Springbrunnen klassisch Mailand mit 8 Seiten 195cm - Eliassen.nl","og_description":"Klassische Dorfbrunnen ? Schauen Sie sich alle in unserem Shop an oder kommen Sie einfach vorbei und sehen Sie sie live!!!","og_url":"https:\/\/www.eliassen.nl\/de\/brunnen-classic-milan-mit-8-seiten-195cm\/","og_site_name":"Eliassen.nl","article_publisher":"https:\/\/www.facebook.com\/TuincentrumEliassenAmmerzoden","article_modified_time":"2026-02-23T08:22:18+00:00","og_image":[{"width":659,"height":800,"url":"https:\/\/www.eliassen.nl\/wp-content\/uploads\/2024\/01\/fonteinklassiekmilaanmet8kanten195cmelias.jpg","type":"image\/jpeg"}],"twitter_card":"summary_large_image","schema":{"@context":"https:\/\/schema.org","@graph":[{"@type":"WebPage","@id":"https:\/\/www.eliassen.nl\/de\/brunnen-classic-milan-mit-8-seiten-195cm\/","url":"https:\/\/www.eliassen.nl\/de\/brunnen-classic-milan-mit-8-seiten-195cm\/","name":"Springbrunnen klassisch Mailand mit 8 Seiten 195cm","isPartOf":{"@id":"https:\/\/www.eliassen.nl\/de\/#website"},"primaryImageOfPage":{"@id":"https:\/\/www.eliassen.nl\/de\/brunnen-classic-milan-mit-8-seiten-195cm\/#primaryimage"},"image":{"@id":"https:\/\/www.eliassen.nl\/de\/brunnen-classic-milan-mit-8-seiten-195cm\/#primaryimage"},"thumbnailUrl":"https:\/\/www.eliassen.nl\/wp-content\/uploads\/2024\/01\/fonteinklassiekmilaanmet8kanten195cmelias.jpg","datePublished":"2023-03-09T10:00:23+00:00","dateModified":"2026-02-23T08:22:18+00:00","description":"Klassische Dorfbrunnen ? Schauen Sie sich alle in unserem Shop an oder kommen Sie einfach vorbei und sehen Sie sie live!!!","breadcrumb":{"@id":"https:\/\/www.eliassen.nl\/de\/brunnen-classic-milan-mit-8-seiten-195cm\/#breadcrumb"},"inLanguage":"de","potentialAction":[{"@type":"ReadAction","target":["https:\/\/www.eliassen.nl\/de\/brunnen-classic-milan-mit-8-seiten-195cm\/"]}]},{"@type":"ImageObject","inLanguage":"de","@id":"https:\/\/www.eliassen.nl\/de\/brunnen-classic-milan-mit-8-seiten-195cm\/#primaryimage","url":"https:\/\/www.eliassen.nl\/wp-content\/uploads\/2024\/01\/fonteinklassiekmilaanmet8kanten195cmelias.jpg","contentUrl":"https:\/\/www.eliassen.nl\/wp-content\/uploads\/2024\/01\/fonteinklassiekmilaanmet8kanten195cmelias.jpg","width":659,"height":800,"caption":"Springbrunnen classic Milan mit 8 Seiten 195cm - eliassen.nl"},{"@type":"BreadcrumbList","@id":"https:\/\/www.eliassen.nl\/de\/brunnen-classic-milan-mit-8-seiten-195cm\/#breadcrumb","itemListElement":[{"@type":"ListItem","position":1,"name":"Home","item":"https:\/\/www.eliassen.nl\/de\/"},{"@type":"ListItem","position":2,"name":"Shop","item":"https:\/\/www.eliassen.nl\/de\/shop\/"},{"@type":"ListItem","position":3,"name":"Wasserspiele","item":"https:\/\/www.eliassen.nl\/de\/wassereigenschaften\/"},{"@type":"ListItem","position":4,"name":"Brunnen aus Beton","item":"https:\/\/www.eliassen.nl\/de\/wassereigenschaften\/brunnen-aus-beton\/"},{"@type":"ListItem","position":5,"name":"Springbrunnen klassisch Mailand mit 8 Seiten 195cm"}]},{"@type":"WebSite","@id":"https:\/\/www.eliassen.nl\/de\/#website","url":"https:\/\/www.eliassen.nl\/de\/","name":"Eliassen Home & Garden Pleasure","description":"","publisher":{"@id":"https:\/\/www.eliassen.nl\/de\/#organization"},"alternateName":"Eliassen.nl","potentialAction":[{"@type":"SearchAction","target":{"@type":"EntryPoint","urlTemplate":"https:\/\/www.eliassen.nl\/de\/?s={search_term_string}"},"query-input":{"@type":"PropertyValueSpecification","valueRequired":true,"valueName":"search_term_string"}}],"inLanguage":"de"},{"@type":["Organization","Place"],"@id":"https:\/\/www.eliassen.nl\/de\/#organization","name":"Eliassen Home & Garden Pleasure","url":"https:\/\/www.eliassen.nl\/de\/","logo":{"@id":"https:\/\/www.eliassen.nl\/de\/brunnen-classic-milan-mit-8-seiten-195cm\/#local-main-organization-logo"},"image":{"@id":"https:\/\/www.eliassen.nl\/de\/brunnen-classic-milan-mit-8-seiten-195cm\/#local-main-organization-logo"},"sameAs":["https:\/\/www.facebook.com\/TuincentrumEliassenAmmerzoden","https:\/\/www.instagram.com\/eliassenhomeandgarden\/","https:\/\/nl.pinterest.com\/eliassenhomeandgarden\/","https:\/\/www.youtube.com\/@eliassenhomegardenpleasure4558"],"telephone":[],"openingHoursSpecification":[{"@type":"OpeningHoursSpecification","dayOfWeek":["Monday","Tuesday","Wednesday","Thursday","Friday","Saturday","Sunday"],"opens":"09:00","closes":"17:00"}]},{"@type":"ImageObject","inLanguage":"de","@id":"https:\/\/www.eliassen.nl\/de\/brunnen-classic-milan-mit-8-seiten-195cm\/#local-main-organization-logo","url":"https:\/\/www.eliassen.nl\/wp-content\/uploads\/2024\/01\/logo_4nd.jpg","contentUrl":"https:\/\/www.eliassen.nl\/wp-content\/uploads\/2024\/01\/logo_4nd.jpg","width":500,"height":500,"caption":"Eliassen Home & Garden Pleasure"}]},"og_availability":"backorder","product_availability":"available for order","product_retailer_item_id":"1409 roest","product_condition":"new"},"df_price":1575,"df_sale_price":"","df_regular_price":1575,"df_image_link":"https:\/\/www.eliassen.nl\/wp-content\/uploads\/2024\/01\/fonteinklassiekmilaanmet8kanten195cmelias.jpg","image":"https:\/\/www.eliassen.nl\/wp-content\/uploads\/2024\/01\/fonteinklassiekmilaanmet8kanten195cmelias.jpg","price_search":"<span class=\"woocommerce-Price-amount amount\"><bdi><span class=\"woocommerce-Price-currencySymbol\">&euro;<\/span>&nbsp;1.575,00<\/bdi><\/span>","category":"Brunnen aus Beton","global_unique_id":"6096519535502","_links":{"self":[{"href":"https:\/\/www.eliassen.nl\/de\/wp-json\/wp\/v2\/product\/140848","targetHints":{"allow":["GET"]}}],"collection":[{"href":"https:\/\/www.eliassen.nl\/de\/wp-json\/wp\/v2\/product"}],"about":[{"href":"https:\/\/www.eliassen.nl\/de\/wp-json\/wp\/v2\/types\/product"}],"wp:featuredmedia":[{"embeddable":true,"href":"https:\/\/www.eliassen.nl\/de\/wp-json\/wp\/v2\/media\/87814"}],"wp:attachment":[{"href":"https:\/\/www.eliassen.nl\/de\/wp-json\/wp\/v2\/media?parent=140848"}],"wp:term":[{"taxonomy":"product_brand","embeddable":true,"href":"https:\/\/www.eliassen.nl\/de\/wp-json\/wp\/v2\/product_brand?post=140848"},{"taxonomy":"product_cat","embeddable":true,"href":"https:\/\/www.eliassen.nl\/de\/wp-json\/wp\/v2\/product_cat?post=140848"},{"taxonomy":"product_tag","embeddable":true,"href":"https:\/\/www.eliassen.nl\/de\/wp-json\/wp\/v2\/product_tag?post=140848"}],"curies":[{"name":"wp","href":"https:\/\/api.w.org\/{rel}","templated":true}]}}