{"id":139510,"date":"2023-02-23T10:46:53","date_gmt":"2023-02-23T10:46:53","guid":{"rendered":"https:\/\/www.eliassen.nl\/?product=tuinvaas-klassiek-met-klaverblad-76cm"},"modified":"2026-02-23T09:12:00","modified_gmt":"2026-02-23T08:12:00","slug":"gartenvase-classic-mit-kleeblatt-76cm","status":"publish","type":"product","link":"https:\/\/www.eliassen.nl\/de\/gartenvase-classic-mit-kleeblatt-76cm\/","title":{"rendered":"Gartenvase klassisch mit Kleeblatt 76cm"},"content":{"rendered":"<p>Mit ihnen k\u00f6nnen Sie Ihrem gro\u00dfen Garten, Ihrem Gesch\u00e4ft, Ihrem Park oder Ihrem Haus eine sch\u00f6ne und angemessene Atmosph\u00e4re verleihen.<br \/>Diese Gartenvase ist aus massivem, hochwertigem Beton mit einem sehr hohen Zementanteil gefertigt, so dass sie problemlos jahrzehntelang allen Wetterbedingungen standhalten kann.<br \/>Durch Verwitterung und Moosbildung wird das Erscheinungsbild nach vielen Jahren noch sch\u00f6ner, falls gew\u00fcnscht.<br \/>Sie ist in 3 verschiedenen Farben erh\u00e4ltlich. Die Farben k\u00f6nnen in der Realit\u00e4t leicht vom Foto abweichen, da die Farbgebung von Hand vorgenommen wurde.<\/p>\n<p>Besuchen Sie unseren Ausstellungsraum, um die Farben dieser Topfserie zu sehen und sich davon zu \u00fcberzeugen, wie &#8222;bildsch\u00f6n&#8220; diese Serie klassischer Gartenvasen ist. Eine ansehnliche Sammlung dieser Serie ist auf unserem Ausstellungsgel\u00e4nde zu sehen!<\/p>\n<ul>\n<li>Gr\u00f6\u00dfe: unten 60cm Durchmesser, oben 76cm Durchmesser x 67cm hoch<\/li>\n<li>Farbe: rost, sand oder antik<\/li>\n<li>Gesch\u00e4tztes Gewicht: &gt; 125kg<\/li>\n<li>Hergestellt aus hochwertigem Kunststein<\/li>\n<li>Vollst\u00e4ndig handgefertigt und handbemalt<\/li>\n<li><strong>Sehr viel von dieser Serie k\u00f6nnen Sie auch in unserem Shop ansehen<\/strong><\/li>\n<\/ul>\n","protected":false},"excerpt":{"rendered":"<p>Gr\u00f6\u00dfe: unten 60cm Durchmesser, oben 76cm Durchmesser x 67cm hoch. Erh\u00e4ltlich in 3 Farben.<\/p>\n","protected":false},"featured_media":84784,"template":"","meta":{"_acf_changed":false,"_genesis_title":"","_genesis_description":""},"product_brand":[7505],"product_cat":[722,1415,7343],"product_tag":[],"class_list":{"0":"post-139510","1":"product","2":"type-product","3":"status-publish","4":"has-post-thumbnail","6":"product_brand-sonstige","7":"product_cat-blumentoepfe-und-pflanzgefaesse","8":"product_cat-grosse-klassische-gartenvasen","9":"product_cat-klassische-gartenvasen-de","11":"first","12":"onbackorder","13":"taxable","14":"shipping-taxable","15":"purchasable","16":"product-type-variable"},"acf":[],"meta_all":{"total_sales":"2","wcml_sync_hash":{"postmeta_fields":"b7d82ce8a0eff3ad5c0f467b98250911"},"attr_label_translations":[]},"meta_all_flat":{"total_sales":"2","wcml_sync_hash.postmeta_fields":"b7d82ce8a0eff3ad5c0f467b98250911"},"yoast_head":"<!-- This site is optimized with the Yoast SEO Premium plugin v26.2 (Yoast SEO v27.2) - https:\/\/yoast.com\/product\/yoast-seo-premium-wordpress\/ -->\n<title>Gartenvase klassisch mit Kleeblatt 76cm - Eliassen Home &amp; Garden<\/title>\n<meta name=\"description\" content=\"Suchen Sie nach einer Gartenvase mit Bl\u00e4ttern darauf? Dieses Modell mit Kleeblatt an der Seite misst 76 cm im Durchmesser und 67 cm in der H\u00f6he und ist eine sch\u00f6ne klassische Gartenvase aus Beton.\" \/>\n<meta name=\"robots\" content=\"index, follow, max-snippet:-1, max-image-preview:large, max-video-preview:-1\" \/>\n<link rel=\"canonical\" href=\"https:\/\/www.eliassen.nl\/de\/gartenvase-classic-mit-kleeblatt-76cm\/\" \/>\n<meta property=\"og:locale\" content=\"de_DE\" \/>\n<meta property=\"og:type\" content=\"article\" \/>\n<meta property=\"og:title\" content=\"Sonstige Gartenvase klassisch mit Kleeblatt 76cm - Eliassen.nl\" \/>\n<meta property=\"og:description\" content=\"Suchen Sie nach einer Gartenvase mit Bl\u00e4ttern darauf? Dieses Modell mit Kleeblatt an der Seite misst 76 cm im Durchmesser und 67 cm in der H\u00f6he und ist eine sch\u00f6ne klassische Gartenvase aus Beton.\" \/>\n<meta property=\"og:url\" content=\"https:\/\/www.eliassen.nl\/de\/gartenvase-classic-mit-kleeblatt-76cm\/\" \/>\n<meta property=\"og:site_name\" content=\"Eliassen.nl\" \/>\n<meta property=\"article:publisher\" content=\"https:\/\/www.facebook.com\/TuincentrumEliassenAmmerzoden\" \/>\n<meta property=\"article:modified_time\" content=\"2026-02-23T08:12:00+00:00\" \/>\n<meta property=\"og:image\" content=\"https:\/\/www.eliassen.nl\/wp-content\/uploads\/2024\/01\/tuinvaasklassiekmetklaverblad76cmeliassennl.jpg\" \/>\n\t<meta property=\"og:image:width\" content=\"531\" \/>\n\t<meta property=\"og:image:height\" content=\"800\" \/>\n\t<meta property=\"og:image:type\" content=\"image\/jpeg\" \/>\n<meta name=\"twitter:card\" content=\"summary_large_image\" \/>\n<script type=\"application\/ld+json\" class=\"yoast-schema-graph\">{\"@context\":\"https:\/\/schema.org\",\"@graph\":[{\"@type\":\"WebPage\",\"@id\":\"https:\/\/www.eliassen.nl\/de\/gartenvase-classic-mit-kleeblatt-76cm\/\",\"url\":\"https:\/\/www.eliassen.nl\/de\/gartenvase-classic-mit-kleeblatt-76cm\/\",\"name\":\"Gartenvase klassisch mit Kleeblatt 76cm - Eliassen Home & Garden\",\"isPartOf\":{\"@id\":\"https:\/\/www.eliassen.nl\/de\/#website\"},\"primaryImageOfPage\":{\"@id\":\"https:\/\/www.eliassen.nl\/de\/gartenvase-classic-mit-kleeblatt-76cm\/#primaryimage\"},\"image\":{\"@id\":\"https:\/\/www.eliassen.nl\/de\/gartenvase-classic-mit-kleeblatt-76cm\/#primaryimage\"},\"thumbnailUrl\":\"https:\/\/www.eliassen.nl\/wp-content\/uploads\/2024\/01\/tuinvaasklassiekmetklaverblad76cmeliassennl.jpg\",\"datePublished\":\"2023-02-23T10:46:53+00:00\",\"dateModified\":\"2026-02-23T08:12:00+00:00\",\"description\":\"Suchen Sie nach einer Gartenvase mit Bl\u00e4ttern darauf? Dieses Modell mit Kleeblatt an der Seite misst 76 cm im Durchmesser und 67 cm in der H\u00f6he und ist eine sch\u00f6ne klassische Gartenvase aus Beton.\",\"breadcrumb\":{\"@id\":\"https:\/\/www.eliassen.nl\/de\/gartenvase-classic-mit-kleeblatt-76cm\/#breadcrumb\"},\"inLanguage\":\"de\",\"potentialAction\":[{\"@type\":\"ReadAction\",\"target\":[\"https:\/\/www.eliassen.nl\/de\/gartenvase-classic-mit-kleeblatt-76cm\/\"]}]},{\"@type\":\"ImageObject\",\"inLanguage\":\"de\",\"@id\":\"https:\/\/www.eliassen.nl\/de\/gartenvase-classic-mit-kleeblatt-76cm\/#primaryimage\",\"url\":\"https:\/\/www.eliassen.nl\/wp-content\/uploads\/2024\/01\/tuinvaasklassiekmetklaverblad76cmeliassennl.jpg\",\"contentUrl\":\"https:\/\/www.eliassen.nl\/wp-content\/uploads\/2024\/01\/tuinvaasklassiekmetklaverblad76cmeliassennl.jpg\",\"width\":531,\"height\":800,\"caption\":\"Gartenvase klassisch mit Kleeblatt 76cm - eliassen.nl\"},{\"@type\":\"BreadcrumbList\",\"@id\":\"https:\/\/www.eliassen.nl\/de\/gartenvase-classic-mit-kleeblatt-76cm\/#breadcrumb\",\"itemListElement\":[{\"@type\":\"ListItem\",\"position\":1,\"name\":\"Home\",\"item\":\"https:\/\/www.eliassen.nl\/de\/\"},{\"@type\":\"ListItem\",\"position\":2,\"name\":\"Shop\",\"item\":\"https:\/\/www.eliassen.nl\/de\/shop\/\"},{\"@type\":\"ListItem\",\"position\":3,\"name\":\"Blument\u00f6pfe und Pflanzgef\u00e4\u00dfe\",\"item\":\"https:\/\/www.eliassen.nl\/de\/blumentoepfe-und-pflanzgefaesse\/\"},{\"@type\":\"ListItem\",\"position\":4,\"name\":\"Klassische Gartenvasen\",\"item\":\"https:\/\/www.eliassen.nl\/de\/product-categorie\/blumentoepfe-und-pflanzgefaesse\/klassische-gartenvasen-de\/\"},{\"@type\":\"ListItem\",\"position\":5,\"name\":\"Gro\u00dfe klassische Gartenvasen\",\"item\":\"https:\/\/www.eliassen.nl\/de\/blumentoepfe-und-pflanzgefaesse\/klassische-gartenvasen\/grosse-klassische-gartenvasen\/\"},{\"@type\":\"ListItem\",\"position\":6,\"name\":\"Gartenvase klassisch mit Kleeblatt 76cm\"}]},{\"@type\":\"WebSite\",\"@id\":\"https:\/\/www.eliassen.nl\/de\/#website\",\"url\":\"https:\/\/www.eliassen.nl\/de\/\",\"name\":\"Eliassen Home & Garden Pleasure\",\"description\":\"\",\"publisher\":{\"@id\":\"https:\/\/www.eliassen.nl\/de\/#organization\"},\"alternateName\":\"Eliassen.nl\",\"potentialAction\":[{\"@type\":\"SearchAction\",\"target\":{\"@type\":\"EntryPoint\",\"urlTemplate\":\"https:\/\/www.eliassen.nl\/de\/?s={search_term_string}\"},\"query-input\":{\"@type\":\"PropertyValueSpecification\",\"valueRequired\":true,\"valueName\":\"search_term_string\"}}],\"inLanguage\":\"de\"},{\"@type\":[\"Organization\",\"Place\"],\"@id\":\"https:\/\/www.eliassen.nl\/de\/#organization\",\"name\":\"Eliassen Home & Garden Pleasure\",\"url\":\"https:\/\/www.eliassen.nl\/de\/\",\"logo\":{\"@id\":\"https:\/\/www.eliassen.nl\/de\/gartenvase-classic-mit-kleeblatt-76cm\/#local-main-organization-logo\"},\"image\":{\"@id\":\"https:\/\/www.eliassen.nl\/de\/gartenvase-classic-mit-kleeblatt-76cm\/#local-main-organization-logo\"},\"sameAs\":[\"https:\/\/www.facebook.com\/TuincentrumEliassenAmmerzoden\",\"https:\/\/www.instagram.com\/eliassenhomeandgarden\/\",\"https:\/\/nl.pinterest.com\/eliassenhomeandgarden\/\",\"https:\/\/www.youtube.com\/@eliassenhomegardenpleasure4558\"],\"telephone\":[],\"openingHoursSpecification\":[{\"@type\":\"OpeningHoursSpecification\",\"dayOfWeek\":[\"Monday\",\"Tuesday\",\"Wednesday\",\"Thursday\",\"Friday\",\"Saturday\",\"Sunday\"],\"opens\":\"09:00\",\"closes\":\"17:00\"}]},{\"@type\":\"ImageObject\",\"inLanguage\":\"de\",\"@id\":\"https:\/\/www.eliassen.nl\/de\/gartenvase-classic-mit-kleeblatt-76cm\/#local-main-organization-logo\",\"url\":\"https:\/\/www.eliassen.nl\/wp-content\/uploads\/2024\/01\/logo_4nd.jpg\",\"contentUrl\":\"https:\/\/www.eliassen.nl\/wp-content\/uploads\/2024\/01\/logo_4nd.jpg\",\"width\":500,\"height\":500,\"caption\":\"Eliassen Home & Garden Pleasure\"}]}<\/script>\n<meta property=\"og:availability\" content=\"backorder\" \/>\n<meta property=\"product:availability\" content=\"available for order\" \/>\n<meta property=\"product:retailer_item_id\" content=\"2120 roest\" \/>\n<meta property=\"product:condition\" content=\"new\" \/>\n<!-- \/ Yoast SEO Premium plugin. -->","yoast_head_json":{"title":"Gartenvase klassisch mit Kleeblatt 76cm - Eliassen Home & Garden","description":"Suchen Sie nach einer Gartenvase mit Bl\u00e4ttern darauf? Dieses Modell mit Kleeblatt an der Seite misst 76 cm im Durchmesser und 67 cm in der H\u00f6he und ist eine sch\u00f6ne klassische Gartenvase aus Beton.","robots":{"index":"index","follow":"follow","max-snippet":"max-snippet:-1","max-image-preview":"max-image-preview:large","max-video-preview":"max-video-preview:-1"},"canonical":"https:\/\/www.eliassen.nl\/de\/gartenvase-classic-mit-kleeblatt-76cm\/","og_locale":"de_DE","og_type":"article","og_title":"Sonstige Gartenvase klassisch mit Kleeblatt 76cm - Eliassen.nl","og_description":"Suchen Sie nach einer Gartenvase mit Bl\u00e4ttern darauf? Dieses Modell mit Kleeblatt an der Seite misst 76 cm im Durchmesser und 67 cm in der H\u00f6he und ist eine sch\u00f6ne klassische Gartenvase aus Beton.","og_url":"https:\/\/www.eliassen.nl\/de\/gartenvase-classic-mit-kleeblatt-76cm\/","og_site_name":"Eliassen.nl","article_publisher":"https:\/\/www.facebook.com\/TuincentrumEliassenAmmerzoden","article_modified_time":"2026-02-23T08:12:00+00:00","og_image":[{"width":531,"height":800,"url":"https:\/\/www.eliassen.nl\/wp-content\/uploads\/2024\/01\/tuinvaasklassiekmetklaverblad76cmeliassennl.jpg","type":"image\/jpeg"}],"twitter_card":"summary_large_image","schema":{"@context":"https:\/\/schema.org","@graph":[{"@type":"WebPage","@id":"https:\/\/www.eliassen.nl\/de\/gartenvase-classic-mit-kleeblatt-76cm\/","url":"https:\/\/www.eliassen.nl\/de\/gartenvase-classic-mit-kleeblatt-76cm\/","name":"Gartenvase klassisch mit Kleeblatt 76cm - Eliassen Home & Garden","isPartOf":{"@id":"https:\/\/www.eliassen.nl\/de\/#website"},"primaryImageOfPage":{"@id":"https:\/\/www.eliassen.nl\/de\/gartenvase-classic-mit-kleeblatt-76cm\/#primaryimage"},"image":{"@id":"https:\/\/www.eliassen.nl\/de\/gartenvase-classic-mit-kleeblatt-76cm\/#primaryimage"},"thumbnailUrl":"https:\/\/www.eliassen.nl\/wp-content\/uploads\/2024\/01\/tuinvaasklassiekmetklaverblad76cmeliassennl.jpg","datePublished":"2023-02-23T10:46:53+00:00","dateModified":"2026-02-23T08:12:00+00:00","description":"Suchen Sie nach einer Gartenvase mit Bl\u00e4ttern darauf? Dieses Modell mit Kleeblatt an der Seite misst 76 cm im Durchmesser und 67 cm in der H\u00f6he und ist eine sch\u00f6ne klassische Gartenvase aus Beton.","breadcrumb":{"@id":"https:\/\/www.eliassen.nl\/de\/gartenvase-classic-mit-kleeblatt-76cm\/#breadcrumb"},"inLanguage":"de","potentialAction":[{"@type":"ReadAction","target":["https:\/\/www.eliassen.nl\/de\/gartenvase-classic-mit-kleeblatt-76cm\/"]}]},{"@type":"ImageObject","inLanguage":"de","@id":"https:\/\/www.eliassen.nl\/de\/gartenvase-classic-mit-kleeblatt-76cm\/#primaryimage","url":"https:\/\/www.eliassen.nl\/wp-content\/uploads\/2024\/01\/tuinvaasklassiekmetklaverblad76cmeliassennl.jpg","contentUrl":"https:\/\/www.eliassen.nl\/wp-content\/uploads\/2024\/01\/tuinvaasklassiekmetklaverblad76cmeliassennl.jpg","width":531,"height":800,"caption":"Gartenvase klassisch mit Kleeblatt 76cm - eliassen.nl"},{"@type":"BreadcrumbList","@id":"https:\/\/www.eliassen.nl\/de\/gartenvase-classic-mit-kleeblatt-76cm\/#breadcrumb","itemListElement":[{"@type":"ListItem","position":1,"name":"Home","item":"https:\/\/www.eliassen.nl\/de\/"},{"@type":"ListItem","position":2,"name":"Shop","item":"https:\/\/www.eliassen.nl\/de\/shop\/"},{"@type":"ListItem","position":3,"name":"Blument\u00f6pfe und Pflanzgef\u00e4\u00dfe","item":"https:\/\/www.eliassen.nl\/de\/blumentoepfe-und-pflanzgefaesse\/"},{"@type":"ListItem","position":4,"name":"Klassische Gartenvasen","item":"https:\/\/www.eliassen.nl\/de\/product-categorie\/blumentoepfe-und-pflanzgefaesse\/klassische-gartenvasen-de\/"},{"@type":"ListItem","position":5,"name":"Gro\u00dfe klassische Gartenvasen","item":"https:\/\/www.eliassen.nl\/de\/blumentoepfe-und-pflanzgefaesse\/klassische-gartenvasen\/grosse-klassische-gartenvasen\/"},{"@type":"ListItem","position":6,"name":"Gartenvase klassisch mit Kleeblatt 76cm"}]},{"@type":"WebSite","@id":"https:\/\/www.eliassen.nl\/de\/#website","url":"https:\/\/www.eliassen.nl\/de\/","name":"Eliassen Home & Garden Pleasure","description":"","publisher":{"@id":"https:\/\/www.eliassen.nl\/de\/#organization"},"alternateName":"Eliassen.nl","potentialAction":[{"@type":"SearchAction","target":{"@type":"EntryPoint","urlTemplate":"https:\/\/www.eliassen.nl\/de\/?s={search_term_string}"},"query-input":{"@type":"PropertyValueSpecification","valueRequired":true,"valueName":"search_term_string"}}],"inLanguage":"de"},{"@type":["Organization","Place"],"@id":"https:\/\/www.eliassen.nl\/de\/#organization","name":"Eliassen Home & Garden Pleasure","url":"https:\/\/www.eliassen.nl\/de\/","logo":{"@id":"https:\/\/www.eliassen.nl\/de\/gartenvase-classic-mit-kleeblatt-76cm\/#local-main-organization-logo"},"image":{"@id":"https:\/\/www.eliassen.nl\/de\/gartenvase-classic-mit-kleeblatt-76cm\/#local-main-organization-logo"},"sameAs":["https:\/\/www.facebook.com\/TuincentrumEliassenAmmerzoden","https:\/\/www.instagram.com\/eliassenhomeandgarden\/","https:\/\/nl.pinterest.com\/eliassenhomeandgarden\/","https:\/\/www.youtube.com\/@eliassenhomegardenpleasure4558"],"telephone":[],"openingHoursSpecification":[{"@type":"OpeningHoursSpecification","dayOfWeek":["Monday","Tuesday","Wednesday","Thursday","Friday","Saturday","Sunday"],"opens":"09:00","closes":"17:00"}]},{"@type":"ImageObject","inLanguage":"de","@id":"https:\/\/www.eliassen.nl\/de\/gartenvase-classic-mit-kleeblatt-76cm\/#local-main-organization-logo","url":"https:\/\/www.eliassen.nl\/wp-content\/uploads\/2024\/01\/logo_4nd.jpg","contentUrl":"https:\/\/www.eliassen.nl\/wp-content\/uploads\/2024\/01\/logo_4nd.jpg","width":500,"height":500,"caption":"Eliassen Home & Garden Pleasure"}]},"og_availability":"backorder","product_availability":"available for order","product_retailer_item_id":"2120 roest","product_condition":"new"},"df_price":395,"df_sale_price":"","df_regular_price":395,"df_image_link":"https:\/\/www.eliassen.nl\/wp-content\/uploads\/2024\/01\/tuinvaasklassiekmetklaverblad76cmeliassennl.jpg","image":"https:\/\/www.eliassen.nl\/wp-content\/uploads\/2024\/01\/tuinvaasklassiekmetklaverblad76cmeliassennl.jpg","price_search":"<span class=\"woocommerce-Price-amount amount\"><bdi><span class=\"woocommerce-Price-currencySymbol\">&euro;<\/span>&nbsp;395,00<\/bdi><\/span>","category":"Blument\u00f6pfe und Pflanzgef\u00e4\u00dfe","global_unique_id":"6096517662682","_links":{"self":[{"href":"https:\/\/www.eliassen.nl\/de\/wp-json\/wp\/v2\/product\/139510","targetHints":{"allow":["GET"]}}],"collection":[{"href":"https:\/\/www.eliassen.nl\/de\/wp-json\/wp\/v2\/product"}],"about":[{"href":"https:\/\/www.eliassen.nl\/de\/wp-json\/wp\/v2\/types\/product"}],"wp:featuredmedia":[{"embeddable":true,"href":"https:\/\/www.eliassen.nl\/de\/wp-json\/wp\/v2\/media\/84784"}],"wp:attachment":[{"href":"https:\/\/www.eliassen.nl\/de\/wp-json\/wp\/v2\/media?parent=139510"}],"wp:term":[{"taxonomy":"product_brand","embeddable":true,"href":"https:\/\/www.eliassen.nl\/de\/wp-json\/wp\/v2\/product_brand?post=139510"},{"taxonomy":"product_cat","embeddable":true,"href":"https:\/\/www.eliassen.nl\/de\/wp-json\/wp\/v2\/product_cat?post=139510"},{"taxonomy":"product_tag","embeddable":true,"href":"https:\/\/www.eliassen.nl\/de\/wp-json\/wp\/v2\/product_tag?post=139510"}],"curies":[{"name":"wp","href":"https:\/\/api.w.org\/{rel}","templated":true}]}}