{"id":1390,"date":"2019-10-28T15:20:20","date_gmt":"2019-10-28T15:20:20","guid":{"rendered":"https:\/\/www.eliassen.nl\/?product=ubbink-genova-edelstahlwasserspiel"},"modified":"2026-01-16T13:00:23","modified_gmt":"2026-01-16T12:00:23","slug":"wasserspiel-aus-edelstahl-ubbink-genova","status":"publish","type":"product","link":"https:\/\/www.eliassen.nl\/de\/wasserspiel-aus-edelstahl-ubbink-genova\/","title":{"rendered":"Edelstahl-Wasserornament UBBINK Genova 100cm"},"content":{"rendered":"<p><strong>M\u00f6chten Sie den Ausstellungsraum daf\u00fcr besuchen? Kontaktieren Sie uns im Voraus!<\/strong><\/p>\n<p>Modern, exklusiv und ganz besonders. Alles ist aus geb\u00fcrstetem Edelstahl. Wunderbar im Garten, aber auch f\u00fcr drinnen, spritzt nicht. Der M\u00fclleimer kann eventuell mit Steinen abgedeckt werden, die Sie in der Rubrik Zubeh\u00f6r finden. Gr\u00f6\u00dfe der Oberfl\u00e4che 60x60cm, H\u00f6he insgesamt 100cm.<\/p>\n<p>Inklusive Pumpe, 4000 Liter Deckel. Wenn Sie m\u00f6chten, k\u00f6nnen Sie Kieselsteine zur Dekoration auf die Bodenplatte streuen.<\/p>\n<p><strong>Besuchen Sie unseren Ausstellungsraum, um viele Modelle live zu bewundern!<\/strong><\/p>\n<ul>\n<li>Material: Geb\u00fcrsteter Edelstahl<\/li>\n<li>Gr\u00f6\u00dfe Ornament: 60x60x100cm hoch<\/li>\n<li>Kann ohne Graben platziert werden.<\/li>\n<li>Mit Licht : nein<\/li>\n<li>Garantie: 1 Jahr<\/li>\n<li>Komplettset ohne Schlusssteine<\/li>\n<li>Schnelle Lieferung.<\/li>\n<li>Besuchen Sie unseren Ausstellungsraum, um viele Modelle live zu bewundern! und gute Beratung.<\/li>\n<\/ul>\n","protected":false},"excerpt":{"rendered":"<p>M\u00f6chten Sie den Ausstellungsraum daf\u00fcr besuchen? Kontaktieren Sie uns im Voraus!<\/p>\n","protected":false},"featured_media":1375,"template":"","meta":{"_acf_changed":false,"_genesis_title":"","_genesis_description":""},"product_brand":[6952],"product_cat":[548,575,536,566],"product_tag":[],"class_list":{"0":"post-1390","1":"product","2":"type-product","3":"status-publish","4":"has-post-thumbnail","6":"product_brand-acqua-arte-de","7":"product_cat-terrassenbrunnen","8":"product_cat-ubbink-wasserspiele","9":"product_cat-wassereigenschaften","10":"product_cat-wasserspiele-aus-edelstahl","12":"first","13":"onbackorder","14":"taxable","15":"shipping-taxable","16":"purchasable","17":"product-type-simple"},"acf":[],"meta_all":{"total_sales":"0","wcml_sync_hash":{"postmeta_fields":"b8676c4e6196f1ff01bbf29557d9fbb1"},"attr_label_translations":[],"cor_restricted_countries":[]},"meta_all_flat":{"total_sales":"0","wcml_sync_hash.postmeta_fields":"b8676c4e6196f1ff01bbf29557d9fbb1"},"yoast_head":"<!-- This site is optimized with the Yoast SEO Premium plugin v26.2 (Yoast SEO v27.2) - https:\/\/yoast.com\/product\/yoast-seo-premium-wordpress\/ -->\n<title>Edelstahl-Wasserornament UBBINK Genova - Eliassen.nl<\/title>\n<meta name=\"description\" content=\"Edelstahl-Wasserornament UBBINK Genova. Wird als komplettes Set geliefert! Ohne Steine. Sehen Sie sich mehr als + 300 Wasserornamente an. Besuchen Sie unseren Showroom!\" \/>\n<meta name=\"robots\" content=\"index, follow, max-snippet:-1, max-image-preview:large, max-video-preview:-1\" \/>\n<link rel=\"canonical\" href=\"https:\/\/www.eliassen.nl\/de\/wasserspiel-aus-edelstahl-ubbink-genova\/\" \/>\n<meta property=\"og:locale\" content=\"de_DE\" \/>\n<meta property=\"og:type\" content=\"article\" \/>\n<meta property=\"og:title\" content=\"Acqua Arte Edelstahl-Wasserornament UBBINK Genova 100cm - Eliassen.nl\" \/>\n<meta property=\"og:description\" content=\"Edelstahl-Wasserornament UBBINK Genova. Wird als komplettes Set geliefert! Ohne Steine. Sehen Sie sich mehr als + 300 Wasserornamente an. Besuchen Sie unseren Showroom!\" \/>\n<meta property=\"og:url\" content=\"https:\/\/www.eliassen.nl\/de\/wasserspiel-aus-edelstahl-ubbink-genova\/\" \/>\n<meta property=\"og:site_name\" content=\"Eliassen.nl\" \/>\n<meta property=\"article:publisher\" content=\"https:\/\/www.facebook.com\/TuincentrumEliassenAmmerzoden\" \/>\n<meta property=\"article:modified_time\" content=\"2026-01-16T12:00:23+00:00\" \/>\n<meta property=\"og:image\" content=\"https:\/\/www.eliassen.nl\/wp-content\/uploads\/2024\/01\/rvswaterornamentubbinkgenovaeliassennl.jpg\" \/>\n\t<meta property=\"og:image:width\" content=\"430\" \/>\n\t<meta property=\"og:image:height\" content=\"500\" \/>\n\t<meta property=\"og:image:type\" content=\"image\/jpeg\" \/>\n<meta name=\"twitter:card\" content=\"summary_large_image\" \/>\n<script type=\"application\/ld+json\" class=\"yoast-schema-graph\">{\"@context\":\"https:\/\/schema.org\",\"@graph\":[{\"@type\":\"WebPage\",\"@id\":\"https:\/\/www.eliassen.nl\/de\/wasserspiel-aus-edelstahl-ubbink-genova\/\",\"url\":\"https:\/\/www.eliassen.nl\/de\/wasserspiel-aus-edelstahl-ubbink-genova\/\",\"name\":\"Edelstahl-Wasserornament UBBINK Genova - Eliassen.nl\",\"isPartOf\":{\"@id\":\"https:\/\/www.eliassen.nl\/de\/#website\"},\"primaryImageOfPage\":{\"@id\":\"https:\/\/www.eliassen.nl\/de\/wasserspiel-aus-edelstahl-ubbink-genova\/#primaryimage\"},\"image\":{\"@id\":\"https:\/\/www.eliassen.nl\/de\/wasserspiel-aus-edelstahl-ubbink-genova\/#primaryimage\"},\"thumbnailUrl\":\"https:\/\/www.eliassen.nl\/wp-content\/uploads\/2024\/01\/rvswaterornamentubbinkgenovaeliassennl.jpg\",\"datePublished\":\"2019-10-28T15:20:20+00:00\",\"dateModified\":\"2026-01-16T12:00:23+00:00\",\"description\":\"Edelstahl-Wasserornament UBBINK Genova. Wird als komplettes Set geliefert! Ohne Steine. Sehen Sie sich mehr als + 300 Wasserornamente an. Besuchen Sie unseren Showroom!\",\"breadcrumb\":{\"@id\":\"https:\/\/www.eliassen.nl\/de\/wasserspiel-aus-edelstahl-ubbink-genova\/#breadcrumb\"},\"inLanguage\":\"de\",\"potentialAction\":[{\"@type\":\"ReadAction\",\"target\":[\"https:\/\/www.eliassen.nl\/de\/wasserspiel-aus-edelstahl-ubbink-genova\/\"]}]},{\"@type\":\"ImageObject\",\"inLanguage\":\"de\",\"@id\":\"https:\/\/www.eliassen.nl\/de\/wasserspiel-aus-edelstahl-ubbink-genova\/#primaryimage\",\"url\":\"https:\/\/www.eliassen.nl\/wp-content\/uploads\/2024\/01\/rvswaterornamentubbinkgenovaeliassennl.jpg\",\"contentUrl\":\"https:\/\/www.eliassen.nl\/wp-content\/uploads\/2024\/01\/rvswaterornamentubbinkgenovaeliassennl.jpg\",\"width\":430,\"height\":500,\"caption\":\"Edelstahl-Wasserornament UBBINK Genova - Eliassen.nl\"},{\"@type\":\"BreadcrumbList\",\"@id\":\"https:\/\/www.eliassen.nl\/de\/wasserspiel-aus-edelstahl-ubbink-genova\/#breadcrumb\",\"itemListElement\":[{\"@type\":\"ListItem\",\"position\":1,\"name\":\"Home\",\"item\":\"https:\/\/www.eliassen.nl\/de\/\"},{\"@type\":\"ListItem\",\"position\":2,\"name\":\"Shop\",\"item\":\"https:\/\/www.eliassen.nl\/de\/shop\/\"},{\"@type\":\"ListItem\",\"position\":3,\"name\":\"Wasserspiele\",\"item\":\"https:\/\/www.eliassen.nl\/de\/wassereigenschaften\/\"},{\"@type\":\"ListItem\",\"position\":4,\"name\":\"Terrassenbrunnen\",\"item\":\"https:\/\/www.eliassen.nl\/de\/wassereigenschaften\/terrassenbrunnen\/\"},{\"@type\":\"ListItem\",\"position\":5,\"name\":\"Edelstahl-Wasserornament UBBINK Genova 100cm\"}]},{\"@type\":\"WebSite\",\"@id\":\"https:\/\/www.eliassen.nl\/de\/#website\",\"url\":\"https:\/\/www.eliassen.nl\/de\/\",\"name\":\"Eliassen Home & Garden Pleasure\",\"description\":\"\",\"publisher\":{\"@id\":\"https:\/\/www.eliassen.nl\/de\/#organization\"},\"alternateName\":\"Eliassen.nl\",\"potentialAction\":[{\"@type\":\"SearchAction\",\"target\":{\"@type\":\"EntryPoint\",\"urlTemplate\":\"https:\/\/www.eliassen.nl\/de\/?s={search_term_string}\"},\"query-input\":{\"@type\":\"PropertyValueSpecification\",\"valueRequired\":true,\"valueName\":\"search_term_string\"}}],\"inLanguage\":\"de\"},{\"@type\":[\"Organization\",\"Place\"],\"@id\":\"https:\/\/www.eliassen.nl\/de\/#organization\",\"name\":\"Eliassen Home & Garden Pleasure\",\"url\":\"https:\/\/www.eliassen.nl\/de\/\",\"logo\":{\"@id\":\"https:\/\/www.eliassen.nl\/de\/wasserspiel-aus-edelstahl-ubbink-genova\/#local-main-organization-logo\"},\"image\":{\"@id\":\"https:\/\/www.eliassen.nl\/de\/wasserspiel-aus-edelstahl-ubbink-genova\/#local-main-organization-logo\"},\"sameAs\":[\"https:\/\/www.facebook.com\/TuincentrumEliassenAmmerzoden\",\"https:\/\/www.instagram.com\/eliassenhomeandgarden\/\",\"https:\/\/nl.pinterest.com\/eliassenhomeandgarden\/\",\"https:\/\/www.youtube.com\/@eliassenhomegardenpleasure4558\"],\"telephone\":[],\"openingHoursSpecification\":[{\"@type\":\"OpeningHoursSpecification\",\"dayOfWeek\":[\"Monday\",\"Tuesday\",\"Wednesday\",\"Thursday\",\"Friday\",\"Saturday\",\"Sunday\"],\"opens\":\"09:00\",\"closes\":\"17:00\"}]},{\"@type\":\"ImageObject\",\"inLanguage\":\"de\",\"@id\":\"https:\/\/www.eliassen.nl\/de\/wasserspiel-aus-edelstahl-ubbink-genova\/#local-main-organization-logo\",\"url\":\"https:\/\/www.eliassen.nl\/wp-content\/uploads\/2024\/01\/logo_4nd.jpg\",\"contentUrl\":\"https:\/\/www.eliassen.nl\/wp-content\/uploads\/2024\/01\/logo_4nd.jpg\",\"width\":500,\"height\":500,\"caption\":\"Eliassen Home & Garden Pleasure\"}]}<\/script>\n<meta property=\"product:price:amount\" content=\"945.00\" \/>\n<meta property=\"product:price:currency\" content=\"EUR\" \/>\n<meta property=\"og:availability\" content=\"backorder\" \/>\n<meta property=\"product:availability\" content=\"available for order\" \/>\n<meta property=\"product:retailer_item_id\" content=\"1387053\" \/>\n<meta property=\"product:condition\" content=\"new\" \/>\n<!-- \/ Yoast SEO Premium plugin. -->","yoast_head_json":{"title":"Edelstahl-Wasserornament UBBINK Genova - Eliassen.nl","description":"Edelstahl-Wasserornament UBBINK Genova. Wird als komplettes Set geliefert! Ohne Steine. Sehen Sie sich mehr als + 300 Wasserornamente an. Besuchen Sie unseren Showroom!","robots":{"index":"index","follow":"follow","max-snippet":"max-snippet:-1","max-image-preview":"max-image-preview:large","max-video-preview":"max-video-preview:-1"},"canonical":"https:\/\/www.eliassen.nl\/de\/wasserspiel-aus-edelstahl-ubbink-genova\/","og_locale":"de_DE","og_type":"article","og_title":"Acqua Arte Edelstahl-Wasserornament UBBINK Genova 100cm - Eliassen.nl","og_description":"Edelstahl-Wasserornament UBBINK Genova. Wird als komplettes Set geliefert! Ohne Steine. Sehen Sie sich mehr als + 300 Wasserornamente an. Besuchen Sie unseren Showroom!","og_url":"https:\/\/www.eliassen.nl\/de\/wasserspiel-aus-edelstahl-ubbink-genova\/","og_site_name":"Eliassen.nl","article_publisher":"https:\/\/www.facebook.com\/TuincentrumEliassenAmmerzoden","article_modified_time":"2026-01-16T12:00:23+00:00","og_image":[{"width":430,"height":500,"url":"https:\/\/www.eliassen.nl\/wp-content\/uploads\/2024\/01\/rvswaterornamentubbinkgenovaeliassennl.jpg","type":"image\/jpeg"}],"twitter_card":"summary_large_image","schema":{"@context":"https:\/\/schema.org","@graph":[{"@type":"WebPage","@id":"https:\/\/www.eliassen.nl\/de\/wasserspiel-aus-edelstahl-ubbink-genova\/","url":"https:\/\/www.eliassen.nl\/de\/wasserspiel-aus-edelstahl-ubbink-genova\/","name":"Edelstahl-Wasserornament UBBINK Genova - Eliassen.nl","isPartOf":{"@id":"https:\/\/www.eliassen.nl\/de\/#website"},"primaryImageOfPage":{"@id":"https:\/\/www.eliassen.nl\/de\/wasserspiel-aus-edelstahl-ubbink-genova\/#primaryimage"},"image":{"@id":"https:\/\/www.eliassen.nl\/de\/wasserspiel-aus-edelstahl-ubbink-genova\/#primaryimage"},"thumbnailUrl":"https:\/\/www.eliassen.nl\/wp-content\/uploads\/2024\/01\/rvswaterornamentubbinkgenovaeliassennl.jpg","datePublished":"2019-10-28T15:20:20+00:00","dateModified":"2026-01-16T12:00:23+00:00","description":"Edelstahl-Wasserornament UBBINK Genova. Wird als komplettes Set geliefert! Ohne Steine. Sehen Sie sich mehr als + 300 Wasserornamente an. Besuchen Sie unseren Showroom!","breadcrumb":{"@id":"https:\/\/www.eliassen.nl\/de\/wasserspiel-aus-edelstahl-ubbink-genova\/#breadcrumb"},"inLanguage":"de","potentialAction":[{"@type":"ReadAction","target":["https:\/\/www.eliassen.nl\/de\/wasserspiel-aus-edelstahl-ubbink-genova\/"]}]},{"@type":"ImageObject","inLanguage":"de","@id":"https:\/\/www.eliassen.nl\/de\/wasserspiel-aus-edelstahl-ubbink-genova\/#primaryimage","url":"https:\/\/www.eliassen.nl\/wp-content\/uploads\/2024\/01\/rvswaterornamentubbinkgenovaeliassennl.jpg","contentUrl":"https:\/\/www.eliassen.nl\/wp-content\/uploads\/2024\/01\/rvswaterornamentubbinkgenovaeliassennl.jpg","width":430,"height":500,"caption":"Edelstahl-Wasserornament UBBINK Genova - Eliassen.nl"},{"@type":"BreadcrumbList","@id":"https:\/\/www.eliassen.nl\/de\/wasserspiel-aus-edelstahl-ubbink-genova\/#breadcrumb","itemListElement":[{"@type":"ListItem","position":1,"name":"Home","item":"https:\/\/www.eliassen.nl\/de\/"},{"@type":"ListItem","position":2,"name":"Shop","item":"https:\/\/www.eliassen.nl\/de\/shop\/"},{"@type":"ListItem","position":3,"name":"Wasserspiele","item":"https:\/\/www.eliassen.nl\/de\/wassereigenschaften\/"},{"@type":"ListItem","position":4,"name":"Terrassenbrunnen","item":"https:\/\/www.eliassen.nl\/de\/wassereigenschaften\/terrassenbrunnen\/"},{"@type":"ListItem","position":5,"name":"Edelstahl-Wasserornament UBBINK Genova 100cm"}]},{"@type":"WebSite","@id":"https:\/\/www.eliassen.nl\/de\/#website","url":"https:\/\/www.eliassen.nl\/de\/","name":"Eliassen Home & Garden Pleasure","description":"","publisher":{"@id":"https:\/\/www.eliassen.nl\/de\/#organization"},"alternateName":"Eliassen.nl","potentialAction":[{"@type":"SearchAction","target":{"@type":"EntryPoint","urlTemplate":"https:\/\/www.eliassen.nl\/de\/?s={search_term_string}"},"query-input":{"@type":"PropertyValueSpecification","valueRequired":true,"valueName":"search_term_string"}}],"inLanguage":"de"},{"@type":["Organization","Place"],"@id":"https:\/\/www.eliassen.nl\/de\/#organization","name":"Eliassen Home & Garden Pleasure","url":"https:\/\/www.eliassen.nl\/de\/","logo":{"@id":"https:\/\/www.eliassen.nl\/de\/wasserspiel-aus-edelstahl-ubbink-genova\/#local-main-organization-logo"},"image":{"@id":"https:\/\/www.eliassen.nl\/de\/wasserspiel-aus-edelstahl-ubbink-genova\/#local-main-organization-logo"},"sameAs":["https:\/\/www.facebook.com\/TuincentrumEliassenAmmerzoden","https:\/\/www.instagram.com\/eliassenhomeandgarden\/","https:\/\/nl.pinterest.com\/eliassenhomeandgarden\/","https:\/\/www.youtube.com\/@eliassenhomegardenpleasure4558"],"telephone":[],"openingHoursSpecification":[{"@type":"OpeningHoursSpecification","dayOfWeek":["Monday","Tuesday","Wednesday","Thursday","Friday","Saturday","Sunday"],"opens":"09:00","closes":"17:00"}]},{"@type":"ImageObject","inLanguage":"de","@id":"https:\/\/www.eliassen.nl\/de\/wasserspiel-aus-edelstahl-ubbink-genova\/#local-main-organization-logo","url":"https:\/\/www.eliassen.nl\/wp-content\/uploads\/2024\/01\/logo_4nd.jpg","contentUrl":"https:\/\/www.eliassen.nl\/wp-content\/uploads\/2024\/01\/logo_4nd.jpg","width":500,"height":500,"caption":"Eliassen Home & Garden Pleasure"}]},"product_price_amount":"945.00","product_price_currency":"EUR","og_availability":"backorder","product_availability":"available for order","product_retailer_item_id":"1387053","product_condition":"new"},"df_price":945,"df_sale_price":"","df_regular_price":945,"df_image_link":"https:\/\/www.eliassen.nl\/wp-content\/uploads\/2024\/01\/rvswaterornamentubbinkgenovaeliassennl.jpg","image":"https:\/\/www.eliassen.nl\/wp-content\/uploads\/2024\/01\/rvswaterornamentubbinkgenovaeliassennl.jpg","price_search":"<span class=\"woocommerce-Price-amount amount\"><bdi><span class=\"woocommerce-Price-currencySymbol\">&euro;<\/span>&nbsp;945,00<\/bdi><\/span>","category":"Terrassenbrunnen","global_unique_id":"8711465870535","_links":{"self":[{"href":"https:\/\/www.eliassen.nl\/de\/wp-json\/wp\/v2\/product\/1390","targetHints":{"allow":["GET"]}}],"collection":[{"href":"https:\/\/www.eliassen.nl\/de\/wp-json\/wp\/v2\/product"}],"about":[{"href":"https:\/\/www.eliassen.nl\/de\/wp-json\/wp\/v2\/types\/product"}],"wp:featuredmedia":[{"embeddable":true,"href":"https:\/\/www.eliassen.nl\/de\/wp-json\/wp\/v2\/media\/1375"}],"wp:attachment":[{"href":"https:\/\/www.eliassen.nl\/de\/wp-json\/wp\/v2\/media?parent=1390"}],"wp:term":[{"taxonomy":"product_brand","embeddable":true,"href":"https:\/\/www.eliassen.nl\/de\/wp-json\/wp\/v2\/product_brand?post=1390"},{"taxonomy":"product_cat","embeddable":true,"href":"https:\/\/www.eliassen.nl\/de\/wp-json\/wp\/v2\/product_cat?post=1390"},{"taxonomy":"product_tag","embeddable":true,"href":"https:\/\/www.eliassen.nl\/de\/wp-json\/wp\/v2\/product_tag?post=1390"}],"curies":[{"name":"wp","href":"https:\/\/api.w.org\/{rel}","templated":true}]}}