{"id":138790,"date":"2023-02-16T10:25:33","date_gmt":"2023-02-16T10:25:33","guid":{"rendered":"https:\/\/www.eliassen.nl\/?product=beeld-klassiek-beschaamd-meisje-120cm"},"modified":"2026-02-23T09:14:34","modified_gmt":"2026-02-23T08:14:34","slug":"bild-klassiker-verlegenes-madchen-120cm","status":"publish","type":"product","link":"https:\/\/www.eliassen.nl\/de\/bild-klassiker-verlegenes-madchen-120cm\/","title":{"rendered":"Statue klassisch Besch\u00e4mtes M\u00e4dchen 120cm"},"content":{"rendered":"<p>Ihr gro\u00dfer Garten, Ihr Gesch\u00e4ft, Ihr Park oder Ihr Haus kann mit unseren gro\u00dfen klassischen Statuen eine sch\u00f6ne warme Atmosph\u00e4re erhalten.<br \/>\nDie Statuen dieser Serie sind alle aus massivem, hochwertigem Beton mit einem sehr hohen Zementanteil gefertigt, so dass alle diese Statuen problemlos jahrzehntelang allen Wetterbedingungen standhalten k\u00f6nnen. Sie haben die M\u00f6glichkeit, diese Skulptur in 3 Farben zu bestellen, in sandfarben, antikfarben und rostfarben. Die Farben k\u00f6nnen in der Realit\u00e4t von dem Foto abweichen, da das Kolorieren Menschenwerk ist. Diese barocke Betonstatue, die ein ganzj\u00e4hriges M\u00e4dchen auf einem runden Sockel darstellt, wird jahrzehntelang die richtige Stimmung verbreiten! Witterungseinfl\u00fcsse werden das Aussehen dieser Skulptur nach Jahren nur noch verbessern.<\/p>\n<p>Schauen Sie doch einmal vorbei, um die Farben dieser Skulpturen zu bewundern und um zu sehen, wie &#8222;bildsch\u00f6n&#8220; diese Serie ist. Wir haben eine ansehnliche Sammlung davon auf unserem Ausstellungsgel\u00e4nde.<\/p>\n<ul>\n<li>Gr\u00f6\u00dfe: 30x30x120 cm hoch<\/li>\n<li>Farbe: sand, antik oder rost\n<ul>\n<li><strong>Gewicht unbekannt<\/strong><\/li>\n<\/ul>\n<\/li>\n<li>Hochwertiger Kunststein<\/li>\n<li>Handgemacht<\/li>\n<li>Durchschnittliche Lieferzeit: 6 Wochen<\/li>\n<li><strong>Vieles aus dieser Serie ist auch in unserem Gesch\u00e4ft zu sehen<\/strong><\/li>\n<\/ul>\n","protected":false},"excerpt":{"rendered":"<p>Integer klassische Gartenstatue mit einem Sockel von 30 cm Durchmesser und einer H\u00f6he von 120 cm.<br \/>\nErh\u00e4ltlich in 3 Farben.<\/p>\n","protected":false},"featured_media":82777,"template":"","meta":{"_acf_changed":false,"_genesis_title":"","_genesis_description":""},"product_brand":[7505],"product_cat":[677,1412,7239],"product_tag":[],"class_list":{"0":"post-138790","1":"product","2":"type-product","3":"status-publish","4":"has-post-thumbnail","6":"product_brand-sonstige","7":"product_cat-betonstatuen","8":"product_cat-grosse-klassische-statuen","9":"product_cat-bilder","11":"first","12":"onbackorder","13":"taxable","14":"shipping-taxable","15":"purchasable","16":"product-type-variable"},"acf":[],"meta_all":{"total_sales":"0","wcml_sync_hash":{"postmeta_fields":"3922bcb5464745aa117bb188e1405a54"},"attr_label_translations":[],"cor_restricted_countries":[]},"meta_all_flat":{"total_sales":"0","wcml_sync_hash.postmeta_fields":"3922bcb5464745aa117bb188e1405a54"},"yoast_head":"<!-- This site is optimized with the Yoast SEO Premium plugin v26.2 (Yoast SEO v27.2) - https:\/\/yoast.com\/product\/yoast-seo-premium-wordpress\/ -->\n<title>Statue klassisches verlegenes M\u00e4dchen 120cm - Eliassen Home &amp; Gardenpleasure<\/title>\n<meta name=\"description\" content=\"Sie suchen nach einer klassischen Gartenstatue? Sehen Sie sich dieses s\u00fc\u00dfe, ganzj\u00e4hrige M\u00e4dchen auf einem runden Sockel aus hochwertigem Beton an. Erh\u00e4ltlich in 3 Farben.\" \/>\n<meta name=\"robots\" content=\"index, follow, max-snippet:-1, max-image-preview:large, max-video-preview:-1\" \/>\n<link rel=\"canonical\" href=\"https:\/\/www.eliassen.nl\/de\/bild-klassiker-verlegenes-madchen-120cm\/\" \/>\n<meta property=\"og:locale\" content=\"de_DE\" \/>\n<meta property=\"og:type\" content=\"article\" \/>\n<meta property=\"og:title\" content=\"Sonstige Statue klassisch Besch\u00e4mtes M\u00e4dchen 120cm - Eliassen.nl\" \/>\n<meta property=\"og:description\" content=\"Sie suchen nach einer klassischen Gartenstatue? Sehen Sie sich dieses s\u00fc\u00dfe, ganzj\u00e4hrige M\u00e4dchen auf einem runden Sockel aus hochwertigem Beton an. Erh\u00e4ltlich in 3 Farben.\" \/>\n<meta property=\"og:url\" content=\"https:\/\/www.eliassen.nl\/de\/bild-klassiker-verlegenes-madchen-120cm\/\" \/>\n<meta property=\"og:site_name\" content=\"Eliassen.nl\" \/>\n<meta property=\"article:publisher\" content=\"https:\/\/www.facebook.com\/TuincentrumEliassenAmmerzoden\" \/>\n<meta property=\"article:modified_time\" content=\"2026-02-23T08:14:34+00:00\" \/>\n<meta property=\"og:image\" content=\"https:\/\/www.eliassen.nl\/wp-content\/uploads\/2024\/01\/beeldklassiekbeschaamdmeisje120cmeliassennl.jpg\" \/>\n\t<meta property=\"og:image:width\" content=\"355\" \/>\n\t<meta property=\"og:image:height\" content=\"800\" \/>\n\t<meta property=\"og:image:type\" content=\"image\/jpeg\" \/>\n<meta name=\"twitter:card\" content=\"summary_large_image\" \/>\n<script type=\"application\/ld+json\" class=\"yoast-schema-graph\">{\"@context\":\"https:\/\/schema.org\",\"@graph\":[{\"@type\":\"WebPage\",\"@id\":\"https:\/\/www.eliassen.nl\/de\/bild-klassiker-verlegenes-madchen-120cm\/\",\"url\":\"https:\/\/www.eliassen.nl\/de\/bild-klassiker-verlegenes-madchen-120cm\/\",\"name\":\"Statue klassisches verlegenes M\u00e4dchen 120cm - Eliassen Home & Gardenpleasure\",\"isPartOf\":{\"@id\":\"https:\/\/www.eliassen.nl\/de\/#website\"},\"primaryImageOfPage\":{\"@id\":\"https:\/\/www.eliassen.nl\/de\/bild-klassiker-verlegenes-madchen-120cm\/#primaryimage\"},\"image\":{\"@id\":\"https:\/\/www.eliassen.nl\/de\/bild-klassiker-verlegenes-madchen-120cm\/#primaryimage\"},\"thumbnailUrl\":\"https:\/\/www.eliassen.nl\/wp-content\/uploads\/2024\/01\/beeldklassiekbeschaamdmeisje120cmeliassennl.jpg\",\"datePublished\":\"2023-02-16T10:25:33+00:00\",\"dateModified\":\"2026-02-23T08:14:34+00:00\",\"description\":\"Sie suchen nach einer klassischen Gartenstatue? Sehen Sie sich dieses s\u00fc\u00dfe, ganzj\u00e4hrige M\u00e4dchen auf einem runden Sockel aus hochwertigem Beton an. Erh\u00e4ltlich in 3 Farben.\",\"breadcrumb\":{\"@id\":\"https:\/\/www.eliassen.nl\/de\/bild-klassiker-verlegenes-madchen-120cm\/#breadcrumb\"},\"inLanguage\":\"de\",\"potentialAction\":[{\"@type\":\"ReadAction\",\"target\":[\"https:\/\/www.eliassen.nl\/de\/bild-klassiker-verlegenes-madchen-120cm\/\"]}]},{\"@type\":\"ImageObject\",\"inLanguage\":\"de\",\"@id\":\"https:\/\/www.eliassen.nl\/de\/bild-klassiker-verlegenes-madchen-120cm\/#primaryimage\",\"url\":\"https:\/\/www.eliassen.nl\/wp-content\/uploads\/2024\/01\/beeldklassiekbeschaamdmeisje120cmeliassennl.jpg\",\"contentUrl\":\"https:\/\/www.eliassen.nl\/wp-content\/uploads\/2024\/01\/beeldklassiekbeschaamdmeisje120cmeliassennl.jpg\",\"width\":355,\"height\":800,\"caption\":\"Statue classic Ashamed girl 120cm - eliassen.nl\"},{\"@type\":\"BreadcrumbList\",\"@id\":\"https:\/\/www.eliassen.nl\/de\/bild-klassiker-verlegenes-madchen-120cm\/#breadcrumb\",\"itemListElement\":[{\"@type\":\"ListItem\",\"position\":1,\"name\":\"Home\",\"item\":\"https:\/\/www.eliassen.nl\/de\/\"},{\"@type\":\"ListItem\",\"position\":2,\"name\":\"Shop\",\"item\":\"https:\/\/www.eliassen.nl\/de\/shop\/\"},{\"@type\":\"ListItem\",\"position\":3,\"name\":\"Bilder\",\"item\":\"https:\/\/www.eliassen.nl\/de\/bilder\/\"},{\"@type\":\"ListItem\",\"position\":4,\"name\":\"Betonstatuen\",\"item\":\"https:\/\/www.eliassen.nl\/de\/bilder\/betonstatuen\/\"},{\"@type\":\"ListItem\",\"position\":5,\"name\":\"Gro\u00dfe klassische Statuen\",\"item\":\"https:\/\/www.eliassen.nl\/de\/bilder\/betonstatuen\/grosse-klassische-statuen\/\"},{\"@type\":\"ListItem\",\"position\":6,\"name\":\"Statue klassisch Besch\u00e4mtes M\u00e4dchen 120cm\"}]},{\"@type\":\"WebSite\",\"@id\":\"https:\/\/www.eliassen.nl\/de\/#website\",\"url\":\"https:\/\/www.eliassen.nl\/de\/\",\"name\":\"Eliassen Home & Garden Pleasure\",\"description\":\"\",\"publisher\":{\"@id\":\"https:\/\/www.eliassen.nl\/de\/#organization\"},\"alternateName\":\"Eliassen.nl\",\"potentialAction\":[{\"@type\":\"SearchAction\",\"target\":{\"@type\":\"EntryPoint\",\"urlTemplate\":\"https:\/\/www.eliassen.nl\/de\/?s={search_term_string}\"},\"query-input\":{\"@type\":\"PropertyValueSpecification\",\"valueRequired\":true,\"valueName\":\"search_term_string\"}}],\"inLanguage\":\"de\"},{\"@type\":[\"Organization\",\"Place\"],\"@id\":\"https:\/\/www.eliassen.nl\/de\/#organization\",\"name\":\"Eliassen Home & Garden Pleasure\",\"url\":\"https:\/\/www.eliassen.nl\/de\/\",\"logo\":{\"@id\":\"https:\/\/www.eliassen.nl\/de\/bild-klassiker-verlegenes-madchen-120cm\/#local-main-organization-logo\"},\"image\":{\"@id\":\"https:\/\/www.eliassen.nl\/de\/bild-klassiker-verlegenes-madchen-120cm\/#local-main-organization-logo\"},\"sameAs\":[\"https:\/\/www.facebook.com\/TuincentrumEliassenAmmerzoden\",\"https:\/\/www.instagram.com\/eliassenhomeandgarden\/\",\"https:\/\/nl.pinterest.com\/eliassenhomeandgarden\/\",\"https:\/\/www.youtube.com\/@eliassenhomegardenpleasure4558\"],\"telephone\":[],\"openingHoursSpecification\":[{\"@type\":\"OpeningHoursSpecification\",\"dayOfWeek\":[\"Monday\",\"Tuesday\",\"Wednesday\",\"Thursday\",\"Friday\",\"Saturday\",\"Sunday\"],\"opens\":\"09:00\",\"closes\":\"17:00\"}]},{\"@type\":\"ImageObject\",\"inLanguage\":\"de\",\"@id\":\"https:\/\/www.eliassen.nl\/de\/bild-klassiker-verlegenes-madchen-120cm\/#local-main-organization-logo\",\"url\":\"https:\/\/www.eliassen.nl\/wp-content\/uploads\/2024\/01\/logo_4nd.jpg\",\"contentUrl\":\"https:\/\/www.eliassen.nl\/wp-content\/uploads\/2024\/01\/logo_4nd.jpg\",\"width\":500,\"height\":500,\"caption\":\"Eliassen Home & Garden Pleasure\"}]}<\/script>\n<meta property=\"og:availability\" content=\"backorder\" \/>\n<meta property=\"product:availability\" content=\"available for order\" \/>\n<meta property=\"product:retailer_item_id\" content=\"21 zand\" \/>\n<meta property=\"product:condition\" content=\"new\" \/>\n<!-- \/ Yoast SEO Premium plugin. -->","yoast_head_json":{"title":"Statue klassisches verlegenes M\u00e4dchen 120cm - Eliassen Home & Gardenpleasure","description":"Sie suchen nach einer klassischen Gartenstatue? Sehen Sie sich dieses s\u00fc\u00dfe, ganzj\u00e4hrige M\u00e4dchen auf einem runden Sockel aus hochwertigem Beton an. Erh\u00e4ltlich in 3 Farben.","robots":{"index":"index","follow":"follow","max-snippet":"max-snippet:-1","max-image-preview":"max-image-preview:large","max-video-preview":"max-video-preview:-1"},"canonical":"https:\/\/www.eliassen.nl\/de\/bild-klassiker-verlegenes-madchen-120cm\/","og_locale":"de_DE","og_type":"article","og_title":"Sonstige Statue klassisch Besch\u00e4mtes M\u00e4dchen 120cm - Eliassen.nl","og_description":"Sie suchen nach einer klassischen Gartenstatue? Sehen Sie sich dieses s\u00fc\u00dfe, ganzj\u00e4hrige M\u00e4dchen auf einem runden Sockel aus hochwertigem Beton an. Erh\u00e4ltlich in 3 Farben.","og_url":"https:\/\/www.eliassen.nl\/de\/bild-klassiker-verlegenes-madchen-120cm\/","og_site_name":"Eliassen.nl","article_publisher":"https:\/\/www.facebook.com\/TuincentrumEliassenAmmerzoden","article_modified_time":"2026-02-23T08:14:34+00:00","og_image":[{"width":355,"height":800,"url":"https:\/\/www.eliassen.nl\/wp-content\/uploads\/2024\/01\/beeldklassiekbeschaamdmeisje120cmeliassennl.jpg","type":"image\/jpeg"}],"twitter_card":"summary_large_image","schema":{"@context":"https:\/\/schema.org","@graph":[{"@type":"WebPage","@id":"https:\/\/www.eliassen.nl\/de\/bild-klassiker-verlegenes-madchen-120cm\/","url":"https:\/\/www.eliassen.nl\/de\/bild-klassiker-verlegenes-madchen-120cm\/","name":"Statue klassisches verlegenes M\u00e4dchen 120cm - Eliassen Home & Gardenpleasure","isPartOf":{"@id":"https:\/\/www.eliassen.nl\/de\/#website"},"primaryImageOfPage":{"@id":"https:\/\/www.eliassen.nl\/de\/bild-klassiker-verlegenes-madchen-120cm\/#primaryimage"},"image":{"@id":"https:\/\/www.eliassen.nl\/de\/bild-klassiker-verlegenes-madchen-120cm\/#primaryimage"},"thumbnailUrl":"https:\/\/www.eliassen.nl\/wp-content\/uploads\/2024\/01\/beeldklassiekbeschaamdmeisje120cmeliassennl.jpg","datePublished":"2023-02-16T10:25:33+00:00","dateModified":"2026-02-23T08:14:34+00:00","description":"Sie suchen nach einer klassischen Gartenstatue? Sehen Sie sich dieses s\u00fc\u00dfe, ganzj\u00e4hrige M\u00e4dchen auf einem runden Sockel aus hochwertigem Beton an. Erh\u00e4ltlich in 3 Farben.","breadcrumb":{"@id":"https:\/\/www.eliassen.nl\/de\/bild-klassiker-verlegenes-madchen-120cm\/#breadcrumb"},"inLanguage":"de","potentialAction":[{"@type":"ReadAction","target":["https:\/\/www.eliassen.nl\/de\/bild-klassiker-verlegenes-madchen-120cm\/"]}]},{"@type":"ImageObject","inLanguage":"de","@id":"https:\/\/www.eliassen.nl\/de\/bild-klassiker-verlegenes-madchen-120cm\/#primaryimage","url":"https:\/\/www.eliassen.nl\/wp-content\/uploads\/2024\/01\/beeldklassiekbeschaamdmeisje120cmeliassennl.jpg","contentUrl":"https:\/\/www.eliassen.nl\/wp-content\/uploads\/2024\/01\/beeldklassiekbeschaamdmeisje120cmeliassennl.jpg","width":355,"height":800,"caption":"Statue classic Ashamed girl 120cm - eliassen.nl"},{"@type":"BreadcrumbList","@id":"https:\/\/www.eliassen.nl\/de\/bild-klassiker-verlegenes-madchen-120cm\/#breadcrumb","itemListElement":[{"@type":"ListItem","position":1,"name":"Home","item":"https:\/\/www.eliassen.nl\/de\/"},{"@type":"ListItem","position":2,"name":"Shop","item":"https:\/\/www.eliassen.nl\/de\/shop\/"},{"@type":"ListItem","position":3,"name":"Bilder","item":"https:\/\/www.eliassen.nl\/de\/bilder\/"},{"@type":"ListItem","position":4,"name":"Betonstatuen","item":"https:\/\/www.eliassen.nl\/de\/bilder\/betonstatuen\/"},{"@type":"ListItem","position":5,"name":"Gro\u00dfe klassische Statuen","item":"https:\/\/www.eliassen.nl\/de\/bilder\/betonstatuen\/grosse-klassische-statuen\/"},{"@type":"ListItem","position":6,"name":"Statue klassisch Besch\u00e4mtes M\u00e4dchen 120cm"}]},{"@type":"WebSite","@id":"https:\/\/www.eliassen.nl\/de\/#website","url":"https:\/\/www.eliassen.nl\/de\/","name":"Eliassen Home & Garden Pleasure","description":"","publisher":{"@id":"https:\/\/www.eliassen.nl\/de\/#organization"},"alternateName":"Eliassen.nl","potentialAction":[{"@type":"SearchAction","target":{"@type":"EntryPoint","urlTemplate":"https:\/\/www.eliassen.nl\/de\/?s={search_term_string}"},"query-input":{"@type":"PropertyValueSpecification","valueRequired":true,"valueName":"search_term_string"}}],"inLanguage":"de"},{"@type":["Organization","Place"],"@id":"https:\/\/www.eliassen.nl\/de\/#organization","name":"Eliassen Home & Garden Pleasure","url":"https:\/\/www.eliassen.nl\/de\/","logo":{"@id":"https:\/\/www.eliassen.nl\/de\/bild-klassiker-verlegenes-madchen-120cm\/#local-main-organization-logo"},"image":{"@id":"https:\/\/www.eliassen.nl\/de\/bild-klassiker-verlegenes-madchen-120cm\/#local-main-organization-logo"},"sameAs":["https:\/\/www.facebook.com\/TuincentrumEliassenAmmerzoden","https:\/\/www.instagram.com\/eliassenhomeandgarden\/","https:\/\/nl.pinterest.com\/eliassenhomeandgarden\/","https:\/\/www.youtube.com\/@eliassenhomegardenpleasure4558"],"telephone":[],"openingHoursSpecification":[{"@type":"OpeningHoursSpecification","dayOfWeek":["Monday","Tuesday","Wednesday","Thursday","Friday","Saturday","Sunday"],"opens":"09:00","closes":"17:00"}]},{"@type":"ImageObject","inLanguage":"de","@id":"https:\/\/www.eliassen.nl\/de\/bild-klassiker-verlegenes-madchen-120cm\/#local-main-organization-logo","url":"https:\/\/www.eliassen.nl\/wp-content\/uploads\/2024\/01\/logo_4nd.jpg","contentUrl":"https:\/\/www.eliassen.nl\/wp-content\/uploads\/2024\/01\/logo_4nd.jpg","width":500,"height":500,"caption":"Eliassen Home & Garden Pleasure"}]},"og_availability":"backorder","product_availability":"available for order","product_retailer_item_id":"21 zand","product_condition":"new"},"df_price":425,"df_sale_price":"","df_regular_price":425,"df_image_link":"https:\/\/www.eliassen.nl\/wp-content\/uploads\/2024\/01\/beeldklassiekbeschaamdmeisje120cmeliassennl.jpg","image":"https:\/\/www.eliassen.nl\/wp-content\/uploads\/2024\/01\/beeldklassiekbeschaamdmeisje120cmeliassennl.jpg","price_search":"<span class=\"woocommerce-Price-amount amount\"><bdi><span class=\"woocommerce-Price-currencySymbol\">&euro;<\/span>&nbsp;425,00<\/bdi><\/span>","category":"Betonstatuen","global_unique_id":"6096520069065","_links":{"self":[{"href":"https:\/\/www.eliassen.nl\/de\/wp-json\/wp\/v2\/product\/138790","targetHints":{"allow":["GET"]}}],"collection":[{"href":"https:\/\/www.eliassen.nl\/de\/wp-json\/wp\/v2\/product"}],"about":[{"href":"https:\/\/www.eliassen.nl\/de\/wp-json\/wp\/v2\/types\/product"}],"wp:featuredmedia":[{"embeddable":true,"href":"https:\/\/www.eliassen.nl\/de\/wp-json\/wp\/v2\/media\/82777"}],"wp:attachment":[{"href":"https:\/\/www.eliassen.nl\/de\/wp-json\/wp\/v2\/media?parent=138790"}],"wp:term":[{"taxonomy":"product_brand","embeddable":true,"href":"https:\/\/www.eliassen.nl\/de\/wp-json\/wp\/v2\/product_brand?post=138790"},{"taxonomy":"product_cat","embeddable":true,"href":"https:\/\/www.eliassen.nl\/de\/wp-json\/wp\/v2\/product_cat?post=138790"},{"taxonomy":"product_tag","embeddable":true,"href":"https:\/\/www.eliassen.nl\/de\/wp-json\/wp\/v2\/product_tag?post=138790"}],"curies":[{"name":"wp","href":"https:\/\/api.w.org\/{rel}","templated":true}]}}