{"id":138238,"date":"2023-02-03T15:46:14","date_gmt":"2023-02-03T15:46:14","guid":{"rendered":"https:\/\/www.eliassen.nl\/?product=sokkel-klassiek-rennes-78cm"},"modified":"2026-02-23T09:01:50","modified_gmt":"2026-02-23T08:01:50","slug":"sockel-klassische-rennes-78cm","status":"publish","type":"product","link":"https:\/\/www.eliassen.nl\/de\/sockel-klassische-rennes-78cm\/","title":{"rendered":"Sockel klassisch Rennes 78cm"},"content":{"rendered":"<p>Sch\u00f6ner, klassischer, verzierter Sockel zum Aufstellen eines Topfes, einer Vase, einer Statue oder einer gro\u00dfen Sonnenuhr. Was f\u00fcr eine Kombination mit diesem Sockel wird eine sch\u00f6ne Erg\u00e4nzung f\u00fcr Ihren gro\u00dfen Garten sein.<\/p>\n<p>Sie haben die M\u00f6glichkeit, diesen klassischen Sockel in 3 Farben zu bestellen, tw in sandfarben, antikfarben und rostfarben. Die Farben k\u00f6nnen in der Realit\u00e4t von dem Foto abweichen, da das Kolorieren Menschenwerk ist. Dieser Modellbetonsockel wird das Gewicht der Statue oder des Topfes jahrzehntelang tragen! Witterungseinfl\u00fcsse werden das Aussehen dieser Steins\u00e4ule nach Jahren nur noch verbessern.<\/p>\n<p>Schauen Sie doch einfach mal vorbei, um die Farben dieser Betonsockel zu sehen und sich davon zu \u00fcberzeugen, wie &#8222;bildsch\u00f6n&#8220; diese Serie ist. Wir haben eine ansehnliche Sammlung davon auf unserem Ausstellungsgel\u00e4nde.<\/p>\n<ul>\n<li>Gr\u00f6\u00dfe: 60x60x75 cm hoch<\/li>\n<li>Farbe: sand, antik oder rost<\/li>\n<li><strong>Gewicht unbekannt<\/strong><\/li>\n<li>Hochwertiger Kunststein<\/li>\n<li>Handgemacht<\/li>\n<li>Durchschnittliche Lieferzeit: 6 Wochen<\/li>\n<li><strong>Vieles aus dieser Serie ist auch in unserem Gesch\u00e4ft zu sehen<\/strong><\/li>\n<\/ul>\n","protected":false},"excerpt":{"rendered":"<p>Sch\u00f6ner, verschn\u00f6rkelter klassischer Sockel mit den Ma\u00dfen 60x60x75cm hoch.<br \/>\nErh\u00e4ltlich in 3 Farben.<\/p>\n","protected":false},"featured_media":81199,"template":"","meta":{"_acf_changed":false,"_genesis_title":"","_genesis_description":""},"product_brand":[7505],"product_cat":[791,782],"product_tag":[],"class_list":{"0":"post-138238","1":"product","2":"type-product","3":"status-publish","4":"has-post-thumbnail","6":"product_brand-sonstige","7":"product_cat-betonsockel","8":"product_cat-sockel","10":"first","11":"onbackorder","12":"taxable","13":"shipping-taxable","14":"purchasable","15":"product-type-variable"},"acf":[],"meta_all":{"total_sales":"0","wcml_sync_hash":{"postmeta_fields":"6be5155db2d5236fd7013cb15bf382b3"},"attr_label_translations":[],"cor_restricted_countries":[]},"meta_all_flat":{"total_sales":"0","wcml_sync_hash.postmeta_fields":"6be5155db2d5236fd7013cb15bf382b3"},"yoast_head":"<!-- This site is optimized with the Yoast SEO Premium plugin v26.2 (Yoast SEO v27.2) - https:\/\/yoast.com\/product\/yoast-seo-premium-wordpress\/ -->\n<title>Sockel klassisch Rennes 78cm - Eliassen Home &amp; Gardenpleasure<\/title>\n<meta name=\"description\" content=\"Sie suchen einen klassischen dekorativen Sockel? Vielleicht ist dieser sch\u00f6ne Betonsockel genau das, wonach Sie suchen. lange Lebensdauer und in 3 Farben erh\u00e4ltlich.\" \/>\n<meta name=\"robots\" content=\"index, follow, max-snippet:-1, max-image-preview:large, max-video-preview:-1\" \/>\n<link rel=\"canonical\" href=\"https:\/\/www.eliassen.nl\/de\/sockel-klassische-rennes-78cm\/\" \/>\n<meta property=\"og:locale\" content=\"de_DE\" \/>\n<meta property=\"og:type\" content=\"article\" \/>\n<meta property=\"og:title\" content=\"Sonstige Sockel klassisch Rennes 78cm - Eliassen.nl\" \/>\n<meta property=\"og:description\" content=\"Sie suchen einen klassischen dekorativen Sockel? Vielleicht ist dieser sch\u00f6ne Betonsockel genau das, wonach Sie suchen. lange Lebensdauer und in 3 Farben erh\u00e4ltlich.\" \/>\n<meta property=\"og:url\" content=\"https:\/\/www.eliassen.nl\/de\/sockel-klassische-rennes-78cm\/\" \/>\n<meta property=\"og:site_name\" content=\"Eliassen.nl\" \/>\n<meta property=\"article:publisher\" content=\"https:\/\/www.facebook.com\/TuincentrumEliassenAmmerzoden\" \/>\n<meta property=\"article:modified_time\" content=\"2026-02-23T08:01:50+00:00\" \/>\n<meta property=\"og:image\" content=\"https:\/\/www.eliassen.nl\/wp-content\/uploads\/2024\/01\/sokkelklassiekrennes78cmeliassennl.jpg\" \/>\n\t<meta property=\"og:image:width\" content=\"531\" \/>\n\t<meta property=\"og:image:height\" content=\"800\" \/>\n\t<meta property=\"og:image:type\" content=\"image\/jpeg\" \/>\n<meta name=\"twitter:card\" content=\"summary_large_image\" \/>\n<script type=\"application\/ld+json\" class=\"yoast-schema-graph\">{\"@context\":\"https:\/\/schema.org\",\"@graph\":[{\"@type\":\"WebPage\",\"@id\":\"https:\/\/www.eliassen.nl\/de\/sockel-klassische-rennes-78cm\/\",\"url\":\"https:\/\/www.eliassen.nl\/de\/sockel-klassische-rennes-78cm\/\",\"name\":\"Sockel klassisch Rennes 78cm - Eliassen Home & Gardenpleasure\",\"isPartOf\":{\"@id\":\"https:\/\/www.eliassen.nl\/de\/#website\"},\"primaryImageOfPage\":{\"@id\":\"https:\/\/www.eliassen.nl\/de\/sockel-klassische-rennes-78cm\/#primaryimage\"},\"image\":{\"@id\":\"https:\/\/www.eliassen.nl\/de\/sockel-klassische-rennes-78cm\/#primaryimage\"},\"thumbnailUrl\":\"https:\/\/www.eliassen.nl\/wp-content\/uploads\/2024\/01\/sokkelklassiekrennes78cmeliassennl.jpg\",\"datePublished\":\"2023-02-03T15:46:14+00:00\",\"dateModified\":\"2026-02-23T08:01:50+00:00\",\"description\":\"Sie suchen einen klassischen dekorativen Sockel? Vielleicht ist dieser sch\u00f6ne Betonsockel genau das, wonach Sie suchen. lange Lebensdauer und in 3 Farben erh\u00e4ltlich.\",\"breadcrumb\":{\"@id\":\"https:\/\/www.eliassen.nl\/de\/sockel-klassische-rennes-78cm\/#breadcrumb\"},\"inLanguage\":\"de\",\"potentialAction\":[{\"@type\":\"ReadAction\",\"target\":[\"https:\/\/www.eliassen.nl\/de\/sockel-klassische-rennes-78cm\/\"]}]},{\"@type\":\"ImageObject\",\"inLanguage\":\"de\",\"@id\":\"https:\/\/www.eliassen.nl\/de\/sockel-klassische-rennes-78cm\/#primaryimage\",\"url\":\"https:\/\/www.eliassen.nl\/wp-content\/uploads\/2024\/01\/sokkelklassiekrennes78cmeliassennl.jpg\",\"contentUrl\":\"https:\/\/www.eliassen.nl\/wp-content\/uploads\/2024\/01\/sokkelklassiekrennes78cmeliassennl.jpg\",\"width\":531,\"height\":800,\"caption\":\"Sockel klassisch Rennes 78cm - eliassen.nl\"},{\"@type\":\"BreadcrumbList\",\"@id\":\"https:\/\/www.eliassen.nl\/de\/sockel-klassische-rennes-78cm\/#breadcrumb\",\"itemListElement\":[{\"@type\":\"ListItem\",\"position\":1,\"name\":\"Home\",\"item\":\"https:\/\/www.eliassen.nl\/de\/\"},{\"@type\":\"ListItem\",\"position\":2,\"name\":\"Shop\",\"item\":\"https:\/\/www.eliassen.nl\/de\/shop\/\"},{\"@type\":\"ListItem\",\"position\":3,\"name\":\"Sockel\",\"item\":\"https:\/\/www.eliassen.nl\/de\/sockel\/\"},{\"@type\":\"ListItem\",\"position\":4,\"name\":\"Betonsockel\",\"item\":\"https:\/\/www.eliassen.nl\/de\/sockel\/betonsockel\/\"},{\"@type\":\"ListItem\",\"position\":5,\"name\":\"Sockel klassisch Rennes 78cm\"}]},{\"@type\":\"WebSite\",\"@id\":\"https:\/\/www.eliassen.nl\/de\/#website\",\"url\":\"https:\/\/www.eliassen.nl\/de\/\",\"name\":\"Eliassen Home & Garden Pleasure\",\"description\":\"\",\"publisher\":{\"@id\":\"https:\/\/www.eliassen.nl\/de\/#organization\"},\"alternateName\":\"Eliassen.nl\",\"potentialAction\":[{\"@type\":\"SearchAction\",\"target\":{\"@type\":\"EntryPoint\",\"urlTemplate\":\"https:\/\/www.eliassen.nl\/de\/?s={search_term_string}\"},\"query-input\":{\"@type\":\"PropertyValueSpecification\",\"valueRequired\":true,\"valueName\":\"search_term_string\"}}],\"inLanguage\":\"de\"},{\"@type\":[\"Organization\",\"Place\"],\"@id\":\"https:\/\/www.eliassen.nl\/de\/#organization\",\"name\":\"Eliassen Home & Garden Pleasure\",\"url\":\"https:\/\/www.eliassen.nl\/de\/\",\"logo\":{\"@id\":\"https:\/\/www.eliassen.nl\/de\/sockel-klassische-rennes-78cm\/#local-main-organization-logo\"},\"image\":{\"@id\":\"https:\/\/www.eliassen.nl\/de\/sockel-klassische-rennes-78cm\/#local-main-organization-logo\"},\"sameAs\":[\"https:\/\/www.facebook.com\/TuincentrumEliassenAmmerzoden\",\"https:\/\/www.instagram.com\/eliassenhomeandgarden\/\",\"https:\/\/nl.pinterest.com\/eliassenhomeandgarden\/\",\"https:\/\/www.youtube.com\/@eliassenhomegardenpleasure4558\"],\"telephone\":[],\"openingHoursSpecification\":[{\"@type\":\"OpeningHoursSpecification\",\"dayOfWeek\":[\"Monday\",\"Tuesday\",\"Wednesday\",\"Thursday\",\"Friday\",\"Saturday\",\"Sunday\"],\"opens\":\"09:00\",\"closes\":\"17:00\"}]},{\"@type\":\"ImageObject\",\"inLanguage\":\"de\",\"@id\":\"https:\/\/www.eliassen.nl\/de\/sockel-klassische-rennes-78cm\/#local-main-organization-logo\",\"url\":\"https:\/\/www.eliassen.nl\/wp-content\/uploads\/2024\/01\/logo_4nd.jpg\",\"contentUrl\":\"https:\/\/www.eliassen.nl\/wp-content\/uploads\/2024\/01\/logo_4nd.jpg\",\"width\":500,\"height\":500,\"caption\":\"Eliassen Home & Garden Pleasure\"}]}<\/script>\n<meta property=\"og:availability\" content=\"backorder\" \/>\n<meta property=\"product:availability\" content=\"available for order\" \/>\n<meta property=\"product:retailer_item_id\" content=\"3113 roest\" \/>\n<meta property=\"product:condition\" content=\"new\" \/>\n<!-- \/ Yoast SEO Premium plugin. -->","yoast_head_json":{"title":"Sockel klassisch Rennes 78cm - Eliassen Home & Gardenpleasure","description":"Sie suchen einen klassischen dekorativen Sockel? Vielleicht ist dieser sch\u00f6ne Betonsockel genau das, wonach Sie suchen. lange Lebensdauer und in 3 Farben erh\u00e4ltlich.","robots":{"index":"index","follow":"follow","max-snippet":"max-snippet:-1","max-image-preview":"max-image-preview:large","max-video-preview":"max-video-preview:-1"},"canonical":"https:\/\/www.eliassen.nl\/de\/sockel-klassische-rennes-78cm\/","og_locale":"de_DE","og_type":"article","og_title":"Sonstige Sockel klassisch Rennes 78cm - Eliassen.nl","og_description":"Sie suchen einen klassischen dekorativen Sockel? Vielleicht ist dieser sch\u00f6ne Betonsockel genau das, wonach Sie suchen. lange Lebensdauer und in 3 Farben erh\u00e4ltlich.","og_url":"https:\/\/www.eliassen.nl\/de\/sockel-klassische-rennes-78cm\/","og_site_name":"Eliassen.nl","article_publisher":"https:\/\/www.facebook.com\/TuincentrumEliassenAmmerzoden","article_modified_time":"2026-02-23T08:01:50+00:00","og_image":[{"width":531,"height":800,"url":"https:\/\/www.eliassen.nl\/wp-content\/uploads\/2024\/01\/sokkelklassiekrennes78cmeliassennl.jpg","type":"image\/jpeg"}],"twitter_card":"summary_large_image","schema":{"@context":"https:\/\/schema.org","@graph":[{"@type":"WebPage","@id":"https:\/\/www.eliassen.nl\/de\/sockel-klassische-rennes-78cm\/","url":"https:\/\/www.eliassen.nl\/de\/sockel-klassische-rennes-78cm\/","name":"Sockel klassisch Rennes 78cm - Eliassen Home & Gardenpleasure","isPartOf":{"@id":"https:\/\/www.eliassen.nl\/de\/#website"},"primaryImageOfPage":{"@id":"https:\/\/www.eliassen.nl\/de\/sockel-klassische-rennes-78cm\/#primaryimage"},"image":{"@id":"https:\/\/www.eliassen.nl\/de\/sockel-klassische-rennes-78cm\/#primaryimage"},"thumbnailUrl":"https:\/\/www.eliassen.nl\/wp-content\/uploads\/2024\/01\/sokkelklassiekrennes78cmeliassennl.jpg","datePublished":"2023-02-03T15:46:14+00:00","dateModified":"2026-02-23T08:01:50+00:00","description":"Sie suchen einen klassischen dekorativen Sockel? Vielleicht ist dieser sch\u00f6ne Betonsockel genau das, wonach Sie suchen. lange Lebensdauer und in 3 Farben erh\u00e4ltlich.","breadcrumb":{"@id":"https:\/\/www.eliassen.nl\/de\/sockel-klassische-rennes-78cm\/#breadcrumb"},"inLanguage":"de","potentialAction":[{"@type":"ReadAction","target":["https:\/\/www.eliassen.nl\/de\/sockel-klassische-rennes-78cm\/"]}]},{"@type":"ImageObject","inLanguage":"de","@id":"https:\/\/www.eliassen.nl\/de\/sockel-klassische-rennes-78cm\/#primaryimage","url":"https:\/\/www.eliassen.nl\/wp-content\/uploads\/2024\/01\/sokkelklassiekrennes78cmeliassennl.jpg","contentUrl":"https:\/\/www.eliassen.nl\/wp-content\/uploads\/2024\/01\/sokkelklassiekrennes78cmeliassennl.jpg","width":531,"height":800,"caption":"Sockel klassisch Rennes 78cm - eliassen.nl"},{"@type":"BreadcrumbList","@id":"https:\/\/www.eliassen.nl\/de\/sockel-klassische-rennes-78cm\/#breadcrumb","itemListElement":[{"@type":"ListItem","position":1,"name":"Home","item":"https:\/\/www.eliassen.nl\/de\/"},{"@type":"ListItem","position":2,"name":"Shop","item":"https:\/\/www.eliassen.nl\/de\/shop\/"},{"@type":"ListItem","position":3,"name":"Sockel","item":"https:\/\/www.eliassen.nl\/de\/sockel\/"},{"@type":"ListItem","position":4,"name":"Betonsockel","item":"https:\/\/www.eliassen.nl\/de\/sockel\/betonsockel\/"},{"@type":"ListItem","position":5,"name":"Sockel klassisch Rennes 78cm"}]},{"@type":"WebSite","@id":"https:\/\/www.eliassen.nl\/de\/#website","url":"https:\/\/www.eliassen.nl\/de\/","name":"Eliassen Home & Garden Pleasure","description":"","publisher":{"@id":"https:\/\/www.eliassen.nl\/de\/#organization"},"alternateName":"Eliassen.nl","potentialAction":[{"@type":"SearchAction","target":{"@type":"EntryPoint","urlTemplate":"https:\/\/www.eliassen.nl\/de\/?s={search_term_string}"},"query-input":{"@type":"PropertyValueSpecification","valueRequired":true,"valueName":"search_term_string"}}],"inLanguage":"de"},{"@type":["Organization","Place"],"@id":"https:\/\/www.eliassen.nl\/de\/#organization","name":"Eliassen Home & Garden Pleasure","url":"https:\/\/www.eliassen.nl\/de\/","logo":{"@id":"https:\/\/www.eliassen.nl\/de\/sockel-klassische-rennes-78cm\/#local-main-organization-logo"},"image":{"@id":"https:\/\/www.eliassen.nl\/de\/sockel-klassische-rennes-78cm\/#local-main-organization-logo"},"sameAs":["https:\/\/www.facebook.com\/TuincentrumEliassenAmmerzoden","https:\/\/www.instagram.com\/eliassenhomeandgarden\/","https:\/\/nl.pinterest.com\/eliassenhomeandgarden\/","https:\/\/www.youtube.com\/@eliassenhomegardenpleasure4558"],"telephone":[],"openingHoursSpecification":[{"@type":"OpeningHoursSpecification","dayOfWeek":["Monday","Tuesday","Wednesday","Thursday","Friday","Saturday","Sunday"],"opens":"09:00","closes":"17:00"}]},{"@type":"ImageObject","inLanguage":"de","@id":"https:\/\/www.eliassen.nl\/de\/sockel-klassische-rennes-78cm\/#local-main-organization-logo","url":"https:\/\/www.eliassen.nl\/wp-content\/uploads\/2024\/01\/logo_4nd.jpg","contentUrl":"https:\/\/www.eliassen.nl\/wp-content\/uploads\/2024\/01\/logo_4nd.jpg","width":500,"height":500,"caption":"Eliassen Home & Garden Pleasure"}]},"og_availability":"backorder","product_availability":"available for order","product_retailer_item_id":"3113 roest","product_condition":"new"},"df_price":445,"df_sale_price":"","df_regular_price":445,"df_image_link":"https:\/\/www.eliassen.nl\/wp-content\/uploads\/2024\/01\/sokkelklassiekrennes78cmeliassennl.jpg","image":"https:\/\/www.eliassen.nl\/wp-content\/uploads\/2024\/01\/sokkelklassiekrennes78cmeliassennl.jpg","price_search":"<span class=\"woocommerce-Price-amount amount\"><bdi><span class=\"woocommerce-Price-currencySymbol\">&euro;<\/span>&nbsp;445,00<\/bdi><\/span>","category":"Betonsockel","global_unique_id":"6096514958900","_links":{"self":[{"href":"https:\/\/www.eliassen.nl\/de\/wp-json\/wp\/v2\/product\/138238","targetHints":{"allow":["GET"]}}],"collection":[{"href":"https:\/\/www.eliassen.nl\/de\/wp-json\/wp\/v2\/product"}],"about":[{"href":"https:\/\/www.eliassen.nl\/de\/wp-json\/wp\/v2\/types\/product"}],"wp:featuredmedia":[{"embeddable":true,"href":"https:\/\/www.eliassen.nl\/de\/wp-json\/wp\/v2\/media\/81199"}],"wp:attachment":[{"href":"https:\/\/www.eliassen.nl\/de\/wp-json\/wp\/v2\/media?parent=138238"}],"wp:term":[{"taxonomy":"product_brand","embeddable":true,"href":"https:\/\/www.eliassen.nl\/de\/wp-json\/wp\/v2\/product_brand?post=138238"},{"taxonomy":"product_cat","embeddable":true,"href":"https:\/\/www.eliassen.nl\/de\/wp-json\/wp\/v2\/product_cat?post=138238"},{"taxonomy":"product_tag","embeddable":true,"href":"https:\/\/www.eliassen.nl\/de\/wp-json\/wp\/v2\/product_tag?post=138238"}],"curies":[{"name":"wp","href":"https:\/\/api.w.org\/{rel}","templated":true}]}}