{"id":13492,"date":"2019-10-28T17:44:22","date_gmt":"2019-10-28T17:44:22","guid":{"rendered":"https:\/\/www.eliassen.nl\/?product=buddha-kopf-auf-die-haende"},"modified":"2026-02-21T15:21:24","modified_gmt":"2026-02-21T14:21:24","slug":"buddha-kopf-auf-die-hande","status":"publish","type":"product","link":"https:\/\/www.eliassen.nl\/de\/buddha-kopf-auf-die-hande\/","title":{"rendered":"Buddha Kopf auf H\u00e4nden 50cm"},"content":{"rendered":"<p>Ein wundersch\u00f6nes Modell des Kopfes eines gl\u00fccklichen <strong>buddhistischen M\u00f6nchs<\/strong>, der auf H\u00e4nden getragen wird, aus hochwertigem massivem Kunststein in brauner Farbe. Kann im Innen- und Au\u00dfenbereich aufgestellt werden.<\/p>\n<ul>\n<li>H\u00f6henmessung: 50cm<\/li>\n<li>Opp Gr\u00f6\u00dfe: 35 x 35cm<\/li>\n<li>Hochwertiger massiver Kunststein<\/li>\n<li>Handgemacht<\/li>\n<li>Schnelle Lieferung<\/li>\n<li><strong>Vieles aus dieser Serie ist auch in unserem Gesch\u00e4ft zu sehen<\/strong><\/li>\n<\/ul>\n<p>Der Happy Buddha ist ein chinesischer Weiser aus der fernen Vergangenheit. Nach seinem Tod galt er als Volksheld und wurde als Wohlstandsbringer angesehen. Der Happy Buddha wird als kahlk\u00f6pfiger Mann mit einem dicken Bauch und einem gl\u00fccklichen L\u00e4cheln dargestellt. An seinen gro\u00dfen Ohrl\u00e4ppchen k\u00f6nnen Sie erkennen, dass er von Adel ist. Die Geschichte besagt, dass, wenn Sie den Happy Buddha in einem Raum mit Blick auf die T\u00fcr aufstellen, jedem, der diesen Raum betritt, Gl\u00fcck gew\u00fcnscht wird und er willkommen ist. Au\u00dferdem wird der Happy Buddha als Bringer von Reichtum, Wohlstand und Gl\u00fcck angesehen.<br \/>\nGro\u00dfe eigene Aktien<\/p>\n","protected":false},"excerpt":{"rendered":"<p>\u2713 35x35x50cm hoch \u2713 Massiver Kunststein<\/p>\n","protected":false},"featured_media":187181,"template":"","meta":{"_acf_changed":false,"_genesis_title":"","_genesis_description":""},"product_brand":[7505],"product_cat":[677,680,683,7239],"product_tag":[],"class_list":{"0":"post-13492","1":"product","2":"type-product","3":"status-publish","4":"has-post-thumbnail","6":"product_brand-sonstige","7":"product_cat-betonstatuen","8":"product_cat-buddha-statuen","9":"product_cat-statuen-buddhistischer-moenche","10":"product_cat-bilder","12":"first","13":"instock","14":"taxable","15":"shipping-taxable","16":"purchasable","17":"product-type-simple"},"acf":[],"meta_all":{"total_sales":"1","wcml_sync_hash":{"postmeta_fields":"8c3258a5aa8f8e6d3f052e8a076730fc"},"attr_label_translations":[],"cor_restricted_countries":[]},"meta_all_flat":{"total_sales":"1","wcml_sync_hash.postmeta_fields":"8c3258a5aa8f8e6d3f052e8a076730fc"},"yoast_head":"<!-- This site is optimized with the Yoast SEO Premium plugin v26.2 (Yoast SEO v27.2) - https:\/\/yoast.com\/product\/yoast-seo-premium-wordpress\/ -->\n<title>Buddha Kopf auf H\u00e4nden - Eliassen.de<\/title>\n<meta name=\"description\" content=\"Buddha-Kopf auf H\u00e4nden aus hochwertigem Steinguss. Eine gro\u00dfe Sammlung von Buddha-Statuen ist in unserem Ausstellungsraum zu sehen.\" \/>\n<meta name=\"robots\" content=\"index, follow, max-snippet:-1, max-image-preview:large, max-video-preview:-1\" \/>\n<link rel=\"canonical\" href=\"https:\/\/www.eliassen.nl\/de\/buddha-kopf-auf-die-hande\/\" \/>\n<meta property=\"og:locale\" content=\"de_DE\" \/>\n<meta property=\"og:type\" content=\"article\" \/>\n<meta property=\"og:title\" content=\"Sonstige Buddha Kopf auf H\u00e4nden 50cm - Eliassen.nl\" \/>\n<meta property=\"og:description\" content=\"Buddha-Kopf auf H\u00e4nden aus hochwertigem Steinguss. Eine gro\u00dfe Sammlung von Buddha-Statuen ist in unserem Ausstellungsraum zu sehen.\" \/>\n<meta property=\"og:url\" content=\"https:\/\/www.eliassen.nl\/de\/buddha-kopf-auf-die-hande\/\" \/>\n<meta property=\"og:site_name\" content=\"Eliassen.nl\" \/>\n<meta property=\"article:publisher\" content=\"https:\/\/www.facebook.com\/TuincentrumEliassenAmmerzoden\" \/>\n<meta property=\"article:modified_time\" content=\"2026-02-21T14:21:24+00:00\" \/>\n<meta property=\"og:image\" content=\"https:\/\/www.eliassen.nl\/wp-content\/uploads\/2019\/10\/pro-2Zcafjs0-scaled.jpeg\" \/>\n\t<meta property=\"og:image:width\" content=\"1440\" \/>\n\t<meta property=\"og:image:height\" content=\"2560\" \/>\n\t<meta property=\"og:image:type\" content=\"image\/jpeg\" \/>\n<meta name=\"twitter:card\" content=\"summary_large_image\" \/>\n<script type=\"application\/ld+json\" class=\"yoast-schema-graph\">{\"@context\":\"https:\/\/schema.org\",\"@graph\":[{\"@type\":\"WebPage\",\"@id\":\"https:\/\/www.eliassen.nl\/de\/buddha-kopf-auf-die-hande\/\",\"url\":\"https:\/\/www.eliassen.nl\/de\/buddha-kopf-auf-die-hande\/\",\"name\":\"Buddha Kopf auf H\u00e4nden - Eliassen.de\",\"isPartOf\":{\"@id\":\"https:\/\/www.eliassen.nl\/de\/#website\"},\"primaryImageOfPage\":{\"@id\":\"https:\/\/www.eliassen.nl\/de\/buddha-kopf-auf-die-hande\/#primaryimage\"},\"image\":{\"@id\":\"https:\/\/www.eliassen.nl\/de\/buddha-kopf-auf-die-hande\/#primaryimage\"},\"thumbnailUrl\":\"https:\/\/www.eliassen.nl\/wp-content\/uploads\/2019\/10\/pro-2Zcafjs0-scaled.jpeg\",\"datePublished\":\"2019-10-28T17:44:22+00:00\",\"dateModified\":\"2026-02-21T14:21:24+00:00\",\"description\":\"Buddha-Kopf auf H\u00e4nden aus hochwertigem Steinguss. Eine gro\u00dfe Sammlung von Buddha-Statuen ist in unserem Ausstellungsraum zu sehen.\",\"breadcrumb\":{\"@id\":\"https:\/\/www.eliassen.nl\/de\/buddha-kopf-auf-die-hande\/#breadcrumb\"},\"inLanguage\":\"de\",\"potentialAction\":[{\"@type\":\"ReadAction\",\"target\":[\"https:\/\/www.eliassen.nl\/de\/buddha-kopf-auf-die-hande\/\"]}]},{\"@type\":\"ImageObject\",\"inLanguage\":\"de\",\"@id\":\"https:\/\/www.eliassen.nl\/de\/buddha-kopf-auf-die-hande\/#primaryimage\",\"url\":\"https:\/\/www.eliassen.nl\/wp-content\/uploads\/2019\/10\/pro-2Zcafjs0-scaled.jpeg\",\"contentUrl\":\"https:\/\/www.eliassen.nl\/wp-content\/uploads\/2019\/10\/pro-2Zcafjs0-scaled.jpeg\",\"width\":1440,\"height\":2560},{\"@type\":\"BreadcrumbList\",\"@id\":\"https:\/\/www.eliassen.nl\/de\/buddha-kopf-auf-die-hande\/#breadcrumb\",\"itemListElement\":[{\"@type\":\"ListItem\",\"position\":1,\"name\":\"Home\",\"item\":\"https:\/\/www.eliassen.nl\/de\/\"},{\"@type\":\"ListItem\",\"position\":2,\"name\":\"Shop\",\"item\":\"https:\/\/www.eliassen.nl\/de\/shop\/\"},{\"@type\":\"ListItem\",\"position\":3,\"name\":\"Bilder\",\"item\":\"https:\/\/www.eliassen.nl\/de\/bilder\/\"},{\"@type\":\"ListItem\",\"position\":4,\"name\":\"Betonstatuen\",\"item\":\"https:\/\/www.eliassen.nl\/de\/bilder\/betonstatuen\/\"},{\"@type\":\"ListItem\",\"position\":5,\"name\":\"Buddha-Statuen\",\"item\":\"https:\/\/www.eliassen.nl\/de\/bilder\/betonstatuen\/buddha-statuen\/\"},{\"@type\":\"ListItem\",\"position\":6,\"name\":\"Buddha Kopf auf H\u00e4nden 50cm\"}]},{\"@type\":\"WebSite\",\"@id\":\"https:\/\/www.eliassen.nl\/de\/#website\",\"url\":\"https:\/\/www.eliassen.nl\/de\/\",\"name\":\"Eliassen Home & Garden Pleasure\",\"description\":\"\",\"publisher\":{\"@id\":\"https:\/\/www.eliassen.nl\/de\/#organization\"},\"alternateName\":\"Eliassen.nl\",\"potentialAction\":[{\"@type\":\"SearchAction\",\"target\":{\"@type\":\"EntryPoint\",\"urlTemplate\":\"https:\/\/www.eliassen.nl\/de\/?s={search_term_string}\"},\"query-input\":{\"@type\":\"PropertyValueSpecification\",\"valueRequired\":true,\"valueName\":\"search_term_string\"}}],\"inLanguage\":\"de\"},{\"@type\":[\"Organization\",\"Place\"],\"@id\":\"https:\/\/www.eliassen.nl\/de\/#organization\",\"name\":\"Eliassen Home & Garden Pleasure\",\"url\":\"https:\/\/www.eliassen.nl\/de\/\",\"logo\":{\"@id\":\"https:\/\/www.eliassen.nl\/de\/buddha-kopf-auf-die-hande\/#local-main-organization-logo\"},\"image\":{\"@id\":\"https:\/\/www.eliassen.nl\/de\/buddha-kopf-auf-die-hande\/#local-main-organization-logo\"},\"sameAs\":[\"https:\/\/www.facebook.com\/TuincentrumEliassenAmmerzoden\",\"https:\/\/www.instagram.com\/eliassenhomeandgarden\/\",\"https:\/\/nl.pinterest.com\/eliassenhomeandgarden\/\",\"https:\/\/www.youtube.com\/@eliassenhomegardenpleasure4558\"],\"telephone\":[],\"openingHoursSpecification\":[{\"@type\":\"OpeningHoursSpecification\",\"dayOfWeek\":[\"Monday\",\"Tuesday\",\"Wednesday\",\"Thursday\",\"Friday\",\"Saturday\",\"Sunday\"],\"opens\":\"09:00\",\"closes\":\"17:00\"}]},{\"@type\":\"ImageObject\",\"inLanguage\":\"de\",\"@id\":\"https:\/\/www.eliassen.nl\/de\/buddha-kopf-auf-die-hande\/#local-main-organization-logo\",\"url\":\"https:\/\/www.eliassen.nl\/wp-content\/uploads\/2024\/01\/logo_4nd.jpg\",\"contentUrl\":\"https:\/\/www.eliassen.nl\/wp-content\/uploads\/2024\/01\/logo_4nd.jpg\",\"width\":500,\"height\":500,\"caption\":\"Eliassen Home & Garden Pleasure\"}]}<\/script>\n<meta property=\"product:price:amount\" content=\"195.00\" \/>\n<meta property=\"product:price:currency\" content=\"EUR\" \/>\n<meta property=\"og:availability\" content=\"instock\" \/>\n<meta property=\"product:availability\" content=\"instock\" \/>\n<meta property=\"product:retailer_item_id\" content=\"Hoofd op handen\" \/>\n<meta property=\"product:condition\" content=\"new\" \/>\n<!-- \/ Yoast SEO Premium plugin. -->","yoast_head_json":{"title":"Buddha Kopf auf H\u00e4nden - Eliassen.de","description":"Buddha-Kopf auf H\u00e4nden aus hochwertigem Steinguss. Eine gro\u00dfe Sammlung von Buddha-Statuen ist in unserem Ausstellungsraum zu sehen.","robots":{"index":"index","follow":"follow","max-snippet":"max-snippet:-1","max-image-preview":"max-image-preview:large","max-video-preview":"max-video-preview:-1"},"canonical":"https:\/\/www.eliassen.nl\/de\/buddha-kopf-auf-die-hande\/","og_locale":"de_DE","og_type":"article","og_title":"Sonstige Buddha Kopf auf H\u00e4nden 50cm - Eliassen.nl","og_description":"Buddha-Kopf auf H\u00e4nden aus hochwertigem Steinguss. Eine gro\u00dfe Sammlung von Buddha-Statuen ist in unserem Ausstellungsraum zu sehen.","og_url":"https:\/\/www.eliassen.nl\/de\/buddha-kopf-auf-die-hande\/","og_site_name":"Eliassen.nl","article_publisher":"https:\/\/www.facebook.com\/TuincentrumEliassenAmmerzoden","article_modified_time":"2026-02-21T14:21:24+00:00","og_image":[{"width":1440,"height":2560,"url":"https:\/\/www.eliassen.nl\/wp-content\/uploads\/2019\/10\/pro-2Zcafjs0-scaled.jpeg","type":"image\/jpeg"}],"twitter_card":"summary_large_image","schema":{"@context":"https:\/\/schema.org","@graph":[{"@type":"WebPage","@id":"https:\/\/www.eliassen.nl\/de\/buddha-kopf-auf-die-hande\/","url":"https:\/\/www.eliassen.nl\/de\/buddha-kopf-auf-die-hande\/","name":"Buddha Kopf auf H\u00e4nden - Eliassen.de","isPartOf":{"@id":"https:\/\/www.eliassen.nl\/de\/#website"},"primaryImageOfPage":{"@id":"https:\/\/www.eliassen.nl\/de\/buddha-kopf-auf-die-hande\/#primaryimage"},"image":{"@id":"https:\/\/www.eliassen.nl\/de\/buddha-kopf-auf-die-hande\/#primaryimage"},"thumbnailUrl":"https:\/\/www.eliassen.nl\/wp-content\/uploads\/2019\/10\/pro-2Zcafjs0-scaled.jpeg","datePublished":"2019-10-28T17:44:22+00:00","dateModified":"2026-02-21T14:21:24+00:00","description":"Buddha-Kopf auf H\u00e4nden aus hochwertigem Steinguss. Eine gro\u00dfe Sammlung von Buddha-Statuen ist in unserem Ausstellungsraum zu sehen.","breadcrumb":{"@id":"https:\/\/www.eliassen.nl\/de\/buddha-kopf-auf-die-hande\/#breadcrumb"},"inLanguage":"de","potentialAction":[{"@type":"ReadAction","target":["https:\/\/www.eliassen.nl\/de\/buddha-kopf-auf-die-hande\/"]}]},{"@type":"ImageObject","inLanguage":"de","@id":"https:\/\/www.eliassen.nl\/de\/buddha-kopf-auf-die-hande\/#primaryimage","url":"https:\/\/www.eliassen.nl\/wp-content\/uploads\/2019\/10\/pro-2Zcafjs0-scaled.jpeg","contentUrl":"https:\/\/www.eliassen.nl\/wp-content\/uploads\/2019\/10\/pro-2Zcafjs0-scaled.jpeg","width":1440,"height":2560},{"@type":"BreadcrumbList","@id":"https:\/\/www.eliassen.nl\/de\/buddha-kopf-auf-die-hande\/#breadcrumb","itemListElement":[{"@type":"ListItem","position":1,"name":"Home","item":"https:\/\/www.eliassen.nl\/de\/"},{"@type":"ListItem","position":2,"name":"Shop","item":"https:\/\/www.eliassen.nl\/de\/shop\/"},{"@type":"ListItem","position":3,"name":"Bilder","item":"https:\/\/www.eliassen.nl\/de\/bilder\/"},{"@type":"ListItem","position":4,"name":"Betonstatuen","item":"https:\/\/www.eliassen.nl\/de\/bilder\/betonstatuen\/"},{"@type":"ListItem","position":5,"name":"Buddha-Statuen","item":"https:\/\/www.eliassen.nl\/de\/bilder\/betonstatuen\/buddha-statuen\/"},{"@type":"ListItem","position":6,"name":"Buddha Kopf auf H\u00e4nden 50cm"}]},{"@type":"WebSite","@id":"https:\/\/www.eliassen.nl\/de\/#website","url":"https:\/\/www.eliassen.nl\/de\/","name":"Eliassen Home & Garden Pleasure","description":"","publisher":{"@id":"https:\/\/www.eliassen.nl\/de\/#organization"},"alternateName":"Eliassen.nl","potentialAction":[{"@type":"SearchAction","target":{"@type":"EntryPoint","urlTemplate":"https:\/\/www.eliassen.nl\/de\/?s={search_term_string}"},"query-input":{"@type":"PropertyValueSpecification","valueRequired":true,"valueName":"search_term_string"}}],"inLanguage":"de"},{"@type":["Organization","Place"],"@id":"https:\/\/www.eliassen.nl\/de\/#organization","name":"Eliassen Home & Garden Pleasure","url":"https:\/\/www.eliassen.nl\/de\/","logo":{"@id":"https:\/\/www.eliassen.nl\/de\/buddha-kopf-auf-die-hande\/#local-main-organization-logo"},"image":{"@id":"https:\/\/www.eliassen.nl\/de\/buddha-kopf-auf-die-hande\/#local-main-organization-logo"},"sameAs":["https:\/\/www.facebook.com\/TuincentrumEliassenAmmerzoden","https:\/\/www.instagram.com\/eliassenhomeandgarden\/","https:\/\/nl.pinterest.com\/eliassenhomeandgarden\/","https:\/\/www.youtube.com\/@eliassenhomegardenpleasure4558"],"telephone":[],"openingHoursSpecification":[{"@type":"OpeningHoursSpecification","dayOfWeek":["Monday","Tuesday","Wednesday","Thursday","Friday","Saturday","Sunday"],"opens":"09:00","closes":"17:00"}]},{"@type":"ImageObject","inLanguage":"de","@id":"https:\/\/www.eliassen.nl\/de\/buddha-kopf-auf-die-hande\/#local-main-organization-logo","url":"https:\/\/www.eliassen.nl\/wp-content\/uploads\/2024\/01\/logo_4nd.jpg","contentUrl":"https:\/\/www.eliassen.nl\/wp-content\/uploads\/2024\/01\/logo_4nd.jpg","width":500,"height":500,"caption":"Eliassen Home & Garden Pleasure"}]},"product_price_amount":"195.00","product_price_currency":"EUR","og_availability":"instock","product_availability":"instock","product_retailer_item_id":"Hoofd op handen","product_condition":"new"},"df_price":195,"df_sale_price":"","df_regular_price":195,"df_image_link":"https:\/\/www.eliassen.nl\/wp-content\/uploads\/2019\/10\/pro-2Zcafjs0-169x300.jpeg","image":"https:\/\/www.eliassen.nl\/wp-content\/uploads\/2019\/10\/pro-2Zcafjs0-150x150.jpeg","price_search":"<span class=\"woocommerce-Price-amount amount\"><bdi><span class=\"woocommerce-Price-currencySymbol\">&euro;<\/span>&nbsp;195,00<\/bdi><\/span>","category":"Betonstatuen","global_unique_id":"7438235716701","_links":{"self":[{"href":"https:\/\/www.eliassen.nl\/de\/wp-json\/wp\/v2\/product\/13492","targetHints":{"allow":["GET"]}}],"collection":[{"href":"https:\/\/www.eliassen.nl\/de\/wp-json\/wp\/v2\/product"}],"about":[{"href":"https:\/\/www.eliassen.nl\/de\/wp-json\/wp\/v2\/types\/product"}],"wp:featuredmedia":[{"embeddable":true,"href":"https:\/\/www.eliassen.nl\/de\/wp-json\/wp\/v2\/media\/187181"}],"wp:attachment":[{"href":"https:\/\/www.eliassen.nl\/de\/wp-json\/wp\/v2\/media?parent=13492"}],"wp:term":[{"taxonomy":"product_brand","embeddable":true,"href":"https:\/\/www.eliassen.nl\/de\/wp-json\/wp\/v2\/product_brand?post=13492"},{"taxonomy":"product_cat","embeddable":true,"href":"https:\/\/www.eliassen.nl\/de\/wp-json\/wp\/v2\/product_cat?post=13492"},{"taxonomy":"product_tag","embeddable":true,"href":"https:\/\/www.eliassen.nl\/de\/wp-json\/wp\/v2\/product_tag?post=13492"}],"curies":[{"name":"wp","href":"https:\/\/api.w.org\/{rel}","templated":true}]}}