{"id":13033,"date":"2019-10-28T17:35:16","date_gmt":"2019-10-28T17:35:16","guid":{"rendered":"https:\/\/www.eliassen.nl\/?product=yoga-bild-namaskar-gruss-60cm"},"modified":"2026-02-21T15:25:45","modified_gmt":"2026-02-21T14:25:45","slug":"yoga-bild-namaskar-gruss-60cm","status":"publish","type":"product","link":"https:\/\/www.eliassen.nl\/de\/yoga-bild-namaskar-gruss-60cm\/","title":{"rendered":"Yoga-Statue Namaskar Gru\u00df 60cm"},"content":{"rendered":"<p>Diese au\u00dfergew\u00f6hnlich sch\u00f6ne Statue einer figurativ geformten Person, die Yoga in der Namaskar-Gru\u00dfhaltung praktiziert, kann als Gartenstatue verwendet werden, ist aber sicherlich auch in jedem Haus oder Geb\u00e4ude sch\u00f6n.<br \/>\nDie Statue ist aus Steinguss mit einer schwarz-ockerfarbenen Patina gefertigt und wiegt etwa 30 kg. F\u00e4llt also nicht so leicht um.<br \/>\nDie Gr\u00f6\u00dfe dieser Skulptur ist 48x35x60cm. Gro\u00dfer eigener Bestand.<\/p>\n<ul>\n<li>Gr\u00f6\u00dfe der H\u00f6he: 60cm<\/li>\n<li>Opp Gr\u00f6\u00dfe: 35 x 48cm<\/li>\n<li>Hochwertiger Kunststein<\/li>\n<li>Handgemacht<\/li>\n<li>Schnelle Lieferung<\/li>\n<li><strong>Vieles aus dieser Serie ist auch in unserem Gesch\u00e4ft zu sehen<\/strong><\/li>\n<li>Der Yoga-Sonnengru\u00df, auf Sanskrit auch Surya Namaskar genannt, wird urspr\u00fcnglich morgens bei Sonnenaufgang praktiziert. Sie starten energiegeladen in den Tag und f\u00fchlen sich dabei sehr gut.<\/li>\n<\/ul>\n","protected":false},"excerpt":{"rendered":"<p>\u2713 35x48x60cm hoch \u2713 Kunststein<\/p>\n","protected":false},"featured_media":13030,"template":"","meta":{"_acf_changed":false,"_genesis_title":"","_genesis_description":""},"product_brand":[7505],"product_cat":[677,692,7239],"product_tag":[],"class_list":{"0":"post-13033","1":"product","2":"type-product","3":"status-publish","4":"has-post-thumbnail","6":"product_brand-sonstige","7":"product_cat-betonstatuen","8":"product_cat-yoga-bilder","9":"product_cat-bilder","11":"first","12":"outofstock","13":"taxable","14":"shipping-taxable","15":"purchasable","16":"product-type-simple"},"acf":[],"meta_all":{"total_sales":"1","wcml_sync_hash":{"postmeta_fields":"0a82d47fa29276a756f904483aea506a"},"attr_label_translations":[],"cor_restricted_countries":[]},"meta_all_flat":{"total_sales":"1","wcml_sync_hash.postmeta_fields":"0a82d47fa29276a756f904483aea506a"},"yoast_head":"<!-- This site is optimized with the Yoast SEO Premium plugin v26.2 (Yoast SEO v27.2) - https:\/\/yoast.com\/product\/yoast-seo-premium-wordpress\/ -->\n<title>Yoga-Statue Namaskar Gru\u00df 60cm | Eliassen<\/title>\n<meta name=\"description\" content=\"Bei Eliassen k\u00f6nnen Sie die Yogastatue Namaskar Gru\u00df 60cm online kaufen oder live im Ausstellungsraum betrachten. Wir haben die sch\u00f6nsten Steinskulpturen, Yogastatuen\" \/>\n<meta name=\"robots\" content=\"index, follow, max-snippet:-1, max-image-preview:large, max-video-preview:-1\" \/>\n<link rel=\"canonical\" href=\"https:\/\/www.eliassen.nl\/de\/yoga-bild-namaskar-gruss-60cm\/\" \/>\n<meta property=\"og:locale\" content=\"de_DE\" \/>\n<meta property=\"og:type\" content=\"article\" \/>\n<meta property=\"og:title\" content=\"Sonstige Yoga-Statue Namaskar Gru\u00df 60cm - Eliassen.nl\" \/>\n<meta property=\"og:description\" content=\"Bei Eliassen k\u00f6nnen Sie die Yogastatue Namaskar Gru\u00df 60cm online kaufen oder live im Ausstellungsraum betrachten. Wir haben die sch\u00f6nsten Steinskulpturen, Yogastatuen\" \/>\n<meta property=\"og:url\" content=\"https:\/\/www.eliassen.nl\/de\/yoga-bild-namaskar-gruss-60cm\/\" \/>\n<meta property=\"og:site_name\" content=\"Eliassen.nl\" \/>\n<meta property=\"article:publisher\" content=\"https:\/\/www.facebook.com\/TuincentrumEliassenAmmerzoden\" \/>\n<meta property=\"article:modified_time\" content=\"2026-02-21T14:25:45+00:00\" \/>\n<meta property=\"og:image\" content=\"https:\/\/www.eliassen.nl\/wp-content\/uploads\/2024\/01\/bryg5980_2nd.jpg\" \/>\n\t<meta property=\"og:image:width\" content=\"900\" \/>\n\t<meta property=\"og:image:height\" content=\"1600\" \/>\n\t<meta property=\"og:image:type\" content=\"image\/jpeg\" \/>\n<meta name=\"twitter:card\" content=\"summary_large_image\" \/>\n<script type=\"application\/ld+json\" class=\"yoast-schema-graph\">{\"@context\":\"https:\/\/schema.org\",\"@graph\":[{\"@type\":\"WebPage\",\"@id\":\"https:\/\/www.eliassen.nl\/de\/yoga-bild-namaskar-gruss-60cm\/\",\"url\":\"https:\/\/www.eliassen.nl\/de\/yoga-bild-namaskar-gruss-60cm\/\",\"name\":\"Yoga-Statue Namaskar Gru\u00df 60cm | Eliassen\",\"isPartOf\":{\"@id\":\"https:\/\/www.eliassen.nl\/de\/#website\"},\"primaryImageOfPage\":{\"@id\":\"https:\/\/www.eliassen.nl\/de\/yoga-bild-namaskar-gruss-60cm\/#primaryimage\"},\"image\":{\"@id\":\"https:\/\/www.eliassen.nl\/de\/yoga-bild-namaskar-gruss-60cm\/#primaryimage\"},\"thumbnailUrl\":\"https:\/\/www.eliassen.nl\/wp-content\/uploads\/2024\/01\/bryg5980_2nd.jpg\",\"datePublished\":\"2019-10-28T17:35:16+00:00\",\"dateModified\":\"2026-02-21T14:25:45+00:00\",\"description\":\"Bei Eliassen k\u00f6nnen Sie die Yogastatue Namaskar Gru\u00df 60cm online kaufen oder live im Ausstellungsraum betrachten. Wir haben die sch\u00f6nsten Steinskulpturen, Yogastatuen\",\"breadcrumb\":{\"@id\":\"https:\/\/www.eliassen.nl\/de\/yoga-bild-namaskar-gruss-60cm\/#breadcrumb\"},\"inLanguage\":\"de\",\"potentialAction\":[{\"@type\":\"ReadAction\",\"target\":[\"https:\/\/www.eliassen.nl\/de\/yoga-bild-namaskar-gruss-60cm\/\"]}]},{\"@type\":\"ImageObject\",\"inLanguage\":\"de\",\"@id\":\"https:\/\/www.eliassen.nl\/de\/yoga-bild-namaskar-gruss-60cm\/#primaryimage\",\"url\":\"https:\/\/www.eliassen.nl\/wp-content\/uploads\/2024\/01\/bryg5980_2nd.jpg\",\"contentUrl\":\"https:\/\/www.eliassen.nl\/wp-content\/uploads\/2024\/01\/bryg5980_2nd.jpg\",\"width\":900,\"height\":1600,\"caption\":\"BR YG 59 &amp; 80\"},{\"@type\":\"BreadcrumbList\",\"@id\":\"https:\/\/www.eliassen.nl\/de\/yoga-bild-namaskar-gruss-60cm\/#breadcrumb\",\"itemListElement\":[{\"@type\":\"ListItem\",\"position\":1,\"name\":\"Home\",\"item\":\"https:\/\/www.eliassen.nl\/de\/\"},{\"@type\":\"ListItem\",\"position\":2,\"name\":\"Shop\",\"item\":\"https:\/\/www.eliassen.nl\/de\/shop\/\"},{\"@type\":\"ListItem\",\"position\":3,\"name\":\"Bilder\",\"item\":\"https:\/\/www.eliassen.nl\/de\/bilder\/\"},{\"@type\":\"ListItem\",\"position\":4,\"name\":\"Betonstatuen\",\"item\":\"https:\/\/www.eliassen.nl\/de\/bilder\/betonstatuen\/\"},{\"@type\":\"ListItem\",\"position\":5,\"name\":\"Yoga-Bilder\",\"item\":\"https:\/\/www.eliassen.nl\/de\/bilder\/betonstatuen\/yoga-bilder\/\"},{\"@type\":\"ListItem\",\"position\":6,\"name\":\"Yoga-Statue Namaskar Gru\u00df 60cm\"}]},{\"@type\":\"WebSite\",\"@id\":\"https:\/\/www.eliassen.nl\/de\/#website\",\"url\":\"https:\/\/www.eliassen.nl\/de\/\",\"name\":\"Eliassen Home & Garden Pleasure\",\"description\":\"\",\"publisher\":{\"@id\":\"https:\/\/www.eliassen.nl\/de\/#organization\"},\"alternateName\":\"Eliassen.nl\",\"potentialAction\":[{\"@type\":\"SearchAction\",\"target\":{\"@type\":\"EntryPoint\",\"urlTemplate\":\"https:\/\/www.eliassen.nl\/de\/?s={search_term_string}\"},\"query-input\":{\"@type\":\"PropertyValueSpecification\",\"valueRequired\":true,\"valueName\":\"search_term_string\"}}],\"inLanguage\":\"de\"},{\"@type\":[\"Organization\",\"Place\"],\"@id\":\"https:\/\/www.eliassen.nl\/de\/#organization\",\"name\":\"Eliassen Home & Garden Pleasure\",\"url\":\"https:\/\/www.eliassen.nl\/de\/\",\"logo\":{\"@id\":\"https:\/\/www.eliassen.nl\/de\/yoga-bild-namaskar-gruss-60cm\/#local-main-organization-logo\"},\"image\":{\"@id\":\"https:\/\/www.eliassen.nl\/de\/yoga-bild-namaskar-gruss-60cm\/#local-main-organization-logo\"},\"sameAs\":[\"https:\/\/www.facebook.com\/TuincentrumEliassenAmmerzoden\",\"https:\/\/www.instagram.com\/eliassenhomeandgarden\/\",\"https:\/\/nl.pinterest.com\/eliassenhomeandgarden\/\",\"https:\/\/www.youtube.com\/@eliassenhomegardenpleasure4558\"],\"telephone\":[],\"openingHoursSpecification\":[{\"@type\":\"OpeningHoursSpecification\",\"dayOfWeek\":[\"Monday\",\"Tuesday\",\"Wednesday\",\"Thursday\",\"Friday\",\"Saturday\",\"Sunday\"],\"opens\":\"09:00\",\"closes\":\"17:00\"}]},{\"@type\":\"ImageObject\",\"inLanguage\":\"de\",\"@id\":\"https:\/\/www.eliassen.nl\/de\/yoga-bild-namaskar-gruss-60cm\/#local-main-organization-logo\",\"url\":\"https:\/\/www.eliassen.nl\/wp-content\/uploads\/2024\/01\/logo_4nd.jpg\",\"contentUrl\":\"https:\/\/www.eliassen.nl\/wp-content\/uploads\/2024\/01\/logo_4nd.jpg\",\"width\":500,\"height\":500,\"caption\":\"Eliassen Home & Garden Pleasure\"}]}<\/script>\n<meta property=\"product:price:amount\" content=\"179.00\" \/>\n<meta property=\"product:price:currency\" content=\"EUR\" \/>\n<meta property=\"og:availability\" content=\"out of stock\" \/>\n<meta property=\"product:availability\" content=\"out of stock\" \/>\n<meta property=\"product:retailer_item_id\" content=\"Bryns59\" \/>\n<meta property=\"product:condition\" content=\"new\" \/>\n<!-- \/ Yoast SEO Premium plugin. -->","yoast_head_json":{"title":"Yoga-Statue Namaskar Gru\u00df 60cm | Eliassen","description":"Bei Eliassen k\u00f6nnen Sie die Yogastatue Namaskar Gru\u00df 60cm online kaufen oder live im Ausstellungsraum betrachten. Wir haben die sch\u00f6nsten Steinskulpturen, Yogastatuen","robots":{"index":"index","follow":"follow","max-snippet":"max-snippet:-1","max-image-preview":"max-image-preview:large","max-video-preview":"max-video-preview:-1"},"canonical":"https:\/\/www.eliassen.nl\/de\/yoga-bild-namaskar-gruss-60cm\/","og_locale":"de_DE","og_type":"article","og_title":"Sonstige Yoga-Statue Namaskar Gru\u00df 60cm - Eliassen.nl","og_description":"Bei Eliassen k\u00f6nnen Sie die Yogastatue Namaskar Gru\u00df 60cm online kaufen oder live im Ausstellungsraum betrachten. Wir haben die sch\u00f6nsten Steinskulpturen, Yogastatuen","og_url":"https:\/\/www.eliassen.nl\/de\/yoga-bild-namaskar-gruss-60cm\/","og_site_name":"Eliassen.nl","article_publisher":"https:\/\/www.facebook.com\/TuincentrumEliassenAmmerzoden","article_modified_time":"2026-02-21T14:25:45+00:00","og_image":[{"width":900,"height":1600,"url":"https:\/\/www.eliassen.nl\/wp-content\/uploads\/2024\/01\/bryg5980_2nd.jpg","type":"image\/jpeg"}],"twitter_card":"summary_large_image","schema":{"@context":"https:\/\/schema.org","@graph":[{"@type":"WebPage","@id":"https:\/\/www.eliassen.nl\/de\/yoga-bild-namaskar-gruss-60cm\/","url":"https:\/\/www.eliassen.nl\/de\/yoga-bild-namaskar-gruss-60cm\/","name":"Yoga-Statue Namaskar Gru\u00df 60cm | Eliassen","isPartOf":{"@id":"https:\/\/www.eliassen.nl\/de\/#website"},"primaryImageOfPage":{"@id":"https:\/\/www.eliassen.nl\/de\/yoga-bild-namaskar-gruss-60cm\/#primaryimage"},"image":{"@id":"https:\/\/www.eliassen.nl\/de\/yoga-bild-namaskar-gruss-60cm\/#primaryimage"},"thumbnailUrl":"https:\/\/www.eliassen.nl\/wp-content\/uploads\/2024\/01\/bryg5980_2nd.jpg","datePublished":"2019-10-28T17:35:16+00:00","dateModified":"2026-02-21T14:25:45+00:00","description":"Bei Eliassen k\u00f6nnen Sie die Yogastatue Namaskar Gru\u00df 60cm online kaufen oder live im Ausstellungsraum betrachten. Wir haben die sch\u00f6nsten Steinskulpturen, Yogastatuen","breadcrumb":{"@id":"https:\/\/www.eliassen.nl\/de\/yoga-bild-namaskar-gruss-60cm\/#breadcrumb"},"inLanguage":"de","potentialAction":[{"@type":"ReadAction","target":["https:\/\/www.eliassen.nl\/de\/yoga-bild-namaskar-gruss-60cm\/"]}]},{"@type":"ImageObject","inLanguage":"de","@id":"https:\/\/www.eliassen.nl\/de\/yoga-bild-namaskar-gruss-60cm\/#primaryimage","url":"https:\/\/www.eliassen.nl\/wp-content\/uploads\/2024\/01\/bryg5980_2nd.jpg","contentUrl":"https:\/\/www.eliassen.nl\/wp-content\/uploads\/2024\/01\/bryg5980_2nd.jpg","width":900,"height":1600,"caption":"BR YG 59 &amp; 80"},{"@type":"BreadcrumbList","@id":"https:\/\/www.eliassen.nl\/de\/yoga-bild-namaskar-gruss-60cm\/#breadcrumb","itemListElement":[{"@type":"ListItem","position":1,"name":"Home","item":"https:\/\/www.eliassen.nl\/de\/"},{"@type":"ListItem","position":2,"name":"Shop","item":"https:\/\/www.eliassen.nl\/de\/shop\/"},{"@type":"ListItem","position":3,"name":"Bilder","item":"https:\/\/www.eliassen.nl\/de\/bilder\/"},{"@type":"ListItem","position":4,"name":"Betonstatuen","item":"https:\/\/www.eliassen.nl\/de\/bilder\/betonstatuen\/"},{"@type":"ListItem","position":5,"name":"Yoga-Bilder","item":"https:\/\/www.eliassen.nl\/de\/bilder\/betonstatuen\/yoga-bilder\/"},{"@type":"ListItem","position":6,"name":"Yoga-Statue Namaskar Gru\u00df 60cm"}]},{"@type":"WebSite","@id":"https:\/\/www.eliassen.nl\/de\/#website","url":"https:\/\/www.eliassen.nl\/de\/","name":"Eliassen Home & Garden Pleasure","description":"","publisher":{"@id":"https:\/\/www.eliassen.nl\/de\/#organization"},"alternateName":"Eliassen.nl","potentialAction":[{"@type":"SearchAction","target":{"@type":"EntryPoint","urlTemplate":"https:\/\/www.eliassen.nl\/de\/?s={search_term_string}"},"query-input":{"@type":"PropertyValueSpecification","valueRequired":true,"valueName":"search_term_string"}}],"inLanguage":"de"},{"@type":["Organization","Place"],"@id":"https:\/\/www.eliassen.nl\/de\/#organization","name":"Eliassen Home & Garden Pleasure","url":"https:\/\/www.eliassen.nl\/de\/","logo":{"@id":"https:\/\/www.eliassen.nl\/de\/yoga-bild-namaskar-gruss-60cm\/#local-main-organization-logo"},"image":{"@id":"https:\/\/www.eliassen.nl\/de\/yoga-bild-namaskar-gruss-60cm\/#local-main-organization-logo"},"sameAs":["https:\/\/www.facebook.com\/TuincentrumEliassenAmmerzoden","https:\/\/www.instagram.com\/eliassenhomeandgarden\/","https:\/\/nl.pinterest.com\/eliassenhomeandgarden\/","https:\/\/www.youtube.com\/@eliassenhomegardenpleasure4558"],"telephone":[],"openingHoursSpecification":[{"@type":"OpeningHoursSpecification","dayOfWeek":["Monday","Tuesday","Wednesday","Thursday","Friday","Saturday","Sunday"],"opens":"09:00","closes":"17:00"}]},{"@type":"ImageObject","inLanguage":"de","@id":"https:\/\/www.eliassen.nl\/de\/yoga-bild-namaskar-gruss-60cm\/#local-main-organization-logo","url":"https:\/\/www.eliassen.nl\/wp-content\/uploads\/2024\/01\/logo_4nd.jpg","contentUrl":"https:\/\/www.eliassen.nl\/wp-content\/uploads\/2024\/01\/logo_4nd.jpg","width":500,"height":500,"caption":"Eliassen Home & Garden Pleasure"}]},"product_price_amount":"179.00","product_price_currency":"EUR","og_availability":"out of stock","product_availability":"out of stock","product_retailer_item_id":"Bryns59","product_condition":"new"},"df_price":179,"df_sale_price":"","df_regular_price":179,"df_image_link":"https:\/\/www.eliassen.nl\/wp-content\/uploads\/2024\/01\/bryg5980_2nd.jpg","image":"https:\/\/www.eliassen.nl\/wp-content\/uploads\/2024\/01\/bryg5980_2nd.jpg","price_search":"<span class=\"woocommerce-Price-amount amount\"><bdi><span class=\"woocommerce-Price-currencySymbol\">&euro;<\/span>&nbsp;179,00<\/bdi><\/span>","category":"Betonstatuen","global_unique_id":"7438235715766","_links":{"self":[{"href":"https:\/\/www.eliassen.nl\/de\/wp-json\/wp\/v2\/product\/13033","targetHints":{"allow":["GET"]}}],"collection":[{"href":"https:\/\/www.eliassen.nl\/de\/wp-json\/wp\/v2\/product"}],"about":[{"href":"https:\/\/www.eliassen.nl\/de\/wp-json\/wp\/v2\/types\/product"}],"wp:featuredmedia":[{"embeddable":true,"href":"https:\/\/www.eliassen.nl\/de\/wp-json\/wp\/v2\/media\/13030"}],"wp:attachment":[{"href":"https:\/\/www.eliassen.nl\/de\/wp-json\/wp\/v2\/media?parent=13033"}],"wp:term":[{"taxonomy":"product_brand","embeddable":true,"href":"https:\/\/www.eliassen.nl\/de\/wp-json\/wp\/v2\/product_brand?post=13033"},{"taxonomy":"product_cat","embeddable":true,"href":"https:\/\/www.eliassen.nl\/de\/wp-json\/wp\/v2\/product_cat?post=13033"},{"taxonomy":"product_tag","embeddable":true,"href":"https:\/\/www.eliassen.nl\/de\/wp-json\/wp\/v2\/product_tag?post=13033"}],"curies":[{"name":"wp","href":"https:\/\/api.w.org\/{rel}","templated":true}]}}