{"id":128826,"date":"2021-02-17T13:41:52","date_gmt":"2021-02-17T13:41:52","guid":{"rendered":"https:\/\/www.eliassen.nl\/?product=waterornament-ludo-zuilen-in-verschillende-maten"},"modified":"2026-02-23T09:04:17","modified_gmt":"2026-02-23T08:04:17","slug":"wasserspiel-ludo-saulen-aus-basaltstein-in-verschiedenen-grossen","status":"publish","type":"product","link":"https:\/\/www.eliassen.nl\/de\/wasserspiel-ludo-saulen-aus-basaltstein-in-verschiedenen-grossen\/","title":{"rendered":"Basaltstein Wasser Ornament Ludo S\u00e4ulen in verschiedenen Gr\u00f6\u00dfen"},"content":{"rendered":"<p><strong>Es handelt sich um ein loses Ornament. Erkundigen Sie sich nach den anderen ben\u00f6tigten Teilen.<\/strong><\/p>\n<p>Wassers\u00e4ulen aus Basaltstein, mit polierter Seite und Oberseite. Eine LED-Leuchte kann in den S\u00e4ulen angebracht werden, aber noch sch\u00f6ner ist es, wenn sie mit einem Strahler beleuchtet wird. Diese S\u00e4ulen kommen in der Natur so vor und k\u00f6nnen daher in Dicke und Farbe variieren. Wahrlich ein Set f\u00fcr Liebhaber des nat\u00fcrlichen Looks. Wenn die S\u00e4ulen nass sind, sehen sie ein wenig dunkler aus (siehe Foto).<\/p>\n<p>Die Abmessungen der S\u00e4ulen sind: 60, 80 oder 100 cm hoch.<strong><em>  Die S\u00e4ulen sind nur bei uns erh\u00e4ltlich.<\/em><\/strong><\/p>\n<p>Diese S\u00e4ulen bieten das Beste aus beiden Welten. An der Oberseite poliert und an den Seiten im Originalzustand erhalten. Sind Sie auf der Suche nach einem nat\u00fcrlichen Wasserornament oder Springbrunnen? Bei diesem Ornament handelt es sich um ein echtes Naturprodukt aus Basaltstein, bei dem die Sch\u00f6nheit des Steintyps unber\u00fchrt geblieben ist.<\/p>\n<ul>\n<li>Exklusives Naturprodukt<\/li>\n<li>Dicke ca. 30cm pro S\u00e4ule<\/li>\n<li>H\u00f6he jeweils 60, 80 oder 100cm<\/li>\n<li>ab Lager lieferbar<\/li>\n<li>Dies ist ein loses Ornament, bitte erkundigen Sie sich nach weiteren Lieferungen.<\/li>\n<\/ul>\n","protected":false},"excerpt":{"rendered":"<p>Es handelt sich um ein loses Ornament. Erkundigen Sie sich nach den anderen ben\u00f6tigten Teilen.<\/p>\n","protected":false},"featured_media":26662,"template":"","meta":{"_acf_changed":false,"_genesis_title":"","_genesis_description":""},"product_brand":[7505],"product_cat":[539,551,536],"product_tag":[],"class_list":{"0":"post-128826","1":"product","2":"type-product","3":"status-publish","4":"has-post-thumbnail","6":"product_brand-sonstige","7":"product_cat-einzigartige-eigene-modelle-von-losen-wasserspiele","8":"product_cat-lose-wasserspiele","9":"product_cat-wassereigenschaften","11":"first","12":"instock","13":"taxable","14":"shipping-taxable","15":"purchasable","16":"product-type-variable"},"acf":[],"meta_all":{"total_sales":"1","wcml_sync_hash":{"postmeta_fields":"aa6c419d13aece70d3b1378962ecae9d"},"attr_label_translations":[],"cor_restricted_countries":[]},"meta_all_flat":{"total_sales":"1","wcml_sync_hash.postmeta_fields":"aa6c419d13aece70d3b1378962ecae9d"},"yoast_head":"<!-- This site is optimized with the Yoast SEO Premium plugin v26.2 (Yoast SEO v27.2) - https:\/\/yoast.com\/product\/yoast-seo-premium-wordpress\/ -->\n<title>Basaltstein Wasserornament Ludo in S\u00e4ulenform - Eliassen.nl<\/title>\n<meta name=\"description\" content=\"Wasserornament Basaltstein poliert mit S\u00e4ule. Hier kann eine LED-Leuchte eingesetzt werden. Wir haben eine gro\u00dfe Sammlung von bis zu +300 Wasserornamenten!\" \/>\n<meta name=\"robots\" content=\"index, follow, max-snippet:-1, max-image-preview:large, max-video-preview:-1\" \/>\n<link rel=\"canonical\" href=\"https:\/\/www.eliassen.nl\/de\/wasserspiel-ludo-saulen-aus-basaltstein-in-verschiedenen-grossen\/\" \/>\n<meta property=\"og:locale\" content=\"de_DE\" \/>\n<meta property=\"og:type\" content=\"article\" \/>\n<meta property=\"og:title\" content=\"Sonstige Basaltstein Wasser Ornament Ludo S\u00e4ulen in verschiedenen Gr\u00f6\u00dfen - Eliassen.nl\" \/>\n<meta property=\"og:description\" content=\"Wasserornament Basaltstein poliert mit S\u00e4ule. Hier kann eine LED-Leuchte eingesetzt werden. Wir haben eine gro\u00dfe Sammlung von bis zu +300 Wasserornamenten!\" \/>\n<meta property=\"og:url\" content=\"https:\/\/www.eliassen.nl\/de\/wasserspiel-ludo-saulen-aus-basaltstein-in-verschiedenen-grossen\/\" \/>\n<meta property=\"og:site_name\" content=\"Eliassen.nl\" \/>\n<meta property=\"article:publisher\" content=\"https:\/\/www.facebook.com\/TuincentrumEliassenAmmerzoden\" \/>\n<meta property=\"article:modified_time\" content=\"2026-02-23T08:04:17+00:00\" \/>\n<meta property=\"og:image\" content=\"https:\/\/www.eliassen.nl\/wp-content\/uploads\/2024\/01\/mijnproject20220930t150238003.png\" \/>\n\t<meta property=\"og:image:width\" content=\"1500\" \/>\n\t<meta property=\"og:image:height\" content=\"2000\" \/>\n\t<meta property=\"og:image:type\" content=\"image\/png\" \/>\n<meta name=\"twitter:card\" content=\"summary_large_image\" \/>\n<script type=\"application\/ld+json\" class=\"yoast-schema-graph\">{\"@context\":\"https:\/\/schema.org\",\"@graph\":[{\"@type\":\"WebPage\",\"@id\":\"https:\/\/www.eliassen.nl\/de\/wasserspiel-ludo-saulen-aus-basaltstein-in-verschiedenen-grossen\/\",\"url\":\"https:\/\/www.eliassen.nl\/de\/wasserspiel-ludo-saulen-aus-basaltstein-in-verschiedenen-grossen\/\",\"name\":\"Basaltstein Wasserornament Ludo in S\u00e4ulenform - Eliassen.nl\",\"isPartOf\":{\"@id\":\"https:\/\/www.eliassen.nl\/de\/#website\"},\"primaryImageOfPage\":{\"@id\":\"https:\/\/www.eliassen.nl\/de\/wasserspiel-ludo-saulen-aus-basaltstein-in-verschiedenen-grossen\/#primaryimage\"},\"image\":{\"@id\":\"https:\/\/www.eliassen.nl\/de\/wasserspiel-ludo-saulen-aus-basaltstein-in-verschiedenen-grossen\/#primaryimage\"},\"thumbnailUrl\":\"https:\/\/www.eliassen.nl\/wp-content\/uploads\/2024\/01\/mijnproject20220930t150238003.png\",\"datePublished\":\"2021-02-17T13:41:52+00:00\",\"dateModified\":\"2026-02-23T08:04:17+00:00\",\"description\":\"Wasserornament Basaltstein poliert mit S\u00e4ule. Hier kann eine LED-Leuchte eingesetzt werden. Wir haben eine gro\u00dfe Sammlung von bis zu +300 Wasserornamenten!\",\"breadcrumb\":{\"@id\":\"https:\/\/www.eliassen.nl\/de\/wasserspiel-ludo-saulen-aus-basaltstein-in-verschiedenen-grossen\/#breadcrumb\"},\"inLanguage\":\"de\",\"potentialAction\":[{\"@type\":\"ReadAction\",\"target\":[\"https:\/\/www.eliassen.nl\/de\/wasserspiel-ludo-saulen-aus-basaltstein-in-verschiedenen-grossen\/\"]}]},{\"@type\":\"ImageObject\",\"inLanguage\":\"de\",\"@id\":\"https:\/\/www.eliassen.nl\/de\/wasserspiel-ludo-saulen-aus-basaltstein-in-verschiedenen-grossen\/#primaryimage\",\"url\":\"https:\/\/www.eliassen.nl\/wp-content\/uploads\/2024\/01\/mijnproject20220930t150238003.png\",\"contentUrl\":\"https:\/\/www.eliassen.nl\/wp-content\/uploads\/2024\/01\/mijnproject20220930t150238003.png\",\"width\":1500,\"height\":2000,\"caption\":\"Mein Projekt - 2022-09-30T150238.003\"},{\"@type\":\"BreadcrumbList\",\"@id\":\"https:\/\/www.eliassen.nl\/de\/wasserspiel-ludo-saulen-aus-basaltstein-in-verschiedenen-grossen\/#breadcrumb\",\"itemListElement\":[{\"@type\":\"ListItem\",\"position\":1,\"name\":\"Home\",\"item\":\"https:\/\/www.eliassen.nl\/de\/\"},{\"@type\":\"ListItem\",\"position\":2,\"name\":\"Shop\",\"item\":\"https:\/\/www.eliassen.nl\/de\/shop\/\"},{\"@type\":\"ListItem\",\"position\":3,\"name\":\"Wasserspiele\",\"item\":\"https:\/\/www.eliassen.nl\/de\/wassereigenschaften\/\"},{\"@type\":\"ListItem\",\"position\":4,\"name\":\"Einzigartige eigene Modelle von losen Wasserspielen\",\"item\":\"https:\/\/www.eliassen.nl\/de\/wassereigenschaften\/einzigartige-eigene-modelle-von-losen-wasserspiele\/\"},{\"@type\":\"ListItem\",\"position\":5,\"name\":\"Basaltstein Wasser Ornament Ludo S\u00e4ulen in verschiedenen Gr\u00f6\u00dfen\"}]},{\"@type\":\"WebSite\",\"@id\":\"https:\/\/www.eliassen.nl\/de\/#website\",\"url\":\"https:\/\/www.eliassen.nl\/de\/\",\"name\":\"Eliassen Home & Garden Pleasure\",\"description\":\"\",\"publisher\":{\"@id\":\"https:\/\/www.eliassen.nl\/de\/#organization\"},\"alternateName\":\"Eliassen.nl\",\"potentialAction\":[{\"@type\":\"SearchAction\",\"target\":{\"@type\":\"EntryPoint\",\"urlTemplate\":\"https:\/\/www.eliassen.nl\/de\/?s={search_term_string}\"},\"query-input\":{\"@type\":\"PropertyValueSpecification\",\"valueRequired\":true,\"valueName\":\"search_term_string\"}}],\"inLanguage\":\"de\"},{\"@type\":[\"Organization\",\"Place\"],\"@id\":\"https:\/\/www.eliassen.nl\/de\/#organization\",\"name\":\"Eliassen Home & Garden Pleasure\",\"url\":\"https:\/\/www.eliassen.nl\/de\/\",\"logo\":{\"@id\":\"https:\/\/www.eliassen.nl\/de\/wasserspiel-ludo-saulen-aus-basaltstein-in-verschiedenen-grossen\/#local-main-organization-logo\"},\"image\":{\"@id\":\"https:\/\/www.eliassen.nl\/de\/wasserspiel-ludo-saulen-aus-basaltstein-in-verschiedenen-grossen\/#local-main-organization-logo\"},\"sameAs\":[\"https:\/\/www.facebook.com\/TuincentrumEliassenAmmerzoden\",\"https:\/\/www.instagram.com\/eliassenhomeandgarden\/\",\"https:\/\/nl.pinterest.com\/eliassenhomeandgarden\/\",\"https:\/\/www.youtube.com\/@eliassenhomegardenpleasure4558\"],\"telephone\":[],\"openingHoursSpecification\":[{\"@type\":\"OpeningHoursSpecification\",\"dayOfWeek\":[\"Monday\",\"Tuesday\",\"Wednesday\",\"Thursday\",\"Friday\",\"Saturday\",\"Sunday\"],\"opens\":\"09:00\",\"closes\":\"17:00\"}]},{\"@type\":\"ImageObject\",\"inLanguage\":\"de\",\"@id\":\"https:\/\/www.eliassen.nl\/de\/wasserspiel-ludo-saulen-aus-basaltstein-in-verschiedenen-grossen\/#local-main-organization-logo\",\"url\":\"https:\/\/www.eliassen.nl\/wp-content\/uploads\/2024\/01\/logo_4nd.jpg\",\"contentUrl\":\"https:\/\/www.eliassen.nl\/wp-content\/uploads\/2024\/01\/logo_4nd.jpg\",\"width\":500,\"height\":500,\"caption\":\"Eliassen Home & Garden Pleasure\"}]}<\/script>\n<meta property=\"og:availability\" content=\"instock\" \/>\n<meta property=\"product:availability\" content=\"instock\" \/>\n<meta property=\"product:retailer_item_id\" content=\"9506459939911\" \/>\n<meta property=\"product:condition\" content=\"new\" \/>\n<!-- \/ Yoast SEO Premium plugin. -->","yoast_head_json":{"title":"Basaltstein Wasserornament Ludo in S\u00e4ulenform - Eliassen.nl","description":"Wasserornament Basaltstein poliert mit S\u00e4ule. Hier kann eine LED-Leuchte eingesetzt werden. Wir haben eine gro\u00dfe Sammlung von bis zu +300 Wasserornamenten!","robots":{"index":"index","follow":"follow","max-snippet":"max-snippet:-1","max-image-preview":"max-image-preview:large","max-video-preview":"max-video-preview:-1"},"canonical":"https:\/\/www.eliassen.nl\/de\/wasserspiel-ludo-saulen-aus-basaltstein-in-verschiedenen-grossen\/","og_locale":"de_DE","og_type":"article","og_title":"Sonstige Basaltstein Wasser Ornament Ludo S\u00e4ulen in verschiedenen Gr\u00f6\u00dfen - Eliassen.nl","og_description":"Wasserornament Basaltstein poliert mit S\u00e4ule. Hier kann eine LED-Leuchte eingesetzt werden. Wir haben eine gro\u00dfe Sammlung von bis zu +300 Wasserornamenten!","og_url":"https:\/\/www.eliassen.nl\/de\/wasserspiel-ludo-saulen-aus-basaltstein-in-verschiedenen-grossen\/","og_site_name":"Eliassen.nl","article_publisher":"https:\/\/www.facebook.com\/TuincentrumEliassenAmmerzoden","article_modified_time":"2026-02-23T08:04:17+00:00","og_image":[{"width":1500,"height":2000,"url":"https:\/\/www.eliassen.nl\/wp-content\/uploads\/2024\/01\/mijnproject20220930t150238003.png","type":"image\/png"}],"twitter_card":"summary_large_image","schema":{"@context":"https:\/\/schema.org","@graph":[{"@type":"WebPage","@id":"https:\/\/www.eliassen.nl\/de\/wasserspiel-ludo-saulen-aus-basaltstein-in-verschiedenen-grossen\/","url":"https:\/\/www.eliassen.nl\/de\/wasserspiel-ludo-saulen-aus-basaltstein-in-verschiedenen-grossen\/","name":"Basaltstein Wasserornament Ludo in S\u00e4ulenform - Eliassen.nl","isPartOf":{"@id":"https:\/\/www.eliassen.nl\/de\/#website"},"primaryImageOfPage":{"@id":"https:\/\/www.eliassen.nl\/de\/wasserspiel-ludo-saulen-aus-basaltstein-in-verschiedenen-grossen\/#primaryimage"},"image":{"@id":"https:\/\/www.eliassen.nl\/de\/wasserspiel-ludo-saulen-aus-basaltstein-in-verschiedenen-grossen\/#primaryimage"},"thumbnailUrl":"https:\/\/www.eliassen.nl\/wp-content\/uploads\/2024\/01\/mijnproject20220930t150238003.png","datePublished":"2021-02-17T13:41:52+00:00","dateModified":"2026-02-23T08:04:17+00:00","description":"Wasserornament Basaltstein poliert mit S\u00e4ule. Hier kann eine LED-Leuchte eingesetzt werden. Wir haben eine gro\u00dfe Sammlung von bis zu +300 Wasserornamenten!","breadcrumb":{"@id":"https:\/\/www.eliassen.nl\/de\/wasserspiel-ludo-saulen-aus-basaltstein-in-verschiedenen-grossen\/#breadcrumb"},"inLanguage":"de","potentialAction":[{"@type":"ReadAction","target":["https:\/\/www.eliassen.nl\/de\/wasserspiel-ludo-saulen-aus-basaltstein-in-verschiedenen-grossen\/"]}]},{"@type":"ImageObject","inLanguage":"de","@id":"https:\/\/www.eliassen.nl\/de\/wasserspiel-ludo-saulen-aus-basaltstein-in-verschiedenen-grossen\/#primaryimage","url":"https:\/\/www.eliassen.nl\/wp-content\/uploads\/2024\/01\/mijnproject20220930t150238003.png","contentUrl":"https:\/\/www.eliassen.nl\/wp-content\/uploads\/2024\/01\/mijnproject20220930t150238003.png","width":1500,"height":2000,"caption":"Mein Projekt - 2022-09-30T150238.003"},{"@type":"BreadcrumbList","@id":"https:\/\/www.eliassen.nl\/de\/wasserspiel-ludo-saulen-aus-basaltstein-in-verschiedenen-grossen\/#breadcrumb","itemListElement":[{"@type":"ListItem","position":1,"name":"Home","item":"https:\/\/www.eliassen.nl\/de\/"},{"@type":"ListItem","position":2,"name":"Shop","item":"https:\/\/www.eliassen.nl\/de\/shop\/"},{"@type":"ListItem","position":3,"name":"Wasserspiele","item":"https:\/\/www.eliassen.nl\/de\/wassereigenschaften\/"},{"@type":"ListItem","position":4,"name":"Einzigartige eigene Modelle von losen Wasserspielen","item":"https:\/\/www.eliassen.nl\/de\/wassereigenschaften\/einzigartige-eigene-modelle-von-losen-wasserspiele\/"},{"@type":"ListItem","position":5,"name":"Basaltstein Wasser Ornament Ludo S\u00e4ulen in verschiedenen Gr\u00f6\u00dfen"}]},{"@type":"WebSite","@id":"https:\/\/www.eliassen.nl\/de\/#website","url":"https:\/\/www.eliassen.nl\/de\/","name":"Eliassen Home & Garden Pleasure","description":"","publisher":{"@id":"https:\/\/www.eliassen.nl\/de\/#organization"},"alternateName":"Eliassen.nl","potentialAction":[{"@type":"SearchAction","target":{"@type":"EntryPoint","urlTemplate":"https:\/\/www.eliassen.nl\/de\/?s={search_term_string}"},"query-input":{"@type":"PropertyValueSpecification","valueRequired":true,"valueName":"search_term_string"}}],"inLanguage":"de"},{"@type":["Organization","Place"],"@id":"https:\/\/www.eliassen.nl\/de\/#organization","name":"Eliassen Home & Garden Pleasure","url":"https:\/\/www.eliassen.nl\/de\/","logo":{"@id":"https:\/\/www.eliassen.nl\/de\/wasserspiel-ludo-saulen-aus-basaltstein-in-verschiedenen-grossen\/#local-main-organization-logo"},"image":{"@id":"https:\/\/www.eliassen.nl\/de\/wasserspiel-ludo-saulen-aus-basaltstein-in-verschiedenen-grossen\/#local-main-organization-logo"},"sameAs":["https:\/\/www.facebook.com\/TuincentrumEliassenAmmerzoden","https:\/\/www.instagram.com\/eliassenhomeandgarden\/","https:\/\/nl.pinterest.com\/eliassenhomeandgarden\/","https:\/\/www.youtube.com\/@eliassenhomegardenpleasure4558"],"telephone":[],"openingHoursSpecification":[{"@type":"OpeningHoursSpecification","dayOfWeek":["Monday","Tuesday","Wednesday","Thursday","Friday","Saturday","Sunday"],"opens":"09:00","closes":"17:00"}]},{"@type":"ImageObject","inLanguage":"de","@id":"https:\/\/www.eliassen.nl\/de\/wasserspiel-ludo-saulen-aus-basaltstein-in-verschiedenen-grossen\/#local-main-organization-logo","url":"https:\/\/www.eliassen.nl\/wp-content\/uploads\/2024\/01\/logo_4nd.jpg","contentUrl":"https:\/\/www.eliassen.nl\/wp-content\/uploads\/2024\/01\/logo_4nd.jpg","width":500,"height":500,"caption":"Eliassen Home & Garden Pleasure"}]},"og_availability":"instock","product_availability":"instock","product_retailer_item_id":"9506459939911","product_condition":"new"},"df_price":249,"df_sale_price":"","df_regular_price":249,"df_image_link":"https:\/\/www.eliassen.nl\/wp-content\/uploads\/2024\/01\/mijnproject20220930t150238003.png","image":"https:\/\/www.eliassen.nl\/wp-content\/uploads\/2024\/01\/mijnproject20220930t150238003.png","price_search":"<span class=\"woocommerce-Price-amount amount\"><bdi><span class=\"woocommerce-Price-currencySymbol\">&euro;<\/span>&nbsp;249,00<\/bdi><\/span>","category":"Einzigartige eigene Modelle von losen Wasserspielen","global_unique_id":"9506459939911","_links":{"self":[{"href":"https:\/\/www.eliassen.nl\/de\/wp-json\/wp\/v2\/product\/128826","targetHints":{"allow":["GET"]}}],"collection":[{"href":"https:\/\/www.eliassen.nl\/de\/wp-json\/wp\/v2\/product"}],"about":[{"href":"https:\/\/www.eliassen.nl\/de\/wp-json\/wp\/v2\/types\/product"}],"wp:featuredmedia":[{"embeddable":true,"href":"https:\/\/www.eliassen.nl\/de\/wp-json\/wp\/v2\/media\/26662"}],"wp:attachment":[{"href":"https:\/\/www.eliassen.nl\/de\/wp-json\/wp\/v2\/media?parent=128826"}],"wp:term":[{"taxonomy":"product_brand","embeddable":true,"href":"https:\/\/www.eliassen.nl\/de\/wp-json\/wp\/v2\/product_brand?post=128826"},{"taxonomy":"product_cat","embeddable":true,"href":"https:\/\/www.eliassen.nl\/de\/wp-json\/wp\/v2\/product_cat?post=128826"},{"taxonomy":"product_tag","embeddable":true,"href":"https:\/\/www.eliassen.nl\/de\/wp-json\/wp\/v2\/product_tag?post=128826"}],"curies":[{"name":"wp","href":"https:\/\/api.w.org\/{rel}","templated":true}]}}