{"id":128693,"date":"2019-10-28T16:59:37","date_gmt":"2019-10-28T16:59:37","guid":{"rendered":"https:\/\/www.eliassen.nl\/?product=kei-wasserkugel-in-original-5-messungen-copy"},"modified":"2026-03-27T11:51:04","modified_gmt":"2026-03-27T10:51:04","slug":"boulder-wasserornament-in-eiform-in-2-grossen","status":"publish","type":"product","link":"https:\/\/www.eliassen.nl\/de\/boulder-wasserornament-in-eiform-in-2-grossen\/","title":{"rendered":"Boulder Wasserornament in Ei-Form in 2 Gr\u00f6\u00dfen"},"content":{"rendered":"<p><strong>Die Komplettsets enthalten alles, was Sie brauchen, um das Element in Betrieb zu nehmen. Die Sets enthalten keine Abdecksteine und Spotbeleuchtung!<\/strong><\/p>\n<p><strong>Ziersteine finden Sie <a href=\"https:\/\/www.eliassen.nl\/nl\/tuin-overig\/sierstenen\/\">hier<\/a>.<\/strong><br \/>\n<strong>Scheinwerfer, die die Gl\u00fchbirne beleuchten, sind <a href=\"https:\/\/www.eliassen.nl\/nl\/waterornamenten\/onderdelen-waterornamenten\/\">hier<\/a> zu sehen.<\/strong><\/p>\n<p>Gestalten Sie Ihren Garten exklusiv und unverwechselbar mit diesen Wasserkugeln in Eiform aus wasserfestem Steinguss mit einer H\u00f6he von 60 oder 100 cm. Vollst\u00e4ndig mit <span style=\"text-decoration: underline;\">ganzen<\/span>Flussbl\u00f6cken eingelegt, sehr exklusiv und arbeitsintensiv in der Herstellung. Da diese Gl\u00fchbirnen nicht maschinell, sondern von Hand gefertigt werden, sind bei diesen Gl\u00fchbirnen immer Unebenheiten zu finden.<\/p>\n<p>Verleiht einen sch\u00f6nen pl\u00e4tschernden Klang und ein sehr sch\u00f6nes Funkeln, besonders im Dunkeln mit einem Scheinwerfer.<\/p>\n<p><strong><span style=\"background-color: #ffffff;\">ACHTUNG!<\/span><\/strong> Wir haben die originalen Gl\u00fchbirnen, es gibt Nachahmungen auf dem Markt, diese sind lackiert und diese Gl\u00fchbirnen haben nur Felsbrocken auf dem Substrat geklebt, die sich schnell abl\u00f6sen. Au\u00dferdem erzeugen diese Gl\u00fchbirnen bei weitem nicht den sch\u00f6nen Riffel-Effekt !!!<\/p>\n<p><strong>PS Besuchen Sie unseren Ausstellungsraum, um viele Modelle live zu bewundern! !!  <\/strong><\/p>\n<p>Haben Sie eine Frage zu diesem Produkt? Wenn ja, k\u00f6nnen Sie uns gerne kontaktieren.<\/p>\n<ul>\n<li>100% handgefertigt<\/li>\n<li>Verwendung von ganzen Flusskieseln, nicht von halb verklebten<\/li>\n<li>100% frostbest\u00e4ndig<\/li>\n<li>H\u00f6he 60 oder 100cm, Durchmesser ca. 41 bzw. 85cm<\/li>\n<li>Sehr exklusiv<\/li>\n<\/ul>\n","protected":false},"excerpt":{"rendered":"<p>Es handelt sich um ein loses Ornament. Erkundigen Sie sich nach den anderen ben\u00f6tigten Teilen.<\/p>\n","protected":false},"featured_media":9745,"template":"","meta":{"_acf_changed":false,"_genesis_title":"","_genesis_description":""},"product_brand":[6916],"product_cat":[539,551,569,536],"product_tag":[],"class_list":{"0":"post-128693","1":"product","2":"type-product","3":"status-publish","4":"has-post-thumbnail","6":"product_brand-eliassen-de","7":"product_cat-einzigartige-eigene-modelle-von-losen-wasserspiele","8":"product_cat-lose-wasserspiele","9":"product_cat-wasserbaelle","10":"product_cat-wassereigenschaften","12":"first","13":"instock","14":"taxable","15":"shipping-taxable","16":"purchasable","17":"product-type-variable"},"acf":[],"meta_all":{"total_sales":"1","wcml_sync_hash":{"postmeta_fields":"b6f5965132b1bde71dcad36ea320771d"},"attr_label_translations":[],"cor_restricted_countries":[]},"meta_all_flat":{"total_sales":"1","wcml_sync_hash.postmeta_fields":"b6f5965132b1bde71dcad36ea320771d"},"yoast_head":"<!-- This site is optimized with the Yoast SEO Premium plugin v26.2 (Yoast SEO v27.2) - https:\/\/yoast.com\/product\/yoast-seo-premium-wordpress\/ -->\n<title>Boulder Wasser Ornament Ei-Form in 2 Gr\u00f6\u00dfen - Eliassen.nl<\/title>\n<meta name=\"description\" content=\"Ein sehr exklusives eif\u00f6rmiges Wasserornament aus wasserfestem Kunststein. 100 frostbest\u00e4ndig. Erh\u00e4ltlich in 2 Gr\u00f6\u00dfen. Auch LIVE in unserem Shop zu sehen!\" \/>\n<meta name=\"robots\" content=\"index, follow, max-snippet:-1, max-image-preview:large, max-video-preview:-1\" \/>\n<link rel=\"canonical\" href=\"https:\/\/www.eliassen.nl\/de\/boulder-wasserornament-in-eiform-in-2-grossen\/\" \/>\n<meta property=\"og:locale\" content=\"de_DE\" \/>\n<meta property=\"og:type\" content=\"article\" \/>\n<meta property=\"og:title\" content=\"Eliassen Boulder Wasserornament in Ei-Form in 2 Gr\u00f6\u00dfen - Eliassen.nl\" \/>\n<meta property=\"og:description\" content=\"Ein sehr exklusives eif\u00f6rmiges Wasserornament aus wasserfestem Kunststein. 100 frostbest\u00e4ndig. Erh\u00e4ltlich in 2 Gr\u00f6\u00dfen. Auch LIVE in unserem Shop zu sehen!\" \/>\n<meta property=\"og:url\" content=\"https:\/\/www.eliassen.nl\/de\/boulder-wasserornament-in-eiform-in-2-grossen\/\" \/>\n<meta property=\"og:site_name\" content=\"Eliassen.nl\" \/>\n<meta property=\"article:publisher\" content=\"https:\/\/www.facebook.com\/TuincentrumEliassenAmmerzoden\" \/>\n<meta property=\"article:modified_time\" content=\"2026-03-27T10:51:04+00:00\" \/>\n<meta property=\"og:image\" content=\"https:\/\/www.eliassen.nl\/wp-content\/uploads\/2024\/01\/keiwaterornamenteivormin2mateneliassennl.jpg\" \/>\n\t<meta property=\"og:image:width\" content=\"900\" \/>\n\t<meta property=\"og:image:height\" content=\"1600\" \/>\n\t<meta property=\"og:image:type\" content=\"image\/jpeg\" \/>\n<meta name=\"twitter:card\" content=\"summary_large_image\" \/>\n<script type=\"application\/ld+json\" class=\"yoast-schema-graph\">{\"@context\":\"https:\/\/schema.org\",\"@graph\":[{\"@type\":\"WebPage\",\"@id\":\"https:\/\/www.eliassen.nl\/de\/boulder-wasserornament-in-eiform-in-2-grossen\/\",\"url\":\"https:\/\/www.eliassen.nl\/de\/boulder-wasserornament-in-eiform-in-2-grossen\/\",\"name\":\"Boulder Wasser Ornament Ei-Form in 2 Gr\u00f6\u00dfen - Eliassen.nl\",\"isPartOf\":{\"@id\":\"https:\/\/www.eliassen.nl\/de\/#website\"},\"primaryImageOfPage\":{\"@id\":\"https:\/\/www.eliassen.nl\/de\/boulder-wasserornament-in-eiform-in-2-grossen\/#primaryimage\"},\"image\":{\"@id\":\"https:\/\/www.eliassen.nl\/de\/boulder-wasserornament-in-eiform-in-2-grossen\/#primaryimage\"},\"thumbnailUrl\":\"https:\/\/www.eliassen.nl\/wp-content\/uploads\/2024\/01\/keiwaterornamenteivormin2mateneliassennl.jpg\",\"datePublished\":\"2019-10-28T16:59:37+00:00\",\"dateModified\":\"2026-03-27T10:51:04+00:00\",\"description\":\"Ein sehr exklusives eif\u00f6rmiges Wasserornament aus wasserfestem Kunststein. 100 frostbest\u00e4ndig. Erh\u00e4ltlich in 2 Gr\u00f6\u00dfen. Auch LIVE in unserem Shop zu sehen!\",\"breadcrumb\":{\"@id\":\"https:\/\/www.eliassen.nl\/de\/boulder-wasserornament-in-eiform-in-2-grossen\/#breadcrumb\"},\"inLanguage\":\"de\",\"potentialAction\":[{\"@type\":\"ReadAction\",\"target\":[\"https:\/\/www.eliassen.nl\/de\/boulder-wasserornament-in-eiform-in-2-grossen\/\"]}]},{\"@type\":\"ImageObject\",\"inLanguage\":\"de\",\"@id\":\"https:\/\/www.eliassen.nl\/de\/boulder-wasserornament-in-eiform-in-2-grossen\/#primaryimage\",\"url\":\"https:\/\/www.eliassen.nl\/wp-content\/uploads\/2024\/01\/keiwaterornamenteivormin2mateneliassennl.jpg\",\"contentUrl\":\"https:\/\/www.eliassen.nl\/wp-content\/uploads\/2024\/01\/keiwaterornamenteivormin2mateneliassennl.jpg\",\"width\":900,\"height\":1600,\"caption\":\"Boulder Wasser Ornament Ei-Form in 2 Gr\u00f6\u00dfen - Eliassen.nl\"},{\"@type\":\"BreadcrumbList\",\"@id\":\"https:\/\/www.eliassen.nl\/de\/boulder-wasserornament-in-eiform-in-2-grossen\/#breadcrumb\",\"itemListElement\":[{\"@type\":\"ListItem\",\"position\":1,\"name\":\"Home\",\"item\":\"https:\/\/www.eliassen.nl\/de\/\"},{\"@type\":\"ListItem\",\"position\":2,\"name\":\"Shop\",\"item\":\"https:\/\/www.eliassen.nl\/de\/shop\/\"},{\"@type\":\"ListItem\",\"position\":3,\"name\":\"Wasserspiele\",\"item\":\"https:\/\/www.eliassen.nl\/de\/wassereigenschaften\/\"},{\"@type\":\"ListItem\",\"position\":4,\"name\":\"Einzigartige eigene Modelle von losen Wasserspielen\",\"item\":\"https:\/\/www.eliassen.nl\/de\/wassereigenschaften\/einzigartige-eigene-modelle-von-losen-wasserspiele\/\"},{\"@type\":\"ListItem\",\"position\":5,\"name\":\"Boulder Wasserornament in Ei-Form in 2 Gr\u00f6\u00dfen\"}]},{\"@type\":\"WebSite\",\"@id\":\"https:\/\/www.eliassen.nl\/de\/#website\",\"url\":\"https:\/\/www.eliassen.nl\/de\/\",\"name\":\"Eliassen Home & Garden Pleasure\",\"description\":\"\",\"publisher\":{\"@id\":\"https:\/\/www.eliassen.nl\/de\/#organization\"},\"alternateName\":\"Eliassen.nl\",\"potentialAction\":[{\"@type\":\"SearchAction\",\"target\":{\"@type\":\"EntryPoint\",\"urlTemplate\":\"https:\/\/www.eliassen.nl\/de\/?s={search_term_string}\"},\"query-input\":{\"@type\":\"PropertyValueSpecification\",\"valueRequired\":true,\"valueName\":\"search_term_string\"}}],\"inLanguage\":\"de\"},{\"@type\":[\"Organization\",\"Place\"],\"@id\":\"https:\/\/www.eliassen.nl\/de\/#organization\",\"name\":\"Eliassen Home & Garden Pleasure\",\"url\":\"https:\/\/www.eliassen.nl\/de\/\",\"logo\":{\"@id\":\"https:\/\/www.eliassen.nl\/de\/boulder-wasserornament-in-eiform-in-2-grossen\/#local-main-organization-logo\"},\"image\":{\"@id\":\"https:\/\/www.eliassen.nl\/de\/boulder-wasserornament-in-eiform-in-2-grossen\/#local-main-organization-logo\"},\"sameAs\":[\"https:\/\/www.facebook.com\/TuincentrumEliassenAmmerzoden\",\"https:\/\/www.instagram.com\/eliassenhomeandgarden\/\",\"https:\/\/nl.pinterest.com\/eliassenhomeandgarden\/\",\"https:\/\/www.youtube.com\/@eliassenhomegardenpleasure4558\"],\"telephone\":[],\"openingHoursSpecification\":[{\"@type\":\"OpeningHoursSpecification\",\"dayOfWeek\":[\"Monday\",\"Tuesday\",\"Wednesday\",\"Thursday\",\"Friday\",\"Saturday\",\"Sunday\"],\"opens\":\"09:00\",\"closes\":\"17:00\"}]},{\"@type\":\"ImageObject\",\"inLanguage\":\"de\",\"@id\":\"https:\/\/www.eliassen.nl\/de\/boulder-wasserornament-in-eiform-in-2-grossen\/#local-main-organization-logo\",\"url\":\"https:\/\/www.eliassen.nl\/wp-content\/uploads\/2024\/01\/logo_4nd.jpg\",\"contentUrl\":\"https:\/\/www.eliassen.nl\/wp-content\/uploads\/2024\/01\/logo_4nd.jpg\",\"width\":500,\"height\":500,\"caption\":\"Eliassen Home & Garden Pleasure\"}]}<\/script>\n<meta property=\"og:availability\" content=\"instock\" \/>\n<meta property=\"product:availability\" content=\"instock\" \/>\n<meta property=\"product:retailer_item_id\" content=\"Sfef60\" \/>\n<meta property=\"product:condition\" content=\"new\" \/>\n<!-- \/ Yoast SEO Premium plugin. -->","yoast_head_json":{"title":"Boulder Wasser Ornament Ei-Form in 2 Gr\u00f6\u00dfen - Eliassen.nl","description":"Ein sehr exklusives eif\u00f6rmiges Wasserornament aus wasserfestem Kunststein. 100 frostbest\u00e4ndig. Erh\u00e4ltlich in 2 Gr\u00f6\u00dfen. Auch LIVE in unserem Shop zu sehen!","robots":{"index":"index","follow":"follow","max-snippet":"max-snippet:-1","max-image-preview":"max-image-preview:large","max-video-preview":"max-video-preview:-1"},"canonical":"https:\/\/www.eliassen.nl\/de\/boulder-wasserornament-in-eiform-in-2-grossen\/","og_locale":"de_DE","og_type":"article","og_title":"Eliassen Boulder Wasserornament in Ei-Form in 2 Gr\u00f6\u00dfen - Eliassen.nl","og_description":"Ein sehr exklusives eif\u00f6rmiges Wasserornament aus wasserfestem Kunststein. 100 frostbest\u00e4ndig. Erh\u00e4ltlich in 2 Gr\u00f6\u00dfen. Auch LIVE in unserem Shop zu sehen!","og_url":"https:\/\/www.eliassen.nl\/de\/boulder-wasserornament-in-eiform-in-2-grossen\/","og_site_name":"Eliassen.nl","article_publisher":"https:\/\/www.facebook.com\/TuincentrumEliassenAmmerzoden","article_modified_time":"2026-03-27T10:51:04+00:00","og_image":[{"width":900,"height":1600,"url":"https:\/\/www.eliassen.nl\/wp-content\/uploads\/2024\/01\/keiwaterornamenteivormin2mateneliassennl.jpg","type":"image\/jpeg"}],"twitter_card":"summary_large_image","schema":{"@context":"https:\/\/schema.org","@graph":[{"@type":"WebPage","@id":"https:\/\/www.eliassen.nl\/de\/boulder-wasserornament-in-eiform-in-2-grossen\/","url":"https:\/\/www.eliassen.nl\/de\/boulder-wasserornament-in-eiform-in-2-grossen\/","name":"Boulder Wasser Ornament Ei-Form in 2 Gr\u00f6\u00dfen - Eliassen.nl","isPartOf":{"@id":"https:\/\/www.eliassen.nl\/de\/#website"},"primaryImageOfPage":{"@id":"https:\/\/www.eliassen.nl\/de\/boulder-wasserornament-in-eiform-in-2-grossen\/#primaryimage"},"image":{"@id":"https:\/\/www.eliassen.nl\/de\/boulder-wasserornament-in-eiform-in-2-grossen\/#primaryimage"},"thumbnailUrl":"https:\/\/www.eliassen.nl\/wp-content\/uploads\/2024\/01\/keiwaterornamenteivormin2mateneliassennl.jpg","datePublished":"2019-10-28T16:59:37+00:00","dateModified":"2026-03-27T10:51:04+00:00","description":"Ein sehr exklusives eif\u00f6rmiges Wasserornament aus wasserfestem Kunststein. 100 frostbest\u00e4ndig. Erh\u00e4ltlich in 2 Gr\u00f6\u00dfen. Auch LIVE in unserem Shop zu sehen!","breadcrumb":{"@id":"https:\/\/www.eliassen.nl\/de\/boulder-wasserornament-in-eiform-in-2-grossen\/#breadcrumb"},"inLanguage":"de","potentialAction":[{"@type":"ReadAction","target":["https:\/\/www.eliassen.nl\/de\/boulder-wasserornament-in-eiform-in-2-grossen\/"]}]},{"@type":"ImageObject","inLanguage":"de","@id":"https:\/\/www.eliassen.nl\/de\/boulder-wasserornament-in-eiform-in-2-grossen\/#primaryimage","url":"https:\/\/www.eliassen.nl\/wp-content\/uploads\/2024\/01\/keiwaterornamenteivormin2mateneliassennl.jpg","contentUrl":"https:\/\/www.eliassen.nl\/wp-content\/uploads\/2024\/01\/keiwaterornamenteivormin2mateneliassennl.jpg","width":900,"height":1600,"caption":"Boulder Wasser Ornament Ei-Form in 2 Gr\u00f6\u00dfen - Eliassen.nl"},{"@type":"BreadcrumbList","@id":"https:\/\/www.eliassen.nl\/de\/boulder-wasserornament-in-eiform-in-2-grossen\/#breadcrumb","itemListElement":[{"@type":"ListItem","position":1,"name":"Home","item":"https:\/\/www.eliassen.nl\/de\/"},{"@type":"ListItem","position":2,"name":"Shop","item":"https:\/\/www.eliassen.nl\/de\/shop\/"},{"@type":"ListItem","position":3,"name":"Wasserspiele","item":"https:\/\/www.eliassen.nl\/de\/wassereigenschaften\/"},{"@type":"ListItem","position":4,"name":"Einzigartige eigene Modelle von losen Wasserspielen","item":"https:\/\/www.eliassen.nl\/de\/wassereigenschaften\/einzigartige-eigene-modelle-von-losen-wasserspiele\/"},{"@type":"ListItem","position":5,"name":"Boulder Wasserornament in Ei-Form in 2 Gr\u00f6\u00dfen"}]},{"@type":"WebSite","@id":"https:\/\/www.eliassen.nl\/de\/#website","url":"https:\/\/www.eliassen.nl\/de\/","name":"Eliassen Home & Garden Pleasure","description":"","publisher":{"@id":"https:\/\/www.eliassen.nl\/de\/#organization"},"alternateName":"Eliassen.nl","potentialAction":[{"@type":"SearchAction","target":{"@type":"EntryPoint","urlTemplate":"https:\/\/www.eliassen.nl\/de\/?s={search_term_string}"},"query-input":{"@type":"PropertyValueSpecification","valueRequired":true,"valueName":"search_term_string"}}],"inLanguage":"de"},{"@type":["Organization","Place"],"@id":"https:\/\/www.eliassen.nl\/de\/#organization","name":"Eliassen Home & Garden Pleasure","url":"https:\/\/www.eliassen.nl\/de\/","logo":{"@id":"https:\/\/www.eliassen.nl\/de\/boulder-wasserornament-in-eiform-in-2-grossen\/#local-main-organization-logo"},"image":{"@id":"https:\/\/www.eliassen.nl\/de\/boulder-wasserornament-in-eiform-in-2-grossen\/#local-main-organization-logo"},"sameAs":["https:\/\/www.facebook.com\/TuincentrumEliassenAmmerzoden","https:\/\/www.instagram.com\/eliassenhomeandgarden\/","https:\/\/nl.pinterest.com\/eliassenhomeandgarden\/","https:\/\/www.youtube.com\/@eliassenhomegardenpleasure4558"],"telephone":[],"openingHoursSpecification":[{"@type":"OpeningHoursSpecification","dayOfWeek":["Monday","Tuesday","Wednesday","Thursday","Friday","Saturday","Sunday"],"opens":"09:00","closes":"17:00"}]},{"@type":"ImageObject","inLanguage":"de","@id":"https:\/\/www.eliassen.nl\/de\/boulder-wasserornament-in-eiform-in-2-grossen\/#local-main-organization-logo","url":"https:\/\/www.eliassen.nl\/wp-content\/uploads\/2024\/01\/logo_4nd.jpg","contentUrl":"https:\/\/www.eliassen.nl\/wp-content\/uploads\/2024\/01\/logo_4nd.jpg","width":500,"height":500,"caption":"Eliassen Home & Garden Pleasure"}]},"og_availability":"instock","product_availability":"instock","product_retailer_item_id":"Sfef60","product_condition":"new"},"df_price":1495,"df_sale_price":"","df_regular_price":1495,"df_image_link":"https:\/\/www.eliassen.nl\/wp-content\/uploads\/2024\/01\/keiwaterornamenteivormin2mateneliassennl.jpg","image":"https:\/\/www.eliassen.nl\/wp-content\/uploads\/2024\/01\/keiwaterornamenteivormin2mateneliassennl.jpg","price_search":"<span class=\"woocommerce-Price-amount amount\"><bdi><span class=\"woocommerce-Price-currencySymbol\">&euro;<\/span>&nbsp;1.495,00<\/bdi><\/span>","category":"Einzigartige eigene Modelle von losen Wasserspielen","global_unique_id":"6013805371361","_links":{"self":[{"href":"https:\/\/www.eliassen.nl\/de\/wp-json\/wp\/v2\/product\/128693","targetHints":{"allow":["GET"]}}],"collection":[{"href":"https:\/\/www.eliassen.nl\/de\/wp-json\/wp\/v2\/product"}],"about":[{"href":"https:\/\/www.eliassen.nl\/de\/wp-json\/wp\/v2\/types\/product"}],"wp:featuredmedia":[{"embeddable":true,"href":"https:\/\/www.eliassen.nl\/de\/wp-json\/wp\/v2\/media\/9745"}],"wp:attachment":[{"href":"https:\/\/www.eliassen.nl\/de\/wp-json\/wp\/v2\/media?parent=128693"}],"wp:term":[{"taxonomy":"product_brand","embeddable":true,"href":"https:\/\/www.eliassen.nl\/de\/wp-json\/wp\/v2\/product_brand?post=128693"},{"taxonomy":"product_cat","embeddable":true,"href":"https:\/\/www.eliassen.nl\/de\/wp-json\/wp\/v2\/product_cat?post=128693"},{"taxonomy":"product_tag","embeddable":true,"href":"https:\/\/www.eliassen.nl\/de\/wp-json\/wp\/v2\/product_tag?post=128693"}],"curies":[{"name":"wp","href":"https:\/\/api.w.org\/{rel}","templated":true}]}}