{"id":128638,"date":"2019-10-28T16:47:35","date_gmt":"2019-10-28T16:47:35","guid":{"rendered":"https:\/\/www.eliassen.nl\/?product=hohe-vase-kota-130cm-hochglanz-in-2-farben-copy"},"modified":"2026-02-23T09:04:38","modified_gmt":"2026-02-23T08:04:38","slug":"hohe-vase-tako-120cm-hochglanzschwarz","status":"publish","type":"product","link":"https:\/\/www.eliassen.nl\/de\/hohe-vase-tako-120cm-hochglanzschwarz\/","title":{"rendered":"Hohe Vase Tako 120cm Hochglanz schwarz"},"content":{"rendered":"<p>Bringen Sie pure Sch\u00f6nheit in Ihr Haus oder Ihren Garten mit dieser 120 cm hohen modernen schwarzen Hochglanzvase.<\/p>\n<p>Gefertigt aus felsenfestem Fibrestone, wundersch\u00f6n verarbeitet mit einem superstarken, gl\u00e4nzenden Hochglanzlack von h\u00f6chster Qualit\u00e4t. Fiberstone wird aus zerkleinertem Naturstein hergestellt, der mit Polyester-Epoxidharz gemischt und mit Glasfasermatten verst\u00e4rkt wird. Diese Serie von Vasen und Gef\u00e4\u00dfen ist f\u00fcr den Innen- und Au\u00dfenbereich geeignet.<\/p>\n<p><strong>Diese Serie k\u00f6nnen Sie sich auch in unserem Shop ansehen.<\/strong><\/p>\n<ul>\n<li><span style=\"color: #000000\">Gr\u00f6\u00dfe: 44x120cm hoch<\/span><\/li>\n<li>Nur f\u00fcr den Innenbereich geeignet, da er umbl\u00e4st<\/li>\n<li>Eigene Aktie<\/li>\n<li>3 Jahre Garantie, externe Sch\u00e4den ausgeschlossen<\/li>\n<li>UV-best\u00e4ndig<\/li>\n<li>Eigene Aktie<\/li>\n<li>Schnelle Lieferung<\/li>\n<li>Verpackt in stabilem Karton<\/li>\n<\/ul>\n","protected":false},"excerpt":{"rendered":"<p>Sehr stilvolle moderne gro\u00dfe Vase<\/p>\n","protected":false},"featured_media":9565,"template":"","meta":{"_acf_changed":false,"_genesis_title":"","_genesis_description":""},"product_brand":[7505],"product_cat":[722,740,725],"product_tag":[7298],"class_list":{"0":"post-128638","1":"product","2":"type-product","3":"status-publish","4":"has-post-thumbnail","6":"product_brand-sonstige","7":"product_cat-blumentoepfe-und-pflanzgefaesse","8":"product_cat-pflanzkuebel-fuer-den-aussenbereich-gross-leicht","9":"product_cat-vasen-und-toepfe-im-modernen-design","10":"product_tag-groser-kunststoff","12":"first","13":"instock","14":"taxable","15":"shipping-taxable","16":"purchasable","17":"product-type-variable"},"acf":[],"meta_all":{"total_sales":"0","wcml_sync_hash":{"postmeta_fields":"892ab5b82ab25ea798f9075f15086285"},"attr_label_translations":[],"cor_restricted_countries":[]},"meta_all_flat":{"total_sales":"0","wcml_sync_hash.postmeta_fields":"892ab5b82ab25ea798f9075f15086285"},"yoast_head":"<!-- This site is optimized with the Yoast SEO Premium plugin v26.2 (Yoast SEO v27.2) - https:\/\/yoast.com\/product\/yoast-seo-premium-wordpress\/ -->\n<title>Hohe Vase Tako 120 cm Hochglanz schwarz - Eliassen.nl<\/title>\n<meta name=\"description\" content=\"Hohe Vase 130 cm in Hochglanz. Dieser hohe Topf ist in Schwarz erh\u00e4ltlich. Diese hochgl\u00e4nzenden Vasen sind aus felsenfestem Faserstein gefertigt.\" \/>\n<meta name=\"robots\" content=\"index, follow, max-snippet:-1, max-image-preview:large, max-video-preview:-1\" \/>\n<link rel=\"canonical\" href=\"https:\/\/www.eliassen.nl\/de\/hohe-vase-tako-120cm-hochglanzschwarz\/\" \/>\n<meta property=\"og:locale\" content=\"de_DE\" \/>\n<meta property=\"og:type\" content=\"article\" \/>\n<meta property=\"og:title\" content=\"Sonstige Hohe Vase Tako 120cm Hochglanz schwarz - Eliassen.nl\" \/>\n<meta property=\"og:description\" content=\"Hohe Vase 130 cm in Hochglanz. Dieser hohe Topf ist in Schwarz erh\u00e4ltlich. Diese hochgl\u00e4nzenden Vasen sind aus felsenfestem Faserstein gefertigt.\" \/>\n<meta property=\"og:url\" content=\"https:\/\/www.eliassen.nl\/de\/hohe-vase-tako-120cm-hochglanzschwarz\/\" \/>\n<meta property=\"og:site_name\" content=\"Eliassen.nl\" \/>\n<meta property=\"article:publisher\" content=\"https:\/\/www.facebook.com\/TuincentrumEliassenAmmerzoden\" \/>\n<meta property=\"article:modified_time\" content=\"2026-02-23T08:04:38+00:00\" \/>\n<meta property=\"og:image\" content=\"https:\/\/www.eliassen.nl\/wp-content\/uploads\/2024\/01\/hogevaastako120cmhoogglansin2kleuren.jpg\" \/>\n\t<meta property=\"og:image:width\" content=\"576\" \/>\n\t<meta property=\"og:image:height\" content=\"1024\" \/>\n\t<meta property=\"og:image:type\" content=\"image\/jpeg\" \/>\n<meta name=\"twitter:card\" content=\"summary_large_image\" \/>\n<script type=\"application\/ld+json\" class=\"yoast-schema-graph\">{\"@context\":\"https:\/\/schema.org\",\"@graph\":[{\"@type\":\"WebPage\",\"@id\":\"https:\/\/www.eliassen.nl\/de\/hohe-vase-tako-120cm-hochglanzschwarz\/\",\"url\":\"https:\/\/www.eliassen.nl\/de\/hohe-vase-tako-120cm-hochglanzschwarz\/\",\"name\":\"Hohe Vase Tako 120 cm Hochglanz schwarz - Eliassen.nl\",\"isPartOf\":{\"@id\":\"https:\/\/www.eliassen.nl\/de\/#website\"},\"primaryImageOfPage\":{\"@id\":\"https:\/\/www.eliassen.nl\/de\/hohe-vase-tako-120cm-hochglanzschwarz\/#primaryimage\"},\"image\":{\"@id\":\"https:\/\/www.eliassen.nl\/de\/hohe-vase-tako-120cm-hochglanzschwarz\/#primaryimage\"},\"thumbnailUrl\":\"https:\/\/www.eliassen.nl\/wp-content\/uploads\/2024\/01\/hogevaastako120cmhoogglansin2kleuren.jpg\",\"datePublished\":\"2019-10-28T16:47:35+00:00\",\"dateModified\":\"2026-02-23T08:04:38+00:00\",\"description\":\"Hohe Vase 130 cm in Hochglanz. Dieser hohe Topf ist in Schwarz erh\u00e4ltlich. Diese hochgl\u00e4nzenden Vasen sind aus felsenfestem Faserstein gefertigt.\",\"breadcrumb\":{\"@id\":\"https:\/\/www.eliassen.nl\/de\/hohe-vase-tako-120cm-hochglanzschwarz\/#breadcrumb\"},\"inLanguage\":\"de\",\"potentialAction\":[{\"@type\":\"ReadAction\",\"target\":[\"https:\/\/www.eliassen.nl\/de\/hohe-vase-tako-120cm-hochglanzschwarz\/\"]}]},{\"@type\":\"ImageObject\",\"inLanguage\":\"de\",\"@id\":\"https:\/\/www.eliassen.nl\/de\/hohe-vase-tako-120cm-hochglanzschwarz\/#primaryimage\",\"url\":\"https:\/\/www.eliassen.nl\/wp-content\/uploads\/2024\/01\/hogevaastako120cmhoogglansin2kleuren.jpg\",\"contentUrl\":\"https:\/\/www.eliassen.nl\/wp-content\/uploads\/2024\/01\/hogevaastako120cmhoogglansin2kleuren.jpg\",\"width\":576,\"height\":1024,\"caption\":\"tall-vase-tako-120cm-hoch-gl\u00e4nzend-in-2-farben\"},{\"@type\":\"BreadcrumbList\",\"@id\":\"https:\/\/www.eliassen.nl\/de\/hohe-vase-tako-120cm-hochglanzschwarz\/#breadcrumb\",\"itemListElement\":[{\"@type\":\"ListItem\",\"position\":1,\"name\":\"Home\",\"item\":\"https:\/\/www.eliassen.nl\/de\/\"},{\"@type\":\"ListItem\",\"position\":2,\"name\":\"Shop\",\"item\":\"https:\/\/www.eliassen.nl\/de\/shop\/\"},{\"@type\":\"ListItem\",\"position\":3,\"name\":\"Blument\u00f6pfe und Pflanzgef\u00e4\u00dfe\",\"item\":\"https:\/\/www.eliassen.nl\/de\/blumentoepfe-und-pflanzgefaesse\/\"},{\"@type\":\"ListItem\",\"position\":4,\"name\":\"Pflanzk\u00fcbel f\u00fcr den Au\u00dfenbereich gro\u00df leicht\",\"item\":\"https:\/\/www.eliassen.nl\/de\/blumentoepfe-und-pflanzgefaesse\/pflanzkuebel-fuer-den-aussenbereich-gross-leicht\/\"},{\"@type\":\"ListItem\",\"position\":5,\"name\":\"Hohe Vase Tako 120cm Hochglanz schwarz\"}]},{\"@type\":\"WebSite\",\"@id\":\"https:\/\/www.eliassen.nl\/de\/#website\",\"url\":\"https:\/\/www.eliassen.nl\/de\/\",\"name\":\"Eliassen Home & Garden Pleasure\",\"description\":\"\",\"publisher\":{\"@id\":\"https:\/\/www.eliassen.nl\/de\/#organization\"},\"alternateName\":\"Eliassen.nl\",\"potentialAction\":[{\"@type\":\"SearchAction\",\"target\":{\"@type\":\"EntryPoint\",\"urlTemplate\":\"https:\/\/www.eliassen.nl\/de\/?s={search_term_string}\"},\"query-input\":{\"@type\":\"PropertyValueSpecification\",\"valueRequired\":true,\"valueName\":\"search_term_string\"}}],\"inLanguage\":\"de\"},{\"@type\":[\"Organization\",\"Place\"],\"@id\":\"https:\/\/www.eliassen.nl\/de\/#organization\",\"name\":\"Eliassen Home & Garden Pleasure\",\"url\":\"https:\/\/www.eliassen.nl\/de\/\",\"logo\":{\"@id\":\"https:\/\/www.eliassen.nl\/de\/hohe-vase-tako-120cm-hochglanzschwarz\/#local-main-organization-logo\"},\"image\":{\"@id\":\"https:\/\/www.eliassen.nl\/de\/hohe-vase-tako-120cm-hochglanzschwarz\/#local-main-organization-logo\"},\"sameAs\":[\"https:\/\/www.facebook.com\/TuincentrumEliassenAmmerzoden\",\"https:\/\/www.instagram.com\/eliassenhomeandgarden\/\",\"https:\/\/nl.pinterest.com\/eliassenhomeandgarden\/\",\"https:\/\/www.youtube.com\/@eliassenhomegardenpleasure4558\"],\"telephone\":[],\"openingHoursSpecification\":[{\"@type\":\"OpeningHoursSpecification\",\"dayOfWeek\":[\"Monday\",\"Tuesday\",\"Wednesday\",\"Thursday\",\"Friday\",\"Saturday\",\"Sunday\"],\"opens\":\"09:00\",\"closes\":\"17:00\"}]},{\"@type\":\"ImageObject\",\"inLanguage\":\"de\",\"@id\":\"https:\/\/www.eliassen.nl\/de\/hohe-vase-tako-120cm-hochglanzschwarz\/#local-main-organization-logo\",\"url\":\"https:\/\/www.eliassen.nl\/wp-content\/uploads\/2024\/01\/logo_4nd.jpg\",\"contentUrl\":\"https:\/\/www.eliassen.nl\/wp-content\/uploads\/2024\/01\/logo_4nd.jpg\",\"width\":500,\"height\":500,\"caption\":\"Eliassen Home & Garden Pleasure\"}]}<\/script>\n<meta property=\"og:availability\" content=\"instock\" \/>\n<meta property=\"product:availability\" content=\"instock\" \/>\n<meta property=\"product:retailer_item_id\" content=\"9334-s-002\" \/>\n<meta property=\"product:condition\" content=\"new\" \/>\n<!-- \/ Yoast SEO Premium plugin. -->","yoast_head_json":{"title":"Hohe Vase Tako 120 cm Hochglanz schwarz - Eliassen.nl","description":"Hohe Vase 130 cm in Hochglanz. Dieser hohe Topf ist in Schwarz erh\u00e4ltlich. Diese hochgl\u00e4nzenden Vasen sind aus felsenfestem Faserstein gefertigt.","robots":{"index":"index","follow":"follow","max-snippet":"max-snippet:-1","max-image-preview":"max-image-preview:large","max-video-preview":"max-video-preview:-1"},"canonical":"https:\/\/www.eliassen.nl\/de\/hohe-vase-tako-120cm-hochglanzschwarz\/","og_locale":"de_DE","og_type":"article","og_title":"Sonstige Hohe Vase Tako 120cm Hochglanz schwarz - Eliassen.nl","og_description":"Hohe Vase 130 cm in Hochglanz. Dieser hohe Topf ist in Schwarz erh\u00e4ltlich. Diese hochgl\u00e4nzenden Vasen sind aus felsenfestem Faserstein gefertigt.","og_url":"https:\/\/www.eliassen.nl\/de\/hohe-vase-tako-120cm-hochglanzschwarz\/","og_site_name":"Eliassen.nl","article_publisher":"https:\/\/www.facebook.com\/TuincentrumEliassenAmmerzoden","article_modified_time":"2026-02-23T08:04:38+00:00","og_image":[{"width":576,"height":1024,"url":"https:\/\/www.eliassen.nl\/wp-content\/uploads\/2024\/01\/hogevaastako120cmhoogglansin2kleuren.jpg","type":"image\/jpeg"}],"twitter_card":"summary_large_image","schema":{"@context":"https:\/\/schema.org","@graph":[{"@type":"WebPage","@id":"https:\/\/www.eliassen.nl\/de\/hohe-vase-tako-120cm-hochglanzschwarz\/","url":"https:\/\/www.eliassen.nl\/de\/hohe-vase-tako-120cm-hochglanzschwarz\/","name":"Hohe Vase Tako 120 cm Hochglanz schwarz - Eliassen.nl","isPartOf":{"@id":"https:\/\/www.eliassen.nl\/de\/#website"},"primaryImageOfPage":{"@id":"https:\/\/www.eliassen.nl\/de\/hohe-vase-tako-120cm-hochglanzschwarz\/#primaryimage"},"image":{"@id":"https:\/\/www.eliassen.nl\/de\/hohe-vase-tako-120cm-hochglanzschwarz\/#primaryimage"},"thumbnailUrl":"https:\/\/www.eliassen.nl\/wp-content\/uploads\/2024\/01\/hogevaastako120cmhoogglansin2kleuren.jpg","datePublished":"2019-10-28T16:47:35+00:00","dateModified":"2026-02-23T08:04:38+00:00","description":"Hohe Vase 130 cm in Hochglanz. Dieser hohe Topf ist in Schwarz erh\u00e4ltlich. Diese hochgl\u00e4nzenden Vasen sind aus felsenfestem Faserstein gefertigt.","breadcrumb":{"@id":"https:\/\/www.eliassen.nl\/de\/hohe-vase-tako-120cm-hochglanzschwarz\/#breadcrumb"},"inLanguage":"de","potentialAction":[{"@type":"ReadAction","target":["https:\/\/www.eliassen.nl\/de\/hohe-vase-tako-120cm-hochglanzschwarz\/"]}]},{"@type":"ImageObject","inLanguage":"de","@id":"https:\/\/www.eliassen.nl\/de\/hohe-vase-tako-120cm-hochglanzschwarz\/#primaryimage","url":"https:\/\/www.eliassen.nl\/wp-content\/uploads\/2024\/01\/hogevaastako120cmhoogglansin2kleuren.jpg","contentUrl":"https:\/\/www.eliassen.nl\/wp-content\/uploads\/2024\/01\/hogevaastako120cmhoogglansin2kleuren.jpg","width":576,"height":1024,"caption":"tall-vase-tako-120cm-hoch-gl\u00e4nzend-in-2-farben"},{"@type":"BreadcrumbList","@id":"https:\/\/www.eliassen.nl\/de\/hohe-vase-tako-120cm-hochglanzschwarz\/#breadcrumb","itemListElement":[{"@type":"ListItem","position":1,"name":"Home","item":"https:\/\/www.eliassen.nl\/de\/"},{"@type":"ListItem","position":2,"name":"Shop","item":"https:\/\/www.eliassen.nl\/de\/shop\/"},{"@type":"ListItem","position":3,"name":"Blument\u00f6pfe und Pflanzgef\u00e4\u00dfe","item":"https:\/\/www.eliassen.nl\/de\/blumentoepfe-und-pflanzgefaesse\/"},{"@type":"ListItem","position":4,"name":"Pflanzk\u00fcbel f\u00fcr den Au\u00dfenbereich gro\u00df leicht","item":"https:\/\/www.eliassen.nl\/de\/blumentoepfe-und-pflanzgefaesse\/pflanzkuebel-fuer-den-aussenbereich-gross-leicht\/"},{"@type":"ListItem","position":5,"name":"Hohe Vase Tako 120cm Hochglanz schwarz"}]},{"@type":"WebSite","@id":"https:\/\/www.eliassen.nl\/de\/#website","url":"https:\/\/www.eliassen.nl\/de\/","name":"Eliassen Home & Garden Pleasure","description":"","publisher":{"@id":"https:\/\/www.eliassen.nl\/de\/#organization"},"alternateName":"Eliassen.nl","potentialAction":[{"@type":"SearchAction","target":{"@type":"EntryPoint","urlTemplate":"https:\/\/www.eliassen.nl\/de\/?s={search_term_string}"},"query-input":{"@type":"PropertyValueSpecification","valueRequired":true,"valueName":"search_term_string"}}],"inLanguage":"de"},{"@type":["Organization","Place"],"@id":"https:\/\/www.eliassen.nl\/de\/#organization","name":"Eliassen Home & Garden Pleasure","url":"https:\/\/www.eliassen.nl\/de\/","logo":{"@id":"https:\/\/www.eliassen.nl\/de\/hohe-vase-tako-120cm-hochglanzschwarz\/#local-main-organization-logo"},"image":{"@id":"https:\/\/www.eliassen.nl\/de\/hohe-vase-tako-120cm-hochglanzschwarz\/#local-main-organization-logo"},"sameAs":["https:\/\/www.facebook.com\/TuincentrumEliassenAmmerzoden","https:\/\/www.instagram.com\/eliassenhomeandgarden\/","https:\/\/nl.pinterest.com\/eliassenhomeandgarden\/","https:\/\/www.youtube.com\/@eliassenhomegardenpleasure4558"],"telephone":[],"openingHoursSpecification":[{"@type":"OpeningHoursSpecification","dayOfWeek":["Monday","Tuesday","Wednesday","Thursday","Friday","Saturday","Sunday"],"opens":"09:00","closes":"17:00"}]},{"@type":"ImageObject","inLanguage":"de","@id":"https:\/\/www.eliassen.nl\/de\/hohe-vase-tako-120cm-hochglanzschwarz\/#local-main-organization-logo","url":"https:\/\/www.eliassen.nl\/wp-content\/uploads\/2024\/01\/logo_4nd.jpg","contentUrl":"https:\/\/www.eliassen.nl\/wp-content\/uploads\/2024\/01\/logo_4nd.jpg","width":500,"height":500,"caption":"Eliassen Home & Garden Pleasure"}]},"og_availability":"instock","product_availability":"instock","product_retailer_item_id":"9334-s-002","product_condition":"new"},"df_price":239,"df_sale_price":"","df_regular_price":239,"df_image_link":"https:\/\/www.eliassen.nl\/wp-content\/uploads\/2024\/01\/hogevaastako120cmhoogglansin2kleuren.jpg","image":"https:\/\/www.eliassen.nl\/wp-content\/uploads\/2024\/01\/hogevaastako120cmhoogglansin2kleuren.jpg","price_search":"<span class=\"woocommerce-Price-amount amount\"><bdi><span class=\"woocommerce-Price-currencySymbol\">&euro;<\/span>&nbsp;239,00<\/bdi><\/span>","category":"Blument\u00f6pfe und Pflanzgef\u00e4\u00dfe","global_unique_id":"7438235668659","_links":{"self":[{"href":"https:\/\/www.eliassen.nl\/de\/wp-json\/wp\/v2\/product\/128638","targetHints":{"allow":["GET"]}}],"collection":[{"href":"https:\/\/www.eliassen.nl\/de\/wp-json\/wp\/v2\/product"}],"about":[{"href":"https:\/\/www.eliassen.nl\/de\/wp-json\/wp\/v2\/types\/product"}],"wp:featuredmedia":[{"embeddable":true,"href":"https:\/\/www.eliassen.nl\/de\/wp-json\/wp\/v2\/media\/9565"}],"wp:attachment":[{"href":"https:\/\/www.eliassen.nl\/de\/wp-json\/wp\/v2\/media?parent=128638"}],"wp:term":[{"taxonomy":"product_brand","embeddable":true,"href":"https:\/\/www.eliassen.nl\/de\/wp-json\/wp\/v2\/product_brand?post=128638"},{"taxonomy":"product_cat","embeddable":true,"href":"https:\/\/www.eliassen.nl\/de\/wp-json\/wp\/v2\/product_cat?post=128638"},{"taxonomy":"product_tag","embeddable":true,"href":"https:\/\/www.eliassen.nl\/de\/wp-json\/wp\/v2\/product_tag?post=128638"}],"curies":[{"name":"wp","href":"https:\/\/api.w.org\/{rel}","templated":true}]}}